
{"id":12624,"date":"2020-12-15T00:28:54","date_gmt":"2020-12-15T00:28:54","guid":{"rendered":"https:\/\/www.canadiancasinos.ca\/?page_id=12624"},"modified":"2020-12-15T00:28:54","modified_gmt":"2020-12-15T00:28:54","slug":"what-is-a-pick-3-bet","status":"publish","type":"page","link":"https:\/\/casinolion.ca\/fr\/how-to-bet-on-horse-racing-online\/what-is-a-pick-3-bet\/","title":{"rendered":"Qu'est-ce qu'un pari Pick 3 ?"},"content":{"rendered":"<h2>Qu'est-ce qu'un pari Pick 3 ? - Comment placer un pari Pick 3 sur les courses de chevaux ?<\/h2>\n<p>Le pari Pick 3 est l'un des paris horizontaux multi-courses les plus populaires ces derniers temps, car il peut offrir des r\u00e9compenses lucratives aux parieurs qui parviennent \u00e0 le remporter.<\/p>\n<p>L'objectif principal d'un pari Pick 3 est de s\u00e9lectionner trois gagnants dans trois courses cons\u00e9cutives. Si vous y parvenez, vous recevrez un paiement d\u00e9cent.<\/p>\n<p>Les chances de r\u00e9ussir un pari Pick 3 sont faibles, car il est souvent difficile de pr\u00e9dire les gagnants de courses cons\u00e9cutives. N\u00e9anmoins, les paris horizontaux sont amusants \u00e0 jouer et permettent aux parieurs d'appr\u00e9cier encore plus les courses de chevaux.<\/p>\n<h2>Comment faire un pari Pick 3 ?<\/h2>\n<p>Le pari est assez explicite : les parieurs doivent choisir les gagnants de trois courses d'affil\u00e9e et leur donner raison pour \u00eatre pay\u00e9s.<\/p>\n<p>Ils doivent placer une mise sur ces courses avant que la premi\u00e8re ne commence. La mise minimale d\u00e9pend principalement du site de paris que vous choisissez, mais elle peut aller de $0,01 \u00e0 $2.<\/p>\n<p>Le plus int\u00e9ressant, c'est que vous pouvez parier sur plus d'une s\u00e9lection par course. Par exemple, vous pouvez parier sur deux chevaux dans la course 3, mais sur un seul cheval dans les courses 1 et 2.<\/p>\n<p>Si vous voulez parier $5 sur votre pari Pick 3, cela ressemblera \u00e0 ceci : $5 Pick 3 - Cheval 1 \/ Cheval 2 \/ Cheval 3, Cheval 4. Bien s\u00fbr, au lieu de \u201ccheval\u201d, vous verrez leurs noms.<\/p>\n<p>Cependant, il est important de pr\u00e9ciser que vous ferez deux paris distincts pour le cheval 3 et le cheval 4. En d'autres termes, si vous avez raison pour le cheval 1 et le cheval 2, vous gagnerez le pari si le cheval 3 ou le cheval 4 remporte la derni\u00e8re course.<\/p>\n<p>Nous devons \u00e9galement mentionner que les paris Pick 3 ne sont pas aussi lucratifs que certains paris multi-courses plus longs. N\u00e9anmoins, si vous les jouez bien et que vous faites une supposition correcte, vous pouvez recevoir un paiement d\u00e9cent.<\/p>\n<h2>Meilleure strat\u00e9gie pour les paris Pick 3<\/h2>\n<p>On peut dire que les paris Pick 3 ne n\u00e9cessitent pas de strat\u00e9gie sp\u00e9cifique pour augmenter vos chances. Le mieux que vous puissiez faire est de conna\u00eetre vos chevaux et de comprendre comment se d\u00e9rouleront les courses \u00e0 venir.<\/p>\n<p>Cependant, il existe quelques conseils et astuces que vous pouvez prendre en consid\u00e9ration.<\/p>\n<p>Tout d'abord, les paris Pick 3 peuvent avoir des gains faibles si vous misez sur les favoris \u00e0 chaque fois. Imaginez que vous pariez sur trois courses o\u00f9 les favoris ont chacun une cote de 1,10. Dans ce cas, vous recevrez $13.3 si vous misez $10, et ce n'est pas un paiement fructueux. Vous devriez plut\u00f4t prendre un risque plus important si vous voulez faire des b\u00e9n\u00e9fices \u00e0 long terme.<\/p>\n<p>L'alternative est d'\u00eatre pr\u00eat \u00e0 investir plus d'argent et \u00e0 faire des paris plus \u00e9lev\u00e9s lorsque vous faites des paris Pick 3.<\/p>\n<p>Enfin, les paris Pick 3 vous obligent \u00e9galement \u00e0 trouver de la valeur dans des pr\u00e9tendants qui peuvent avoir \u00e9t\u00e9 n\u00e9glig\u00e9s par les sites de paris sportifs. En d'autres termes, si vous \u00eates s\u00fbr qu'un cheval a de bonnes chances de gagner bien qu'il ne soit pas consid\u00e9r\u00e9 comme un favori, c'est votre meilleur pari.<\/p>\n<p>Comment trouver un tel cheval ? Cela n\u00e9cessite des recherches approfondies, alors assurez-vous d'examiner leur \u00e9tat g\u00e9n\u00e9ral, leur \u00e2ge, leur endurance, leurs courses pass\u00e9es, et bien plus encore. Une fois que vous aurez suffisamment d'informations sur les pr\u00e9tendants, vous pourrez peut-\u00eatre faire une d\u00e9duction profitable et l'incorporer dans votre strat\u00e9gie Pick 3.<\/p>\n<h2>Principaux avantages des paris Pick 3<\/h2>\n<p>Le Pick 3 pr\u00e9sente un l\u00e9ger avantage par rapport aux paris multi-courses plus longs, tels que le Pick 4, le Pick 5 et d'autres, car vous pouvez le faire plusieurs fois par jour. \u00c9tant donn\u00e9 que les paris multi-courses s'appliquent \u00e0 des courses cons\u00e9cutives, vous ne trouverez qu'un ou deux paris multi-courses impliquant plus de trois s\u00e9lections.<\/p>\n<p>Il existe donc plusieurs s\u00e9quences de trois courses, et vous pouvez choisir celle qui vous inspire le plus confiance. D'un autre c\u00f4t\u00e9, les parieurs sur Pick 3, 4 et 6 sont g\u00e9n\u00e9ralement oblig\u00e9s de choisir une ou deux s\u00e9quences par jour, ce qui n'est pas tr\u00e8s amusant si vous n'\u00eates pas s\u00fbr du r\u00e9sultat de chaque course.<\/p>\n<p>Le pari Pick 3 est id\u00e9al pour les parieurs sur les courses de chevaux qui n'ont pas beaucoup d'exp\u00e9rience, mais qui souhaitent tout de m\u00eame aller plus loin dans l'exploration des paris disponibles.<\/p>\n<h2>Alternatives aux paris Pick 3<\/h2>\n<p>Une fois que vous vous sentez suffisamment en confiance avec le Pick 3, vous pouvez augmenter votre risque en testant les paris Pick 4, 5 et 6. Ces paris sont beaucoup plus r\u00e9mun\u00e9rateurs si vous avez raison, mais la probabilit\u00e9 d'y parvenir est beaucoup plus faible. En d'autres termes, il est plus compliqu\u00e9 de deviner les gagnants de six courses cons\u00e9cutives que de deviner les gagnants de trois courses.<\/p>\n<p>Si les paris sur plusieurs courses ne vous conviennent pas, vous pouvez explorer un large \u00e9ventail d'autres paris disponibles sur les courses de chevaux. Apr\u00e8s tout, c'est le sport qui offre le plus large \u00e9ventail de paris potentiels.<\/p>","protected":false},"excerpt":{"rendered":"<p>Qu'est-ce qu'un pari Pick 3 ? - Comment placer un pari Pick 3 sur les courses de chevaux Le pari Pick 3 est l'un des paris horizontaux multi-courses qui a \u00e9t\u00e9 assez populaire ces derniers temps car il peut offrir des r\u00e9compenses lucratives aux parieurs qui parviennent \u00e0 le gagner. L'objectif principal d'un pari Pick 3 [...]<\/p>","protected":false},"author":1,"featured_media":0,"parent":12617,"menu_order":0,"comment_status":"closed","ping_status":"closed","template":"","meta":{"_acf_changed":false,"footnotes":""},"class_list":["post-12624","page","type-page","status-publish","hentry"],"acf":[],"yoast_head":"<!-- This site is optimized with the Yoast SEO plugin v26.1.1 - https:\/\/yoast.com\/wordpress\/plugins\/seo\/ -->\n<title>What Is a Pick 3 Bet?<\/title>\n<meta name=\"robots\" content=\"index, follow, max-snippet:-1, max-image-preview:large, max-video-preview:-1\" \/>\n<link rel=\"canonical\" href=\"https:\/\/casinolion.ca\/fr\/how-to-bet-on-horse-racing-online\/what-is-a-pick-3-bet\/\" \/>\n<meta property=\"og:locale\" content=\"fr_CA\" \/>\n<meta property=\"og:type\" content=\"article\" \/>\n<meta property=\"og:title\" content=\"What Is a Pick 3 Bet?\" \/>\n<meta property=\"og:description\" content=\"What Is a Pick 3 Bet? \u2014 How to Place a Pick 3 Wager on Horse Racing The Pick 3 bet is one of the multi-race horizontal wagers that has been pretty popular lately as it can offer lucrative rewards to bettors who manage to win it. The main object of a Pick 3 bet [&hellip;]\" \/>\n<meta property=\"og:url\" content=\"https:\/\/casinolion.ca\/fr\/how-to-bet-on-horse-racing-online\/what-is-a-pick-3-bet\/\" \/>\n<meta name=\"twitter:card\" content=\"summary_large_image\" \/>\n<meta name=\"twitter:label1\" content=\"Estimation du temps de lecture\" \/>\n\t<meta name=\"twitter:data1\" content=\"4 minutes\" \/>\n<script type=\"application\/ld+json\" class=\"yoast-schema-graph\">{\"@context\":\"https:\/\/schema.org\",\"@graph\":[{\"@type\":\"WebPage\",\"@id\":\"https:\/\/casinolion.ca\/how-to-bet-on-horse-racing-online\/what-is-a-pick-3-bet\/\",\"url\":\"https:\/\/casinolion.ca\/how-to-bet-on-horse-racing-online\/what-is-a-pick-3-bet\/\",\"name\":\"What Is a Pick 3 Bet?\",\"isPartOf\":{\"@id\":\"https:\/\/casinolion.ca\/fr\/#website\"},\"datePublished\":\"2020-12-15T00:28:54+00:00\",\"breadcrumb\":{\"@id\":\"https:\/\/casinolion.ca\/how-to-bet-on-horse-racing-online\/what-is-a-pick-3-bet\/#breadcrumb\"},\"inLanguage\":\"fr-CA\",\"potentialAction\":[{\"@type\":\"ReadAction\",\"target\":[\"https:\/\/casinolion.ca\/how-to-bet-on-horse-racing-online\/what-is-a-pick-3-bet\/\"]}]},{\"@type\":\"BreadcrumbList\",\"@id\":\"https:\/\/casinolion.ca\/how-to-bet-on-horse-racing-online\/what-is-a-pick-3-bet\/#breadcrumb\",\"itemListElement\":[{\"@type\":\"ListItem\",\"position\":1,\"name\":\"Home\",\"item\":\"https:\/\/casinolion.ca\/\"},{\"@type\":\"ListItem\",\"position\":2,\"name\":\"How to Bet On Horse Racing Online\",\"item\":\"https:\/\/casinolion.ca\/how-to-bet-on-horse-racing-online\/\"},{\"@type\":\"ListItem\",\"position\":3,\"name\":\"What Is a Pick 3 Bet?\"}]},{\"@type\":\"WebSite\",\"@id\":\"https:\/\/casinolion.ca\/fr\/#website\",\"url\":\"https:\/\/casinolion.ca\/fr\/\",\"name\":\"\",\"description\":\"\",\"potentialAction\":[{\"@type\":\"SearchAction\",\"target\":{\"@type\":\"EntryPoint\",\"urlTemplate\":\"https:\/\/casinolion.ca\/fr\/?s={search_term_string}\"},\"query-input\":{\"@type\":\"PropertyValueSpecification\",\"valueRequired\":true,\"valueName\":\"search_term_string\"}}],\"inLanguage\":\"fr-CA\"}]}<\/script>\n<!-- \/ Yoast SEO plugin. -->","yoast_head_json":{"title":"Qu'est-ce qu'un pari Pick 3 ?","robots":{"index":"index","follow":"follow","max-snippet":"max-snippet:-1","max-image-preview":"max-image-preview:large","max-video-preview":"max-video-preview:-1"},"canonical":"https:\/\/casinolion.ca\/fr\/how-to-bet-on-horse-racing-online\/what-is-a-pick-3-bet\/","og_locale":"fr_CA","og_type":"article","og_title":"What Is a Pick 3 Bet?","og_description":"What Is a Pick 3 Bet? \u2014 How to Place a Pick 3 Wager on Horse Racing The Pick 3 bet is one of the multi-race horizontal wagers that has been pretty popular lately as it can offer lucrative rewards to bettors who manage to win it. The main object of a Pick 3 bet [&hellip;]","og_url":"https:\/\/casinolion.ca\/fr\/how-to-bet-on-horse-racing-online\/what-is-a-pick-3-bet\/","twitter_card":"summary_large_image","twitter_misc":{"Estimation du temps de lecture":"4 minutes"},"schema":{"@context":"https:\/\/schema.org","@graph":[{"@type":"WebPage","@id":"https:\/\/casinolion.ca\/how-to-bet-on-horse-racing-online\/what-is-a-pick-3-bet\/","url":"https:\/\/casinolion.ca\/how-to-bet-on-horse-racing-online\/what-is-a-pick-3-bet\/","name":"Qu'est-ce qu'un pari Pick 3 ?","isPartOf":{"@id":"https:\/\/casinolion.ca\/fr\/#website"},"datePublished":"2020-12-15T00:28:54+00:00","breadcrumb":{"@id":"https:\/\/casinolion.ca\/how-to-bet-on-horse-racing-online\/what-is-a-pick-3-bet\/#breadcrumb"},"inLanguage":"fr-CA","potentialAction":[{"@type":"ReadAction","target":["https:\/\/casinolion.ca\/how-to-bet-on-horse-racing-online\/what-is-a-pick-3-bet\/"]}]},{"@type":"BreadcrumbList","@id":"https:\/\/casinolion.ca\/how-to-bet-on-horse-racing-online\/what-is-a-pick-3-bet\/#breadcrumb","itemListElement":[{"@type":"ListItem","position":1,"name":"Home","item":"https:\/\/casinolion.ca\/"},{"@type":"ListItem","position":2,"name":"How to Bet On Horse Racing Online","item":"https:\/\/casinolion.ca\/how-to-bet-on-horse-racing-online\/"},{"@type":"ListItem","position":3,"name":"What Is a Pick 3 Bet?"}]},{"@type":"WebSite","@id":"https:\/\/casinolion.ca\/fr\/#website","url":"https:\/\/casinolion.ca\/fr\/","name":"","description":"","potentialAction":[{"@type":"SearchAction","target":{"@type":"EntryPoint","urlTemplate":"https:\/\/casinolion.ca\/fr\/?s={search_term_string}"},"query-input":{"@type":"PropertyValueSpecification","valueRequired":true,"valueName":"search_term_string"}}],"inLanguage":"fr-CA"}]}},"_links":{"self":[{"href":"https:\/\/casinolion.ca\/fr\/wp-json\/wp\/v2\/pages\/12624","targetHints":{"allow":["GET"]}}],"collection":[{"href":"https:\/\/casinolion.ca\/fr\/wp-json\/wp\/v2\/pages"}],"about":[{"href":"https:\/\/casinolion.ca\/fr\/wp-json\/wp\/v2\/types\/page"}],"author":[{"embeddable":true,"href":"https:\/\/casinolion.ca\/fr\/wp-json\/wp\/v2\/users\/1"}],"replies":[{"embeddable":true,"href":"https:\/\/casinolion.ca\/fr\/wp-json\/wp\/v2\/comments?post=12624"}],"version-history":[{"count":0,"href":"https:\/\/casinolion.ca\/fr\/wp-json\/wp\/v2\/pages\/12624\/revisions"}],"up":[{"embeddable":true,"href":"https:\/\/casinolion.ca\/fr\/wp-json\/wp\/v2\/pages\/12617"}],"wp:attachment":[{"href":"https:\/\/casinolion.ca\/fr\/wp-json\/wp\/v2\/media?parent=12624"}],"curies":[{"name":"wp","href":"https:\/\/api.w.org\/{rel}","templated":true}]}}