
{"id":12665,"date":"2020-12-29T00:25:37","date_gmt":"2020-12-29T00:25:37","guid":{"rendered":"https:\/\/www.canadiancasinos.ca\/?page_id=12665"},"modified":"2020-12-29T00:25:37","modified_gmt":"2020-12-29T00:25:37","slug":"is-sports-betting-taxable","status":"publish","type":"page","link":"https:\/\/casinolion.ca\/fr\/is-sports-betting-taxable\/","title":{"rendered":"Les paris sportifs sont-ils imposables ?"},"content":{"rendered":"<p>L'une des questions les plus pressantes concernant les revenus, quels qu'ils soient, est celle des imp\u00f4ts. Il est donc raisonnable de s'attendre \u00e0 ce que de nombreux parieurs sportifs s'inqui\u00e8tent de l'imposabilit\u00e9 de leurs gains \u00e9ventuels.<\/p>\n<p>Cependant, la plupart des parieurs occasionnels au Canada n'ont pas \u00e0 s'inqui\u00e9ter, car leurs revenus de jeu n'entrent pas dans la cat\u00e9gorie des sources de revenus imposables.<\/p>\n<h2>Dois-je payer des imp\u00f4ts sur mes gains ?<\/h2>\n<p>\u00c0 quelques exceptions pr\u00e8s, la plupart des revenus tir\u00e9s de paris ou de jeux d'argent au Canada sont exon\u00e9r\u00e9s d'imp\u00f4t, conform\u00e9ment au paragraphe 40(2)(f) de la loi canadienne de l'imp\u00f4t sur le revenu. Cela signifie que si vous aimez jouer occasionnellement, vous n'\u00eates pas oblig\u00e9 de d\u00e9clarer vos gains lorsque vous remplissez votre d\u00e9claration d'imp\u00f4ts.<\/p>\n<p>C'est le cas si vous n'\u00eates pas consid\u00e9r\u00e9 comme un joueur professionnel et que les gains des paris ne constituent pas votre principale source de revenus. Si c'est le cas, vos revenus seront probablement soumis \u00e0 la l\u00e9gislation fiscale en vigueur.<\/p>\n<p>Cependant, nous verrons qu'il peut \u00eatre assez difficile de tracer la ligne de d\u00e9marcation entre le jeu r\u00e9cr\u00e9atif et le jeu professionnel.<\/p>\n<h2>Qui est consid\u00e9r\u00e9 comme un joueur professionnel ?<\/h2>\n<p>M\u00eame si la plupart des revenus tir\u00e9s des paris ne sont pas consid\u00e9r\u00e9s comme imposables selon la l\u00e9gislation fiscale canadienne, il peut arriver que les joueurs doivent renoncer \u00e0 une partie de leurs gains. Il existe plusieurs crit\u00e8res selon lesquels une personne peut \u00eatre consid\u00e9r\u00e9e comme un joueur professionnel. Ces crit\u00e8res sont les suivants<\/p>\n<ul>\n<li>les paris sont votre principale source de revenus<\/li>\n<li>g\u00e9rer vos op\u00e9rations de jeu comme une entreprise<\/li>\n<li>avoir des esp\u00e9rances raisonnables de profit<\/li>\n<li>mettre en \u0153uvre des strat\u00e9gies et des comp\u00e9tences sp\u00e9cifiques pour gagner un revenu r\u00e9gulier.<\/li>\n<\/ul>\n<p>En analysant chaque crit\u00e8re s\u00e9par\u00e9ment, nous pouvons constater qu'ils s'appliquent tous facilement aux parieurs r\u00e9cr\u00e9atifs et aux parieurs dits \u201cprofessionnels\u201d. De nombreux joueurs sont au ch\u00f4mage et les gains potentiels des jeux d'argent sont leur seule source de revenus. Beaucoup passent de longues heures \u00e0 parier et \u00e0 perfectionner leurs comp\u00e9tences et leurs strat\u00e9gies, et personne ne parie dans l'espoir de perdre de l'argent.<\/p>\n<p>Il est donc difficile de qualifier un parieur sportif de professionnel, surtout s'il dispose d'une autre source de revenus, comme c'est le cas pour beaucoup d'entre nous.<\/p>\n<p>Quoi qu'il en soit, si vous avez la chance et la comp\u00e9tence de pouvoir vivre uniquement de vos paris, il est r\u00e9confortant de savoir que, outre l'obligation de payer des imp\u00f4ts, vous avez \u00e9galement droit \u00e0 des remboursements d'imp\u00f4ts au titre de vos pertes.<\/p>\n<h2>Pari en ligne et hors ligne<\/h2>\n<p>La loi fiscale ne fait pas de distinction entre les paris en ligne et hors ligne, et les m\u00eames r\u00e8gles s'appliquent donc aux deux domaines. Comme nous l'avons vu, dans la grande majorit\u00e9 des cas, les gains que vous obtenez en pariant ne tombent pas sous le coup des obligations fiscales, de sorte qu'il importe peu que vous pr\u00e9f\u00e9riez un op\u00e9rateur virtuel ou un op\u00e9rateur physique.<\/p>\n<h2>Les r\u00e8gles sont-elles diff\u00e9rentes selon les r\u00e9gions du Canada ?<\/h2>\n<p>Les diff\u00e9rentes provinces du Canada ont des r\u00e9glementations distinctes en ce qui concerne le statut l\u00e9gal des casinos et des fournisseurs de paris. Toutefois, il est essentiel de noter qu'en ce qui concerne les taxes, les m\u00eames r\u00e8gles s'appliquent \u00e0 toutes les r\u00e9gions du pays.<\/p>\n<p>C'est une excellente nouvelle pour les parieurs qui d\u00e9m\u00e9nagent souvent, car ils n'ont pas \u00e0 se familiariser avec des l\u00e9gislations diff\u00e9rentes chaque fois qu'ils veulent placer un pari dans un autre pays ou une autre province.<\/p>\n<h2>Qu'en est-il des paris dans d'autres pays ?<\/h2>\n<p>Il est rassurant d'apprendre que la plupart des gains fortuits sont exempts d'obligations l\u00e9gales vis-\u00e0-vis de l'Agence du revenu. Toutefois, si vous \u00eates un citoyen canadien et que vous tentez votre chance dans un autre pays, vous devez savoir que des r\u00e8gles diff\u00e9rentes s'appliquent.<\/p>\n<p>Ainsi, par exemple, si vous jouez aux \u00c9tats-Unis, vos gains peuvent \u00eatre d\u00e9duits par 30% en raison des taxes. Si vous pensez pouvoir \u00e9viter de payer ces taxes, sachez qu'elles sont automatiquement d\u00e9duites lors du paiement.<\/p>\n<p>Toutefois, en tant que citoyen \u00e9tranger jouant aux \u00c9tats-Unis, vous avez le droit de demander une d\u00e9claration d'imp\u00f4ts si vous pouvez fournir la preuve de vos pertes.<\/p>\n<h2>R\u00e9flexions finales<\/h2>\n<p>Si vous \u00eates un citoyen canadien qui s'adonne occasionnellement aux paris sportifs et que vous avez fait quelques gains, vous pouvez \u00eatre assur\u00e9 que vous ne devez rien au gouvernement. Pour que l'ARC puisse vous r\u00e9clamer un imp\u00f4t sur le revenu, elle doit \u00eatre en mesure de prouver que vous avez pari\u00e9 de mani\u00e8re professionnelle, ce qui est compliqu\u00e9 et rare.<\/p>\n<p>Peu importe o\u00f9 vous jouez au Canada et que vous le fassiez en ligne ou hors ligne, les m\u00eames r\u00e8gles s'appliquent. Rappelez-vous simplement qu'elles peuvent ne pas \u00eatre en vigueur \u00e0 l'ext\u00e9rieur du pays. Par cons\u00e9quent, si vous ne jouez pas \u00e0 la maison, il serait sage de tenir un registre des d\u00e9penses et des gains afin de minimiser vos pertes.<\/p>\n<h2>Articles connexes<\/h2>\n<ul>\n<li><a href=\"https:\/\/casinolion.ca\/fr\/are-online-casino-winnings-taxable-in-canada\/\">Les gains des casinos en ligne sont-ils imposables ?<\/a><\/li>\n<\/ul>\n<h2>FAQ<\/h2>\n<h3>1.   Les citoyens canadiens doivent-ils payer des imp\u00f4ts sur leurs gains de paris ?<\/h3>\n<p>Non. \u00c0 moins d'\u00eatre des joueurs professionnels, la grande majorit\u00e9 des parieurs au Canada ne doivent pas payer d'imp\u00f4ts sur leurs gains.<\/p>\n<h3>2.   Les r\u00e8gles sont-elles diff\u00e9rentes pour les paris en ligne et hors ligne ?<\/h3>\n<p>Non, les r\u00e8gles fiscales sont les m\u00eames pour les paris en ligne et hors ligne.<\/p>\n<h3>3.   Les m\u00eames r\u00e8gles s'appliquent-elles \u00e0 toutes les r\u00e9gions du Canada ?<\/h3>\n<p>Oui, la loi fiscale canadienne s'applique \u00e0 toutes les provinces canadiennes.<\/p>\n<h3>4.   Dois-je payer des imp\u00f4ts si je parie dans d'autres pays ?<\/h3>\n<p>Oui, c'est le cas. Toutefois, si vous pariez aux \u00c9tats-Unis, par exemple, vous avez droit \u00e0 une d\u00e9claration d'imp\u00f4t.<\/p>\n<h3>5.   Dois-je payer des imp\u00f4ts si je parie sur des sites offshore ?<\/h3>\n<p>Non. La loi fiscale canadienne ne consid\u00e8re pas les gains de hasard comme imposables, quelle que soit leur origine.<\/p>","protected":false},"excerpt":{"rendered":"<p>L'une des questions les plus pressantes concernant les revenus, quels qu'ils soient, est celle des imp\u00f4ts. Il est donc raisonnable de s'attendre \u00e0 ce que de nombreux parieurs sportifs s'inqui\u00e8tent de l'imposabilit\u00e9 de leurs gains \u00e9ventuels. Cependant, la plupart des parieurs occasionnels au Canada n'ont pas \u00e0 s'inqui\u00e9ter, car leurs revenus de jeu ne tombent pas dans la cat\u00e9gorie [...]<\/p>","protected":false},"author":1,"featured_media":0,"parent":0,"menu_order":0,"comment_status":"closed","ping_status":"closed","template":"","meta":{"_acf_changed":false,"footnotes":""},"class_list":["post-12665","page","type-page","status-publish","hentry"],"acf":[],"yoast_head":"<!-- This site is optimized with the Yoast SEO plugin v26.1.1 - https:\/\/yoast.com\/wordpress\/plugins\/seo\/ -->\n<title>Is Sports Betting Taxable?<\/title>\n<meta name=\"robots\" content=\"index, follow, max-snippet:-1, max-image-preview:large, max-video-preview:-1\" \/>\n<link rel=\"canonical\" href=\"https:\/\/casinolion.ca\/fr\/is-sports-betting-taxable\/\" \/>\n<meta property=\"og:locale\" content=\"fr_CA\" \/>\n<meta property=\"og:type\" content=\"article\" \/>\n<meta property=\"og:title\" content=\"Is Sports Betting Taxable?\" \/>\n<meta property=\"og:description\" content=\"One of the most pressing issues revolving around any kind of income is the question of taxes. Thus, it is reasonable to expect that many sports bettors would be concerned about their eventual winnings\u2019 taxability. However, most casual punters in Canada don\u2019t have anything to worry about, as their gambling revenues don\u2019t fall into the [&hellip;]\" \/>\n<meta property=\"og:url\" content=\"https:\/\/casinolion.ca\/fr\/is-sports-betting-taxable\/\" \/>\n<meta name=\"twitter:card\" content=\"summary_large_image\" \/>\n<meta name=\"twitter:label1\" content=\"Estimation du temps de lecture\" \/>\n\t<meta name=\"twitter:data1\" content=\"5 minutes\" \/>\n<script type=\"application\/ld+json\" class=\"yoast-schema-graph\">{\"@context\":\"https:\/\/schema.org\",\"@graph\":[{\"@type\":\"WebPage\",\"@id\":\"https:\/\/casinolion.ca\/is-sports-betting-taxable\/\",\"url\":\"https:\/\/casinolion.ca\/is-sports-betting-taxable\/\",\"name\":\"Is Sports Betting Taxable?\",\"isPartOf\":{\"@id\":\"https:\/\/casinolion.ca\/fr\/#website\"},\"datePublished\":\"2020-12-29T00:25:37+00:00\",\"breadcrumb\":{\"@id\":\"https:\/\/casinolion.ca\/is-sports-betting-taxable\/#breadcrumb\"},\"inLanguage\":\"fr-CA\",\"potentialAction\":[{\"@type\":\"ReadAction\",\"target\":[\"https:\/\/casinolion.ca\/is-sports-betting-taxable\/\"]}]},{\"@type\":\"BreadcrumbList\",\"@id\":\"https:\/\/casinolion.ca\/is-sports-betting-taxable\/#breadcrumb\",\"itemListElement\":[{\"@type\":\"ListItem\",\"position\":1,\"name\":\"Home\",\"item\":\"https:\/\/casinolion.ca\/\"},{\"@type\":\"ListItem\",\"position\":2,\"name\":\"Is Sports Betting Taxable?\"}]},{\"@type\":\"WebSite\",\"@id\":\"https:\/\/casinolion.ca\/fr\/#website\",\"url\":\"https:\/\/casinolion.ca\/fr\/\",\"name\":\"\",\"description\":\"\",\"potentialAction\":[{\"@type\":\"SearchAction\",\"target\":{\"@type\":\"EntryPoint\",\"urlTemplate\":\"https:\/\/casinolion.ca\/fr\/?s={search_term_string}\"},\"query-input\":{\"@type\":\"PropertyValueSpecification\",\"valueRequired\":true,\"valueName\":\"search_term_string\"}}],\"inLanguage\":\"fr-CA\"}]}<\/script>\n<!-- \/ Yoast SEO plugin. -->","yoast_head_json":{"title":"Les paris sportifs sont-ils imposables ?","robots":{"index":"index","follow":"follow","max-snippet":"max-snippet:-1","max-image-preview":"max-image-preview:large","max-video-preview":"max-video-preview:-1"},"canonical":"https:\/\/casinolion.ca\/fr\/is-sports-betting-taxable\/","og_locale":"fr_CA","og_type":"article","og_title":"Is Sports Betting Taxable?","og_description":"One of the most pressing issues revolving around any kind of income is the question of taxes. Thus, it is reasonable to expect that many sports bettors would be concerned about their eventual winnings\u2019 taxability. However, most casual punters in Canada don\u2019t have anything to worry about, as their gambling revenues don\u2019t fall into the [&hellip;]","og_url":"https:\/\/casinolion.ca\/fr\/is-sports-betting-taxable\/","twitter_card":"summary_large_image","twitter_misc":{"Estimation du temps de lecture":"5 minutes"},"schema":{"@context":"https:\/\/schema.org","@graph":[{"@type":"WebPage","@id":"https:\/\/casinolion.ca\/is-sports-betting-taxable\/","url":"https:\/\/casinolion.ca\/is-sports-betting-taxable\/","name":"Les paris sportifs sont-ils imposables ?","isPartOf":{"@id":"https:\/\/casinolion.ca\/fr\/#website"},"datePublished":"2020-12-29T00:25:37+00:00","breadcrumb":{"@id":"https:\/\/casinolion.ca\/is-sports-betting-taxable\/#breadcrumb"},"inLanguage":"fr-CA","potentialAction":[{"@type":"ReadAction","target":["https:\/\/casinolion.ca\/is-sports-betting-taxable\/"]}]},{"@type":"BreadcrumbList","@id":"https:\/\/casinolion.ca\/is-sports-betting-taxable\/#breadcrumb","itemListElement":[{"@type":"ListItem","position":1,"name":"Home","item":"https:\/\/casinolion.ca\/"},{"@type":"ListItem","position":2,"name":"Is Sports Betting Taxable?"}]},{"@type":"WebSite","@id":"https:\/\/casinolion.ca\/fr\/#website","url":"https:\/\/casinolion.ca\/fr\/","name":"","description":"","potentialAction":[{"@type":"SearchAction","target":{"@type":"EntryPoint","urlTemplate":"https:\/\/casinolion.ca\/fr\/?s={search_term_string}"},"query-input":{"@type":"PropertyValueSpecification","valueRequired":true,"valueName":"search_term_string"}}],"inLanguage":"fr-CA"}]}},"_links":{"self":[{"href":"https:\/\/casinolion.ca\/fr\/wp-json\/wp\/v2\/pages\/12665","targetHints":{"allow":["GET"]}}],"collection":[{"href":"https:\/\/casinolion.ca\/fr\/wp-json\/wp\/v2\/pages"}],"about":[{"href":"https:\/\/casinolion.ca\/fr\/wp-json\/wp\/v2\/types\/page"}],"author":[{"embeddable":true,"href":"https:\/\/casinolion.ca\/fr\/wp-json\/wp\/v2\/users\/1"}],"replies":[{"embeddable":true,"href":"https:\/\/casinolion.ca\/fr\/wp-json\/wp\/v2\/comments?post=12665"}],"version-history":[{"count":0,"href":"https:\/\/casinolion.ca\/fr\/wp-json\/wp\/v2\/pages\/12665\/revisions"}],"wp:attachment":[{"href":"https:\/\/casinolion.ca\/fr\/wp-json\/wp\/v2\/media?parent=12665"}],"curies":[{"name":"wp","href":"https:\/\/api.w.org\/{rel}","templated":true}]}}