
{"id":12731,"date":"2021-01-12T00:36:19","date_gmt":"2021-01-12T00:36:19","guid":{"rendered":"https:\/\/www.canadiancasinos.ca\/?page_id=12731"},"modified":"2021-01-12T00:36:19","modified_gmt":"2021-01-12T00:36:19","slug":"what-is-a-trifecta-bet","status":"publish","type":"page","link":"https:\/\/casinolion.ca\/fr\/how-to-bet-on-horse-racing-online\/what-is-a-trifecta-bet\/","title":{"rendered":"Qu'est-ce qu'un pari triple ?"},"content":{"rendered":"<h2>Pari Trifecta dans les courses de chevaux - Comment parier sur un tierc\u00e9<\/h2>\n<p>Si vous souhaitez passer \u00e0 la vitesse sup\u00e9rieure en mati\u00e8re de paris sur les courses hippiques et tenter de d\u00e9crocher des gains importants, le tierc\u00e9 est le pari \u00e0 privil\u00e9gier. Ce pari consiste \u00e0 pronostiquer correctement les trois premiers d'une course donn\u00e9e, dans l'ordre exact.<\/p>\n<p>Vous pouvez imaginer \u00e0 quel point il est difficile de r\u00e9ussir un tel pari. Toutefois, comme c'est g\u00e9n\u00e9ralement le cas dans les paris sportifs, plus il est difficile de pr\u00e9dire un certain r\u00e9sultat, plus le profit potentiel est important. En d'autres termes, vous pouvez obtenir un gain \u00e9norme m\u00eame avec une petite mise sur un tierc\u00e9, et c'est ce qui fait sa popularit\u00e9 aupr\u00e8s des parieurs amateurs, en particulier.<\/p>\n<p>Ce mini-guide vous permettra de vous familiariser avec les principes de base des paris sur le tierc\u00e9 dans les courses hippiques. Nous vous donnerons des exemples de diff\u00e9rentes variantes de paris sur le tierc\u00e9 et vous montrerons comment ils fonctionnent dans la pratique.<\/p>\n<h2>Le pari Trifecta expliqu\u00e9<\/h2>\n<p>Un pari trifecta est un pari qui exige des parieurs qu'ils pronostiquent correctement les trois premiers chevaux d'une course donn\u00e9e, dans l'ordre exact. Si vos choix terminent la course dans cet ordre pr\u00e9cis, vous gagnez - largement.<\/p>\n<p>La mise minimale pour un pari trifecta varie d'un bookmaker \u00e0 l'autre, mais elle se situe g\u00e9n\u00e9ralement entre $0,50 et 2. Ce type de pari est disponible pour pratiquement toutes les courses de chevaux dans le monde.<\/p>\n<p>Le tierc\u00e9 est connu sous diff\u00e9rents noms dans le monde entier. Les parieurs am\u00e9ricains et australiens l'appellent <em>tierc\u00e9<\/em>; au Royaume-Uni, il est connu sous le nom de <em>tricast<\/em>; au Canada, il s'agit de <em>triacteur<\/em>, tandis qu'en France, il porte le nom de <em>tierce<\/em>.<\/p>\n<p>Voici comment placer un pari trifecta sur un site de paris sportifs en ligne :<\/p>\n<ol>\n<li>S\u00e9lectionnez une course sur laquelle vous souhaitez parier et cliquez sur l'onglet \"tierc\u00e9\".<\/li>\n<li>S\u00e9lectionnez le cheval A (vainqueur annonc\u00e9) dans la colonne <em>s\u00e9lection 1.<\/em><\/li>\n<li>S\u00e9lectionnez le cheval B (deuxi\u00e8me place pr\u00e9vue) dans la colonne <em>s\u00e9lection 2. <\/em><\/li>\n<li>S\u00e9lectionnez le cheval C (pr\u00e9dire la troisi\u00e8me place) dans la colonne <em>s\u00e9lection 3. <\/em><\/li>\n<li>Appuyer sur la touche <em>placer des paris <\/em>si n\u00e9cessaire. Si ce n'est pas le cas, il vous suffit de saisir la somme d'argent que vous souhaitez miser.<\/li>\n<li>Confirmez votre pari.<\/li>\n<\/ol>\n<h2>Diff\u00e9rents types de paris sur le tierc\u00e9<\/h2>\n<p>Il existe quatre variantes diff\u00e9rentes d'un pari trifecta, chacune ayant ses propres caract\u00e9ristiques. Vous devez vous familiariser avec chacune d'entre elles avant de vous lancer dans l'action.<\/p>\n<h3>Le tierc\u00e9 gagnant<\/h3>\n<p>Il s'agit du sous-type le plus simple de pari trifecta, qui implique que vous choisissiez exactement trois chevaux dans l'ordre sp\u00e9cifique dans lequel vous pensez qu'ils finiront. Si vos choix arrivent premier, deuxi\u00e8me et troisi\u00e8me, dans cet ordre particulier, vous gagnez une part de l'argent de la cagnotte du tierc\u00e9. Voici un exemple.<\/p>\n<p>Vous choisissez le cheval #7 pour gagner la course, le cheval #3 pour terminer la course en deuxi\u00e8me position et le cheval #1 pour terminer troisi\u00e8me. Les chevaux doivent terminer 7-3-1, dans cet ordre particulier, pour que vous gagniez le pari.<\/p>\n<h3>Bo\u00eete Trifecta<\/h3>\n<p>La bo\u00eete Trifecta est \u00e9galement appel\u00e9e <em>combinaison tricast,<\/em> et avec ce pari, vous choisissez trois chevaux qui termineront aux trois premi\u00e8res places, mais ils peuvent terminer dans n'importe quel ordre. Un tierc\u00e9 box\u00e9 est \u00e9videmment plus facile \u00e0 pr\u00e9dire, mais il y a un revers \u00e0 la m\u00e9daille : il est plus cher qu'un tierc\u00e9 simple car il comprend plusieurs combinaisons et vous devez payer pour chacune d'entre elles.<\/p>\n<p>Vous pouvez prendre plus de trois chevaux pour augmenter vos chances de gagner, mais plus vous s\u00e9lectionnez de combinaisons, plus le co\u00fbt de votre tierc\u00e9 sera \u00e9lev\u00e9. Par exemple, si vous calez quatre chevaux, il y a 24 combinaisons possibles pour qu'ils terminent la course aux trois premi\u00e8res places, et le co\u00fbt pour les couvrir serait de $48 pour un tierc\u00e9 de $2. Avec six s\u00e9lections, il y a 120 combinaisons possibles et vous devrez payer au moins $240 pour le pari.<\/p>\n<h3>Bo\u00eete \u00e0 cl\u00e9s Trifecta<\/h3>\n<p>La bo\u00eete \u00e0 cl\u00e9s Trifecta est une excellente option lorsque vous \u00eates s\u00fbr du placement de l'un de vos choix, mais que vous h\u00e9sitez sur les autres. Ainsi, vous pouvez vous concentrer sur votre s\u00e9lection \u2018cl\u00e9\u2019 pour qu'elle termine aux c\u00f4t\u00e9s de vos autres s\u00e9lections \u2018non cl\u00e9s\u2019. Par exemple, vous pouvez choisir le cheval #5 pour gagner la course, puis s\u00e9lectionner plusieurs chevaux pour occuper les deuxi\u00e8me et troisi\u00e8me places. La bo\u00eete de trifecta est moins ch\u00e8re que la bo\u00eete de trifecta normale en raison du nombre r\u00e9duit de combinaisons possibles.<\/p>\n<h3>Roue Trifecta<\/h3>\n<p>La roue Trifecta consiste \u00e0 choisir un cheval qui terminera \u00e0 une position sp\u00e9cifique et \u00e0 couvrir toutes les combinaisons possibles pour les deux places restantes en s\u00e9lectionnant le reste du peloton. Vous comptez donc sur le cheval que vous avez choisi pour gagner la course et sur les autres chevaux de votre roue pour qu'ils terminent respectivement \u00e0 la deuxi\u00e8me et \u00e0 la troisi\u00e8me place. Si vous placez un tierc\u00e9 complet, vous \u00eates pay\u00e9 tant que votre gagnant l'emporte.<\/p>\n<h2>Paiements du tierc\u00e9<\/h2>\n<p>Les paiements du tierc\u00e9 sont calcul\u00e9s sur la base d'un syst\u00e8me de pari mutuel dans lequel tous les tickets gagnants re\u00e7oivent une part de l'argent total collect\u00e9 dans la cagnotte du tierc\u00e9. Il est difficile de d\u00e9terminer le montant exact d'un pari trifecta donn\u00e9, mais la somme moyenne tourne autour de $5 000-30 000. Plus le nombre de billets vendus est \u00e9lev\u00e9 et moins il y a de personnes qui pr\u00e9disent avec pr\u00e9cision la combinaison gagnante, plus votre gain sera important. Bien entendu, une petite part revient \u00e0 l'op\u00e9rateur, qui encaisse les mises.<\/p>","protected":false},"excerpt":{"rendered":"<p>Pari Trifecta dans les courses de chevaux - Comment parier sur un tierc\u00e9 Si vous souhaitez passer au niveau sup\u00e9rieur dans vos paris sur les courses de chevaux et tenter d'obtenir des gains importants, le tierc\u00e9 est le pari \u00e0 privil\u00e9gier. Ce pari consiste \u00e0 pronostiquer correctement les trois premiers d'une course donn\u00e9e, dans l'ordre exact. Vous [...]<\/p>","protected":false},"author":1,"featured_media":0,"parent":12617,"menu_order":0,"comment_status":"closed","ping_status":"closed","template":"","meta":{"_acf_changed":false,"footnotes":""},"class_list":["post-12731","page","type-page","status-publish","hentry"],"acf":[],"yoast_head":"<!-- This site is optimized with the Yoast SEO plugin v26.1.1 - https:\/\/yoast.com\/wordpress\/plugins\/seo\/ -->\n<title>What is a Trifecta Bet?<\/title>\n<meta name=\"robots\" content=\"index, follow, max-snippet:-1, max-image-preview:large, max-video-preview:-1\" \/>\n<link rel=\"canonical\" href=\"https:\/\/casinolion.ca\/fr\/how-to-bet-on-horse-racing-online\/what-is-a-trifecta-bet\/\" \/>\n<meta property=\"og:locale\" content=\"fr_CA\" \/>\n<meta property=\"og:type\" content=\"article\" \/>\n<meta property=\"og:title\" content=\"What is a Trifecta Bet?\" \/>\n<meta property=\"og:description\" content=\"Trifecta Bet in Horse Racing \u2014 How to Bet a Trifecta If you want to take your horse racing betting to the next level and try landing some big payouts, the trifecta is the go-to wager. This bet involves predicting the top three finishers correctly in a given race \u2014 in the exact order. You [&hellip;]\" \/>\n<meta property=\"og:url\" content=\"https:\/\/casinolion.ca\/fr\/how-to-bet-on-horse-racing-online\/what-is-a-trifecta-bet\/\" \/>\n<meta name=\"twitter:card\" content=\"summary_large_image\" \/>\n<meta name=\"twitter:label1\" content=\"Estimation du temps de lecture\" \/>\n\t<meta name=\"twitter:data1\" content=\"4 minutes\" \/>\n<script type=\"application\/ld+json\" class=\"yoast-schema-graph\">{\"@context\":\"https:\/\/schema.org\",\"@graph\":[{\"@type\":\"WebPage\",\"@id\":\"https:\/\/casinolion.ca\/how-to-bet-on-horse-racing-online\/what-is-a-trifecta-bet\/\",\"url\":\"https:\/\/casinolion.ca\/how-to-bet-on-horse-racing-online\/what-is-a-trifecta-bet\/\",\"name\":\"What is a Trifecta Bet?\",\"isPartOf\":{\"@id\":\"https:\/\/casinolion.ca\/fr\/#website\"},\"datePublished\":\"2021-01-12T00:36:19+00:00\",\"breadcrumb\":{\"@id\":\"https:\/\/casinolion.ca\/how-to-bet-on-horse-racing-online\/what-is-a-trifecta-bet\/#breadcrumb\"},\"inLanguage\":\"fr-CA\",\"potentialAction\":[{\"@type\":\"ReadAction\",\"target\":[\"https:\/\/casinolion.ca\/how-to-bet-on-horse-racing-online\/what-is-a-trifecta-bet\/\"]}]},{\"@type\":\"BreadcrumbList\",\"@id\":\"https:\/\/casinolion.ca\/how-to-bet-on-horse-racing-online\/what-is-a-trifecta-bet\/#breadcrumb\",\"itemListElement\":[{\"@type\":\"ListItem\",\"position\":1,\"name\":\"Home\",\"item\":\"https:\/\/casinolion.ca\/\"},{\"@type\":\"ListItem\",\"position\":2,\"name\":\"How to Bet On Horse Racing Online\",\"item\":\"https:\/\/casinolion.ca\/how-to-bet-on-horse-racing-online\/\"},{\"@type\":\"ListItem\",\"position\":3,\"name\":\"What is a Trifecta Bet?\"}]},{\"@type\":\"WebSite\",\"@id\":\"https:\/\/casinolion.ca\/fr\/#website\",\"url\":\"https:\/\/casinolion.ca\/fr\/\",\"name\":\"\",\"description\":\"\",\"potentialAction\":[{\"@type\":\"SearchAction\",\"target\":{\"@type\":\"EntryPoint\",\"urlTemplate\":\"https:\/\/casinolion.ca\/fr\/?s={search_term_string}\"},\"query-input\":{\"@type\":\"PropertyValueSpecification\",\"valueRequired\":true,\"valueName\":\"search_term_string\"}}],\"inLanguage\":\"fr-CA\"}]}<\/script>\n<!-- \/ Yoast SEO plugin. -->","yoast_head_json":{"title":"Qu'est-ce qu'un pari triple ?","robots":{"index":"index","follow":"follow","max-snippet":"max-snippet:-1","max-image-preview":"max-image-preview:large","max-video-preview":"max-video-preview:-1"},"canonical":"https:\/\/casinolion.ca\/fr\/how-to-bet-on-horse-racing-online\/what-is-a-trifecta-bet\/","og_locale":"fr_CA","og_type":"article","og_title":"What is a Trifecta Bet?","og_description":"Trifecta Bet in Horse Racing \u2014 How to Bet a Trifecta If you want to take your horse racing betting to the next level and try landing some big payouts, the trifecta is the go-to wager. This bet involves predicting the top three finishers correctly in a given race \u2014 in the exact order. You [&hellip;]","og_url":"https:\/\/casinolion.ca\/fr\/how-to-bet-on-horse-racing-online\/what-is-a-trifecta-bet\/","twitter_card":"summary_large_image","twitter_misc":{"Estimation du temps de lecture":"4 minutes"},"schema":{"@context":"https:\/\/schema.org","@graph":[{"@type":"WebPage","@id":"https:\/\/casinolion.ca\/how-to-bet-on-horse-racing-online\/what-is-a-trifecta-bet\/","url":"https:\/\/casinolion.ca\/how-to-bet-on-horse-racing-online\/what-is-a-trifecta-bet\/","name":"Qu'est-ce qu'un pari triple ?","isPartOf":{"@id":"https:\/\/casinolion.ca\/fr\/#website"},"datePublished":"2021-01-12T00:36:19+00:00","breadcrumb":{"@id":"https:\/\/casinolion.ca\/how-to-bet-on-horse-racing-online\/what-is-a-trifecta-bet\/#breadcrumb"},"inLanguage":"fr-CA","potentialAction":[{"@type":"ReadAction","target":["https:\/\/casinolion.ca\/how-to-bet-on-horse-racing-online\/what-is-a-trifecta-bet\/"]}]},{"@type":"BreadcrumbList","@id":"https:\/\/casinolion.ca\/how-to-bet-on-horse-racing-online\/what-is-a-trifecta-bet\/#breadcrumb","itemListElement":[{"@type":"ListItem","position":1,"name":"Home","item":"https:\/\/casinolion.ca\/"},{"@type":"ListItem","position":2,"name":"How to Bet On Horse Racing Online","item":"https:\/\/casinolion.ca\/how-to-bet-on-horse-racing-online\/"},{"@type":"ListItem","position":3,"name":"What is a Trifecta Bet?"}]},{"@type":"WebSite","@id":"https:\/\/casinolion.ca\/fr\/#website","url":"https:\/\/casinolion.ca\/fr\/","name":"","description":"","potentialAction":[{"@type":"SearchAction","target":{"@type":"EntryPoint","urlTemplate":"https:\/\/casinolion.ca\/fr\/?s={search_term_string}"},"query-input":{"@type":"PropertyValueSpecification","valueRequired":true,"valueName":"search_term_string"}}],"inLanguage":"fr-CA"}]}},"_links":{"self":[{"href":"https:\/\/casinolion.ca\/fr\/wp-json\/wp\/v2\/pages\/12731","targetHints":{"allow":["GET"]}}],"collection":[{"href":"https:\/\/casinolion.ca\/fr\/wp-json\/wp\/v2\/pages"}],"about":[{"href":"https:\/\/casinolion.ca\/fr\/wp-json\/wp\/v2\/types\/page"}],"author":[{"embeddable":true,"href":"https:\/\/casinolion.ca\/fr\/wp-json\/wp\/v2\/users\/1"}],"replies":[{"embeddable":true,"href":"https:\/\/casinolion.ca\/fr\/wp-json\/wp\/v2\/comments?post=12731"}],"version-history":[{"count":0,"href":"https:\/\/casinolion.ca\/fr\/wp-json\/wp\/v2\/pages\/12731\/revisions"}],"up":[{"embeddable":true,"href":"https:\/\/casinolion.ca\/fr\/wp-json\/wp\/v2\/pages\/12617"}],"wp:attachment":[{"href":"https:\/\/casinolion.ca\/fr\/wp-json\/wp\/v2\/media?parent=12731"}],"curies":[{"name":"wp","href":"https:\/\/api.w.org\/{rel}","templated":true}]}}