
{"id":12891,"date":"2021-02-01T00:10:51","date_gmt":"2021-02-01T00:10:51","guid":{"rendered":"https:\/\/www.canadiancasinos.ca\/?page_id=12891"},"modified":"2021-02-01T00:13:50","modified_gmt":"2021-02-01T00:13:50","slug":"vikings-go-berzerk","status":"publish","type":"page","link":"https:\/\/casinolion.ca\/fr\/online-slots\/vikings-go-berzerk\/","title":{"rendered":"Les Vikings se d\u00e9cha\u00eenent"},"content":{"rendered":"<div class=\"video-screenshot\"><iframe src=\"https:\/\/staticpff.yggdrasilgaming.com\/app\/vikings2\/index.2.52.1.html?gameid=7331&amp;lang=en&amp;channel=pc&amp;appsrv=https%3A%2F%2Fpff.yggdrasilgaming.com&amp;license=&amp;currency=EUR&amp;org=Demo&amp;boostUrl=%2Fapp%2FboostUI%2Fboost.0.0.1.js&amp;pcUrl=%2Fpc%2Fpartnerconnect.1.9.21.js&amp;countryCode=au\" frameborder=\"0\" data-mce-fragment=\"1\"><\/iframe><\/div>\n<p><center><a class=\"btn primary\" href=\"https:\/\/casinolion.ca\/fr\/visit\/sloty-casino\/\" target=\"_blank\" rel=\"nofollow noopener noreferrer\">Jouer \u00e0 Vikings Go Berzerk pour de l'argent r\u00e9el<\/a><\/center><\/p>\n<table>\n<tbody>\n<tr>\n<td><strong>RTP<\/strong><\/td>\n<td>96.1%<\/td>\n<\/tr>\n<tr>\n<td><strong>Technologie des jeux<\/strong><\/td>\n<td>HTML5<\/td>\n<\/tr>\n<tr>\n<td><strong>Gamme de pi\u00e8ces<\/strong><\/td>\n<td>0,04 \u00e0 5,00<\/td>\n<\/tr>\n<tr>\n<td><strong>Fournisseur de logiciel<\/strong><\/td>\n<td><a href=\"https:\/\/casinolion.ca\/fr\/yggdrasil-casinos\/\">Yggdrasil<\/a><\/td>\n<\/tr>\n<tr>\n<td><strong>Lignes de paiement\/Reels<\/strong><\/td>\n<td>25 \/ 25<\/td>\n<\/tr>\n<tr>\n<td><strong>Jackpot progressif<\/strong><\/td>\n<td>Non<\/td>\n<\/tr>\n<tr>\n<td><strong>Tour de bonus<\/strong><\/td>\n<td>Oui<\/td>\n<\/tr>\n<tr>\n<td><strong>Spins gratuits<\/strong><\/td>\n<td>Oui<\/td>\n<\/tr>\n<\/tbody>\n<\/table>\n<p><strong>Verdict rapide : <\/strong><em>Vikings Go Berzerk est un jeu populaire d'Yggdrasil. Il suit les aventures maritimes de quatre braves Vikings qui affrontent des sir\u00e8nes mal\u00e9fiques. La machine \u00e0 sous offre de nombreuses fonctionnalit\u00e9s bonus, telles que le mode Berzerk, les tours gratuits, etc. Les joueurs peuvent \u00e9galement d\u00e9crocher des coffres au tr\u00e9sor et recevoir des avantages suppl\u00e9mentaires pendant le jeu de base et les tours de roues gratuites. Le jeu a un RTP de 96,1% et offre 25 lignes de paiement fixes sur une grille 5\u00d74.<\/em><\/p>\n<h2>L'histoire de Vikings Go Berzerk<\/h2>\n<p>Les Vikings \u00e9taient un peuple puissant, qui a inspir\u00e9 toutes sortes d'artistes et de cr\u00e9ateurs, y compris les concepteurs et d\u00e9veloppeurs d'Yggdrasil, qui ont cr\u00e9\u00e9 une machine \u00e0 sous vid\u00e9o en ligne sur le th\u00e8me des Vikings. Le cadre est un drakkar viking, o\u00f9 vous pouvez faire tourner les rouleaux et collecter toutes sortes de pi\u00e8ces. Vous trouverez \u00e9galement quatre guerriers vikings sur les rouleaux, qui repr\u00e9sentent des symboles tr\u00e8s payants.<\/p>\n<p>Yggdrasil est une soci\u00e9t\u00e9 su\u00e9doise nomm\u00e9e d'apr\u00e8s un arbre sacr\u00e9 de la mythologie nordique. Il n'est donc pas \u00e9tonnant qu'elle se soit concentr\u00e9e sur la cr\u00e9ation de machines \u00e0 sous sur le th\u00e8me des Vikings.<\/p>\n<p><em>Les Vikings se d\u00e9cha\u00eenent<\/em> est une nouvelle aventure pour les Vikings. Cette fois, leur qu\u00eate consiste \u00e0 affronter de puissantes sir\u00e8nes et \u00e0 rendre les mers s\u00fbres pour les voyageurs.<\/p>\n<p>Ce jeu est la suite de <em>Les Vikings se d\u00e9cha\u00eenent<\/em> et le pr\u00e9d\u00e9cesseur de <em>Les Vikings vont en enfer<\/em>.<\/p>\n<h2>Visuels et effets sonores<\/h2>\n<p>Comme beaucoup d'autres titres d'Yggdrasil, <em>Les Vikings se d\u00e9cha\u00eenent<\/em> est une machine \u00e0 sous vid\u00e9o en ligne bien con\u00e7ue, avec des visuels hypnotiques, des animations fluides et un gameplay immersif.<\/p>\n<p>Vous aurez l'impression que le drakkar est en mouvement gr\u00e2ce \u00e0 la mer anim\u00e9e en arri\u00e8re-plan. Le drakkar est entour\u00e9 de plusieurs sir\u00e8nes, qui s'int\u00e8grent parfaitement \u00e0 l'univers fantastique du jeu.<\/p>\n<p>La musique de fond \u00e9pique et relaxante peut se transformer en une bande sonore rythm\u00e9e et tendue apr\u00e8s avoir cliqu\u00e9 sur le bouton <em>La rotation <\/em>cr\u00e9ant ainsi une exp\u00e9rience Viking unique.<\/p>\n<h2>Gameplay<\/h2>\n<p><img decoding=\"async\" class=\"alignnone size-full wp-image-12893\" src=\"https:\/\/www.casinolion.ca\/wp-content\/uploads\/2021\/02\/vikings-go-berzerk-screenshot.jpg\" alt=\"\" width=\"763\" height=\"428\" srcset=\"https:\/\/casinolion.ca\/wp-content\/uploads\/2021\/02\/vikings-go-berzerk-screenshot.jpg 763w, https:\/\/casinolion.ca\/wp-content\/uploads\/2021\/02\/vikings-go-berzerk-screenshot-280x157.jpg 280w, https:\/\/casinolion.ca\/wp-content\/uploads\/2021\/02\/vikings-go-berzerk-screenshot-150x84.jpg 150w, https:\/\/casinolion.ca\/wp-content\/uploads\/2021\/02\/vikings-go-berzerk-screenshot-64x36.jpg 64w, https:\/\/casinolion.ca\/wp-content\/uploads\/2021\/02\/vikings-go-berzerk-screenshot-160x90.jpg 160w\" sizes=\"(max-width: 763px) 100vw, 763px\" \/><\/p>\n<p><em>Les Vikings se d\u00e9cha\u00eenent<\/em> est une machine \u00e0 sous vid\u00e9o en ligne tr\u00e8s facile \u00e0 jouer, avec quelques fonctions bonus passionnantes. Sa volatilit\u00e9 est moyenne \u00e0 \u00e9lev\u00e9e, ce qui signifie qu'elle s'adresse aux joueurs pr\u00eats \u00e0 prendre des risques.<\/p>\n<p>Le jeu comporte un total de 25 lignes de paiement fixes, et le montant maximum d'argent que vous pouvez gagner est de 4 000 fois votre mise. Si vous misez la mise maximale ($125), cela signifie que le plus gros prix que vous pouvez obtenir est $500,000.<\/p>\n<p>La machine \u00e0 sous pr\u00e9sente une structure de grille standard avec cinq rouleaux, chacun contenant quatre rang\u00e9es.<\/p>\n<p>Outre les <em>La rotation <\/em>et le s\u00e9lecteur de valeur des pi\u00e8ces, il y a deux options suppl\u00e9mentaires dans V<em>Les ikings se d\u00e9cha\u00eenent<\/em> - <em>Mise maximale<\/em> et <em>Jeu automatique<\/em>.<\/p>\n<p><em>Mise maximale <\/em>fixera automatiquement la mise au montant le plus \u00e9lev\u00e9 possible ($125). Les <em>Jeu automatique<\/em> vous permet de s\u00e9lectionner le nombre de tours que vous souhaitez ex\u00e9cuter automatiquement. Le nombre maximum de tours automatiques est de 1 000. Il existe une option de tours automatiques infinis, ce qui signifie que les rouleaux continueront \u00e0 tourner tant que vous aurez de l'argent dans votre solde (ou que vous les arr\u00eaterez manuellement).<\/p>\n<h2>Wilds et bonus<\/h2>\n<p>Le <em>Sauvage <\/em>peuvent se substituer \u00e0 n'importe quel autre symbole sur les rouleaux, \u00e0 l'exception des symboles <em>Spins gratuits<\/em>.<\/p>\n<p>Une sir\u00e8ne repr\u00e9sente la <em>Spins gratuits<\/em> Si vous en obtenez trois, vous obtiendrez un total de sept tours gratuits et un bonus. Quatre vous permettront d'obtenir 14 tours gratuits, et cinq vous permettront d'obtenir 21 tours gratuits ainsi qu'un bonus.<\/p>\n<p>Une fois que le <em>Spins gratuits<\/em> commence, les Vikings commenceront \u00e0 combattre la m\u00e9chante Sir\u00e8ne. Cependant, avant cela, une fonction bonus al\u00e9atoire est s\u00e9lectionn\u00e9e. Voici un aper\u00e7u de toutes les fonctions que vous pouvez obtenir :<\/p>\n<ul>\n<li><em>Ragnarok Free Spins<\/em> - Tous les Vikings entrent <em>Berzerk <\/em><\/li>\n<li><em>Le d\u00e9part \u00e0 l'\u00e9tat sauvage<\/em> - Un <em>Sticky Wild<\/em> est ajout\u00e9 de fa\u00e7on al\u00e9atoire aux rouleaux.<\/li>\n<li><em>La bobine sauvage<\/em> - Un <em>Sticky Wild<\/em> <em>Enrouleur <\/em>est activ\u00e9e de mani\u00e8re al\u00e9atoire.<\/li>\n<li><em>Spins gratuits<\/em> - Vous gagnez jusqu'\u00e0 trois tours gratuits suppl\u00e9mentaires.<\/li>\n<li><em>Coffres suppl\u00e9mentaires<\/em> - Cinq coffres au tr\u00e9sor suppl\u00e9mentaires et des coffres au tr\u00e9sor dor\u00e9s sont ajout\u00e9s \u00e0 la grille.<\/li>\n<\/ul>\n<p>Un coffre au tr\u00e9sor se trouve toujours sur le quatri\u00e8me rouleau et contient g\u00e9n\u00e9ralement cinq prix. Cependant, vous ne pouvez en choisir qu'un seul. La caisse peut \u00e9galement atterrir sur le <em>Spins gratuits<\/em> mais les r\u00e9compenses sont alors bien plus importantes.<\/p>\n<p>Le coffre peut offrir un multiplicateur de 2x \u00e0 40x ou de 7 \u00e0 21 tours gratuits pendant le jeu de base. Dans le jeu<em> Spins gratuits<\/em> les joueurs peuvent recevoir des <em>Sauvages<\/em>, <em>Roues sauvages<\/em>, des tours gratuits suppl\u00e9mentaires, et plus encore.<\/p>\n<p>Le <em>Coffre au tr\u00e9sor en or<\/em> est encore plus lucratif que le coffre ordinaire. Il n'arrive que sur le cinqui\u00e8me rouleau et offre cinq r\u00e9compenses. Une fois de plus, votre t\u00e2che consiste \u00e0 choisir celle qui vous pla\u00eet le plus.<\/p>\n<p>Vous pouvez obtenir un multiplicateur de 10 \u00e0 400 fois pendant le jeu de base, de 7 \u00e0 21 tours gratuits, <em>Ragnarok Free Spins<\/em>, et <em>Augmentation de la rage<\/em>. Si vous avez la chance de d\u00e9crocher un <em>Coffre au tr\u00e9sor en or<\/em> au cours de la <em>Spins gratuits<\/em> vous pouvez \u00e9galement gagner un<em> Roulette sauvage,<\/em> suppl\u00e9mentaire <em>Sauvages<\/em>, et des tours gratuits suppl\u00e9mentaires.<\/p>\n<p>La caract\u00e9ristique la plus importante du jeu de base est la <em>Compteur de rage<\/em>. Vous remarquerez que les quatre personnages vikings situ\u00e9s sous la grille ont des compteurs au-dessus d'eux. Plus vous placez leurs symboles sur les rouleaux, plus leur valeur est \u00e9lev\u00e9e. <em>Compteur de rage<\/em> se rempliront. Une fois que l'un des <em>Compteurs de rage<\/em> est pleine, vous obtiendrez sept tours gratuits, le viking entrant dans la cat\u00e9gorie des <em>Berzerk <\/em>mode. Une fois les tours gratuits lanc\u00e9s, ce Viking commencera \u00e0 se battre contre la Sir\u00e8ne.<\/p>\n<h2>Vikings Go Berzerk RTP%<\/h2>\n<p>Vikings Go Berzerk a un RTP de 96,1%, ce qui est l\u00e9g\u00e8rement sup\u00e9rieur \u00e0 la moyenne de l'industrie.<\/p>\n<p>D\u00e9velopp\u00e9 par un fournisseur r\u00e9put\u00e9, le jeu a pass\u00e9 tous les audits d'\u00e9quit\u00e9. En d'autres termes, le RNG rend le jeu v\u00e9ritablement al\u00e9atoire et \u00e9quitable, et il ne peut \u00eatre alt\u00e9r\u00e9 ou truqu\u00e9 de quelque mani\u00e8re que ce soit.<\/p>\n<h2>R\u00e9flexions finales<\/h2>\n<p><em>Les Vikings se d\u00e9cha\u00eenent<\/em> a poursuivi la tradition d'Yggdrasil en cr\u00e9ant des machines \u00e0 sous de haute qualit\u00e9 inspir\u00e9es de la mythologie nordique. Il s'agit du titre le plus populaire de la saga des machines \u00e0 sous Vikings. Le jeu offre un large \u00e9ventail de bonus passionnants, dont certains \u00e9taient tr\u00e8s novateurs \u00e0 l'\u00e9poque.<\/p>","protected":false},"excerpt":{"rendered":"<p>Jouez \u00e0 Vikings Go Berzerk pour de l'argent r\u00e9el RTP 96.1% Technologie de jeu HTML5 Monnaie 0.04 \u00e0 5.00 Fournisseur de logiciel Yggdrasil Lignes de paiement \/ rouleaux 25 \/ 25 Jackpot progressif Non Bonus Round Oui Free Spins Oui Quick verdict : Vikings Go Berzerk est un titre populaire d'Yggdrasil. Il suit les aventures maritimes de quatre courageux vikings alors qu'ils [...]<\/p>","protected":false},"author":1,"featured_media":0,"parent":455,"menu_order":0,"comment_status":"closed","ping_status":"closed","template":"","meta":{"_acf_changed":false,"footnotes":""},"class_list":["post-12891","page","type-page","status-publish","hentry"],"acf":[],"yoast_head":"<!-- This site is optimized with the Yoast SEO plugin v26.1.1 - https:\/\/yoast.com\/wordpress\/plugins\/seo\/ -->\n<title>Vikings Go Berzerk Review - Play for Free or Real Money<\/title>\n<meta name=\"robots\" content=\"index, follow, max-snippet:-1, max-image-preview:large, max-video-preview:-1\" \/>\n<link rel=\"canonical\" href=\"https:\/\/casinolion.ca\/fr\/online-slots\/vikings-go-berzerk\/\" \/>\n<meta property=\"og:locale\" content=\"fr_CA\" \/>\n<meta property=\"og:type\" content=\"article\" \/>\n<meta property=\"og:title\" content=\"Vikings Go Berzerk Review - Play for Free or Real Money\" \/>\n<meta property=\"og:description\" content=\"Play Vikings Go Berzerk for Real Money RTP 96.1% Game Technology HTML5 Coins Range 0.04 to 5.00 Software Provider Yggdrasil Paylines\/Reels 25 \/ 25 Progressive Jackpot No Bonus Round Yes Free Spins Yes Quick verdict: Vikings Go Berzerk is a popular title from Yggdrasil. It follows the sea-fairing adventures of four brave Vikings as they [&hellip;]\" \/>\n<meta property=\"og:url\" content=\"https:\/\/casinolion.ca\/fr\/online-slots\/vikings-go-berzerk\/\" \/>\n<meta property=\"article:modified_time\" content=\"2021-02-01T00:13:50+00:00\" \/>\n<meta property=\"og:image\" content=\"https:\/\/www.casinolion.ca\/wp-content\/uploads\/2021\/02\/vikings-go-berzerk-screenshot.jpg\" \/>\n<meta name=\"twitter:card\" content=\"summary_large_image\" \/>\n<meta name=\"twitter:label1\" content=\"Estimation du temps de lecture\" \/>\n\t<meta name=\"twitter:data1\" content=\"5 minutes\" \/>\n<script type=\"application\/ld+json\" class=\"yoast-schema-graph\">{\"@context\":\"https:\/\/schema.org\",\"@graph\":[{\"@type\":\"WebPage\",\"@id\":\"https:\/\/casinolion.ca\/online-slots\/vikings-go-berzerk\/\",\"url\":\"https:\/\/casinolion.ca\/online-slots\/vikings-go-berzerk\/\",\"name\":\"Vikings Go Berzerk Review - Play for Free or Real Money\",\"isPartOf\":{\"@id\":\"https:\/\/casinolion.ca\/fr\/#website\"},\"primaryImageOfPage\":{\"@id\":\"https:\/\/casinolion.ca\/online-slots\/vikings-go-berzerk\/#primaryimage\"},\"image\":{\"@id\":\"https:\/\/casinolion.ca\/online-slots\/vikings-go-berzerk\/#primaryimage\"},\"thumbnailUrl\":\"https:\/\/www.casinolion.ca\/wp-content\/uploads\/2021\/02\/vikings-go-berzerk-screenshot.jpg\",\"datePublished\":\"2021-02-01T00:10:51+00:00\",\"dateModified\":\"2021-02-01T00:13:50+00:00\",\"breadcrumb\":{\"@id\":\"https:\/\/casinolion.ca\/online-slots\/vikings-go-berzerk\/#breadcrumb\"},\"inLanguage\":\"fr-CA\",\"potentialAction\":[{\"@type\":\"ReadAction\",\"target\":[\"https:\/\/casinolion.ca\/online-slots\/vikings-go-berzerk\/\"]}]},{\"@type\":\"ImageObject\",\"inLanguage\":\"fr-CA\",\"@id\":\"https:\/\/casinolion.ca\/online-slots\/vikings-go-berzerk\/#primaryimage\",\"url\":\"https:\/\/www.casinolion.ca\/wp-content\/uploads\/2021\/02\/vikings-go-berzerk-screenshot.jpg\",\"contentUrl\":\"https:\/\/www.casinolion.ca\/wp-content\/uploads\/2021\/02\/vikings-go-berzerk-screenshot.jpg\"},{\"@type\":\"BreadcrumbList\",\"@id\":\"https:\/\/casinolion.ca\/online-slots\/vikings-go-berzerk\/#breadcrumb\",\"itemListElement\":[{\"@type\":\"ListItem\",\"position\":1,\"name\":\"Home\",\"item\":\"https:\/\/casinolion.ca\/\"},{\"@type\":\"ListItem\",\"position\":2,\"name\":\"Recommended Canadian Slots Sites\",\"item\":\"https:\/\/casinolion.ca\/online-slots\/\"},{\"@type\":\"ListItem\",\"position\":3,\"name\":\"Vikings Go Berzerk\"}]},{\"@type\":\"WebSite\",\"@id\":\"https:\/\/casinolion.ca\/fr\/#website\",\"url\":\"https:\/\/casinolion.ca\/fr\/\",\"name\":\"\",\"description\":\"\",\"potentialAction\":[{\"@type\":\"SearchAction\",\"target\":{\"@type\":\"EntryPoint\",\"urlTemplate\":\"https:\/\/casinolion.ca\/fr\/?s={search_term_string}\"},\"query-input\":{\"@type\":\"PropertyValueSpecification\",\"valueRequired\":true,\"valueName\":\"search_term_string\"}}],\"inLanguage\":\"fr-CA\"}]}<\/script>\n<!-- \/ Yoast SEO plugin. -->","yoast_head_json":{"title":"Vikings Go Berzerk - Jouer gratuitement ou avec de l'argent r\u00e9el","robots":{"index":"index","follow":"follow","max-snippet":"max-snippet:-1","max-image-preview":"max-image-preview:large","max-video-preview":"max-video-preview:-1"},"canonical":"https:\/\/casinolion.ca\/fr\/online-slots\/vikings-go-berzerk\/","og_locale":"fr_CA","og_type":"article","og_title":"Vikings Go Berzerk Review - Play for Free or Real Money","og_description":"Play Vikings Go Berzerk for Real Money RTP 96.1% Game Technology HTML5 Coins Range 0.04 to 5.00 Software Provider Yggdrasil Paylines\/Reels 25 \/ 25 Progressive Jackpot No Bonus Round Yes Free Spins Yes Quick verdict: Vikings Go Berzerk is a popular title from Yggdrasil. It follows the sea-fairing adventures of four brave Vikings as they [&hellip;]","og_url":"https:\/\/casinolion.ca\/fr\/online-slots\/vikings-go-berzerk\/","article_modified_time":"2021-02-01T00:13:50+00:00","og_image":[{"url":"https:\/\/www.casinolion.ca\/wp-content\/uploads\/2021\/02\/vikings-go-berzerk-screenshot.jpg","type":"","width":"","height":""}],"twitter_card":"summary_large_image","twitter_misc":{"Estimation du temps de lecture":"5 minutes"},"schema":{"@context":"https:\/\/schema.org","@graph":[{"@type":"WebPage","@id":"https:\/\/casinolion.ca\/online-slots\/vikings-go-berzerk\/","url":"https:\/\/casinolion.ca\/online-slots\/vikings-go-berzerk\/","name":"Vikings Go Berzerk - Jouer gratuitement ou avec de l'argent r\u00e9el","isPartOf":{"@id":"https:\/\/casinolion.ca\/fr\/#website"},"primaryImageOfPage":{"@id":"https:\/\/casinolion.ca\/online-slots\/vikings-go-berzerk\/#primaryimage"},"image":{"@id":"https:\/\/casinolion.ca\/online-slots\/vikings-go-berzerk\/#primaryimage"},"thumbnailUrl":"https:\/\/www.casinolion.ca\/wp-content\/uploads\/2021\/02\/vikings-go-berzerk-screenshot.jpg","datePublished":"2021-02-01T00:10:51+00:00","dateModified":"2021-02-01T00:13:50+00:00","breadcrumb":{"@id":"https:\/\/casinolion.ca\/online-slots\/vikings-go-berzerk\/#breadcrumb"},"inLanguage":"fr-CA","potentialAction":[{"@type":"ReadAction","target":["https:\/\/casinolion.ca\/online-slots\/vikings-go-berzerk\/"]}]},{"@type":"ImageObject","inLanguage":"fr-CA","@id":"https:\/\/casinolion.ca\/online-slots\/vikings-go-berzerk\/#primaryimage","url":"https:\/\/www.casinolion.ca\/wp-content\/uploads\/2021\/02\/vikings-go-berzerk-screenshot.jpg","contentUrl":"https:\/\/www.casinolion.ca\/wp-content\/uploads\/2021\/02\/vikings-go-berzerk-screenshot.jpg"},{"@type":"BreadcrumbList","@id":"https:\/\/casinolion.ca\/online-slots\/vikings-go-berzerk\/#breadcrumb","itemListElement":[{"@type":"ListItem","position":1,"name":"Home","item":"https:\/\/casinolion.ca\/"},{"@type":"ListItem","position":2,"name":"Recommended Canadian Slots Sites","item":"https:\/\/casinolion.ca\/online-slots\/"},{"@type":"ListItem","position":3,"name":"Vikings Go Berzerk"}]},{"@type":"WebSite","@id":"https:\/\/casinolion.ca\/fr\/#website","url":"https:\/\/casinolion.ca\/fr\/","name":"","description":"","potentialAction":[{"@type":"SearchAction","target":{"@type":"EntryPoint","urlTemplate":"https:\/\/casinolion.ca\/fr\/?s={search_term_string}"},"query-input":{"@type":"PropertyValueSpecification","valueRequired":true,"valueName":"search_term_string"}}],"inLanguage":"fr-CA"}]}},"_links":{"self":[{"href":"https:\/\/casinolion.ca\/fr\/wp-json\/wp\/v2\/pages\/12891","targetHints":{"allow":["GET"]}}],"collection":[{"href":"https:\/\/casinolion.ca\/fr\/wp-json\/wp\/v2\/pages"}],"about":[{"href":"https:\/\/casinolion.ca\/fr\/wp-json\/wp\/v2\/types\/page"}],"author":[{"embeddable":true,"href":"https:\/\/casinolion.ca\/fr\/wp-json\/wp\/v2\/users\/1"}],"replies":[{"embeddable":true,"href":"https:\/\/casinolion.ca\/fr\/wp-json\/wp\/v2\/comments?post=12891"}],"version-history":[{"count":0,"href":"https:\/\/casinolion.ca\/fr\/wp-json\/wp\/v2\/pages\/12891\/revisions"}],"up":[{"embeddable":true,"href":"https:\/\/casinolion.ca\/fr\/wp-json\/wp\/v2\/pages\/455"}],"wp:attachment":[{"href":"https:\/\/casinolion.ca\/fr\/wp-json\/wp\/v2\/media?parent=12891"}],"curies":[{"name":"wp","href":"https:\/\/api.w.org\/{rel}","templated":true}]}}