
{"id":12895,"date":"2021-02-01T05:48:54","date_gmt":"2021-02-01T05:48:54","guid":{"rendered":"https:\/\/www.canadiancasinos.ca\/?page_id=12895"},"modified":"2021-02-01T05:49:07","modified_gmt":"2021-02-01T05:49:07","slug":"mamma-mia","status":"publish","type":"page","link":"https:\/\/casinolion.ca\/fr\/online-slots\/mamma-mia\/","title":{"rendered":"Mamma Mia"},"content":{"rendered":"<div class=\"video-screenshot\"><iframe src=\"https:\/\/democasino.betsoftgaming.com\/cwguestlogin.do?bankId=675&amp;CDN=AUTO&amp;gameId=238\" frameborder=\"0\" data-mce-fragment=\"1\"><\/iframe><\/div>\n<p><center><a class=\"btn primary\" href=\"https:\/\/casinolion.ca\/fr\/visit\/sloty-casino\/\" target=\"_blank\" rel=\"nofollow noopener noreferrer\">Jouer \u00e0 Mamma Mia pour de l'argent r\u00e9el<\/a><\/center><\/p>\n<table>\n<tbody>\n<tr>\n<td><strong>RTP<\/strong><\/td>\n<td>95%<\/td>\n<\/tr>\n<tr>\n<td><strong>Technologie des jeux<\/strong><\/td>\n<td>HTML5, Flash<\/td>\n<\/tr>\n<tr>\n<td><strong>Gamme de pi\u00e8ces<\/strong><\/td>\n<td>0,02 \u00e0 0,50<\/td>\n<\/tr>\n<tr>\n<td><strong>Fournisseur de logiciel<\/strong><\/td>\n<td><a href=\"https:\/\/casinolion.ca\/fr\/betsoft-casinos\/\">BetSoft<\/a><\/td>\n<\/tr>\n<tr>\n<td><strong>Lignes de paiement \/ Roues<\/strong><\/td>\n<td>30 \/ 5<\/td>\n<\/tr>\n<tr>\n<td><strong>Jackpot progressif<\/strong><\/td>\n<td>Non<\/td>\n<\/tr>\n<tr>\n<td><strong>Tour de bonus<\/strong><\/td>\n<td>Oui<\/td>\n<\/tr>\n<tr>\n<td><strong>Spins gratuits<\/strong><\/td>\n<td>Oui<\/td>\n<\/tr>\n<\/tbody>\n<\/table>\n<p><strong><em>Verdict rapide<\/em><\/strong><em>: Mamma Mia est une machine \u00e0 sous unique en son genre. <a href=\"https:\/\/casinolion.ca\/fr\/betsoft-casinos\/\">Betsoft<\/a> avec de nombreuses caract\u00e9ristiques sp\u00e9ciales que tous les joueurs appr\u00e9cieront. Il utilise une grille standard de 5\u00d73 avec 30 lignes de paiement, mais vous pouvez modifier la mise comme vous le souhaitez. La vedette du jeu est la fonction Locking Wilds, mais vous ne serez certainement pas d\u00e9\u00e7u par les nombreuses autres fonctions bonus que le jeu a cach\u00e9es, attendant que les joueurs les d\u00e9couvrent.<\/em><\/p>\n<h2>Histoire de la machine \u00e0 sous Mamma Mia<\/h2>\n<p><em>Mamma Mia<\/em> n'est pas un jeu qui se concentre sur une histoire, mais, pour \u00eatre honn\u00eate, il n'en a m\u00eame pas besoin. Franchement, le contexte de la machine \u00e0 sous, \u00e0 la fois litt\u00e9ral et m\u00e9taphorique, qui est li\u00e9 \u00e0 la cuisine italienne et aux chefs cuisiniers, est plus que suffisant.<\/p>\n<p>Le jeu est consacr\u00e9 \u00e0 l'une des meilleures cuisines du monde - en fait, le design de l'\u00e9cran principal de la machine \u00e0 sous a \u00e9t\u00e9 con\u00e7u pour ressembler \u00e0 une cuisine.<\/p>\n<p>Naturellement, l'ambiance g\u00e9n\u00e9rale du jeu est incroyablement positive. Apr\u00e8s tout, qu'y a-t-il de mal \u00e0 aimer la nourriture ? Pr\u00e9parez-vous donc \u00e0 avoir faim de gains et de nourriture italienne lorsque vous commencerez \u00e0 jouer \u00e0 cette excellente machine \u00e0 sous.<\/p>\n<h2>Visuels et effets sonores<\/h2>\n<p><em>Mamma Mia<\/em> La machine \u00e0 sous a \u00e9t\u00e9 con\u00e7ue pour ressembler \u00e0 un dessin anim\u00e9. <em>Ratatouille<\/em> ou tout autre film d'animation populaire. Comme nous l'avons dit, l'arri\u00e8re-plan est une cuisine, et une cuisine bien con\u00e7ue, d'ailleurs. Vous remarquerez qu'une grande attention a \u00e9t\u00e9 port\u00e9e aux d\u00e9tails, comme un cadre en bois enveloppant la grille, par exemple.<\/p>\n<p>Il y a un grand chef italien dans le coin - et oui, il porte une toque blanche et une moustache. Ce chef bien dessin\u00e9 est \u00e9galement le symbole le plus r\u00e9mun\u00e9rateur du jeu.<\/p>\n<p>Les autres symboles sont tous anim\u00e9s et repr\u00e9sentent divers objets et personnes li\u00e9s \u00e0 un restaurant typique. C'est pourquoi nous avons un critique gastronomique, un menu, un plat \u00e0 l'aspect exquis, des journaux, des ustensiles et bien d'autres choses encore. Tous ces symboles sont cliquables, mais c'est une fonctionnalit\u00e9 que nous expliquerons plus tard.<\/p>\n<p>En ce qui concerne le son, nous appr\u00e9cions la fa\u00e7on dont le cliquetis d'une cuisine de restaurant occup\u00e9e est utilis\u00e9 pour faire tourner les rouleaux. De plus, \u00e0 chaque fois que vous gagnez, vous entendrez un joyeux jingle italien en arri\u00e8re-plan. De nombreuses personnes d\u00e9sactivent le son dans les machines \u00e0 sous, mais nous vous conseillons de le garder pour celle-ci, car vous ne serez pas d\u00e9\u00e7u.<\/p>\n<h2>Gameplay<\/h2>\n<p><img decoding=\"async\" class=\"alignnone size-full wp-image-12896\" src=\"https:\/\/www.casinolion.ca\/wp-content\/uploads\/2021\/02\/mamma-mia-screenshot.jpg\" alt=\"\" width=\"765\" height=\"432\" srcset=\"https:\/\/casinolion.ca\/wp-content\/uploads\/2021\/02\/mamma-mia-screenshot.jpg 765w, https:\/\/casinolion.ca\/wp-content\/uploads\/2021\/02\/mamma-mia-screenshot-280x158.jpg 280w, https:\/\/casinolion.ca\/wp-content\/uploads\/2021\/02\/mamma-mia-screenshot-150x85.jpg 150w, https:\/\/casinolion.ca\/wp-content\/uploads\/2021\/02\/mamma-mia-screenshot-64x36.jpg 64w, https:\/\/casinolion.ca\/wp-content\/uploads\/2021\/02\/mamma-mia-screenshot-159x90.jpg 159w\" sizes=\"(max-width: 765px) 100vw, 765px\" \/><\/p>\n<p>Le jeu est tr\u00e8s minimaliste en ce qui concerne les options de jeu habituelles. Sur l'\u00e9cran principal, vous n'avez que le bouton \u2018Spin\u2019, ainsi qu'un bouton sp\u00e9cial pour une fonction appel\u00e9e \"Spin\". <em>Verrouillage des jokers<\/em>, La qualit\u00e9 de l'eau, une caract\u00e9ristique excellente et unique de l'eau de mer. <em>Mamma Mia <\/em>que vous aimerez utiliser.<\/p>\n<p>Avec la <em>Verrouillage des jokers<\/em> vous pouvez verrouiller n'importe quel nombre de <em>Sauvage<\/em> n'importe o\u00f9 sur l'\u00e9cran - il vous suffit de cliquer sur les symboles que vous souhaitez transformer en <em>Sauvages<\/em>. Une fois que c'est fait, vous pouvez cliquer sur le bouton \u2018Locking Wilds Spin\u2019, qui affiche \u00e9galement le montant total de votre mise, et faire tourner la grille avec le bouton \"Locking Wilds Spin\".<em> Sauvages<\/em> en place. Ils remplaceront tous les symboles et, par cons\u00e9quent, le jeu vous offrira des r\u00e9compenses plus \u00e9lev\u00e9es. Comme vous pouvez vous en douter, il s'agit d'un jeu tr\u00e8s risqu\u00e9, car les mises sont beaucoup plus \u00e9lev\u00e9es. Cependant, les gains potentiels sont \u00e9galement tr\u00e8s lucratifs.<\/p>\n<p><em>Mamma Mia <\/em>dispose d'un <em>Jeu automatique<\/em> mais cette option, comme beaucoup d'autres, peut \u00eatre trouv\u00e9e dans la fonction <em>Param\u00e8tres<\/em>. L'\u00e9cran principal est r\u00e9serv\u00e9 au jeu, ce qui est un choix particulier, car la plupart des machines \u00e0 sous ont tendance \u00e0 placer les boutons \u2018Autoplay\u2019 et \u2018Bet Size\u2019 sur l'\u00e9cran principal \u00e9galement. Cependant, ce n'est pas un mauvais choix, car vous utiliserez principalement les boutons \u2018 Spin \u2019 et \u2018 Locking Wilds Spin \u2019.<\/p>\n<p>En ce qui concerne le montant de la mise, vous disposez d'une grande marge de man\u0153uvre pour choisir le montant que vous souhaitez miser. Le jeu vous permet de s\u00e9lectionner la d\u00e9nomination des pi\u00e8ces, la mise par ligne et le nombre de lignes. Ainsi, votre mise peut \u00eatre aussi basse qu'un seul cr\u00e9dit et aussi haute que 150 cr\u00e9dits, avec d'innombrables options entre les deux.<\/p>\n<p>Le <em>Jeu automatique<\/em> est tout aussi d\u00e9taill\u00e9. Vous y trouverez \u00e9galement les <em>Tour rapide<\/em> que de nombreux joueurs aiment activer dans la plupart des machines \u00e0 sous, c'est pourquoi il est bon que le jeu en soit dot\u00e9.<\/p>\n<h2>Wilds et bonus<\/h2>\n<p>Comme indiqu\u00e9 pr\u00e9c\u00e9demment, <em>Mamma Mia<\/em> La fente est dot\u00e9e d'une fonction sp\u00e9ciale <em>Verrouillage des jokers<\/em> Cette fonction vous permet de transformer n'importe quel symbole en <em>Sauvage<\/em>. Cependant, le montant total de votre mise sera modifi\u00e9 en cons\u00e9quence, alors attendez-vous \u00e0 payer une somme importante pour bloquer un grand nombre d'euros. <em>Sauvages<\/em>. Le point positif est que <em>Sauvages<\/em> apparaissent \u00e9galement seules et remplacent toujours toutes les autres ic\u00f4nes, quelle que soit la m\u00e9thode par laquelle elles sont apparues.<\/p>\n<p>Le seul symbole que le <em>Sauvage <\/em>ne peut se substituer est le <em>Spins gratuits<\/em> en forme de d\u00e9licieuse pizza italienne. Trois pizzas ou plus activeront le <em>Spins gratuits <\/em>o\u00f9 vous utiliserez la derni\u00e8re mise pay\u00e9e pour les tours comme mise pour les tours gratuits. Les <em>Sauvages <\/em>n'apparaissent pas dans ce jeu bonus, mais le mode comporte des symboles uniques (tous en forme d'ingr\u00e9dients sp\u00e9cifiques) qui rapportent beaucoup plus que les symboles habituels.<\/p>\n<p>Le <em>Spins gratuits<\/em> peut sembler \u00eatre le seul jeu de bonus de la <em>Mamma Mia<\/em>, mais c'est loin d'\u00eatre le cas. Il y a aussi la <em>Cycle bonus de la critique<\/em>, Le jeu bonus est activ\u00e9 lorsque vous obtenez au moins trois symboles de menu sp\u00e9cial. Le jeu bonus est tr\u00e8s agr\u00e9able, car vous devez aider le chef \u00e0 cr\u00e9er un plat parfait. \u00c0 la fin, vous serez not\u00e9 en fonction de vos choix.<\/p>\n<p>Mais ce n'est pas tout.<em> Mamma Mia <\/em>La machine \u00e0 sous propose \u00e9galement le <em>Couvercle alimentaire<\/em> qui agissent de la m\u00eame mani\u00e8re que les <em>Spins gratuits<\/em> symboles. Si trois symboles ou plus apparaissent sur la grille, vous pouvez utiliser la fonction <em>Couverture alimentaire Cliquez-moi<\/em> caract\u00e9ristique. En fait, vous pouvez choisir une couverture cliquable qui vous permettra de gagner des prix cach\u00e9s. Il s'agit d'une fonction bonus int\u00e9ressante, mais nous ne la g\u00e2cherons pas en la d\u00e9crivant plus en d\u00e9tail.<\/p>\n<h2>Mamma Mia RTP %<\/h2>\n<p>Avec une telle abondance de fonctionnalit\u00e9s, il n'est pas surprenant que le pourcentage de RTP de <em>Mamma Mia<\/em> est \u00e0 peine dans la moyenne, avec un RTP de 95%. Certains joueurs n'appr\u00e9cieront pas ce fait, mais gr\u00e2ce \u00e0 toutes les fonctions bonus, les tours gratuits et les options de jeu sp\u00e9ciales, vous serez largement r\u00e9compens\u00e9, m\u00eame avec un RTP aussi simple.<\/p>\n<h2>R\u00e9flexions finales<\/h2>\n<p>Dans l'ensemble, la<em> Mamma Mia<\/em> est un jeu d'apparence simple mais \u00e9tonnante, qui rec\u00e8le de nombreuses fonctionnalit\u00e9s qui n'attendent que vous pour \u00eatre d\u00e9couvertes. Le RTP est moyen, mais les effets visuels et sonores sont exquis, et le grand nombre de fonctions sp\u00e9ciales et de jeux bonus sont, sans aucun doute, les principales attractions. Il s'agit vraiment d'une machine \u00e0 sous unique dans une mer de jeux de machines \u00e0 sous vid\u00e9o standard, une machine \u00e0 sous que vous devez absolument essayer.<\/p>","protected":false},"excerpt":{"rendered":"<p>Play Mamma Mia for Real Money RTP 95% Game Technology HTML5, Flash Coins Range 0.02 to 0.50 Software Provider BetSoft Paylines \/ Reels 30 \/ 5 Progressive Jackpot No Bonus Round Yes Free Spins Yes Quick verdict : Mamma Mia est une machine \u00e0 sous unique de Betsoft avec de nombreuses caract\u00e9ristiques sp\u00e9ciales que tous les joueurs [...]<\/p>","protected":false},"author":1,"featured_media":0,"parent":455,"menu_order":0,"comment_status":"closed","ping_status":"closed","template":"","meta":{"_acf_changed":false,"footnotes":""},"class_list":["post-12895","page","type-page","status-publish","hentry"],"acf":[],"yoast_head":"<!-- This site is optimized with the Yoast SEO plugin v26.1.1 - https:\/\/yoast.com\/wordpress\/plugins\/seo\/ -->\n<title>Mamma Mia Slot Review - Play for Free or Real Money<\/title>\n<meta name=\"robots\" content=\"index, follow, max-snippet:-1, max-image-preview:large, max-video-preview:-1\" \/>\n<link rel=\"canonical\" href=\"https:\/\/casinolion.ca\/fr\/online-slots\/mamma-mia\/\" \/>\n<meta property=\"og:locale\" content=\"fr_CA\" \/>\n<meta property=\"og:type\" content=\"article\" \/>\n<meta property=\"og:title\" content=\"Mamma Mia Slot Review - Play for Free or Real Money\" \/>\n<meta property=\"og:description\" content=\"Play Mamma Mia for Real Money RTP 95% Game Technology HTML5, Flash Coins Range 0.02 to 0.50 Software Provider BetSoft Paylines \/ Reels 30 \/ 5 Progressive Jackpot No Bonus Round Yes Free Spins Yes Quick verdict: Mamma Mia is a unique slot game from Betsoft with a lot of special features every player will [&hellip;]\" \/>\n<meta property=\"og:url\" content=\"https:\/\/casinolion.ca\/fr\/online-slots\/mamma-mia\/\" \/>\n<meta property=\"article:modified_time\" content=\"2021-02-01T05:49:07+00:00\" \/>\n<meta property=\"og:image\" content=\"https:\/\/www.casinolion.ca\/wp-content\/uploads\/2021\/02\/mamma-mia-screenshot.jpg\" \/>\n<meta name=\"twitter:card\" content=\"summary_large_image\" \/>\n<meta name=\"twitter:label1\" content=\"Estimation du temps de lecture\" \/>\n\t<meta name=\"twitter:data1\" content=\"6 minutes\" \/>\n<script type=\"application\/ld+json\" class=\"yoast-schema-graph\">{\"@context\":\"https:\/\/schema.org\",\"@graph\":[{\"@type\":\"WebPage\",\"@id\":\"https:\/\/casinolion.ca\/online-slots\/mamma-mia\/\",\"url\":\"https:\/\/casinolion.ca\/online-slots\/mamma-mia\/\",\"name\":\"Mamma Mia Slot Review - Play for Free or Real Money\",\"isPartOf\":{\"@id\":\"https:\/\/casinolion.ca\/fr\/#website\"},\"primaryImageOfPage\":{\"@id\":\"https:\/\/casinolion.ca\/online-slots\/mamma-mia\/#primaryimage\"},\"image\":{\"@id\":\"https:\/\/casinolion.ca\/online-slots\/mamma-mia\/#primaryimage\"},\"thumbnailUrl\":\"https:\/\/www.casinolion.ca\/wp-content\/uploads\/2021\/02\/mamma-mia-screenshot.jpg\",\"datePublished\":\"2021-02-01T05:48:54+00:00\",\"dateModified\":\"2021-02-01T05:49:07+00:00\",\"breadcrumb\":{\"@id\":\"https:\/\/casinolion.ca\/online-slots\/mamma-mia\/#breadcrumb\"},\"inLanguage\":\"fr-CA\",\"potentialAction\":[{\"@type\":\"ReadAction\",\"target\":[\"https:\/\/casinolion.ca\/online-slots\/mamma-mia\/\"]}]},{\"@type\":\"ImageObject\",\"inLanguage\":\"fr-CA\",\"@id\":\"https:\/\/casinolion.ca\/online-slots\/mamma-mia\/#primaryimage\",\"url\":\"https:\/\/www.casinolion.ca\/wp-content\/uploads\/2021\/02\/mamma-mia-screenshot.jpg\",\"contentUrl\":\"https:\/\/www.casinolion.ca\/wp-content\/uploads\/2021\/02\/mamma-mia-screenshot.jpg\"},{\"@type\":\"BreadcrumbList\",\"@id\":\"https:\/\/casinolion.ca\/online-slots\/mamma-mia\/#breadcrumb\",\"itemListElement\":[{\"@type\":\"ListItem\",\"position\":1,\"name\":\"Home\",\"item\":\"https:\/\/casinolion.ca\/\"},{\"@type\":\"ListItem\",\"position\":2,\"name\":\"Recommended Canadian Slots Sites\",\"item\":\"https:\/\/casinolion.ca\/online-slots\/\"},{\"@type\":\"ListItem\",\"position\":3,\"name\":\"Mamma Mia\"}]},{\"@type\":\"WebSite\",\"@id\":\"https:\/\/casinolion.ca\/fr\/#website\",\"url\":\"https:\/\/casinolion.ca\/fr\/\",\"name\":\"\",\"description\":\"\",\"potentialAction\":[{\"@type\":\"SearchAction\",\"target\":{\"@type\":\"EntryPoint\",\"urlTemplate\":\"https:\/\/casinolion.ca\/fr\/?s={search_term_string}\"},\"query-input\":{\"@type\":\"PropertyValueSpecification\",\"valueRequired\":true,\"valueName\":\"search_term_string\"}}],\"inLanguage\":\"fr-CA\"}]}<\/script>\n<!-- \/ Yoast SEO plugin. -->","yoast_head_json":{"title":"Mamma Mia Slot Review - Jouer gratuitement ou avec de l'argent r\u00e9el","robots":{"index":"index","follow":"follow","max-snippet":"max-snippet:-1","max-image-preview":"max-image-preview:large","max-video-preview":"max-video-preview:-1"},"canonical":"https:\/\/casinolion.ca\/fr\/online-slots\/mamma-mia\/","og_locale":"fr_CA","og_type":"article","og_title":"Mamma Mia Slot Review - Play for Free or Real Money","og_description":"Play Mamma Mia for Real Money RTP 95% Game Technology HTML5, Flash Coins Range 0.02 to 0.50 Software Provider BetSoft Paylines \/ Reels 30 \/ 5 Progressive Jackpot No Bonus Round Yes Free Spins Yes Quick verdict: Mamma Mia is a unique slot game from Betsoft with a lot of special features every player will [&hellip;]","og_url":"https:\/\/casinolion.ca\/fr\/online-slots\/mamma-mia\/","article_modified_time":"2021-02-01T05:49:07+00:00","og_image":[{"url":"https:\/\/www.casinolion.ca\/wp-content\/uploads\/2021\/02\/mamma-mia-screenshot.jpg","type":"","width":"","height":""}],"twitter_card":"summary_large_image","twitter_misc":{"Estimation du temps de lecture":"6 minutes"},"schema":{"@context":"https:\/\/schema.org","@graph":[{"@type":"WebPage","@id":"https:\/\/casinolion.ca\/online-slots\/mamma-mia\/","url":"https:\/\/casinolion.ca\/online-slots\/mamma-mia\/","name":"Mamma Mia Slot Review - Jouer gratuitement ou avec de l'argent r\u00e9el","isPartOf":{"@id":"https:\/\/casinolion.ca\/fr\/#website"},"primaryImageOfPage":{"@id":"https:\/\/casinolion.ca\/online-slots\/mamma-mia\/#primaryimage"},"image":{"@id":"https:\/\/casinolion.ca\/online-slots\/mamma-mia\/#primaryimage"},"thumbnailUrl":"https:\/\/www.casinolion.ca\/wp-content\/uploads\/2021\/02\/mamma-mia-screenshot.jpg","datePublished":"2021-02-01T05:48:54+00:00","dateModified":"2021-02-01T05:49:07+00:00","breadcrumb":{"@id":"https:\/\/casinolion.ca\/online-slots\/mamma-mia\/#breadcrumb"},"inLanguage":"fr-CA","potentialAction":[{"@type":"ReadAction","target":["https:\/\/casinolion.ca\/online-slots\/mamma-mia\/"]}]},{"@type":"ImageObject","inLanguage":"fr-CA","@id":"https:\/\/casinolion.ca\/online-slots\/mamma-mia\/#primaryimage","url":"https:\/\/www.casinolion.ca\/wp-content\/uploads\/2021\/02\/mamma-mia-screenshot.jpg","contentUrl":"https:\/\/www.casinolion.ca\/wp-content\/uploads\/2021\/02\/mamma-mia-screenshot.jpg"},{"@type":"BreadcrumbList","@id":"https:\/\/casinolion.ca\/online-slots\/mamma-mia\/#breadcrumb","itemListElement":[{"@type":"ListItem","position":1,"name":"Home","item":"https:\/\/casinolion.ca\/"},{"@type":"ListItem","position":2,"name":"Recommended Canadian Slots Sites","item":"https:\/\/casinolion.ca\/online-slots\/"},{"@type":"ListItem","position":3,"name":"Mamma Mia"}]},{"@type":"WebSite","@id":"https:\/\/casinolion.ca\/fr\/#website","url":"https:\/\/casinolion.ca\/fr\/","name":"","description":"","potentialAction":[{"@type":"SearchAction","target":{"@type":"EntryPoint","urlTemplate":"https:\/\/casinolion.ca\/fr\/?s={search_term_string}"},"query-input":{"@type":"PropertyValueSpecification","valueRequired":true,"valueName":"search_term_string"}}],"inLanguage":"fr-CA"}]}},"_links":{"self":[{"href":"https:\/\/casinolion.ca\/fr\/wp-json\/wp\/v2\/pages\/12895","targetHints":{"allow":["GET"]}}],"collection":[{"href":"https:\/\/casinolion.ca\/fr\/wp-json\/wp\/v2\/pages"}],"about":[{"href":"https:\/\/casinolion.ca\/fr\/wp-json\/wp\/v2\/types\/page"}],"author":[{"embeddable":true,"href":"https:\/\/casinolion.ca\/fr\/wp-json\/wp\/v2\/users\/1"}],"replies":[{"embeddable":true,"href":"https:\/\/casinolion.ca\/fr\/wp-json\/wp\/v2\/comments?post=12895"}],"version-history":[{"count":0,"href":"https:\/\/casinolion.ca\/fr\/wp-json\/wp\/v2\/pages\/12895\/revisions"}],"up":[{"embeddable":true,"href":"https:\/\/casinolion.ca\/fr\/wp-json\/wp\/v2\/pages\/455"}],"wp:attachment":[{"href":"https:\/\/casinolion.ca\/fr\/wp-json\/wp\/v2\/media?parent=12895"}],"curies":[{"name":"wp","href":"https:\/\/api.w.org\/{rel}","templated":true}]}}