
{"id":12913,"date":"2021-02-02T04:46:03","date_gmt":"2021-02-02T04:46:03","guid":{"rendered":"https:\/\/www.canadiancasinos.ca\/?page_id=12913"},"modified":"2021-02-02T04:47:57","modified_gmt":"2021-02-02T04:47:57","slug":"eastern-emeralds","status":"publish","type":"page","link":"https:\/\/casinolion.ca\/fr\/online-slots\/eastern-emeralds\/","title":{"rendered":"\u00c9meraudes de l'Est"},"content":{"rendered":"<div class=\"video-screenshot\"><iframe src=\"https:\/\/d1k6j4zyghhevb.cloudfront.net\/casino\/launcher.html?partner=casumo&amp;channel=web&amp;partnerid=11&amp;moneymode=fun&amp;lang=en_US&amp;gameid=easternemeralds\" frameborder=\"0\" data-mce-fragment=\"1\"><\/iframe><\/div>\n<p><center><a class=\"btn primary\" href=\"https:\/\/casinolion.ca\/fr\/visit\/sloty-casino\/\" target=\"_blank\" rel=\"nofollow noopener noreferrer\">Jouer \u00e0 Eastern Emeralds pour de l'argent r\u00e9el<\/a><\/center><\/p>\n<table>\n<tbody>\n<tr>\n<td><strong>RTP<\/strong><\/td>\n<td>96.58%<\/td>\n<\/tr>\n<tr>\n<td><strong>Technologie des jeux<\/strong><\/td>\n<td>HTML5<\/td>\n<\/tr>\n<tr>\n<td><strong>Gamme de pi\u00e8ces<\/strong><\/td>\n<td>0,01 \u00e0 5,00<\/td>\n<\/tr>\n<tr>\n<td><strong>Fournisseur de logiciel<\/strong><\/td>\n<td><a href=\"https:\/\/casinolion.ca\/fr\/quickspin\/\">Quickspin<\/a><\/td>\n<\/tr>\n<tr>\n<td><strong>Lignes de paiement\/Reels<\/strong><\/td>\n<td>20 \/ 5<\/td>\n<\/tr>\n<tr>\n<td><strong>Jackpot progressif<\/strong><\/td>\n<td>Non<\/td>\n<\/tr>\n<tr>\n<td><strong>Tour de bonus<\/strong><\/td>\n<td>Non<\/td>\n<\/tr>\n<tr>\n<td><strong>Spins gratuits<\/strong><\/td>\n<td>Oui<\/td>\n<\/tr>\n<\/tbody>\n<\/table>\n<p><strong><em>Verdict rapide<\/em><\/strong><em>: Eastern Emeralds est une machine \u00e0 sous vid\u00e9o Quickspin standard, avec des graphismes fascinants et un gameplay de qualit\u00e9. Tout dans le jeu est amusant, mais les fonctions sp\u00e9ciales et un RTP sup\u00e9rieur \u00e0 la moyenne de 96,58% apportent encore plus d'excitation et une pouss\u00e9e d'adr\u00e9naline une fois que les multiplicateurs entrent en jeu. Avec son th\u00e8me asiatique et son gameplay intuitif, Eastern Emeralds ne manquera pas de plaire \u00e0 beaucoup, et il ne vous reste plus qu'\u00e0 lui donner une chance pour en faire l'exp\u00e9rience. <\/em><\/p>\n<h2>Histoire de la machine \u00e0 sous Eastern Emeralds<\/h2>\n<p><em>\u00c9meraudes de l'Est<\/em> est une machine \u00e0 sous au th\u00e8me asiatique, inspir\u00e9e des anciennes civilisations et symboles asiatiques. Tout ce que l'Occident conna\u00eet de la Chine ancienne est ici pr\u00e9sent, y compris une nature \u00e9poustouflante, de magnifiques b\u00e2timents orientaux et des symboles attrayants de dragons, de poissons koi, de tortues, d'oiseaux et bien plus encore.<\/p>\n<p>En dehors du th\u00e8me, il n'y a pas vraiment d'histoire, puisque<em> \u00c9meraudes de l'Est<\/em> slot choisit de se concentrer sur les \u00e9l\u00e9ments de gameplay, que nous aborderons en d\u00e9tail dans cet article.<\/p>\n<h2>Visuels et effets sonores<\/h2>\n<p><em>\u00c9meraudes de l'Est<\/em> a \u00e9t\u00e9 d\u00e9velopp\u00e9e par Quickspin, un fournisseur de machines \u00e0 sous vid\u00e9o r\u00e9put\u00e9 pour ne proposer que des machines \u00e0 sous de grande qualit\u00e9. Pour de nombreux joueurs, ce nom \u00e9voque des images \u00e9poustouflantes et, une fois que vous aurez commenc\u00e9 \u00e0 jouer, vous pourrez vous rendre compte qu'il s'agit d'une machine \u00e0 sous de grande qualit\u00e9. <em>\u00c9meraudes de l'Est<\/em> vous ne serez pas d\u00e9\u00e7u.<\/p>\n<p>La qualit\u00e9 des graphismes, des animations et des nombreux petits d\u00e9tails pr\u00e9sents dans le jeu est \u00e9vidente. Des spins aux animations des gros gains, tout est con\u00e7u pour plaire aux yeux, ce qui permettra au jeu de conserver sa fra\u00eecheur pendant de nombreuses ann\u00e9es.<\/p>\n<p>La grille et l'arri\u00e8re-plan sont con\u00e7us dans les moindres d\u00e9tails, et vous appr\u00e9cierez l'\u00e9l\u00e9gance avec laquelle les rouleaux tournent, m\u00eame avec la fonction <em>Tour rapide<\/em> est activ\u00e9e.<\/p>\n<p>La plus grande partie de l'attention des concepteurs a clairement \u00e9t\u00e9 accord\u00e9e aux symboles eux-m\u00eames, car m\u00eame les symboles les moins payants sont magnifiques. Plus ils rapportent, plus ils se d\u00e9marquent, avec des visuels et des d\u00e9tails \u00e9poustouflants qui les font para\u00eetre plus grands. M\u00eame sans consulter le tableau des gains, vous saurez exactement quels symboles esp\u00e9rer dans les jeux de hasard. <em>\u00c9meraudes de l'Est<\/em>.<\/p>\n<p>En ce qui concerne le son, une m\u00e9lodie orientale apaisante constitue la toile de fond du jeu, mais chaque action du jeu produira son propre effet sonore qui maintiendra l'excitation. La qualit\u00e9 de ces sons vous incitera sans aucun doute \u00e0 mettre votre playlist en pause et \u00e0 laisser le jeu vous divertir autant auditivement que visuellement.<\/p>\n<h2>Gameplay<\/h2>\n<p><img decoding=\"async\" class=\"alignnone size-full wp-image-12915\" src=\"https:\/\/www.casinolion.ca\/wp-content\/uploads\/2021\/02\/eastern-emeralds-screenshot.jpg\" alt=\"\" width=\"765\" height=\"428\" srcset=\"https:\/\/casinolion.ca\/wp-content\/uploads\/2021\/02\/eastern-emeralds-screenshot.jpg 765w, https:\/\/casinolion.ca\/wp-content\/uploads\/2021\/02\/eastern-emeralds-screenshot-280x157.jpg 280w, https:\/\/casinolion.ca\/wp-content\/uploads\/2021\/02\/eastern-emeralds-screenshot-150x84.jpg 150w, https:\/\/casinolion.ca\/wp-content\/uploads\/2021\/02\/eastern-emeralds-screenshot-64x36.jpg 64w, https:\/\/casinolion.ca\/wp-content\/uploads\/2021\/02\/eastern-emeralds-screenshot-161x90.jpg 161w\" sizes=\"(max-width: 765px) 100vw, 765px\" \/><\/p>\n<p>Le gameplay dans <em>\u00c9meraudes de l'Est<\/em> est semblable \u00e0 la plupart des jeux Quickspin, ainsi qu'\u00e0 de nombreuses autres machines \u00e0 sous populaires. M\u00eame si <em>\u00c9meraudes de l'Est<\/em> n'est qu'un jeu mod\u00e9r\u00e9ment populaire, il a tout ce qu'il faut pour devenir l'un des favoris.<\/p>\n<p>Toutes les options dont vous avez besoin dans une machine \u00e0 sous sont soigneusement dispos\u00e9es sur l'\u00e9cran principal, juste en dessous de la grille standard 5\u00d73. En partant de la gauche, vous trouverez les boutons \u2018 Param\u00e8tres \u2019 et \u2018 Tableau des paiements \u2019, et juste \u00e0 c\u00f4t\u00e9, vous verrez votre solde, les lignes de pari et le pari total qui est enti\u00e8rement r\u00e9glable. Vous pouvez miser de 0,2 \u00e0 100 cr\u00e9dits, mais vous ne pourrez pas modifier le nombre de lignes de paiement, qui est fixe.<\/p>\n<p>En cliquant sur le bouton \u2018Param\u00e8tres\u2019, vous pourrez choisir d'utiliser le bouton Espace pour faire tourner les rouleaux sur le bureau, alors que sur le t\u00e9l\u00e9phone, vous pouvez cliquer n'importe o\u00f9 sur l'\u00e9cran pour faire tourner les rouleaux.<\/p>\n<p>Pour revenir \u00e0 l'\u00e9cran principal, vous trouverez \u00e9galement le bouton \u2018Autoplay\u2019 \u00e0 droite, \u00e0 c\u00f4t\u00e9 du bouton \u2018Spin\u2019. Il y a aussi le bouton \u2018Quick Spin\u2019 pour tous ceux qui aiment l'action rapide. En cliquant sur le bouton \u2018Autoplay\u2019, vous ouvrirez un tableau d\u00e9taill\u00e9 qui vous aidera \u00e0 choisir la dur\u00e9e exacte de la fonction.<\/p>\n<p>Le jeu est con\u00e7u pour fonctionner aussi bien sur votre ordinateur que sur votre t\u00e9l\u00e9phone. M\u00eame s'il est tr\u00e8s beau, il n'est pas exigeant, il n'est donc pas n\u00e9cessaire d'avoir une machine puissante pour le faire fonctionner.<\/p>\n<h2>Wilds et bonus<\/h2>\n<p><em>\u00c9meraudes de l'Est<\/em> ne dispose pas d'une norme<em> Sauvage<\/em> symbole. Cependant, il poss\u00e8de un <em>Multiplicateur Wild <\/em>Il s'agit d'un symbole facile \u00e0 reconna\u00eetre, car le mot \u201cwild\u201d est inscrit dessus, ainsi que le nombre de multiplicateurs. Comme dans tous les jeux, il se substitue \u00e0 tous les symboles, \u00e0 l'exception du symbole <em>Dispersion<\/em>. Cependant, outre la substitution de la plupart des symboles, le <em>Sauvages<\/em> multiplient \u00e9galement vos gains en fonction du nombre de multiplicateurs.<\/p>\n<p>Tous les autres symboles se pr\u00e9sentent sous la forme d'animaux et d'artefacts orientaux, le symbole le plus r\u00e9mun\u00e9rateur \u00e9tant le dragon d'or. Les symboles les moins r\u00e9mun\u00e9rateurs se pr\u00e9sentent sous la forme de chiffres et de lettres.<\/p>\n<p>Le <em>Bonus Scatter<\/em> est un superbe oiseau rouge, et vous devez en obtenir trois pour lancer le jeu. <em>Bonus Destiny<\/em> jeu. Les <em>Scatters<\/em> apparaissent de fa\u00e7on al\u00e9atoire n'importe o\u00f9 sur les rouleaux 2, 3 et 4. Une fois que le jeu bonus commence, vous pouvez choisir un nombre diff\u00e9rent de tours gratuits et de multiplicateurs. Quatre options s'offrent \u00e0 vous :<\/p>\n<ul>\n<li>6 tours gratuits et un multiplicateur de x1680<\/li>\n<li>9 tours gratuits et un multiplicateur de x840<\/li>\n<li>12 tours gratuits et un multiplicateur x360<\/li>\n<li>15 tours gratuits et un multiplicateur de x120<\/li>\n<\/ul>\n<p>Comme si cela ne suffisait pas, le <em>Sauvages<\/em> peuvent appara\u00eetre dans le <em>Bonus Destiny<\/em> ainsi que leurs multiplicateurs qui seront appliqu\u00e9s au multiplicateur que vous avez choisi. Gr\u00e2ce \u00e0 cette option, vos gains peuvent atteindre des sommets \u00e9poustouflants.<\/p>\n<h2>Emeraudes de l'Est RTP %<\/h2>\n<p><em>\u00c9meraudes de l'Est<\/em> poss\u00e8de des caract\u00e9ristiques risqu\u00e9es, ce qui rend le jeu assez volatile. Malgr\u00e9 tout, le pourcentage de RTP est largement sup\u00e9rieur \u00e0 la moyenne et s'\u00e9l\u00e8ve \u00e0 96,58%. Cela garantit des gains fr\u00e9quents, mais la volatilit\u00e9 inh\u00e9rente au jeu bonus peut engendrer des gains vraiment massifs qui rendront tout pourcentage de RTP pratiquement insignifiant.<\/p>\n<h2>R\u00e9flexions finales<\/h2>\n<p>En r\u00e9sum\u00e9, Eastern Emeralds ne diff\u00e8re pas beaucoup des autres jeux Quickspin, mais il apporte suffisamment d'avantages pour justifier un peu de test de votre part.<\/p>\n<p>Les images et les sons sont superbes, le gameplay est facile et intuitif, et vous obtenez un jeu incroyablement gratifiant.<em> Spin gratuit<\/em> caract\u00e9ristique. Ajouter le <em>Wilds multiplicateurs<\/em> \u00e0 cela, vous avez une machine \u00e0 sous qui a le potentiel de vous r\u00e9compenser avec des milliers de cr\u00e9dits.<\/p>","protected":false},"excerpt":{"rendered":"<p>Jouer \u00e0 Eastern Emeralds pour de l'argent r\u00e9el RTP 96.58% Technologie de jeu HTML5 Monnaie 0.01 \u00e0 5.00 Fournisseur de logiciel Quickspin Lignes de paiement \/ rouleaux 20 \/ 5 Jackpot progressif Non Tour de bonus Non Tours gratuits Oui Verdict rapide : Eastern Emeralds est une machine \u00e0 sous vid\u00e9o standard de Quickspin avec des visuels envo\u00fbtants et un gameplay de qualit\u00e9. Tout dans le jeu est amusant, mais [...]<\/p>","protected":false},"author":1,"featured_media":0,"parent":455,"menu_order":0,"comment_status":"closed","ping_status":"closed","template":"","meta":{"_acf_changed":false,"footnotes":""},"class_list":["post-12913","page","type-page","status-publish","hentry"],"acf":[],"yoast_head":"<!-- This site is optimized with the Yoast SEO plugin v26.1.1 - https:\/\/yoast.com\/wordpress\/plugins\/seo\/ -->\n<title>Eastern Emeralds Slot Review - Play for Free or Real Money<\/title>\n<meta name=\"robots\" content=\"index, follow, max-snippet:-1, max-image-preview:large, max-video-preview:-1\" \/>\n<link rel=\"canonical\" href=\"https:\/\/casinolion.ca\/fr\/online-slots\/eastern-emeralds\/\" \/>\n<meta property=\"og:locale\" content=\"fr_CA\" \/>\n<meta property=\"og:type\" content=\"article\" \/>\n<meta property=\"og:title\" content=\"Eastern Emeralds Slot Review - Play for Free or Real Money\" \/>\n<meta property=\"og:description\" content=\"Play Eastern Emeralds for Real Money RTP 96.58% Game Technology HTML5 Coins Range 0.01 to 5.00 Software Provider Quickspin Paylines\/Reels 20 \/ 5 Progressive Jackpot No Bonus Round No Free Spins Yes Quick verdict: Eastern Emeralds is a standard Quickspin video slot with mesmerizing visuals and quality gameplay. Everything in the game screams fun, but [&hellip;]\" \/>\n<meta property=\"og:url\" content=\"https:\/\/casinolion.ca\/fr\/online-slots\/eastern-emeralds\/\" \/>\n<meta property=\"article:modified_time\" content=\"2021-02-02T04:47:57+00:00\" \/>\n<meta property=\"og:image\" content=\"https:\/\/www.casinolion.ca\/wp-content\/uploads\/2021\/02\/eastern-emeralds-screenshot.jpg\" \/>\n<meta name=\"twitter:card\" content=\"summary_large_image\" \/>\n<meta name=\"twitter:label1\" content=\"Estimation du temps de lecture\" \/>\n\t<meta name=\"twitter:data1\" content=\"5 minutes\" \/>\n<script type=\"application\/ld+json\" class=\"yoast-schema-graph\">{\"@context\":\"https:\/\/schema.org\",\"@graph\":[{\"@type\":\"WebPage\",\"@id\":\"https:\/\/casinolion.ca\/online-slots\/eastern-emeralds\/\",\"url\":\"https:\/\/casinolion.ca\/online-slots\/eastern-emeralds\/\",\"name\":\"Eastern Emeralds Slot Review - Play for Free or Real Money\",\"isPartOf\":{\"@id\":\"https:\/\/casinolion.ca\/fr\/#website\"},\"primaryImageOfPage\":{\"@id\":\"https:\/\/casinolion.ca\/online-slots\/eastern-emeralds\/#primaryimage\"},\"image\":{\"@id\":\"https:\/\/casinolion.ca\/online-slots\/eastern-emeralds\/#primaryimage\"},\"thumbnailUrl\":\"https:\/\/www.casinolion.ca\/wp-content\/uploads\/2021\/02\/eastern-emeralds-screenshot.jpg\",\"datePublished\":\"2021-02-02T04:46:03+00:00\",\"dateModified\":\"2021-02-02T04:47:57+00:00\",\"breadcrumb\":{\"@id\":\"https:\/\/casinolion.ca\/online-slots\/eastern-emeralds\/#breadcrumb\"},\"inLanguage\":\"fr-CA\",\"potentialAction\":[{\"@type\":\"ReadAction\",\"target\":[\"https:\/\/casinolion.ca\/online-slots\/eastern-emeralds\/\"]}]},{\"@type\":\"ImageObject\",\"inLanguage\":\"fr-CA\",\"@id\":\"https:\/\/casinolion.ca\/online-slots\/eastern-emeralds\/#primaryimage\",\"url\":\"https:\/\/www.casinolion.ca\/wp-content\/uploads\/2021\/02\/eastern-emeralds-screenshot.jpg\",\"contentUrl\":\"https:\/\/www.casinolion.ca\/wp-content\/uploads\/2021\/02\/eastern-emeralds-screenshot.jpg\"},{\"@type\":\"BreadcrumbList\",\"@id\":\"https:\/\/casinolion.ca\/online-slots\/eastern-emeralds\/#breadcrumb\",\"itemListElement\":[{\"@type\":\"ListItem\",\"position\":1,\"name\":\"Home\",\"item\":\"https:\/\/casinolion.ca\/\"},{\"@type\":\"ListItem\",\"position\":2,\"name\":\"Recommended Canadian Slots Sites\",\"item\":\"https:\/\/casinolion.ca\/online-slots\/\"},{\"@type\":\"ListItem\",\"position\":3,\"name\":\"Eastern Emeralds\"}]},{\"@type\":\"WebSite\",\"@id\":\"https:\/\/casinolion.ca\/fr\/#website\",\"url\":\"https:\/\/casinolion.ca\/fr\/\",\"name\":\"\",\"description\":\"\",\"potentialAction\":[{\"@type\":\"SearchAction\",\"target\":{\"@type\":\"EntryPoint\",\"urlTemplate\":\"https:\/\/casinolion.ca\/fr\/?s={search_term_string}\"},\"query-input\":{\"@type\":\"PropertyValueSpecification\",\"valueRequired\":true,\"valueName\":\"search_term_string\"}}],\"inLanguage\":\"fr-CA\"}]}<\/script>\n<!-- \/ Yoast SEO plugin. -->","yoast_head_json":{"title":"Eastern Emeralds Slot Review - Jouer gratuitement ou avec de l'argent r\u00e9el","robots":{"index":"index","follow":"follow","max-snippet":"max-snippet:-1","max-image-preview":"max-image-preview:large","max-video-preview":"max-video-preview:-1"},"canonical":"https:\/\/casinolion.ca\/fr\/online-slots\/eastern-emeralds\/","og_locale":"fr_CA","og_type":"article","og_title":"Eastern Emeralds Slot Review - Play for Free or Real Money","og_description":"Play Eastern Emeralds for Real Money RTP 96.58% Game Technology HTML5 Coins Range 0.01 to 5.00 Software Provider Quickspin Paylines\/Reels 20 \/ 5 Progressive Jackpot No Bonus Round No Free Spins Yes Quick verdict: Eastern Emeralds is a standard Quickspin video slot with mesmerizing visuals and quality gameplay. Everything in the game screams fun, but [&hellip;]","og_url":"https:\/\/casinolion.ca\/fr\/online-slots\/eastern-emeralds\/","article_modified_time":"2021-02-02T04:47:57+00:00","og_image":[{"url":"https:\/\/www.casinolion.ca\/wp-content\/uploads\/2021\/02\/eastern-emeralds-screenshot.jpg","type":"","width":"","height":""}],"twitter_card":"summary_large_image","twitter_misc":{"Estimation du temps de lecture":"5 minutes"},"schema":{"@context":"https:\/\/schema.org","@graph":[{"@type":"WebPage","@id":"https:\/\/casinolion.ca\/online-slots\/eastern-emeralds\/","url":"https:\/\/casinolion.ca\/online-slots\/eastern-emeralds\/","name":"Eastern Emeralds Slot Review - Jouer gratuitement ou avec de l'argent r\u00e9el","isPartOf":{"@id":"https:\/\/casinolion.ca\/fr\/#website"},"primaryImageOfPage":{"@id":"https:\/\/casinolion.ca\/online-slots\/eastern-emeralds\/#primaryimage"},"image":{"@id":"https:\/\/casinolion.ca\/online-slots\/eastern-emeralds\/#primaryimage"},"thumbnailUrl":"https:\/\/www.casinolion.ca\/wp-content\/uploads\/2021\/02\/eastern-emeralds-screenshot.jpg","datePublished":"2021-02-02T04:46:03+00:00","dateModified":"2021-02-02T04:47:57+00:00","breadcrumb":{"@id":"https:\/\/casinolion.ca\/online-slots\/eastern-emeralds\/#breadcrumb"},"inLanguage":"fr-CA","potentialAction":[{"@type":"ReadAction","target":["https:\/\/casinolion.ca\/online-slots\/eastern-emeralds\/"]}]},{"@type":"ImageObject","inLanguage":"fr-CA","@id":"https:\/\/casinolion.ca\/online-slots\/eastern-emeralds\/#primaryimage","url":"https:\/\/www.casinolion.ca\/wp-content\/uploads\/2021\/02\/eastern-emeralds-screenshot.jpg","contentUrl":"https:\/\/www.casinolion.ca\/wp-content\/uploads\/2021\/02\/eastern-emeralds-screenshot.jpg"},{"@type":"BreadcrumbList","@id":"https:\/\/casinolion.ca\/online-slots\/eastern-emeralds\/#breadcrumb","itemListElement":[{"@type":"ListItem","position":1,"name":"Home","item":"https:\/\/casinolion.ca\/"},{"@type":"ListItem","position":2,"name":"Recommended Canadian Slots Sites","item":"https:\/\/casinolion.ca\/online-slots\/"},{"@type":"ListItem","position":3,"name":"Eastern Emeralds"}]},{"@type":"WebSite","@id":"https:\/\/casinolion.ca\/fr\/#website","url":"https:\/\/casinolion.ca\/fr\/","name":"","description":"","potentialAction":[{"@type":"SearchAction","target":{"@type":"EntryPoint","urlTemplate":"https:\/\/casinolion.ca\/fr\/?s={search_term_string}"},"query-input":{"@type":"PropertyValueSpecification","valueRequired":true,"valueName":"search_term_string"}}],"inLanguage":"fr-CA"}]}},"_links":{"self":[{"href":"https:\/\/casinolion.ca\/fr\/wp-json\/wp\/v2\/pages\/12913","targetHints":{"allow":["GET"]}}],"collection":[{"href":"https:\/\/casinolion.ca\/fr\/wp-json\/wp\/v2\/pages"}],"about":[{"href":"https:\/\/casinolion.ca\/fr\/wp-json\/wp\/v2\/types\/page"}],"author":[{"embeddable":true,"href":"https:\/\/casinolion.ca\/fr\/wp-json\/wp\/v2\/users\/1"}],"replies":[{"embeddable":true,"href":"https:\/\/casinolion.ca\/fr\/wp-json\/wp\/v2\/comments?post=12913"}],"version-history":[{"count":0,"href":"https:\/\/casinolion.ca\/fr\/wp-json\/wp\/v2\/pages\/12913\/revisions"}],"up":[{"embeddable":true,"href":"https:\/\/casinolion.ca\/fr\/wp-json\/wp\/v2\/pages\/455"}],"wp:attachment":[{"href":"https:\/\/casinolion.ca\/fr\/wp-json\/wp\/v2\/media?parent=12913"}],"curies":[{"name":"wp","href":"https:\/\/api.w.org\/{rel}","templated":true}]}}