
{"id":12917,"date":"2021-02-02T04:53:53","date_gmt":"2021-02-02T04:53:53","guid":{"rendered":"https:\/\/www.canadiancasinos.ca\/?page_id=12917"},"modified":"2021-02-02T04:55:37","modified_gmt":"2021-02-02T04:55:37","slug":"twin-spin","status":"publish","type":"page","link":"https:\/\/casinolion.ca\/fr\/online-slots\/twin-spin\/","title":{"rendered":"Twin Spin"},"content":{"rendered":"<div class=\"video-screenshot\"><iframe src=\"https:\/\/netent-static.casinomodule.com\/games\/twinspin_mobile_html\/game\/twinspin_mobile_html.xhtml?launchType=iframe&amp;iframeSandbox=allow-scripts%20allow-popups%20allow-popups-to-escape-sandbox%20allow-top-navigation%20allow-top-navigation-by-user-activation%20allow-same-origin%20allow-forms%20allow-pointer-lock&amp;applicationType=browser&amp;gameId=twinspin_not_mobile&amp;server=https%3A%2F%2Fnetent-game.casinomodule.com%2F&amp;lang=en&amp;sessId=DEMO-5827514163-EUR&amp;operatorId=netent&amp;statisticEndpointURL=https:\/\/gcl-int.netentcdn.com\/gcs\/reportData&amp;logsId=6afe3fc7-f0f3-4ec8-9d05-2fe8cd392e32&amp;loadStarted=1612241611418&amp;giOperatorConfig=%7B%22staticServer%22%3A%22https%3A%2F%2Fnetent-static.casinomodule.com%2F%22%2C%22targetElement%22%3A%22netentgame%22%2C%22launchType%22%3A%22iframe%22%2C%22iframeSandbox%22%3A%22allow-scripts%20allow-popups%20allow-popups-to-escape-sandbox%20allow-top-navigation%20allow-top-navigation-by-user-activation%20allow-same-origin%20allow-forms%20allow-pointer-lock%22%2C%22applicationType%22%3A%22browser%22%2C%22gameId%22%3A%22twinspin_not_mobile%22%2C%22server%22%3A%22https%3A%2F%2Fnetent-game.casinomodule.com%2F%22%2C%22lang%22%3A%22en%22%2C%22sessId%22%3A%22DEMO-5827514163XXXX%22%2C%22operatorId%22%3A%22netent%22%7D&amp;casinourl=https:\/\/www.google.com&amp;loadSeqNo=0\" frameborder=\"0\" data-mce-fragment=\"1\"><\/iframe><\/div>\n<p><center><a class=\"btn primary\" href=\"https:\/\/casinolion.ca\/fr\/visit\/sloty-casino\/\" target=\"_blank\" rel=\"nofollow noopener noreferrer\">Jouer \u00e0 Twin Spin pour de l'argent r\u00e9el<\/a><\/center><\/p>\n<table>\n<tbody>\n<tr>\n<td><strong>RTP<\/strong><\/td>\n<td>96.55%<\/td>\n<\/tr>\n<tr>\n<td><strong>Technologie des jeux<\/strong><\/td>\n<td>HTML5<\/td>\n<\/tr>\n<tr>\n<td><strong>Gamme de pi\u00e8ces<\/strong><\/td>\n<td>0,01 \u00e0 0,50<\/td>\n<\/tr>\n<tr>\n<td><strong>Fournisseur de logiciel<\/strong><\/td>\n<td><a href=\"https:\/\/casinolion.ca\/fr\/netent-casinos-canada\/\">NetEnt<\/a><\/td>\n<\/tr>\n<tr>\n<td><strong>Lignes de paiement \/ Roues<\/strong><\/td>\n<td>243 \/ 5<\/td>\n<\/tr>\n<tr>\n<td><strong>Spins gratuits<\/strong><\/td>\n<td>Oui<\/td>\n<\/tr>\n<tr>\n<td><strong>Jackpot progressif<\/strong><\/td>\n<td>Non<\/td>\n<\/tr>\n<tr>\n<td><strong>Tour de bonus<\/strong><\/td>\n<td>Oui<\/td>\n<\/tr>\n<\/tbody>\n<\/table>\n<p><strong><em>Verdict rapide : <\/em><\/strong><em>Twin Spin est une machine \u00e0 sous vid\u00e9o de NetEnt qui ram\u00e8ne l'esprit somptueux des anciennes machines \u00e0 sous de Las Vegas \u00e0 l'\u00e8re num\u00e9rique. La machine \u00e0 sous est bas\u00e9e sur les traditionnels symboles de cloches, de chiffres et de fruits. Cependant, contrairement aux anciennes machines \u00e0 sous qui n'avaient qu'une seule ligne de paiement, celle-ci permet de former des combinaisons gagnantes sur 243 lignes diff\u00e9rentes. La grille de jeu se compose de cinq rouleaux et de trois rang\u00e9es de symboles, et avec un RTP de 96,55%, les joueurs peuvent s'attendre \u00e0 des gains raisonnables. La cerise sur le g\u00e2teau se pr\u00e9sente sous la forme d'une fonction bonus Twin Reel qui ouvre la voie \u00e0 des gains potentiellement \u00e9normes. <\/em><\/p>\n<h2>Histoire de la machine \u00e0 sous Twin Spin<\/h2>\n<p>Les n\u00e9ons de Sin City ont captiv\u00e9 de nombreux visiteurs au fil des ans. Personne n'est rest\u00e9 insensible \u00e0 leur charme et \u00e0 l'appel des bandits manchots qui r\u00e8gnent toujours en ma\u00eetres dans les casinos du Strip. Avec Twin Spin, NetEnt a voulu recr\u00e9er l'atmosph\u00e8re luxueuse et feutr\u00e9e des casinos et donner une nouvelle tournure aux vieilles machines \u00e0 fruits. Et ils ont r\u00e9ussi.<\/p>\n<p>Les symboles des fruits, des sept chanceux et de la cloche, ainsi que les effets audio bourdonnants, sont au c\u0153ur de cette machine \u00e0 sous simple mais passionnante, et c'est cette simplicit\u00e9 que les joueurs trouvent la plus attrayante.<\/p>\n<h2>Visuels et effets sonores<\/h2>\n<p><img decoding=\"async\" class=\"alignnone size-full wp-image-12919\" src=\"https:\/\/www.casinolion.ca\/wp-content\/uploads\/2021\/02\/twin-spin-screenshot.jpg\" alt=\"\" width=\"765\" height=\"429\" srcset=\"https:\/\/casinolion.ca\/wp-content\/uploads\/2021\/02\/twin-spin-screenshot.jpg 765w, https:\/\/casinolion.ca\/wp-content\/uploads\/2021\/02\/twin-spin-screenshot-280x157.jpg 280w, https:\/\/casinolion.ca\/wp-content\/uploads\/2021\/02\/twin-spin-screenshot-150x84.jpg 150w, https:\/\/casinolion.ca\/wp-content\/uploads\/2021\/02\/twin-spin-screenshot-64x36.jpg 64w, https:\/\/casinolion.ca\/wp-content\/uploads\/2021\/02\/twin-spin-screenshot-160x90.jpg 160w\" sizes=\"(max-width: 765px) 100vw, 765px\" \/><\/p>\n<p>Vous pouvez compter sur les lumi\u00e8res scintillantes qui rappellent les vieilles machines d'arcade et les rythmes jazzy pour pr\u00e9parer le terrain \u00e0 une action \u00e9lectrisante. L'arri\u00e8re-plan est clair et pr\u00e9sente une couleur bleu clair neutre, afin de ne pas distraire les joueurs de l'action qui se d\u00e9roule sur les rouleaux.<\/p>\n<p>L'accent est mis sur la grille de jeu qui occupe le devant de la sc\u00e8ne. Les commandes dont disposent les joueurs sont soigneusement dispos\u00e9es en bas de l'\u00e9cran, ce qui les rend incroyablement faciles \u00e0 utiliser. Chaque victoire est accompagn\u00e9e d'effets sonores amusants qui vous mettent dans l'ambiance du jeu et pr\u00e9parent le terrain pour de futures victoires.<\/p>\n<h2>Gameplay<\/h2>\n<p><em>Twin Spi<\/em>n est un jeu simple \u00e0 jouer, malgr\u00e9 le fameux syst\u00e8me de niveaux de mise de NetEnt. Si vous ne le connaissez pas, laissez-nous vous pr\u00e9senter quelques-unes de ses caract\u00e9ristiques. Avant de pouvoir appuyer sur le bouton <em>La rotation<\/em> situ\u00e9 au centre du tableau de commande du jeu en bas de l'\u00e9cran, vous devez d\u00e9finir la valeur de votre pari.<\/p>\n<p>Pour ce faire, vous devez choisir entre dix niveaux de mise. Chaque niveau augmente votre mise totale de 25 pi\u00e8ces. En parlant de pi\u00e8ces, vous devez \u00e9galement d\u00e9finir leur valeur, qui peut varier entre $0,01 et $0,50. Cela signifie que la limite de mise peut aller de $0.25 \u00e0 $125 par tour.<\/p>\n<p>Une fois que vous avez fix\u00e9 une valeur de mise qui vous convient, il ne vous reste plus qu'\u00e0 appuyer sur le bouton <em>La rotation <\/em>et mettre les rouleaux en mouvement. Le tableau de commande comporte \u00e9galement la fonction <em>Jeu automatique <\/em>qui vous permet de demander \u00e0 la machine d'effectuer entre 1 et 1 000 tours par elle-m\u00eame, afin que vous puissiez vous asseoir et regarder les rouleaux cr\u00e9er des gains. De plus, vous pouvez utiliser l'option <em>Mise maximale<\/em> et jouer avec la mise la plus \u00e9lev\u00e9e possible.<\/p>\n<p>Vous pouvez \u00e9galement trouver le <em>Param\u00e8tres <\/em>et <em>R\u00e8gles du jeu<\/em> dans le coin inf\u00e9rieur gauche de l'\u00e9cran, o\u00f9 vous trouverez plus de d\u00e9tails sur le jeu et o\u00f9 vous pourrez demander \u00e0 la machine de terminer les tours plus rapidement, ce qui est parfait pour les joueurs les plus impatients d'entre vous.<\/p>\n<h2>Wilds et bonus<\/h2>\n<p><em>Twin Spin<\/em> comprend un <em>Sauvage <\/em>qui, comme dans la plupart des autres jeux de machines \u00e0 sous, remplace tous les autres symboles du jeu et aide les joueurs \u00e0 remporter des gains plus importants. Cependant, c'est la principale et, en fait, la seule fonction bonus du jeu qui int\u00e9resse les joueurs. Voyons ce qu'il en est.<\/p>\n<p>Chaque tour de<em> Twin Spin <\/em>commence par le <em>Roues jumelles<\/em> d\u00e9clench\u00e9e. Deux rouleaux adjacents choisis au hasard sont automatiquement jumel\u00e9s, ce qui signifie que leurs symboles sont identiques. Vous pouvez identifier les <em>Roues jumelles<\/em> rapidement, car ils s'allument bri\u00e8vement avant la rotation.<\/p>\n<p>La meilleure chose \u00e0 propos de cette fonction bonus est que pendant chaque tour, le <em>Roues jumelles<\/em> peut se r\u00e9pliquer pour couvrir trois, quatre, voire les cinq rouleaux, ce qui peut entra\u00eener un gain maximum de 1 080 fois votre mise.<\/p>\n<p>Les symboles les plus payants du jeu sont <em>Cerises<\/em>, <em>Cloches<\/em>, <em>BARs<\/em>, <em>Les 7 chanceux<\/em> et <em>Diamants<\/em>, tandis que les cartes les moins r\u00e9mun\u00e9ratrices sont celles des suites de cartes de A \u00e0 9.<\/p>\n<h2>Twin Spin RTP<\/h2>\n<p>La fonction bonus excitante n'est pas la seule chose qui rend le jeu plus int\u00e9ressant. <em>Twin Spin<\/em> heureux les joueurs. Le jeu a un RTP l\u00e9g\u00e8rement sup\u00e9rieur \u00e0 la moyenne, fix\u00e9 \u00e0 96,55%, et sa volatilit\u00e9 est moyenne-\u00e9lev\u00e9e. Cela signifie que les joueurs peuvent s'attendre \u00e0 un flux relativement r\u00e9gulier de gains, m\u00eame s'ils ne seront pas tous importants.<\/p>\n<p>Bien entendu, le RTP de 96,55% ne signifie pas que vous obtiendrez 96,5 cents pour chaque dollar pari\u00e9. N'oubliez pas que le RTP est calcul\u00e9 sur la base de milliers de tours. N\u00e9anmoins, le fait de savoir que le jeu a un pourcentage de retour sup\u00e9rieur \u00e0 la moyenne peut \u00eatre une raison suffisante pour l'essayer.<\/p>\n<h2>R\u00e9flexions finales<\/h2>\n<p><em>Twin Spin <\/em>n'est peut-\u00eatre pas la machine \u00e0 sous la plus populaire de NetEnt, mais c'est sans aucun doute l'une des meilleures. C'est un jeu magnifique avec des effets sonores et visuels passionnants, un th\u00e8me simple et des pourcentages de paiement significatifs.<\/p>\n<p>Le syst\u00e8me unique de synchronisation des bobines <em>Roues jumelles<\/em> et la fonction \"haute r\u00e9mun\u00e9ration\" de l <em>Sauvage <\/em>sont l\u00e0 pour rendre chaque tour m\u00e9morable. De plus, la limite de mise qui va de $0.25 \u00e0 $125 en fait une machine \u00e0 sous parfaite pour les joueurs novices comme pour les flambeurs exp\u00e9riment\u00e9s.<\/p>","protected":false},"excerpt":{"rendered":"<p>Jouer \u00e0 Twin Spin pour de l'argent r\u00e9el RTP 96.55% Technologie de jeu HTML5 Monnaie 0.01 \u00e0 0.50 Fournisseur de logiciel NetEnt Lignes de paiement \/ Roues 243 \/ 5 Tours gratuits Oui Jackpot progressif Non Tour de bonus Oui Verdict rapide : Twin Spin est un jeu de machine \u00e0 sous vid\u00e9o de NetEnt qui apporte l'esprit somptueux des vieilles machines \u00e0 sous de Las Vegas [...]<\/p>","protected":false},"author":1,"featured_media":0,"parent":455,"menu_order":0,"comment_status":"closed","ping_status":"closed","template":"","meta":{"_acf_changed":false,"footnotes":""},"class_list":["post-12917","page","type-page","status-publish","hentry"],"acf":[],"yoast_head":"<!-- This site is optimized with the Yoast SEO plugin v26.1.1 - https:\/\/yoast.com\/wordpress\/plugins\/seo\/ -->\n<title>Twin Spin Slot Review - Play for Free or Real Money<\/title>\n<meta name=\"robots\" content=\"index, follow, max-snippet:-1, max-image-preview:large, max-video-preview:-1\" \/>\n<link rel=\"canonical\" href=\"https:\/\/casinolion.ca\/fr\/online-slots\/twin-spin\/\" \/>\n<meta property=\"og:locale\" content=\"fr_CA\" \/>\n<meta property=\"og:type\" content=\"article\" \/>\n<meta property=\"og:title\" content=\"Twin Spin Slot Review - Play for Free or Real Money\" \/>\n<meta property=\"og:description\" content=\"Play Twin Spin for Real Money RTP 96.55% Game Technology HTML5 Coin Range 0.01 to 0.50 Software Provider NetEnt Paylines \/ Reels 243 \/ 5 Free Spins Yes Progressive Jackpot No Bonus Round Yes Quick Verdict: Twin Spin is a video slot game by NetEnt that brings the lavish spirit of old-school Las Vegas slots [&hellip;]\" \/>\n<meta property=\"og:url\" content=\"https:\/\/casinolion.ca\/fr\/online-slots\/twin-spin\/\" \/>\n<meta property=\"article:modified_time\" content=\"2021-02-02T04:55:37+00:00\" \/>\n<meta property=\"og:image\" content=\"https:\/\/www.casinolion.ca\/wp-content\/uploads\/2021\/02\/twin-spin-screenshot.jpg\" \/>\n<meta name=\"twitter:card\" content=\"summary_large_image\" \/>\n<meta name=\"twitter:label1\" content=\"Estimation du temps de lecture\" \/>\n\t<meta name=\"twitter:data1\" content=\"5 minutes\" \/>\n<script type=\"application\/ld+json\" class=\"yoast-schema-graph\">{\"@context\":\"https:\/\/schema.org\",\"@graph\":[{\"@type\":\"WebPage\",\"@id\":\"https:\/\/casinolion.ca\/online-slots\/twin-spin\/\",\"url\":\"https:\/\/casinolion.ca\/online-slots\/twin-spin\/\",\"name\":\"Twin Spin Slot Review - Play for Free or Real Money\",\"isPartOf\":{\"@id\":\"https:\/\/casinolion.ca\/fr\/#website\"},\"primaryImageOfPage\":{\"@id\":\"https:\/\/casinolion.ca\/online-slots\/twin-spin\/#primaryimage\"},\"image\":{\"@id\":\"https:\/\/casinolion.ca\/online-slots\/twin-spin\/#primaryimage\"},\"thumbnailUrl\":\"https:\/\/www.casinolion.ca\/wp-content\/uploads\/2021\/02\/twin-spin-screenshot.jpg\",\"datePublished\":\"2021-02-02T04:53:53+00:00\",\"dateModified\":\"2021-02-02T04:55:37+00:00\",\"breadcrumb\":{\"@id\":\"https:\/\/casinolion.ca\/online-slots\/twin-spin\/#breadcrumb\"},\"inLanguage\":\"fr-CA\",\"potentialAction\":[{\"@type\":\"ReadAction\",\"target\":[\"https:\/\/casinolion.ca\/online-slots\/twin-spin\/\"]}]},{\"@type\":\"ImageObject\",\"inLanguage\":\"fr-CA\",\"@id\":\"https:\/\/casinolion.ca\/online-slots\/twin-spin\/#primaryimage\",\"url\":\"https:\/\/www.casinolion.ca\/wp-content\/uploads\/2021\/02\/twin-spin-screenshot.jpg\",\"contentUrl\":\"https:\/\/www.casinolion.ca\/wp-content\/uploads\/2021\/02\/twin-spin-screenshot.jpg\"},{\"@type\":\"BreadcrumbList\",\"@id\":\"https:\/\/casinolion.ca\/online-slots\/twin-spin\/#breadcrumb\",\"itemListElement\":[{\"@type\":\"ListItem\",\"position\":1,\"name\":\"Home\",\"item\":\"https:\/\/casinolion.ca\/\"},{\"@type\":\"ListItem\",\"position\":2,\"name\":\"Recommended Canadian Slots Sites\",\"item\":\"https:\/\/casinolion.ca\/online-slots\/\"},{\"@type\":\"ListItem\",\"position\":3,\"name\":\"Twin Spin\"}]},{\"@type\":\"WebSite\",\"@id\":\"https:\/\/casinolion.ca\/fr\/#website\",\"url\":\"https:\/\/casinolion.ca\/fr\/\",\"name\":\"\",\"description\":\"\",\"potentialAction\":[{\"@type\":\"SearchAction\",\"target\":{\"@type\":\"EntryPoint\",\"urlTemplate\":\"https:\/\/casinolion.ca\/fr\/?s={search_term_string}\"},\"query-input\":{\"@type\":\"PropertyValueSpecification\",\"valueRequired\":true,\"valueName\":\"search_term_string\"}}],\"inLanguage\":\"fr-CA\"}]}<\/script>\n<!-- \/ Yoast SEO plugin. -->","yoast_head_json":{"title":"Twin Spin Slot Review - Jouer gratuitement ou avec de l'argent r\u00e9el","robots":{"index":"index","follow":"follow","max-snippet":"max-snippet:-1","max-image-preview":"max-image-preview:large","max-video-preview":"max-video-preview:-1"},"canonical":"https:\/\/casinolion.ca\/fr\/online-slots\/twin-spin\/","og_locale":"fr_CA","og_type":"article","og_title":"Twin Spin Slot Review - Play for Free or Real Money","og_description":"Play Twin Spin for Real Money RTP 96.55% Game Technology HTML5 Coin Range 0.01 to 0.50 Software Provider NetEnt Paylines \/ Reels 243 \/ 5 Free Spins Yes Progressive Jackpot No Bonus Round Yes Quick Verdict: Twin Spin is a video slot game by NetEnt that brings the lavish spirit of old-school Las Vegas slots [&hellip;]","og_url":"https:\/\/casinolion.ca\/fr\/online-slots\/twin-spin\/","article_modified_time":"2021-02-02T04:55:37+00:00","og_image":[{"url":"https:\/\/www.casinolion.ca\/wp-content\/uploads\/2021\/02\/twin-spin-screenshot.jpg","type":"","width":"","height":""}],"twitter_card":"summary_large_image","twitter_misc":{"Estimation du temps de lecture":"5 minutes"},"schema":{"@context":"https:\/\/schema.org","@graph":[{"@type":"WebPage","@id":"https:\/\/casinolion.ca\/online-slots\/twin-spin\/","url":"https:\/\/casinolion.ca\/online-slots\/twin-spin\/","name":"Twin Spin Slot Review - Jouer gratuitement ou avec de l'argent r\u00e9el","isPartOf":{"@id":"https:\/\/casinolion.ca\/fr\/#website"},"primaryImageOfPage":{"@id":"https:\/\/casinolion.ca\/online-slots\/twin-spin\/#primaryimage"},"image":{"@id":"https:\/\/casinolion.ca\/online-slots\/twin-spin\/#primaryimage"},"thumbnailUrl":"https:\/\/www.casinolion.ca\/wp-content\/uploads\/2021\/02\/twin-spin-screenshot.jpg","datePublished":"2021-02-02T04:53:53+00:00","dateModified":"2021-02-02T04:55:37+00:00","breadcrumb":{"@id":"https:\/\/casinolion.ca\/online-slots\/twin-spin\/#breadcrumb"},"inLanguage":"fr-CA","potentialAction":[{"@type":"ReadAction","target":["https:\/\/casinolion.ca\/online-slots\/twin-spin\/"]}]},{"@type":"ImageObject","inLanguage":"fr-CA","@id":"https:\/\/casinolion.ca\/online-slots\/twin-spin\/#primaryimage","url":"https:\/\/www.casinolion.ca\/wp-content\/uploads\/2021\/02\/twin-spin-screenshot.jpg","contentUrl":"https:\/\/www.casinolion.ca\/wp-content\/uploads\/2021\/02\/twin-spin-screenshot.jpg"},{"@type":"BreadcrumbList","@id":"https:\/\/casinolion.ca\/online-slots\/twin-spin\/#breadcrumb","itemListElement":[{"@type":"ListItem","position":1,"name":"Home","item":"https:\/\/casinolion.ca\/"},{"@type":"ListItem","position":2,"name":"Recommended Canadian Slots Sites","item":"https:\/\/casinolion.ca\/online-slots\/"},{"@type":"ListItem","position":3,"name":"Twin Spin"}]},{"@type":"WebSite","@id":"https:\/\/casinolion.ca\/fr\/#website","url":"https:\/\/casinolion.ca\/fr\/","name":"","description":"","potentialAction":[{"@type":"SearchAction","target":{"@type":"EntryPoint","urlTemplate":"https:\/\/casinolion.ca\/fr\/?s={search_term_string}"},"query-input":{"@type":"PropertyValueSpecification","valueRequired":true,"valueName":"search_term_string"}}],"inLanguage":"fr-CA"}]}},"_links":{"self":[{"href":"https:\/\/casinolion.ca\/fr\/wp-json\/wp\/v2\/pages\/12917","targetHints":{"allow":["GET"]}}],"collection":[{"href":"https:\/\/casinolion.ca\/fr\/wp-json\/wp\/v2\/pages"}],"about":[{"href":"https:\/\/casinolion.ca\/fr\/wp-json\/wp\/v2\/types\/page"}],"author":[{"embeddable":true,"href":"https:\/\/casinolion.ca\/fr\/wp-json\/wp\/v2\/users\/1"}],"replies":[{"embeddable":true,"href":"https:\/\/casinolion.ca\/fr\/wp-json\/wp\/v2\/comments?post=12917"}],"version-history":[{"count":0,"href":"https:\/\/casinolion.ca\/fr\/wp-json\/wp\/v2\/pages\/12917\/revisions"}],"up":[{"embeddable":true,"href":"https:\/\/casinolion.ca\/fr\/wp-json\/wp\/v2\/pages\/455"}],"wp:attachment":[{"href":"https:\/\/casinolion.ca\/fr\/wp-json\/wp\/v2\/media?parent=12917"}],"curies":[{"name":"wp","href":"https:\/\/api.w.org\/{rel}","templated":true}]}}