
{"id":12921,"date":"2021-02-02T05:01:17","date_gmt":"2021-02-02T05:01:17","guid":{"rendered":"https:\/\/www.canadiancasinos.ca\/?page_id=12921"},"modified":"2021-02-02T05:05:26","modified_gmt":"2021-02-02T05:05:26","slug":"reactoonz","status":"publish","type":"page","link":"https:\/\/casinolion.ca\/fr\/online-slots\/reactoonz\/","title":{"rendered":"Reactoonz"},"content":{"rendered":"<div class=\"video-screenshot\"><iframe src=\"https:\/\/asccw.playngonetwork.com\/casino\/PlayMobile?pid=2&amp;gid=reactoonzmobile&amp;lang=en_GB&amp;server=&amp;practice=1\" frameborder=\"0\" data-mce-fragment=\"1\"><\/iframe><\/div>\n<p><center><a class=\"btn primary\" href=\"https:\/\/casinolion.ca\/fr\/visit\/sloty-casino\/\" target=\"_blank\" rel=\"nofollow noopener noreferrer\">Jouer \u00e0 Reactoonz pour de l'argent r\u00e9el<\/a><\/center><\/p>\n<table>\n<tbody>\n<tr>\n<td><strong>RTP<\/strong><\/td>\n<td>96%<\/td>\n<\/tr>\n<tr>\n<td><strong>Volatilit\u00e9<\/strong><\/td>\n<td>Haut<\/td>\n<\/tr>\n<tr>\n<td><strong>Gamme de pi\u00e8ces<\/strong><\/td>\n<td>0,2 \u00e0 100<\/td>\n<\/tr>\n<tr>\n<td><strong>Fournisseur de logiciel<\/strong><\/td>\n<td><a href=\"https:\/\/casinolion.ca\/fr\/play-n-go\/\">Play'n GO<\/a><\/td>\n<\/tr>\n<tr>\n<td><strong>Lignes de paiement \/ Roues<\/strong><\/td>\n<td>0 \/ 7<\/td>\n<\/tr>\n<tr>\n<td><strong>Spins gratuits<\/strong><\/td>\n<td>Non<\/td>\n<\/tr>\n<tr>\n<td><strong>Jackpot progressif<\/strong><\/td>\n<td>Non<\/td>\n<\/tr>\n<tr>\n<td><strong>Tour de bonus<\/strong><\/td>\n<td>Non<\/td>\n<\/tr>\n<\/tbody>\n<\/table>\n<p><strong><em>Verdict rapide<\/em><\/strong><em>: Reactoonz est une machine \u00e0 sous vid\u00e9o qui s'apparente davantage \u00e0 des jeux comme Candy Crush qu'\u00e0 des machines \u00e0 sous classiques. Il n'y a pas de lignes de paiement et la grille est tr\u00e8s inhabituelle pour un jeu de machine \u00e0 sous - 7\u00d77. Cependant, cela n'a pas emp\u00each\u00e9 ce titre Play'n GO de devenir l'un des jeux les plus populaires de la biblioth\u00e8que Play'n GO. Ajoutez \u00e0 cela une volatilit\u00e9 \u00e9lev\u00e9e et un RTP sup\u00e9rieur \u00e0 la moyenne de 96%, et vous obtenez une machine \u00e0 sous exaltante qui vaut la peine d'\u00eatre jou\u00e9e. <\/em><\/p>\n<h2>Histoire de la machine \u00e0 sous Reactoonz<\/h2>\n<p><em>Reactoonz <\/em>est un jeu de machines \u00e0 sous qui se d\u00e9roule dans un univers parall\u00e8le peupl\u00e9 d'extraterrestres, de pouvoirs \u00e9tranges et de prix exquis pour les joueurs. Il s'agit de la suite de <em>Energoonz<\/em>, Il n'est donc pas surprenant que le jeu suive la m\u00eame histoire et le m\u00eame format.<\/p>\n<p>Le but du jeu est de connecter les m\u00eames extraterrestres \u00e0 chaque tour et de satisfaire le m\u00e9chant extraterrestre Gargantoon assis \u00e0 droite. Plus vous r\u00e9ussissez \u00e0 connecter d'aliens, plus son niveau d'\u00e9nergie augmente. Lorsqu'il atteint un niveau critique, il saute dans le jeu et d\u00e9clenche une r\u00e9action en cha\u00eene qui vous sera tr\u00e8s b\u00e9n\u00e9fique, car c'est la principale caract\u00e9ristique du jeu.<\/p>\n<h2>Visuels et effets sonores dans Reactoonz<\/h2>\n<p>Le jeu est superbement anim\u00e9, avec des graphismes magnifiques et color\u00e9s. L'\u00e9cran principal est parfaitement organis\u00e9 et vous plonge dans cet univers \u00e9trange avec des extraterrestres et des pouvoirs quantiques.<\/p>\n<p>Tous les symboles ont la forme de petits extraterrestres qui se d\u00e9placent et font des bruits, tandis qu'une musique de fond particuli\u00e8re mais excitante se fait entendre. Il y a aussi l'\u00e9norme extraterrestre Gargantoon, qui suit attentivement le spectacle, tant que vous continuez \u00e0 jouer. Mais d\u00e8s que vous arr\u00eatez de faire tourner les rouleaux, il s'endort rapidement et vous gratifie d'un ronflement constant. L'ensemble du d\u00e9cor est divertissant et excentrique, de sorte que tous ceux qui aiment les jeux de machines \u00e0 sous joyeux ne peuvent qu'adorer le jeu. <em>Reactoonz<\/em>.<\/p>\n<h2>Jeu de la machine \u00e0 sous Reactoonz<\/h2>\n<p><img decoding=\"async\" class=\"alignnone size-full wp-image-12922\" src=\"https:\/\/www.casinolion.ca\/wp-content\/uploads\/2021\/02\/reactoonz-screenshot.jpg\" alt=\"\" width=\"765\" height=\"430\" srcset=\"https:\/\/casinolion.ca\/wp-content\/uploads\/2021\/02\/reactoonz-screenshot.jpg 765w, https:\/\/casinolion.ca\/wp-content\/uploads\/2021\/02\/reactoonz-screenshot-280x157.jpg 280w, https:\/\/casinolion.ca\/wp-content\/uploads\/2021\/02\/reactoonz-screenshot-150x84.jpg 150w, https:\/\/casinolion.ca\/wp-content\/uploads\/2021\/02\/reactoonz-screenshot-64x36.jpg 64w, https:\/\/casinolion.ca\/wp-content\/uploads\/2021\/02\/reactoonz-screenshot-160x90.jpg 160w\" sizes=\"(max-width: 765px) 100vw, 765px\" \/><\/p>\n<p>Le gameplay de <em>Reactoonz <\/em>est simple. Il vous suffit de choisir le montant de la mise et de commencer \u00e0 tourner. Des boutons vous aident \u00e0 choisir le montant exact de la mise, qui peut aller de 0,2 \u00e0 100 pi\u00e8ces.<\/p>\n<p>Le jeu est pourtant incroyablement excitant. La grille 7\u00d77 sans lignes de paiement ressemble \u00e0 des jeux tels que <em>Candy Crush<\/em>, et l'objectif principal est le m\u00eame que dans ces jeux. Vous faites tourner les rouleaux comme vous le feriez dans n'importe quelle machine \u00e0 sous, mais pour gagner, quatre aliens identiques ou plus doivent se connecter. Chaque extraterrestre paie diff\u00e9remment, de sorte qu'\u00e0 cet \u00e9gard, le jeu est similaire aux machines \u00e0 sous ordinaires.<\/p>\n<p>Il y a \u00e9galement des extraterrestres borgnes plus petits, et \u00e0 chaque tour, l'un d'entre eux est marqu\u00e9 comme symbole fluctuant. Cela signifie que si deux d'entre eux font partie d'une combinaison gagnante, ils se transforment en <em>Sauvages <\/em>et restent sur la grille pour se substituer aux autres symboles.<\/p>\n<p>En ce qui concerne les autres options de jeu, il existe une liste d\u00e9taill\u00e9e d'options de jeu. <em>Jeu automatique <\/em>que vous pouvez utiliser \u00e0 tout moment. Pour l'activer, il suffit d'appuyer sur le bouton situ\u00e9 juste \u00e0 c\u00f4t\u00e9 de l'\u00e9cran d'affichage. <em>La rotation <\/em>bouton. En outre, le jeu vous permet \u00e9galement de transformer le <em>Jeu rapide<\/em> pour un jeu plus rapide.<\/p>\n<h2>Wilds et bonus dans Reactoonz<\/h2>\n<p>La principale caract\u00e9ristique du jeu est la <em>Garganton <\/em>qui fonctionne en arri\u00e8re-plan \u00e0 chaque tour. En fait, plus vous \u00e9tablissez de connexions au cours d'un m\u00eame tour, plus la barre d'\u00e9nergie de l'extraterrestre Gargantoon se remplit. Si elle atteint une masse critique, l'extraterrestre massif appara\u00eetra sur la grille 7\u00d77.<\/p>\n<p>Si vous gagnez sur 25 symboles, un <em>Quantum <\/em>sera ajout\u00e9e \u00e0 la barre d'\u00e9nergie. Une fois que quatre d'entre elles sont ajout\u00e9es, la cinqui\u00e8me que vous obtenez devient la fonction <em>Garganton<\/em>, c'est-\u00e0-dire l'extraterrestre massif qui appara\u00eet sur la grille.<\/p>\n<p>L'extraterrestre commence par \u00eatre un monstre massif de 3\u00d73, puis se divise en 2\u00d72. <em>Sauvage <\/em>Ils se transforment ensuite en neuf symboles plus petits. <em>Sauvage <\/em>symboles. Tous ces symboles se succ\u00e8dent en cascade de haut en bas, ce qui vous permet de remporter des prix consid\u00e9rables.<\/p>\n<p>Bien qu'il s'agisse de l'\u00e9l\u00e9ment principal, les quatre \u00e9l\u00e9ments suivants ont \u00e9t\u00e9 mis en place. <em>Quantum <\/em>caract\u00e9ristiques que vous obtenez avant <em>Garganton <\/em>sont \u00e9galement gratifiants. Chacun fait quelque chose d'unique :<\/p>\n<ul>\n<li>Le jaune, <em>Implosion <\/em>La fonction quantique transforme un couple de symboles en <em>Sauvages <\/em>et d\u00e9truit les symboles adjacents, vous apportant ainsi plus de r\u00e9compenses.<\/li>\n<li>Le rouge, <em>D\u00e9molition <\/em>La fonction quantique d\u00e9truit tous les extraterrestres borgnes \u00e0 l'\u00e9cran et tous les symboles correspondants.<\/li>\n<li>Le bleu, <em>Incision <\/em>Cette fonction coupe deux lignes diagonales sur la grille et permet aux m\u00eames symboles d'appara\u00eetre sur les deux, ce qui vous permet d'obtenir des gains plus \u00e9lev\u00e9s.<\/li>\n<li>Le vert, <em>Modification <\/em>La fonction quantique s\u00e9lectionne les extraterrestres borgnes et les transforme tous en d'autres symboles.<\/li>\n<\/ul>\n<p>En fin de compte, il y a aussi le hasard <em>Instabilit\u00e9 <\/em>Fonctionnalit\u00e9. Lors de chaque tour non gagnant, vous avez la possibilit\u00e9 d'obtenir de quatre \u00e0 huit <em>Sauvages <\/em>n'importe o\u00f9 sur la grille. Cela peut augmenter vos gains de mani\u00e8re significative, en fonction de l'endroit et du nombre d'objets qui se trouvent sur la grille. <em>Sauvages <\/em>terre.<\/p>\n<h2>Reactoonz RTP %<\/h2>\n<p><em>Reactoonz <\/em>a un RTP sup\u00e9rieur \u00e0 la moyenne de 96% et une volatilit\u00e9 \u00e9lev\u00e9e. Cela signifie que le jeu a tendance \u00e0 vous r\u00e9compenser plus qu'il ne faut, mais qu'il est \u00e9galement tr\u00e8s instable. Vous obtiendrez des gains sporadiques, mais ils seront assez importants.<\/p>\n<p>Le RTP est ce qui importe ici, car il montre clairement que le jeu vous rendra une grande partie de votre argent, tandis que la volatilit\u00e9 indique que vous aurez \u00e9galement une bonne chance de recevoir des gains incroyablement \u00e9lev\u00e9s si vous jouez suffisamment longtemps.<\/p>\n<h2>R\u00e9flexions finales<\/h2>\n<p>En r\u00e9sum\u00e9, <em>Reactoonz <\/em>est une excellente machine \u00e0 sous, l'une des meilleures et des plus populaires que Play'n GO ait \u00e0 offrir. Elle est diff\u00e9rente de la plupart des machines \u00e0 sous vid\u00e9o avec sa grille 7\u00d77 et l'absence de lignes de paiement, mais c'est pr\u00e9cis\u00e9ment ce qui la rend si attrayante.<\/p>\n<p>Il pr\u00e9sente des graphismes \u00e9poustouflants et des effets sonores et m\u00e9lodies agr\u00e9ables, mais il est \u00e9galement tr\u00e8s riche en fonctionnalit\u00e9s sp\u00e9ciales, notamment avec le jeu tr\u00e8s gratifiant de <em>Garganton <\/em>de la machine \u00e0 sous. Ajoutez \u00e0 cela un excellent pourcentage de RTP et vous obtenez une machine \u00e0 sous agr\u00e9able qui vaut la peine d'\u00eatre jou\u00e9e.<\/p>","protected":false},"excerpt":{"rendered":"<p>Jouer \u00e0 Reactoonz pour de l'argent r\u00e9el RTP 96% Volatilit\u00e9 \u00c9lev\u00e9e Gamme de pi\u00e8ces 0.2 \u00e0 100 Fournisseur de logiciel Play'n GO Lignes de paiement \/ rouleaux 0 \/ 7 Tours gratuits Pas de jackpot progressif Pas de tour de bonus Pas de verdict rapide : Reactoonz est une machine \u00e0 sous vid\u00e9o qui ressemble plus \u00e0 des jeux comme Candy Crush qu'\u00e0 des machines \u00e0 sous typiques. Il n'y a pas de lignes de paiement, [...]<\/p>","protected":false},"author":1,"featured_media":0,"parent":455,"menu_order":0,"comment_status":"closed","ping_status":"closed","template":"","meta":{"_acf_changed":false,"footnotes":""},"class_list":["post-12921","page","type-page","status-publish","hentry"],"acf":[],"yoast_head":"<!-- This site is optimized with the Yoast SEO plugin v26.1.1 - https:\/\/yoast.com\/wordpress\/plugins\/seo\/ -->\n<title>Reactoonz Slot Review - Play for Free or Real Money<\/title>\n<meta name=\"robots\" content=\"index, follow, max-snippet:-1, max-image-preview:large, max-video-preview:-1\" \/>\n<link rel=\"canonical\" href=\"https:\/\/casinolion.ca\/fr\/online-slots\/reactoonz\/\" \/>\n<meta property=\"og:locale\" content=\"fr_CA\" \/>\n<meta property=\"og:type\" content=\"article\" \/>\n<meta property=\"og:title\" content=\"Reactoonz Slot Review - Play for Free or Real Money\" \/>\n<meta property=\"og:description\" content=\"Play Reactoonz for Real Money RTP 96% Volatility High Coin Range 0.2 to 100 Software Provider Play&#8217;n GO Paylines \/ Reels 0 \/ 7 Free Spins No Progressive Jackpot No Bonus Round No Quick verdict: Reactoonz is a video slot game more akin to games like Candy Crush than typical slots. There are no paylines, [&hellip;]\" \/>\n<meta property=\"og:url\" content=\"https:\/\/casinolion.ca\/fr\/online-slots\/reactoonz\/\" \/>\n<meta property=\"article:modified_time\" content=\"2021-02-02T05:05:26+00:00\" \/>\n<meta property=\"og:image\" content=\"https:\/\/www.casinolion.ca\/wp-content\/uploads\/2021\/02\/reactoonz-screenshot.jpg\" \/>\n<meta name=\"twitter:card\" content=\"summary_large_image\" \/>\n<meta name=\"twitter:label1\" content=\"Estimation du temps de lecture\" \/>\n\t<meta name=\"twitter:data1\" content=\"5 minutes\" \/>\n<script type=\"application\/ld+json\" class=\"yoast-schema-graph\">{\"@context\":\"https:\/\/schema.org\",\"@graph\":[{\"@type\":\"WebPage\",\"@id\":\"https:\/\/casinolion.ca\/online-slots\/reactoonz\/\",\"url\":\"https:\/\/casinolion.ca\/online-slots\/reactoonz\/\",\"name\":\"Reactoonz Slot Review - Play for Free or Real Money\",\"isPartOf\":{\"@id\":\"https:\/\/casinolion.ca\/fr\/#website\"},\"primaryImageOfPage\":{\"@id\":\"https:\/\/casinolion.ca\/online-slots\/reactoonz\/#primaryimage\"},\"image\":{\"@id\":\"https:\/\/casinolion.ca\/online-slots\/reactoonz\/#primaryimage\"},\"thumbnailUrl\":\"https:\/\/www.casinolion.ca\/wp-content\/uploads\/2021\/02\/reactoonz-screenshot.jpg\",\"datePublished\":\"2021-02-02T05:01:17+00:00\",\"dateModified\":\"2021-02-02T05:05:26+00:00\",\"breadcrumb\":{\"@id\":\"https:\/\/casinolion.ca\/online-slots\/reactoonz\/#breadcrumb\"},\"inLanguage\":\"fr-CA\",\"potentialAction\":[{\"@type\":\"ReadAction\",\"target\":[\"https:\/\/casinolion.ca\/online-slots\/reactoonz\/\"]}]},{\"@type\":\"ImageObject\",\"inLanguage\":\"fr-CA\",\"@id\":\"https:\/\/casinolion.ca\/online-slots\/reactoonz\/#primaryimage\",\"url\":\"https:\/\/www.casinolion.ca\/wp-content\/uploads\/2021\/02\/reactoonz-screenshot.jpg\",\"contentUrl\":\"https:\/\/www.casinolion.ca\/wp-content\/uploads\/2021\/02\/reactoonz-screenshot.jpg\"},{\"@type\":\"BreadcrumbList\",\"@id\":\"https:\/\/casinolion.ca\/online-slots\/reactoonz\/#breadcrumb\",\"itemListElement\":[{\"@type\":\"ListItem\",\"position\":1,\"name\":\"Home\",\"item\":\"https:\/\/casinolion.ca\/\"},{\"@type\":\"ListItem\",\"position\":2,\"name\":\"Recommended Canadian Slots Sites\",\"item\":\"https:\/\/casinolion.ca\/online-slots\/\"},{\"@type\":\"ListItem\",\"position\":3,\"name\":\"Reactoonz\"}]},{\"@type\":\"WebSite\",\"@id\":\"https:\/\/casinolion.ca\/fr\/#website\",\"url\":\"https:\/\/casinolion.ca\/fr\/\",\"name\":\"\",\"description\":\"\",\"potentialAction\":[{\"@type\":\"SearchAction\",\"target\":{\"@type\":\"EntryPoint\",\"urlTemplate\":\"https:\/\/casinolion.ca\/fr\/?s={search_term_string}\"},\"query-input\":{\"@type\":\"PropertyValueSpecification\",\"valueRequired\":true,\"valueName\":\"search_term_string\"}}],\"inLanguage\":\"fr-CA\"}]}<\/script>\n<!-- \/ Yoast SEO plugin. -->","yoast_head_json":{"title":"Revue de la machine \u00e0 sous Reactoonz - Jouer gratuitement ou avec de l'argent r\u00e9el","robots":{"index":"index","follow":"follow","max-snippet":"max-snippet:-1","max-image-preview":"max-image-preview:large","max-video-preview":"max-video-preview:-1"},"canonical":"https:\/\/casinolion.ca\/fr\/online-slots\/reactoonz\/","og_locale":"fr_CA","og_type":"article","og_title":"Reactoonz Slot Review - Play for Free or Real Money","og_description":"Play Reactoonz for Real Money RTP 96% Volatility High Coin Range 0.2 to 100 Software Provider Play&#8217;n GO Paylines \/ Reels 0 \/ 7 Free Spins No Progressive Jackpot No Bonus Round No Quick verdict: Reactoonz is a video slot game more akin to games like Candy Crush than typical slots. There are no paylines, [&hellip;]","og_url":"https:\/\/casinolion.ca\/fr\/online-slots\/reactoonz\/","article_modified_time":"2021-02-02T05:05:26+00:00","og_image":[{"url":"https:\/\/www.casinolion.ca\/wp-content\/uploads\/2021\/02\/reactoonz-screenshot.jpg","type":"","width":"","height":""}],"twitter_card":"summary_large_image","twitter_misc":{"Estimation du temps de lecture":"5 minutes"},"schema":{"@context":"https:\/\/schema.org","@graph":[{"@type":"WebPage","@id":"https:\/\/casinolion.ca\/online-slots\/reactoonz\/","url":"https:\/\/casinolion.ca\/online-slots\/reactoonz\/","name":"Revue de la machine \u00e0 sous Reactoonz - Jouer gratuitement ou avec de l'argent r\u00e9el","isPartOf":{"@id":"https:\/\/casinolion.ca\/fr\/#website"},"primaryImageOfPage":{"@id":"https:\/\/casinolion.ca\/online-slots\/reactoonz\/#primaryimage"},"image":{"@id":"https:\/\/casinolion.ca\/online-slots\/reactoonz\/#primaryimage"},"thumbnailUrl":"https:\/\/www.casinolion.ca\/wp-content\/uploads\/2021\/02\/reactoonz-screenshot.jpg","datePublished":"2021-02-02T05:01:17+00:00","dateModified":"2021-02-02T05:05:26+00:00","breadcrumb":{"@id":"https:\/\/casinolion.ca\/online-slots\/reactoonz\/#breadcrumb"},"inLanguage":"fr-CA","potentialAction":[{"@type":"ReadAction","target":["https:\/\/casinolion.ca\/online-slots\/reactoonz\/"]}]},{"@type":"ImageObject","inLanguage":"fr-CA","@id":"https:\/\/casinolion.ca\/online-slots\/reactoonz\/#primaryimage","url":"https:\/\/www.casinolion.ca\/wp-content\/uploads\/2021\/02\/reactoonz-screenshot.jpg","contentUrl":"https:\/\/www.casinolion.ca\/wp-content\/uploads\/2021\/02\/reactoonz-screenshot.jpg"},{"@type":"BreadcrumbList","@id":"https:\/\/casinolion.ca\/online-slots\/reactoonz\/#breadcrumb","itemListElement":[{"@type":"ListItem","position":1,"name":"Home","item":"https:\/\/casinolion.ca\/"},{"@type":"ListItem","position":2,"name":"Recommended Canadian Slots Sites","item":"https:\/\/casinolion.ca\/online-slots\/"},{"@type":"ListItem","position":3,"name":"Reactoonz"}]},{"@type":"WebSite","@id":"https:\/\/casinolion.ca\/fr\/#website","url":"https:\/\/casinolion.ca\/fr\/","name":"","description":"","potentialAction":[{"@type":"SearchAction","target":{"@type":"EntryPoint","urlTemplate":"https:\/\/casinolion.ca\/fr\/?s={search_term_string}"},"query-input":{"@type":"PropertyValueSpecification","valueRequired":true,"valueName":"search_term_string"}}],"inLanguage":"fr-CA"}]}},"_links":{"self":[{"href":"https:\/\/casinolion.ca\/fr\/wp-json\/wp\/v2\/pages\/12921","targetHints":{"allow":["GET"]}}],"collection":[{"href":"https:\/\/casinolion.ca\/fr\/wp-json\/wp\/v2\/pages"}],"about":[{"href":"https:\/\/casinolion.ca\/fr\/wp-json\/wp\/v2\/types\/page"}],"author":[{"embeddable":true,"href":"https:\/\/casinolion.ca\/fr\/wp-json\/wp\/v2\/users\/1"}],"replies":[{"embeddable":true,"href":"https:\/\/casinolion.ca\/fr\/wp-json\/wp\/v2\/comments?post=12921"}],"version-history":[{"count":0,"href":"https:\/\/casinolion.ca\/fr\/wp-json\/wp\/v2\/pages\/12921\/revisions"}],"up":[{"embeddable":true,"href":"https:\/\/casinolion.ca\/fr\/wp-json\/wp\/v2\/pages\/455"}],"wp:attachment":[{"href":"https:\/\/casinolion.ca\/fr\/wp-json\/wp\/v2\/media?parent=12921"}],"curies":[{"name":"wp","href":"https:\/\/api.w.org\/{rel}","templated":true}]}}