
{"id":1311,"date":"2016-01-12T23:24:48","date_gmt":"2016-01-12T23:24:48","guid":{"rendered":"http:\/\/www.bestcasinoscanada.com\/?page_id=1311"},"modified":"2024-02-04T09:13:34","modified_gmt":"2024-02-04T09:13:34","slug":"responsible-gaming","status":"publish","type":"page","link":"https:\/\/casinolion.ca\/fr\/responsible-gaming\/","title":{"rendered":"Jeu responsable"},"content":{"rendered":"<p>Les jeux d'argent en ligne devraient \u00eatre consid\u00e9r\u00e9s comme un loisir, un choix de divertissement, au m\u00eame titre qu'un repas ou une sortie au th\u00e9\u00e2tre ou au cin\u00e9ma. Cependant, pour de nombreuses personnes, le jeu finit par passer progressivement d'une option de divertissement \u00e0 un jeu probl\u00e9matique, puis \u00e0 un comportement addictif.  Ce type de jeu probl\u00e9matique peut avoir un impact n\u00e9gatif sur la vie d'un individu, non seulement sur le plan financier, mais aussi sur le plan mental.\u00a0<span style=\"line-height: 1.5;\">Le jeu excessif en permanence peut soumettre les individus \u00e0 une pression mentale \u00e9norme et peut conduire \u00e0 une situation o\u00f9 l'on risque plus d'argent que l'on ne peut se le permettre. <\/span><\/p>\n<p><span style=\"line-height: 1.5;\">Pour lutter contre le jeu probl\u00e9matique et promouvoir le jeu responsable, lisez notre guide ci-dessous qui explique quelles personnes peuvent \u00eatre sujettes \u00e0 des comportements de jeu n\u00e9gatifs et comment vous pouvez prendre des mesures pour jouer de mani\u00e8re responsable.<\/span><br \/>\n<iframe loading=\"lazy\" src=\"https:\/\/www.youtube.com\/embed\/03kQXimVcrw?rel=0&amp;controls=0&amp;showinfo=0\" width=\"100%\" height=\"100%\" frameborder=\"0\" allowfullscreen=\"allowfullscreen\"><\/iframe><\/p>\n<h3>Qui peut \u00eatre expos\u00e9 au risque de jeu probl\u00e9matique ?<\/h3>\n<p>Tout d'abord, on peut dire que le jeu pathologique est en quelque sorte <a href=\"https:\/\/www.ncbi.nlm.nih.gov\/pubmed\/12635538\">h\u00e9rit\u00e9 g\u00e9n\u00e9tiquement<\/a>. Ainsi, certaines personnes sont plus susceptibles d'en devenir d\u00e9pendantes et sont sous l'emprise de l'alcool. <a href=\"https:\/\/onlinelibrary.wiley.com\/doi\/10.1111\/j.1530-0277.1986.tb05610.x\/abstract\">un risque accru de d\u00e9velopper d'autres comportements probl\u00e9matiques ou destructeurs<\/a>)  Les personnes qui se rendent compte qu'elles ont une forme de comportement probl\u00e9matique vis-\u00e0-vis du jeu ont probablement toujours eu cette id\u00e9e en t\u00eate depuis qu'elles ont \u00e9t\u00e9 expos\u00e9es au jeu pour la premi\u00e8re fois. Ils ont toujours \u00e9t\u00e9 beaucoup plus enclins \u00e0 jouer que leurs amis et ont toujours pens\u00e9 qu'il s'agissait d'une exp\u00e9rience supr\u00eame qui n'avait rien \u00e0 envier aux autres.<\/p>\n<p>Ces personnes doivent \u00eatre conscientes de leur situation et il leur est g\u00e9n\u00e9ralement conseill\u00e9 de ne pas participer \u00e0 des jeux d'argent, car c'est une pente glissante pour elles. Si elles choisissent de jouer, elles doivent le faire avec prudence et sous la supervision d'amis de confiance, qui peuvent surveiller leur comportement et les avertir lorsqu'elles franchissent la ligne qui s\u00e9pare le divertissement de la d\u00e9pendance.<\/p>\n<p>Le deuxi\u00e8me groupe \u00e0 risque est celui des personnes qui subissent une pression \u00e9norme ou qui ont v\u00e9cu un \u00e9v\u00e9nement traumatisant dans leur vie. Ces situations extr\u00eames peuvent avoir un impact sur les habitudes de jeu et transformer les joueurs r\u00e9cr\u00e9atifs en joueurs compulsifs. Il est pr\u00e9f\u00e9rable d'\u00e9viter de jouer lorsque la vie n'est pas stable.<\/p>\n<p>Le troisi\u00e8me groupe est celui des personnes qui ne sont pas en mesure de prendre des d\u00e9cisions concernant leur vie. Toute personne n'ayant pas atteint l'\u00e2ge l\u00e9gal pour jouer au Canada, soit 18 ans, doit cesser d'envisager de jouer (et aucun casino ne l'autorisera \u00e0 jouer). Les personnes souffrant d'un handicap mental ou d'autres pathologies et qui sont d\u00e9sign\u00e9es par un tuteur l\u00e9gal ne doivent pas envisager de s'adonner \u00e0 des jeux d'argent.<\/p>\n<h3>Comment jouer de mani\u00e8re responsable<\/h3>\n<p>Que vous pensiez \u00eatre le type de personne ayant des tendances \u00e0 la d\u00e9pendance ou que vous veniez de commencer \u00e0 jouer en ligne, le respect des cinq r\u00e8gles cl\u00e9s ci-dessous et l'examen de la mani\u00e8re dont les sites en ligne eux-m\u00eames peuvent vous aider \u00e0 g\u00e9rer vos jeux vous permettront de jouer en ligne de mani\u00e8re saine et amusante.<\/p>\n<div class=\"sue-panel\" data-url=\"\" data-target=\"self\" style=\"background-color:#e6ba92;color:#000000;border-radius:3px;box-shadow:0px 0px 0px #eeeeee;border:1px solid #403a3a\"><div class=\"sue-panel-content su-u-trim\" style=\"padding:15px;text-align:left\"><\/p>\n<p><strong>Cinq r\u00e8gles pour un jeu en ligne responsable<\/strong><\/p>\n<p>1) Choisir de jouer en ligne pour <span style=\"text-decoration: underline;\"><em>objectifs de divertissement<\/em><\/span><em> (<a href=\"https:\/\/casinolion.ca\/fr\/aspiring-gamblers\/\">jeux de hasard professionnels<\/a> est quelque chose de compl\u00e8tement diff\u00e9rent).<\/em><\/p>\n<p>2) Consid\u00e9rez l'argent que vous perdez comme le <span style=\"text-decoration: underline;\"><em>le co\u00fbt de vos divertissements<\/em> <\/span>(comme l'argent que vous auriez d\u00e9pens\u00e9 pour un repas au restaurant ou le prix d'un billet de th\u00e9\u00e2tre) et l'argent que vous gagnez \u00e0 titre de bonus<\/p>\n<p>3) <em><span style=\"text-decoration: underline;\">Fixer un bankroll<\/span><\/em> pour vos jeux et de vous y tenir.<\/p>\n<p>4) <span style=\"text-decoration: underline;\"><em>Fixer une limite de temps<\/em> <\/span>\u00e0 vos activit\u00e9s de jeu et vous y tenir<\/p>\n<p>5) <em><span style=\"text-decoration: underline;\">S'attendre \u00e0 perdre<\/span><\/em> car il y a toujours un avantage de la maison<\/p>\n<p><\/div><\/div>\n<h3>Comment les casinos en ligne promeuvent le jeu responsable<\/h3>\n<p>Contrairement \u00e0 leurs homologues \u2018en dur\u2019 qui ont \u00e9t\u00e9 accus\u00e9s de cr\u00e9er des environnements propices au jeu probl\u00e9matique, par exemple en n'ayant pas d'horloges ou de fen\u00eatres pour fausser la sensation du temps pass\u00e9 dans le casino, leurs homologues en ligne ont adopt\u00e9 une approche tout \u00e0 fait plus m\u00fbre du jeu probl\u00e9matique en mettant en \u0153uvre des politiques et des outils visant \u00e0 promouvoir le jeu responsable.<\/p>\n<p>Certains des outils que notre <a href=\"https:\/\/casinolion.ca\/fr\/casino-reviews\/\">casinos recommand\u00e9s<\/a> offre :<\/p>\n<ul>\n<li>D\u00e9lais d'attente - \u00e0 votre demande, le casino peut fermer votre compte pour une p\u00e9riode sp\u00e9cifique, par exemple de 24 heures \u00e0 6 semaines ou plus. Pendant cette p\u00e9riode, vous ne pourrez pas acc\u00e9der \u00e0 votre compte et le casino cessera d'envoyer tout mat\u00e9riel marketing ou promotionnel. Le compte sera r\u00e9activ\u00e9 \u00e0 la fin de la p\u00e9riode de fermeture.<\/li>\n<li>Auto-exclusion - un peu plus loin que le \u2018time out\u2019, les sites de casino en ligne peuvent, \u00e0 votre demande, bloquer votre compte ind\u00e9finiment, c'est-\u00e0-dire qu'il ne sera pas r\u00e9activ\u00e9 \u00e0 la fin d'une p\u00e9riode donn\u00e9e. Pour r\u00e9activer votre compte, vous devez contacter le service client\u00e8le. La plupart des casinos rouvrent normalement le compte apr\u00e8s une p\u00e9riode de r\u00e9flexion de 24 \u00e0 48 heures.<\/li>\n<li>Limites de pertes - certains sites canadiens en ligne proposent des limites de pertes qui vous permettent de pr\u00e9ciser le montant que vous \u00eates pr\u00eat \u00e0 perdre au cours d'une p\u00e9riode donn\u00e9e.<\/li>\n<li>Limites de d\u00e9p\u00f4t - d\u00e9finissez le montant que vous souhaitez d\u00e9poser chaque semaine<\/li>\n<\/ul>\n<h3>Protection des mineurs<\/h3>\n<p>Jouer de mani\u00e8re responsable, c'est aussi \u00eatre un parent responsable. L'internet \u00e9tant si facilement accessible au domicile familial, suivez ces conseils pour vous assurer que vos mineurs n'ayant pas l'\u00e2ge l\u00e9gal pour jouer n'ont pas l'occasion de jouer en ligne.<\/p>\n<ol>\n<li>Ne laissez pas votre PC \/ Mac sans surveillance lorsque vous jouez en ligne<\/li>\n<li>Prot\u00e9gez votre compte de casino par un mot de passe<\/li>\n<li>Conservez vos mots de passe en lieu s\u00fbr<\/li>\n<li>Utiliser des programmes de filtrage de l'internet pour emp\u00eacher les mineurs d'acc\u00e9der aux sites de jeux.<\/li>\n<\/ol>\n<h3 id=\"supplementary-sites\">Sites suppl\u00e9mentaires :<\/h3>\n<p><a href=\"https:\/\/www.problemgambling.ca\/gambling-help\/\">https:\/\/www.problemgambling.ca\/gambling-help\/<\/a><br \/>\n<a href=\"https:\/\/www.responsiblegambling.org\/\" target=\"_blank\" rel=\"noopener noreferrer\">https:\/\/www.responsiblegambling.org\/<\/a><br \/>\n<a href=\"https:\/\/www.gambleaware.co.uk\/\" target=\"_blank\" rel=\"noopener noreferrer\">https:\/\/www.gambleaware.co.uk\/<\/a><br \/>\n<a href=\"https:\/\/www.gamblersanonymous.org\/ga\/\" target=\"_blank\" rel=\"noopener noreferrer\">https:\/\/www.gamblersanonymous.org\/ga\/<\/a><br \/>\n<a href=\"https:\/\/www.cyberpatrol.com\/\" target=\"_blank\" rel=\"noopener noreferrer\">https:\/\/www.cyberpatrol.com\/<\/a><br \/>\n<a href=\"https:\/\/www.netnanny.com\/\" target=\"_blank\" rel=\"noopener noreferrer\">https:\/\/www.netnanny.com\/<\/a><br \/>\n<a href=\"https:\/\/www.gamcare.org.uk\/\" target=\"_blank\" rel=\"noopener noreferrer\">https:\/\/www.gamcare.org.uk\/<\/a><\/p>\n<p><em>Avertissement : ce guide ne constitue pas un avis juridique, m\u00e9dical ou psychologique - il s'agit de notre opinion sur le sujet, bas\u00e9e sur notre exp\u00e9rience personnelle.<\/em><\/p>\n<p>Nous vous demandons de jouer de mani\u00e8re responsable. Si vous pensez souffrir d'une d\u00e9pendance au jeu, veuillez demander l'aide d'un professionnel.<\/p>","protected":false},"excerpt":{"rendered":"<p>Gambling online should be treated as a leisure pastime, as an entertainment choice the same as going out for a meal or going to the theater or cinema. For many people though gambling ends up crossing incrementally from entertainment option to problematic gambling to addictive behavior. \u00a0Such problematic gambling\u00a0can have a negative impact\u00a0over an individual&#8217;s\u00a0life, [&hellip;]<\/p>","protected":false},"author":1,"featured_media":0,"parent":0,"menu_order":185,"comment_status":"open","ping_status":"closed","template":"","meta":{"_acf_changed":false,"footnotes":""},"class_list":["post-1311","page","type-page","status-publish","hentry"],"acf":[],"yoast_head":"<!-- This site is optimized with the Yoast SEO plugin v26.1.1 - https:\/\/yoast.com\/wordpress\/plugins\/seo\/ -->\n<title>Responsible online gambling guide - Play in your limits!<\/title>\n<meta name=\"description\" content=\"Playing at an online casino can be a fun leisure pursuit but its important to play sensibly and within your limits. Read our guide to responsible gambling\" \/>\n<meta name=\"robots\" content=\"index, follow, max-snippet:-1, max-image-preview:large, max-video-preview:-1\" \/>\n<link rel=\"canonical\" href=\"https:\/\/casinolion.ca\/fr\/responsible-gaming\/\" \/>\n<meta property=\"og:locale\" content=\"fr_CA\" \/>\n<meta property=\"og:type\" content=\"article\" \/>\n<meta property=\"og:title\" content=\"Responsible online gambling guide - Play in your limits!\" \/>\n<meta property=\"og:description\" content=\"Playing at an online casino can be a fun leisure pursuit but its important to play sensibly and within your limits. Read our guide to responsible gambling\" \/>\n<meta property=\"og:url\" content=\"https:\/\/casinolion.ca\/fr\/responsible-gaming\/\" \/>\n<meta property=\"article:modified_time\" content=\"2024-02-04T09:13:34+00:00\" \/>\n<meta name=\"twitter:card\" content=\"summary_large_image\" \/>\n<meta name=\"twitter:label1\" content=\"Estimation du temps de lecture\" \/>\n\t<meta name=\"twitter:data1\" content=\"4 minutes\" \/>\n<script type=\"application\/ld+json\" class=\"yoast-schema-graph\">{\"@context\":\"https:\/\/schema.org\",\"@graph\":[{\"@type\":\"WebPage\",\"@id\":\"https:\/\/casinolion.ca\/responsible-gaming\/\",\"url\":\"https:\/\/casinolion.ca\/responsible-gaming\/\",\"name\":\"Responsible online gambling guide - Play in your limits!\",\"isPartOf\":{\"@id\":\"https:\/\/casinolion.ca\/fr\/#website\"},\"datePublished\":\"2016-01-12T23:24:48+00:00\",\"dateModified\":\"2024-02-04T09:13:34+00:00\",\"description\":\"Playing at an online casino can be a fun leisure pursuit but its important to play sensibly and within your limits. Read our guide to responsible gambling\",\"breadcrumb\":{\"@id\":\"https:\/\/casinolion.ca\/responsible-gaming\/#breadcrumb\"},\"inLanguage\":\"fr-CA\",\"potentialAction\":[{\"@type\":\"ReadAction\",\"target\":[\"https:\/\/casinolion.ca\/responsible-gaming\/\"]}]},{\"@type\":\"BreadcrumbList\",\"@id\":\"https:\/\/casinolion.ca\/responsible-gaming\/#breadcrumb\",\"itemListElement\":[{\"@type\":\"ListItem\",\"position\":1,\"name\":\"Home\",\"item\":\"https:\/\/casinolion.ca\/\"},{\"@type\":\"ListItem\",\"position\":2,\"name\":\"Responsible Gaming\"}]},{\"@type\":\"WebSite\",\"@id\":\"https:\/\/casinolion.ca\/fr\/#website\",\"url\":\"https:\/\/casinolion.ca\/fr\/\",\"name\":\"\",\"description\":\"\",\"potentialAction\":[{\"@type\":\"SearchAction\",\"target\":{\"@type\":\"EntryPoint\",\"urlTemplate\":\"https:\/\/casinolion.ca\/fr\/?s={search_term_string}\"},\"query-input\":{\"@type\":\"PropertyValueSpecification\",\"valueRequired\":true,\"valueName\":\"search_term_string\"}}],\"inLanguage\":\"fr-CA\"}]}<\/script>\n<!-- \/ Yoast SEO plugin. -->","yoast_head_json":{"title":"Guide du jeu en ligne responsable - Jouez dans vos limites !","description":"Jouer dans un casino en ligne peut \u00eatre un loisir amusant, mais il est important de jouer raisonnablement et de respecter ses limites. Lisez notre guide du jeu responsable","robots":{"index":"index","follow":"follow","max-snippet":"max-snippet:-1","max-image-preview":"max-image-preview:large","max-video-preview":"max-video-preview:-1"},"canonical":"https:\/\/casinolion.ca\/fr\/responsible-gaming\/","og_locale":"fr_CA","og_type":"article","og_title":"Responsible online gambling guide - Play in your limits!","og_description":"Playing at an online casino can be a fun leisure pursuit but its important to play sensibly and within your limits. Read our guide to responsible gambling","og_url":"https:\/\/casinolion.ca\/fr\/responsible-gaming\/","article_modified_time":"2024-02-04T09:13:34+00:00","twitter_card":"summary_large_image","twitter_misc":{"Estimation du temps de lecture":"4 minutes"},"schema":{"@context":"https:\/\/schema.org","@graph":[{"@type":"WebPage","@id":"https:\/\/casinolion.ca\/responsible-gaming\/","url":"https:\/\/casinolion.ca\/responsible-gaming\/","name":"Guide du jeu en ligne responsable - Jouez dans vos limites !","isPartOf":{"@id":"https:\/\/casinolion.ca\/fr\/#website"},"datePublished":"2016-01-12T23:24:48+00:00","dateModified":"2024-02-04T09:13:34+00:00","description":"Jouer dans un casino en ligne peut \u00eatre un loisir amusant, mais il est important de jouer raisonnablement et de respecter ses limites. Lisez notre guide du jeu responsable","breadcrumb":{"@id":"https:\/\/casinolion.ca\/responsible-gaming\/#breadcrumb"},"inLanguage":"fr-CA","potentialAction":[{"@type":"ReadAction","target":["https:\/\/casinolion.ca\/responsible-gaming\/"]}]},{"@type":"BreadcrumbList","@id":"https:\/\/casinolion.ca\/responsible-gaming\/#breadcrumb","itemListElement":[{"@type":"ListItem","position":1,"name":"Home","item":"https:\/\/casinolion.ca\/"},{"@type":"ListItem","position":2,"name":"Responsible Gaming"}]},{"@type":"WebSite","@id":"https:\/\/casinolion.ca\/fr\/#website","url":"https:\/\/casinolion.ca\/fr\/","name":"","description":"","potentialAction":[{"@type":"SearchAction","target":{"@type":"EntryPoint","urlTemplate":"https:\/\/casinolion.ca\/fr\/?s={search_term_string}"},"query-input":{"@type":"PropertyValueSpecification","valueRequired":true,"valueName":"search_term_string"}}],"inLanguage":"fr-CA"}]}},"_links":{"self":[{"href":"https:\/\/casinolion.ca\/fr\/wp-json\/wp\/v2\/pages\/1311","targetHints":{"allow":["GET"]}}],"collection":[{"href":"https:\/\/casinolion.ca\/fr\/wp-json\/wp\/v2\/pages"}],"about":[{"href":"https:\/\/casinolion.ca\/fr\/wp-json\/wp\/v2\/types\/page"}],"author":[{"embeddable":true,"href":"https:\/\/casinolion.ca\/fr\/wp-json\/wp\/v2\/users\/1"}],"replies":[{"embeddable":true,"href":"https:\/\/casinolion.ca\/fr\/wp-json\/wp\/v2\/comments?post=1311"}],"version-history":[{"count":0,"href":"https:\/\/casinolion.ca\/fr\/wp-json\/wp\/v2\/pages\/1311\/revisions"}],"wp:attachment":[{"href":"https:\/\/casinolion.ca\/fr\/wp-json\/wp\/v2\/media?parent=1311"}],"curies":[{"name":"wp","href":"https:\/\/api.w.org\/{rel}","templated":true}]}}