
{"id":14232,"date":"2021-08-03T10:49:35","date_gmt":"2021-08-03T10:49:35","guid":{"rendered":"https:\/\/www.canadiancasinos.ca\/?page_id=14232"},"modified":"2023-07-02T04:08:31","modified_gmt":"2023-07-02T04:08:31","slug":"888-holdings-casinos","status":"publish","type":"page","link":"https:\/\/casinolion.ca\/fr\/888-holdings-casinos\/","title":{"rendered":"888 Holdings Casinos"},"content":{"rendered":"<p>Que vous soyez un nouveau venu sur la sc\u00e8ne du jeu ou un amateur de casino chevronn\u00e9, vous avez probablement entendu parler de 888 Holdings, une soci\u00e9t\u00e9 qui s'adresse aux joueurs du monde entier. En activit\u00e9 depuis 1997, 888 Holdings est une l\u00e9gende de l'industrie de l'iGaming. La soci\u00e9t\u00e9 a \u00e9t\u00e9 fond\u00e9e par deux groupes de fr\u00e8res, Shay et Ron Ben-Yitzhak et Avi et Aron Shaked, sous le nom de \"888 Holdings\". <em>Virtual Holdings Limited. <\/em><\/p>\n<p>Aujourd'hui, 888 Holdings op\u00e8re sous licence de divers organismes de r\u00e9glementation, notamment au Royaume-Uni, \u00e0 Malte, en Italie, en Espagne, en Su\u00e8de, au Danemark, dans le New Jersey, au Nevada et \u00e0 Gibraltar. Plus de 1 350 personnes travaillent actuellement pour 888 Holdings.<\/p>\n<h2>Liste de tous les casinos 888 Holdings<\/h2>\n<p>Au fil des ans, la soci\u00e9t\u00e9 a acquis d'autres entreprises, qu'elle a transform\u00e9es en filiales. Avec elles, 888 Holdings a pris le contr\u00f4le de leurs casinos en ligne. Toutefois, la liste \u00e9tant assez longue, nous nous concentrerons sur les marques lanc\u00e9es par 888 Holdings :<\/p>\n<ul>\n<li><a href=\"https:\/\/casinolion.ca\/fr\/review\/888-casino\/\">888casino<\/a><\/li>\n<li><a href=\"https:\/\/www.888ladies.com\/\">888 Dames<\/a><\/li>\n<li><a href=\"https:\/\/www.moongames.com\/\">Moon Games Casino<\/a><\/li>\n<li><a href=\"https:\/\/www.winkslots.com\/\">Wink Slots Casino<\/a><\/li>\n<li><a href=\"https:\/\/www.jazzyspins.com\/\">Jazzy Spins Casino<\/a><\/li>\n<li><a href=\"https:\/\/www.vegasspins.com\/\">Casino Vegas Spins<\/a><\/li>\n<li><a href=\"https:\/\/casinolion.ca\/fr\/review\/777-casino\/\">777 Casino<\/a><\/li>\n<li><a href=\"https:\/\/www.wickedjackpots.com\/\">Wicked Jackpots Casino<\/a><\/li>\n<li><a href=\"https:\/\/www.xlcasino.com\/\">XL Casino<\/a><\/li>\n<li><a href=\"https:\/\/www.totalgold.com\/\">Total Gold Casino<\/a><\/li>\n<li><a href=\"https:\/\/www.secretslots.com\/\">Secret Slots Casino<\/a><\/li>\n<li><a href=\"https:\/\/www.arcadespins.com\/\">Arcade Spins Casino<\/a><\/li>\n<li><a href=\"https:\/\/www.bouncebingo.com\/\">Bounce Bingo Casino<\/a><\/li>\n<li><a href=\"https:\/\/www.dinkybingo.com\/\">Dinky Bingo Casino<\/a><\/li>\n<li><a href=\"https:\/\/www.spinzilla.com\/\">Spinzilla Casino<\/a><\/li>\n<li><a href=\"https:\/\/www.slotsangel.com\/\">Slots Angel Casino<\/a><\/li>\n<li><a href=\"https:\/\/www.risecasino.com\/\">Rise Casino<\/a><\/li>\n<\/ul>\n<p>Comme vous pouvez le constater d'apr\u00e8s leurs noms, les plateformes se concentrent sur diff\u00e9rents jeux de casino. Mais ce qu'elles ont en commun, c'est l'excellente exp\u00e9rience de jeu qu'elles offrent. Tous les sites proposent un large \u00e9ventail de jeux, notamment des machines \u00e0 sous, des jeux de table et des jeux avec croupiers en direct, issus des partenariats de la soci\u00e9t\u00e9 avec des d\u00e9veloppeurs de logiciels de premier plan tels que <a href=\"https:\/\/casinolion.ca\/fr\/netent-casinos-canada\/\">NetEnt<\/a>, <a href=\"https:\/\/casinolion.ca\/fr\/yggdrasil-casinos\/\">Yggdrasil<\/a>, <a href=\"https:\/\/casinolion.ca\/fr\/microgaming-casinos\/\">Microgaming<\/a>, <a href=\"https:\/\/casinolion.ca\/fr\/play-n-go\/\">Play'n GO<\/a>, <a href=\"https:\/\/casinolion.ca\/fr\/evolution-gaming-casinos\/\">L'\u00e9volution<\/a>, Pragmatic Play, etc.<\/p>\n<p>Outre l'exploitation de dizaines de casinos en ligne, 888 Holdings poss\u00e8de \u00e9galement des plateformes d\u00e9di\u00e9es aux paris sportifs, au bingo et au poker en ligne.<\/p>\n<h2>A propos de 888 Holdings Casinos<\/h2>\n<p>L'entreprise est n\u00e9e sous un autre nom. En 1997, deux groupes de fr\u00e8res, tous entrepreneurs isra\u00e9liens, ont fond\u00e9 une entreprise appel\u00e9e Virtual Holdings Limited dans les \u00eeles Vierges britanniques. Cette ann\u00e9e-l\u00e0, la filiale a acquis une licence de jeu \u00e0 Antigua, o\u00f9 toute la direction \u00e9tait bas\u00e9e.<\/p>\n<p>Peu apr\u00e8s, la premi\u00e8re plateforme en ligne de la soci\u00e9t\u00e9, Casino-On-Net, a \u00e9t\u00e9 lanc\u00e9e. L'ann\u00e9e 2002 a \u00e9t\u00e9 une ann\u00e9e importante pour 888 Holdings. Tout d'abord, la soci\u00e9t\u00e9 cr\u00e9e sa marque 888.com et lance sa premi\u00e8re salle de poker en ligne multi-joueurs, Pacific Poker. Ensuite, elle a cr\u00e9\u00e9 un bureau de marketing bas\u00e9 \u00e0 Londres, Virtual Marketing Services Limited.<\/p>\n<p>Un an plus tard, la soci\u00e9t\u00e9 a obtenu une licence de Gibraltar, ce qui a incit\u00e9 888 Holdings \u00e0 transf\u00e9rer ses bureaux d'Antigua \u00e0 Gibraltar. En 2005, l'entreprise a \u00e9t\u00e9 cot\u00e9e sur le march\u00e9 principal de la Bourse de Londres, apr\u00e8s quoi elle a commenc\u00e9 \u00e0 op\u00e9rer sous le nom de <em>888.com.<\/em><\/p>\n<p>Il convient de mentionner que 888 Holdings est un membre fondateur d'eCOGRA, une soci\u00e9t\u00e9 qui milite pour la protection des consommateurs.<\/p>\n<p>En 2007, 888 Holdings a r\u00e9alis\u00e9 sa premi\u00e8re acquisition en rachetant le bingo et les actifs commerciaux de Globalcom Limited. Cette acquisition a permis de d\u00e9velopper les machines \u00e0 sous vid\u00e9o, le blackjack et les produits de poker.<\/p>\n<p>Le lancement de 888sport en 2008 a permis \u00e0 la soci\u00e9t\u00e9 d'exploiter les quatre secteurs verticaux du jeu : le casino, le poker, le sport et le bingo.<\/p>\n<p>En 2011, le partenariat de l'entreprise avec Caesars Interactive Entertainment s'est concr\u00e9tis\u00e9. Il a \u00e9t\u00e9 approuv\u00e9 par le NGCB (Nevada Gaming Control Board), ce qui a permis \u00e0 l'entreprise de lancer ses produits une fois que les jeux d'argent en ligne sont devenus l\u00e9gaux.<\/p>\n<p>La m\u00eame ann\u00e9e, 888 Holdings s'est implant\u00e9e en Italie et, un an plus tard, l'Espagne a ouvert ses portes et accueilli 888.com sur son march\u00e9 du jeu en ligne. En 2012, l'entreprise a \u00e9tendu son partenariat avec Caesars Interactive Entertainment pour alimenter les marques de poker, y compris le l\u00e9gendaire WSOP.<\/p>\n<p>En 2013, 888 Holdings est entr\u00e9e sur le march\u00e9 r\u00e9glement\u00e9 des \u00c9tats-Unis et a lanc\u00e9 des produits de casino et de poker dans le Delaware et le New Jersey, tandis que la plateforme WSOP aliment\u00e9e par 888 a \u00e9t\u00e9 mise en service dans le Nevada.<\/p>\n<p>Itai Frieberger a \u00e9t\u00e9 nomm\u00e9 PDG en 2016, tandis que Brian Mattingley est devenu pr\u00e9sident non ex\u00e9cutif.<\/p>\n<p>Lorsque le New Jersey a l\u00e9galis\u00e9 les paris sportifs en ligne en 2018, 888 Holdings a \u00e9t\u00e9 l'un des premiers op\u00e9rateurs \u00e0 entrer sur le march\u00e9 nouvellement r\u00e9glement\u00e9.<\/p>\n<p>En 2019, Itai Pazner a \u00e9t\u00e9 nomm\u00e9 PDG de 888 Holdings, tandis que l'entreprise continuait d'\u00e9tendre son offre aux march\u00e9s r\u00e9glement\u00e9s portugais et su\u00e9dois. L'ann\u00e9e suivante, 888 a sign\u00e9 trois accords pluriannuels pour lancer ses produits dans les \u00c9tats am\u00e9ricains suivants : Indiana, Colorado et Iowa.<\/p>\n<p>Au fil des ans, 888 Holding a remport\u00e9 de nombreuses r\u00e9compenses, dont certaines :<\/p>\n<ul>\n<li><strong>Prix de l'op\u00e9rateur eGaming Review 2013<\/strong> - Op\u00e9rateur de casino de l'ann\u00e9e, Op\u00e9rateur de poker de l'ann\u00e9e et Meilleur op\u00e9rateur de l'ann\u00e9e ;<\/li>\n<li><strong>EGR <\/strong>- Op\u00e9rateur de casino de l'ann\u00e9e 2019 ;<\/li>\n<li><strong>Intelligence des jeux<\/strong> - Op\u00e9rateur de casino de l'ann\u00e9e 2020.<\/li>\n<\/ul>\n<h2>Profil de l'entreprise 888 Holdings<\/h2>\n<ul>\n<li><strong>Ann\u00e9e de cr\u00e9ation : <\/strong>1997<\/li>\n<li><strong>PDG : <\/strong>Itai Pazner<\/li>\n<li><strong>Nombre d'employ\u00e9s : <\/strong>1,350<\/li>\n<li><strong>Les recettes : <\/strong>$849,7 millions<\/li>\n<li><strong>R\u00e9gions desservies : <\/strong>Niveau mondial<\/li>\n<li><strong>Licenci\u00e9 en : <\/strong>Gibraltar, Grande-Bretagne, Malte, New Jersey, Nevada, Italie, Espagne, Roumanie, Su\u00e8de<\/li>\n<li><strong>Produits : <\/strong>Casino en ligne, casino en direct, paris sportifs, poker en ligne, bingo en ligne<\/li>\n<li><strong>Casino phare : <\/strong>888casino<\/li>\n<li><strong>Site web de l'entreprise : <\/strong><a href=\"https:\/\/corporate.888.com\/\">https:\/\/corporate.888.com\/<\/a><\/li>\n<\/ul>","protected":false},"excerpt":{"rendered":"<p>Whether you\u2019re new to the gambling scene or a seasoned casino enthusiast, you have probably heard of 888 Holdings, a company that caters to players across the globe. Operating since 1997, 888 Holdings is a legend of the iGaming industry. The company was founded by two sets of brothers, Shay and Ron Ben-Yitzhak and Avi [&hellip;]<\/p>","protected":false},"author":1,"featured_media":0,"parent":0,"menu_order":0,"comment_status":"closed","ping_status":"closed","template":"","meta":{"_acf_changed":false,"footnotes":""},"class_list":["post-14232","page","type-page","status-publish","hentry"],"acf":[],"yoast_head":"<!-- This site is optimized with the Yoast SEO plugin v26.1.1 - https:\/\/yoast.com\/wordpress\/plugins\/seo\/ -->\n<title>888 Holdings Casinos [2023]<\/title>\n<meta name=\"robots\" content=\"index, follow, max-snippet:-1, max-image-preview:large, max-video-preview:-1\" \/>\n<link rel=\"canonical\" href=\"https:\/\/casinolion.ca\/fr\/888-holdings-casinos\/\" \/>\n<meta property=\"og:locale\" content=\"fr_CA\" \/>\n<meta property=\"og:type\" content=\"article\" \/>\n<meta property=\"og:title\" content=\"888 Holdings Casinos [2023]\" \/>\n<meta property=\"og:description\" content=\"Whether you\u2019re new to the gambling scene or a seasoned casino enthusiast, you have probably heard of 888 Holdings, a company that caters to players across the globe. Operating since 1997, 888 Holdings is a legend of the iGaming industry. The company was founded by two sets of brothers, Shay and Ron Ben-Yitzhak and Avi [&hellip;]\" \/>\n<meta property=\"og:url\" content=\"https:\/\/casinolion.ca\/fr\/888-holdings-casinos\/\" \/>\n<meta property=\"article:modified_time\" content=\"2023-07-02T04:08:31+00:00\" \/>\n<meta name=\"twitter:card\" content=\"summary_large_image\" \/>\n<meta name=\"twitter:label1\" content=\"Estimation du temps de lecture\" \/>\n\t<meta name=\"twitter:data1\" content=\"4 minutes\" \/>\n<script type=\"application\/ld+json\" class=\"yoast-schema-graph\">{\"@context\":\"https:\/\/schema.org\",\"@graph\":[{\"@type\":\"WebPage\",\"@id\":\"https:\/\/casinolion.ca\/888-holdings-casinos\/\",\"url\":\"https:\/\/casinolion.ca\/888-holdings-casinos\/\",\"name\":\"888 Holdings Casinos [2023]\",\"isPartOf\":{\"@id\":\"https:\/\/casinolion.ca\/fr\/#website\"},\"datePublished\":\"2021-08-03T10:49:35+00:00\",\"dateModified\":\"2023-07-02T04:08:31+00:00\",\"breadcrumb\":{\"@id\":\"https:\/\/casinolion.ca\/888-holdings-casinos\/#breadcrumb\"},\"inLanguage\":\"fr-CA\",\"potentialAction\":[{\"@type\":\"ReadAction\",\"target\":[\"https:\/\/casinolion.ca\/888-holdings-casinos\/\"]}]},{\"@type\":\"BreadcrumbList\",\"@id\":\"https:\/\/casinolion.ca\/888-holdings-casinos\/#breadcrumb\",\"itemListElement\":[{\"@type\":\"ListItem\",\"position\":1,\"name\":\"Home\",\"item\":\"https:\/\/casinolion.ca\/\"},{\"@type\":\"ListItem\",\"position\":2,\"name\":\"888 Holdings Casinos\"}]},{\"@type\":\"WebSite\",\"@id\":\"https:\/\/casinolion.ca\/fr\/#website\",\"url\":\"https:\/\/casinolion.ca\/fr\/\",\"name\":\"\",\"description\":\"\",\"potentialAction\":[{\"@type\":\"SearchAction\",\"target\":{\"@type\":\"EntryPoint\",\"urlTemplate\":\"https:\/\/casinolion.ca\/fr\/?s={search_term_string}\"},\"query-input\":{\"@type\":\"PropertyValueSpecification\",\"valueRequired\":true,\"valueName\":\"search_term_string\"}}],\"inLanguage\":\"fr-CA\"}]}<\/script>\n<!-- \/ Yoast SEO plugin. -->","yoast_head_json":{"title":"888 Holdings Casinos [2023]","robots":{"index":"index","follow":"follow","max-snippet":"max-snippet:-1","max-image-preview":"max-image-preview:large","max-video-preview":"max-video-preview:-1"},"canonical":"https:\/\/casinolion.ca\/fr\/888-holdings-casinos\/","og_locale":"fr_CA","og_type":"article","og_title":"888 Holdings Casinos [2023]","og_description":"Whether you\u2019re new to the gambling scene or a seasoned casino enthusiast, you have probably heard of 888 Holdings, a company that caters to players across the globe. Operating since 1997, 888 Holdings is a legend of the iGaming industry. The company was founded by two sets of brothers, Shay and Ron Ben-Yitzhak and Avi [&hellip;]","og_url":"https:\/\/casinolion.ca\/fr\/888-holdings-casinos\/","article_modified_time":"2023-07-02T04:08:31+00:00","twitter_card":"summary_large_image","twitter_misc":{"Estimation du temps de lecture":"4 minutes"},"schema":{"@context":"https:\/\/schema.org","@graph":[{"@type":"WebPage","@id":"https:\/\/casinolion.ca\/888-holdings-casinos\/","url":"https:\/\/casinolion.ca\/888-holdings-casinos\/","name":"888 Holdings Casinos [2023]","isPartOf":{"@id":"https:\/\/casinolion.ca\/fr\/#website"},"datePublished":"2021-08-03T10:49:35+00:00","dateModified":"2023-07-02T04:08:31+00:00","breadcrumb":{"@id":"https:\/\/casinolion.ca\/888-holdings-casinos\/#breadcrumb"},"inLanguage":"fr-CA","potentialAction":[{"@type":"ReadAction","target":["https:\/\/casinolion.ca\/888-holdings-casinos\/"]}]},{"@type":"BreadcrumbList","@id":"https:\/\/casinolion.ca\/888-holdings-casinos\/#breadcrumb","itemListElement":[{"@type":"ListItem","position":1,"name":"Home","item":"https:\/\/casinolion.ca\/"},{"@type":"ListItem","position":2,"name":"888 Holdings Casinos"}]},{"@type":"WebSite","@id":"https:\/\/casinolion.ca\/fr\/#website","url":"https:\/\/casinolion.ca\/fr\/","name":"","description":"","potentialAction":[{"@type":"SearchAction","target":{"@type":"EntryPoint","urlTemplate":"https:\/\/casinolion.ca\/fr\/?s={search_term_string}"},"query-input":{"@type":"PropertyValueSpecification","valueRequired":true,"valueName":"search_term_string"}}],"inLanguage":"fr-CA"}]}},"_links":{"self":[{"href":"https:\/\/casinolion.ca\/fr\/wp-json\/wp\/v2\/pages\/14232","targetHints":{"allow":["GET"]}}],"collection":[{"href":"https:\/\/casinolion.ca\/fr\/wp-json\/wp\/v2\/pages"}],"about":[{"href":"https:\/\/casinolion.ca\/fr\/wp-json\/wp\/v2\/types\/page"}],"author":[{"embeddable":true,"href":"https:\/\/casinolion.ca\/fr\/wp-json\/wp\/v2\/users\/1"}],"replies":[{"embeddable":true,"href":"https:\/\/casinolion.ca\/fr\/wp-json\/wp\/v2\/comments?post=14232"}],"version-history":[{"count":0,"href":"https:\/\/casinolion.ca\/fr\/wp-json\/wp\/v2\/pages\/14232\/revisions"}],"wp:attachment":[{"href":"https:\/\/casinolion.ca\/fr\/wp-json\/wp\/v2\/media?parent=14232"}],"curies":[{"name":"wp","href":"https:\/\/api.w.org\/{rel}","templated":true}]}}