
{"id":14291,"date":"2021-08-11T00:22:21","date_gmt":"2021-08-11T00:22:21","guid":{"rendered":"https:\/\/www.canadiancasinos.ca\/?page_id=14291"},"modified":"2023-01-04T02:28:04","modified_gmt":"2023-01-04T02:28:04","slug":"zecure-gaming-limited","status":"publish","type":"page","link":"https:\/\/casinolion.ca\/fr\/zecure-gaming-limited\/","title":{"rendered":"Zecure Gaming Limited"},"content":{"rendered":"<p>Zecure Gaming Limited est une soci\u00e9t\u00e9 que vous ne trouverez plus op\u00e9rant sous ce nom. L'op\u00e9rateur est apparu sur le march\u00e9 en 2015 en tant que filiale de Gaming Innovation Group. Apr\u00e8s que quelques-uns de ses produits de casino soient devenus populaires aupr\u00e8s des joueurs, Zecure Gaming Limited, ainsi que d'autres produits GIG, ont attir\u00e9 l'attention de Betsson et ont \u00e9t\u00e9 acquis peu apr\u00e8s par cette soci\u00e9t\u00e9 g\u00e9ante.<\/p>\n<p>M\u00eame si la marque n'op\u00e8re plus sous le nom de Zecure Gaming Ltd, ses produits tels que le Rizk Casino sont toujours utilis\u00e9s par les joueurs dans diff\u00e9rents pays.<\/p>\n<h2>Liste de tous les casinos de Zecure Gaming Limited<\/h2>\n<p>Bien que Zecure Gaming Limited ne propose pas beaucoup de sites de casino, les produits de cet op\u00e9rateur ont toujours \u00e9t\u00e9 tr\u00e8s bien not\u00e9s. Les plateformes op\u00e9rant actuellement sous l'\u00e9gide de Zecure Gaming Limited sont les suivantes :<\/p>\n<ul>\n<li><a href=\"https:\/\/casinolion.ca\/fr\/review\/rizk\/\">Rizk Casino<\/a><\/li>\n<li><a href=\"https:\/\/casinolion.ca\/fr\/review\/guts\/\">Guts Casino<\/a><\/li>\n<li><a href=\"https:\/\/kaboo.com\/\">Casino Kaboo<\/a><\/li>\n<li><a href=\"https:\/\/www.gutsxpress.com\/en\">GutsXpress Casino<\/a><\/li>\n<li><a href=\"https:\/\/casinolion.ca\/fr\/review\/thrills\/\">Thrills Casino<\/a><\/li>\n<\/ul>\n<p>Les jeux propos\u00e9s sur ces sites de casino proviennent d'une pl\u00e9thore de fournisseurs de logiciels renomm\u00e9s. Voici quelques-uns des cr\u00e9ateurs de contenu qui se sont associ\u00e9s aux casinos de Zecure Gaming Limited <a href=\"https:\/\/casinolion.ca\/fr\/evolution-gaming-casinos\/\">Evolution Gaming<\/a>, <a href=\"https:\/\/casinolion.ca\/fr\/microgaming-casinos\/\">Microgaming<\/a>, <a href=\"https:\/\/casinolion.ca\/fr\/yggdrasil-casinos\/\">Yggdrasil<\/a>, <a href=\"https:\/\/casinolion.ca\/fr\/play-n-go\/\">Play'n GO<\/a>, <a href=\"https:\/\/casinolion.ca\/fr\/red-tiger\/\">Tigre rouge<\/a>, et de nombreux autres d\u00e9veloppeurs reconnus.<\/p>\n<h2>A propos des casinos de Zecure Gaming Limited<\/h2>\n<p>Zecure Gaming Limited a d\u00e9marr\u00e9 il y a plusieurs ann\u00e9es en tant que partie du Gaming Innovation Group, un groupe de plus grande envergure. Zecure Gaming a rapidement cr\u00e9\u00e9 un petit portefeuille de sites de casino visant \u00e0 offrir une exp\u00e9rience de jeu en ligne fantastique. Les casinos en ligne les plus populaires qui ont vu le jour sous l'\u00e9gide de Zecure Gaming comprenaient le c\u00e9l\u00e8bre Rizk Casino, suivi de pr\u00e8s par Guts Casino et Thrills Casino.<\/p>\n<p>L'op\u00e9rateur a d'abord obtenu sa licence en Su\u00e8de, pour servir les joueurs de ce pays. Plus tard, les licences du Royaume-Uni et de Malte ont \u00e9t\u00e9 acquises afin que Zecure Gaming puisse intensifier son jeu et cibler d'autres march\u00e9s, notamment le Canada, la Nouvelle-Z\u00e9lande et le reste de l'Europe. Par cons\u00e9quent, les sites appartenant \u00e0 Zecure Gaming Ltd. ont commenc\u00e9 \u00e0 accepter de nombreuses devises et sont devenus encore plus attrayants pour les joueurs du monde entier.<\/p>\n<p>En outre, l'op\u00e9rateur a \u00e9t\u00e9 approuv\u00e9 par eCOGRA \u00e0 l'\u00e9poque, de sorte que les joueurs pouvaient \u00eatre assur\u00e9s que leur protection \u00e9tait une priorit\u00e9 lorsqu'ils jouaient dans les casinos de Zecure Gaming Limited.<\/p>\n<p>Un tel succ\u00e8s sur une courte p\u00e9riode a attir\u00e9 l'attention du groupe Betsson, un g\u00e9ant de l'industrie des jeux en ligne. En 2020, Betsson a propos\u00e9 de racheter GIG et toutes ses filiales, y compris Zecure Gaming Limited. La transaction, d'une valeur de plusieurs millions d'euros, a \u00e9t\u00e9 conclue la m\u00eame ann\u00e9e et comprenait les sites web des casinos et d'autres actifs essentiels de Zecure Gaming.<\/p>\n<p>Aujourd'hui, Zecure Gaming Ltd fait partie du groupe Betsson et se trouve \u00e0 Malte, au Betsson Experience Centre. N\u00e9anmoins, Betsson a conserv\u00e9 toutes les fonctionnalit\u00e9s les plus vendues de Zecure Gaming, qui ont permis \u00e0 l'op\u00e9rateur d'acqu\u00e9rir une base de fans aussi importante.<\/p>\n<p>Bien que la soci\u00e9t\u00e9 elle-m\u00eame n'ait pas eu le temps de rivaliser avec d'autres entreprises d'iGaming et de remporter des prix, elle a certainement eu sa part du g\u00e2teau une fois qu'elle a \u00e9t\u00e9 int\u00e9gr\u00e9e au groupe Betsson.<\/p>\n<h2>Profil de l'entreprise Zecure Gaming Limited<\/h2>\n<ul>\n<li><strong>Ann\u00e9e de cr\u00e9ation : <\/strong>2015<\/li>\n<li><strong>PDG : <\/strong>Pontus Lindwall<\/li>\n<li><strong>Nombre d'employ\u00e9s : <\/strong>26<\/li>\n<li><strong>Les recettes : <\/strong>$13,94 millions<\/li>\n<li><strong>R\u00e9gions desservies : <\/strong>Dans le monde entier<\/li>\n<li><strong>Licenci\u00e9 en : <\/strong><a href=\"https:\/\/casinolion.ca\/fr\/malta-gaming-authority-casinos\/\">Malte<\/a><\/li>\n<li><strong>Num\u00e9ro de licence :\u00a0<\/strong><a href=\"https:\/\/www.authorisation.mga.org.mt\/verification.aspx?lang=EN&amp;company=894fb754-8605-4c2d-8bbe-2febe0ac4dd1&amp;details=1\">MGA\/CRP\/108\/2004-05<\/a><\/li>\n<li><strong>Produits : <\/strong>Casino, loterie, paris \u00e0 cote fixe, poker,<\/li>\n<li><strong>Casino phare : <\/strong>Rizk<\/li>\n<li><strong>Site web de l'entreprise : <\/strong><a href=\"http:\/\/betssongroup.com\">betssongroup.com<\/a><\/li>\n<\/ul>","protected":false},"excerpt":{"rendered":"<p>Zecure Gaming Limited est une soci\u00e9t\u00e9 que vous ne trouverez plus op\u00e9rant sous ce nom. L'op\u00e9rateur est apparu sur le march\u00e9 en 2015 en tant que filiale de Gaming Innovation Group. Apr\u00e8s que quelques-uns de ses produits de casino soient devenus populaires aupr\u00e8s des joueurs, Zecure Gaming Limited, ainsi que d'autres produits de GIG, ont attir\u00e9 l'attention de Betsson et [...]<\/p>","protected":false},"author":1,"featured_media":0,"parent":0,"menu_order":0,"comment_status":"closed","ping_status":"closed","template":"","meta":{"_acf_changed":false,"footnotes":""},"class_list":["post-14291","page","type-page","status-publish","hentry"],"acf":[],"yoast_head":"<!-- This site is optimized with the Yoast SEO plugin v26.1.1 - https:\/\/yoast.com\/wordpress\/plugins\/seo\/ -->\n<title>Zecure Gaming Limited Casinos [2023]<\/title>\n<meta name=\"robots\" content=\"index, follow, max-snippet:-1, max-image-preview:large, max-video-preview:-1\" \/>\n<link rel=\"canonical\" href=\"https:\/\/casinolion.ca\/fr\/zecure-gaming-limited\/\" \/>\n<meta property=\"og:locale\" content=\"fr_CA\" \/>\n<meta property=\"og:type\" content=\"article\" \/>\n<meta property=\"og:title\" content=\"Zecure Gaming Limited Casinos [2023]\" \/>\n<meta property=\"og:description\" content=\"Zecure Gaming Limited is a company you won\u2019t find operating under that name anymore. The operator appeared on the market in 2015 as a subsidiary of Gaming Innovation Group. After a few of its casino products became popular with the players, Zecure Gaming Limited, together with other GIG products, caught the eye of Betsson and [&hellip;]\" \/>\n<meta property=\"og:url\" content=\"https:\/\/casinolion.ca\/fr\/zecure-gaming-limited\/\" \/>\n<meta property=\"article:modified_time\" content=\"2023-01-04T02:28:04+00:00\" \/>\n<meta name=\"twitter:card\" content=\"summary_large_image\" \/>\n<meta name=\"twitter:label1\" content=\"Estimation du temps de lecture\" \/>\n\t<meta name=\"twitter:data1\" content=\"3 minutes\" \/>\n<script type=\"application\/ld+json\" class=\"yoast-schema-graph\">{\"@context\":\"https:\/\/schema.org\",\"@graph\":[{\"@type\":\"WebPage\",\"@id\":\"https:\/\/casinolion.ca\/zecure-gaming-limited\/\",\"url\":\"https:\/\/casinolion.ca\/zecure-gaming-limited\/\",\"name\":\"Zecure Gaming Limited Casinos [2023]\",\"isPartOf\":{\"@id\":\"https:\/\/casinolion.ca\/fr\/#website\"},\"datePublished\":\"2021-08-11T00:22:21+00:00\",\"dateModified\":\"2023-01-04T02:28:04+00:00\",\"breadcrumb\":{\"@id\":\"https:\/\/casinolion.ca\/zecure-gaming-limited\/#breadcrumb\"},\"inLanguage\":\"fr-CA\",\"potentialAction\":[{\"@type\":\"ReadAction\",\"target\":[\"https:\/\/casinolion.ca\/zecure-gaming-limited\/\"]}]},{\"@type\":\"BreadcrumbList\",\"@id\":\"https:\/\/casinolion.ca\/zecure-gaming-limited\/#breadcrumb\",\"itemListElement\":[{\"@type\":\"ListItem\",\"position\":1,\"name\":\"Home\",\"item\":\"https:\/\/casinolion.ca\/\"},{\"@type\":\"ListItem\",\"position\":2,\"name\":\"Zecure Gaming Limited\"}]},{\"@type\":\"WebSite\",\"@id\":\"https:\/\/casinolion.ca\/fr\/#website\",\"url\":\"https:\/\/casinolion.ca\/fr\/\",\"name\":\"\",\"description\":\"\",\"potentialAction\":[{\"@type\":\"SearchAction\",\"target\":{\"@type\":\"EntryPoint\",\"urlTemplate\":\"https:\/\/casinolion.ca\/fr\/?s={search_term_string}\"},\"query-input\":{\"@type\":\"PropertyValueSpecification\",\"valueRequired\":true,\"valueName\":\"search_term_string\"}}],\"inLanguage\":\"fr-CA\"}]}<\/script>\n<!-- \/ Yoast SEO plugin. -->","yoast_head_json":{"title":"Zecure Gaming Limited Casinos [2023]","robots":{"index":"index","follow":"follow","max-snippet":"max-snippet:-1","max-image-preview":"max-image-preview:large","max-video-preview":"max-video-preview:-1"},"canonical":"https:\/\/casinolion.ca\/fr\/zecure-gaming-limited\/","og_locale":"fr_CA","og_type":"article","og_title":"Zecure Gaming Limited Casinos [2023]","og_description":"Zecure Gaming Limited is a company you won\u2019t find operating under that name anymore. The operator appeared on the market in 2015 as a subsidiary of Gaming Innovation Group. After a few of its casino products became popular with the players, Zecure Gaming Limited, together with other GIG products, caught the eye of Betsson and [&hellip;]","og_url":"https:\/\/casinolion.ca\/fr\/zecure-gaming-limited\/","article_modified_time":"2023-01-04T02:28:04+00:00","twitter_card":"summary_large_image","twitter_misc":{"Estimation du temps de lecture":"3 minutes"},"schema":{"@context":"https:\/\/schema.org","@graph":[{"@type":"WebPage","@id":"https:\/\/casinolion.ca\/zecure-gaming-limited\/","url":"https:\/\/casinolion.ca\/zecure-gaming-limited\/","name":"Zecure Gaming Limited Casinos [2023]","isPartOf":{"@id":"https:\/\/casinolion.ca\/fr\/#website"},"datePublished":"2021-08-11T00:22:21+00:00","dateModified":"2023-01-04T02:28:04+00:00","breadcrumb":{"@id":"https:\/\/casinolion.ca\/zecure-gaming-limited\/#breadcrumb"},"inLanguage":"fr-CA","potentialAction":[{"@type":"ReadAction","target":["https:\/\/casinolion.ca\/zecure-gaming-limited\/"]}]},{"@type":"BreadcrumbList","@id":"https:\/\/casinolion.ca\/zecure-gaming-limited\/#breadcrumb","itemListElement":[{"@type":"ListItem","position":1,"name":"Home","item":"https:\/\/casinolion.ca\/"},{"@type":"ListItem","position":2,"name":"Zecure Gaming Limited"}]},{"@type":"WebSite","@id":"https:\/\/casinolion.ca\/fr\/#website","url":"https:\/\/casinolion.ca\/fr\/","name":"","description":"","potentialAction":[{"@type":"SearchAction","target":{"@type":"EntryPoint","urlTemplate":"https:\/\/casinolion.ca\/fr\/?s={search_term_string}"},"query-input":{"@type":"PropertyValueSpecification","valueRequired":true,"valueName":"search_term_string"}}],"inLanguage":"fr-CA"}]}},"_links":{"self":[{"href":"https:\/\/casinolion.ca\/fr\/wp-json\/wp\/v2\/pages\/14291","targetHints":{"allow":["GET"]}}],"collection":[{"href":"https:\/\/casinolion.ca\/fr\/wp-json\/wp\/v2\/pages"}],"about":[{"href":"https:\/\/casinolion.ca\/fr\/wp-json\/wp\/v2\/types\/page"}],"author":[{"embeddable":true,"href":"https:\/\/casinolion.ca\/fr\/wp-json\/wp\/v2\/users\/1"}],"replies":[{"embeddable":true,"href":"https:\/\/casinolion.ca\/fr\/wp-json\/wp\/v2\/comments?post=14291"}],"version-history":[{"count":0,"href":"https:\/\/casinolion.ca\/fr\/wp-json\/wp\/v2\/pages\/14291\/revisions"}],"wp:attachment":[{"href":"https:\/\/casinolion.ca\/fr\/wp-json\/wp\/v2\/media?parent=14291"}],"curies":[{"name":"wp","href":"https:\/\/api.w.org\/{rel}","templated":true}]}}