
{"id":14337,"date":"2021-08-17T22:54:37","date_gmt":"2021-08-17T22:54:37","guid":{"rendered":"https:\/\/www.canadiancasinos.ca\/?page_id=14337"},"modified":"2023-01-04T02:30:16","modified_gmt":"2023-01-04T02:30:16","slug":"mohawk-online-limited-casinos","status":"publish","type":"page","link":"https:\/\/casinolion.ca\/fr\/mohawk-online-limited-casinos\/","title":{"rendered":"Casinos Mohawk Online Limited"},"content":{"rendered":"<p>Mohawk Online Limited (MOL) est une soci\u00e9t\u00e9 canadienne d\u00e9tenue \u00e0 100 % par l'Union europ\u00e9enne. <a href=\"http:\/\/www.kahnawake.com\/\">Conseil des Mohawks de Kahnawake<\/a>. La soci\u00e9t\u00e9 a \u00e9t\u00e9 cr\u00e9\u00e9e dans le cadre d'une initiative socio-\u00e9conomique, avec pour objectif de r\u00e9investir tous les revenus per\u00e7us dans les communaut\u00e9s de Kahnawake.<\/p>\n<p>Mohawk Online est \u00e0 l'origine de l'une des plateformes de jeux en ligne les plus r\u00e9ussies, Sports Interaction. Ce nom d\u00e9signe un site de jeu polyvalent proposant des jeux de casino, des paris sportifs et du poker. La soci\u00e9t\u00e9 est actuellement licenci\u00e9e par deux autorit\u00e9s de jeu r\u00e9put\u00e9es : la Kahnawake Gaming Commission (Commission des jeux de Kahnawake) et la Jersey Gambling Commission (Commission des jeux de Jersey).<\/p>\n<h2>Casinos Mohawk Online Limited recommand\u00e9s au Canada<\/h2>\n<div class=\"flex-container column casinoTable bankingTbl\"><div class = \"casino-box-enhanced\">\n                <div class=\"casino-box-enhanced_top\">\n                    <div class=\"casino-box-enhanced_top_left responsive-no-mid-width\">\n                        <div class=\"casino-box-enhanced_inner_divs\">\n                            <span class=\"casino-box-enhanced_count\">1<\/span>\n                            <a rel=\"nofollow\" class=\"casino-box-enhanced_logo\" href=\"\/fr\/visit\/sports-interaction\" target=\"_blank\" >\n                                <img decoding=\"async\" width=\"115\" height=\"115\" class=\"casinoLogo\" src=\"\/wp-content\/uploads\/ccImages\/casino\/324\/sports_interaction_casino_logo.png\" alt=\"Sports Interaction Casino (SIA)\" \/>\n                            <\/a>\n                            <h4 class=\"casino-box-enhanced_title\">Sports Interaction Casino (SIA)<\/h4>\n                            <span class=\"rate rate_red\">\n                                <span class=\"ratetotal\" style=\"width:66%\"><\/span>\n                            <\/span>\n                            \n                        <\/div>\n                    <\/div>\n                    <div class=\"casino-box-enhanced_top_mid\">\n                            <div class=\"casino-box-enhanced_inner_divs\">\n                                <div class=\"casino-box-enhanced_bonus\">\n                                    \n                                    \n                                    \n                                <\/div>\n                                <div class=\"responsive-separator\">\n                                    <div class=\"casino-box-enhanced_banking_methods\">\n                                        <a href=\"\/fr\/paysafecard-casinos\/\" class=\"banking-item\">\n                                    <img decoding=\"async\" class=\"banking-item_logo\" width=\"50\" height=\"30\" src=\"https:\/\/a1.lcb.org\/system\/modules\/banking\/icons\/attachments\/000\/006\/859\/original\/Paysafecard_icon.png?1759129548\" alt=\"Paysafecard\">\n                                    <span class=\"banking-item_title\">Paysafecard accept\u00e9<\/span>\n                                <\/a><a href=\"\/fr\/interac-casinos\/\" class=\"banking-item\">\n                                    <img decoding=\"async\" class=\"banking-item_logo\" width=\"50\" height=\"30\" src=\"https:\/\/a1.lcb.org\/system\/modules\/banking\/icons\/attachments\/000\/006\/833\/original\/Interac_Software_Banking_Icon.png?1750912929\" alt=\"Interac\">\n                                    <span class=\"banking-item_title\">Interac accept\u00e9<\/span>\n                                <\/a><div class=\"banking-item\">\n                                    <img decoding=\"async\" class=\"banking-item_logo\" width=\"50\" height=\"30\" src=\"https:\/\/a1.lcb.org\/system\/modules\/banking\/icons\/attachments\/000\/344\/481\/original\/apple_pay_icon.png?1600692686\" alt=\"Apple Pay\">\n                                    <span class=\"banking-item_title\">Apple Pay accept\u00e9<\/span>\n                                <\/div><div class=\"more-banking-trigger\"><span class=\"more-banking-trigger_btn\">Plus<\/span>\n                                    <div class=\"more-banking-container_outter\">\n                                        <div class=\"more-banking-container\"><div class=\"banking-item\">\n                                    <img decoding=\"async\" class=\"banking-item_logo\" width=\"50\" height=\"30\" src=\"https:\/\/a1.lcb.org\/system\/modules\/banking\/icons\/attachments\/000\/274\/565\/original\/master.png?1549285614\" alt=\"Cr\u00e9dit MasterCard\">\n                                    <span class=\"banking-item_title\">Cr\u00e9dit MasterCard accept\u00e9<\/span>\n                                <\/div><a href=\"\/fr\/visa-casinos\/\" class=\"banking-item\">\n                                    <img decoding=\"async\" class=\"banking-item_logo\" width=\"50\" height=\"30\" src=\"https:\/\/a1.lcb.org\/system\/modules\/banking\/icons\/attachments\/000\/006\/957\/original\/visa.png?1549030311\" alt=\"Cr\u00e9dit Visa\">\n                                    <span class=\"banking-item_title\">Cr\u00e9dit Visa accept\u00e9<\/span>\n                                <\/a><a href=\"\/fr\/using-muchbetter-wallet-at-canadian-online-casinos\/\" class=\"banking-item\">\n                                    <img decoding=\"async\" class=\"banking-item_logo\" width=\"50\" height=\"30\" src=\"https:\/\/a1.lcb.org\/system\/modules\/banking\/icons\/attachments\/000\/260\/664\/original\/much_better.png?1549024729\" alt=\"Beaucoup mieux\">\n                                    <span class=\"banking-item_title\">Beaucoup mieux accept\u00e9<\/span>\n                                <\/a><div class=\"banking-item\">\n                                    <img decoding=\"async\" class=\"banking-item_logo\" width=\"50\" height=\"30\" src=\"https:\/\/a1.lcb.org\/system\/modules\/banking\/icons\/attachments\/000\/006\/829\/original\/maestro.png?1549024077\" alt=\"Maestro\">\n                                    <span class=\"banking-item_title\">Maestro accept\u00e9<\/span>\n                                <\/div><a href=\"\/fr\/instadebit-casinos\/\" class=\"banking-item\">\n                                    <img decoding=\"async\" class=\"banking-item_logo\" width=\"50\" height=\"30\" src=\"https:\/\/a1.lcb.org\/system\/modules\/banking\/icons\/attachments\/000\/006\/831\/original\/Instadebit.png?1549022754\" alt=\"InstaDebit\">\n                                    <span class=\"banking-item_title\">InstaDebit accept\u00e9<\/span>\n                                <\/a><a href=\"\/fr\/ecopayz-casinos\/\" class=\"banking-item\">\n                                    <img decoding=\"async\" class=\"banking-item_logo\" width=\"50\" height=\"30\" src=\"https:\/\/a1.lcb.org\/system\/modules\/banking\/icons\/attachments\/000\/296\/482\/original\/payz_icon.png?1681374618\" alt=\"Payz\">\n                                    <span class=\"banking-item_title\">Payz accept\u00e9<\/span>\n                                <\/a><a href=\"\/fr\/idebit-casinos\/\" class=\"banking-item\">\n                                    <img decoding=\"async\" class=\"banking-item_logo\" width=\"50\" height=\"30\" src=\"https:\/\/a1.lcb.org\/system\/modules\/banking\/icons\/attachments\/000\/007\/016\/original\/idebit.png?1549022688\" alt=\"iDebit\">\n                                    <span class=\"banking-item_title\">iDebit accept\u00e9<\/span>\n                                <\/a><div class=\"banking-item\">\n                                    <img decoding=\"async\" class=\"banking-item_logo\" width=\"50\" height=\"30\" src=\"https:\/\/a1.lcb.org\/system\/modules\/banking\/icons\/attachments\/000\/325\/012\/original\/mastercard_debit_icon.png?1587026984\" alt=\"Carte de d\u00e9bit MasterCard\">\n                                    <span class=\"banking-item_title\">D\u00e9bit MasterCard accept\u00e9<\/span>\n                                <\/div><a href=\"\/fr\/echeck-casinos\/\" class=\"banking-item\">\n                                    <img decoding=\"async\" class=\"banking-item_logo\" width=\"50\" height=\"30\" src=\"https:\/\/a1.lcb.org\/system\/modules\/banking\/icons\/attachments\/000\/006\/777\/original\/e_check.png?1549014908\" alt=\"Ch\u00e8que \u00e9lectronique\">\n                                    <span class=\"banking-item_title\">Ch\u00e8que \u00e9lectronique accept\u00e9<\/span>\n                                <\/a><div class=\"banking-item\">\n                                    <img decoding=\"async\" class=\"banking-item_logo\" width=\"50\" height=\"30\" src=\"https:\/\/a1.lcb.org\/system\/modules\/banking\/icons\/attachments\/000\/274\/560\/original\/bank_wire_transfer.png?1549284943\" alt=\"Virement bancaire\">\n                                    <span class=\"banking-item_title\">Virement bancaire accept\u00e9<\/span>\n                                <\/div><\/div>\n                            <\/div>\n                        <\/div>\n                                    <\/div>\n                                    <div class=\"casino-box-enhanced_responsible\">\n                                        \n                                    <\/div>\n                                <\/div>\n                            <\/div><\/div>\n                    <div class=\"on-responsive-bankings\"><\/div>\n                    <div class=\"casino-box-enhanced_top_right\">\n                        <ul class=\"casino-box_short-info\">\n                                        <li>\n                                            <span class=\"casino-box-short-info_title\">Jeux<\/span>\n                                            <span>997<\/span>\n                                        <\/li>\n                                        <li>\n                                            <span class=\"casino-box-short-info_title\">Paiement<\/span>\n                                            <span>D\u00e9lai d'attente : jusqu'\u00e0 2 jours ouvrables ; Cartes de cr\u00e9dit\/d\u00e9bit : 1-3 jours ouvrables ; Virement bancaire : 3-5 jours ouvrables ;<\/span>\n                                        <\/li>\n                                        \n                                        \n                                    <\/ul>\n                        <div class=\"casino-box-enhanced_buttons\">\n                            <a target=\"_blank\" class=\"casino-box-enhanced_buttons_visit\" href=\"\/fr\/visit\/sports-interaction\">Jouer <i class=\"fas fa-external-link-alt\"><\/i><\/a>\n                            <button onclick=\"getExtraInfo(7341, this, 85887, `casino`)\" class=\"casino-box-enhanced_buttons_preview\">Avant-premi\u00e8re <i class=\"fal fa-chevron-down\"><\/i><\/button> \n                        <\/div>\n                    <\/div>\n                <\/div>\n                <div class=\"casino-box-enhanced_bottom hidden\" id=\"ajax-box-7341-85887\">\n                    <div class=\"casino-box-enhanced_bottom_left\">\n                        <div class=\"casino-box-enhanced_bottom_left_inner\"><\/div>\n                    <\/div>\n                    <div class=\"casino-box-enhanced_bottom_mid\">\n                        <h4 id=\"chart-title-7341-85887\" class=\"casino-box-chart-title\">Jackpot au Casino Sports Interaction (SIA)<\/h4>\n                        <canvas id=\"myChart-7341-85887\"><\/canvas>\n                        <ul id=\"extra-info-7341-85887\" class=\"casino-box-full-info\">\n        \n            <li class=\"casino-box-full-info_item\">\n                <span class=\"casino-box-full-info_item_title\">D\u00e9p\u00f4t minimum<\/span>\n                <span>CA$10<\/span>\n            <\/li>\n            \n            <li class=\"casino-box-full-info_item\">\n                <span class=\"casino-box-full-info_item_title\">Retrait minimum<\/span>\n                <span>CA$10<\/span>\n            <\/li>\n            \n            <li class=\"casino-box-full-info_item\">\n                <span class=\"casino-box-full-info_item_title\">Langues<\/span>\n                <span>Anglais, fran\u00e7ais<\/span>\n            <\/li>\n            \n            <li class=\"casino-box-full-info_item\">\n                <span class=\"casino-box-full-info_item_title\">Limite d'encaissement<\/span>\n                <span>Pas d'annonce sur leur site web<\/span>\n            <\/li>\n        <\/ul>\n                    <\/div>\n                    <div class=\"casino-box-enhanced_bottom_right\">\n                        <div class=\"casino-box_pros-cons\">\n                            <ul class=\"casino-box_pros-cons_pros\">\n                            <\/ul>\n                            <ul class=\"casino-box_pros-cons_cons\">\n                            <\/ul>\n                        <\/div>\n                        <div class=\"casino-box_review-link\">\n                            <a target=\"_blank\" class=\"review\" href=\"\/fr\/review\/sports-interaction-casino\/\">\u00c9valuation <i class=\"fal fa-chevron-right\"><\/i><\/a>\n                        <\/div>\n                    <\/div>\n                <\/div>\n            <\/div><\/div>\n<p>Mohawk Online Limited ne g\u00e8re actuellement qu'un seul site de casino appel\u00e9 <a href=\"https:\/\/casinolion.ca\/fr\/review\/sports-interaction-casino\/\">Interaction sportive<\/a>. La plateforme est tr\u00e8s appr\u00e9ci\u00e9e des joueurs gr\u00e2ce \u00e0 sa large gamme de jeux de casino \u00e9quitables et test\u00e9s. N'oublions pas non plus un service de paris sportifs de qualit\u00e9 qui offre la possibilit\u00e9 de parier sur divers sports et march\u00e9s.<\/p>\n<p>Sports Interaction est l'une des plus anciennes plateformes de jeux d'argent d'Am\u00e9rique du Nord, cr\u00e9\u00e9e en 1997. Les principaux attributs de la plateforme sont la grande fonctionnalit\u00e9, l'\u00e9quit\u00e9, la s\u00e9curit\u00e9 et la qualit\u00e9 des produits propos\u00e9s.<\/p>\n<p>Mohawk Online Limited n'a pas l'intention d'ouvrir ou d'acqu\u00e9rir d'autres sites de casino dans un avenir proche.<\/p>\n<h2>\u00c0 propos de Mohawk Online Limited<\/h2>\n<p>Mohawk Online Limited a \u00e9t\u00e9 fond\u00e9e en 2015 avec l'objectif clairement d\u00e9fini d'aider les communaut\u00e9s du peuple indig\u00e8ne de Kahnawake vivant au Canada. La soci\u00e9t\u00e9 a imm\u00e9diatement acquis des licences aupr\u00e8s de la Kahnawake Gaming Commission et de la Jersey Gambling Commission afin de proposer des jeux d'argent en ligne s\u00fbrs et s\u00e9curis\u00e9s. Ensuite, elle a commenc\u00e9 \u00e0 exploiter une plateforme de jeu appel\u00e9e Sports Interaction.<\/p>\n<p>Ses march\u00e9s cibles sont le Canada et Jersey. Le site du casino de la soci\u00e9t\u00e9 accepte les joueurs canadiens, leur permettant d'effectuer des transactions en utilisant leur monnaie locale et des m\u00e9thodes bancaires canadiennes fiables.<\/p>\n<p>Mohawk Online Limited compte un peu plus de 20 employ\u00e9s. Chaque ann\u00e9e, les revenus de l'entreprise ont augment\u00e9 gr\u00e2ce au service exquis de sa plateforme de jeu. Au cours des deux derni\u00e8res ann\u00e9es, ses b\u00e9n\u00e9fices nets ont presque tripl\u00e9, passant de $3,2 millions en 2019 \u00e0 $9 millions en 2020. Afin d'aider sa communaut\u00e9 pendant la crise COVID19, Mohawk Online Limited a vers\u00e9 un million de dollars au Fonds de mesures d'aide \u00e9conomique de Kahnawake.<\/p>\n<p>En 2021, le service Sports Interaction de MOL a \u00e9t\u00e9 s\u00e9lectionn\u00e9 par EGR North America pour le prix de l\u201c\u201dOp\u00e9rateur de l'ann\u00e9e\".<\/p>\n<h2>Profil de la soci\u00e9t\u00e9 Mohawk Online Limited<\/h2>\n<ul>\n<li><strong>Ann\u00e9e de cr\u00e9ation<\/strong>: 2015<\/li>\n<li><strong>PDG<\/strong>: Dean Montour<\/li>\n<li><strong>Nombre de salari\u00e9s<\/strong>: 20+<\/li>\n<li><strong>Recettes<\/strong>: $9,070,348 (2020)<\/li>\n<li><strong>Zones desservies<\/strong>: Canada<\/li>\n<li><strong>Licenci\u00e9 en<\/strong>: Canada et Jersey<\/li>\n<li><strong>Produits<\/strong>: Casino en ligne, paris sportifs, poker<\/li>\n<li><strong>Casino phare<\/strong>: <a href=\"https:\/\/casinolion.ca\/fr\/review\/sports-interaction-casino\/\">Interaction sportive<\/a><\/li>\n<li><strong>Site web de l'entreprise<\/strong>: <a href=\"https:\/\/www.mohawkonline.ca\/\">https:\/\/www.mohawkonline.ca\/<\/a><\/li>\n<\/ul>\n<p>&nbsp;<\/p>","protected":false},"excerpt":{"rendered":"<p>Mohawk Online Limited (MOL) est une soci\u00e9t\u00e9 canadienne enti\u00e8rement d\u00e9tenue par le Conseil Mohawk de Kahnawake. L'entreprise a \u00e9t\u00e9 cr\u00e9\u00e9e dans le cadre d'une initiative socio-\u00e9conomique, avec pour objectif de r\u00e9investir tous les revenus collect\u00e9s dans les communaut\u00e9s de Kahnawake. Mohawk Online est \u00e0 l'origine de l'une des plateformes de jeux d'argent en ligne les plus r\u00e9ussies, Sports Interaction. Le [...]<\/p>","protected":false},"author":1,"featured_media":0,"parent":0,"menu_order":0,"comment_status":"closed","ping_status":"closed","template":"","meta":{"_acf_changed":false,"footnotes":""},"class_list":["post-14337","page","type-page","status-publish","hentry"],"acf":[],"yoast_head":"<!-- This site is optimized with the Yoast SEO plugin v26.1.1 - https:\/\/yoast.com\/wordpress\/plugins\/seo\/ -->\n<title>Mohawk Online Limited Casinos [2023]<\/title>\n<meta name=\"robots\" content=\"index, follow, max-snippet:-1, max-image-preview:large, max-video-preview:-1\" \/>\n<link rel=\"canonical\" href=\"https:\/\/casinolion.ca\/fr\/mohawk-online-limited-casinos\/\" \/>\n<meta property=\"og:locale\" content=\"fr_CA\" \/>\n<meta property=\"og:type\" content=\"article\" \/>\n<meta property=\"og:title\" content=\"Mohawk Online Limited Casinos [2023]\" \/>\n<meta property=\"og:description\" content=\"Mohawk Online Limited (MOL) is a Canadian company fully owned by the Mohawk Council of Kahnawake. The company was established as a socio-economic initiative, with the goal to invest all collected revenue back into the communities of Kahnawake people. Mohawk Online is behind one of the most successful online gambling platforms called Sports Interaction. The [&hellip;]\" \/>\n<meta property=\"og:url\" content=\"https:\/\/casinolion.ca\/fr\/mohawk-online-limited-casinos\/\" \/>\n<meta property=\"article:modified_time\" content=\"2023-01-04T02:30:16+00:00\" \/>\n<meta name=\"twitter:card\" content=\"summary_large_image\" \/>\n<meta name=\"twitter:label1\" content=\"Estimation du temps de lecture\" \/>\n\t<meta name=\"twitter:data1\" content=\"2 minutes\" \/>\n<script type=\"application\/ld+json\" class=\"yoast-schema-graph\">{\"@context\":\"https:\/\/schema.org\",\"@graph\":[{\"@type\":\"WebPage\",\"@id\":\"https:\/\/casinolion.ca\/mohawk-online-limited-casinos\/\",\"url\":\"https:\/\/casinolion.ca\/mohawk-online-limited-casinos\/\",\"name\":\"Mohawk Online Limited Casinos [2023]\",\"isPartOf\":{\"@id\":\"https:\/\/casinolion.ca\/fr\/#website\"},\"datePublished\":\"2021-08-17T22:54:37+00:00\",\"dateModified\":\"2023-01-04T02:30:16+00:00\",\"breadcrumb\":{\"@id\":\"https:\/\/casinolion.ca\/mohawk-online-limited-casinos\/#breadcrumb\"},\"inLanguage\":\"fr-CA\",\"potentialAction\":[{\"@type\":\"ReadAction\",\"target\":[\"https:\/\/casinolion.ca\/mohawk-online-limited-casinos\/\"]}]},{\"@type\":\"BreadcrumbList\",\"@id\":\"https:\/\/casinolion.ca\/mohawk-online-limited-casinos\/#breadcrumb\",\"itemListElement\":[{\"@type\":\"ListItem\",\"position\":1,\"name\":\"Home\",\"item\":\"https:\/\/casinolion.ca\/\"},{\"@type\":\"ListItem\",\"position\":2,\"name\":\"Mohawk Online Limited Casinos\"}]},{\"@type\":\"WebSite\",\"@id\":\"https:\/\/casinolion.ca\/fr\/#website\",\"url\":\"https:\/\/casinolion.ca\/fr\/\",\"name\":\"\",\"description\":\"\",\"potentialAction\":[{\"@type\":\"SearchAction\",\"target\":{\"@type\":\"EntryPoint\",\"urlTemplate\":\"https:\/\/casinolion.ca\/fr\/?s={search_term_string}\"},\"query-input\":{\"@type\":\"PropertyValueSpecification\",\"valueRequired\":true,\"valueName\":\"search_term_string\"}}],\"inLanguage\":\"fr-CA\"}]}<\/script>\n<!-- \/ Yoast SEO plugin. -->","yoast_head_json":{"title":"Casinos Mohawk Online Limited [2023]","robots":{"index":"index","follow":"follow","max-snippet":"max-snippet:-1","max-image-preview":"max-image-preview:large","max-video-preview":"max-video-preview:-1"},"canonical":"https:\/\/casinolion.ca\/fr\/mohawk-online-limited-casinos\/","og_locale":"fr_CA","og_type":"article","og_title":"Mohawk Online Limited Casinos [2023]","og_description":"Mohawk Online Limited (MOL) is a Canadian company fully owned by the Mohawk Council of Kahnawake. The company was established as a socio-economic initiative, with the goal to invest all collected revenue back into the communities of Kahnawake people. Mohawk Online is behind one of the most successful online gambling platforms called Sports Interaction. The [&hellip;]","og_url":"https:\/\/casinolion.ca\/fr\/mohawk-online-limited-casinos\/","article_modified_time":"2023-01-04T02:30:16+00:00","twitter_card":"summary_large_image","twitter_misc":{"Estimation du temps de lecture":"2 minutes"},"schema":{"@context":"https:\/\/schema.org","@graph":[{"@type":"WebPage","@id":"https:\/\/casinolion.ca\/mohawk-online-limited-casinos\/","url":"https:\/\/casinolion.ca\/mohawk-online-limited-casinos\/","name":"Casinos Mohawk Online Limited [2023]","isPartOf":{"@id":"https:\/\/casinolion.ca\/fr\/#website"},"datePublished":"2021-08-17T22:54:37+00:00","dateModified":"2023-01-04T02:30:16+00:00","breadcrumb":{"@id":"https:\/\/casinolion.ca\/mohawk-online-limited-casinos\/#breadcrumb"},"inLanguage":"fr-CA","potentialAction":[{"@type":"ReadAction","target":["https:\/\/casinolion.ca\/mohawk-online-limited-casinos\/"]}]},{"@type":"BreadcrumbList","@id":"https:\/\/casinolion.ca\/mohawk-online-limited-casinos\/#breadcrumb","itemListElement":[{"@type":"ListItem","position":1,"name":"Home","item":"https:\/\/casinolion.ca\/"},{"@type":"ListItem","position":2,"name":"Mohawk Online Limited Casinos"}]},{"@type":"WebSite","@id":"https:\/\/casinolion.ca\/fr\/#website","url":"https:\/\/casinolion.ca\/fr\/","name":"","description":"","potentialAction":[{"@type":"SearchAction","target":{"@type":"EntryPoint","urlTemplate":"https:\/\/casinolion.ca\/fr\/?s={search_term_string}"},"query-input":{"@type":"PropertyValueSpecification","valueRequired":true,"valueName":"search_term_string"}}],"inLanguage":"fr-CA"}]}},"_links":{"self":[{"href":"https:\/\/casinolion.ca\/fr\/wp-json\/wp\/v2\/pages\/14337","targetHints":{"allow":["GET"]}}],"collection":[{"href":"https:\/\/casinolion.ca\/fr\/wp-json\/wp\/v2\/pages"}],"about":[{"href":"https:\/\/casinolion.ca\/fr\/wp-json\/wp\/v2\/types\/page"}],"author":[{"embeddable":true,"href":"https:\/\/casinolion.ca\/fr\/wp-json\/wp\/v2\/users\/1"}],"replies":[{"embeddable":true,"href":"https:\/\/casinolion.ca\/fr\/wp-json\/wp\/v2\/comments?post=14337"}],"version-history":[{"count":0,"href":"https:\/\/casinolion.ca\/fr\/wp-json\/wp\/v2\/pages\/14337\/revisions"}],"wp:attachment":[{"href":"https:\/\/casinolion.ca\/fr\/wp-json\/wp\/v2\/media?parent=14337"}],"curies":[{"name":"wp","href":"https:\/\/api.w.org\/{rel}","templated":true}]}}