
{"id":14339,"date":"2021-08-18T06:02:40","date_gmt":"2021-08-18T06:02:40","guid":{"rendered":"https:\/\/www.canadiancasinos.ca\/?page_id=14339"},"modified":"2023-01-04T02:19:09","modified_gmt":"2023-01-04T02:19:09","slug":"the-mill-adventure-limited-casinos","status":"publish","type":"page","link":"https:\/\/casinolion.ca\/fr\/the-mill-adventure-limited-casinos\/","title":{"rendered":"The Mill Adventure Limited Casinos"},"content":{"rendered":"<p>The Mill Adventure Limited est l'une des entreprises les plus r\u00e9centes sur le march\u00e9 de l'iGaming. Lanc\u00e9e en 2019 par Dario Arruda, la soci\u00e9t\u00e9 est soutenue par des v\u00e9t\u00e9rans du jeu ayant des ann\u00e9es d'exp\u00e9rience. Malgr\u00e9 sa petite taille par rapport \u00e0 certains de ses concurrents, The Mill Adventure Limited peut se vanter d'avoir des casinos r\u00e9put\u00e9s, notamment un casino en ligne. <em>sociale <\/em>option de jeu. La soci\u00e9t\u00e9 a son si\u00e8ge \u00e0 Malte et d\u00e9tient des licences d\u00e9livr\u00e9es par l'Autorit\u00e9 de r\u00e9gulation des march\u00e9s financiers. <a href=\"https:\/\/casinolion.ca\/fr\/malta-gaming-authority-casinos\/\">Autorit\u00e9 des jeux de Malte<\/a> et la soci\u00e9t\u00e9 su\u00e9doise Spelinspektionen.<\/p>\n<h2>Liste de tous les casinos The Mill Adventure Limited<\/h2>\n<p>Compte tenu de son jeune \u00e2ge, The Mill Adventure Limited n'a pas beaucoup de casinos \u00e0 son actif. Cependant, si la soci\u00e9t\u00e9 continue \u00e0 faire un travail fantastique, nous pensons que ce nombre augmentera r\u00e9guli\u00e8rement.<\/p>\n<p>Actuellement, The Mill Adventure Limited exploite les casinos en ligne suivants :<\/p>\n<ul>\n<li><a href=\"https:\/\/www.klirr.com\/en\/\">Klirr Casino<\/a><\/li>\n<li><a href=\"https:\/\/casinolion.ca\/fr\/review\/frank-fred-casino\/\">Frank &amp; Fred Casino<\/a><\/li>\n<\/ul>\n<p>En plus des deux plateformes autoris\u00e9es par la Malta Gaming Authority et la Swedish Spelinspektionen, la soci\u00e9t\u00e9 g\u00e8re \u00e9galement un casino social appel\u00e9 Casino Bud, parfait pour les joueurs qui souhaitent s'amuser.<\/p>\n<p>Les casinos sous l'\u00e9gide de Mill Adventure Limited sont enti\u00e8rement conformes aux exigences de l'AML et du jeu responsable, cr\u00e9ant ainsi un environnement s\u00fbr pour ses membres. De plus, les plateformes proposent des machines \u00e0 sous, des jeux de table et des jeux avec croupiers en direct provenant de fournisseurs de logiciels leaders du secteur, tels que <a href=\"https:\/\/casinolion.ca\/fr\/netent-casinos-canada\/\">NetEnt<\/a>, <a href=\"https:\/\/casinolion.ca\/fr\/isoftbet-casinos\/\">iSoftBet<\/a>, <a href=\"https:\/\/casinolion.ca\/fr\/microgaming-casinos\/\">Microgaming<\/a>, Playson, <a href=\"https:\/\/casinolion.ca\/fr\/yggdrasil-casinos\/\">Yggdrasil<\/a>, etc.<\/p>\n<h2>A propos des casinos The Mill Adventure Limited<\/h2>\n<p>Dario Arruda a cr\u00e9\u00e9 la soci\u00e9t\u00e9 Mill Adventure Limited en 2018. Avec son \u00e9quipe de personnes incroyablement talentueuses et dot\u00e9es d'une \u00e9norme exp\u00e9rience dans l'industrie de l'iGaming, il a cr\u00e9\u00e9 une entreprise qui perturberait le march\u00e9 avec des solutions innovantes et uniques.<\/p>\n<p>L'entreprise fournit des plateformes iGaming enti\u00e8rement d\u00e9velopp\u00e9es, y compris les op\u00e9rations et les licences, la conformit\u00e9, la protection et la s\u00e9curit\u00e9 de haut niveau, divers types de bonus et la gamification.<\/p>\n<p>The Mill Adventure Limited se concentre principalement sur la Scandinavie et certaines parties de l'Europe, gr\u00e2ce \u00e0 deux agences de r\u00e9gulation : la Malta Gaming Authority et la Spelinspetionen de Su\u00e8de. Les deux casinos en ligne cr\u00e9\u00e9s par TMA proposent des versions en plusieurs langues : su\u00e9dois, finnois, norv\u00e9gien, allemand, portugais, etc.<\/p>\n<p>En septembre 2020, TMA, avec ses partenaires, Casinobud, a boulevers\u00e9 l'industrie de l'iGaming en lan\u00e7ant le premier produit de syndicat de casino au monde, permettant aux joueurs de profiter des jeux de groupe tout en mettant en commun leur argent pour des gains collectifs.<\/p>\n<p>La soci\u00e9t\u00e9 doit encore se faire un nom. Cependant, avec son approche fra\u00eeche et unique des jeux d'argent en ligne, nous ne doutons pas que The Mill Adventure Limited soit sur la voie du succ\u00e8s.<\/p>\n<h2>Profil de l'entreprise The Mill Adventure Limited<\/h2>\n<ul>\n<li><strong>Ann\u00e9e de cr\u00e9ation : <\/strong>2018<\/li>\n<li><strong>PDG : <\/strong>Dario Arruda<\/li>\n<li><strong>Nombre d'employ\u00e9s : <\/strong>vers 20 ans<\/li>\n<li><strong>Les recettes : <\/strong>Inconnu<\/li>\n<li><strong>R\u00e9gions desservies : <\/strong>L'Europe<\/li>\n<li><strong>Licenci\u00e9 en : <\/strong>Malte, Su\u00e8de<\/li>\n<li><strong>Produits : <\/strong>Casino en ligne<\/li>\n<li><strong>Site web de l'entreprise : <\/strong><a href=\"https:\/\/www.themill.io\/\">https:\/\/www.themill.io\/<\/a><\/li>\n<\/ul>","protected":false},"excerpt":{"rendered":"<p>The Mill Adventure Limited est l'une des entreprises les plus r\u00e9centes sur le march\u00e9 de l'iGaming. Lanc\u00e9e en 2019 par Dario Arruda, la soci\u00e9t\u00e9 est soutenue par des v\u00e9t\u00e9rans du jeu ayant des ann\u00e9es d'exp\u00e9rience. Malgr\u00e9 sa petite taille par rapport \u00e0 certains de ses concurrents, The Mill Adventure Limited se targue d'avoir des casinos r\u00e9put\u00e9s, y compris une option de jeu social. La soci\u00e9t\u00e9 [...]<\/p>","protected":false},"author":1,"featured_media":0,"parent":0,"menu_order":0,"comment_status":"closed","ping_status":"closed","template":"","meta":{"_acf_changed":false,"footnotes":""},"class_list":["post-14339","page","type-page","status-publish","hentry"],"acf":[],"yoast_head":"<!-- This site is optimized with the Yoast SEO plugin v26.1.1 - https:\/\/yoast.com\/wordpress\/plugins\/seo\/ -->\n<title>The Mill Adventure Limited Casinos [2023]<\/title>\n<meta name=\"robots\" content=\"index, follow, max-snippet:-1, max-image-preview:large, max-video-preview:-1\" \/>\n<link rel=\"canonical\" href=\"https:\/\/casinolion.ca\/fr\/the-mill-adventure-limited-casinos\/\" \/>\n<meta property=\"og:locale\" content=\"fr_CA\" \/>\n<meta property=\"og:type\" content=\"article\" \/>\n<meta property=\"og:title\" content=\"The Mill Adventure Limited Casinos [2023]\" \/>\n<meta property=\"og:description\" content=\"The Mill Adventure Limited is one of the newest companies to hit the iGaming market. Launched in 2019 by Dario Arruda, the company is backed by gambling veterans with years of experience. Despite being small compared to some of its competitors, The Mill Adventure Limited boasts reputable casinos, including a social gaming option. The company [&hellip;]\" \/>\n<meta property=\"og:url\" content=\"https:\/\/casinolion.ca\/fr\/the-mill-adventure-limited-casinos\/\" \/>\n<meta property=\"article:modified_time\" content=\"2023-01-04T02:19:09+00:00\" \/>\n<meta name=\"twitter:card\" content=\"summary_large_image\" \/>\n<meta name=\"twitter:label1\" content=\"Estimation du temps de lecture\" \/>\n\t<meta name=\"twitter:data1\" content=\"2 minutes\" \/>\n<script type=\"application\/ld+json\" class=\"yoast-schema-graph\">{\"@context\":\"https:\/\/schema.org\",\"@graph\":[{\"@type\":\"WebPage\",\"@id\":\"https:\/\/casinolion.ca\/the-mill-adventure-limited-casinos\/\",\"url\":\"https:\/\/casinolion.ca\/the-mill-adventure-limited-casinos\/\",\"name\":\"The Mill Adventure Limited Casinos [2023]\",\"isPartOf\":{\"@id\":\"https:\/\/casinolion.ca\/fr\/#website\"},\"datePublished\":\"2021-08-18T06:02:40+00:00\",\"dateModified\":\"2023-01-04T02:19:09+00:00\",\"breadcrumb\":{\"@id\":\"https:\/\/casinolion.ca\/the-mill-adventure-limited-casinos\/#breadcrumb\"},\"inLanguage\":\"fr-CA\",\"potentialAction\":[{\"@type\":\"ReadAction\",\"target\":[\"https:\/\/casinolion.ca\/the-mill-adventure-limited-casinos\/\"]}]},{\"@type\":\"BreadcrumbList\",\"@id\":\"https:\/\/casinolion.ca\/the-mill-adventure-limited-casinos\/#breadcrumb\",\"itemListElement\":[{\"@type\":\"ListItem\",\"position\":1,\"name\":\"Home\",\"item\":\"https:\/\/casinolion.ca\/\"},{\"@type\":\"ListItem\",\"position\":2,\"name\":\"The Mill Adventure Limited Casinos\"}]},{\"@type\":\"WebSite\",\"@id\":\"https:\/\/casinolion.ca\/fr\/#website\",\"url\":\"https:\/\/casinolion.ca\/fr\/\",\"name\":\"\",\"description\":\"\",\"potentialAction\":[{\"@type\":\"SearchAction\",\"target\":{\"@type\":\"EntryPoint\",\"urlTemplate\":\"https:\/\/casinolion.ca\/fr\/?s={search_term_string}\"},\"query-input\":{\"@type\":\"PropertyValueSpecification\",\"valueRequired\":true,\"valueName\":\"search_term_string\"}}],\"inLanguage\":\"fr-CA\"}]}<\/script>\n<!-- \/ Yoast SEO plugin. -->","yoast_head_json":{"title":"The Mill Adventure Limited Casinos [2023]","robots":{"index":"index","follow":"follow","max-snippet":"max-snippet:-1","max-image-preview":"max-image-preview:large","max-video-preview":"max-video-preview:-1"},"canonical":"https:\/\/casinolion.ca\/fr\/the-mill-adventure-limited-casinos\/","og_locale":"fr_CA","og_type":"article","og_title":"The Mill Adventure Limited Casinos [2023]","og_description":"The Mill Adventure Limited is one of the newest companies to hit the iGaming market. Launched in 2019 by Dario Arruda, the company is backed by gambling veterans with years of experience. Despite being small compared to some of its competitors, The Mill Adventure Limited boasts reputable casinos, including a social gaming option. The company [&hellip;]","og_url":"https:\/\/casinolion.ca\/fr\/the-mill-adventure-limited-casinos\/","article_modified_time":"2023-01-04T02:19:09+00:00","twitter_card":"summary_large_image","twitter_misc":{"Estimation du temps de lecture":"2 minutes"},"schema":{"@context":"https:\/\/schema.org","@graph":[{"@type":"WebPage","@id":"https:\/\/casinolion.ca\/the-mill-adventure-limited-casinos\/","url":"https:\/\/casinolion.ca\/the-mill-adventure-limited-casinos\/","name":"The Mill Adventure Limited Casinos [2023]","isPartOf":{"@id":"https:\/\/casinolion.ca\/fr\/#website"},"datePublished":"2021-08-18T06:02:40+00:00","dateModified":"2023-01-04T02:19:09+00:00","breadcrumb":{"@id":"https:\/\/casinolion.ca\/the-mill-adventure-limited-casinos\/#breadcrumb"},"inLanguage":"fr-CA","potentialAction":[{"@type":"ReadAction","target":["https:\/\/casinolion.ca\/the-mill-adventure-limited-casinos\/"]}]},{"@type":"BreadcrumbList","@id":"https:\/\/casinolion.ca\/the-mill-adventure-limited-casinos\/#breadcrumb","itemListElement":[{"@type":"ListItem","position":1,"name":"Home","item":"https:\/\/casinolion.ca\/"},{"@type":"ListItem","position":2,"name":"The Mill Adventure Limited Casinos"}]},{"@type":"WebSite","@id":"https:\/\/casinolion.ca\/fr\/#website","url":"https:\/\/casinolion.ca\/fr\/","name":"","description":"","potentialAction":[{"@type":"SearchAction","target":{"@type":"EntryPoint","urlTemplate":"https:\/\/casinolion.ca\/fr\/?s={search_term_string}"},"query-input":{"@type":"PropertyValueSpecification","valueRequired":true,"valueName":"search_term_string"}}],"inLanguage":"fr-CA"}]}},"_links":{"self":[{"href":"https:\/\/casinolion.ca\/fr\/wp-json\/wp\/v2\/pages\/14339","targetHints":{"allow":["GET"]}}],"collection":[{"href":"https:\/\/casinolion.ca\/fr\/wp-json\/wp\/v2\/pages"}],"about":[{"href":"https:\/\/casinolion.ca\/fr\/wp-json\/wp\/v2\/types\/page"}],"author":[{"embeddable":true,"href":"https:\/\/casinolion.ca\/fr\/wp-json\/wp\/v2\/users\/1"}],"replies":[{"embeddable":true,"href":"https:\/\/casinolion.ca\/fr\/wp-json\/wp\/v2\/comments?post=14339"}],"version-history":[{"count":0,"href":"https:\/\/casinolion.ca\/fr\/wp-json\/wp\/v2\/pages\/14339\/revisions"}],"wp:attachment":[{"href":"https:\/\/casinolion.ca\/fr\/wp-json\/wp\/v2\/media?parent=14339"}],"curies":[{"name":"wp","href":"https:\/\/api.w.org\/{rel}","templated":true}]}}