
{"id":14340,"date":"2021-08-18T06:29:26","date_gmt":"2021-08-18T06:29:26","guid":{"rendered":"https:\/\/www.canadiancasinos.ca\/?page_id=14340"},"modified":"2024-01-03T07:59:12","modified_gmt":"2024-01-03T07:59:12","slug":"ellmount-gaming-ltd-casinos","status":"publish","type":"page","link":"https:\/\/casinolion.ca\/fr\/ellmount-gaming-ltd-casinos\/","title":{"rendered":"Ellmount Gaming Ltd. Casinos"},"content":{"rendered":"<p>Ellmount Gaming Ltd. est une soci\u00e9t\u00e9 bas\u00e9e \u00e0 Malte, sp\u00e9cialis\u00e9e dans les plateformes iGaming. Elle a \u00e9t\u00e9 fond\u00e9e en 2005 en tant que filiale du groupe Ellmount, une entreprise dont le si\u00e8ge se trouve \u00e0 Stockholm et qui poss\u00e8de des bureaux dans le monde entier. Ellmount Gaming Ltd. est titulaire d'une licence d\u00e9livr\u00e9e par l'Autorit\u00e9 des jeux de Malte et g\u00e8re deux casinos \u00e0 succ\u00e8s.<\/p>\n<h2>Liste de tous les casinos Ellmount Gaming Ltd. Casinos<\/h2>\n<p>Bien qu'elle soit pr\u00e9sente sur la sc\u00e8ne depuis pr\u00e8s de deux d\u00e9cennies, l'entreprise n'exploite que deux plateformes de jeu. La premi\u00e8re a \u00e9t\u00e9 lanc\u00e9e la m\u00eame ann\u00e9e que la soci\u00e9t\u00e9, en 2005, tandis qu'Ellmount Gaming a rachet\u00e9 l'autre \u00e0 GIG (Gaming Innovation Group) en 2019. Vous trouverez ci-dessous les noms des casinos en ligne fond\u00e9s sous l'\u00e9gide de la soci\u00e9t\u00e9 :<\/p>\n<ul>\n<li><a href=\"https:\/\/casinolion.ca\/fr\/review\/casino-room\/\">Salle du Casino<\/a><\/li>\n<li><a href=\"https:\/\/highroller.com\/en\">HighRoller<\/a><\/li>\n<\/ul>\n<p>Les casinos en ligne g\u00e9r\u00e9s par Ellmount Gaming Ltd proposent une large gamme d'options de jeu, notamment des machines \u00e0 sous, du blackjack, du poker, du baccarat, de la roulette et des jeux avec croupier en direct. Pour garantir une exp\u00e9rience de jeu de haute qualit\u00e9, Ellmount Gaming Ltd s'est associ\u00e9 \u00e0 des fournisseurs de logiciels leaders de l'industrie qui g\u00e9n\u00e8rent des jeux de casino de premier ordre. La liste des soci\u00e9t\u00e9s de d\u00e9veloppement de logiciels comprend <a href=\"https:\/\/casinolion.ca\/fr\/evolution-gaming-casinos\/\">Evolution Gaming<\/a>, <a href=\"https:\/\/casinolion.ca\/fr\/netent-casinos-canada\/\">NetEnt<\/a>, <a href=\"https:\/\/casinolion.ca\/fr\/play-n-go\/\">Play'n GO<\/a>, <a href=\"https:\/\/casinolion.ca\/fr\/yggdrasil-casinos\/\">Yggdrasil<\/a>, <a href=\"https:\/\/casinolion.ca\/fr\/red-tiger\/\">Tigre rouge<\/a>, <a href=\"https:\/\/casinolion.ca\/fr\/microgaming-casinos\/\">Microgaming<\/a>, Pragmatic Play, etc.<\/p>\n<p>Les plateformes sont \u00e9galement r\u00e9put\u00e9es pour leurs bonus et leurs promotions permanentes qui attendent les nouveaux joueurs et les joueurs r\u00e9guliers.<\/p>\n<h2>A propos de Ellmount Gaming Ltd. Casinos<\/h2>\n<p>Ellmount Gaming Limited a \u00e9t\u00e9 fond\u00e9e en 2005, mais son \u00e9quipe est impliqu\u00e9e dans le marketing d'affiliation depuis plus de 20 ans. Bien que sa soci\u00e9t\u00e9 m\u00e8re, Ellmount Group, ait son si\u00e8ge \u00e0 Stockholm, elle m\u00e8ne ses activit\u00e9s depuis Malte, o\u00f9 elle est \u00e9galement agr\u00e9\u00e9e par le MGA.<\/p>\n<p>Ellmount Gaming Ltd d\u00e9crit les casinos comme suit <em>\u00c9tabli, perturbateur et immersif.<\/em> L'objectif principal de la soci\u00e9t\u00e9 est d'offrir le meilleur divertissement mobile de nouvelle g\u00e9n\u00e9ration possible, ce qui signifie que les deux plateformes de casino sont ax\u00e9es sur le mobile - Casino Room dispose m\u00eame d'applications mobiles iOS et Android d\u00e9di\u00e9es. Bien entendu, les joueurs peuvent \u00e9galement utiliser des ordinateurs de bureau pour jouer \u00e0 des jeux uniques et attrayants et remporter des prix.<\/p>\n<p>L'\u00e9quipe d'Ellmount Gaming Ltd dispose d'une expertise dans le secteur des jeux en ligne, allant du d\u00e9veloppement de logiciels frontaux et dorsaux au marketing en ligne, en passant par la gestion de la relation client et l'intelligence \u00e9conomique. Ces atouts ont permis \u00e0 l'entreprise de devenir un leader dans ce secteur.<\/p>\n<p>Le logiciel d'affiliation d'Ellmount Gaming Ltd est d\u00e9velopp\u00e9 par Cellxpert, une soci\u00e9t\u00e9 qui offre des solutions rapides et efficaces pour augmenter les revenus, suivre les progr\u00e8s, g\u00e9rer le trafic et g\u00e9rer les campagnes de marketing.<\/p>\n<p>Le programme d'affiliation cr\u00e9\u00e9 par Ellmount Gaming Ltd est certifi\u00e9. <em>convivialit\u00e9 pour les affili\u00e9s<\/em> par AGD (Affiliate Guard Dog), un nom r\u00e9put\u00e9 dans ce secteur du marketing. De plus, les casinos sous l'\u00e9gide d'Ellmount Gaming Ltd ont \u00e9t\u00e9 accr\u00e9dit\u00e9s en tant que <em>convivial pour les joueurs<\/em> par Casinomeister, la communaut\u00e9 de joueurs la plus active avec plus de 80 000 utilisateurs enregistr\u00e9s.<\/p>\n<p>Pendant plus d'une d\u00e9cennie, la soci\u00e9t\u00e9 n'a eu qu'une seule plateforme \u00e0 son actif - Casino Room. En 2019, GIG a d\u00e9cid\u00e9 de c\u00e9der sa marque B2C, HighRoller, \u00e0 Ellmount Gaming Ltd pour un prix total de 7 millions d'euros. Initialement, la marque est rest\u00e9e sous licence GIG, mais une fois que toutes les approbations r\u00e9glementaires ont \u00e9t\u00e9 pass\u00e9es, HighRoller a migr\u00e9 vers Ellmount Gaming Ltd et est officiellement devenue sa marque.<\/p>\n<p>En examinant les t\u00e9moignages de centaines de partenaires, nous pouvons conclure qu'Ellmount Gaming Ltd s'efforce d'offrir \u00e0 ses membres une exp\u00e9rience de jeu m\u00e9morable et unique.<\/p>\n<h2>Ellmount Gaming Ltd. Profil de l'entreprise<\/h2>\n<ul>\n<li><strong>Ann\u00e9e de cr\u00e9ation : <\/strong>2005<\/li>\n<li><strong>PDG : <\/strong>Claes af Buren<\/li>\n<li><strong>Nombre d'employ\u00e9s : <\/strong>80<\/li>\n<li><strong>Les recettes : <\/strong>~$5 millions<\/li>\n<li><strong>R\u00e9gions desservies : <\/strong>Mondial<\/li>\n<li><strong>Licenci\u00e9 en : <\/strong>Malte<\/li>\n<li><strong>Produits : <\/strong>Casino en ligne<\/li>\n<li><strong>Casino phare : <\/strong>Salle du Casino<\/li>\n<li><strong>Site web de l'entreprise : <\/strong><a href=\"https:\/\/www.ellmountgaming.com\/\">https:\/\/www.ellmountgaming.com\/<\/a><\/li>\n<\/ul>","protected":false},"excerpt":{"rendered":"<p>Ellmount Gaming Ltd. est une soci\u00e9t\u00e9 bas\u00e9e \u00e0 Malte, sp\u00e9cialis\u00e9e dans les plateformes iGaming. Elle a \u00e9t\u00e9 fond\u00e9e en 2005 en tant que filiale du groupe Ellmount, une entreprise dont le si\u00e8ge se trouve \u00e0 Stockholm et qui poss\u00e8de des bureaux dans le monde entier. Ellmount Gaming Ltd. est titulaire d'une licence d\u00e9livr\u00e9e par l'Autorit\u00e9 des jeux de Malte et g\u00e8re deux casinos \u00e0 succ\u00e8s. Liste de tous les casinos Ellmount Gaming Ltd. Malgr\u00e9 [...]<\/p>","protected":false},"author":1,"featured_media":0,"parent":0,"menu_order":0,"comment_status":"closed","ping_status":"closed","template":"","meta":{"_acf_changed":false,"footnotes":""},"class_list":["post-14340","page","type-page","status-publish","hentry"],"acf":[],"yoast_head":"<!-- This site is optimized with the Yoast SEO plugin v26.1.1 - https:\/\/yoast.com\/wordpress\/plugins\/seo\/ -->\n<title>Ellmount Gaming Ltd. Casinos 2026<\/title>\n<meta name=\"robots\" content=\"index, follow, max-snippet:-1, max-image-preview:large, max-video-preview:-1\" \/>\n<link rel=\"canonical\" href=\"https:\/\/casinolion.ca\/fr\/ellmount-gaming-ltd-casinos\/\" \/>\n<meta property=\"og:locale\" content=\"fr_CA\" \/>\n<meta property=\"og:type\" content=\"article\" \/>\n<meta property=\"og:title\" content=\"Ellmount Gaming Ltd. Casinos [year]\" \/>\n<meta property=\"og:description\" content=\"Ellmount Gaming Ltd. is a Malta-based company specializing in iGaming platforms. It was founded in 2005 as a subsidiary of Ellmount Group, a business headquartered in Stockholm with offices throughout the world. Ellmount Gaming Ltd. is licensed by the Malta Gaming Authority and runs two successful casinos. List of All Ellmount Gaming Ltd. Casinos Despite [&hellip;]\" \/>\n<meta property=\"og:url\" content=\"https:\/\/casinolion.ca\/fr\/ellmount-gaming-ltd-casinos\/\" \/>\n<meta property=\"article:modified_time\" content=\"2024-01-03T07:59:12+00:00\" \/>\n<meta name=\"twitter:card\" content=\"summary_large_image\" \/>\n<meta name=\"twitter:label1\" content=\"Estimation du temps de lecture\" \/>\n\t<meta name=\"twitter:data1\" content=\"3 minutes\" \/>\n<script type=\"application\/ld+json\" class=\"yoast-schema-graph\">{\"@context\":\"https:\/\/schema.org\",\"@graph\":[{\"@type\":\"WebPage\",\"@id\":\"https:\/\/casinolion.ca\/ellmount-gaming-ltd-casinos\/\",\"url\":\"https:\/\/casinolion.ca\/ellmount-gaming-ltd-casinos\/\",\"name\":\"Ellmount Gaming Ltd. Casinos [year]\",\"isPartOf\":{\"@id\":\"https:\/\/casinolion.ca\/fr\/#website\"},\"datePublished\":\"2021-08-18T06:29:26+00:00\",\"dateModified\":\"2024-01-03T07:59:12+00:00\",\"breadcrumb\":{\"@id\":\"https:\/\/casinolion.ca\/ellmount-gaming-ltd-casinos\/#breadcrumb\"},\"inLanguage\":\"fr-CA\",\"potentialAction\":[{\"@type\":\"ReadAction\",\"target\":[\"https:\/\/casinolion.ca\/ellmount-gaming-ltd-casinos\/\"]}]},{\"@type\":\"BreadcrumbList\",\"@id\":\"https:\/\/casinolion.ca\/ellmount-gaming-ltd-casinos\/#breadcrumb\",\"itemListElement\":[{\"@type\":\"ListItem\",\"position\":1,\"name\":\"Home\",\"item\":\"https:\/\/casinolion.ca\/\"},{\"@type\":\"ListItem\",\"position\":2,\"name\":\"Ellmount Gaming Ltd. Casinos\"}]},{\"@type\":\"WebSite\",\"@id\":\"https:\/\/casinolion.ca\/fr\/#website\",\"url\":\"https:\/\/casinolion.ca\/fr\/\",\"name\":\"\",\"description\":\"\",\"potentialAction\":[{\"@type\":\"SearchAction\",\"target\":{\"@type\":\"EntryPoint\",\"urlTemplate\":\"https:\/\/casinolion.ca\/fr\/?s={search_term_string}\"},\"query-input\":{\"@type\":\"PropertyValueSpecification\",\"valueRequired\":true,\"valueName\":\"search_term_string\"}}],\"inLanguage\":\"fr-CA\"}]}<\/script>\n<!-- \/ Yoast SEO plugin. -->","yoast_head_json":{"title":"Ellmount Gaming Ltd. Casinos 2026","robots":{"index":"index","follow":"follow","max-snippet":"max-snippet:-1","max-image-preview":"max-image-preview:large","max-video-preview":"max-video-preview:-1"},"canonical":"https:\/\/casinolion.ca\/fr\/ellmount-gaming-ltd-casinos\/","og_locale":"fr_CA","og_type":"article","og_title":"Ellmount Gaming Ltd. Casinos [year]","og_description":"Ellmount Gaming Ltd. is a Malta-based company specializing in iGaming platforms. It was founded in 2005 as a subsidiary of Ellmount Group, a business headquartered in Stockholm with offices throughout the world. Ellmount Gaming Ltd. is licensed by the Malta Gaming Authority and runs two successful casinos. List of All Ellmount Gaming Ltd. Casinos Despite [&hellip;]","og_url":"https:\/\/casinolion.ca\/fr\/ellmount-gaming-ltd-casinos\/","article_modified_time":"2024-01-03T07:59:12+00:00","twitter_card":"summary_large_image","twitter_misc":{"Estimation du temps de lecture":"3 minutes"},"schema":{"@context":"https:\/\/schema.org","@graph":[{"@type":"WebPage","@id":"https:\/\/casinolion.ca\/ellmount-gaming-ltd-casinos\/","url":"https:\/\/casinolion.ca\/ellmount-gaming-ltd-casinos\/","name":"Ellmount Gaming Ltd. Casinos [ann\u00e9e]","isPartOf":{"@id":"https:\/\/casinolion.ca\/fr\/#website"},"datePublished":"2021-08-18T06:29:26+00:00","dateModified":"2024-01-03T07:59:12+00:00","breadcrumb":{"@id":"https:\/\/casinolion.ca\/ellmount-gaming-ltd-casinos\/#breadcrumb"},"inLanguage":"fr-CA","potentialAction":[{"@type":"ReadAction","target":["https:\/\/casinolion.ca\/ellmount-gaming-ltd-casinos\/"]}]},{"@type":"BreadcrumbList","@id":"https:\/\/casinolion.ca\/ellmount-gaming-ltd-casinos\/#breadcrumb","itemListElement":[{"@type":"ListItem","position":1,"name":"Home","item":"https:\/\/casinolion.ca\/"},{"@type":"ListItem","position":2,"name":"Ellmount Gaming Ltd. Casinos"}]},{"@type":"WebSite","@id":"https:\/\/casinolion.ca\/fr\/#website","url":"https:\/\/casinolion.ca\/fr\/","name":"","description":"","potentialAction":[{"@type":"SearchAction","target":{"@type":"EntryPoint","urlTemplate":"https:\/\/casinolion.ca\/fr\/?s={search_term_string}"},"query-input":{"@type":"PropertyValueSpecification","valueRequired":true,"valueName":"search_term_string"}}],"inLanguage":"fr-CA"}]}},"_links":{"self":[{"href":"https:\/\/casinolion.ca\/fr\/wp-json\/wp\/v2\/pages\/14340","targetHints":{"allow":["GET"]}}],"collection":[{"href":"https:\/\/casinolion.ca\/fr\/wp-json\/wp\/v2\/pages"}],"about":[{"href":"https:\/\/casinolion.ca\/fr\/wp-json\/wp\/v2\/types\/page"}],"author":[{"embeddable":true,"href":"https:\/\/casinolion.ca\/fr\/wp-json\/wp\/v2\/users\/1"}],"replies":[{"embeddable":true,"href":"https:\/\/casinolion.ca\/fr\/wp-json\/wp\/v2\/comments?post=14340"}],"version-history":[{"count":0,"href":"https:\/\/casinolion.ca\/fr\/wp-json\/wp\/v2\/pages\/14340\/revisions"}],"wp:attachment":[{"href":"https:\/\/casinolion.ca\/fr\/wp-json\/wp\/v2\/media?parent=14340"}],"curies":[{"name":"wp","href":"https:\/\/api.w.org\/{rel}","templated":true}]}}