
{"id":14355,"date":"2021-08-19T00:45:38","date_gmt":"2021-08-19T00:45:38","guid":{"rendered":"https:\/\/www.canadiancasinos.ca\/?page_id=14355"},"modified":"2024-01-03T07:51:41","modified_gmt":"2024-01-03T07:51:41","slug":"hillside-media-casinos","status":"publish","type":"page","link":"https:\/\/casinolion.ca\/fr\/hillside-media-casinos\/","title":{"rendered":"Casinos Hillside Media"},"content":{"rendered":"<p>Si vous aimez les paris sportifs et les jeux de casino en ligne, vous avez certainement entendu parler d'une soci\u00e9t\u00e9 appel\u00e9e <a href=\"https:\/\/casinolion.ca\/fr\/review\/bet365-casino\/\">bet365<\/a>. Ce que vous ne savez peut-\u00eatre pas, cependant, c'est que Hillside Media est l'op\u00e9rateur comp\u00e9tent et exp\u00e9riment\u00e9 qui se tient derri\u00e8re ce membre renomm\u00e9 du monde de l'iGaming.<\/p>\n<p>Apr\u00e8s avoir obtenu une licence de la commission britannique des jeux d'argent pour fournir des services de paris sportifs, Hillside Media s'est lanc\u00e9e dans une aventure avec bet365 comme marque phare de jeux en ligne. Plus tard, lorsque le site de paris s'est d\u00e9velopp\u00e9, Hillside Media a obtenu une licence de Gibraltar pour proposer d'autres formes de jeux d'argent en ligne.<\/p>\n<p>Aujourd'hui, Hillside Media exploite l'une des plateformes de jeux en ligne les plus connues au monde et propose tous les types de jeux possibles et imaginables : un paris sportif, un casino, du poker et des jeux de bingo. Les jeux sont fournis par des fournisseurs de logiciels de premier ordre qui ne fournissent que des sites de jeux en ligne de premier ordre.<\/p>\n<p>Outre le portefeuille de jeux, Hillside Media a \u00e9galement investi dans tous les autres aspects de son unique produit. Vous pouvez donc compter sur une assistance client\u00e8le 24 heures sur 24 et 7 jours sur 7, des options de paiement fiables, des termes et conditions raisonnables et des bonus gratifiants pour les parieurs sportifs et les fans de casino.<\/p>\n<h2>Casinos Hillside Media recommand\u00e9s au Canada<\/h2>\n<div class=\"flex-container column casinoTable bankingTbl\"><\/div>\n<h2>Casinos Hillside Media<\/h2>\n<p>Hillside Media ne croit pas qu'il faille gaspiller de l'\u00e9nergie et investir dans un trop grand nombre de projets. C'est pourquoi la soci\u00e9t\u00e9 a d\u00e9cid\u00e9 de ne cr\u00e9er qu'un seul op\u00e9rateur et de le rendre si bon que le monde entier le conna\u00eetrait.<\/p>\n<p>Cette marque est le c\u00e9l\u00e8bre bet365, pr\u00e9sent sur le march\u00e9 depuis 2001. Au cours de deux d\u00e9cennies de travail, bet365, supervis\u00e9 par Hillside Media, a obtenu le droit de servir les joueurs dans presque tous les coins de la plan\u00e8te.<\/p>\n<p>Compte tenu du succ\u00e8s de l'op\u00e9rateur, l'id\u00e9e de Hillside Media de se lancer \u00e0 fond dans bet365 s'est av\u00e9r\u00e9e \u00eatre une bonne d\u00e9cision, puisque le site accueille aujourd'hui des millions de joueurs gr\u00e2ce \u00e0 sa r\u00e9putation irr\u00e9prochable.<\/p>\n<h2>A propos de Hillside Media Casinos<\/h2>\n<p>Sachant que bet365 est le seul produit de Hillside Media, vous pouvez probablement deviner la qualit\u00e9 de la plateforme. Bien qu'il ait commenc\u00e9 comme un simple site de sports, bet365 a constamment \u00e9largi son offre de jeux et s'est r\u00e9pandu \u00e0 travers le Royaume-Uni, les pays nordiques et le reste de l'Europe vers d'autres r\u00e9gions telles que le Canada, l'Australie, et r\u00e9cemment les \u00c9tats-Unis (New Jersey).<\/p>\n<p>D'une minuscule entreprise de 12 personnes, l'op\u00e9rateur est devenu un g\u00e9ant de l'iGaming avec environ 5 000 employ\u00e9s dans ses bureaux du monde entier. Plus de 60 millions de joueurs satisfaits profitent du fantastique portefeuille de jeux de bet365, qui comprend des paris sportifs ainsi que les meilleurs jeux de casino, de poker et de bingo. Vous trouverez de grands noms parmi ses fournisseurs de jeux, notamment NetEnt, Microgaming, Playtech, Betsoft et d'autres leaders du d\u00e9veloppement de contenu.<\/p>\n<p>En plus des nombreuses options de paris sportifs et de jeux de casino, bet365 offre \u00e9galement des bonus et des promotions lucratives, une vari\u00e9t\u00e9 d'options de paiement s\u00e9curis\u00e9es, une assistance client\u00e8le 24 heures sur 24 et tout ce dont les joueurs peuvent avoir besoin au cours de leur voyage de jeu en ligne.<\/p>\n<h2>Hillside Media Profil de l'entreprise<\/h2>\n<ul>\n<li><strong>Ann\u00e9e de cr\u00e9ation : <\/strong>2000s<\/li>\n<li><strong>PDG : <\/strong>Simon Galletley<\/li>\n<li><strong>Nombre d'employ\u00e9s : <\/strong>environ 20<\/li>\n<li><strong>Les recettes : <\/strong>$150,81 millions<\/li>\n<li><strong>R\u00e9gions desservies : <\/strong>Dans le monde entier<\/li>\n<li><strong>Licence : <\/strong>UKGC<\/li>\n<li><strong>Produits : <\/strong>Jeux sportifs, casino, bingo et poker<\/li>\n<li><strong>Casino phare : <\/strong>bet365<\/li>\n<\/ul>","protected":false},"excerpt":{"rendered":"<p>Si vous aimez les paris sportifs et les jeux de casino en ligne, vous avez certainement entendu parler d'une soci\u00e9t\u00e9 appel\u00e9e bet365. Ce que vous ne savez peut-\u00eatre pas, cependant, c'est que Hillside Media est l'op\u00e9rateur comp\u00e9tent et exp\u00e9riment\u00e9 qui se tient derri\u00e8re ce membre renomm\u00e9 du monde de l'iGaming. Apr\u00e8s avoir obtenu une licence de la commission des jeux du Royaume-Uni pour fournir des [...]<\/p>","protected":false},"author":1,"featured_media":0,"parent":0,"menu_order":0,"comment_status":"closed","ping_status":"closed","template":"","meta":{"_acf_changed":false,"footnotes":""},"class_list":["post-14355","page","type-page","status-publish","hentry"],"acf":[],"yoast_head":"<!-- This site is optimized with the Yoast SEO plugin v26.1.1 - https:\/\/yoast.com\/wordpress\/plugins\/seo\/ -->\n<title>Hillside Media Casinos 2026<\/title>\n<meta name=\"robots\" content=\"index, follow, max-snippet:-1, max-image-preview:large, max-video-preview:-1\" \/>\n<link rel=\"canonical\" href=\"https:\/\/casinolion.ca\/fr\/hillside-media-casinos\/\" \/>\n<meta property=\"og:locale\" content=\"fr_CA\" \/>\n<meta property=\"og:type\" content=\"article\" \/>\n<meta property=\"og:title\" content=\"Hillside Media Casinos [year]\" \/>\n<meta property=\"og:description\" content=\"If you\u2019re into sports betting and online casino gaming, you must\u2019ve heard of a company called bet365. What you may not know, however, is that Hillside Media is the knowledgeable and experienced operator that stands behind this renowned member of the iGaming world. After getting a licence from the UK gambling commission to provide sports [&hellip;]\" \/>\n<meta property=\"og:url\" content=\"https:\/\/casinolion.ca\/fr\/hillside-media-casinos\/\" \/>\n<meta property=\"article:modified_time\" content=\"2024-01-03T07:51:41+00:00\" \/>\n<meta name=\"twitter:card\" content=\"summary_large_image\" \/>\n<meta name=\"twitter:label1\" content=\"Estimation du temps de lecture\" \/>\n\t<meta name=\"twitter:data1\" content=\"3 minutes\" \/>\n<script type=\"application\/ld+json\" class=\"yoast-schema-graph\">{\"@context\":\"https:\/\/schema.org\",\"@graph\":[{\"@type\":\"WebPage\",\"@id\":\"https:\/\/casinolion.ca\/hillside-media-casinos\/\",\"url\":\"https:\/\/casinolion.ca\/hillside-media-casinos\/\",\"name\":\"Hillside Media Casinos [year]\",\"isPartOf\":{\"@id\":\"https:\/\/casinolion.ca\/fr\/#website\"},\"datePublished\":\"2021-08-19T00:45:38+00:00\",\"dateModified\":\"2024-01-03T07:51:41+00:00\",\"breadcrumb\":{\"@id\":\"https:\/\/casinolion.ca\/hillside-media-casinos\/#breadcrumb\"},\"inLanguage\":\"fr-CA\",\"potentialAction\":[{\"@type\":\"ReadAction\",\"target\":[\"https:\/\/casinolion.ca\/hillside-media-casinos\/\"]}]},{\"@type\":\"BreadcrumbList\",\"@id\":\"https:\/\/casinolion.ca\/hillside-media-casinos\/#breadcrumb\",\"itemListElement\":[{\"@type\":\"ListItem\",\"position\":1,\"name\":\"Home\",\"item\":\"https:\/\/casinolion.ca\/\"},{\"@type\":\"ListItem\",\"position\":2,\"name\":\"Hillside Media Casinos\"}]},{\"@type\":\"WebSite\",\"@id\":\"https:\/\/casinolion.ca\/fr\/#website\",\"url\":\"https:\/\/casinolion.ca\/fr\/\",\"name\":\"\",\"description\":\"\",\"potentialAction\":[{\"@type\":\"SearchAction\",\"target\":{\"@type\":\"EntryPoint\",\"urlTemplate\":\"https:\/\/casinolion.ca\/fr\/?s={search_term_string}\"},\"query-input\":{\"@type\":\"PropertyValueSpecification\",\"valueRequired\":true,\"valueName\":\"search_term_string\"}}],\"inLanguage\":\"fr-CA\"}]}<\/script>\n<!-- \/ Yoast SEO plugin. -->","yoast_head_json":{"title":"Hillside Media Casinos 2026","robots":{"index":"index","follow":"follow","max-snippet":"max-snippet:-1","max-image-preview":"max-image-preview:large","max-video-preview":"max-video-preview:-1"},"canonical":"https:\/\/casinolion.ca\/fr\/hillside-media-casinos\/","og_locale":"fr_CA","og_type":"article","og_title":"Hillside Media Casinos [year]","og_description":"If you\u2019re into sports betting and online casino gaming, you must\u2019ve heard of a company called bet365. What you may not know, however, is that Hillside Media is the knowledgeable and experienced operator that stands behind this renowned member of the iGaming world. After getting a licence from the UK gambling commission to provide sports [&hellip;]","og_url":"https:\/\/casinolion.ca\/fr\/hillside-media-casinos\/","article_modified_time":"2024-01-03T07:51:41+00:00","twitter_card":"summary_large_image","twitter_misc":{"Estimation du temps de lecture":"3 minutes"},"schema":{"@context":"https:\/\/schema.org","@graph":[{"@type":"WebPage","@id":"https:\/\/casinolion.ca\/hillside-media-casinos\/","url":"https:\/\/casinolion.ca\/hillside-media-casinos\/","name":"Hillside Media Casinos [ann\u00e9e]","isPartOf":{"@id":"https:\/\/casinolion.ca\/fr\/#website"},"datePublished":"2021-08-19T00:45:38+00:00","dateModified":"2024-01-03T07:51:41+00:00","breadcrumb":{"@id":"https:\/\/casinolion.ca\/hillside-media-casinos\/#breadcrumb"},"inLanguage":"fr-CA","potentialAction":[{"@type":"ReadAction","target":["https:\/\/casinolion.ca\/hillside-media-casinos\/"]}]},{"@type":"BreadcrumbList","@id":"https:\/\/casinolion.ca\/hillside-media-casinos\/#breadcrumb","itemListElement":[{"@type":"ListItem","position":1,"name":"Home","item":"https:\/\/casinolion.ca\/"},{"@type":"ListItem","position":2,"name":"Hillside Media Casinos"}]},{"@type":"WebSite","@id":"https:\/\/casinolion.ca\/fr\/#website","url":"https:\/\/casinolion.ca\/fr\/","name":"","description":"","potentialAction":[{"@type":"SearchAction","target":{"@type":"EntryPoint","urlTemplate":"https:\/\/casinolion.ca\/fr\/?s={search_term_string}"},"query-input":{"@type":"PropertyValueSpecification","valueRequired":true,"valueName":"search_term_string"}}],"inLanguage":"fr-CA"}]}},"_links":{"self":[{"href":"https:\/\/casinolion.ca\/fr\/wp-json\/wp\/v2\/pages\/14355","targetHints":{"allow":["GET"]}}],"collection":[{"href":"https:\/\/casinolion.ca\/fr\/wp-json\/wp\/v2\/pages"}],"about":[{"href":"https:\/\/casinolion.ca\/fr\/wp-json\/wp\/v2\/types\/page"}],"author":[{"embeddable":true,"href":"https:\/\/casinolion.ca\/fr\/wp-json\/wp\/v2\/users\/1"}],"replies":[{"embeddable":true,"href":"https:\/\/casinolion.ca\/fr\/wp-json\/wp\/v2\/comments?post=14355"}],"version-history":[{"count":0,"href":"https:\/\/casinolion.ca\/fr\/wp-json\/wp\/v2\/pages\/14355\/revisions"}],"wp:attachment":[{"href":"https:\/\/casinolion.ca\/fr\/wp-json\/wp\/v2\/media?parent=14355"}],"curies":[{"name":"wp","href":"https:\/\/api.w.org\/{rel}","templated":true}]}}