
{"id":14403,"date":"2021-08-27T00:10:52","date_gmt":"2021-08-27T00:10:52","guid":{"rendered":"https:\/\/www.canadiancasinos.ca\/?page_id=14403"},"modified":"2024-03-29T05:43:43","modified_gmt":"2024-03-29T05:43:43","slug":"lynton-limited-casinos","status":"publish","type":"page","link":"https:\/\/casinolion.ca\/fr\/lynton-limited-casinos\/","title":{"rendered":"Lynton Limited Casinos"},"content":{"rendered":"<p>Lynton Limited est une soci\u00e9t\u00e9 qui compte plusieurs casinos en ligne bien connus \u00e0 son actif. L'une des raisons pour lesquelles les casinos Lynton Limited sont devenus populaires est que la soci\u00e9t\u00e9 a d\u00e9cid\u00e9 d'aller plus loin et de trouver un moyen de servir les joueurs d'Am\u00e9rique du Nord. Les sites des casinos Lynton aux \u00c9tats-Unis et au Canada, avec leurs biblioth\u00e8ques de jeux satisfaisantes et leurs paiements rapides, ont fait savoir que ce gestionnaire de jeux en ligne \u00e9tait un acteur s\u00e9rieux dans l'industrie des jeux en ligne.<\/p>\n<h2>Casinos Lynton Limited recommand\u00e9s au Canada<\/h2>\n<div class=\"flex-container column casinoTable bankingTbl\"><div class = \"casino-box-enhanced\">\n                <div class=\"casino-box-enhanced_top\">\n                    <div class=\"casino-box-enhanced_top_left\">\n                        <div class=\"casino-box-enhanced_inner_divs\">\n                            <span class=\"casino-box-enhanced_count\">1<\/span>\n                            <a rel=\"nofollow\" class=\"casino-box-enhanced_logo\" href=\"\/fr\/visit\/slotslv\/\" target=\"_blank\" >\n                                <img decoding=\"async\" width=\"115\" height=\"115\" class=\"casinoLogo\" src=\"\/wp-content\/uploads\/ccImages\/casino\/720\/slots-lv-logo_23.02.png\" alt=\"Slots.lv\" \/>\n                            <\/a>\n                            <h4 class=\"casino-box-enhanced_title\">Slots.lv<\/h4>\n                            <span class=\"rate rate_red\">\n                                <span class=\"ratetotal\" style=\"width:90%\"><\/span>\n                            <\/span>\n                            \n                        <\/div>\n                    <\/div>\n                    <div class=\"casino-box-enhanced_top_mid\">\n                            <div class=\"casino-box-enhanced_inner_divs\">\n                                <div class=\"casino-box-enhanced_bonus\">\n                                    \n                                    <span class = \"bonusType\">Bonus d'inscription<\/span>\n                                    <span class = \"bonusOffer\"><span class=\"bonus-percent\">200% <span class=\"up-to text-weight-light\">jusqu'\u00e0<\/span><\/span> <span class=\"max-bonus\"><small>$<\/small> 3,000<\/span><span class=\"free-spins spins\"> + 30 <span class=\"text-weight-light\">Spins<\/span><\/span><\/span>\n                                    \n                                <\/div>\n                                <div class=\"responsive-separator\">\n                                    <div class=\"casino-box-enhanced_banking_methods\">\n                                        <div class=\"banking-item\">\n                                    <img decoding=\"async\" class=\"banking-item_logo\" width=\"50\" height=\"30\" src=\"https:\/\/a1.lcb.org\/system\/modules\/banking\/icons\/attachments\/000\/214\/111\/original\/litecoin.png?1549023965\" alt=\"Litecoin\">\n                                    <span class=\"banking-item_title\">Litecoin accept\u00e9<\/span>\n                                <\/div><a href=\"\/fr\/interac-casinos\/\" class=\"banking-item\">\n                                    <img decoding=\"async\" class=\"banking-item_logo\" width=\"50\" height=\"30\" src=\"https:\/\/a1.lcb.org\/system\/modules\/banking\/icons\/attachments\/000\/006\/833\/original\/Interac_Software_Banking_Icon.png?1750912929\" alt=\"Interac\">\n                                    <span class=\"banking-item_title\">Interac accept\u00e9<\/span>\n                                <\/a><div class=\"banking-item\">\n                                    <img decoding=\"async\" class=\"banking-item_logo\" width=\"50\" height=\"30\" src=\"https:\/\/a1.lcb.org\/system\/modules\/banking\/icons\/attachments\/000\/007\/018\/original\/bitcoin.png?1549013493\" alt=\"Bitcoin\">\n                                    <span class=\"banking-item_title\">Bitcoin accept\u00e9<\/span>\n                                <\/div><div class=\"more-banking-trigger\"><span class=\"more-banking-trigger_btn\">Plus<\/span>\n                                    <div class=\"more-banking-container_outter\">\n                                        <div class=\"more-banking-container\"><div class=\"banking-item\">\n                                    <img decoding=\"async\" class=\"banking-item_logo\" width=\"50\" height=\"30\" src=\"https:\/\/a1.lcb.org\/system\/modules\/banking\/icons\/attachments\/000\/218\/840\/original\/bitcoin_cash.png?1549013616\" alt=\"Bitcoin Cash\">\n                                    <span class=\"banking-item_title\">Bitcoin Cash accept\u00e9<\/span>\n                                <\/div><div class=\"banking-item\">\n                                    <img decoding=\"async\" class=\"banking-item_logo\" width=\"50\" height=\"30\" src=\"https:\/\/a1.lcb.org\/system\/modules\/banking\/icons\/attachments\/000\/274\/565\/original\/master.png?1549285614\" alt=\"Cr\u00e9dit MasterCard\">\n                                    <span class=\"banking-item_title\">Cr\u00e9dit MasterCard accept\u00e9<\/span>\n                                <\/div><a href=\"\/fr\/visa-casinos\/\" class=\"banking-item\">\n                                    <img decoding=\"async\" class=\"banking-item_logo\" width=\"50\" height=\"30\" src=\"https:\/\/a1.lcb.org\/system\/modules\/banking\/icons\/attachments\/000\/006\/957\/original\/visa.png?1549030311\" alt=\"Cr\u00e9dit Visa\">\n                                    <span class=\"banking-item_title\">Cr\u00e9dit Visa accept\u00e9<\/span>\n                                <\/a><div class=\"banking-item\">\n                                    <img decoding=\"async\" class=\"banking-item_logo\" width=\"50\" height=\"30\" src=\"https:\/\/a1.lcb.org\/system\/modules\/banking\/icons\/attachments\/000\/290\/240\/original\/tether_icon.png?1559608844\" alt=\"Attache\">\n                                    <span class=\"banking-item_title\">Attache accept\u00e9e<\/span>\n                                <\/div><div class=\"banking-item\">\n                                    <img decoding=\"async\" class=\"banking-item_logo\" width=\"50\" height=\"30\" src=\"https:\/\/a1.lcb.org\/system\/modules\/banking\/icons\/attachments\/000\/217\/246\/original\/ethereum_.png?1549016100\" alt=\"Ethereum\">\n                                    <span class=\"banking-item_title\">Ethereum accept\u00e9<\/span>\n                                <\/div><div class=\"banking-item\">\n                                    <img decoding=\"async\" class=\"banking-item_logo\" width=\"50\" height=\"30\" src=\"https:\/\/a1.lcb.org\/system\/modules\/banking\/icons\/attachments\/000\/006\/709\/original\/american_express.png?1549012732\" alt=\"American Express\">\n                                    <span class=\"banking-item_title\">American Express accept\u00e9e<\/span>\n                                <\/div><div class=\"banking-item\">\n                                    <img decoding=\"async\" class=\"banking-item_logo\" width=\"50\" height=\"30\" src=\"https:\/\/a1.lcb.org\/system\/modules\/banking\/icons\/attachments\/000\/274\/560\/original\/bank_wire_transfer.png?1549284943\" alt=\"Virement bancaire\">\n                                    <span class=\"banking-item_title\">Virement bancaire accept\u00e9<\/span>\n                                <\/div><\/div>\n                            <\/div>\n                        <\/div>\n                                    <\/div>\n                                    <div class=\"casino-box-enhanced_responsible\">\n                                        \n                                    <\/div>\n                                <\/div>\n                            <\/div><\/div>\n                    <div class=\"on-responsive-bankings\"><\/div>\n                    <div class=\"casino-box-enhanced_top_right\">\n                        <ul class=\"casino-box_short-info\">\n                                        <li>\n                                            <span class=\"casino-box-short-info_title\">Jeux<\/span>\n                                            <span>923<\/span>\n                                        <\/li>\n                                        <li>\n                                            <span class=\"casino-box-short-info_title\">Paiement<\/span>\n                                            <span>KYC : 24-48 heures ; Temps d'attente : 24-48 heures ; Bitcoin : jusqu'\u00e0 24 heures ; Cartes de cr\u00e9dit\/d\u00e9bit : 4-7 jours ouvrables ; Virement bancaire : 3-5 jours ouvrables (pour le Canada uniquement) ; Virement bancaire : 5-10 jours ouvrables<\/span>\n                                        <\/li>\n                                        \n                                        <li>\n                                            <span class=\"casino-box-short-info_title\">Req. de mise.<\/span>\n                                            <span>70x(B+D)<\/span>\n                                        <\/li>\n                                    <\/ul>\n                        <div class=\"casino-box-enhanced_buttons\">\n                            <a target=\"_blank\" class=\"casino-box-enhanced_buttons_visit\" href=\"\/fr\/visit\/slotslv\/\">Jouer <i class=\"fas fa-external-link-alt\"><\/i><\/a>\n                            <button onclick=\"getExtraInfo(4328, this, 33241, `casino`)\" class=\"casino-box-enhanced_buttons_preview\">Avant-premi\u00e8re <i class=\"fal fa-chevron-down\"><\/i><\/button> \n                        <\/div>\n                    <\/div>\n                <\/div>\n                <div class=\"casino-box-enhanced_bottom hidden\" id=\"ajax-box-4328-33241\">\n                    <div class=\"casino-box-enhanced_bottom_left\">\n                        <div class=\"casino-box-enhanced_bottom_left_inner\"><\/div>\n                    <\/div>\n                    <div class=\"casino-box-enhanced_bottom_mid\">\n                        <h4 id=\"chart-title-4328-33241\" class=\"casino-box-chart-title\">Jackpot sur Slots.lv<\/h4>\n                        <canvas id=\"myChart-4328-33241\"><\/canvas>\n                        <ul id=\"extra-info-4328-33241\" class=\"casino-box-full-info\">\n        \n            <li class=\"casino-box-full-info_item\">\n                <span class=\"casino-box-full-info_item_title\">D\u00e9p\u00f4t minimum<\/span>\n                <span>0,0002 BTC\/$20<\/span>\n            <\/li>\n            \n            <li class=\"casino-box-full-info_item\">\n                <span class=\"casino-box-full-info_item_title\">Retrait minimum<\/span>\n                <span>$10<\/span>\n            <\/li>\n            \n            <li class=\"casino-box-full-info_item\">\n                <span class=\"casino-box-full-info_item_title\">Langues<\/span>\n                <span>Anglais<\/span>\n            <\/li>\n            \n            <li class=\"casino-box-full-info_item\">\n                <span class=\"casino-box-full-info_item_title\">Limite d'encaissement<\/span>\n                <span>$2.000 (1 retrait par 7 jours)<\/span>\n            <\/li>\n        <\/ul>\n                    <\/div>\n                    <div class=\"casino-box-enhanced_bottom_right\">\n                        <div class=\"casino-box_pros-cons\">\n                            <ul class=\"casino-box_pros-cons_pros\">\n                            <\/ul>\n                            <ul class=\"casino-box_pros-cons_cons\">\n                            <\/ul>\n                        <\/div>\n                        <div class=\"casino-box_review-link\">\n                            \n                        <\/div>\n                    <\/div>\n                <\/div>\n            <\/div><div class = \"flex-row other-rows status-casino-box\"><div class=\"bad-labels\"><span>ferm\u00e9<\/span><\/div><div class=\"red-box-number\">2<\/div><div class=\"medium-md large-md half-col casino-card-logo\"><a rel=\"nofollow\" class=\"\" href=\"\" target=\"_blank\" ><img decoding=\"async\" width=\"115\" height=\"115\" class=\"casinoLogo\" src=\"\/wp-content\/uploads\/ccImages\/casino\/401\/bodog-casino.png\" alt=\"Bodog Casino\" \/><\/a><\/div><div class=\"medium-lg large-md hide casino-name-wrap\">Bodog Casino<br\/><\/div><div class=\"small-xxl medium-md large-lg links\"><\/div><\/div><\/div>\n<h2>Liste de tous les casinos Lynton Limited<\/h2>\n<p>La liste des casinos exploit\u00e9s par Lynton Limited n'est pas tr\u00e8s longue. N\u00e9anmoins, tous les casinos de cette liste sont des plateformes populaires r\u00e9guli\u00e8rement visit\u00e9es par des milliers de joueurs. Les casinos en question sont :<\/p>\n<ul>\n<li>Ignition Casino<\/li>\n<li><a href=\"https:\/\/casinolion.ca\/fr\/review\/slots-lv\/\">Slots.lv Casino<\/a><\/li>\n<li>Caf\u00e9 Casino<\/li>\n<li>Bovada<\/li>\n<li><a href=\"https:\/\/casinolion.ca\/fr\/review\/bodog-casino\/\">Bodog<\/a><\/li>\n<\/ul>\n<p>On peut dire que Ignition Casino est une marque phare de Lynton Limited. En plus d'exploiter ces trois plateformes de casino, Lynton Limited a cr\u00e9\u00e9 un vaste r\u00e9seau de marques par le biais d'un programme d'affiliation connu sous le nom de Betting Partners.<\/p>\n<h2>A propos de Lynton Limited Casinos<\/h2>\n<p>Les casinos Lynton Limited \u00e9taient destin\u00e9s \u00e0 la grandeur d\u00e8s qu'ils ont p\u00e9n\u00e9tr\u00e9 le march\u00e9 nord-am\u00e9ricain des jeux. Cette partie du monde ayant mal accueilli les jeux en ligne pendant des ann\u00e9es, la cr\u00e9ation d'une plateforme destin\u00e9e aux joueurs am\u00e9ricains, en particulier, \u00e9tait consid\u00e9r\u00e9e comme une mission impossible.<\/p>\n<p>N\u00e9anmoins, Lynton Ltd. a r\u00e9ussi \u00e0 se faire un nom dans l'industrie comp\u00e9titive des jeux en ligne gr\u00e2ce \u00e0 trois casinos qui ont tout ce qu'il faut pour \u00eatre performants. Outre les \u00c9tats-Unis, les casinos acceptent \u00e9galement les joueurs d'autres r\u00e9gions du monde. Cependant, chacun des sites poss\u00e8de une liste de pays restreints, et si vous vous trouvez dans l'un d'entre eux, vous ne pourrez pas cr\u00e9er de compte.<\/p>\n<p>Les trois casinos proposent d'excellents portefeuilles de jeux qui incluent des jeux de casino populaires comme les machines \u00e0 sous, les jeux de table, les jeux sp\u00e9cialis\u00e9s, le poker en ligne et les titres de croupiers en direct. Les jeux disponibles sur toutes les plateformes sont fournis par de nombreux fournisseurs de logiciels populaires tels que Real Time Gaming, Betsoft, Spinomenal, et bien d'autres. En outre, vous trouverez des titres exclusifs que vous ne trouverez sur aucune autre plateforme.<\/p>\n<p>Ce qui est commun \u00e0 tous les casinos Lynton Limited, c'est la taille des bonus et des promotions qu'ils offrent. Les nouveaux joueurs et les joueurs existants peuvent dynamiser leurs comptes en ligne et obtenir des milliers de dollars de bonus pour jouer \u00e0 leurs jeux de casino pr\u00e9f\u00e9r\u00e9s.<\/p>\n<p>Dans la plupart des cas, un d\u00e9p\u00f4t est n\u00e9cessaire pour activer ces offres de bonus. Heureusement, Lynton Limited a veill\u00e9 \u00e0 ce que chaque casino dispose de suffisamment d'options de paiement s\u00e9curis\u00e9es. Outre les devises fiduciaires, les joueurs peuvent transf\u00e9rer de l'argent vers et depuis ces plateformes en utilisant \u00e9galement diff\u00e9rentes crypto-monnaies.<\/p>\n<p>Les amateurs de jeux en d\u00e9placement seront ravis d'apprendre qu'ils peuvent acc\u00e9der \u00e0 ces casinos via des smartphones et des tablettes sans avoir \u00e0 t\u00e9l\u00e9charger d'application. Enfin, les casinos soutenus par Lynton Limited disposent d'un service client\u00e8le r\u00e9actif qui vous aidera si vous rencontrez des probl\u00e8mes au cours de votre exp\u00e9rience de jeu en ligne.<\/p>\n<p>Dans l'ensemble, d'apr\u00e8s de nombreux joueurs satisfaits et de nombreuses critiques d'experts, vous appr\u00e9cierez de jouer dans n'importe quel casino Lynton Limited, que vous soyez aux \u00c9tats-Unis, au Canada ou dans n'importe quel pays desservi par le casino.<\/p>\n<h2>Lynton Limited Profil de l'entreprise<\/h2>\n<ul>\n<li><strong>Ann\u00e9e de cr\u00e9ation : <\/strong>1997<\/li>\n<li><strong>PDG : <\/strong>John Bruen et Ignacio Bilbao<\/li>\n<li><strong>R\u00e9gions desservies : <\/strong>Mondial<\/li>\n<li><strong>Licenci\u00e9 en :<\/strong> Kahnawake<\/li>\n<li><strong>Produits : <\/strong>Casino en ligne, salle de poker<\/li>\n<li><strong>Casino phare : <\/strong>Bodog Casino<\/li>\n<\/ul>","protected":false},"excerpt":{"rendered":"<p>Lynton Limited est une soci\u00e9t\u00e9 qui compte quelques casinos en ligne bien connus \u00e0 son actif. L'une des raisons pour lesquelles les casinos de Lynton Limited sont devenus populaires est que la soci\u00e9t\u00e9 a d\u00e9cid\u00e9 d'aller plus loin et de trouver un moyen de servir les joueurs d'Am\u00e9rique du Nord. Une fois que cela s'est produit, les sites de casino Lynton aux \u00c9tats-Unis et au Canada, [...]<\/p>","protected":false},"author":1,"featured_media":0,"parent":0,"menu_order":0,"comment_status":"closed","ping_status":"closed","template":"","meta":{"_acf_changed":false,"footnotes":""},"class_list":["post-14403","page","type-page","status-publish","hentry"],"acf":[],"yoast_head":"<!-- This site is optimized with the Yoast SEO plugin v26.1.1 - https:\/\/yoast.com\/wordpress\/plugins\/seo\/ -->\n<title>Lynton Limited Casinos in 2026<\/title>\n<meta name=\"robots\" content=\"index, follow, max-snippet:-1, max-image-preview:large, max-video-preview:-1\" \/>\n<link rel=\"canonical\" href=\"https:\/\/casinolion.ca\/fr\/lynton-limited-casinos\/\" \/>\n<meta property=\"og:locale\" content=\"fr_CA\" \/>\n<meta property=\"og:type\" content=\"article\" \/>\n<meta property=\"og:title\" content=\"Lynton Limited Casinos in 2026\" \/>\n<meta property=\"og:description\" content=\"Lynton Limited is a company with a couple of well-known online casinos under its belt. One of the reasons Lynton Limited casinos became popular is that the company decided to go the extra mile and find a way to serve players from North America. Once this happened, Lynton casino sites in the US and Canada, [&hellip;]\" \/>\n<meta property=\"og:url\" content=\"https:\/\/casinolion.ca\/fr\/lynton-limited-casinos\/\" \/>\n<meta property=\"article:modified_time\" content=\"2024-03-29T05:43:43+00:00\" \/>\n<meta name=\"twitter:card\" content=\"summary_large_image\" \/>\n<meta name=\"twitter:label1\" content=\"Estimation du temps de lecture\" \/>\n\t<meta name=\"twitter:data1\" content=\"3 minutes\" \/>\n<script type=\"application\/ld+json\" class=\"yoast-schema-graph\">{\"@context\":\"https:\/\/schema.org\",\"@graph\":[{\"@type\":\"WebPage\",\"@id\":\"https:\/\/casinolion.ca\/lynton-limited-casinos\/\",\"url\":\"https:\/\/casinolion.ca\/lynton-limited-casinos\/\",\"name\":\"Lynton Limited Casinos in 2026\",\"isPartOf\":{\"@id\":\"https:\/\/casinolion.ca\/fr\/#website\"},\"datePublished\":\"2021-08-27T00:10:52+00:00\",\"dateModified\":\"2024-03-29T05:43:43+00:00\",\"breadcrumb\":{\"@id\":\"https:\/\/casinolion.ca\/lynton-limited-casinos\/#breadcrumb\"},\"inLanguage\":\"fr-CA\",\"potentialAction\":[{\"@type\":\"ReadAction\",\"target\":[\"https:\/\/casinolion.ca\/lynton-limited-casinos\/\"]}]},{\"@type\":\"BreadcrumbList\",\"@id\":\"https:\/\/casinolion.ca\/lynton-limited-casinos\/#breadcrumb\",\"itemListElement\":[{\"@type\":\"ListItem\",\"position\":1,\"name\":\"Home\",\"item\":\"https:\/\/casinolion.ca\/\"},{\"@type\":\"ListItem\",\"position\":2,\"name\":\"Lynton Limited Casinos\"}]},{\"@type\":\"WebSite\",\"@id\":\"https:\/\/casinolion.ca\/fr\/#website\",\"url\":\"https:\/\/casinolion.ca\/fr\/\",\"name\":\"\",\"description\":\"\",\"potentialAction\":[{\"@type\":\"SearchAction\",\"target\":{\"@type\":\"EntryPoint\",\"urlTemplate\":\"https:\/\/casinolion.ca\/fr\/?s={search_term_string}\"},\"query-input\":{\"@type\":\"PropertyValueSpecification\",\"valueRequired\":true,\"valueName\":\"search_term_string\"}}],\"inLanguage\":\"fr-CA\"}]}<\/script>\n<!-- \/ Yoast SEO plugin. -->","yoast_head_json":{"title":"Casinos limit\u00e9s \u00e0 Lynton en 2026","robots":{"index":"index","follow":"follow","max-snippet":"max-snippet:-1","max-image-preview":"max-image-preview:large","max-video-preview":"max-video-preview:-1"},"canonical":"https:\/\/casinolion.ca\/fr\/lynton-limited-casinos\/","og_locale":"fr_CA","og_type":"article","og_title":"Lynton Limited Casinos in 2026","og_description":"Lynton Limited is a company with a couple of well-known online casinos under its belt. One of the reasons Lynton Limited casinos became popular is that the company decided to go the extra mile and find a way to serve players from North America. Once this happened, Lynton casino sites in the US and Canada, [&hellip;]","og_url":"https:\/\/casinolion.ca\/fr\/lynton-limited-casinos\/","article_modified_time":"2024-03-29T05:43:43+00:00","twitter_card":"summary_large_image","twitter_misc":{"Estimation du temps de lecture":"3 minutes"},"schema":{"@context":"https:\/\/schema.org","@graph":[{"@type":"WebPage","@id":"https:\/\/casinolion.ca\/lynton-limited-casinos\/","url":"https:\/\/casinolion.ca\/lynton-limited-casinos\/","name":"Casinos limit\u00e9s \u00e0 Lynton en 2026","isPartOf":{"@id":"https:\/\/casinolion.ca\/fr\/#website"},"datePublished":"2021-08-27T00:10:52+00:00","dateModified":"2024-03-29T05:43:43+00:00","breadcrumb":{"@id":"https:\/\/casinolion.ca\/lynton-limited-casinos\/#breadcrumb"},"inLanguage":"fr-CA","potentialAction":[{"@type":"ReadAction","target":["https:\/\/casinolion.ca\/lynton-limited-casinos\/"]}]},{"@type":"BreadcrumbList","@id":"https:\/\/casinolion.ca\/lynton-limited-casinos\/#breadcrumb","itemListElement":[{"@type":"ListItem","position":1,"name":"Home","item":"https:\/\/casinolion.ca\/"},{"@type":"ListItem","position":2,"name":"Lynton Limited Casinos"}]},{"@type":"WebSite","@id":"https:\/\/casinolion.ca\/fr\/#website","url":"https:\/\/casinolion.ca\/fr\/","name":"","description":"","potentialAction":[{"@type":"SearchAction","target":{"@type":"EntryPoint","urlTemplate":"https:\/\/casinolion.ca\/fr\/?s={search_term_string}"},"query-input":{"@type":"PropertyValueSpecification","valueRequired":true,"valueName":"search_term_string"}}],"inLanguage":"fr-CA"}]}},"_links":{"self":[{"href":"https:\/\/casinolion.ca\/fr\/wp-json\/wp\/v2\/pages\/14403","targetHints":{"allow":["GET"]}}],"collection":[{"href":"https:\/\/casinolion.ca\/fr\/wp-json\/wp\/v2\/pages"}],"about":[{"href":"https:\/\/casinolion.ca\/fr\/wp-json\/wp\/v2\/types\/page"}],"author":[{"embeddable":true,"href":"https:\/\/casinolion.ca\/fr\/wp-json\/wp\/v2\/users\/1"}],"replies":[{"embeddable":true,"href":"https:\/\/casinolion.ca\/fr\/wp-json\/wp\/v2\/comments?post=14403"}],"version-history":[{"count":0,"href":"https:\/\/casinolion.ca\/fr\/wp-json\/wp\/v2\/pages\/14403\/revisions"}],"wp:attachment":[{"href":"https:\/\/casinolion.ca\/fr\/wp-json\/wp\/v2\/media?parent=14403"}],"curies":[{"name":"wp","href":"https:\/\/api.w.org\/{rel}","templated":true}]}}