
{"id":14405,"date":"2021-08-27T00:13:17","date_gmt":"2021-08-27T00:13:17","guid":{"rendered":"https:\/\/www.canadiancasinos.ca\/?page_id=14405"},"modified":"2023-06-05T06:13:47","modified_gmt":"2023-06-05T06:13:47","slug":"genesys-technology-n-v-casinos","status":"publish","type":"page","link":"https:\/\/casinolion.ca\/fr\/genesys-technology-n-v-casinos\/","title":{"rendered":"Genesys Technology N.V. Casinos"},"content":{"rendered":"<p>Genesys Technology N.V. est une soci\u00e9t\u00e9 bas\u00e9e \u00e0 Cura\u00e7ao connue pour proposer une douzaine de casinos en ligne. Les joueurs la connaissent pour plusieurs de ses casinos, notamment Lucky Creek Casino. Genesys se concentre sur la cr\u00e9ation de casinos en ligne qui proposent principalement des machines \u00e0 sous, des jeux de table et des jeux avec croupier en direct.<\/p>\n<p>Genesys s'efforce notamment d'offrir des services d'iGaming aux joueurs des pays qui ne peuvent jouer aux jeux de casino que dans les \u00e9tablissements suivants <a href=\"https:\/\/casinolion.ca\/fr\/offshore-online-casinos-in-canada\/\">casinos offshore<\/a> seulement.<\/p>\n<p>Si vous venez d'un pays o\u00f9 les options de jeu en ligne sont limit\u00e9es, vous avez probablement d\u00e9j\u00e0 rencontr\u00e9 cette soci\u00e9t\u00e9, ou plus pr\u00e9cis\u00e9ment l'un de ses casinos, et il est donc probablement temps d'en apprendre davantage \u00e0 son sujet.<\/p>\n<h2>Liste des casinos de Genesys Technology N.V.<\/h2>\n<p>Genesys Technology N.V. est actuellement affili\u00e9 \u00e0 14 casinos en ligne, qui proposent tous un large \u00e9ventail de machines \u00e0 sous, de jeux de table et de jeux avec croupier en direct.<\/p>\n<p>Les casinos ciblent principalement des pays comme les \u00c9tats-Unis, l'Afrique du Sud, l'Australie et Singapour. Cependant, leurs casinos sont disponibles dans le monde entier et peuvent donc \u00eatre appr\u00e9ci\u00e9s par les joueurs des quatre coins du monde.<\/p>\n<p>Les casinos Genesys Technology sont r\u00e9put\u00e9s pour la qualit\u00e9 de leurs plates-formes de jeu et de leurs jeux, mais ils sont surtout connus pour leur large \u00e9ventail de bonus et de promotions. Genesys dispose m\u00eame d'un programme de fid\u00e9lit\u00e9 pour cinq de ses casinos, le Genesys Club.<\/p>\n<p>Le programme est simple \u00e0 rejoindre, il vous suffit de miser de l'argent et de jouer \u00e0 des jeux dans cinq casinos Genesys s\u00e9lectionn\u00e9s, et vous gagnerez des points de fid\u00e9lit\u00e9. Ces casinos sont les suivants<\/p>\n<ul>\n<li><a href=\"https:\/\/casinolion.ca\/fr\/review\/lucky-creek\/\">Lucky Creek Casino<\/a><\/li>\n<li>Casino Grand Eagle<\/li>\n<li>Mandarin Palace Casino<\/li>\n<li>Casino Treasure Mile<\/li>\n<li>WizBet Casino<\/li>\n<\/ul>\n<p>En jouant \u00e0 des jeux sur ces casinos et en accumulant des points de fid\u00e9lit\u00e9, vous acc\u00e9derez \u00e0 des niveaux sp\u00e9cifiques du Genesys Club, et chaque nouveau niveau vous permettra de b\u00e9n\u00e9ficier d'une nouvelle s\u00e9rie de bonus. Il s'agit notamment de bonus jumel\u00e9s \u00e0 l'occasion d'un anniversaire, de bonus de bienvenue gratuits, de bonus jumel\u00e9s hebdomadaires, d'un acc\u00e8s \u00e0 des comp\u00e9titions et \u00e0 des tournois exclusifs, et bien d'autres choses encore.<\/p>\n<p>En outre, Genesys est \u00e9galement affili\u00e9 \u00e0 quelques autres casinos en ligne :<\/p>\n<ul>\n<li>Casino du Lake Palace<\/li>\n<li>Jupiter Club Casino<\/li>\n<li>Lotus Asia Casino<\/li>\n<li>Big Dollar Casino<\/li>\n<li><a href=\"https:\/\/casinolion.ca\/fr\/review\/black-lotus\/\">Black Lotus Casino<\/a><\/li>\n<li>Casino Bella Vegas<\/li>\n<li>Casino Grand Bay<\/li>\n<li>Jumba Bet Casino<\/li>\n<li>Jackpot Wheel Casino<\/li>\n<\/ul>\n<h2>\u00c0 propos de Genesys Technology N.V.<\/h2>\n<p>Genesys Technology N.V. a fait son entr\u00e9e sur le march\u00e9 des jeux d'argent en ligne au d\u00e9but de l'ann\u00e9e 2009. Depuis, elle a ouvert plus de dix casinos en ligne, ce qui fait d'elle l'une des soci\u00e9t\u00e9s d'iGaming \u00e0 la croissance la plus rapide au monde.<\/p>\n<p>Son si\u00e8ge social se trouve \u00e0 Cura\u00e7ao et son unique licence iGaming est d\u00e9livr\u00e9e par le Gaming Control Board de ce pays. Chacun de ses casinos d\u00e9tient cette licence, qui lui donne le droit de proposer des jeux de casino et de casino en direct.<\/p>\n<p>Les casinos Genesys Technology proposent une large gamme de jeux de casino de qualit\u00e9, mais ils ne proviennent que de quelques fournisseurs de jeux, notamment <a href=\"https:\/\/casinolion.ca\/fr\/betsoft-casinos\/\">Betsoft<\/a>, Genii, Rival et Saucify. C'est pourquoi la plupart des casinos en ligne Genesys ont jusqu'\u00e0 500 jeux dans leurs biblioth\u00e8ques, rarement plus.<\/p>\n<p>Nous vous avons d\u00e9j\u00e0 dit que Genesys est connu pour ses diverses promotions dans de nombreux casinos et pour son important Club de fid\u00e9lit\u00e9. Environ 250 joueurs gagnent un jackpot chaque ann\u00e9e gr\u00e2ce aux diff\u00e9rents prix qu'ils offrent, ce dont toutes les soci\u00e9t\u00e9s de casino en ligne ne peuvent pas se vanter.<\/p>\n<h2>Profil de l'entreprise Genesys Technology N.V.<\/h2>\n<ul>\n<li><strong>Ann\u00e9e de cr\u00e9ation<\/strong>: 2009<\/li>\n<li><strong>PDG<\/strong>: \/<\/li>\n<li><strong>Nombre de salari\u00e9s<\/strong>: 30<\/li>\n<li><strong>Recettes<\/strong>: US$3,95 millions<\/li>\n<li><strong>Zones desservies<\/strong>: Global<\/li>\n<li><strong>Licenci\u00e9 en<\/strong>: Cura\u00e7ao<\/li>\n<li><strong>Produits<\/strong>: Casino, casino en direct<\/li>\n<li><strong>Casino phare<\/strong>: Lucky Creek Casino<\/li>\n<li><strong>Site web de l'entreprise : <\/strong><a href=\"https:\/\/www.genesysclub.com\/en\/index.html\">https:\/\/www.genesysclub.com\/en\/index.html<\/a><\/li>\n<\/ul>","protected":false},"excerpt":{"rendered":"<p>Genesys Technology N.V. est une soci\u00e9t\u00e9 bas\u00e9e \u00e0 Cura\u00e7ao connue pour proposer une douzaine de casinos en ligne. Les joueurs la connaissent pour plusieurs de ses casinos, notamment Lucky Creek Casino. Genesys se concentre sur la cr\u00e9ation de casinos en ligne qui proposent principalement des machines \u00e0 sous, des jeux de table et des jeux avec croupiers en direct. Genesys s'efforce notamment d'offrir des services iGaming aux joueurs de pays [...]<\/p>","protected":false},"author":1,"featured_media":0,"parent":0,"menu_order":0,"comment_status":"closed","ping_status":"closed","template":"","meta":{"_acf_changed":false,"footnotes":""},"class_list":["post-14405","page","type-page","status-publish","hentry"],"acf":[],"yoast_head":"<!-- This site is optimized with the Yoast SEO plugin v26.1.1 - https:\/\/yoast.com\/wordpress\/plugins\/seo\/ -->\n<title>Genesys Technology N.V. Casinos [2023]<\/title>\n<meta name=\"robots\" content=\"index, follow, max-snippet:-1, max-image-preview:large, max-video-preview:-1\" \/>\n<link rel=\"canonical\" href=\"https:\/\/casinolion.ca\/fr\/genesys-technology-n-v-casinos\/\" \/>\n<meta property=\"og:locale\" content=\"fr_CA\" \/>\n<meta property=\"og:type\" content=\"article\" \/>\n<meta property=\"og:title\" content=\"Genesys Technology N.V. Casinos [2023]\" \/>\n<meta property=\"og:description\" content=\"Genesys Technology N.V. is a Curacao-based company known for offering a dozen online casinos. Players know it for several of its casinos, most notably Lucky Creek Casino. Genesys focuses on creating online casinos that predominantly provide slots, table games, and live dealer games. Most notably, Genesys strives to offer iGaming services to players from countries [&hellip;]\" \/>\n<meta property=\"og:url\" content=\"https:\/\/casinolion.ca\/fr\/genesys-technology-n-v-casinos\/\" \/>\n<meta property=\"article:modified_time\" content=\"2023-06-05T06:13:47+00:00\" \/>\n<meta name=\"twitter:card\" content=\"summary_large_image\" \/>\n<meta name=\"twitter:label1\" content=\"Estimation du temps de lecture\" \/>\n\t<meta name=\"twitter:data1\" content=\"3 minutes\" \/>\n<script type=\"application\/ld+json\" class=\"yoast-schema-graph\">{\"@context\":\"https:\/\/schema.org\",\"@graph\":[{\"@type\":\"WebPage\",\"@id\":\"https:\/\/casinolion.ca\/genesys-technology-n-v-casinos\/\",\"url\":\"https:\/\/casinolion.ca\/genesys-technology-n-v-casinos\/\",\"name\":\"Genesys Technology N.V. Casinos [2023]\",\"isPartOf\":{\"@id\":\"https:\/\/casinolion.ca\/fr\/#website\"},\"datePublished\":\"2021-08-27T00:13:17+00:00\",\"dateModified\":\"2023-06-05T06:13:47+00:00\",\"breadcrumb\":{\"@id\":\"https:\/\/casinolion.ca\/genesys-technology-n-v-casinos\/#breadcrumb\"},\"inLanguage\":\"fr-CA\",\"potentialAction\":[{\"@type\":\"ReadAction\",\"target\":[\"https:\/\/casinolion.ca\/genesys-technology-n-v-casinos\/\"]}]},{\"@type\":\"BreadcrumbList\",\"@id\":\"https:\/\/casinolion.ca\/genesys-technology-n-v-casinos\/#breadcrumb\",\"itemListElement\":[{\"@type\":\"ListItem\",\"position\":1,\"name\":\"Home\",\"item\":\"https:\/\/casinolion.ca\/\"},{\"@type\":\"ListItem\",\"position\":2,\"name\":\"Genesys Technology N.V. Casinos\"}]},{\"@type\":\"WebSite\",\"@id\":\"https:\/\/casinolion.ca\/fr\/#website\",\"url\":\"https:\/\/casinolion.ca\/fr\/\",\"name\":\"\",\"description\":\"\",\"potentialAction\":[{\"@type\":\"SearchAction\",\"target\":{\"@type\":\"EntryPoint\",\"urlTemplate\":\"https:\/\/casinolion.ca\/fr\/?s={search_term_string}\"},\"query-input\":{\"@type\":\"PropertyValueSpecification\",\"valueRequired\":true,\"valueName\":\"search_term_string\"}}],\"inLanguage\":\"fr-CA\"}]}<\/script>\n<!-- \/ Yoast SEO plugin. -->","yoast_head_json":{"title":"Genesys Technology N.V. Casinos [2023]","robots":{"index":"index","follow":"follow","max-snippet":"max-snippet:-1","max-image-preview":"max-image-preview:large","max-video-preview":"max-video-preview:-1"},"canonical":"https:\/\/casinolion.ca\/fr\/genesys-technology-n-v-casinos\/","og_locale":"fr_CA","og_type":"article","og_title":"Genesys Technology N.V. Casinos [2023]","og_description":"Genesys Technology N.V. is a Curacao-based company known for offering a dozen online casinos. Players know it for several of its casinos, most notably Lucky Creek Casino. Genesys focuses on creating online casinos that predominantly provide slots, table games, and live dealer games. Most notably, Genesys strives to offer iGaming services to players from countries [&hellip;]","og_url":"https:\/\/casinolion.ca\/fr\/genesys-technology-n-v-casinos\/","article_modified_time":"2023-06-05T06:13:47+00:00","twitter_card":"summary_large_image","twitter_misc":{"Estimation du temps de lecture":"3 minutes"},"schema":{"@context":"https:\/\/schema.org","@graph":[{"@type":"WebPage","@id":"https:\/\/casinolion.ca\/genesys-technology-n-v-casinos\/","url":"https:\/\/casinolion.ca\/genesys-technology-n-v-casinos\/","name":"Genesys Technology N.V. Casinos [2023]","isPartOf":{"@id":"https:\/\/casinolion.ca\/fr\/#website"},"datePublished":"2021-08-27T00:13:17+00:00","dateModified":"2023-06-05T06:13:47+00:00","breadcrumb":{"@id":"https:\/\/casinolion.ca\/genesys-technology-n-v-casinos\/#breadcrumb"},"inLanguage":"fr-CA","potentialAction":[{"@type":"ReadAction","target":["https:\/\/casinolion.ca\/genesys-technology-n-v-casinos\/"]}]},{"@type":"BreadcrumbList","@id":"https:\/\/casinolion.ca\/genesys-technology-n-v-casinos\/#breadcrumb","itemListElement":[{"@type":"ListItem","position":1,"name":"Home","item":"https:\/\/casinolion.ca\/"},{"@type":"ListItem","position":2,"name":"Genesys Technology N.V. Casinos"}]},{"@type":"WebSite","@id":"https:\/\/casinolion.ca\/fr\/#website","url":"https:\/\/casinolion.ca\/fr\/","name":"","description":"","potentialAction":[{"@type":"SearchAction","target":{"@type":"EntryPoint","urlTemplate":"https:\/\/casinolion.ca\/fr\/?s={search_term_string}"},"query-input":{"@type":"PropertyValueSpecification","valueRequired":true,"valueName":"search_term_string"}}],"inLanguage":"fr-CA"}]}},"_links":{"self":[{"href":"https:\/\/casinolion.ca\/fr\/wp-json\/wp\/v2\/pages\/14405","targetHints":{"allow":["GET"]}}],"collection":[{"href":"https:\/\/casinolion.ca\/fr\/wp-json\/wp\/v2\/pages"}],"about":[{"href":"https:\/\/casinolion.ca\/fr\/wp-json\/wp\/v2\/types\/page"}],"author":[{"embeddable":true,"href":"https:\/\/casinolion.ca\/fr\/wp-json\/wp\/v2\/users\/1"}],"replies":[{"embeddable":true,"href":"https:\/\/casinolion.ca\/fr\/wp-json\/wp\/v2\/comments?post=14405"}],"version-history":[{"count":0,"href":"https:\/\/casinolion.ca\/fr\/wp-json\/wp\/v2\/pages\/14405\/revisions"}],"wp:attachment":[{"href":"https:\/\/casinolion.ca\/fr\/wp-json\/wp\/v2\/media?parent=14405"}],"curies":[{"name":"wp","href":"https:\/\/api.w.org\/{rel}","templated":true}]}}