
{"id":14407,"date":"2021-08-27T00:17:05","date_gmt":"2021-08-27T00:17:05","guid":{"rendered":"https:\/\/www.canadiancasinos.ca\/?page_id=14407"},"modified":"2022-01-01T03:41:36","modified_gmt":"2022-01-01T03:41:36","slug":"one-click-ltd-casinos","status":"publish","type":"page","link":"https:\/\/casinolion.ca\/fr\/one-click-ltd-casinos\/","title":{"rendered":"One Click Ltd. Casinos"},"content":{"rendered":"<p>One Click Ltd. n'est pas une grande soci\u00e9t\u00e9 c\u00e9l\u00e8bre dans le monde de l'iGaming, mais c'est tout de m\u00eame une soci\u00e9t\u00e9 que vous devriez conna\u00eetre. En effet, elle s'efforce d'offrir aux joueurs une exp\u00e9rience de jeu diff\u00e9rente et de qualit\u00e9 sup\u00e9rieure.<\/p>\n<p>La soci\u00e9t\u00e9 ne poss\u00e8de que six casinos en ligne, mais chacun d'entre eux est de grande qualit\u00e9 et offre une exp\u00e9rience de jeu fantastique. One Click n'\u00e9tant pr\u00e9sent sur la sc\u00e8ne que depuis une poign\u00e9e d'ann\u00e9es, il s'agit sans aucun doute d'une r\u00e9ussite importante.<\/p>\n<h2>Liste des casinos One Click Ltd. Casinos<\/h2>\n<p>Comme nous l'avons dit, One Click se concentre sur la cr\u00e9ation de casinos en ligne de qualit\u00e9 sup\u00e9rieure et, \u00e0 en juger par leur popularit\u00e9, nous pouvons affirmer qu'il r\u00e9ussit largement dans cette entreprise.<\/p>\n<p>Chaque casino est unique, mais ils travaillent tous avec des fournisseurs de jeux de qualit\u00e9, vous pouvez donc vous attendre \u00e0 une offre de jeux diversifi\u00e9e. Les casinos One Click proposent g\u00e9n\u00e9ralement des jeux de <a href=\"https:\/\/casinolion.ca\/fr\/play-n-go\/\">Play'n GO<\/a>, NYX, <a href=\"https:\/\/casinolion.ca\/fr\/microgaming-casinos\/\">Microgaming<\/a>, <a href=\"https:\/\/casinolion.ca\/fr\/evolution-gaming-casinos\/\">L'\u00e9volution<\/a>, et <a href=\"https:\/\/casinolion.ca\/fr\/netent-casinos-canada\/\">NetEnt<\/a>, Les jeux de hasard et d'argent, qui comptent parmi les plus grandes soci\u00e9t\u00e9s d'iGaming au monde, sont les plus importants.<\/p>\n<p>Les casinos propos\u00e9s par One Click sont les suivants :<\/p>\n<ul>\n<li>Royal Slots Casino<\/li>\n<li>Vegas Baby Casino<\/li>\n<li><a href=\"https:\/\/casinolion.ca\/fr\/review\/casinoland\/\">Casinoland<\/a><\/li>\n<li>Casino Nile<\/li>\n<li>Spin Vegas Casino<\/li>\n<li>Great British Casino<\/li>\n<\/ul>\n<p>Chaque casino propose plusieurs centaines de jeux, provenant de plus de 20 fournisseurs diff\u00e9rents. Royals Casino poss\u00e8de l'une des biblioth\u00e8ques les plus compl\u00e8tes avec plus de 800 jeux de casino. L'avantage est que chaque casino s'agrandit constamment.<\/p>\n<h2>\u00c0 propos de One Click Ltd.<\/h2>\n<p>One Click Limited est une soci\u00e9t\u00e9 de jeu internationale priv\u00e9e qui a commenc\u00e9 ses activit\u00e9s en 2016. La soci\u00e9t\u00e9 a \u00e9t\u00e9 incorpor\u00e9e \u00e0 Malte \u00e0 la fin de 2016, mais les personnes derri\u00e8re elle ont commenc\u00e9 \u00e0 travailler sur leur premier casino en juillet 2015. Leur premier site \u00e9tait, bien s\u00fbr, Casinoland, leur casino en ligne phare et actuellement le plus performant.<\/p>\n<p>D\u00e8s que la soci\u00e9t\u00e9 a commenc\u00e9 \u00e0 travailler, elle a demand\u00e9 des licences et a commenc\u00e9 \u00e0 fabriquer des logiciels internes. Les deux licences dont elle dispose encore, Malta Gaming Authority (MGA) et UK Gambling Commission (UKGC), ont \u00e9t\u00e9 obtenues fin 2017.<\/p>\n<p>Depuis lors, One Click Limited a progress\u00e9 rapidement, en ouvrant constamment de nouveaux casinos et en am\u00e9liorant les pr\u00e9c\u00e9dents. Plus particuli\u00e8rement, en 2018, One Click a r\u00e9ussi \u00e0 faire passer Casinoland d'une plateforme en marque blanche \u00e0 sa propre plateforme.<\/p>\n<p>Depuis sa cr\u00e9ation, cette soci\u00e9t\u00e9 s'efforce d'offrir une exp\u00e9rience de qualit\u00e9 sup\u00e9rieure. One Click y parvient en proposant des designs de marque uniques et des jeux de casino populaires provenant de certains des plus grands noms de l'industrie.<\/p>\n<p>L'une des principales raisons de la renomm\u00e9e de One Click Limited est le soin et le d\u00e9vouement qu'il apporte \u00e0 chaque casino. Chaque fois que la soci\u00e9t\u00e9 lance une nouvelle plate-forme de jeu, elle prend le temps de la d\u00e9velopper et d'y inclure de nombreux \u00e9l\u00e9ments que son public souhaite voir.<\/p>\n<p>Et bien s\u00fbr, il n'y a aucune raison de s'inqui\u00e9ter de la s\u00e9curit\u00e9 dans les casinos One Click Ltd. car chacun d'entre eux est dot\u00e9 de dispositifs de s\u00e9curit\u00e9 haut de gamme, tous conformes aux normes de l'UKGC et de la MGA.<\/p>\n<h2>One Click Ltd. Profil de l'entreprise<\/h2>\n<ul>\n<li><strong>Ann\u00e9e de cr\u00e9ation<\/strong>: 2016<\/li>\n<li><strong>PDG<\/strong>: \/<\/li>\n<li><strong>Nombre de salari\u00e9s<\/strong>: 3<\/li>\n<li><strong>Recettes<\/strong>: US$226,593<\/li>\n<li><strong>Zones desservies<\/strong>: Global<\/li>\n<li><strong>Licenci\u00e9 en<\/strong>: Royaume-Uni, Malte<\/li>\n<li><strong>Produits<\/strong>: Casino en ligne, casino en direct<\/li>\n<li><strong>Casino phare : <\/strong>Casinoland<\/li>\n<li><strong>Site web de l'entreprise<\/strong>: <a href=\"http:\/\/www.oneclicklimited.com\/\">http:\/\/www.oneclicklimited.com\/<\/a><\/li>\n<\/ul>","protected":false},"excerpt":{"rendered":"<p>One Click Ltd. n'est pas une grande soci\u00e9t\u00e9 c\u00e9l\u00e8bre dans le monde de l'iGaming, mais c'est tout de m\u00eame une soci\u00e9t\u00e9 que vous devriez conna\u00eetre. En effet, elle s'efforce d'offrir aux joueurs une exp\u00e9rience de jeu diff\u00e9rente et de qualit\u00e9 sup\u00e9rieure. La soci\u00e9t\u00e9 ne poss\u00e8de que six casinos en ligne, mais chacun d'entre eux est de grande qualit\u00e9 et offre une [...]<\/p>","protected":false},"author":1,"featured_media":0,"parent":0,"menu_order":0,"comment_status":"closed","ping_status":"closed","template":"","meta":{"_acf_changed":false,"footnotes":""},"class_list":["post-14407","page","type-page","status-publish","hentry"],"acf":[],"yoast_head":"<!-- This site is optimized with the Yoast SEO plugin v26.1.1 - https:\/\/yoast.com\/wordpress\/plugins\/seo\/ -->\n<title>One Click Ltd. Casinos [2022]<\/title>\n<meta name=\"robots\" content=\"index, follow, max-snippet:-1, max-image-preview:large, max-video-preview:-1\" \/>\n<link rel=\"canonical\" href=\"https:\/\/casinolion.ca\/fr\/one-click-ltd-casinos\/\" \/>\n<meta property=\"og:locale\" content=\"fr_CA\" \/>\n<meta property=\"og:type\" content=\"article\" \/>\n<meta property=\"og:title\" content=\"One Click Ltd. Casinos [2022]\" \/>\n<meta property=\"og:description\" content=\"One Click Ltd. is not a big and famous company in the iGaming world, but it\u2019s still one that you should know about. This is because it focuses on providing players with a different, premium gambling experience. The company owns only six online casinos, but each is high quality and offers a fantastic casino gambling [&hellip;]\" \/>\n<meta property=\"og:url\" content=\"https:\/\/casinolion.ca\/fr\/one-click-ltd-casinos\/\" \/>\n<meta property=\"article:modified_time\" content=\"2022-01-01T03:41:36+00:00\" \/>\n<meta name=\"twitter:card\" content=\"summary_large_image\" \/>\n<meta name=\"twitter:label1\" content=\"Estimation du temps de lecture\" \/>\n\t<meta name=\"twitter:data1\" content=\"3 minutes\" \/>\n<script type=\"application\/ld+json\" class=\"yoast-schema-graph\">{\"@context\":\"https:\/\/schema.org\",\"@graph\":[{\"@type\":\"WebPage\",\"@id\":\"https:\/\/casinolion.ca\/one-click-ltd-casinos\/\",\"url\":\"https:\/\/casinolion.ca\/one-click-ltd-casinos\/\",\"name\":\"One Click Ltd. Casinos [2022]\",\"isPartOf\":{\"@id\":\"https:\/\/casinolion.ca\/fr\/#website\"},\"datePublished\":\"2021-08-27T00:17:05+00:00\",\"dateModified\":\"2022-01-01T03:41:36+00:00\",\"breadcrumb\":{\"@id\":\"https:\/\/casinolion.ca\/one-click-ltd-casinos\/#breadcrumb\"},\"inLanguage\":\"fr-CA\",\"potentialAction\":[{\"@type\":\"ReadAction\",\"target\":[\"https:\/\/casinolion.ca\/one-click-ltd-casinos\/\"]}]},{\"@type\":\"BreadcrumbList\",\"@id\":\"https:\/\/casinolion.ca\/one-click-ltd-casinos\/#breadcrumb\",\"itemListElement\":[{\"@type\":\"ListItem\",\"position\":1,\"name\":\"Home\",\"item\":\"https:\/\/casinolion.ca\/\"},{\"@type\":\"ListItem\",\"position\":2,\"name\":\"One Click Ltd. Casinos\"}]},{\"@type\":\"WebSite\",\"@id\":\"https:\/\/casinolion.ca\/fr\/#website\",\"url\":\"https:\/\/casinolion.ca\/fr\/\",\"name\":\"\",\"description\":\"\",\"potentialAction\":[{\"@type\":\"SearchAction\",\"target\":{\"@type\":\"EntryPoint\",\"urlTemplate\":\"https:\/\/casinolion.ca\/fr\/?s={search_term_string}\"},\"query-input\":{\"@type\":\"PropertyValueSpecification\",\"valueRequired\":true,\"valueName\":\"search_term_string\"}}],\"inLanguage\":\"fr-CA\"}]}<\/script>\n<!-- \/ Yoast SEO plugin. -->","yoast_head_json":{"title":"One Click Ltd. Casinos [2022]","robots":{"index":"index","follow":"follow","max-snippet":"max-snippet:-1","max-image-preview":"max-image-preview:large","max-video-preview":"max-video-preview:-1"},"canonical":"https:\/\/casinolion.ca\/fr\/one-click-ltd-casinos\/","og_locale":"fr_CA","og_type":"article","og_title":"One Click Ltd. Casinos [2022]","og_description":"One Click Ltd. is not a big and famous company in the iGaming world, but it\u2019s still one that you should know about. This is because it focuses on providing players with a different, premium gambling experience. The company owns only six online casinos, but each is high quality and offers a fantastic casino gambling [&hellip;]","og_url":"https:\/\/casinolion.ca\/fr\/one-click-ltd-casinos\/","article_modified_time":"2022-01-01T03:41:36+00:00","twitter_card":"summary_large_image","twitter_misc":{"Estimation du temps de lecture":"3 minutes"},"schema":{"@context":"https:\/\/schema.org","@graph":[{"@type":"WebPage","@id":"https:\/\/casinolion.ca\/one-click-ltd-casinos\/","url":"https:\/\/casinolion.ca\/one-click-ltd-casinos\/","name":"One Click Ltd. Casinos [2022]","isPartOf":{"@id":"https:\/\/casinolion.ca\/fr\/#website"},"datePublished":"2021-08-27T00:17:05+00:00","dateModified":"2022-01-01T03:41:36+00:00","breadcrumb":{"@id":"https:\/\/casinolion.ca\/one-click-ltd-casinos\/#breadcrumb"},"inLanguage":"fr-CA","potentialAction":[{"@type":"ReadAction","target":["https:\/\/casinolion.ca\/one-click-ltd-casinos\/"]}]},{"@type":"BreadcrumbList","@id":"https:\/\/casinolion.ca\/one-click-ltd-casinos\/#breadcrumb","itemListElement":[{"@type":"ListItem","position":1,"name":"Home","item":"https:\/\/casinolion.ca\/"},{"@type":"ListItem","position":2,"name":"One Click Ltd. Casinos"}]},{"@type":"WebSite","@id":"https:\/\/casinolion.ca\/fr\/#website","url":"https:\/\/casinolion.ca\/fr\/","name":"","description":"","potentialAction":[{"@type":"SearchAction","target":{"@type":"EntryPoint","urlTemplate":"https:\/\/casinolion.ca\/fr\/?s={search_term_string}"},"query-input":{"@type":"PropertyValueSpecification","valueRequired":true,"valueName":"search_term_string"}}],"inLanguage":"fr-CA"}]}},"_links":{"self":[{"href":"https:\/\/casinolion.ca\/fr\/wp-json\/wp\/v2\/pages\/14407","targetHints":{"allow":["GET"]}}],"collection":[{"href":"https:\/\/casinolion.ca\/fr\/wp-json\/wp\/v2\/pages"}],"about":[{"href":"https:\/\/casinolion.ca\/fr\/wp-json\/wp\/v2\/types\/page"}],"author":[{"embeddable":true,"href":"https:\/\/casinolion.ca\/fr\/wp-json\/wp\/v2\/users\/1"}],"replies":[{"embeddable":true,"href":"https:\/\/casinolion.ca\/fr\/wp-json\/wp\/v2\/comments?post=14407"}],"version-history":[{"count":0,"href":"https:\/\/casinolion.ca\/fr\/wp-json\/wp\/v2\/pages\/14407\/revisions"}],"wp:attachment":[{"href":"https:\/\/casinolion.ca\/fr\/wp-json\/wp\/v2\/media?parent=14407"}],"curies":[{"name":"wp","href":"https:\/\/api.w.org\/{rel}","templated":true}]}}