
{"id":14551,"date":"2021-09-15T00:16:45","date_gmt":"2021-09-15T00:16:45","guid":{"rendered":"https:\/\/www.canadiancasinos.ca\/?page_id=14551"},"modified":"2023-01-04T02:19:41","modified_gmt":"2023-01-04T02:19:41","slug":"ocean-star-limited-casinos","status":"publish","type":"page","link":"https:\/\/casinolion.ca\/fr\/ocean-star-limited-casinos\/","title":{"rendered":"Casinos Ocean Star Limited"},"content":{"rendered":"<p>Ocean Star Limited est un op\u00e9rateur de casinos en ligne et de paris sportifs enregistr\u00e9 \u00e0 Malte. La soci\u00e9t\u00e9 existe depuis pr\u00e8s de vingt ans et g\u00e8re un site de jeu en ligne populaire appel\u00e9 10bet, qui propose des paris sportifs, des jeux de casino et des jeux de casino en direct.<\/p>\n<h2>Liste des casinos Ocean Star Limited<\/h2>\n<p>Comme indiqu\u00e9 ci-dessus, Ocean Star Limited n'exploite actuellement qu'un seul site.<\/p>\n<ul>\n<li><a href=\"https:\/\/casinolion.ca\/fr\/review\/10bet-casino\/\">10bet<\/a><\/li>\n<\/ul>\n<h2>\u00c0 propos d'Ocean Star Limited<\/h2>\n<p>On ne sait pas grand-chose sur cette soci\u00e9t\u00e9, car elle n'exploite qu'une seule plateforme de jeu - 10bet. La seule chose que nous ayons r\u00e9ussi \u00e0 trouver est que 10bet est \u00e9galement exploit\u00e9 par Blue Star Planet Limited, une filiale d'Ocean Star avec une licence de jeu de la Great Britain Gambling Commission.<\/p>\n<p>En d'autres termes, Ocean Star Limited exploite 10bet dans les pays o\u00f9 cette plateforme est disponible. Le Royaume-Uni est l'exception puisque Blue Star Planet y est l'op\u00e9rateur officiel de la plateforme.<\/p>\n<p>Ni Ocean Star ni Blue Star Planet n'offrent suffisamment d'informations en ligne. Le manque de transparence est sans aucun doute un inconv\u00e9nient. Toutefois, nous esp\u00e9rons que les deux entreprises corrigeront le tir \u00e0 l'avenir et fourniront davantage d'informations qui pourraient s'av\u00e9rer utiles aux joueurs potentiels.<\/p>\n<p>La bonne nouvelle, c'est que 10bet est un casino r\u00e9put\u00e9 et qu'\u00e9tant le seul casino exploit\u00e9 par Ocean Star, on peut dire que la soci\u00e9t\u00e9 est assez prosp\u00e8re. La plateforme offre des services de paris sportifs depuis 2003 et a introduit des jeux de casino et de casino en direct au cours des deux derni\u00e8res ann\u00e9es.<\/p>\n<p>10bet a connu un certain succ\u00e8s avec des accords de partenariat, puisqu'il a agi en tant que partenaire officiel des Blackburn Rovers et de West Bromwich Albion. La plateforme de jeux d'argent s'est m\u00eame associ\u00e9e \u00e0 la Juventus en 2019, proposant des offres exclusives aux fans du club italien. De plus, la plateforme a saisi la balle au bond en utilisant Ronaldo lui-m\u00eame dans sa strat\u00e9gie marketing.<\/p>\n<p>Le site propose \u00e9galement une excellente plateforme de casino o\u00f9 vous trouverez de nombreux jeux de qualit\u00e9 provenant des fournisseurs leaders de l'industrie que sont Evolution, Microgaming et d'autres.<\/p>\n<p>10bet peut s'enorgueillir d'\u00eatre l'un des sites les plus esth\u00e9tiques de l'industrie du jeu en ligne. Une r\u00e9compense de Fresh Awards pour le design et l'image de marque a encore valid\u00e9 cette affirmation en 2019. Plus tard dans l'ann\u00e9e, le site a re\u00e7u un autre prix de design graphique.<\/p>\n<p>La plateforme est agr\u00e9\u00e9e par la Malta Gaming Authority, tout comme son op\u00e9rateur Ocean Star Limited. La version britannique est autoris\u00e9e par la United Kingdom Gambling Commission.<\/p>\n<h2>Profil de l'entreprise Ocean Star Limited<\/h2>\n<ul>\n<li><strong>Ann\u00e9e de cr\u00e9ation<\/strong>: 2003<\/li>\n<li><strong>Zones desservies<\/strong>: Global<\/li>\n<li><strong>Licenci\u00e9 en<\/strong>: Malte<\/li>\n<li><strong>Produits<\/strong>: Casino, paris sportifs<\/li>\n<li><strong>Casino phare<\/strong>: 10bet<\/li>\n<\/ul>","protected":false},"excerpt":{"rendered":"<p>Ocean Star Limited est un op\u00e9rateur de casinos en ligne et de paris sportifs enregistr\u00e9 \u00e0 Malte. La soci\u00e9t\u00e9 existe depuis pr\u00e8s de vingt ans et g\u00e8re un site de jeu en ligne populaire appel\u00e9 10bet, qui propose des paris sportifs, des jeux de casino et des jeux de casino en direct. Liste des casinos Ocean Star Limited Comme indiqu\u00e9 ci-dessus, Ocean Star Limited [...]<\/p>","protected":false},"author":1,"featured_media":0,"parent":0,"menu_order":0,"comment_status":"closed","ping_status":"closed","template":"","meta":{"_acf_changed":false,"footnotes":""},"class_list":["post-14551","page","type-page","status-publish","hentry"],"acf":[],"yoast_head":"<!-- This site is optimized with the Yoast SEO plugin v26.1.1 - https:\/\/yoast.com\/wordpress\/plugins\/seo\/ -->\n<title>Ocean Star Limited Casinos [2023]<\/title>\n<meta name=\"robots\" content=\"index, follow, max-snippet:-1, max-image-preview:large, max-video-preview:-1\" \/>\n<link rel=\"canonical\" href=\"https:\/\/casinolion.ca\/fr\/ocean-star-limited-casinos\/\" \/>\n<meta property=\"og:locale\" content=\"fr_CA\" \/>\n<meta property=\"og:type\" content=\"article\" \/>\n<meta property=\"og:title\" content=\"Ocean Star Limited Casinos [2023]\" \/>\n<meta property=\"og:description\" content=\"Ocean Star Limited is an online casino and sports betting operator registered in Malta. The company has been around for almost two decades and runs a popular online gambling site called 10bet, which offers sports betting, casino games, and live casino games. List of Ocean Star Limited Casinos As stated above, Ocean Star Limited currently [&hellip;]\" \/>\n<meta property=\"og:url\" content=\"https:\/\/casinolion.ca\/fr\/ocean-star-limited-casinos\/\" \/>\n<meta property=\"article:modified_time\" content=\"2023-01-04T02:19:41+00:00\" \/>\n<meta name=\"twitter:card\" content=\"summary_large_image\" \/>\n<meta name=\"twitter:label1\" content=\"Estimation du temps de lecture\" \/>\n\t<meta name=\"twitter:data1\" content=\"2 minutes\" \/>\n<script type=\"application\/ld+json\" class=\"yoast-schema-graph\">{\"@context\":\"https:\/\/schema.org\",\"@graph\":[{\"@type\":\"WebPage\",\"@id\":\"https:\/\/casinolion.ca\/ocean-star-limited-casinos\/\",\"url\":\"https:\/\/casinolion.ca\/ocean-star-limited-casinos\/\",\"name\":\"Ocean Star Limited Casinos [2023]\",\"isPartOf\":{\"@id\":\"https:\/\/casinolion.ca\/fr\/#website\"},\"datePublished\":\"2021-09-15T00:16:45+00:00\",\"dateModified\":\"2023-01-04T02:19:41+00:00\",\"breadcrumb\":{\"@id\":\"https:\/\/casinolion.ca\/ocean-star-limited-casinos\/#breadcrumb\"},\"inLanguage\":\"fr-CA\",\"potentialAction\":[{\"@type\":\"ReadAction\",\"target\":[\"https:\/\/casinolion.ca\/ocean-star-limited-casinos\/\"]}]},{\"@type\":\"BreadcrumbList\",\"@id\":\"https:\/\/casinolion.ca\/ocean-star-limited-casinos\/#breadcrumb\",\"itemListElement\":[{\"@type\":\"ListItem\",\"position\":1,\"name\":\"Home\",\"item\":\"https:\/\/casinolion.ca\/\"},{\"@type\":\"ListItem\",\"position\":2,\"name\":\"Ocean Star Limited Casinos\"}]},{\"@type\":\"WebSite\",\"@id\":\"https:\/\/casinolion.ca\/fr\/#website\",\"url\":\"https:\/\/casinolion.ca\/fr\/\",\"name\":\"\",\"description\":\"\",\"potentialAction\":[{\"@type\":\"SearchAction\",\"target\":{\"@type\":\"EntryPoint\",\"urlTemplate\":\"https:\/\/casinolion.ca\/fr\/?s={search_term_string}\"},\"query-input\":{\"@type\":\"PropertyValueSpecification\",\"valueRequired\":true,\"valueName\":\"search_term_string\"}}],\"inLanguage\":\"fr-CA\"}]}<\/script>\n<!-- \/ Yoast SEO plugin. -->","yoast_head_json":{"title":"Casinos Ocean Star Limited [2023]","robots":{"index":"index","follow":"follow","max-snippet":"max-snippet:-1","max-image-preview":"max-image-preview:large","max-video-preview":"max-video-preview:-1"},"canonical":"https:\/\/casinolion.ca\/fr\/ocean-star-limited-casinos\/","og_locale":"fr_CA","og_type":"article","og_title":"Ocean Star Limited Casinos [2023]","og_description":"Ocean Star Limited is an online casino and sports betting operator registered in Malta. The company has been around for almost two decades and runs a popular online gambling site called 10bet, which offers sports betting, casino games, and live casino games. List of Ocean Star Limited Casinos As stated above, Ocean Star Limited currently [&hellip;]","og_url":"https:\/\/casinolion.ca\/fr\/ocean-star-limited-casinos\/","article_modified_time":"2023-01-04T02:19:41+00:00","twitter_card":"summary_large_image","twitter_misc":{"Estimation du temps de lecture":"2 minutes"},"schema":{"@context":"https:\/\/schema.org","@graph":[{"@type":"WebPage","@id":"https:\/\/casinolion.ca\/ocean-star-limited-casinos\/","url":"https:\/\/casinolion.ca\/ocean-star-limited-casinos\/","name":"Casinos Ocean Star Limited [2023]","isPartOf":{"@id":"https:\/\/casinolion.ca\/fr\/#website"},"datePublished":"2021-09-15T00:16:45+00:00","dateModified":"2023-01-04T02:19:41+00:00","breadcrumb":{"@id":"https:\/\/casinolion.ca\/ocean-star-limited-casinos\/#breadcrumb"},"inLanguage":"fr-CA","potentialAction":[{"@type":"ReadAction","target":["https:\/\/casinolion.ca\/ocean-star-limited-casinos\/"]}]},{"@type":"BreadcrumbList","@id":"https:\/\/casinolion.ca\/ocean-star-limited-casinos\/#breadcrumb","itemListElement":[{"@type":"ListItem","position":1,"name":"Home","item":"https:\/\/casinolion.ca\/"},{"@type":"ListItem","position":2,"name":"Ocean Star Limited Casinos"}]},{"@type":"WebSite","@id":"https:\/\/casinolion.ca\/fr\/#website","url":"https:\/\/casinolion.ca\/fr\/","name":"","description":"","potentialAction":[{"@type":"SearchAction","target":{"@type":"EntryPoint","urlTemplate":"https:\/\/casinolion.ca\/fr\/?s={search_term_string}"},"query-input":{"@type":"PropertyValueSpecification","valueRequired":true,"valueName":"search_term_string"}}],"inLanguage":"fr-CA"}]}},"_links":{"self":[{"href":"https:\/\/casinolion.ca\/fr\/wp-json\/wp\/v2\/pages\/14551","targetHints":{"allow":["GET"]}}],"collection":[{"href":"https:\/\/casinolion.ca\/fr\/wp-json\/wp\/v2\/pages"}],"about":[{"href":"https:\/\/casinolion.ca\/fr\/wp-json\/wp\/v2\/types\/page"}],"author":[{"embeddable":true,"href":"https:\/\/casinolion.ca\/fr\/wp-json\/wp\/v2\/users\/1"}],"replies":[{"embeddable":true,"href":"https:\/\/casinolion.ca\/fr\/wp-json\/wp\/v2\/comments?post=14551"}],"version-history":[{"count":0,"href":"https:\/\/casinolion.ca\/fr\/wp-json\/wp\/v2\/pages\/14551\/revisions"}],"wp:attachment":[{"href":"https:\/\/casinolion.ca\/fr\/wp-json\/wp\/v2\/media?parent=14551"}],"curies":[{"name":"wp","href":"https:\/\/api.w.org\/{rel}","templated":true}]}}