
{"id":14552,"date":"2021-09-15T00:20:41","date_gmt":"2021-09-15T00:20:41","guid":{"rendered":"https:\/\/www.canadiancasinos.ca\/?page_id=14552"},"modified":"2021-09-15T00:20:41","modified_gmt":"2021-09-15T00:20:41","slug":"sg-international-n-v-casinos","status":"publish","type":"page","link":"https:\/\/casinolion.ca\/fr\/sg-international-n-v-casinos\/","title":{"rendered":"SG International N.V. Casinos"},"content":{"rendered":"<p>Depuis son lancement en 2015, SG International N.V. a exploit\u00e9 avec succ\u00e8s quelques plateformes de jeux en ligne de premier plan, en se concentrant principalement sur les casinos en ligne. Le seul si\u00e8ge social de la soci\u00e9t\u00e9 se trouve \u00e0 Cura\u00e7ao, bien qu'elle ait des liens avec deux autres soci\u00e9t\u00e9s de jeux en ligne - SG International LP et Mirax Management Ltd.<\/p>\n<p>Les casinos d\u00e9tenus et exploit\u00e9s par SG International N.V. s'adressent aux joueurs du monde entier, \u00e0 l'exception de l'Australie, des \u00c9tats-Unis, du Royaume-Uni, de la France et de l'Allemagne.<\/p>\n<h2>Liste de tous les casinos de SG International N.V.<\/h2>\n<p>Bien que la liste des casinos en ligne appartenant \u00e0 SG International N.V. ait \u00e9t\u00e9 plus longue, les plateformes actives fonctionnent \u00e0 un niveau \u00e9lev\u00e9, offrant une exp\u00e9rience de jeu de premier ordre \u00e0 leurs membres. Vous trouverez ci-dessous tous les casinos appartenant \u00e0 SG International N.V. :<\/p>\n<ul>\n<li>Mad Money Casino<\/li>\n<li>Pokies2Go Casino<\/li>\n<li>Webby Slot Casino<\/li>\n<li>MaxCazino<\/li>\n<li>Casino de Savarona<\/li>\n<li><a href=\"https:\/\/casinolion.ca\/fr\/review\/casoo-casino\/\">Casoo Casino<\/a><\/li>\n<li>24k Casino<\/li>\n<\/ul>\n<p>Tous les casinos d\u00e9tiennent des licences de jeu valides d\u00e9livr\u00e9es par le gouvernement de Cura\u00e7ao, o\u00f9 la soci\u00e9t\u00e9 est enregistr\u00e9e. Les op\u00e9rateurs ciblent un grand nombre de pays dans le monde entier, de l'Europe au Canada en passant par la Nouvelle-Z\u00e9lande et le Japon. Gr\u00e2ce \u00e0 leur pr\u00e9sence mondiale, ces casinos acceptent diff\u00e9rentes devises, ce qui permet aux joueurs d'effectuer des paiements simples et faciles.<\/p>\n<p>Les plateformes h\u00e9bergent des produits de casino haut de gamme - machines \u00e0 sous, jeux de table, bingo, croupiers en direct, etc. En collaborant avec des d\u00e9veloppeurs de logiciels de premier plan, tels que EGt Interactive, Elk Studios, <a href=\"https:\/\/casinolion.ca\/fr\/red-tiger\/\">Red Tiger Gaming<\/a>, <a href=\"https:\/\/casinolion.ca\/fr\/microgaming-casinos\/\">Microgaming<\/a>, <a href=\"https:\/\/casinolion.ca\/fr\/quickspin\/\">Quickspin<\/a>, Habanero, <a href=\"https:\/\/casinolion.ca\/fr\/isoftbet-casinos\/\">iSoftBet<\/a>, Pragmatic Play, <a href=\"https:\/\/casinolion.ca\/fr\/push-gaming\/\">Push Gaming<\/a>, Les casinos offrent des options de jeu immersives.<\/p>\n<h2>\u00c0 propos des casinos de SG International N.V.<\/h2>\n<p>L'internet n'offre pas beaucoup d'informations sur SG International N.V. D'apr\u00e8s les recherches, nous pouvons dire que la soci\u00e9t\u00e9 lanc\u00e9e en 2015 est enregistr\u00e9e \u00e0 Cura\u00e7ao, o\u00f9 elle d\u00e9tient \u00e9galement une licence de jeu.<\/p>\n<p>L'entreprise est li\u00e9e \u00e0 SG International LV et Miramax Management Ltd, agr\u00e9\u00e9es \u00e0 Chypre et au Belize. Ces deux soci\u00e9t\u00e9s contribuent \u00e0 la gestion des paiements, \u00e0 la r\u00e9alisation de diverses op\u00e9rations et au fonctionnement de l'entreprise dans le cadre d'un accord.<\/p>\n<p>En ce qui concerne ses produits, SG International N.V. se concentre principalement sur les casinos en ligne, mais la soci\u00e9t\u00e9 exploite \u00e9galement des paris sportifs, dont la plupart font partie de plateformes de jeu globales. Nous n'avons rencontr\u00e9 aucune plainte majeure au cours de nos recherches, ce qui signifie que les plateformes fonctionnent \u00e0 un niveau \u00e9lev\u00e9 et offrent aux joueurs une exp\u00e9rience de jeu \u00e9quitable et s\u00fbre.<\/p>\n<h2>Profil de l'entreprise SG International N.V.<\/h2>\n<ul>\n<li><strong>Ann\u00e9e de cr\u00e9ation : <\/strong>2015<\/li>\n<li><strong>R\u00e9gions desservies : <\/strong>Mondial<\/li>\n<li><strong>Licenci\u00e9 en : <\/strong>Cura\u00e7ao<\/li>\n<li><strong>Produits : <\/strong>Casino en ligne, casino en direct, paris sportifs<\/li>\n<\/ul>","protected":false},"excerpt":{"rendered":"<p>Depuis son lancement en 2015, SG International N.V. a exploit\u00e9 avec succ\u00e8s quelques plateformes de jeux en ligne de premier plan, en se concentrant principalement sur les casinos en ligne. Le seul si\u00e8ge social de la soci\u00e9t\u00e9 se trouve \u00e0 Cura\u00e7ao, bien qu'elle ait des liens avec deux autres soci\u00e9t\u00e9s de jeux en ligne - SG International LP et Mirax Management Ltd. Les casinos d\u00e9tenus et exploit\u00e9s [...]<\/p>","protected":false},"author":1,"featured_media":0,"parent":0,"menu_order":0,"comment_status":"closed","ping_status":"closed","template":"","meta":{"_acf_changed":false,"footnotes":""},"class_list":["post-14552","page","type-page","status-publish","hentry"],"acf":[],"yoast_head":"<!-- This site is optimized with the Yoast SEO plugin v26.1.1 - https:\/\/yoast.com\/wordpress\/plugins\/seo\/ -->\n<title>SG International N.V. Casinos<\/title>\n<meta name=\"robots\" content=\"index, follow, max-snippet:-1, max-image-preview:large, max-video-preview:-1\" \/>\n<link rel=\"canonical\" href=\"https:\/\/casinolion.ca\/fr\/sg-international-n-v-casinos\/\" \/>\n<meta property=\"og:locale\" content=\"fr_CA\" \/>\n<meta property=\"og:type\" content=\"article\" \/>\n<meta property=\"og:title\" content=\"SG International N.V. Casinos\" \/>\n<meta property=\"og:description\" content=\"Since its launch in 2015, SG International N.V. has been successfully operating a couple of prominent online gambling platforms, primarily focusing on online casinos. The company\u2019s only registered office is in Curacao, although it has connections with two other online gaming firms \u2014 SG International LP and Mirax Management Ltd. The casinos owned and operated [&hellip;]\" \/>\n<meta property=\"og:url\" content=\"https:\/\/casinolion.ca\/fr\/sg-international-n-v-casinos\/\" \/>\n<meta name=\"twitter:card\" content=\"summary_large_image\" \/>\n<meta name=\"twitter:label1\" content=\"Estimation du temps de lecture\" \/>\n\t<meta name=\"twitter:data1\" content=\"2 minutes\" \/>\n<script type=\"application\/ld+json\" class=\"yoast-schema-graph\">{\"@context\":\"https:\/\/schema.org\",\"@graph\":[{\"@type\":\"WebPage\",\"@id\":\"https:\/\/casinolion.ca\/sg-international-n-v-casinos\/\",\"url\":\"https:\/\/casinolion.ca\/sg-international-n-v-casinos\/\",\"name\":\"SG International N.V. Casinos\",\"isPartOf\":{\"@id\":\"https:\/\/casinolion.ca\/fr\/#website\"},\"datePublished\":\"2021-09-15T00:20:41+00:00\",\"breadcrumb\":{\"@id\":\"https:\/\/casinolion.ca\/sg-international-n-v-casinos\/#breadcrumb\"},\"inLanguage\":\"fr-CA\",\"potentialAction\":[{\"@type\":\"ReadAction\",\"target\":[\"https:\/\/casinolion.ca\/sg-international-n-v-casinos\/\"]}]},{\"@type\":\"BreadcrumbList\",\"@id\":\"https:\/\/casinolion.ca\/sg-international-n-v-casinos\/#breadcrumb\",\"itemListElement\":[{\"@type\":\"ListItem\",\"position\":1,\"name\":\"Home\",\"item\":\"https:\/\/casinolion.ca\/\"},{\"@type\":\"ListItem\",\"position\":2,\"name\":\"SG International N.V. Casinos\"}]},{\"@type\":\"WebSite\",\"@id\":\"https:\/\/casinolion.ca\/fr\/#website\",\"url\":\"https:\/\/casinolion.ca\/fr\/\",\"name\":\"\",\"description\":\"\",\"potentialAction\":[{\"@type\":\"SearchAction\",\"target\":{\"@type\":\"EntryPoint\",\"urlTemplate\":\"https:\/\/casinolion.ca\/fr\/?s={search_term_string}\"},\"query-input\":{\"@type\":\"PropertyValueSpecification\",\"valueRequired\":true,\"valueName\":\"search_term_string\"}}],\"inLanguage\":\"fr-CA\"}]}<\/script>\n<!-- \/ Yoast SEO plugin. -->","yoast_head_json":{"title":"SG International N.V. Casinos","robots":{"index":"index","follow":"follow","max-snippet":"max-snippet:-1","max-image-preview":"max-image-preview:large","max-video-preview":"max-video-preview:-1"},"canonical":"https:\/\/casinolion.ca\/fr\/sg-international-n-v-casinos\/","og_locale":"fr_CA","og_type":"article","og_title":"SG International N.V. Casinos","og_description":"Since its launch in 2015, SG International N.V. has been successfully operating a couple of prominent online gambling platforms, primarily focusing on online casinos. The company\u2019s only registered office is in Curacao, although it has connections with two other online gaming firms \u2014 SG International LP and Mirax Management Ltd. The casinos owned and operated [&hellip;]","og_url":"https:\/\/casinolion.ca\/fr\/sg-international-n-v-casinos\/","twitter_card":"summary_large_image","twitter_misc":{"Estimation du temps de lecture":"2 minutes"},"schema":{"@context":"https:\/\/schema.org","@graph":[{"@type":"WebPage","@id":"https:\/\/casinolion.ca\/sg-international-n-v-casinos\/","url":"https:\/\/casinolion.ca\/sg-international-n-v-casinos\/","name":"SG International N.V. Casinos","isPartOf":{"@id":"https:\/\/casinolion.ca\/fr\/#website"},"datePublished":"2021-09-15T00:20:41+00:00","breadcrumb":{"@id":"https:\/\/casinolion.ca\/sg-international-n-v-casinos\/#breadcrumb"},"inLanguage":"fr-CA","potentialAction":[{"@type":"ReadAction","target":["https:\/\/casinolion.ca\/sg-international-n-v-casinos\/"]}]},{"@type":"BreadcrumbList","@id":"https:\/\/casinolion.ca\/sg-international-n-v-casinos\/#breadcrumb","itemListElement":[{"@type":"ListItem","position":1,"name":"Home","item":"https:\/\/casinolion.ca\/"},{"@type":"ListItem","position":2,"name":"SG International N.V. Casinos"}]},{"@type":"WebSite","@id":"https:\/\/casinolion.ca\/fr\/#website","url":"https:\/\/casinolion.ca\/fr\/","name":"","description":"","potentialAction":[{"@type":"SearchAction","target":{"@type":"EntryPoint","urlTemplate":"https:\/\/casinolion.ca\/fr\/?s={search_term_string}"},"query-input":{"@type":"PropertyValueSpecification","valueRequired":true,"valueName":"search_term_string"}}],"inLanguage":"fr-CA"}]}},"_links":{"self":[{"href":"https:\/\/casinolion.ca\/fr\/wp-json\/wp\/v2\/pages\/14552","targetHints":{"allow":["GET"]}}],"collection":[{"href":"https:\/\/casinolion.ca\/fr\/wp-json\/wp\/v2\/pages"}],"about":[{"href":"https:\/\/casinolion.ca\/fr\/wp-json\/wp\/v2\/types\/page"}],"author":[{"embeddable":true,"href":"https:\/\/casinolion.ca\/fr\/wp-json\/wp\/v2\/users\/1"}],"replies":[{"embeddable":true,"href":"https:\/\/casinolion.ca\/fr\/wp-json\/wp\/v2\/comments?post=14552"}],"version-history":[{"count":0,"href":"https:\/\/casinolion.ca\/fr\/wp-json\/wp\/v2\/pages\/14552\/revisions"}],"wp:attachment":[{"href":"https:\/\/casinolion.ca\/fr\/wp-json\/wp\/v2\/media?parent=14552"}],"curies":[{"name":"wp","href":"https:\/\/api.w.org\/{rel}","templated":true}]}}