
{"id":17549,"date":"2022-09-28T06:28:25","date_gmt":"2022-09-28T06:28:25","guid":{"rendered":"https:\/\/www.canadiancasinos.ca\/?page_id=17549"},"modified":"2023-08-17T12:30:37","modified_gmt":"2023-08-17T12:30:37","slug":"book-of-99","status":"publish","type":"page","link":"https:\/\/casinolion.ca\/fr\/online-slots\/book-of-99\/","title":{"rendered":"Livre des 99"},"content":{"rendered":"<p><div id=\"PlayFreeGame\" class=\"game_box\" style=\"padding-bottom: 75%; margin-bottom: 30px; background-size:cover; background-repeat:no-repeat;background-color:  #d24d57; background-image: url('https:\/\/a1.lcb.org\/system\/modules\/game\/images\/attachments\/000\/373\/672\/original\/BookOf991.jpg?1620221912');\">\n                        <i class=\"fas fa-play-circle\"><\/i>\n                     <\/div>\n                     <script>\n                        let iframe = '<iframe loading=\"lazy\" src=\"https:\/\/slotslaunch.com\/iframe\/17640?token=rvgmcR4z0DADcCv3Hy0pVy9HQf7iaZ9tGNS9qWMaoIJPRjmw38\" width=\"930\" height=\"576\" frameborder=\"0\" allowTransparency=\"true\" bgcolor=\"#FFFFFF\" style=\"background-color: black;\"><\/iframe>';\n                        let holder = document.querySelector(\"#PlayFreeGame\");\n                        holder.addEventListener(\"click\", function(){\n                            holder.innerHTML = iframe;\n                        });\n                    <\/script><h2 id=\"Book-of--data-and-features\">Donn\u00e9es et caract\u00e9ristiques du livre des 99<\/h2>\n                <table class=\"tablepress\">\n                    <tbody><tr><td><strong>Enrouleurs<\/strong><\/td><td>5<\/td><\/tr><tr><td><strong>Lignes de paiement<\/strong><\/td><td>10<\/td><\/tr><tr><td><strong>Jackpot maximum<\/strong><\/td><td>$50,000.00<\/td><\/tr><tr><td><strong>Pourcentage de paiement<\/strong><\/td><td>99.000<\/td><\/tr><tr><td><strong>Symbole Wild<\/strong><\/td><td>Oui<\/td><\/tr><tr><td><strong>Multiplicateur<\/strong><\/td><td>Non<\/td><\/tr><tr><td><strong>Gamme de paris<\/strong><\/td><td>0.1 - 100<\/td><\/tr><tr><td><strong>Plage de mise des pi\u00e8ces<\/strong><\/td><td>0.01 - 10<\/td><\/tr><tr><td><strong>Pi\u00e8ces par ligne<\/strong><\/td><td>1<\/td><\/tr><tr><td><strong>Progressif<\/strong><\/td><td>Non<\/td><\/tr><tr><td><strong>Max coins jackpot<\/strong><\/td><td>5000<\/td><\/tr><tr><td><strong>Pi\u00e8ces maximales<\/strong><\/td><td>10<\/td><\/tr><tr><td><strong>Symbole Scatter<\/strong><\/td><td>Non<\/td><\/tr><tr><td><strong>Tours gratuits disponibles<\/strong><\/td><td>Oui<\/td><\/tr><tr><td><strong>Jeu bonus<\/strong><\/td><td>Non<\/td><\/tr><tr><td><strong>Acheter la fonctionnalit\u00e9<\/strong><\/td><td>Non<\/td><\/tr><tr><td><strong>Th\u00e8me du jeu<\/strong><\/td><td>Grec, Mythologie<\/td><\/tr><tr><td><strong>Volatilit\u00e9<\/strong><\/td><td>Haut<\/td><\/tr><\/tbody><\/table><br \/>\n<center><a class=\"btn primary\" href=\"https:\/\/casinolion.ca\/fr\/visit\/leo-vegas\/\" target=\"_blank\" rel=\"nofollow noopener noreferrer\">Jouer \u00e0 Book of 99 pour de l'argent r\u00e9el<\/a><\/center><\/p>\n<p>Book of 99 est l'une des derni\u00e8res nouveaut\u00e9s de Relax Gaming, avec 5 rouleaux et 3 rang\u00e9es de symboles qui forment des combos gagnants sur une grille de jeu compos\u00e9e de 10 lignes de paiement. Cette machine \u00e0 sous a un RTP de 99%, que peu d'autres machines \u00e0 sous peuvent \u00e9galer.<\/p>\n<p>Book of 99 n'est pas comme la plupart des autres machines \u00e0 sous \u201cBook of\u201d. Son th\u00e8me ne s'inspire pas de la mythologie \u00e9gyptienne mais plut\u00f4t de la mythologie grecque, avec comme symboles principaux des monstres tels que les cyclopes, les lamies et les h\u00e9ros qui les bannissent.<\/p>\n<h2>Th\u00e8me et visuels<\/h2>\n<p>Book of 99 est bas\u00e9 sur la mythologie grecque antique et les exploits de h\u00e9ros courageux. Les piliers ioniques grecs constituent la structure de la grille, avec la mer, les montagnes et les arbres en toile de fond. Relax Gaming a fait du bon travail en ce qui concerne les visuels du jeu. Il s'agit d'un m\u00e9lange de dessins anim\u00e9s et d'animations simples qui signalent les combinaisons gagnantes.<\/p>\n<p>Les symboles du jeu de base sont divis\u00e9s en deux cat\u00e9gories : ceux qui rapportent le plus et ceux qui rapportent le moins. Les symboles qui rapportent le plus sont les h\u00e9ros et les monstres dont on entend parler dans les histoires d'Hercule et de ses exploits, tandis que les symboles qui rapportent le moins sont les cartes classiques, du 10 \u00e0 l'As. Bien s\u00fbr, le jeu ne s'appellerait pas Book of 99 s'il n'y avait pas le livre, qui fonctionne comme un symbole sauvage et d\u00e9clenche le tour de bonus, mais nous y reviendrons dans les paragraphes suivants.<\/p>\n<h2>RTP et paiements<\/h2>\n<p>Une autre raison pour laquelle Book of 99 porte un tel nom est le RTP de 99% qu'il propose. Ce rendement th\u00e9orique est le plus \u00e9lev\u00e9 possible, surtout pour une machine \u00e0 sous \u00e0 forte variance. Sa fr\u00e9quence de r\u00e9ussite est de 29,83%, ce qui correspond \u00e0 une r\u00e9ussite tous les trois ou quatre tours.<\/p>\n<p>Le gain maximum est de 5 000 fois la mise, gr\u00e2ce aux tours gratuits et aux symboles en expansion.<\/p>\n<p>Pour obtenir une combinaison gagnante, au moins trois symboles identiques doivent appara\u00eetre cons\u00e9cutivement, en commen\u00e7ant par le rouleau le plus \u00e0 gauche. Le symbole Wild appara\u00eet sur toute la grille et remplace tous les autres symboles, \u00e0 l'exception des symboles d'expansion lors des tours gratuits.<\/p>\n<p>L'\u00e9ventail des mises est assez flexible. La mise minimale est de $0,10, tandis que la mise maximale est de $100, ce qui r\u00e9pond aux besoins des joueurs occasionnels et des gros joueurs.<\/p>\n<h2>Comment jouer \u00e0 Book of 99<\/h2>\n<p>Faire tourner les rouleaux de Book of 99 ne prend que quelques clics ou quelques taps. Une fois le jeu charg\u00e9, il vous suffit de d\u00e9finir la valeur de votre mise. Vous pouvez le faire en cliquant sur les signes plus et moins \u00e0 c\u00f4t\u00e9 de la mise indiqu\u00e9e.<\/p>\n<p><img decoding=\"async\" class=\"aligncenter size-large wp-image-17550\" src=\"https:\/\/www.casinolion.ca\/wp-content\/uploads\/2022\/09\/book-of-99-screenshot-1024x728.jpg\" alt=\"\" width=\"1024\" height=\"728\" srcset=\"https:\/\/casinolion.ca\/wp-content\/uploads\/2022\/09\/book-of-99-screenshot-1024x728.jpg 1024w, https:\/\/casinolion.ca\/wp-content\/uploads\/2022\/09\/book-of-99-screenshot-280x199.jpg 280w, https:\/\/casinolion.ca\/wp-content\/uploads\/2022\/09\/book-of-99-screenshot-768x546.jpg 768w, https:\/\/casinolion.ca\/wp-content\/uploads\/2022\/09\/book-of-99-screenshot-1536x1093.jpg 1536w, https:\/\/casinolion.ca\/wp-content\/uploads\/2022\/09\/book-of-99-screenshot-150x107.jpg 150w, https:\/\/casinolion.ca\/wp-content\/uploads\/2022\/09\/book-of-99-screenshot-51x36.jpg 51w, https:\/\/casinolion.ca\/wp-content\/uploads\/2022\/09\/book-of-99-screenshot-127x90.jpg 127w, https:\/\/casinolion.ca\/wp-content\/uploads\/2022\/09\/book-of-99-screenshot.jpg 1718w\" sizes=\"(max-width: 1024px) 100vw, 1024px\" \/><\/p>\n<p>Vous pouvez utiliser le mode Vitesse si vous souhaitez que les rouleaux tournent plus rapidement. Il y a aussi la fonction Autoplay, qui vous permet de d\u00e9finir le nombre de tours que vous voulez que la machine effectue pour vous. Ce nombre peut \u00eatre pratiquement illimit\u00e9. Cependant, veillez \u00e0 ne pas \u00e9puiser votre bankroll trop rapidement.<\/p>\n<h2>Bonus<\/h2>\n<p>Book of 99 n'a qu'une seule fonction bonus : le jeu de tours gratuits, qui offre dix tours. Vous pouvez d\u00e9clencher la fonction bonus de deux fa\u00e7ons. L'une d'entre elles consiste \u00e0 placer trois symboles Wild ou plus sur la grille.<\/p>\n<p>Un symbole sp\u00e9cial en expansion appara\u00eet pendant les tours gratuits, choisi au hasard parmi les neuf symboles normaux. Ensuite, une fois les gains standard pay\u00e9s, si le personnage sp\u00e9cial fait partie du groupe des personnages \u00e0 hauts revenus et qu'il y en a au moins deux, ils s'\u00e9tendront pour couvrir l'ensemble des rouleaux sur lesquels ils se trouvent. Si le symbole sp\u00e9cial provient des rangs des personnages moins r\u00e9mun\u00e9rateurs, il vous en faut trois pour d\u00e9clencher l'expansion.<\/p>\n<p>L'avantage du symbole en expansion est qu'il paie sur chaque ligne, m\u00eame si les symboles ne sont pas reli\u00e9s entre eux de gauche \u00e0 droite. L'apparition de trois jokers ou plus pendant les tours gratuits vous donne droit \u00e0 dix tours suppl\u00e9mentaires.<\/p>\n<p>L'autre moyen de d\u00e9clencher les tours gratuits est la collection. Pour chaque symbole Wild qui tombe pendant le jeu de base, le compteur de collection augmente de 1. Une fois que le compteur atteint 99, les tours gratuits sont d\u00e9clench\u00e9s.<\/p>\n<p>Il est important de noter que la valeur des tours gratuits d\u00e9clench\u00e9s par l'arriv\u00e9e de trois jokers sur les rouleaux dans une combinaison gagnante sera la m\u00eame que celle du tour qui l'a d\u00e9clench\u00e9e. Les tours gratuits obtenus en remplissant le compteur de bonus rendent la situation un peu inhabituelle.<\/p>\n<p>En d'autres termes, la taille de la mise correspondra \u00e0 la taille moyenne de la mise fix\u00e9e lors de la collecte de chacun des jokers. Pour les joueurs rompus aux math\u00e9matiques, il suffit de dire que la taille de la mise sera le multiple entier de la mise minimale. L'arrondi stochastique sera utilis\u00e9 si le nombre n'est pas un entier (nombre entier).<\/p>\n<h2>Compatibilit\u00e9 mobile<\/h2>\n<p>Relax Gaming a d\u00e9velopp\u00e9 Book of 99 en utilisant la derni\u00e8re technologie HTML5 pour le rendre compatible avec tous les types d'appareils mobiles, quel que soit leur syst\u00e8me d'exploitation. Vous n'avez pas besoin de t\u00e9l\u00e9charger une application pour votre smartphone ou votre tablette pour acc\u00e9der au jeu. Vous pouvez ouvrir et jouer \u00e0 Book of 99 via n'importe quel navigateur web mobile.<\/p>\n<p>En plus d'\u00eatre optimis\u00e9 pour toutes les tailles d'\u00e9cran, le jeu est accessible en mode paysage et en mode portrait.<\/p>\n<h2>Verdict final<\/h2>\n<p>Book of 99 a red\u00e9fini le genre \u201cBook of\u201d. Il s'est \u00e9loign\u00e9 du th\u00e8me \u00e9gyptien qui pr\u00e9vaut dans la plupart des machines \u00e0 sous dont le leitmotiv est le livre. De plus, le jeu affiche un remarquable RTP de 99%, qui est le plus \u00e9lev\u00e9 possible. Le gain maximal de 5 000 fois n'est peut-\u00eatre pas suffisant pour changer une vie, mais il pla\u00eet \u00e0 un large public. La cl\u00e9 des plus gros gains dans Book of 99 r\u00e9side dans le symbole d'expansion lors des tours gratuits.<\/p>\n<p>Si vous \u00eates \u00e0 la recherche d'une machine \u00e0 sous \u00e0 forte volatilit\u00e9, dot\u00e9e d'une fantastique fonction de tours gratuits et de superbes opportunit\u00e9s de gains, ne cherchez pas plus loin que Book of 99.<\/p>","protected":false},"excerpt":{"rendered":"<p>Jouez \u00e0 Book of 99 pour de l'argent r\u00e9el Book of 99 est l'une des derni\u00e8res nouveaut\u00e9s de Relax Gaming, avec 5 rouleaux et 3 rang\u00e9es de symboles qui forment des combos gagnants sur une grille de jeu compos\u00e9e de 10 lignes de paiement. La machine \u00e0 sous a un RTP massif de 99%, que peu d'autres machines \u00e0 sous peuvent \u00e9galer. Book of 99 est [...]<\/p>","protected":false},"author":1,"featured_media":0,"parent":455,"menu_order":0,"comment_status":"closed","ping_status":"closed","template":"","meta":{"_acf_changed":false,"footnotes":""},"class_list":["post-17549","page","type-page","status-publish","hentry"],"acf":[],"yoast_head":"<!-- This site is optimized with the Yoast SEO plugin v26.1.1 - https:\/\/yoast.com\/wordpress\/plugins\/seo\/ -->\n<title>Book of 99 Slot Review - Play for Free or Real Money<\/title>\n<meta name=\"robots\" content=\"index, follow, max-snippet:-1, max-image-preview:large, max-video-preview:-1\" \/>\n<link rel=\"canonical\" href=\"https:\/\/casinolion.ca\/fr\/online-slots\/book-of-99\/\" \/>\n<meta property=\"og:locale\" content=\"fr_CA\" \/>\n<meta property=\"og:type\" content=\"article\" \/>\n<meta property=\"og:title\" content=\"Book of 99 Slot Review - Play for Free or Real Money\" \/>\n<meta property=\"og:description\" content=\"Play Book of 99 for Real Money Book of 99 is one of the latest releases by Relax Gaming, featuring 5 reels with 3 rows of symbols that form winning combos on a playing grid composed of 10 paylines. The slot has a massive 99% RTP, which few others can match. Book of 99 is [&hellip;]\" \/>\n<meta property=\"og:url\" content=\"https:\/\/casinolion.ca\/fr\/online-slots\/book-of-99\/\" \/>\n<meta property=\"article:modified_time\" content=\"2023-08-17T12:30:37+00:00\" \/>\n<meta property=\"og:image\" content=\"https:\/\/www.casinolion.ca\/wp-content\/uploads\/2022\/09\/book-of-99-screenshot-1024x728.jpg\" \/>\n<meta name=\"twitter:card\" content=\"summary_large_image\" \/>\n<meta name=\"twitter:label1\" content=\"Estimation du temps de lecture\" \/>\n\t<meta name=\"twitter:data1\" content=\"5 minutes\" \/>\n<script type=\"application\/ld+json\" class=\"yoast-schema-graph\">{\"@context\":\"https:\/\/schema.org\",\"@graph\":[{\"@type\":\"WebPage\",\"@id\":\"https:\/\/casinolion.ca\/online-slots\/book-of-99\/\",\"url\":\"https:\/\/casinolion.ca\/online-slots\/book-of-99\/\",\"name\":\"Book of 99 Slot Review - Play for Free or Real Money\",\"isPartOf\":{\"@id\":\"https:\/\/casinolion.ca\/fr\/#website\"},\"primaryImageOfPage\":{\"@id\":\"https:\/\/casinolion.ca\/online-slots\/book-of-99\/#primaryimage\"},\"image\":{\"@id\":\"https:\/\/casinolion.ca\/online-slots\/book-of-99\/#primaryimage\"},\"thumbnailUrl\":\"https:\/\/www.casinolion.ca\/wp-content\/uploads\/2022\/09\/book-of-99-screenshot-1024x728.jpg\",\"datePublished\":\"2022-09-28T06:28:25+00:00\",\"dateModified\":\"2023-08-17T12:30:37+00:00\",\"breadcrumb\":{\"@id\":\"https:\/\/casinolion.ca\/online-slots\/book-of-99\/#breadcrumb\"},\"inLanguage\":\"fr-CA\",\"potentialAction\":[{\"@type\":\"ReadAction\",\"target\":[\"https:\/\/casinolion.ca\/online-slots\/book-of-99\/\"]}]},{\"@type\":\"ImageObject\",\"inLanguage\":\"fr-CA\",\"@id\":\"https:\/\/casinolion.ca\/online-slots\/book-of-99\/#primaryimage\",\"url\":\"https:\/\/www.casinolion.ca\/wp-content\/uploads\/2022\/09\/book-of-99-screenshot-1024x728.jpg\",\"contentUrl\":\"https:\/\/www.casinolion.ca\/wp-content\/uploads\/2022\/09\/book-of-99-screenshot-1024x728.jpg\"},{\"@type\":\"BreadcrumbList\",\"@id\":\"https:\/\/casinolion.ca\/online-slots\/book-of-99\/#breadcrumb\",\"itemListElement\":[{\"@type\":\"ListItem\",\"position\":1,\"name\":\"Home\",\"item\":\"https:\/\/casinolion.ca\/\"},{\"@type\":\"ListItem\",\"position\":2,\"name\":\"Recommended Canadian Slots Sites\",\"item\":\"https:\/\/casinolion.ca\/online-slots\/\"},{\"@type\":\"ListItem\",\"position\":3,\"name\":\"Book of 99\"}]},{\"@type\":\"WebSite\",\"@id\":\"https:\/\/casinolion.ca\/fr\/#website\",\"url\":\"https:\/\/casinolion.ca\/fr\/\",\"name\":\"\",\"description\":\"\",\"potentialAction\":[{\"@type\":\"SearchAction\",\"target\":{\"@type\":\"EntryPoint\",\"urlTemplate\":\"https:\/\/casinolion.ca\/fr\/?s={search_term_string}\"},\"query-input\":{\"@type\":\"PropertyValueSpecification\",\"valueRequired\":true,\"valueName\":\"search_term_string\"}}],\"inLanguage\":\"fr-CA\"}]}<\/script>\n<!-- \/ Yoast SEO plugin. -->","yoast_head_json":{"title":"Book of 99 Slot Review - Jouer gratuitement ou avec de l'argent r\u00e9el","robots":{"index":"index","follow":"follow","max-snippet":"max-snippet:-1","max-image-preview":"max-image-preview:large","max-video-preview":"max-video-preview:-1"},"canonical":"https:\/\/casinolion.ca\/fr\/online-slots\/book-of-99\/","og_locale":"fr_CA","og_type":"article","og_title":"Book of 99 Slot Review - Play for Free or Real Money","og_description":"Play Book of 99 for Real Money Book of 99 is one of the latest releases by Relax Gaming, featuring 5 reels with 3 rows of symbols that form winning combos on a playing grid composed of 10 paylines. The slot has a massive 99% RTP, which few others can match. Book of 99 is [&hellip;]","og_url":"https:\/\/casinolion.ca\/fr\/online-slots\/book-of-99\/","article_modified_time":"2023-08-17T12:30:37+00:00","og_image":[{"url":"https:\/\/www.casinolion.ca\/wp-content\/uploads\/2022\/09\/book-of-99-screenshot-1024x728.jpg","type":"","width":"","height":""}],"twitter_card":"summary_large_image","twitter_misc":{"Estimation du temps de lecture":"5 minutes"},"schema":{"@context":"https:\/\/schema.org","@graph":[{"@type":"WebPage","@id":"https:\/\/casinolion.ca\/online-slots\/book-of-99\/","url":"https:\/\/casinolion.ca\/online-slots\/book-of-99\/","name":"Book of 99 Slot Review - Jouer gratuitement ou avec de l'argent r\u00e9el","isPartOf":{"@id":"https:\/\/casinolion.ca\/fr\/#website"},"primaryImageOfPage":{"@id":"https:\/\/casinolion.ca\/online-slots\/book-of-99\/#primaryimage"},"image":{"@id":"https:\/\/casinolion.ca\/online-slots\/book-of-99\/#primaryimage"},"thumbnailUrl":"https:\/\/www.casinolion.ca\/wp-content\/uploads\/2022\/09\/book-of-99-screenshot-1024x728.jpg","datePublished":"2022-09-28T06:28:25+00:00","dateModified":"2023-08-17T12:30:37+00:00","breadcrumb":{"@id":"https:\/\/casinolion.ca\/online-slots\/book-of-99\/#breadcrumb"},"inLanguage":"fr-CA","potentialAction":[{"@type":"ReadAction","target":["https:\/\/casinolion.ca\/online-slots\/book-of-99\/"]}]},{"@type":"ImageObject","inLanguage":"fr-CA","@id":"https:\/\/casinolion.ca\/online-slots\/book-of-99\/#primaryimage","url":"https:\/\/www.casinolion.ca\/wp-content\/uploads\/2022\/09\/book-of-99-screenshot-1024x728.jpg","contentUrl":"https:\/\/www.casinolion.ca\/wp-content\/uploads\/2022\/09\/book-of-99-screenshot-1024x728.jpg"},{"@type":"BreadcrumbList","@id":"https:\/\/casinolion.ca\/online-slots\/book-of-99\/#breadcrumb","itemListElement":[{"@type":"ListItem","position":1,"name":"Home","item":"https:\/\/casinolion.ca\/"},{"@type":"ListItem","position":2,"name":"Recommended Canadian Slots Sites","item":"https:\/\/casinolion.ca\/online-slots\/"},{"@type":"ListItem","position":3,"name":"Book of 99"}]},{"@type":"WebSite","@id":"https:\/\/casinolion.ca\/fr\/#website","url":"https:\/\/casinolion.ca\/fr\/","name":"","description":"","potentialAction":[{"@type":"SearchAction","target":{"@type":"EntryPoint","urlTemplate":"https:\/\/casinolion.ca\/fr\/?s={search_term_string}"},"query-input":{"@type":"PropertyValueSpecification","valueRequired":true,"valueName":"search_term_string"}}],"inLanguage":"fr-CA"}]}},"_links":{"self":[{"href":"https:\/\/casinolion.ca\/fr\/wp-json\/wp\/v2\/pages\/17549","targetHints":{"allow":["GET"]}}],"collection":[{"href":"https:\/\/casinolion.ca\/fr\/wp-json\/wp\/v2\/pages"}],"about":[{"href":"https:\/\/casinolion.ca\/fr\/wp-json\/wp\/v2\/types\/page"}],"author":[{"embeddable":true,"href":"https:\/\/casinolion.ca\/fr\/wp-json\/wp\/v2\/users\/1"}],"replies":[{"embeddable":true,"href":"https:\/\/casinolion.ca\/fr\/wp-json\/wp\/v2\/comments?post=17549"}],"version-history":[{"count":0,"href":"https:\/\/casinolion.ca\/fr\/wp-json\/wp\/v2\/pages\/17549\/revisions"}],"up":[{"embeddable":true,"href":"https:\/\/casinolion.ca\/fr\/wp-json\/wp\/v2\/pages\/455"}],"wp:attachment":[{"href":"https:\/\/casinolion.ca\/fr\/wp-json\/wp\/v2\/media?parent=17549"}],"curies":[{"name":"wp","href":"https:\/\/api.w.org\/{rel}","templated":true}]}}