
{"id":17746,"date":"2022-10-18T00:00:09","date_gmt":"2022-10-18T00:00:09","guid":{"rendered":"https:\/\/www.canadiancasinos.ca\/?page_id=17746"},"modified":"2024-01-03T07:52:06","modified_gmt":"2024-01-03T07:52:06","slug":"cashlib-casinos","status":"publish","type":"page","link":"https:\/\/casinolion.ca\/fr\/cashlib-casinos\/","title":{"rendered":"Casinos Cashlib"},"content":{"rendered":"<p><img decoding=\"async\" class=\"alignright size-medium wp-image-17749\" src=\"https:\/\/www.casinolion.ca\/wp-content\/uploads\/2022\/10\/cashlib-280x113.png\" alt=\"\" width=\"280\" height=\"113\" srcset=\"https:\/\/casinolion.ca\/wp-content\/uploads\/2022\/10\/cashlib-280x113.png 280w, https:\/\/casinolion.ca\/wp-content\/uploads\/2022\/10\/cashlib-768x311.png 768w, https:\/\/casinolion.ca\/wp-content\/uploads\/2022\/10\/cashlib-150x61.png 150w, https:\/\/casinolion.ca\/wp-content\/uploads\/2022\/10\/cashlib-89x36.png 89w, https:\/\/casinolion.ca\/wp-content\/uploads\/2022\/10\/cashlib-222x90.png 222w, https:\/\/casinolion.ca\/wp-content\/uploads\/2022\/10\/cashlib.png 798w\" sizes=\"(max-width: 280px) 100vw, 280px\" \/>Lorsqu'ils jouent \u00e0 des jeux de casino en ligne, les joueurs recherchent un moyen s\u00fbr, rapide et fiable de transf\u00e9rer leur argent. Comme tout le monde ne pr\u00e9f\u00e8re pas les m\u00eames m\u00e9thodes de paiement, les casinos en ligne canadiens proposent une large s\u00e9lection d'options bancaires fiables - des cartes de cr\u00e9dit\/d\u00e9bit traditionnelles aux portefeuilles \u00e9lectroniques innovants, en passant par les virements bancaires.<\/p>\n<p>Cependant, une cat\u00e9gorie est souvent n\u00e9glig\u00e9e. <a href=\"https:\/\/casinolion.ca\/fr\/prepaid-card-casinos\/\">Options de paiement pr\u00e9pay\u00e9<\/a> font depuis longtemps partie de l'industrie de l'iGaming, offrant aux joueurs du monde entier des transactions s\u00fbres et rapides. Cashlib est l'une des m\u00e9thodes de paiement pr\u00e9pay\u00e9es les plus efficaces disponibles pour les joueurs canadiens. Outre sa rapidit\u00e9, Cashlib offre une protection de premier ordre \u00e0 ses utilisateurs et ne facture pas de frais pour les transactions de casino en ligne.<\/p>\n<h2>Casinos en ligne Cashlib les mieux not\u00e9s au Canada<\/h2>\n<p>Bien qu'elle soit moins connue que d'autres m\u00e9thodes pr\u00e9pay\u00e9es telles que le <a href=\"https:\/\/casinolion.ca\/fr\/interac-casinos\/\">Interac<\/a>, Cashlib est toujours pr\u00e9sent dans de nombreux casinos en ligne de haute qualit\u00e9 qui s'adressent aux Canadiens. Cependant, tout ne tourne pas autour des paiements - un excellent casino en ligne doit offrir un ensemble complet.<\/p>\n<p>C'est l\u00e0 que notre \u00e9quipe d'experts entre en jeu. Nous avons pass\u00e9 en revue des dizaines de casinos Cashlib pour nous assurer que seuls les meilleurs parviennent \u00e0 nos lecteurs. Alors, si vous voulez vivre une aventure de casino \u00e0 la fois s\u00fbre et palpitante, consultez la liste ci-dessous et choisissez votre casino Cashlib pr\u00e9f\u00e9r\u00e9 :<\/p>\n<p><b><div class=\"flex-container column casinoTable bankingTbl\"><div class = \"flex-row other-rows status-casino-box\"><div class=\"bad-labels\"><span>ferm\u00e9<\/span><\/div><div class=\"red-box-number\">1<\/div><div class=\"medium-md large-md half-col casino-card-logo\"><a rel=\"nofollow\" class=\"\" href=\"\" target=\"_blank\" ><img decoding=\"async\" width=\"115\" height=\"115\" class=\"casinoLogo\" src=\"\/wp-content\/uploads\/ccImages\/casino\/2278\/super_seven_logo.png\" alt=\"SuperSeven Casino\" \/><\/a><\/div><div class=\"medium-lg large-md hide casino-name-wrap\">SuperSeven Casino<br\/><\/div><div class=\"small-xxl medium-md large-lg links\"><\/div><\/div><\/div><\/b><\/p>\n<h2>Qu'est-ce que Cashlib ?<\/h2>\n<p>Cashlib est une option bancaire pr\u00e9pay\u00e9e pratique utilis\u00e9e \u00e0 diverses fins, notamment pour les jeux d'argent en ligne. Actuellement, ce prestataire de services de paiement ne dessert qu'un nombre limit\u00e9 de pays : l'Allemagne, l'Espagne, la Belgique, le Royaume-Uni, le Canada et d'autres encore.<\/p>\n<p>Cashlib a \u00e9t\u00e9 fond\u00e9 en 2015 au Luxembourg. EMP CORP SA, la soci\u00e9t\u00e9 derri\u00e8re Cashlib, d\u00e9tient une licence de monnaie \u00e9lectronique de la Financial Service Authority du Royaume-Uni, ce qui en fait une option de paiement parfaitement s\u00fbre pour les joueurs de casino du monde entier. La soci\u00e9t\u00e9 a cr\u00e9\u00e9 Cashlib en r\u00e9ponse \u00e0 la fermeture d'autres m\u00e9thodes bancaires pr\u00e9pay\u00e9es qui ont cess\u00e9 de fonctionner dans certains pays.<\/p>\n<p>Ce syst\u00e8me de paiement fonctionne par l'interm\u00e9diaire d'un syst\u00e8me de bons, offrant aux utilisateurs un moyen unique et simple d'effectuer des transactions en ligne rapides et s\u00fbres. Il offre une protection suppl\u00e9mentaire en n'exigeant pas des utilisateurs qu'ils r\u00e9v\u00e8lent leur num\u00e9ro de compte bancaire ou de carte de cr\u00e9dit\/d\u00e9bit. Les d\u00e9tenteurs de bons Cashlib n'ont besoin que d'un code PIN \u00e0 16 chiffres pour effectuer des paiements en ligne rapidement et en toute s\u00e9curit\u00e9.<\/p>\n<h2>Comment d\u00e9marrer avec Cashlib<\/h2>\n<p>Si vous d\u00e9cidez d'utiliser un titre pr\u00e9pay\u00e9 Cashlib pour effectuer des transactions dans un casino en ligne, vous devez d'abord vous en procurer un. Deux possibilit\u00e9s s'offrent \u00e0 vous : l'achat en ligne ou l'achat physique. Si vous optez pour la premi\u00e8re option, vous devrez vous rendre sur le site officiel de Cashlib et trouver une liste de partenaires qui offrent aux utilisateurs la possibilit\u00e9 d'acheter un bon en ligne.<\/p>\n<p>Les personnes qui choisissent l'option terrestre peuvent se rendre chez le d\u00e9taillant le plus proche et acheter un bon. Si vous n'\u00eates pas s\u00fbr de l'emplacement du vendeur, le site Cashlib propose un localisateur de magasins. Il vous suffit de choisir votre ville, votre adresse ou votre code postal pour que le site g\u00e9n\u00e8re une carte indiquant les points de vente les plus proches.<\/p>\n<p>Quel que soit le mode d'achat du bon Cashlib, la m\u00e9thode d'utilisation reste la m\u00eame. Chaque titre est dot\u00e9 d'un code PIN unique \u00e0 16 chiffres. Vous devez conna\u00eetre ce code pour effectuer des achats ou des transactions en ligne.<\/p>\n<h2>Comment effectuer un d\u00e9p\u00f4t Cashlib<\/h2>\n<p>Si vous avez d\u00e9cid\u00e9 d'utiliser Cashlib pour vos paiements sur les casinos en ligne, vous devrez passer par plusieurs petites \u00e9tapes avant d'avoir acc\u00e8s \u00e0 des jeux passionnants et \u00e0 des bonus juteux. Voici un guide pas \u00e0 pas pour vous aider :<\/p>\n<p><strong>Choisir un casino en ligne <\/strong>- Consultez notre liste des meilleurs casinos Cashlib et choisissez celui qui vous pla\u00eet le plus. Toutes les plateformes que nous recommandons d\u00e9tiennent des licences valides, offrent des produits de jeu de haute qualit\u00e9 et cr\u00e9ent un environnement de jeu \u00e9quitable et s\u00fbr pour leurs utilisateurs. (<a href=\"https:\/\/casinolion.ca\/fr\/review\/superseven\/\">Dans l'exemple de capture d'\u00e9cran ci-dessous, nous montrons comment effectuer un d\u00e9p\u00f4t au casino SuperSeven avec CASHLib.<\/a>.)<\/p>\n<p><strong>Ouvrir un compte <\/strong>- Une fois que vous avez trouv\u00e9 le casino en ligne qui vous convient, vous devez ouvrir un compte. Il vous suffit de remplir le formulaire d'inscription avec les informations n\u00e9cessaires (nom, adresse, courriel, t\u00e9l\u00e9phone) et de cr\u00e9er un nom d'utilisateur et un mot de passe. Si n\u00e9cessaire, v\u00e9rifiez le compte.<\/p>\n<p><strong>Chargez le caissier <\/strong>- Choisissez l'option de d\u00e9p\u00f4t d'argent et s\u00e9lectionnez Cashlib comme mode de paiement pr\u00e9f\u00e9r\u00e9.<\/p>\n<p><img decoding=\"async\" class=\"alignnone wp-image-17752 size-full\" src=\"https:\/\/www.casinolion.ca\/wp-content\/uploads\/2022\/10\/screenshot-www.superseven.com-2022.10.18-10_57_02.jpg\" alt=\"\" width=\"516\" height=\"972\" srcset=\"https:\/\/casinolion.ca\/wp-content\/uploads\/2022\/10\/screenshot-www.superseven.com-2022.10.18-10_57_02.jpg 516w, https:\/\/casinolion.ca\/wp-content\/uploads\/2022\/10\/screenshot-www.superseven.com-2022.10.18-10_57_02-133x250.jpg 133w, https:\/\/casinolion.ca\/wp-content\/uploads\/2022\/10\/screenshot-www.superseven.com-2022.10.18-10_57_02-64x120.jpg 64w, https:\/\/casinolion.ca\/wp-content\/uploads\/2022\/10\/screenshot-www.superseven.com-2022.10.18-10_57_02-19x36.jpg 19w, https:\/\/casinolion.ca\/wp-content\/uploads\/2022\/10\/screenshot-www.superseven.com-2022.10.18-10_57_02-48x90.jpg 48w\" sizes=\"(max-width: 516px) 100vw, 516px\" \/><\/p>\n<p><strong>Remplir le formulaire de paiement <\/strong>- Indiquez le montant que vous souhaitez d\u00e9poser et utilisez le code PIN \u00e0 16 chiffres pour v\u00e9rifier la transaction.<\/p>\n<p><img decoding=\"async\" class=\"alignnone wp-image-17754 size-full\" src=\"https:\/\/www.casinolion.ca\/wp-content\/uploads\/2022\/10\/screenshot-api.cashlib.com-2022.10.18-10_57_56.png\" alt=\"\" width=\"788\" height=\"456\" srcset=\"https:\/\/casinolion.ca\/wp-content\/uploads\/2022\/10\/screenshot-api.cashlib.com-2022.10.18-10_57_56.png 788w, https:\/\/casinolion.ca\/wp-content\/uploads\/2022\/10\/screenshot-api.cashlib.com-2022.10.18-10_57_56-280x162.png 280w, https:\/\/casinolion.ca\/wp-content\/uploads\/2022\/10\/screenshot-api.cashlib.com-2022.10.18-10_57_56-768x444.png 768w, https:\/\/casinolion.ca\/wp-content\/uploads\/2022\/10\/screenshot-api.cashlib.com-2022.10.18-10_57_56-150x87.png 150w, https:\/\/casinolion.ca\/wp-content\/uploads\/2022\/10\/screenshot-api.cashlib.com-2022.10.18-10_57_56-62x36.png 62w, https:\/\/casinolion.ca\/wp-content\/uploads\/2022\/10\/screenshot-api.cashlib.com-2022.10.18-10_57_56-156x90.png 156w\" sizes=\"(max-width: 788px) 100vw, 788px\" \/><\/p>\n<p><strong>Terminer la transaction <\/strong>- Confirmez le paiement et attendez qu'il soit effectu\u00e9. Tous les d\u00e9p\u00f4ts Cashlib sont instantan\u00e9s, vous verrez donc imm\u00e9diatement les fonds sur le solde de votre casino.<\/p>\n<p>Le tour est jou\u00e9. Vous pouvez maintenant vous lancer dans l'aventure du jeu, toucher le bonus de bienvenue et d\u00e9couvrir tout ce que le casino a \u00e0 vous offrir.<\/p>\n<h2>Pouvez-vous utiliser Cashlib pour effectuer des retraits ?<\/h2>\n<p>Malheureusement, Cahslib ne propose actuellement que des paiements en ligne et des d\u00e9p\u00f4ts dans les casinos. Comme il s'agit d'une option de paiement \u00e0 sens unique, les retraits des casinos en ligne sont impossibles. C'est l'un des plus gros d\u00e9fauts de ce service bancaire pr\u00e9pay\u00e9.<\/p>\n<p>Par cons\u00e9quent, si vous utilisez Cashlib pour effectuer des d\u00e9p\u00f4ts dans un casino en ligne, vous devrez trouver un autre moyen de percevoir vos gains. Heureusement, les sites de jeu recommand\u00e9s sur cette page proposent une large collection d'alternatives qui prennent en charge les retraits. Ainsi, une fois que vous \u00eates pr\u00eat \u00e0 envoyer vos gains sur votre compte bancaire, il vous suffit de visiter la Caisse et de voir quels fournisseurs de paiement sont \u00e0 votre disposition.<\/p>\n<h2>Frais et limites de Cashlib<\/h2>\n<p>En plus d'offrir des d\u00e9p\u00f4ts instantan\u00e9s, Cashlib ne facture pas de frais de transaction. Comme la plupart des fournisseurs de paiements pr\u00e9pay\u00e9s, les d\u00e9p\u00f4ts dans les casinos Cashlib sont \u00e9galement exempts de frais. Cependant, il est important de noter que le bon Cashlib est valable six mois. Apr\u00e8s son expiration, vous devrez payer des frais mensuels de $3.30 s'il vous reste des fonds sur votre solde.<\/p>\n<p>En ce qui concerne les limites, le montant minimum que vous pouvez transf\u00e9rer sur le bon Cashlib est de $13 (10 \u20ac), mais le casino que vous choisissez peut imposer des limites diff\u00e9rentes. Quant au montant maximum, vous pouvez recharger le bon avec $330 (250 \u20ac). Cependant, Cashlib vous permet de combiner jusqu'\u00e0 cinq bons, pour un montant de $1 650 (1 250 \u20ac). Chaque bon a un code PIN unique et une dur\u00e9e de validit\u00e9 de six mois.<\/p>\n<h2>Avantages et inconv\u00e9nients de l'utilisation de Cashlib dans les casinos en ligne<\/h2>\n<p>Examinons les avantages et les inconv\u00e9nients de l'utilisation de Cashlib comme m\u00e9thode de paiement dans les casinos en ligne. Que vous souhaitiez commencer \u00e0 l'utiliser imm\u00e9diatement ou l'envisager comme une solution possible, le fait de conna\u00eetre les bons et les mauvais c\u00f4t\u00e9s vous aidera \u00e0 d\u00e9terminer si Cashlib est le bon choix.<\/p>\n<h3>Pour<\/h3>\n<p>Voici un aper\u00e7u des avantages de l'utilisation de Cashlib dans les casinos en ligne :<\/p>\n<ul>\n<li><strong>Vitesse <\/strong>- Le traitement instantan\u00e9 des paiements est devenu une norme dans le domaine des jeux d'argent en ligne. Cashlib suit l'\u00e9volution des temps et des normes en proposant des transactions instantan\u00e9es. Ainsi, les utilisateurs peuvent imm\u00e9diatement commencer \u00e0 jouer \u00e0 leurs jeux pr\u00e9f\u00e9r\u00e9s et profiter de tout ce que le casino offre.<\/li>\n<li><strong>S\u00e9curit\u00e9 <\/strong>- Les transactions Cashlib sont parfaitement s\u00fbres et anonymes. Les utilisateurs n'ont pas besoin d'ouvrir un compte Cashlib ou de divulguer des informations sensibles lors de l'achat d'un bon Cashlib.<\/li>\n<li><strong>Commodit\u00e9 <\/strong>- L'utilisation de Cashlib pour les d\u00e9p\u00f4ts dans les casinos en ligne est tr\u00e8s simple. Les utilisateurs n'ont qu'\u00e0 se souvenir du code PIN \u00e0 16 chiffres, et c'est parti. Il n'est pas n\u00e9cessaire de proc\u00e9der \u00e0 de longues v\u00e9rifications pour recharger votre compte de casino en ligne.<\/li>\n<li><strong>Transactions sans frais <\/strong>- Cashlib ne pr\u00e9l\u00e8ve pas de frais sur les transactions. Le seul cas o\u00f9 vous devrez payer un suppl\u00e9ment est celui o\u00f9 le bon expire et o\u00f9 votre solde est encore approvisionn\u00e9.<\/li>\n<li><strong>Disponibilit\u00e9 en ligne et hors ligne <\/strong>- Les utilisateurs peuvent choisir d'acheter les bons Cashlib en ligne ou en se rendant chez le vendeur physique le plus proche. Ainsi, m\u00eame si vous n'avez pas de revendeur agr\u00e9\u00e9 \u00e0 proximit\u00e9, vous pouvez acheter le bon par l'interm\u00e9diaire de plateformes partenaires en ligne.<\/li>\n<\/ul>\n<h3>Cons<\/h3>\n<p>Voici une liste des limitations li\u00e9es \u00e0 l'utilisation de Cashlib dans les casinos en ligne :<\/p>\n<ul>\n<li><strong>Pas de retrait <\/strong>- Le plus grand inconv\u00e9nient de Cashlib est l'impossibilit\u00e9 de retirer des fonds. Comme la plupart des options de paiement pr\u00e9pay\u00e9es, Cashlib propose des transactions \u00e0 sens unique.<\/li>\n<li><strong>Disponibilit\u00e9 limit\u00e9e <\/strong>- Cashlib n'est pas pr\u00e9sent dans de nombreux casinos en ligne en raison de restrictions nationales. Par cons\u00e9quent, un nombre limit\u00e9 de casinos en ligne op\u00e9rant au Canada offrent cette option de paiement.<\/li>\n<li><strong>Frais de maintenance <\/strong>- Les utilisateurs devront payer une redevance mensuelle \u00e0 l'expiration de la p\u00e9riode de validit\u00e9 de six mois.<\/li>\n<\/ul>\n<h2>FAQ<\/h2>\n<h3>Les joueurs canadiens peuvent-ils utiliser Cashlib pour les transactions de casino ?<\/h3>\n<p>Cashlib ne dessert actuellement qu'un nombre limit\u00e9 de pays, et le Canada est l'un d'entre eux. Par cons\u00e9quent, les joueurs peuvent acheter des bons Cashlib et les utiliser pour payer les casinos en ligne.<\/p>\n<h3>Cashlib est-il s\u00fbr ?<\/h3>\n<p>Cashlib est aussi s\u00fbr que possible. Cette option de paiement ne n\u00e9cessite pas la divulgation d'informations sensibles. Une fois que vous aurez converti vos fonds en monnaie \u00e9lectronique, vous n'aurez besoin que du code PIN \u00e0 16 chiffres pour effectuer la transaction.<\/p>\n<h3>Les d\u00e9p\u00f4ts Cashlib sont-ils rapides ?<\/h3>\n<p>Le d\u00e9p\u00f4t via Cashlib est rapide. Apr\u00e8s confirmation de la transaction, vous recevez imm\u00e9diatement les fonds sur le solde de votre casino.<\/p>\n<h3>Quel est le montant minimum que je peux d\u00e9poser en utilisant Cashlib ?<\/h3>\n<p>Les limites de d\u00e9p\u00f4t minimum varient d'un casino en ligne \u00e0 l'autre, mais dans la plupart des cas, le montant minimum que vous pouvez transf\u00e9rer est de $10. Cependant, v\u00e9rifiez cette information avant de poursuivre vos d\u00e9marches.<\/p>\n<h3>Y a-t-il des frais sur mes d\u00e9p\u00f4ts Cashlib ?<\/h3>\n<p>Non, les casinos Cashlib ne pr\u00e9l\u00e8vent pas de frais sur vos d\u00e9p\u00f4ts, et l'utilisation du produit est enti\u00e8rement gratuite. Cependant, votre solde sera soumis \u00e0 des frais de $3.30\/mois apr\u00e8s l'expiration du bon pr\u00e9pay\u00e9.<\/p>","protected":false},"excerpt":{"rendered":"<p>When playing online casino games, players look for a safe, fast, and reliable way to transfer their money. Since not everyone prefers the same payment methods, Canadian online casinos introduce a broad selection of trustworthy banking options \u2014 from traditional credit\/debit cards and bank transfers to innovative e-wallets. However, one category is often overlooked. Prepaid [&hellip;]<\/p>","protected":false},"author":1,"featured_media":17747,"parent":0,"menu_order":0,"comment_status":"closed","ping_status":"closed","template":"","meta":{"_acf_changed":false,"footnotes":""},"class_list":["post-17746","page","type-page","status-publish","has-post-thumbnail","hentry"],"acf":[],"yoast_head":"<!-- This site is optimized with the Yoast SEO plugin v26.1.1 - https:\/\/yoast.com\/wordpress\/plugins\/seo\/ -->\n<title>Best CASHLib Casinos in 2026\ud83c\udf96\ufe0f<\/title>\n<meta name=\"robots\" content=\"index, follow, max-snippet:-1, max-image-preview:large, max-video-preview:-1\" \/>\n<link rel=\"canonical\" href=\"https:\/\/casinolion.ca\/fr\/cashlib-casinos\/\" \/>\n<meta property=\"og:locale\" content=\"fr_CA\" \/>\n<meta property=\"og:type\" content=\"article\" \/>\n<meta property=\"og:title\" content=\"Best CASHLib Casinos in [year]\ud83c\udf96\ufe0f\" \/>\n<meta property=\"og:description\" content=\"When playing online casino games, players look for a safe, fast, and reliable way to transfer their money. Since not everyone prefers the same payment methods, Canadian online casinos introduce a broad selection of trustworthy banking options \u2014 from traditional credit\/debit cards and bank transfers to innovative e-wallets. However, one category is often overlooked. Prepaid [&hellip;]\" \/>\n<meta property=\"og:url\" content=\"https:\/\/casinolion.ca\/fr\/cashlib-casinos\/\" \/>\n<meta property=\"article:modified_time\" content=\"2024-01-03T07:52:06+00:00\" \/>\n<meta property=\"og:image\" content=\"https:\/\/casinolion.ca\/wp-content\/uploads\/2022\/10\/cashlib-casinos.jpg\" \/>\n\t<meta property=\"og:image:width\" content=\"1280\" \/>\n\t<meta property=\"og:image:height\" content=\"720\" \/>\n\t<meta property=\"og:image:type\" content=\"image\/jpeg\" \/>\n<meta name=\"twitter:card\" content=\"summary_large_image\" \/>\n<meta name=\"twitter:label1\" content=\"Estimation du temps de lecture\" \/>\n\t<meta name=\"twitter:data1\" content=\"7 minutes\" \/>\n<script type=\"application\/ld+json\" class=\"yoast-schema-graph\">{\"@context\":\"https:\/\/schema.org\",\"@graph\":[{\"@type\":\"WebPage\",\"@id\":\"https:\/\/casinolion.ca\/cashlib-casinos\/\",\"url\":\"https:\/\/casinolion.ca\/cashlib-casinos\/\",\"name\":\"Best CASHLib Casinos in [year]\ud83c\udf96\ufe0f\",\"isPartOf\":{\"@id\":\"https:\/\/casinolion.ca\/fr\/#website\"},\"primaryImageOfPage\":{\"@id\":\"https:\/\/casinolion.ca\/cashlib-casinos\/#primaryimage\"},\"image\":{\"@id\":\"https:\/\/casinolion.ca\/cashlib-casinos\/#primaryimage\"},\"thumbnailUrl\":\"https:\/\/casinolion.ca\/wp-content\/uploads\/2022\/10\/cashlib-casinos.jpg\",\"datePublished\":\"2022-10-18T00:00:09+00:00\",\"dateModified\":\"2024-01-03T07:52:06+00:00\",\"breadcrumb\":{\"@id\":\"https:\/\/casinolion.ca\/cashlib-casinos\/#breadcrumb\"},\"inLanguage\":\"fr-CA\",\"potentialAction\":[{\"@type\":\"ReadAction\",\"target\":[\"https:\/\/casinolion.ca\/cashlib-casinos\/\"]}]},{\"@type\":\"ImageObject\",\"inLanguage\":\"fr-CA\",\"@id\":\"https:\/\/casinolion.ca\/cashlib-casinos\/#primaryimage\",\"url\":\"https:\/\/casinolion.ca\/wp-content\/uploads\/2022\/10\/cashlib-casinos.jpg\",\"contentUrl\":\"https:\/\/casinolion.ca\/wp-content\/uploads\/2022\/10\/cashlib-casinos.jpg\",\"width\":1280,\"height\":720},{\"@type\":\"BreadcrumbList\",\"@id\":\"https:\/\/casinolion.ca\/cashlib-casinos\/#breadcrumb\",\"itemListElement\":[{\"@type\":\"ListItem\",\"position\":1,\"name\":\"Home\",\"item\":\"https:\/\/casinolion.ca\/\"},{\"@type\":\"ListItem\",\"position\":2,\"name\":\"Cashlib Casinos\"}]},{\"@type\":\"WebSite\",\"@id\":\"https:\/\/casinolion.ca\/fr\/#website\",\"url\":\"https:\/\/casinolion.ca\/fr\/\",\"name\":\"\",\"description\":\"\",\"potentialAction\":[{\"@type\":\"SearchAction\",\"target\":{\"@type\":\"EntryPoint\",\"urlTemplate\":\"https:\/\/casinolion.ca\/fr\/?s={search_term_string}\"},\"query-input\":{\"@type\":\"PropertyValueSpecification\",\"valueRequired\":true,\"valueName\":\"search_term_string\"}}],\"inLanguage\":\"fr-CA\"}]}<\/script>\n<!-- \/ Yoast SEO plugin. -->","yoast_head_json":{"title":"Les meilleurs casinos CASHLib sur 2026\ud83c\udf96\ufe0f","robots":{"index":"index","follow":"follow","max-snippet":"max-snippet:-1","max-image-preview":"max-image-preview:large","max-video-preview":"max-video-preview:-1"},"canonical":"https:\/\/casinolion.ca\/fr\/cashlib-casinos\/","og_locale":"fr_CA","og_type":"article","og_title":"Best CASHLib Casinos in [year]\ud83c\udf96\ufe0f","og_description":"When playing online casino games, players look for a safe, fast, and reliable way to transfer their money. Since not everyone prefers the same payment methods, Canadian online casinos introduce a broad selection of trustworthy banking options \u2014 from traditional credit\/debit cards and bank transfers to innovative e-wallets. However, one category is often overlooked. Prepaid [&hellip;]","og_url":"https:\/\/casinolion.ca\/fr\/cashlib-casinos\/","article_modified_time":"2024-01-03T07:52:06+00:00","og_image":[{"width":1280,"height":720,"url":"https:\/\/casinolion.ca\/wp-content\/uploads\/2022\/10\/cashlib-casinos.jpg","type":"image\/jpeg"}],"twitter_card":"summary_large_image","twitter_misc":{"Estimation du temps de lecture":"7 minutes"},"schema":{"@context":"https:\/\/schema.org","@graph":[{"@type":"WebPage","@id":"https:\/\/casinolion.ca\/cashlib-casinos\/","url":"https:\/\/casinolion.ca\/cashlib-casinos\/","name":"Meilleurs casinos CASHLib en [ann\u00e9e]\ud83c\udf96\ufe0f","isPartOf":{"@id":"https:\/\/casinolion.ca\/fr\/#website"},"primaryImageOfPage":{"@id":"https:\/\/casinolion.ca\/cashlib-casinos\/#primaryimage"},"image":{"@id":"https:\/\/casinolion.ca\/cashlib-casinos\/#primaryimage"},"thumbnailUrl":"https:\/\/casinolion.ca\/wp-content\/uploads\/2022\/10\/cashlib-casinos.jpg","datePublished":"2022-10-18T00:00:09+00:00","dateModified":"2024-01-03T07:52:06+00:00","breadcrumb":{"@id":"https:\/\/casinolion.ca\/cashlib-casinos\/#breadcrumb"},"inLanguage":"fr-CA","potentialAction":[{"@type":"ReadAction","target":["https:\/\/casinolion.ca\/cashlib-casinos\/"]}]},{"@type":"ImageObject","inLanguage":"fr-CA","@id":"https:\/\/casinolion.ca\/cashlib-casinos\/#primaryimage","url":"https:\/\/casinolion.ca\/wp-content\/uploads\/2022\/10\/cashlib-casinos.jpg","contentUrl":"https:\/\/casinolion.ca\/wp-content\/uploads\/2022\/10\/cashlib-casinos.jpg","width":1280,"height":720},{"@type":"BreadcrumbList","@id":"https:\/\/casinolion.ca\/cashlib-casinos\/#breadcrumb","itemListElement":[{"@type":"ListItem","position":1,"name":"Home","item":"https:\/\/casinolion.ca\/"},{"@type":"ListItem","position":2,"name":"Cashlib Casinos"}]},{"@type":"WebSite","@id":"https:\/\/casinolion.ca\/fr\/#website","url":"https:\/\/casinolion.ca\/fr\/","name":"","description":"","potentialAction":[{"@type":"SearchAction","target":{"@type":"EntryPoint","urlTemplate":"https:\/\/casinolion.ca\/fr\/?s={search_term_string}"},"query-input":{"@type":"PropertyValueSpecification","valueRequired":true,"valueName":"search_term_string"}}],"inLanguage":"fr-CA"}]}},"_links":{"self":[{"href":"https:\/\/casinolion.ca\/fr\/wp-json\/wp\/v2\/pages\/17746","targetHints":{"allow":["GET"]}}],"collection":[{"href":"https:\/\/casinolion.ca\/fr\/wp-json\/wp\/v2\/pages"}],"about":[{"href":"https:\/\/casinolion.ca\/fr\/wp-json\/wp\/v2\/types\/page"}],"author":[{"embeddable":true,"href":"https:\/\/casinolion.ca\/fr\/wp-json\/wp\/v2\/users\/1"}],"replies":[{"embeddable":true,"href":"https:\/\/casinolion.ca\/fr\/wp-json\/wp\/v2\/comments?post=17746"}],"version-history":[{"count":0,"href":"https:\/\/casinolion.ca\/fr\/wp-json\/wp\/v2\/pages\/17746\/revisions"}],"wp:featuredmedia":[{"embeddable":true,"href":"https:\/\/casinolion.ca\/fr\/wp-json\/wp\/v2\/media\/17747"}],"wp:attachment":[{"href":"https:\/\/casinolion.ca\/fr\/wp-json\/wp\/v2\/media?parent=17746"}],"curies":[{"name":"wp","href":"https:\/\/api.w.org\/{rel}","templated":true}]}}