
{"id":1839,"date":"2016-02-10T15:38:48","date_gmt":"2016-02-10T15:38:48","guid":{"rendered":"http:\/\/www.bestcasinoscanada.com\/?page_id=1839"},"modified":"2024-02-04T09:24:43","modified_gmt":"2024-02-04T09:24:43","slug":"toronto-casinos","status":"publish","type":"page","link":"https:\/\/casinolion.ca\/fr\/toronto-casinos\/","title":{"rendered":"Casinos de Toronto et de l'Ontario"},"content":{"rendered":"<p>La r\u00e9gion du Grand Toronto et de l'Ontario compte un certain nombre de casinos \u2018en dur\u2019 de qualit\u00e9, voir notre liste ci-dessous.<\/p>\n<div class=\"sue-panel\" data-url=\"\" data-target=\"self\" style=\"background-color:#fbfbfb;color:#625e5d;border-radius:4px;box-shadow:1px 4px 3px #797f7f;border:1px ridge #403a3a\"><div class=\"sue-panel-content su-u-trim\" style=\"padding:15px;text-align:left\"><\/p>\n<h3>Casino Rama<\/h3>\n<p><img decoding=\"async\" class=\"alignleft size-full wp-image-1854\" src=\"https:\/\/www.casinolion.ca\/wp-content\/uploads\/2016\/02\/Casino-Rama.jpg\" alt=\"Casino Rama\" width=\"120\" height=\"60\" srcset=\"https:\/\/casinolion.ca\/wp-content\/uploads\/2016\/02\/Casino-Rama.jpg 120w, https:\/\/casinolion.ca\/wp-content\/uploads\/2016\/02\/Casino-Rama-72x36.jpg 72w\" sizes=\"(max-width: 120px) 100vw, 120px\" \/>Situ\u00e9 \u00e0 l'extr\u00e9mit\u00e9 du lac Simcoe, \u00e0 2 heures au nord de Toronto, le Casino Rama offre de formidables installations de jeux et de loisirs.<\/p>\n<p>&nbsp;<\/p>\n<p><strong>Machines \u00e0 sous<\/strong>La salle des machines \u00e0 sous compte 2 500 jeux diff\u00e9rents, dont quatre machines \u00e0 jackpot progressif \/ li\u00e9 avec un jackpot de 1,5 million d'euros. <em>\u20182-10-5 Bonus Times\u2019 <\/em>qui s'\u00e9l\u00e8ve actuellement \u00e0 $40,480,000. Les machines \u00e0 sous \u00e0 th\u00e8me auxquelles vous pouvez jouer comprennent \u2018Britney Spears\u2019, \u2018Ellen\u2019 bas\u00e9e sur le talk-show, \u2018The Walking Dead\u2019 et \u2018Wonder Woman Gold\u2019<br \/>\n<strong>Jeux de table :<\/strong> Divers jeux de table, dont le craps, le High card flush, le baccarat (midi et mini), le blackjack, le Blackjack Switch, le Casino War, le Mississippi Stud, le Pai Gow Poker, la roulette, le Spanish 21, le Sic Bo et le Three Card Poker.<br \/>\n<strong>Poker :<\/strong> 12 tables de Texas Hold'em avec et sans limites<br \/>\nRestauration : 10 options de restauration diff\u00e9rentes, dont un buffet, des spectacles et un pub.<\/p>\n<p>Pour plus d'informations, voir <a href=\"https:\/\/www.casinorama.com\" target=\"_blank\" rel=\"noopener\">www.casinorama.com<\/a><br \/>\nOu consultez le site <a href=\"https:\/\/www.tripadvisor.com\/Attraction_Review-g6481135-d207446-Reviews-Casino_Rama-Rama_Ontario.html\" target=\"_blank\" rel=\"noopener\">Page Trip Advisor<br \/>\n<\/a><\/div><\/div>\n<div class=\"sue-panel\" data-url=\"\" data-target=\"self\" style=\"background-color:#fbfbfb;color:#625e5d;border-radius:4px;box-shadow:1px 4px 3px #797f7f;border:1px ridge #403a3a\"><div class=\"sue-panel-content su-u-trim\" style=\"padding:15px;text-align:left\"><\/p>\n<h3>Casino Niagra<\/h3>\n<p><img decoding=\"async\" class=\"alignleft size-full wp-image-1852\" src=\"https:\/\/www.casinolion.ca\/wp-content\/uploads\/2016\/02\/Casino-Niagra.jpg\" alt=\"Casino Niagra\" width=\"120\" height=\"70\" srcset=\"https:\/\/casinolion.ca\/wp-content\/uploads\/2016\/02\/Casino-Niagra.jpg 120w, https:\/\/casinolion.ca\/wp-content\/uploads\/2016\/02\/Casino-Niagra-62x36.jpg 62w\" sizes=\"(max-width: 120px) 100vw, 120px\" \/>Le Casino Niagra est situ\u00e9 pr\u00e8s des chutes, \u00e0 la fronti\u00e8re avec les \u00c9tats-Unis. Il appartient \u00e0 l'Ontario and Lottery Gaming Corporation et est exploit\u00e9 par un consortium de cinq soci\u00e9t\u00e9s, le Falls Management Group.<\/p>\n<p>&nbsp;<\/p>\n<p><strong>Machines \u00e0 sous<\/strong>: Plus de 1 300 machines \u00e0 sous et machines de vid\u00e9o poker r\u00e9parties sur deux \u00e9tages. Il y a 350 machines \u00e0 sous li\u00e9es et progressives, dont le \u2018Golden Pharaoh\u2019 o\u00f9 les joueurs peuvent toucher et faire tourner les rouleaux en 3D sur l'\u00e9cran.<br \/>\n<strong>Jeux de table : <\/strong>30 tables comprenant le Blackjack, le Blackjack Switch, la Roulette 21 espagnole, le poker Let it Ride, le poker \u00e0 trois cartes et le Caribbean Stud Poker.<br \/>\n<strong>Poker<\/strong>: La salle de poker dispose de 9 tables offrant des limites hautes et basses.<br \/>\n<strong>Nourriture et boissons :<\/strong> Steakhouse, caf\u00e9, buffet et bar<\/p>\n<p>Pour plus d'informations, voir <a href=\"https:\/\/www.casinoniagara.com\/\" target=\"_blank\" rel=\"noopener\">www.casinoniagara.com<\/a><br \/>\nOu consultez le site <a href=\"https:\/\/www.tripadvisor.com\/Attraction_Review-g154998-d272594-Reviews-Casino_Niagara-Niagara_Falls_Ontario.html\" target=\"_blank\" rel=\"noopener\">Page Trip Advisor<\/a><br \/>\n<\/div><\/div>\n<div class=\"sue-panel\" data-url=\"\" data-target=\"self\" style=\"background-color:#fbfbfb;color:#625e5d;border-radius:4px;box-shadow:1px 4px 3px #797f7f;border:1px ridge #403a3a\"><div class=\"sue-panel-content su-u-trim\" style=\"padding:15px;text-align:left\"><\/p>\n<h3>Casino du Grand H\u00e9ron<\/h3>\n<p><img decoding=\"async\" class=\"alignleft wp-image-1845\" src=\"https:\/\/www.casinolion.ca\/wp-content\/uploads\/2016\/02\/Great-Blue-Heron-Casino.jpg\" alt=\"Casino du Grand H\u00e9ron\" width=\"108\" height=\"90\" srcset=\"https:\/\/casinolion.ca\/wp-content\/uploads\/2016\/02\/Great-Blue-Heron-Casino.jpg 120w, https:\/\/casinolion.ca\/wp-content\/uploads\/2016\/02\/Great-Blue-Heron-Casino-43x36.jpg 43w, https:\/\/casinolion.ca\/wp-content\/uploads\/2016\/02\/Great-Blue-Heron-Casino-108x90.jpg 108w\" sizes=\"(max-width: 108px) 100vw, 108px\" \/>Le Great Blue Heron, situ\u00e9 \u00e0 Port Perry, \u00e0 une heure de Toronto, offre plus de 15 000 pieds carr\u00e9s d'activit\u00e9s de jeu. Il est g\u00e9r\u00e9 et d\u00e9tenu par les Mississaugas de la Premi\u00e8re nation de Scugog Island.<\/p>\n<p>&nbsp;<\/p>\n<p><strong><br \/>\nMachines \u00e0 sous<\/strong>: Grande gamme de jeux de machines \u00e0 sous, y compris les machines \u00e0 sous \u00e0 th\u00e8me \u2018Zuma\u2019, \u2018Big Bang Theory\u2019, \u2018Britney Spears\u2019 et les \u2018Pierrafeu\u2019.\u2019<br \/>\n<strong>Jeux de table<\/strong>60 tables proposant blackjack, bad beat blackjack, blackjack switch, poker \u00e0 quatre cartes, let it ride poker, poker \u00e0 trois cartes, Omaha poker, Mississippi stud poker, roulette<br \/>\n<strong>Nourriture et boissons : <\/strong>Buffet, Bar &amp; Grill et caf\u00e9<\/p>\n<p>Pour plus d'informations, voir <a href=\"https:\/\/www.greatblueheroncasino.com\" target=\"_blank\" rel=\"noopener\">www.greatblueheroncasino.com<\/a><br \/>\nOu consultez le site <a href=\"https:\/\/www.tripadvisor.com\/Attraction_Review-g796989-d207421-Reviews-Great_Blue_Heron_Charity_Casino-Port_Perry_Ontario.html\" target=\"_blank\" rel=\"noopener\">Page Trip Advisor<\/a><br \/>\n<\/div><\/div>\n<div class=\"sue-panel\" data-url=\"\" data-target=\"self\" style=\"background-color:#fbfbfb;color:#625e5d;border-radius:4px;box-shadow:1px 4px 3px #797f7f;border:1px ridge #403a3a\"><div class=\"sue-panel-content su-u-trim\" style=\"padding:15px;text-align:left\"><\/p>\n<h3>Casino de Fallsview<\/h3>\n<p><img decoding=\"async\" class=\"alignleft size-full wp-image-1843\" src=\"https:\/\/www.casinolion.ca\/wp-content\/uploads\/2016\/02\/Fallsview-Logo-S.jpg\" alt=\"Fallsview Casino Resort\" width=\"120\" height=\"70\" srcset=\"https:\/\/casinolion.ca\/wp-content\/uploads\/2016\/02\/Fallsview-Logo-S.jpg 120w, https:\/\/casinolion.ca\/wp-content\/uploads\/2016\/02\/Fallsview-Logo-S-62x36.jpg 62w\" sizes=\"(max-width: 120px) 100vw, 120px\" \/>Le casino Fallsview se veut plus qu'un simple casino, c'est un centre de vill\u00e9giature \u00e0 part enti\u00e8re qui accueille plus de 250 spectacles par an. Il est situ\u00e9 sur le boulevard Fallsview, pr\u00e8s des chutes du Niagra.<\/p>\n<p>&nbsp;<\/p>\n<p><strong>Machines \u00e0 sous<\/strong>: 3000 machines \u00e0 sous et pokers vid\u00e9o avec des d\u00e9nominations allant de 1c \u00e0 $100. Il existe un certain nombre de machines \u00e0 sous \u00e0 th\u00e8me, notamment \u2018Walking dead\u2019, bas\u00e9e sur la s\u00e9rie t\u00e9l\u00e9vis\u00e9e \u00e0 succ\u00e8s, qui offre un grand jackpot, \u2018Ellen DeGeneres show 12 days of giveaways\u2019, qui offre 12 tours gratuits, et la machine \u00e0 sous progressive \u2018Donjons et Dragons\u2019.\u2019<br \/>\n<strong>Jeux de table :<\/strong> 130 jeux de table, dont le baccarat, le blackjack, le craps, la roulette, le poker \u00e0 quatre cartes, le poker Let It Ride, le poker Pai Gow, le poker \u00e0 trois cartes, le Sic Bo, le Spanish 21, le Casino War, le High Card Flush...<br \/>\n<strong>Poker<\/strong>: Jouez \u00e0 l'Omaha, au Texas Hold'em, au Texas Hold'em sans limite sur des tables \u00e0 haute et basse limite.<br \/>\n<strong>Tournois : <\/strong>\u00a0\u00a0Fallsview accueille le World Poker Tour, qui offre plus de $4,5 millions d'euros de prix. Il organise \u00e9galement le tournoi de Blackjack 21 et le tournoi de machines \u00e0 sous.<br \/>\n<strong>Divertissement : <\/strong>20 restaurants diff\u00e9rents, une bo\u00eete de nuit, des bars, un spa et bien d'autres choses encore sont propos\u00e9s dans le complexe.<\/p>\n<p>Pour plus d'informations, voir <a href=\"https:\/\/www.fallsviewcasinoresort.com\" target=\"_blank\" rel=\"noopener\">www.fallsviewcasinoresort.com<\/a><br \/>\nOu consultez le site <a href=\"https:\/\/www.tripadvisor.com\/Attraction_Review-g154998-d608268-Reviews-Niagara_Fallsview_Casino-Niagara_Falls_Ontario.html\" target=\"_blank\" rel=\"noopener\">Page Trip Advisor<\/a><br \/>\n<\/div><\/div>","protected":false},"excerpt":{"rendered":"<p>La r\u00e9gion du Grand Toronto et de l'Ontario compte un certain nombre de casinos \u2018en dur\u2019 de qualit\u00e9, voir notre liste ci-dessous.<\/p>","protected":false},"author":1,"featured_media":0,"parent":0,"menu_order":178,"comment_status":"open","ping_status":"closed","template":"","meta":{"_acf_changed":false,"footnotes":""},"class_list":["post-1839","page","type-page","status-publish","hentry"],"acf":[],"yoast_head":"<!-- This site is optimized with the Yoast SEO plugin v26.1.1 - https:\/\/yoast.com\/wordpress\/plugins\/seo\/ -->\n<title>Information on local casinos in Toronto &amp; Ontario<\/title>\n<meta name=\"description\" content=\"Casinos in the greater Toronto and Ontario area. See our list or casinos all of which offer great gaming facilities.\" \/>\n<meta name=\"robots\" content=\"index, follow, max-snippet:-1, max-image-preview:large, max-video-preview:-1\" \/>\n<link rel=\"canonical\" href=\"https:\/\/casinolion.ca\/fr\/toronto-casinos\/\" \/>\n<meta property=\"og:locale\" content=\"fr_CA\" \/>\n<meta property=\"og:type\" content=\"article\" \/>\n<meta property=\"og:title\" content=\"Information on local casinos in Toronto &amp; Ontario\" \/>\n<meta property=\"og:description\" content=\"Casinos in the greater Toronto and Ontario area. See our list or casinos all of which offer great gaming facilities.\" \/>\n<meta property=\"og:url\" content=\"https:\/\/casinolion.ca\/fr\/toronto-casinos\/\" \/>\n<meta property=\"article:modified_time\" content=\"2024-02-04T09:24:43+00:00\" \/>\n<meta property=\"og:image\" content=\"https:\/\/www.casinolion.ca\/wp-content\/uploads\/2016\/02\/Casino-Rama.jpg\" \/>\n<meta name=\"twitter:card\" content=\"summary_large_image\" \/>\n<meta name=\"twitter:label1\" content=\"Estimation du temps de lecture\" \/>\n\t<meta name=\"twitter:data1\" content=\"4 minutes\" \/>\n<script type=\"application\/ld+json\" class=\"yoast-schema-graph\">{\"@context\":\"https:\/\/schema.org\",\"@graph\":[{\"@type\":\"WebPage\",\"@id\":\"https:\/\/casinolion.ca\/toronto-casinos\/\",\"url\":\"https:\/\/casinolion.ca\/toronto-casinos\/\",\"name\":\"Information on local casinos in Toronto & Ontario\",\"isPartOf\":{\"@id\":\"https:\/\/casinolion.ca\/fr\/#website\"},\"primaryImageOfPage\":{\"@id\":\"https:\/\/casinolion.ca\/toronto-casinos\/#primaryimage\"},\"image\":{\"@id\":\"https:\/\/casinolion.ca\/toronto-casinos\/#primaryimage\"},\"thumbnailUrl\":\"https:\/\/www.casinolion.ca\/wp-content\/uploads\/2016\/02\/Casino-Rama.jpg\",\"datePublished\":\"2016-02-10T15:38:48+00:00\",\"dateModified\":\"2024-02-04T09:24:43+00:00\",\"description\":\"Casinos in the greater Toronto and Ontario area. See our list or casinos all of which offer great gaming facilities.\",\"breadcrumb\":{\"@id\":\"https:\/\/casinolion.ca\/toronto-casinos\/#breadcrumb\"},\"inLanguage\":\"fr-CA\",\"potentialAction\":[{\"@type\":\"ReadAction\",\"target\":[\"https:\/\/casinolion.ca\/toronto-casinos\/\"]}]},{\"@type\":\"ImageObject\",\"inLanguage\":\"fr-CA\",\"@id\":\"https:\/\/casinolion.ca\/toronto-casinos\/#primaryimage\",\"url\":\"https:\/\/www.casinolion.ca\/wp-content\/uploads\/2016\/02\/Casino-Rama.jpg\",\"contentUrl\":\"https:\/\/www.casinolion.ca\/wp-content\/uploads\/2016\/02\/Casino-Rama.jpg\"},{\"@type\":\"BreadcrumbList\",\"@id\":\"https:\/\/casinolion.ca\/toronto-casinos\/#breadcrumb\",\"itemListElement\":[{\"@type\":\"ListItem\",\"position\":1,\"name\":\"Home\",\"item\":\"https:\/\/casinolion.ca\/\"},{\"@type\":\"ListItem\",\"position\":2,\"name\":\"Toronto and Ontario Casinos\"}]},{\"@type\":\"WebSite\",\"@id\":\"https:\/\/casinolion.ca\/fr\/#website\",\"url\":\"https:\/\/casinolion.ca\/fr\/\",\"name\":\"\",\"description\":\"\",\"potentialAction\":[{\"@type\":\"SearchAction\",\"target\":{\"@type\":\"EntryPoint\",\"urlTemplate\":\"https:\/\/casinolion.ca\/fr\/?s={search_term_string}\"},\"query-input\":{\"@type\":\"PropertyValueSpecification\",\"valueRequired\":true,\"valueName\":\"search_term_string\"}}],\"inLanguage\":\"fr-CA\"}]}<\/script>\n<!-- \/ Yoast SEO plugin. -->","yoast_head_json":{"title":"Informations sur les casinos locaux \u00e0 Toronto et en Ontario","description":"Casinos dans la r\u00e9gion du Grand Toronto et de l'Ontario. Consultez notre liste de casinos qui offrent tous d'excellentes installations de jeu.","robots":{"index":"index","follow":"follow","max-snippet":"max-snippet:-1","max-image-preview":"max-image-preview:large","max-video-preview":"max-video-preview:-1"},"canonical":"https:\/\/casinolion.ca\/fr\/toronto-casinos\/","og_locale":"fr_CA","og_type":"article","og_title":"Information on local casinos in Toronto & Ontario","og_description":"Casinos in the greater Toronto and Ontario area. See our list or casinos all of which offer great gaming facilities.","og_url":"https:\/\/casinolion.ca\/fr\/toronto-casinos\/","article_modified_time":"2024-02-04T09:24:43+00:00","og_image":[{"url":"https:\/\/www.casinolion.ca\/wp-content\/uploads\/2016\/02\/Casino-Rama.jpg","type":"","width":"","height":""}],"twitter_card":"summary_large_image","twitter_misc":{"Estimation du temps de lecture":"4 minutes"},"schema":{"@context":"https:\/\/schema.org","@graph":[{"@type":"WebPage","@id":"https:\/\/casinolion.ca\/toronto-casinos\/","url":"https:\/\/casinolion.ca\/toronto-casinos\/","name":"Informations sur les casinos locaux \u00e0 Toronto et en Ontario","isPartOf":{"@id":"https:\/\/casinolion.ca\/fr\/#website"},"primaryImageOfPage":{"@id":"https:\/\/casinolion.ca\/toronto-casinos\/#primaryimage"},"image":{"@id":"https:\/\/casinolion.ca\/toronto-casinos\/#primaryimage"},"thumbnailUrl":"https:\/\/www.casinolion.ca\/wp-content\/uploads\/2016\/02\/Casino-Rama.jpg","datePublished":"2016-02-10T15:38:48+00:00","dateModified":"2024-02-04T09:24:43+00:00","description":"Casinos dans la r\u00e9gion du Grand Toronto et de l'Ontario. Consultez notre liste de casinos qui offrent tous d'excellentes installations de jeu.","breadcrumb":{"@id":"https:\/\/casinolion.ca\/toronto-casinos\/#breadcrumb"},"inLanguage":"fr-CA","potentialAction":[{"@type":"ReadAction","target":["https:\/\/casinolion.ca\/toronto-casinos\/"]}]},{"@type":"ImageObject","inLanguage":"fr-CA","@id":"https:\/\/casinolion.ca\/toronto-casinos\/#primaryimage","url":"https:\/\/www.casinolion.ca\/wp-content\/uploads\/2016\/02\/Casino-Rama.jpg","contentUrl":"https:\/\/www.casinolion.ca\/wp-content\/uploads\/2016\/02\/Casino-Rama.jpg"},{"@type":"BreadcrumbList","@id":"https:\/\/casinolion.ca\/toronto-casinos\/#breadcrumb","itemListElement":[{"@type":"ListItem","position":1,"name":"Home","item":"https:\/\/casinolion.ca\/"},{"@type":"ListItem","position":2,"name":"Toronto and Ontario Casinos"}]},{"@type":"WebSite","@id":"https:\/\/casinolion.ca\/fr\/#website","url":"https:\/\/casinolion.ca\/fr\/","name":"","description":"","potentialAction":[{"@type":"SearchAction","target":{"@type":"EntryPoint","urlTemplate":"https:\/\/casinolion.ca\/fr\/?s={search_term_string}"},"query-input":{"@type":"PropertyValueSpecification","valueRequired":true,"valueName":"search_term_string"}}],"inLanguage":"fr-CA"}]}},"_links":{"self":[{"href":"https:\/\/casinolion.ca\/fr\/wp-json\/wp\/v2\/pages\/1839","targetHints":{"allow":["GET"]}}],"collection":[{"href":"https:\/\/casinolion.ca\/fr\/wp-json\/wp\/v2\/pages"}],"about":[{"href":"https:\/\/casinolion.ca\/fr\/wp-json\/wp\/v2\/types\/page"}],"author":[{"embeddable":true,"href":"https:\/\/casinolion.ca\/fr\/wp-json\/wp\/v2\/users\/1"}],"replies":[{"embeddable":true,"href":"https:\/\/casinolion.ca\/fr\/wp-json\/wp\/v2\/comments?post=1839"}],"version-history":[{"count":0,"href":"https:\/\/casinolion.ca\/fr\/wp-json\/wp\/v2\/pages\/1839\/revisions"}],"wp:attachment":[{"href":"https:\/\/casinolion.ca\/fr\/wp-json\/wp\/v2\/media?parent=1839"}],"curies":[{"name":"wp","href":"https:\/\/api.w.org\/{rel}","templated":true}]}}