
{"id":19239,"date":"2023-04-09T09:58:31","date_gmt":"2023-04-09T09:58:31","guid":{"rendered":"https:\/\/www.canadiancasinos.ca\/?page_id=19239"},"modified":"2023-10-06T12:31:51","modified_gmt":"2023-10-06T12:31:51","slug":"arizona-coyotes","status":"publish","type":"page","link":"https:\/\/casinolion.ca\/fr\/betting-odds\/nhl\/arizona-coyotes\/","title":{"rendered":"Coyotes de l'Arizona"},"content":{"rendered":"<p>Les Arizona Coyotes sont la seule \u00e9quipe de la NHL bas\u00e9e en Arizona. Ils \u00e9voluent dans la division centrale de la Conf\u00e9rence Ouest.<\/p>\n<p>Bien que les Coyotes soient l'une des franchises les plus \u00e9loign\u00e9es du Canada, les Canadiens parient souvent sur les matchs des Coyotes pendant la saison r\u00e9guli\u00e8re et les s\u00e9ries \u00e9liminatoires (dans les rares cas o\u00f9 l'\u00e9quipe les atteint).<\/p>\n<p>Nous sommes l\u00e0 pour vous donner les derni\u00e8res cotes de paris sur les Arizona Coyotes et vous parler des types de paris que vous pouvez placer sur eux pendant la saison 2022\/23 de la NHL.<\/p>\n<h2>Arizona Coyotes Betting Odds - Types de paris<\/h2>\n<p>Voici les types de paris les plus populaires que vous pouvez placer sur les Arizona Coyotes via les meilleurs sites de paris sportifs canadiens - des paris sur la victoire de l'\u00e9quipe \u00e0 un match individuel, en passant par les paris sur le score exact et les paris \u00e0 long terme sur la victoire des Arizona Coyotes \u00e0 la Coupe Stanley.<\/p>\n<h3>Moneyline<\/h3>\n<p>Parier sur la ligne d'argent, c'est pr\u00e9dire le vainqueur absolu d'un match. En hockey sur glace, il peut s'agir soit de la ligne d'argent standard qui prend en compte le temps r\u00e9glementaire et les prolongations, soit de la ligne d'argent de 60 minutes qui ne prend en compte que le r\u00e9sultat apr\u00e8s trois p\u00e9riodes :<\/p>\n<ul>\n<li><strong>Moneyline<\/strong>\n<ul>\n<li>Arizona Coyotes +125 (2.25)<\/li>\n<li>Louis Blues -150 (1.67)<\/li>\n<\/ul>\n<\/li>\n<li><strong>Ligne d'argent \u00e0 60 minutes<\/strong>\n<ul>\n<li>Arizona Coyotes +200 (3.00)<\/li>\n<li>Match nul +325 (4.25)<\/li>\n<li>Louis Blues +105 (2.05)<\/li>\n<\/ul>\n<\/li>\n<\/ul>\n<p>Les Arizona Coyotes sont les outsiders de ce match, mais cela signifie simplement qu'un pari correct sur leur victoire se traduira par un profit plus \u00e9lev\u00e9. Si vous misez $100 sur la victoire directe des Coyotes, vous empocherez $125. Si vous pariez sur une victoire des Coyotes au bout de 60 minutes, vous obtiendrez un profit potentiel de $200.<\/p>\n<h3>Puck Line (Point Spread)<\/h3>\n<p>La ligne de palet vous met au d\u00e9fi de deviner le r\u00e9sultat d'un match en fonction de l'\u00e9cart de buts. Les favoris se voient g\u00e9n\u00e9ralement retirer 1,5 but de leur total, tandis que les outsiders se voient attribuer 1,5 but.<\/p>\n<p>Par exemple, si les Coyotes sont outsiders dans un match donn\u00e9 et que vous pariez sur le fait qu'ils couvriront la ligne de +1,5, ils devront soit gagner le match, soit perdre par un seul but pour que votre pari soit gagnant.<\/p>\n<h3>Totaux (plus\/moins)<\/h3>\n<p>Vous pouvez parier sur le nombre total de buts marqu\u00e9s lors d'un match des Coyotes, quel que soit le vainqueur ou le score exact. La ligne des matchs de hockey se situe g\u00e9n\u00e9ralement entre 5,5 et 6,5.<\/p>\n<p>Par cons\u00e9quent, si la ligne est de 6,5, vous pouvez parier sur le fait que le nombre total de buts sera sup\u00e9rieur (7 ou plus) ou inf\u00e9rieur (6 ou moins). Toutefois, si la ligne est de 6 et que le nombre total de buts marqu\u00e9s est exactement de 6, le pari est un push et vous r\u00e9cup\u00e9rez votre mise.<\/p>\n<h3>Futures<\/h3>\n<p>Un pari \u00e0 terme est un pari \u00e0 long terme portant sur la r\u00e9ussite d'une \u00e9quipe ou d'un joueur tout au long d'une saison ou d'un tournoi. Le pari \u00e0 terme le plus populaire dans la LNH est celui du vainqueur absolu (ou de l'\u00e9quipe qui remportera la Coupe Stanley). Les Coyotes n'ont jamais remport\u00e9 une seule Coupe Stanley dans leur histoire et ne semblent pas non plus \u00eatre des pr\u00e9tendants \u00e0 l'heure actuelle, c'est pourquoi il s'agira toujours d'un pari \u00e0 long terme.<\/p>\n<p>Toutefois, vous pouvez parier sur d'autres futures, comme la participation de l'\u00e9quipe aux s\u00e9ries \u00e9liminatoires ou la victoire de sa conf\u00e9rence ou de sa division. Il existe \u00e9galement des paris \u00e0 terme sur les joueurs, comme le total des buts marqu\u00e9s par un joueur au cours de la saison r\u00e9guli\u00e8re.<\/p>\n<h3>Accessoires pour les Coyotes de l'Arizona<\/h3>\n<p>Les paris sportifs canadiens en ligne peuvent proposer de nombreux paris \u00e0 proposition (props) pour les matchs de la LNH, tels que la ligne d'argent de la premi\u00e8re p\u00e9riode, le premier buteur, le d\u00e9passement du nombre total de points ou d'aides d'un joueur individuel, le nombre total de buts pair\/impair, la question de savoir s'il y aura une prolongation, et bien plus encore.<\/p>\n<h3>Parlays<\/h3>\n<p>Un pari en rafale se compose de plusieurs paris, qui doivent tous \u00eatre gagnants pour que vous puissiez encaisser. Voici un exemple de pari en rafale sur un match des Coyotes :<\/p>\n<ul>\n<li>Victoire des Coyotes contre les Blues +125 (2.25)<\/li>\n<li>Kings pour couvrir la ligne de mise en jeu (+1.5) vs Panthers -175 (1.57)<\/li>\n<li>Islanders vs. Red Wings plus de 5.5 -110 (1.91)<\/li>\n<\/ul>\n<p><u>Cotes totales des paris<\/u>: +575 (6,75), ce qui signifie qu'un pari de $100 rapportera un profit de $575.<\/p>\n<h3>Pari en direct<\/h3>\n<p>Vous pouvez parier sur les matchs des Coyotes m\u00eame apr\u00e8s une mise au jeu, jusqu'aux derni\u00e8res secondes. Les march\u00e9s de paris en direct seront, pour la plupart, les m\u00eames que ceux d'avant-match, mais vous pouvez vous attendre \u00e0 ce que les cotes et les lignes changent plus rapidement.<\/p>\n<h2>Qui a les meilleures cotes sur les Arizona Coyotes ?<\/h2>\n<p>Vous pouvez trouver les cotes des Arizona Coyotes sur un grand nombre de sites de paris adapt\u00e9s aux Canadiens. Cependant, il n'y a pas un seul site de paris sportifs en ligne qui offre les meilleures cotes pour les Coyotes, et ce, en tout temps. Par cons\u00e9quent, aller d'une plateforme de paris \u00e0 l'autre \u00e0 la recherche des meilleures cotes pour un match ou un march\u00e9 donn\u00e9 est une strat\u00e9gie tr\u00e8s judicieuse et un moyen de maximiser vos profits sur le long terme.<\/p>\n<h2>Histoire des Arizona Coyotes<\/h2>\n<p>Les Arizona Coyotes ont vu le jour en 1972 sous le nom de Winnipeg Jets. Ils ont d'abord \u00e9volu\u00e9 dans la WHA avant de rejoindre la NHL en 1979. La franchise a d\u00e9m\u00e9nag\u00e9 en Arizona en 1996 et a chang\u00e9 de nom pour devenir les Phoenix Coyotes avant de devenir les Arizona Coyotes en 2014.<\/p>\n<p>Les Coyotes sont l'une des \u00e9quipes les moins performantes de l'histoire moderne de la NHL. Ils n'ont jamais remport\u00e9 de championnat de conf\u00e9rence, et encore moins la Coupe Stanley. Le plus grand succ\u00e8s de l'\u00e9quipe a \u00e9t\u00e9 de remporter la division Pacifique lors de la saison 2011\/12. Au cours des dix derni\u00e8res saisons, les Coyotes n'ont atteint les s\u00e9ries \u00e9liminatoires qu'une seule fois.<\/p>\n<h2>Comment trouver les cotes de paris sur les Arizona Coyotes et placer un pari<\/h2>\n<ol>\n<li>Choisissez un site canadien de premier ordre qui propose des paris sur la LNH.<\/li>\n<li>Cr\u00e9ez un compte et effectuez un d\u00e9p\u00f4t.<\/li>\n<li>Profitez du bonus de bienvenue du bookmaker pour augmenter votre bankroll de d\u00e9part.<\/li>\n<li>Naviguez dans le menu sports\/ligues et s\u00e9lectionnez NHL.<\/li>\n<li>Trouvez le prochain match des Coyotes dans la liste et cliquez sur la cote correspondante pour ajouter le pari \u00e0 votre bulletin.<\/li>\n<li>Saisissez votre mise et soumettez le pari.<\/li>\n<\/ol>\n<h2>FAQ<\/h2>\n<h3>Puis-je parier sur les Arizona Coyotes pour qu'ils gagnent la Coupe Stanley ?<\/h3>\n<p>Oui, vous pouvez parier sur les Coyotes pour qu'ils aillent jusqu'au bout et remportent la Coupe Stanley. Toutefois, compte tenu de leurs ant\u00e9c\u00e9dents et de leur effectif actuel, ce pari a tr\u00e8s peu de chances d'aboutir.<\/p>\n<h3>Quels paris puis-je faire sur les matchs des Arizona Coyotes ?<\/h3>\n<p>Vous pouvez parier sur la victoire ou la d\u00e9faite des Coyotes, sur l'\u00e9galit\u00e9 du match apr\u00e8s 60 minutes, sur le nombre de buts sup\u00e9rieur ou inf\u00e9rieur \u00e0 une certaine ligne, sur le joueur des Coyotes qui marquera un but, et bien plus encore. Les meilleurs sites de paris sportifs en ligne proposent des dizaines de paris pour chaque match de la NHL.<\/p>\n<h3>Les paris sur les Arizona Coyotes sont-ils l\u00e9gaux ?<\/h3>\n<p>La l\u00e9galit\u00e9 des paris sportifs en ligne au Canada varie d'une province \u00e0 l'autre. Dans la plupart des endroits, vous pouvez acc\u00e9der \u00e0 des sites de paris en ligne et placer un pari sur les Coyotes sans aucune r\u00e9percussion l\u00e9gale.<\/p>","protected":false},"excerpt":{"rendered":"<p>Les Arizona Coyotes sont la seule \u00e9quipe de la NHL bas\u00e9e en Arizona. Ils \u00e9voluent dans la division centrale de la conf\u00e9rence de l'Ouest. Bien qu'il s'agisse de l'une des franchises les plus \u00e9loign\u00e9es du Canada, les Canadiens parient souvent sur les matchs des Coyotes pendant la saison r\u00e9guli\u00e8re et les s\u00e9ries \u00e9liminatoires (dans les rares cas o\u00f9 l'\u00e9quipe [...]<\/p>","protected":false},"author":1,"featured_media":21068,"parent":19205,"menu_order":0,"comment_status":"closed","ping_status":"closed","template":"","meta":{"_acf_changed":false,"footnotes":""},"class_list":["post-19239","page","type-page","status-publish","has-post-thumbnail","hentry"],"acf":[],"yoast_head":"<!-- This site is optimized with the Yoast SEO plugin v26.1.1 - https:\/\/yoast.com\/wordpress\/plugins\/seo\/ -->\n<title>Arizona Coyotes Betting Odds 2023 \ud83c\udfd2<\/title>\n<meta name=\"robots\" content=\"index, follow, max-snippet:-1, max-image-preview:large, max-video-preview:-1\" \/>\n<link rel=\"canonical\" href=\"https:\/\/casinolion.ca\/fr\/betting-odds\/nhl\/arizona-coyotes\/\" \/>\n<meta property=\"og:locale\" content=\"fr_CA\" \/>\n<meta property=\"og:type\" content=\"article\" \/>\n<meta property=\"og:title\" content=\"Arizona Coyotes Betting Odds 2023 \ud83c\udfd2\" \/>\n<meta property=\"og:description\" content=\"The Arizona Coyotes are the only NHL team based in Arizona. They compete in the Central Division of the Western Conference. Even though they are one of the franchises based farthest from Canada, Canadians commonly place bets on the Coyotes games during the regular season and the playoffs (in rare instances in which the team [&hellip;]\" \/>\n<meta property=\"og:url\" content=\"https:\/\/casinolion.ca\/fr\/betting-odds\/nhl\/arizona-coyotes\/\" \/>\n<meta property=\"article:modified_time\" content=\"2023-10-06T12:31:51+00:00\" \/>\n<meta property=\"og:image\" content=\"https:\/\/casinolion.ca\/wp-content\/uploads\/2023\/10\/arizona-coyotes.png\" \/>\n\t<meta property=\"og:image:width\" content=\"2400\" \/>\n\t<meta property=\"og:image:height\" content=\"2400\" \/>\n\t<meta property=\"og:image:type\" content=\"image\/png\" \/>\n<meta name=\"twitter:card\" content=\"summary_large_image\" \/>\n<meta name=\"twitter:label1\" content=\"Estimation du temps de lecture\" \/>\n\t<meta name=\"twitter:data1\" content=\"5 minutes\" \/>\n<script type=\"application\/ld+json\" class=\"yoast-schema-graph\">{\"@context\":\"https:\/\/schema.org\",\"@graph\":[{\"@type\":\"WebPage\",\"@id\":\"https:\/\/casinolion.ca\/betting-odds\/nhl\/arizona-coyotes\/\",\"url\":\"https:\/\/casinolion.ca\/betting-odds\/nhl\/arizona-coyotes\/\",\"name\":\"Arizona Coyotes Betting Odds 2023 \ud83c\udfd2\",\"isPartOf\":{\"@id\":\"https:\/\/casinolion.ca\/fr\/#website\"},\"primaryImageOfPage\":{\"@id\":\"https:\/\/casinolion.ca\/betting-odds\/nhl\/arizona-coyotes\/#primaryimage\"},\"image\":{\"@id\":\"https:\/\/casinolion.ca\/betting-odds\/nhl\/arizona-coyotes\/#primaryimage\"},\"thumbnailUrl\":\"https:\/\/casinolion.ca\/wp-content\/uploads\/2023\/10\/arizona-coyotes.png\",\"datePublished\":\"2023-04-09T09:58:31+00:00\",\"dateModified\":\"2023-10-06T12:31:51+00:00\",\"breadcrumb\":{\"@id\":\"https:\/\/casinolion.ca\/betting-odds\/nhl\/arizona-coyotes\/#breadcrumb\"},\"inLanguage\":\"fr-CA\",\"potentialAction\":[{\"@type\":\"ReadAction\",\"target\":[\"https:\/\/casinolion.ca\/betting-odds\/nhl\/arizona-coyotes\/\"]}]},{\"@type\":\"ImageObject\",\"inLanguage\":\"fr-CA\",\"@id\":\"https:\/\/casinolion.ca\/betting-odds\/nhl\/arizona-coyotes\/#primaryimage\",\"url\":\"https:\/\/casinolion.ca\/wp-content\/uploads\/2023\/10\/arizona-coyotes.png\",\"contentUrl\":\"https:\/\/casinolion.ca\/wp-content\/uploads\/2023\/10\/arizona-coyotes.png\",\"width\":2400,\"height\":2400},{\"@type\":\"BreadcrumbList\",\"@id\":\"https:\/\/casinolion.ca\/betting-odds\/nhl\/arizona-coyotes\/#breadcrumb\",\"itemListElement\":[{\"@type\":\"ListItem\",\"position\":1,\"name\":\"Home\",\"item\":\"https:\/\/casinolion.ca\/\"},{\"@type\":\"ListItem\",\"position\":2,\"name\":\"Sports Betting Odds Comparison\",\"item\":\"https:\/\/casinolion.ca\/betting-odds\/\"},{\"@type\":\"ListItem\",\"position\":3,\"name\":\"NHL Betting Odds\",\"item\":\"https:\/\/casinolion.ca\/betting-odds\/nhl\/\"},{\"@type\":\"ListItem\",\"position\":4,\"name\":\"Arizona Coyotes\"}]},{\"@type\":\"WebSite\",\"@id\":\"https:\/\/casinolion.ca\/fr\/#website\",\"url\":\"https:\/\/casinolion.ca\/fr\/\",\"name\":\"\",\"description\":\"\",\"potentialAction\":[{\"@type\":\"SearchAction\",\"target\":{\"@type\":\"EntryPoint\",\"urlTemplate\":\"https:\/\/casinolion.ca\/fr\/?s={search_term_string}\"},\"query-input\":{\"@type\":\"PropertyValueSpecification\",\"valueRequired\":true,\"valueName\":\"search_term_string\"}}],\"inLanguage\":\"fr-CA\"}]}<\/script>\n<!-- \/ Yoast SEO plugin. -->","yoast_head_json":{"title":"Arizona Coyotes Betting Odds 2023 \ud83c\udfd2","robots":{"index":"index","follow":"follow","max-snippet":"max-snippet:-1","max-image-preview":"max-image-preview:large","max-video-preview":"max-video-preview:-1"},"canonical":"https:\/\/casinolion.ca\/fr\/betting-odds\/nhl\/arizona-coyotes\/","og_locale":"fr_CA","og_type":"article","og_title":"Arizona Coyotes Betting Odds 2023 \ud83c\udfd2","og_description":"The Arizona Coyotes are the only NHL team based in Arizona. They compete in the Central Division of the Western Conference. Even though they are one of the franchises based farthest from Canada, Canadians commonly place bets on the Coyotes games during the regular season and the playoffs (in rare instances in which the team [&hellip;]","og_url":"https:\/\/casinolion.ca\/fr\/betting-odds\/nhl\/arizona-coyotes\/","article_modified_time":"2023-10-06T12:31:51+00:00","og_image":[{"width":2400,"height":2400,"url":"https:\/\/casinolion.ca\/wp-content\/uploads\/2023\/10\/arizona-coyotes.png","type":"image\/png"}],"twitter_card":"summary_large_image","twitter_misc":{"Estimation du temps de lecture":"5 minutes"},"schema":{"@context":"https:\/\/schema.org","@graph":[{"@type":"WebPage","@id":"https:\/\/casinolion.ca\/betting-odds\/nhl\/arizona-coyotes\/","url":"https:\/\/casinolion.ca\/betting-odds\/nhl\/arizona-coyotes\/","name":"Arizona Coyotes Betting Odds 2023 \ud83c\udfd2","isPartOf":{"@id":"https:\/\/casinolion.ca\/fr\/#website"},"primaryImageOfPage":{"@id":"https:\/\/casinolion.ca\/betting-odds\/nhl\/arizona-coyotes\/#primaryimage"},"image":{"@id":"https:\/\/casinolion.ca\/betting-odds\/nhl\/arizona-coyotes\/#primaryimage"},"thumbnailUrl":"https:\/\/casinolion.ca\/wp-content\/uploads\/2023\/10\/arizona-coyotes.png","datePublished":"2023-04-09T09:58:31+00:00","dateModified":"2023-10-06T12:31:51+00:00","breadcrumb":{"@id":"https:\/\/casinolion.ca\/betting-odds\/nhl\/arizona-coyotes\/#breadcrumb"},"inLanguage":"fr-CA","potentialAction":[{"@type":"ReadAction","target":["https:\/\/casinolion.ca\/betting-odds\/nhl\/arizona-coyotes\/"]}]},{"@type":"ImageObject","inLanguage":"fr-CA","@id":"https:\/\/casinolion.ca\/betting-odds\/nhl\/arizona-coyotes\/#primaryimage","url":"https:\/\/casinolion.ca\/wp-content\/uploads\/2023\/10\/arizona-coyotes.png","contentUrl":"https:\/\/casinolion.ca\/wp-content\/uploads\/2023\/10\/arizona-coyotes.png","width":2400,"height":2400},{"@type":"BreadcrumbList","@id":"https:\/\/casinolion.ca\/betting-odds\/nhl\/arizona-coyotes\/#breadcrumb","itemListElement":[{"@type":"ListItem","position":1,"name":"Home","item":"https:\/\/casinolion.ca\/"},{"@type":"ListItem","position":2,"name":"Sports Betting Odds Comparison","item":"https:\/\/casinolion.ca\/betting-odds\/"},{"@type":"ListItem","position":3,"name":"NHL Betting Odds","item":"https:\/\/casinolion.ca\/betting-odds\/nhl\/"},{"@type":"ListItem","position":4,"name":"Arizona Coyotes"}]},{"@type":"WebSite","@id":"https:\/\/casinolion.ca\/fr\/#website","url":"https:\/\/casinolion.ca\/fr\/","name":"","description":"","potentialAction":[{"@type":"SearchAction","target":{"@type":"EntryPoint","urlTemplate":"https:\/\/casinolion.ca\/fr\/?s={search_term_string}"},"query-input":{"@type":"PropertyValueSpecification","valueRequired":true,"valueName":"search_term_string"}}],"inLanguage":"fr-CA"}]}},"_links":{"self":[{"href":"https:\/\/casinolion.ca\/fr\/wp-json\/wp\/v2\/pages\/19239","targetHints":{"allow":["GET"]}}],"collection":[{"href":"https:\/\/casinolion.ca\/fr\/wp-json\/wp\/v2\/pages"}],"about":[{"href":"https:\/\/casinolion.ca\/fr\/wp-json\/wp\/v2\/types\/page"}],"author":[{"embeddable":true,"href":"https:\/\/casinolion.ca\/fr\/wp-json\/wp\/v2\/users\/1"}],"replies":[{"embeddable":true,"href":"https:\/\/casinolion.ca\/fr\/wp-json\/wp\/v2\/comments?post=19239"}],"version-history":[{"count":0,"href":"https:\/\/casinolion.ca\/fr\/wp-json\/wp\/v2\/pages\/19239\/revisions"}],"up":[{"embeddable":true,"href":"https:\/\/casinolion.ca\/fr\/wp-json\/wp\/v2\/pages\/19205"}],"wp:featuredmedia":[{"embeddable":true,"href":"https:\/\/casinolion.ca\/fr\/wp-json\/wp\/v2\/media\/21068"}],"wp:attachment":[{"href":"https:\/\/casinolion.ca\/fr\/wp-json\/wp\/v2\/media?parent=19239"}],"curies":[{"name":"wp","href":"https:\/\/api.w.org\/{rel}","templated":true}]}}