
{"id":19247,"date":"2023-04-09T10:16:28","date_gmt":"2023-04-09T10:16:28","guid":{"rendered":"https:\/\/www.canadiancasinos.ca\/?page_id=19247"},"modified":"2023-10-06T12:37:38","modified_gmt":"2023-10-06T12:37:38","slug":"dallas-stars","status":"publish","type":"page","link":"https:\/\/casinolion.ca\/fr\/betting-odds\/nhl\/dallas-stars\/","title":{"rendered":"Stars de Dallas"},"content":{"rendered":"<p>Si vous \u00eates un fan des Dallas Stars, vous savez que l'\u00e9quipe \u00e9crase la Ligue nationale de hockey (LNH) depuis un certain temps. Avec cinq participations \u00e0 la finale de la Coupe Stanley et une victoire en championnat, les Stars sont une force avec laquelle il faut compter dans la Conf\u00e9rence Ouest de la NHL.<\/p>\n<p>En tant que fan inconditionnel, il y a de fortes chances que vous ne vous contentiez pas d'encourager les Sheriffs depuis la ligne de touche. De nombreux supporters des Stars aiment faire passer leur fandom au niveau sup\u00e9rieur en mettant leur \u00e9quipe pr\u00e9f\u00e9r\u00e9e en action.<\/p>\n<p>Les paris sportifs canadiens vous couvrent avec une couverture d\u00e9taill\u00e9e de chaque match de la LNH, ce qui vous donne de nombreuses options pour soutenir les Stars et potentiellement gagner gros.<\/p>\n<p>Ce guide vous aidera \u00e0 parier sur les Dallas Stars. De la ligne d'argent \u00e0 la ligne de palet, nous vous couvrons comme un gant de gardien de but.<\/p>\n<h2>Dallas Stars Betting Odds - Types de paris<\/h2>\n<p>La gamme de paris que vous pouvez faire sur les Dallas Stars est stup\u00e9fiante. Des march\u00e9s d'avant-match et des contrats \u00e0 terme aux paris en cours de match, il existe d'innombrables fa\u00e7ons de mettre votre argent en jeu et de soutenir les Stars dans leur qu\u00eate de gloire en NHL.<\/p>\n<h3>Moneyline<\/h3>\n<p>Si vous \u00eates novice en mati\u00e8re de paris sur les Dallas Stars ou sur la LNH en g\u00e9n\u00e9ral, le pari sur la ligne d'argent est un excellent point de d\u00e9part. Il s'agit d'un pari sur le c\u00f4t\u00e9 gagnant, avec des cotes attribu\u00e9es \u00e0 chaque \u00e9quipe refl\u00e9tant leur probabilit\u00e9 per\u00e7ue de gagner.<\/p>\n<p>Par exemple, supposons que les Dallas Stars jouent contre l'Avalanche du Colorado et que les cotes pour le match sont les suivantes :<\/p>\n<p>Dallas Stars +140<\/p>\n<p>Avalanche du Colorado -160<\/p>\n<p>Dans ce sc\u00e9nario, l'Avalanche est le favori, comme l'indique sa cote n\u00e9gative, tandis que les Stars sont les outsiders, avec une cote positive. Si vous placez un pari moneyline de $100 sur les Stars et qu'ils remportent le match, vous obtiendrez un b\u00e9n\u00e9fice de $140 (plus le remboursement de votre mise initiale).<\/p>\n<h3>Ligne de palet<\/h3>\n<p>Un pari sur la ligne du palet est l'\u00e9quivalent d'un pari sur l'\u00e9cart des points dans la NBA et la NFL. Il consiste \u00e0 parier sur la victoire d'une \u00e9quipe par une certaine marge de buts, g\u00e9n\u00e9ralement -1,5 ou +1,5.<\/p>\n<p>Par exemple, supposons que les Dallas Stars jouent contre les Nashville Predators, et que les cotes de la ligne de palet pour le match sont les suivantes :<\/p>\n<p>Dallas Stars -1.5 (+180)<\/p>\n<p>Predators de Nashville +1.5 (-200)<\/p>\n<p>Dans ce cas, les Stars sont les favoris pour gagner par au moins deux buts, comme l'indique leur ligne de palet n\u00e9gative, tandis que les Predators sont les outsiders et peuvent perdre par un but tout en couvrant l'\u00e9cart.<\/p>\n<p>Si vous avez plac\u00e9 un pari de $100 sur les Stars \u00e0 -1,5 et qu'ils ont gagn\u00e9 le match par deux buts ou plus, vous pouvez gagner $180 (plus votre mise initiale).<\/p>\n<p>Les paris sur la ligne du palet peuvent offrir des gains plus \u00e9lev\u00e9s que les paris sur la ligne mon\u00e9taire, mais comportent plus de risques.<\/p>\n<h3>Totaux (plus\/moins)<\/h3>\n<p>Un pari sur les totaux consiste \u00e0 parier sur le fait que le nombre total de buts marqu\u00e9s au cours d'un match sera sup\u00e9rieur ou inf\u00e9rieur \u00e0 un certain montant fix\u00e9 par le bookmaker.<\/p>\n<p>Par exemple, disons que les Dallas Stars jouent contre les Chicago Blackhawks et que le total du match est fix\u00e9 \u00e0 5,5 buts, avec les cotes suivantes :<\/p>\n<p>Plus de 5,5 (-120)<\/p>\n<p>Moins de 5,5 (+100)<\/p>\n<p>Dans cet exemple, si vous placez un pari total $100 sur l'over et que le score final est de 4-2 en faveur des Stars, vous gagnez votre pari puisque le nombre total de buts marqu\u00e9s est de six.<\/p>\n<p>Les paris sur les totaux peuvent \u00eatre un moyen amusant d'ajouter du piquant \u00e0 vos paris sur les Dallas Stars, car ils ne n\u00e9cessitent pas de d\u00e9signer un gagnant ou un perdant. Au lieu de cela, vous pariez simplement sur le nombre total de buts marqu\u00e9s dans le match. Il est important de se renseigner sur les capacit\u00e9s offensives et d\u00e9fensives de chaque \u00e9quipe avant de placer un pari sur les totaux.<\/p>\n<h3>Futures<\/h3>\n<p>Un pari \u00e0 terme est un type de pari qui consiste \u00e0 parier sur le r\u00e9sultat d'un \u00e9v\u00e9nement futur, comme le vainqueur d'un championnat ou d'un tournoi. Dans le cas des Dallas Stars, certains march\u00e9s \u00e0 terme populaires sur lesquels vous pouvez parier incluent la victoire de la Coupe Stanley, de la Conf\u00e9rence Ouest ou m\u00eame du championnat de division.<\/p>\n<p>Par exemple, supposons que les Stars de Dallas aient une cote de +2000 pour remporter la Coupe Stanley au cours de la prochaine saison. Si vous placez un pari \u00e0 terme de $100 sur les Stars et qu'ils gagnent effectivement la Coupe, vous r\u00e9aliserez un b\u00e9n\u00e9fice de $2000 (plus le remboursement de votre mise initiale).<\/p>\n<p>Les paris sur les contrats \u00e0 terme peuvent \u00eatre un excellent moyen d'obtenir un gain important et de prolonger le sentiment d'anticipation.<\/p>\n<h3>Accessoires Dallas Stars<\/h3>\n<p>Un pari accessoire est un type de pari qui consiste \u00e0 parier sur des \u00e9v\u00e9nements ou des r\u00e9sultats sp\u00e9cifiques au cours d'un match, comme le nombre de buts marqu\u00e9s par un joueur ou le nombre total de minutes de p\u00e9nalit\u00e9. Pour les matchs des Dallas Stars, un pari accessoire peut consister \u00e0 parier sur le nombre de buts ou de passes d\u00e9cisives qu'un joueur sp\u00e9cifique, comme Tyler Seguin ou Jamie Benn, marquera au cours d'un match ou sur le nombre total d'arr\u00eats que le gardien de but des Stars, Jake Oettinger, effectuera.<\/p>\n<h3>Pari en direct<\/h3>\n<p>Un pari NHL en direct, \u00e9galement connu sous le nom de pari in-play, est un type de pari qui vous permet de parier sur un match pendant qu'il se d\u00e9roule. Par exemple, un pari NHL en direct peut consister \u00e0 parier sur le fait que les Stars marqueront le prochain but, gagneront la p\u00e9riode ou m\u00eame remporteront le match.<\/p>\n<p>Par exemple, si les Dallas Stars sont men\u00e9s 2-1 dans la deuxi\u00e8me p\u00e9riode d'un match contre les St. Louis Blues, vous pouvez placer un pari NHL en direct sur les Stars pour qu'ils marquent le prochain but et \u00e9galisent le match. Les paris NHL en direct vous permettent de tirer parti des circonstances changeantes du match et peuvent constituer un moyen passionnant de parier sur les Dallas Stars.<\/p>\n<h3>Parlays<\/h3>\n<p>Un pari NHL parlay est un type de pari qui consiste \u00e0 parier sur plusieurs r\u00e9sultats de plusieurs matchs. Par exemple, vous pouvez parier sur la victoire des Dallas Stars contre les Chicago Blackhawks et sur la victoire des New York Rangers contre les Boston Bruins. Pour qu'un pari soit gagnant, il faut que tous les r\u00e9sultats soient positifs.<\/p>\n<h2>Quelle est la meilleure cote pour les Dallas Stars ?<\/h2>\n<p>Si vous souhaitez parier sur les Dallas Stars, il est essentiel de trouver un site de paris sportifs offrant les meilleures cotes. Il est donc recommand\u00e9 de s'inscrire sur plusieurs sites et de comparer les cotes pour s'assurer d'obtenir le meilleur rapport qualit\u00e9-prix.<\/p>\n<p>Cela peut s'av\u00e9rer payant \u00e0 long terme, car m\u00eame une l\u00e9g\u00e8re diff\u00e9rence dans les cotes peut augmenter de mani\u00e8re significative le gain potentiel. De plus, l'inscription \u00e0 plusieurs paris sportifs peut vous donner acc\u00e8s \u00e0 diff\u00e9rents types de paris, de promotions et de bonus, ce qui am\u00e9liore encore votre exp\u00e9rience de parieur. Ne vous limitez donc pas \u00e0 un seul site de paris sportifs ; faites le tour des sites et trouvez les meilleures cotes pour les Dallas Stars.<\/p>\n<h2>Histoire des Dallas Stars<\/h2>\n<p>Les Dallas Stars sont une \u00e9quipe professionnelle am\u00e9ricaine de hockey sur glace bas\u00e9e \u00e0 Dallas, au Texas. La franchise a \u00e9t\u00e9 cr\u00e9\u00e9e en 1967 sous le nom de Minnesota North Stars, avant d'\u00eatre transf\u00e9r\u00e9e \u00e0 Dallas en 1993. Depuis lors, l'\u00e9quipe fait partie int\u00e9grante de la culture sportive de la ville et jouit d'un public passionn\u00e9.<\/p>\n<p>Au fil des ans, les Dallas Stars ont connu des hauts et des bas. Ils ont particip\u00e9 cinq fois \u00e0 la finale de la Coupe Stanley, la premi\u00e8re fois en 1981. Cependant, ils n'ont remport\u00e9 le championnat qu'une seule fois, en 1999, \u00e0 l'issue d'une s\u00e9rie tr\u00e8s disput\u00e9e contre les Sabres de Buffalo.<\/p>\n<p>Lors de la saison 2021\/22, les Stars terminent \u00e0 la premi\u00e8re place de la wild-card de la Conf\u00e9rence Ouest, s'assurant ainsi une place en playoffs. Ils affrontent les Flames de Calgary au premier tour, et la s\u00e9rie s'av\u00e8re \u00eatre un v\u00e9ritable casse-t\u00eate. Apr\u00e8s s'\u00eatre \u00e9chang\u00e9 des victoires, les deux \u00e9quipes se sont retrouv\u00e9es pour un septi\u00e8me match, qui a malheureusement vu les Stars s'incliner en prolongation face aux Flames, mettant ainsi fin \u00e0 leur parcours en s\u00e9ries pour l'ann\u00e9e.<\/p>\n<p>Malgr\u00e9 ce revers, les Dallas Stars ont un bel avenir devant eux. L'\u00e9quipe dispose d'une solide \u00e9quipe de joueurs, d'une \u00e9quipe d'entra\u00eeneurs d\u00e9vou\u00e9s et d'une base de supporters fid\u00e8les. Ils restent une force comp\u00e9titive dans la NHL, et les fans peuvent s'attendre \u00e0 de nouvelles saisons passionnantes.<\/p>\n<h2>Comment trouver les cotes de paris sur les Dallas Stars et placer un pari<\/h2>\n<p>Voici comment vous pouvez miser quelques dollars sur les Dallas Stars sur le site de paris sportifs CA de votre choix :<\/p>\n<ol>\n<li>Choisissez un site de paris r\u00e9put\u00e9 qui propose des paris sur la LNH et des cotes sur les Dallas Stars.<\/li>\n<li>Ouvrez un compte et effectuez un d\u00e9p\u00f4t en profitant des \u00e9ventuels bonus de bienvenue.<\/li>\n<li>Naviguez vers le menu sport et s\u00e9lectionnez la NHL.<\/li>\n<li>Consultez la liste des matchs et cherchez le match des Dallas Stars sur lequel vous souhaitez parier.<\/li>\n<li>Parcourez les march\u00e9s disponibles et s\u00e9lectionnez le type de pari que vous souhaitez faire, comme la ligne d'argent, la ligne de palet ou les totaux.<\/li>\n<li>Cliquez ou tapez sur les cotes pour les ajouter \u00e0 votre bulletin de pari.<\/li>\n<li>Saisissez le montant de votre mise et v\u00e9rifiez les d\u00e9tails avant de soumettre le pari.<\/li>\n<\/ol>\n<h2>FAQ<\/h2>\n<h3>Comment trouver les cotes Dallas Stars ?<\/h3>\n<p>Vous pouvez trouver les cotes Dallas Stars sur diff\u00e9rents sites de paris sportifs en ligne qui proposent des march\u00e9s de paris NHL. Il est pr\u00e9f\u00e9rable de comparer les cotes de plusieurs paris sportifs afin d'obtenir la meilleure valeur pour votre pari.<\/p>\n<h3>Est-il l\u00e9gal de parier sur les Dallas Stars au Canada ?<\/h3>\n<p>Oui, les paris sportifs sont l\u00e9gaux au Canada. Vous pouvez parier sur les Dallas Stars et d'autres \u00e9quipes de la LNH.<\/p>\n<h3>De quoi dois-je tenir compte lorsque je parie sur les Dallas Stars ?<\/h3>\n<p>Lorsque vous pariez sur les Dallas Stars, il est important de prendre en compte des facteurs tels que les performances r\u00e9centes de l'\u00e9quipe, les blessures et les forces et faiblesses de l'\u00e9quipe adverse. Il est \u00e9galement important d'adopter des habitudes de jeu responsables et de ne jamais miser plus que ce que vous pouvez vous permettre de perdre.<\/p>","protected":false},"excerpt":{"rendered":"<p>Si vous \u00eates un fan des Dallas Stars, vous savez que l'\u00e9quipe \u00e9crase la Ligue nationale de hockey (LNH) depuis un certain temps. Avec cinq participations \u00e0 la finale de la Coupe Stanley et une victoire en championnat, les Stars sont une force avec laquelle il faut compter dans la Conf\u00e9rence Ouest de la NHL. Comme [...]<\/p>","protected":false},"author":1,"featured_media":21084,"parent":19205,"menu_order":0,"comment_status":"closed","ping_status":"closed","template":"","meta":{"_acf_changed":false,"footnotes":""},"class_list":["post-19247","page","type-page","status-publish","has-post-thumbnail","hentry"],"acf":[],"yoast_head":"<!-- This site is optimized with the Yoast SEO plugin v26.1.1 - https:\/\/yoast.com\/wordpress\/plugins\/seo\/ -->\n<title>Dallas Stars Betting Odds 2023 \ud83c\udfd2<\/title>\n<meta name=\"robots\" content=\"index, follow, max-snippet:-1, max-image-preview:large, max-video-preview:-1\" \/>\n<link rel=\"canonical\" href=\"https:\/\/casinolion.ca\/fr\/betting-odds\/nhl\/dallas-stars\/\" \/>\n<meta property=\"og:locale\" content=\"fr_CA\" \/>\n<meta property=\"og:type\" content=\"article\" \/>\n<meta property=\"og:title\" content=\"Dallas Stars Betting Odds 2023 \ud83c\udfd2\" \/>\n<meta property=\"og:description\" content=\"If you&#8217;re a Dallas Stars fan, then you know how the team has been crushing it in the National Hockey League (NHL) for a while now. With five appearances in the Stanley Cup finals and one championship win, the Stars are a force to be reckoned with in the Western Conference of the NHL. As [&hellip;]\" \/>\n<meta property=\"og:url\" content=\"https:\/\/casinolion.ca\/fr\/betting-odds\/nhl\/dallas-stars\/\" \/>\n<meta property=\"article:modified_time\" content=\"2023-10-06T12:37:38+00:00\" \/>\n<meta property=\"og:image\" content=\"https:\/\/casinolion.ca\/wp-content\/uploads\/2023\/10\/dallas-stars.png\" \/>\n\t<meta property=\"og:image:width\" content=\"1200\" \/>\n\t<meta property=\"og:image:height\" content=\"986\" \/>\n\t<meta property=\"og:image:type\" content=\"image\/png\" \/>\n<meta name=\"twitter:card\" content=\"summary_large_image\" \/>\n<meta name=\"twitter:label1\" content=\"Estimation du temps de lecture\" \/>\n\t<meta name=\"twitter:data1\" content=\"8 minutes\" \/>\n<script type=\"application\/ld+json\" class=\"yoast-schema-graph\">{\"@context\":\"https:\/\/schema.org\",\"@graph\":[{\"@type\":\"WebPage\",\"@id\":\"https:\/\/casinolion.ca\/betting-odds\/nhl\/dallas-stars\/\",\"url\":\"https:\/\/casinolion.ca\/betting-odds\/nhl\/dallas-stars\/\",\"name\":\"Dallas Stars Betting Odds 2023 \ud83c\udfd2\",\"isPartOf\":{\"@id\":\"https:\/\/casinolion.ca\/fr\/#website\"},\"primaryImageOfPage\":{\"@id\":\"https:\/\/casinolion.ca\/betting-odds\/nhl\/dallas-stars\/#primaryimage\"},\"image\":{\"@id\":\"https:\/\/casinolion.ca\/betting-odds\/nhl\/dallas-stars\/#primaryimage\"},\"thumbnailUrl\":\"https:\/\/casinolion.ca\/wp-content\/uploads\/2023\/10\/dallas-stars.png\",\"datePublished\":\"2023-04-09T10:16:28+00:00\",\"dateModified\":\"2023-10-06T12:37:38+00:00\",\"breadcrumb\":{\"@id\":\"https:\/\/casinolion.ca\/betting-odds\/nhl\/dallas-stars\/#breadcrumb\"},\"inLanguage\":\"fr-CA\",\"potentialAction\":[{\"@type\":\"ReadAction\",\"target\":[\"https:\/\/casinolion.ca\/betting-odds\/nhl\/dallas-stars\/\"]}]},{\"@type\":\"ImageObject\",\"inLanguage\":\"fr-CA\",\"@id\":\"https:\/\/casinolion.ca\/betting-odds\/nhl\/dallas-stars\/#primaryimage\",\"url\":\"https:\/\/casinolion.ca\/wp-content\/uploads\/2023\/10\/dallas-stars.png\",\"contentUrl\":\"https:\/\/casinolion.ca\/wp-content\/uploads\/2023\/10\/dallas-stars.png\",\"width\":1200,\"height\":986},{\"@type\":\"BreadcrumbList\",\"@id\":\"https:\/\/casinolion.ca\/betting-odds\/nhl\/dallas-stars\/#breadcrumb\",\"itemListElement\":[{\"@type\":\"ListItem\",\"position\":1,\"name\":\"Home\",\"item\":\"https:\/\/casinolion.ca\/\"},{\"@type\":\"ListItem\",\"position\":2,\"name\":\"Sports Betting Odds Comparison\",\"item\":\"https:\/\/casinolion.ca\/betting-odds\/\"},{\"@type\":\"ListItem\",\"position\":3,\"name\":\"NHL Betting Odds\",\"item\":\"https:\/\/casinolion.ca\/betting-odds\/nhl\/\"},{\"@type\":\"ListItem\",\"position\":4,\"name\":\"Dallas Stars\"}]},{\"@type\":\"WebSite\",\"@id\":\"https:\/\/casinolion.ca\/fr\/#website\",\"url\":\"https:\/\/casinolion.ca\/fr\/\",\"name\":\"\",\"description\":\"\",\"potentialAction\":[{\"@type\":\"SearchAction\",\"target\":{\"@type\":\"EntryPoint\",\"urlTemplate\":\"https:\/\/casinolion.ca\/fr\/?s={search_term_string}\"},\"query-input\":{\"@type\":\"PropertyValueSpecification\",\"valueRequired\":true,\"valueName\":\"search_term_string\"}}],\"inLanguage\":\"fr-CA\"}]}<\/script>\n<!-- \/ Yoast SEO plugin. -->","yoast_head_json":{"title":"Dallas Stars Betting Odds 2023 \ud83c\udfd2","robots":{"index":"index","follow":"follow","max-snippet":"max-snippet:-1","max-image-preview":"max-image-preview:large","max-video-preview":"max-video-preview:-1"},"canonical":"https:\/\/casinolion.ca\/fr\/betting-odds\/nhl\/dallas-stars\/","og_locale":"fr_CA","og_type":"article","og_title":"Dallas Stars Betting Odds 2023 \ud83c\udfd2","og_description":"If you&#8217;re a Dallas Stars fan, then you know how the team has been crushing it in the National Hockey League (NHL) for a while now. With five appearances in the Stanley Cup finals and one championship win, the Stars are a force to be reckoned with in the Western Conference of the NHL. As [&hellip;]","og_url":"https:\/\/casinolion.ca\/fr\/betting-odds\/nhl\/dallas-stars\/","article_modified_time":"2023-10-06T12:37:38+00:00","og_image":[{"width":1200,"height":986,"url":"https:\/\/casinolion.ca\/wp-content\/uploads\/2023\/10\/dallas-stars.png","type":"image\/png"}],"twitter_card":"summary_large_image","twitter_misc":{"Estimation du temps de lecture":"8 minutes"},"schema":{"@context":"https:\/\/schema.org","@graph":[{"@type":"WebPage","@id":"https:\/\/casinolion.ca\/betting-odds\/nhl\/dallas-stars\/","url":"https:\/\/casinolion.ca\/betting-odds\/nhl\/dallas-stars\/","name":"Dallas Stars Betting Odds 2023 \ud83c\udfd2","isPartOf":{"@id":"https:\/\/casinolion.ca\/fr\/#website"},"primaryImageOfPage":{"@id":"https:\/\/casinolion.ca\/betting-odds\/nhl\/dallas-stars\/#primaryimage"},"image":{"@id":"https:\/\/casinolion.ca\/betting-odds\/nhl\/dallas-stars\/#primaryimage"},"thumbnailUrl":"https:\/\/casinolion.ca\/wp-content\/uploads\/2023\/10\/dallas-stars.png","datePublished":"2023-04-09T10:16:28+00:00","dateModified":"2023-10-06T12:37:38+00:00","breadcrumb":{"@id":"https:\/\/casinolion.ca\/betting-odds\/nhl\/dallas-stars\/#breadcrumb"},"inLanguage":"fr-CA","potentialAction":[{"@type":"ReadAction","target":["https:\/\/casinolion.ca\/betting-odds\/nhl\/dallas-stars\/"]}]},{"@type":"ImageObject","inLanguage":"fr-CA","@id":"https:\/\/casinolion.ca\/betting-odds\/nhl\/dallas-stars\/#primaryimage","url":"https:\/\/casinolion.ca\/wp-content\/uploads\/2023\/10\/dallas-stars.png","contentUrl":"https:\/\/casinolion.ca\/wp-content\/uploads\/2023\/10\/dallas-stars.png","width":1200,"height":986},{"@type":"BreadcrumbList","@id":"https:\/\/casinolion.ca\/betting-odds\/nhl\/dallas-stars\/#breadcrumb","itemListElement":[{"@type":"ListItem","position":1,"name":"Home","item":"https:\/\/casinolion.ca\/"},{"@type":"ListItem","position":2,"name":"Sports Betting Odds Comparison","item":"https:\/\/casinolion.ca\/betting-odds\/"},{"@type":"ListItem","position":3,"name":"NHL Betting Odds","item":"https:\/\/casinolion.ca\/betting-odds\/nhl\/"},{"@type":"ListItem","position":4,"name":"Dallas Stars"}]},{"@type":"WebSite","@id":"https:\/\/casinolion.ca\/fr\/#website","url":"https:\/\/casinolion.ca\/fr\/","name":"","description":"","potentialAction":[{"@type":"SearchAction","target":{"@type":"EntryPoint","urlTemplate":"https:\/\/casinolion.ca\/fr\/?s={search_term_string}"},"query-input":{"@type":"PropertyValueSpecification","valueRequired":true,"valueName":"search_term_string"}}],"inLanguage":"fr-CA"}]}},"_links":{"self":[{"href":"https:\/\/casinolion.ca\/fr\/wp-json\/wp\/v2\/pages\/19247","targetHints":{"allow":["GET"]}}],"collection":[{"href":"https:\/\/casinolion.ca\/fr\/wp-json\/wp\/v2\/pages"}],"about":[{"href":"https:\/\/casinolion.ca\/fr\/wp-json\/wp\/v2\/types\/page"}],"author":[{"embeddable":true,"href":"https:\/\/casinolion.ca\/fr\/wp-json\/wp\/v2\/users\/1"}],"replies":[{"embeddable":true,"href":"https:\/\/casinolion.ca\/fr\/wp-json\/wp\/v2\/comments?post=19247"}],"version-history":[{"count":0,"href":"https:\/\/casinolion.ca\/fr\/wp-json\/wp\/v2\/pages\/19247\/revisions"}],"up":[{"embeddable":true,"href":"https:\/\/casinolion.ca\/fr\/wp-json\/wp\/v2\/pages\/19205"}],"wp:featuredmedia":[{"embeddable":true,"href":"https:\/\/casinolion.ca\/fr\/wp-json\/wp\/v2\/media\/21084"}],"wp:attachment":[{"href":"https:\/\/casinolion.ca\/fr\/wp-json\/wp\/v2\/media?parent=19247"}],"curies":[{"name":"wp","href":"https:\/\/api.w.org\/{rel}","templated":true}]}}