
{"id":19968,"date":"2023-07-11T07:44:43","date_gmt":"2023-07-11T07:44:43","guid":{"rendered":"https:\/\/www.canadiancasinos.ca\/?page_id=19968"},"modified":"2024-01-03T08:02:36","modified_gmt":"2024-01-03T08:02:36","slug":"anden-online-n-v-casinos","status":"publish","type":"page","link":"https:\/\/casinolion.ca\/fr\/anden-online-n-v-casinos\/","title":{"rendered":"Casinos Anden Online N.V."},"content":{"rendered":"<p>Anden Online N.V. n'est pas tr\u00e8s connue dans les cercles de jeux en ligne, puisqu'elle ne compte que trois sites de casino \u00e0 son nom. Son histoire a commenc\u00e9 au d\u00e9but des ann\u00e9es 2000, alors que les jeux virtuels en \u00e9taient encore \u00e0 leur phase de d\u00e9veloppement. En 2000, la soci\u00e9t\u00e9 a lanc\u00e9 sa marque phare, Casino Extreme, tandis que les deux autres sites - Casino Adrenaline et Brango Casino - sont apparus plus tard.<\/p>\n<p>Bien qu'elle soit pr\u00e9sente sur la sc\u00e8ne du jeu en ligne depuis plus de 20 ans, Anden Online N.V. op\u00e8re sous le sceau du secret. La soci\u00e9t\u00e9 n'a pas de site web officiel et il n'existe aucune information pr\u00e9cise \u00e0 son sujet sur le web.<\/p>\n<h2>Casinos Anden Online N.V. recommand\u00e9s au Canada<\/h2>\n<div class=\"flex-container column casinoTable bankingTbl\"><\/div>\n<p>Anden Online N.V. est une petite soci\u00e9t\u00e9 qui g\u00e8re actuellement une offre limit\u00e9e de casinos en ligne, c'est pourquoi nous avons v\u00e9rifi\u00e9 ces trois casinos et r\u00e9dig\u00e9 de br\u00e8ves critiques.<\/p>\n<h3>Casino Extreme<\/h3>\n<p>Casino Extreme est le site le plus populaire d\u00e9tenu et exploit\u00e9 par Anden Online N.V. Il est sur le march\u00e9 depuis 2000, et bien qu'il n'ait pas modernis\u00e9 son design, le casino a trouv\u00e9 d'autres moyens d'attirer les joueurs.<\/p>\n<p>L'un des avantages de ce jeu est qu'il offre 50 tours gratuits aux joueurs sous forme de bonus sans d\u00e9p\u00f4t lors de l'inscription. Une fois les tours pass\u00e9s, les joueurs peuvent r\u00e9clamer le bonus de d\u00e9p\u00f4t de bienvenue et plusieurs autres promotions quotidiennes. Notez que toutes les offres de ce casino sont accompagn\u00e9es de codes promotionnels n\u00e9cessaires \u00e0 l'activation des bonus.<\/p>\n<p>Cependant, les r\u00e9compenses les plus impressionnantes que vous pouvez obtenir au Casino Extreme proviennent de diff\u00e9rents tournois de jeux. En plus des r\u00e9compenses en esp\u00e8ces classiques provenant de la cagnotte de $150 000, une personne par jour est r\u00e9compens\u00e9e par le dernier iPhone, tandis que le gagnant du tournoi re\u00e7oit le grand prix - une voiture Tesla.<\/p>\n<p>Le casino d\u00e9tient une licence de Cura\u00e7ao et poss\u00e8de plus de vingt ans d'exp\u00e9rience dans le secteur. Cependant, le nombre et la vari\u00e9t\u00e9 des jeux pourraient \u00eatre meilleurs, car l'op\u00e9rateur propose principalement des titres de Real Time Gaming. Vous ne trouverez pas de jeux avec croupier en direct sur Casino Extreme, mais vous pourrez jouer aux machines \u00e0 sous, aux jackpots, aux jeux de table, au vid\u00e9o poker et au keno.<\/p>\n<p>M\u00eame s'il ne dispose pas d'une biblioth\u00e8que de jeux impressionnante, le site poss\u00e8de plusieurs sceaux d'approbation de diff\u00e9rentes marques de l'industrie. Il est \u00e9galement fier de ses d\u00e9p\u00f4ts et retraits instantan\u00e9s, que vous pouvez effectuer \u00e0 l'aide de diff\u00e9rentes devises fiduciaires ou cryptographiques.<\/p>\n<h3>Casino Adrenaline<\/h3>\n<p>Casino Adrenaline existe depuis 2012 et dispose d'une biblioth\u00e8que de jeux de taille moyenne, travaillant avec plus de 15 fournisseurs de logiciels, tels que NetEnt, Betsoft, BGaming et quelques autres. Vous pouvez \u00e9galement filtrer le lobby par d\u00e9veloppeur de jeux si vous pr\u00e9f\u00e9rez les titres de l'un d'entre eux en particulier.<\/p>\n<p>L'op\u00e9rateur propose de nombreuses machines \u00e0 sous et jackpots, ainsi que des dizaines de jeux de table. Il dispose \u00e9galement d'une section de croupiers en direct comprenant environ 70 titres propuls\u00e9s par Ezugi et Quickfire. Les utilisateurs de crypto-monnaies peuvent essayer certains des jeux BTC disponibles, list\u00e9s dans un onglet s\u00e9par\u00e9, et tous les jeux, \u00e0 l'exception de ceux du casino en direct, peuvent \u00eatre test\u00e9s en mode d\u00e9mo.<\/p>\n<p>Les nouveaux joueurs recevront 50 tours gratuits lorsqu'ils rejoindront Casino Adrenaline et auront la possibilit\u00e9 de r\u00e9clamer le bonus de bienvenue sur leurs quatre premiers d\u00e9p\u00f4ts. D'autres offres sp\u00e9ciales s'adressent aux utilisateurs enregistr\u00e9s et comprennent des offres mensuelles, hebdomadaires et quotidiennes, ainsi que diff\u00e9rents tournois. Ceux qui pr\u00e9voient de rester plus longtemps au Casino Adrenaline peuvent profiter du programme VIP \u00e0 7 niveaux du site et obtenir de meilleures conditions concernant le retrait maximum et un bonus de cashback hebdomadaire plus important.<\/p>\n<p>Le casino affirme qu'il traite tous les d\u00e9p\u00f4ts et retraits instantan\u00e9ment et qu'il ne facture aucun frais pour ces transactions. Il est particuli\u00e8rement populaire parmi les utilisateurs de crypto-monnaies, mais pas parmi les joueurs r\u00e9cr\u00e9atifs, car le retrait minimum est \u00e9gal \u00e0 $50 ou \u00e0 sa valeur en crypto-monnaies.<\/p>\n<h3>Brango Casino<\/h3>\n<p>Brango Casino a apparemment \u00e9t\u00e9 cr\u00e9\u00e9 sur le mod\u00e8le de Casino Extreme, car les deux sites se ressemblent \u00e0 bien des \u00e9gards. Pour commencer, Brango Casino offre \u00e9galement une voiture Tesla comme grand prix de tournoi, ainsi que des iPhones quotidiens et des r\u00e9compenses en esp\u00e8ces r\u00e9guli\u00e8res.<\/p>\n<p>Lorsque vous vous inscrivez, vous gagnez 30 jetons gratuits et vous b\u00e9n\u00e9ficiez de plusieurs promotions qui sont d\u00e9bloqu\u00e9es lors de votre premier d\u00e9p\u00f4t. L'une d'entre elles est un bonus sans r\u00e8gles de 200% qui n'a qu'un rollover de 1x et aucun plafond de retrait. Certaines offres ciblent uniquement les d\u00e9posants de crypto-monnaie, comme le bonus LTC de 31%.<\/p>\n<p>Comme les autres casinos d'Anden Online N.V., Brango autorise les d\u00e9p\u00f4ts avec Bitcoin, Litecoin, BitcoinCash, Ethereum et Dogecoin. Malheureusement, la liste des m\u00e9thodes de paiement disponibles est plus courte pour les retraits, mais quel que soit votre choix, votre retrait sera trait\u00e9 instantan\u00e9ment.<\/p>\n<p>Brango Casino ne propose pas de jeux avec croupier en direct, et les jeux RNG sont limit\u00e9s en nombre et en vari\u00e9t\u00e9. Outre les machines \u00e0 sous et les jeux de table, vous pouvez \u00e9galement jouer au vid\u00e9o poker et \u00e0 quelques titres sp\u00e9cialis\u00e9s ou tenter votre chance aux jackpots progressifs tels que Aztec's Millions ou Megasaur.<\/p>\n<h2>Anden Online N.V. Jeux de casino et fournisseurs de logiciels<\/h2>\n<p>Anden Online N.V. s'est d'abord associ\u00e9 \u00e0 RTG et a aliment\u00e9 ses deux premiers casinos avec des titres de ce fournisseur de logiciels populaire. Ces sites disposent de biblioth\u00e8ques de jeux plut\u00f4t restreintes, comprenant des machines \u00e0 sous, des jeux de table, du vid\u00e9o poker, des jeux sp\u00e9cialis\u00e9s et plusieurs titres de jackpot progressif. Ni Casino Extreme ni Brango Casino ne proposent de jeux avec croupier en direct.<\/p>\n<p>L'offre s'am\u00e9liore avec Casino Adrenaline, car Anden Online N.V. a lanc\u00e9 cette plateforme plus de dix ans apr\u00e8s l'apparition de son premier site. Vous trouverez ici plus de 15 fournisseurs de logiciels, tels que NetEnt, Ezugi, Betsoft, Endorfina, Spinomenal et une douzaine d'autres. Par cons\u00e9quent, la biblioth\u00e8que de jeux du site est plus importante que celle des deux autres casinos Anden Online N.V., et il dispose \u00e9galement d'une section de croupiers en direct avec de nombreux titres.<\/p>\n<h2>Anden Online N.V. Avantages et inconv\u00e9nients<\/h2>\n<p>Examinons les avantages et les inconv\u00e9nients li\u00e9s \u00e0 Anden Online N.V. :<\/p>\n<p><strong>Pour :<\/strong><\/p>\n<ul>\n<li>Leurs casinos sont titulaires d'une licence de Cura\u00e7ao et ont re\u00e7u le sceau d'approbation de plusieurs grandes marques d'iGaming.<\/li>\n<li>Chacune des trois plateformes d'Anden Online N.V. offre un bonus sans d\u00e9p\u00f4t aux joueurs qui s'inscrivent.<\/li>\n<li>Les trois sites proposent une s\u00e9lection d\u00e9cente d'offres de bienvenue et de bonus pour les utilisateurs enregistr\u00e9s.<\/li>\n<li>La soci\u00e9t\u00e9 est fi\u00e8re de ses d\u00e9p\u00f4ts et, plus important encore, de ses retraits instantan\u00e9s.<\/li>\n<li>Les joueurs peuvent gagner des prix importants en participant \u00e0 des tournois de jeux dans deux casinos en ligne d'Anden Online N.V.<\/li>\n<\/ul>\n<p><strong>Cons :<\/strong><\/p>\n<ul>\n<li>Il est pratiquement impossible de trouver des informations fiables sur l'entreprise.<\/li>\n<li>Sa licence \u00e0 Cura\u00e7ao est consid\u00e9r\u00e9e comme peu fiable par certains joueurs en ligne.<\/li>\n<\/ul>\n<h2>Anden Online N.V. Aper\u00e7u<\/h2>\n<p><strong>Ann\u00e9e de cr\u00e9ation<\/strong>: 2000<\/p>\n<p><strong>Salari\u00e9s<\/strong>: 51 &#8211; 200<\/p>\n<p><strong>Licences<\/strong>: Cura\u00e7ao<\/p>","protected":false},"excerpt":{"rendered":"<p>Anden Online N.V. n'est pas tr\u00e8s connue dans les cercles de jeux en ligne, puisqu'elle ne compte que trois sites de casino \u00e0 son nom. Son histoire a commenc\u00e9 au d\u00e9but des ann\u00e9es 2000, alors que les jeux virtuels en \u00e9taient encore \u00e0 leur phase de d\u00e9veloppement. En 2000, la soci\u00e9t\u00e9 a lanc\u00e9 sa marque phare, Casino Extreme, tandis que les deux autres sites - Casino Adrenaline [...]<\/p>","protected":false},"author":1,"featured_media":0,"parent":0,"menu_order":0,"comment_status":"closed","ping_status":"closed","template":"","meta":{"_acf_changed":false,"footnotes":""},"class_list":["post-19968","page","type-page","status-publish","hentry"],"acf":[],"yoast_head":"<!-- This site is optimized with the Yoast SEO plugin v26.1.1 - https:\/\/yoast.com\/wordpress\/plugins\/seo\/ -->\n<title>Best Anden Online N.V. Casinos in 2026<\/title>\n<meta name=\"robots\" content=\"index, follow, max-snippet:-1, max-image-preview:large, max-video-preview:-1\" \/>\n<link rel=\"canonical\" href=\"https:\/\/casinolion.ca\/fr\/anden-online-n-v-casinos\/\" \/>\n<meta property=\"og:locale\" content=\"fr_CA\" \/>\n<meta property=\"og:type\" content=\"article\" \/>\n<meta property=\"og:title\" content=\"Best Anden Online N.V. Casinos in [year]\" \/>\n<meta property=\"og:description\" content=\"Anden Online N.V. isn\u2019t that famous in online gaming circles, as it only has three casino sites to its name. Its story started somewhere in the early 2000s when virtual gaming was still in its development phase. In 2000, the company launched its flagship brand, Casino Extreme, while the remaining two sites \u2014 Casino Adrenaline [&hellip;]\" \/>\n<meta property=\"og:url\" content=\"https:\/\/casinolion.ca\/fr\/anden-online-n-v-casinos\/\" \/>\n<meta property=\"article:modified_time\" content=\"2024-01-03T08:02:36+00:00\" \/>\n<meta name=\"twitter:card\" content=\"summary_large_image\" \/>\n<meta name=\"twitter:label1\" content=\"Estimation du temps de lecture\" \/>\n\t<meta name=\"twitter:data1\" content=\"5 minutes\" \/>\n<script type=\"application\/ld+json\" class=\"yoast-schema-graph\">{\"@context\":\"https:\/\/schema.org\",\"@graph\":[{\"@type\":\"WebPage\",\"@id\":\"https:\/\/casinolion.ca\/anden-online-n-v-casinos\/\",\"url\":\"https:\/\/casinolion.ca\/anden-online-n-v-casinos\/\",\"name\":\"Best Anden Online N.V. Casinos in [year]\",\"isPartOf\":{\"@id\":\"https:\/\/casinolion.ca\/fr\/#website\"},\"datePublished\":\"2023-07-11T07:44:43+00:00\",\"dateModified\":\"2024-01-03T08:02:36+00:00\",\"breadcrumb\":{\"@id\":\"https:\/\/casinolion.ca\/anden-online-n-v-casinos\/#breadcrumb\"},\"inLanguage\":\"fr-CA\",\"potentialAction\":[{\"@type\":\"ReadAction\",\"target\":[\"https:\/\/casinolion.ca\/anden-online-n-v-casinos\/\"]}]},{\"@type\":\"BreadcrumbList\",\"@id\":\"https:\/\/casinolion.ca\/anden-online-n-v-casinos\/#breadcrumb\",\"itemListElement\":[{\"@type\":\"ListItem\",\"position\":1,\"name\":\"Home\",\"item\":\"https:\/\/casinolion.ca\/\"},{\"@type\":\"ListItem\",\"position\":2,\"name\":\"Anden Online N.V. Casinos\"}]},{\"@type\":\"WebSite\",\"@id\":\"https:\/\/casinolion.ca\/fr\/#website\",\"url\":\"https:\/\/casinolion.ca\/fr\/\",\"name\":\"\",\"description\":\"\",\"potentialAction\":[{\"@type\":\"SearchAction\",\"target\":{\"@type\":\"EntryPoint\",\"urlTemplate\":\"https:\/\/casinolion.ca\/fr\/?s={search_term_string}\"},\"query-input\":{\"@type\":\"PropertyValueSpecification\",\"valueRequired\":true,\"valueName\":\"search_term_string\"}}],\"inLanguage\":\"fr-CA\"}]}<\/script>\n<!-- \/ Yoast SEO plugin. -->","yoast_head_json":{"title":"Les meilleurs casinos en ligne d'Anden N.V. en 2026","robots":{"index":"index","follow":"follow","max-snippet":"max-snippet:-1","max-image-preview":"max-image-preview:large","max-video-preview":"max-video-preview:-1"},"canonical":"https:\/\/casinolion.ca\/fr\/anden-online-n-v-casinos\/","og_locale":"fr_CA","og_type":"article","og_title":"Best Anden Online N.V. Casinos in [year]","og_description":"Anden Online N.V. isn\u2019t that famous in online gaming circles, as it only has three casino sites to its name. Its story started somewhere in the early 2000s when virtual gaming was still in its development phase. In 2000, the company launched its flagship brand, Casino Extreme, while the remaining two sites \u2014 Casino Adrenaline [&hellip;]","og_url":"https:\/\/casinolion.ca\/fr\/anden-online-n-v-casinos\/","article_modified_time":"2024-01-03T08:02:36+00:00","twitter_card":"summary_large_image","twitter_misc":{"Estimation du temps de lecture":"5 minutes"},"schema":{"@context":"https:\/\/schema.org","@graph":[{"@type":"WebPage","@id":"https:\/\/casinolion.ca\/anden-online-n-v-casinos\/","url":"https:\/\/casinolion.ca\/anden-online-n-v-casinos\/","name":"Les meilleurs casinos Anden Online N.V. en [ann\u00e9e]","isPartOf":{"@id":"https:\/\/casinolion.ca\/fr\/#website"},"datePublished":"2023-07-11T07:44:43+00:00","dateModified":"2024-01-03T08:02:36+00:00","breadcrumb":{"@id":"https:\/\/casinolion.ca\/anden-online-n-v-casinos\/#breadcrumb"},"inLanguage":"fr-CA","potentialAction":[{"@type":"ReadAction","target":["https:\/\/casinolion.ca\/anden-online-n-v-casinos\/"]}]},{"@type":"BreadcrumbList","@id":"https:\/\/casinolion.ca\/anden-online-n-v-casinos\/#breadcrumb","itemListElement":[{"@type":"ListItem","position":1,"name":"Home","item":"https:\/\/casinolion.ca\/"},{"@type":"ListItem","position":2,"name":"Anden Online N.V. Casinos"}]},{"@type":"WebSite","@id":"https:\/\/casinolion.ca\/fr\/#website","url":"https:\/\/casinolion.ca\/fr\/","name":"","description":"","potentialAction":[{"@type":"SearchAction","target":{"@type":"EntryPoint","urlTemplate":"https:\/\/casinolion.ca\/fr\/?s={search_term_string}"},"query-input":{"@type":"PropertyValueSpecification","valueRequired":true,"valueName":"search_term_string"}}],"inLanguage":"fr-CA"}]}},"_links":{"self":[{"href":"https:\/\/casinolion.ca\/fr\/wp-json\/wp\/v2\/pages\/19968","targetHints":{"allow":["GET"]}}],"collection":[{"href":"https:\/\/casinolion.ca\/fr\/wp-json\/wp\/v2\/pages"}],"about":[{"href":"https:\/\/casinolion.ca\/fr\/wp-json\/wp\/v2\/types\/page"}],"author":[{"embeddable":true,"href":"https:\/\/casinolion.ca\/fr\/wp-json\/wp\/v2\/users\/1"}],"replies":[{"embeddable":true,"href":"https:\/\/casinolion.ca\/fr\/wp-json\/wp\/v2\/comments?post=19968"}],"version-history":[{"count":0,"href":"https:\/\/casinolion.ca\/fr\/wp-json\/wp\/v2\/pages\/19968\/revisions"}],"wp:attachment":[{"href":"https:\/\/casinolion.ca\/fr\/wp-json\/wp\/v2\/media?parent=19968"}],"curies":[{"name":"wp","href":"https:\/\/api.w.org\/{rel}","templated":true}]}}