
{"id":19970,"date":"2023-07-11T09:05:39","date_gmt":"2023-07-11T09:05:39","guid":{"rendered":"https:\/\/www.canadiancasinos.ca\/?page_id=19970"},"modified":"2024-01-03T07:41:16","modified_gmt":"2024-01-03T07:41:16","slug":"digimedia-limited-casinos","status":"publish","type":"page","link":"https:\/\/casinolion.ca\/fr\/digimedia-limited-casinos\/","title":{"rendered":"Digimedia Limited Casinos"},"content":{"rendered":"<p>Avec un portefeuille de 11 marques de casinos distinctes, Digimedia Limited est une puissance dans l'industrie du jeu en ligne. Fond\u00e9 en 2008, le magnat du jeu s'est assur\u00e9 une place au premier rang de l'industrie avec des sites tels que Jackpots in a Flash, Platinum Play et Euro Palace Casino.<\/p>\n<p>La soci\u00e9t\u00e9 op\u00e8re sous l'\u0153il vigilant de la Malta Gaming Authority et collabore avec Microgaming pour fournir certains des meilleurs logiciels de jeu du march\u00e9. Nous sommes sur le point de plonger dans tout ce qui fait de Digimedia un poids lourd de l'industrie, de son histoire fascinante et de ses licences r\u00e9put\u00e9es \u00e0 son engagement in\u00e9branlable envers la s\u00e9curit\u00e9 des clients et \u00e0 son portefeuille de jeux \u00e9clectique.<\/p>\n<h2>Casinos Digimedia Limited recommand\u00e9s au Canada<\/h2>\n<div class=\"flex-container column casinoTable bankingTbl\"><div class = \"flex-row other-rows status-casino-box\"><div class=\"bad-labels\"><span class=\"status-warning\">avertissement<\/span><\/div><div class=\"red-box-number\">1<\/div><div class=\"medium-md large-md half-col casino-card-logo\"><a rel=\"nofollow\" class=\"\" href=\"\" target=\"_blank\" ><img decoding=\"async\" width=\"115\" height=\"115\" class=\"casinoLogo\" src=\"\/wp-content\/uploads\/ccImages\/casino\/120\/royal_vegas_casino.png\" alt=\"Royal Vegas Casino\" \/><\/a><\/div><div class=\"medium-lg large-md hide casino-name-wrap\">Royal Vegas Casino<br\/><\/div><div class=\"small-xxl medium-md large-lg links\"><\/div><\/div><div class = \"flex-row other-rows status-casino-box\"><div class=\"bad-labels\"><span class=\"status-warning\">avertissement<\/span><\/div><div class=\"red-box-number\">2<\/div><div class=\"medium-md large-md half-col casino-card-logo\"><a rel=\"nofollow\" class=\"\" href=\"\" target=\"_blank\" ><img decoding=\"async\" width=\"115\" height=\"115\" class=\"casinoLogo\" src=\"\/wp-content\/uploads\/ccImages\/casino\/394\/euro.png\" alt=\"Euro Palace\" \/><\/a><\/div><div class=\"medium-lg large-md hide casino-name-wrap\">Euro Palace<br\/><\/div><div class=\"small-xxl medium-md large-lg links\"><\/div><\/div><div class = \"flex-row other-rows status-casino-box\"><div class=\"bad-labels\"><span class=\"status-warning\">avertissement<\/span><\/div><div class=\"red-box-number\">3<\/div><div class=\"medium-md large-md half-col casino-card-logo\"><a rel=\"nofollow\" class=\"\" href=\"\" target=\"_blank\" ><img decoding=\"async\" width=\"115\" height=\"115\" class=\"casinoLogo\" src=\"\/wp-content\/uploads\/ccImages\/casino\/118\/logo_3.png\" alt=\"Platinum Play Casino\" \/><\/a><\/div><div class=\"medium-lg large-md hide casino-name-wrap\">Platinum Play Casino<br\/><\/div><div class=\"small-xxl medium-md large-lg links\"><\/div><\/div><\/div>\n<h2>\u00c0 propos de Digimedia Limited<\/h2>\n<p>Lanc\u00e9e en 2008, Digimedia Limited a d\u00e9j\u00e0 fait ses preuves. Avec plus de 15 ans d'exp\u00e9rience dans le secteur des jeux d'argent et de hasard, la soci\u00e9t\u00e9 poss\u00e8de l'expertise n\u00e9cessaire pour cr\u00e9er certaines des marques de jeux les plus influentes et les plus reconnaissables.<\/p>\n<p>Si chacun de ses casinos pr\u00e9sente des caract\u00e9ristiques uniques, ils ont tous un point commun : une plateforme aliment\u00e9e par Microgaming, un titan de la production de logiciels de jeux en ligne. Cela permet aux sites de proposer certains des meilleurs jeux de casino de l'industrie et de garantir un environnement de jeu s\u00fbr et sans complications.<\/p>\n<p>Les jeux que vous pouvez vous attendre \u00e0 trouver dans les casinos en ligne de Digimedia comprennent des machines \u00e0 sous, des jeux de table, du poker, du bingo, des cartes \u00e0 gratter et bien plus encore. Toutefois, les offres de jeux varient l\u00e9g\u00e8rement d'un casino \u00e0 l'autre.<\/p>\n<p>Outre la polyvalence des jeux, les casinos de Digimedia Limited se distinguent \u00e9galement par leur vari\u00e9t\u00e9 g\u00e9ographique, puisqu'ils s'adressent \u00e0 de nombreux march\u00e9s diff\u00e9rents. \u00c0 en juger par le nombre de langues disponibles sur les sites des casinos de la soci\u00e9t\u00e9, ceux-ci sont ouverts aux joueurs de la plupart des pays europ\u00e9ens, ainsi qu'\u00e0 ceux de Nouvelle-Z\u00e9lande et du Japon.<\/p>\n<p>Digimedia Limited ne laisse rien \u00e0 d\u00e9sirer en mati\u00e8re de l\u00e9gitimit\u00e9 et de s\u00e9curit\u00e9. Il a obtenu une licence d'exploitation de la Malta Gaming Authority, l'une des autorit\u00e9s de licence les plus respect\u00e9es du secteur.<\/p>\n<p>Ce sceau d'approbation signifie que les casinos de Digimedia exercent leurs activit\u00e9s de mani\u00e8re l\u00e9gitime et l\u00e9gale, et que les donn\u00e9es et l'argent de leurs clients sont conserv\u00e9s en toute s\u00e9curit\u00e9 gr\u00e2ce aux normes de s\u00e9curit\u00e9 les plus avanc\u00e9es.<\/p>\n<p>De plus, les casinos du groupe Digimedia ont \u00e9galement \u00e9t\u00e9 approuv\u00e9s par ECOGRA. ECOGRA est une agence de test ind\u00e9pendante qui examine le logiciel d'un casino et \u00e9value des param\u00e8tres tels que l'\u00e9quit\u00e9 des jeux et la qualit\u00e9 de l'assistance \u00e0 la client\u00e8le.<\/p>\n<h2>Les casinos les plus connus de Digimedia Limited<\/h2>\n<p>Digimedia Limited exploite 11 marques de casinos, chacune proposant des offres et des caract\u00e9ristiques uniques. Examinons les marques les plus notables de la soci\u00e9t\u00e9 et leurs caract\u00e9ristiques exceptionnelles.<\/p>\n<h3>Casino Euro Palace<\/h3>\n<p>Lanc\u00e9 en 2010, Euro Palace navigue dans l'industrie comp\u00e9titive de l'iGaming depuis plus d'une d\u00e9cennie. Au cours de cette p\u00e9riode, le casino s'est constitu\u00e9 une base de joueurs consid\u00e9rable, principalement gr\u00e2ce \u00e0 son immense biblioth\u00e8que de jeux et \u00e0 ses bonus lucratifs.<\/p>\n<p>La marque propose tous les types de jeux les plus populaires, notamment les machines \u00e0 sous, les jeux avec croupier en direct, les jackpots progressifs, le vid\u00e9o poker et les jeux de table. Parmi les titres les plus populaires, citons Immortal Romance, Break da Bank Again et Mega Moolah.<\/p>\n<p>Les nouveaux joueurs du casino Euro Palace peuvent profiter d'une offre de bienvenue g\u00e9n\u00e9reuse. En effectuant leur premier d\u00e9p\u00f4t, ils sont \u00e9ligibles \u00e0 un bonus de $600 sur leurs trois premiers d\u00e9p\u00f4ts. En outre, le casino propose des promotions hebdomadaires et mensuelles r\u00e9guli\u00e8res et dispose d'un programme de r\u00e9compenses qui accorde aux joueurs des avantages particuliers.<\/p>\n<h3>Platinum Play Casino<\/h3>\n<p>Datant de 2004, Platinum Play Casino a une histoire plus longue que celle de son op\u00e9rateur actuel, Digimedia Limited. Le site propose plus de 600 titres, dont une vari\u00e9t\u00e9 suffisante pour satisfaire les pr\u00e9f\u00e9rences de tous les types de joueurs.<\/p>\n<p>Vous trouverez des jeux de table comme la roulette, le blackjack et le baccarat, des machines \u00e0 sous comme Bridesmaids, Wild Orient et Bikini Party, diff\u00e9rents jeux avec croupier en direct et d'autres titres comme le keno, le vid\u00e9o poker et les machines \u00e0 sous \u00e0 jackpot progressif.<\/p>\n<p>Platinum Play facilite les d\u00e9p\u00f4ts et les retraits s\u00e9curis\u00e9s par le biais de plusieurs m\u00e9thodes bancaires populaires, y compris les cartes de cr\u00e9dit et de d\u00e9bit, les portefeuilles \u00e9lectroniques et les virements bancaires. Vos trois premiers d\u00e9p\u00f4ts d'au moins $10 vous permettent de b\u00e9n\u00e9ficier d'un bonus de bienvenue, pouvant atteindre $800 en fonds de bonus.<\/p>\n<h3>Jackpots dans un casino Flash<\/h3>\n<p>Cr\u00e9\u00e9 en 1998, Jackpots in a Flash est l'un des pionniers de l'industrie iGaming. Contrairement \u00e0 ce que son nom pourrait sugg\u00e9rer, cette marque de jeu ne se concentre pas uniquement sur les machines \u00e0 sous \u00e0 jackpot. En fait, elle dispose d'une riche biblioth\u00e8que comprenant des jeux de table, du vid\u00e9o poker et des jeux de casino en direct.<\/p>\n<p>La marque accueille ses nouveaux joueurs avec un bonus de bienvenue incroyablement lucratif pouvant aller jusqu'\u00e0 $1 600, ce qui peut vous apporter de nombreuses opportunit\u00e9s de jeu. Cependant, comme toute autre promotion de casino, cette offre est assortie de conditions sp\u00e9cifiques que vous devez lire avant de r\u00e9clamer le bonus.<\/p>\n<p>Outre sa version de bureau, Jackpots in a Flash Casino dispose \u00e9galement d'un casino mobile, qui vous permet de jouer \u00e0 ses jeux o\u00f9 et quand l'envie vous en prend. Tout ce dont vous avez besoin, c'est d'une connexion Internet s\u00e9curis\u00e9e, et vous pouvez acc\u00e9der au site Web mobile sur tous vos appareils mobiles iOS et Android.<\/p>\n<h2>Digimedia Limited est-elle une entreprise digne de confiance ?<\/h2>\n<p>Avec 15 ans d'exp\u00e9rience sur les diff\u00e9rents march\u00e9s de l'iGaming, Digimedia a prouv\u00e9 sa l\u00e9gitimit\u00e9. La soci\u00e9t\u00e9 est enregistr\u00e9e et licenci\u00e9e \u00e0 Malte, qui poss\u00e8de l'une des licences de jeu les plus r\u00e9put\u00e9es de l'industrie.<\/p>\n<p>Son partenariat durable avec Microgaming, un nom renomm\u00e9 dans la production de logiciels de casino en ligne, souligne l'engagement de Digimedia \u00e0 offrir des exp\u00e9riences de jeu de haute qualit\u00e9. Le c\u00e9l\u00e8bre fournisseur fournit une plateforme compl\u00e8te pour les casinos de Digimedia, proposant certains des meilleurs jeux de l'industrie, une assistance professionnelle \u00e0 la client\u00e8le et des caract\u00e9ristiques de s\u00e9curit\u00e9 in\u00e9gal\u00e9es.<\/p>\n<p>De plus, comme les jeux de la soci\u00e9t\u00e9 ont re\u00e7u le sceau d'approbation d'ECOGRA, nous ne voyons aucune raison de ne pas faire confiance \u00e0 Digimedia et \u00e0 ses marques de casino.<\/p>","protected":false},"excerpt":{"rendered":"<p>Avec un portefeuille de 11 marques de casinos distinctes, Digimedia Limited est une puissance dans l'industrie du jeu en ligne. Fond\u00e9 en 2008, le magnat du jeu s'est assur\u00e9 une place au premier rang de l'industrie avec des sites tels que Jackpots in a Flash, Platinum Play et Euro Palace Casino. La soci\u00e9t\u00e9 op\u00e8re sous l'\u0153il vigilant de [...]<\/p>","protected":false},"author":1,"featured_media":0,"parent":0,"menu_order":0,"comment_status":"closed","ping_status":"closed","template":"","meta":{"_acf_changed":false,"footnotes":""},"class_list":["post-19970","page","type-page","status-publish","hentry"],"acf":[],"yoast_head":"<!-- This site is optimized with the Yoast SEO plugin v26.1.1 - https:\/\/yoast.com\/wordpress\/plugins\/seo\/ -->\n<title>Best Digimedia Limited Casinos in 2026<\/title>\n<meta name=\"robots\" content=\"index, follow, max-snippet:-1, max-image-preview:large, max-video-preview:-1\" \/>\n<link rel=\"canonical\" href=\"https:\/\/casinolion.ca\/fr\/digimedia-limited-casinos\/\" \/>\n<meta property=\"og:locale\" content=\"fr_CA\" \/>\n<meta property=\"og:type\" content=\"article\" \/>\n<meta property=\"og:title\" content=\"Best Digimedia Limited Casinos in [year]\" \/>\n<meta property=\"og:description\" content=\"With a portfolio of 11 distinct casino brands, Digimedia Limited is a powerhouse in the online gambling industry. Founded in 2008, the gambling magnate has secured its place at the forefront of the industry with sites like Jackpots in a Flash, Platinum Play, and Euro Palace Casino. The company operates under the watchful eye of [&hellip;]\" \/>\n<meta property=\"og:url\" content=\"https:\/\/casinolion.ca\/fr\/digimedia-limited-casinos\/\" \/>\n<meta property=\"article:modified_time\" content=\"2024-01-03T07:41:16+00:00\" \/>\n<meta name=\"twitter:card\" content=\"summary_large_image\" \/>\n<meta name=\"twitter:label1\" content=\"Estimation du temps de lecture\" \/>\n\t<meta name=\"twitter:data1\" content=\"4 minutes\" \/>\n<script type=\"application\/ld+json\" class=\"yoast-schema-graph\">{\"@context\":\"https:\/\/schema.org\",\"@graph\":[{\"@type\":\"WebPage\",\"@id\":\"https:\/\/casinolion.ca\/digimedia-limited-casinos\/\",\"url\":\"https:\/\/casinolion.ca\/digimedia-limited-casinos\/\",\"name\":\"Best Digimedia Limited Casinos in [year]\",\"isPartOf\":{\"@id\":\"https:\/\/casinolion.ca\/fr\/#website\"},\"datePublished\":\"2023-07-11T09:05:39+00:00\",\"dateModified\":\"2024-01-03T07:41:16+00:00\",\"breadcrumb\":{\"@id\":\"https:\/\/casinolion.ca\/digimedia-limited-casinos\/#breadcrumb\"},\"inLanguage\":\"fr-CA\",\"potentialAction\":[{\"@type\":\"ReadAction\",\"target\":[\"https:\/\/casinolion.ca\/digimedia-limited-casinos\/\"]}]},{\"@type\":\"BreadcrumbList\",\"@id\":\"https:\/\/casinolion.ca\/digimedia-limited-casinos\/#breadcrumb\",\"itemListElement\":[{\"@type\":\"ListItem\",\"position\":1,\"name\":\"Home\",\"item\":\"https:\/\/casinolion.ca\/\"},{\"@type\":\"ListItem\",\"position\":2,\"name\":\"Digimedia Limited Casinos\"}]},{\"@type\":\"WebSite\",\"@id\":\"https:\/\/casinolion.ca\/fr\/#website\",\"url\":\"https:\/\/casinolion.ca\/fr\/\",\"name\":\"\",\"description\":\"\",\"potentialAction\":[{\"@type\":\"SearchAction\",\"target\":{\"@type\":\"EntryPoint\",\"urlTemplate\":\"https:\/\/casinolion.ca\/fr\/?s={search_term_string}\"},\"query-input\":{\"@type\":\"PropertyValueSpecification\",\"valueRequired\":true,\"valueName\":\"search_term_string\"}}],\"inLanguage\":\"fr-CA\"}]}<\/script>\n<!-- \/ Yoast SEO plugin. -->","yoast_head_json":{"title":"Les meilleurs casinos de Digimedia Limited en 2026","robots":{"index":"index","follow":"follow","max-snippet":"max-snippet:-1","max-image-preview":"max-image-preview:large","max-video-preview":"max-video-preview:-1"},"canonical":"https:\/\/casinolion.ca\/fr\/digimedia-limited-casinos\/","og_locale":"fr_CA","og_type":"article","og_title":"Best Digimedia Limited Casinos in [year]","og_description":"With a portfolio of 11 distinct casino brands, Digimedia Limited is a powerhouse in the online gambling industry. Founded in 2008, the gambling magnate has secured its place at the forefront of the industry with sites like Jackpots in a Flash, Platinum Play, and Euro Palace Casino. The company operates under the watchful eye of [&hellip;]","og_url":"https:\/\/casinolion.ca\/fr\/digimedia-limited-casinos\/","article_modified_time":"2024-01-03T07:41:16+00:00","twitter_card":"summary_large_image","twitter_misc":{"Estimation du temps de lecture":"4 minutes"},"schema":{"@context":"https:\/\/schema.org","@graph":[{"@type":"WebPage","@id":"https:\/\/casinolion.ca\/digimedia-limited-casinos\/","url":"https:\/\/casinolion.ca\/digimedia-limited-casinos\/","name":"Les meilleurs casinos de Digimedia Limited en [ann\u00e9e]","isPartOf":{"@id":"https:\/\/casinolion.ca\/fr\/#website"},"datePublished":"2023-07-11T09:05:39+00:00","dateModified":"2024-01-03T07:41:16+00:00","breadcrumb":{"@id":"https:\/\/casinolion.ca\/digimedia-limited-casinos\/#breadcrumb"},"inLanguage":"fr-CA","potentialAction":[{"@type":"ReadAction","target":["https:\/\/casinolion.ca\/digimedia-limited-casinos\/"]}]},{"@type":"BreadcrumbList","@id":"https:\/\/casinolion.ca\/digimedia-limited-casinos\/#breadcrumb","itemListElement":[{"@type":"ListItem","position":1,"name":"Home","item":"https:\/\/casinolion.ca\/"},{"@type":"ListItem","position":2,"name":"Digimedia Limited Casinos"}]},{"@type":"WebSite","@id":"https:\/\/casinolion.ca\/fr\/#website","url":"https:\/\/casinolion.ca\/fr\/","name":"","description":"","potentialAction":[{"@type":"SearchAction","target":{"@type":"EntryPoint","urlTemplate":"https:\/\/casinolion.ca\/fr\/?s={search_term_string}"},"query-input":{"@type":"PropertyValueSpecification","valueRequired":true,"valueName":"search_term_string"}}],"inLanguage":"fr-CA"}]}},"_links":{"self":[{"href":"https:\/\/casinolion.ca\/fr\/wp-json\/wp\/v2\/pages\/19970","targetHints":{"allow":["GET"]}}],"collection":[{"href":"https:\/\/casinolion.ca\/fr\/wp-json\/wp\/v2\/pages"}],"about":[{"href":"https:\/\/casinolion.ca\/fr\/wp-json\/wp\/v2\/types\/page"}],"author":[{"embeddable":true,"href":"https:\/\/casinolion.ca\/fr\/wp-json\/wp\/v2\/users\/1"}],"replies":[{"embeddable":true,"href":"https:\/\/casinolion.ca\/fr\/wp-json\/wp\/v2\/comments?post=19970"}],"version-history":[{"count":0,"href":"https:\/\/casinolion.ca\/fr\/wp-json\/wp\/v2\/pages\/19970\/revisions"}],"wp:attachment":[{"href":"https:\/\/casinolion.ca\/fr\/wp-json\/wp\/v2\/media?parent=19970"}],"curies":[{"name":"wp","href":"https:\/\/api.w.org\/{rel}","templated":true}]}}