
{"id":19993,"date":"2023-07-13T05:11:37","date_gmt":"2023-07-13T05:11:37","guid":{"rendered":"https:\/\/www.canadiancasinos.ca\/?page_id=19993"},"modified":"2023-07-13T05:11:37","modified_gmt":"2023-07-13T05:11:37","slug":"whg-international-limited-casinos","status":"publish","type":"page","link":"https:\/\/casinolion.ca\/fr\/whg-international-limited-casinos\/","title":{"rendered":"WHG (International) Limited Casinos"},"content":{"rendered":"<p>WHG (International) Limited est une soci\u00e9t\u00e9 de jeux d'argent principalement connue pour poss\u00e9der et exploiter les plateformes en ligne William Hill. Elle a obtenu des licences aupr\u00e8s de trois des r\u00e9gulateurs les plus cr\u00e9dibles d'Europe, \u00e0 savoir la Gambling Commission, la Malta Gaming Authority et le Gibraltar Gambling Commissioner.<\/p>\n<p>Outre William Hill, les marques les plus notables de WHG comprenaient EuroGrand, 21Nova, Sky Kings, Prestige et Joyland, bien que tous ces casinos aient \u00e9t\u00e9 ferm\u00e9s, la soci\u00e9t\u00e9 souhaitant se concentrer sur ses marques principales. L'aper\u00e7u suivant traite de l'histoire et de la l\u00e9gitimit\u00e9 de WHG et d\u00e9voile les d\u00e9tails relatifs \u00e0 ses principaux produits.<\/p>\n<h2>WHG (International) Limited Historique et d\u00e9tails<\/h2>\n<p>William Hill est un homme d'affaires londonien qui a ouvert sa premi\u00e8re boutique de paris en 1934 et s'est ensuite \u00e9tendu au reste du pays. La soci\u00e9t\u00e9 compte actuellement plus de 1 400 \u00e9tablissements rien qu'au Royaume-Uni, employant pr\u00e8s de 8 000 personnes. Elle poss\u00e8de \u00e9galement plusieurs entreprises en dehors du Royaume-Uni, notamment en Irlande, aux \u00c9tats-Unis, en Espagne, en Italie et en Australie.<\/p>\n<p>L'entreprise a chang\u00e9 de propri\u00e9taire \u00e0 plusieurs reprises au cours de son histoire, 888 Holdings \u00e9tant sa soci\u00e9t\u00e9 m\u00e8re actuelle. WHG (International) Limited a \u00e9t\u00e9 fond\u00e9e en 2007 et a rapidement conclu un accord de partenariat avec la soci\u00e9t\u00e9 isra\u00e9lienne Playtech, achetant plusieurs de ses actifs, notamment un certain nombre de casinos en ligne qu'elle exploitait sous diverses licences.<\/p>\n<p>WHG signifie \u201cWilliam Hill Group\u201d, mais ne doit pas \u00eatre confondu avec le groupe William Hill en tant qu'entit\u00e9 unifi\u00e9e qui englobe trois soci\u00e9t\u00e9s diff\u00e9rentes - WHG (International) Limited, Mr Green Limited et William Hill Organization Limited.<\/p>\n<h2>William Hill Casino et Sportsbook<\/h2>\n<p>Le site officiel de William Hill est essentiellement divis\u00e9 en deux parties <em>Vegas<\/em> qui comprend des jeux de casino en ligne, des salles de bingo et du poker en direct, et la section <em>Sports<\/em> qui se concentre principalement sur les paris sportifs.<\/p>\n<h3>William Hill Casino en ligne<\/h3>\n<p>Le casino en ligne William Hill (connu sous le nom de Vegas William Hill) est rempli de machines \u00e0 sous vid\u00e9o de qualit\u00e9, provenant non seulement de Playtech mais aussi d'une vari\u00e9t\u00e9 d'autres studios r\u00e9put\u00e9s tels que NetEnt, Pragmatic Play, Games Global, et d'autres. Vous pourrez m\u00eame jouer \u00e0 un certain nombre de titres exclusifs de la marque WH, tels que William Hill Gold, Big William Hill Fortune, William Hill Football Cash Collect, et bien d'autres encore.<\/p>\n<p>Parmi les classiques du catalogue de machines \u00e0 sous, citons Buffalo Blitz de Playtech, la s\u00e9rie Big Bass de Pragmatic et Starburst de NetEnt. Il y a \u00e9galement une grande s\u00e9lection de machines \u00e0 sous \u00e0 jackpot progressif, avec en t\u00eate de liste Leprechaun's Luck : Cash Collect de Playtech, qui offre souvent des prix de plusieurs millions de dollars. Les jackpots sont divis\u00e9s en plusieurs cat\u00e9gories, telles que Vegas Millions (y compris des titres exclusifs comme William Hill Megaways et William Hill Frenzy), Must Drop Jackpots, Fire Blaze Jackpots, et bien d'autres encore.<\/p>\n<p>Comme tout casino de haut niveau, William Hill s'est assur\u00e9 que sa section de croupiers en direct soit remplie des titres les plus r\u00e9cents d'Evolution. Vous trouverez un certain nombre de tables proposant des jeux populaires, y compris des \u00e9ditions sp\u00e9ciales comme XXXtreme Lightning Roulette et Infinite Blackjack, ainsi que des jeux t\u00e9l\u00e9vis\u00e9s tr\u00e8s pris\u00e9s comme Monopoly Live, Crazy Time et Dream Catcher. Il existe \u00e9galement des tables de roulette et de blackjack WH de marque que vous pouvez rejoindre \u00e0 toute heure.<\/p>\n<p>Le seul petit inconv\u00e9nient du casino William Hill est qu'il n'y a pas beaucoup de jeux de table RNG disponibles et que seuls la roulette, le baccarat, le poker et le blackjack sont propos\u00e9s. Cela signifie que les amateurs de jeux de niche comme le craps, le sic bo ou l'Andar Bahar devront aller voir ailleurs.<\/p>\n<p>La salle de bingo du WH est l'une des plus diversifi\u00e9es que vous puissiez trouver en ligne, avec une nouvelle salle qui ouvre presque toutes les minutes et des versions \u00e0 36 boules, 50 boules, 75 boules, 80 boules et 90 boules disponibles. Les joueurs peuvent \u00e9galement profiter du poker en direct sur la m\u00eame plateforme, soit en t\u00e9l\u00e9chargeant le client de poker, soit en jouant directement dans le navigateur.<\/p>\n<p>Il y a une multitude de fa\u00e7ons de vous promouvoir en jouant au casino en ligne William Hill, surtout si vous aimez les machines \u00e0 sous vid\u00e9o. Vous pouvez obtenir des centaines de tours gratuits en tant que nouveau client, participer \u00e0 des tournois de machines \u00e0 sous hebdomadaires et gagner des prix importants gr\u00e2ce aux Daily Drops de Pragmatic.<\/p>\n<h3>William Hill Sportsbook en ligne<\/h3>\n<p>William Hill jouit d'une excellente r\u00e9putation en tant que l'un des meilleurs bookmakers du Royaume-Uni et l'un de ceux qui inspirent le plus confiance. Son bookmaker en ligne permet de parier sur plus de 30 sports avec un choix quasi illimit\u00e9 de march\u00e9s et des cotes sup\u00e9rieures \u00e0 la moyenne. Les courses de chevaux sont \u00e9galement tr\u00e8s bien couvertes.<\/p>\n<p>Le site de paris sportifs propose quotidiennement des cotes am\u00e9lior\u00e9es, g\u00e9n\u00e9ralement disponibles sur des march\u00e9s sp\u00e9cifiques et des paris simples.<\/p>\n<p>Tout comme les joueurs de casino, les utilisateurs de William Hill sportsbook peuvent profiter de nombreuses promotions. Un exemple notable appel\u00e9 Build Your Boost vous permet d'am\u00e9liorer les cotes \u00e0 votre convenance une fois par jour sur un pari de 3 s\u00e9lections ou plus.<\/p>\n<h2>Autres casinos WHG (International) Limited<\/h2>\n<p>WHG (International) Limited a g\u00e9r\u00e9 quelques autres casinos en ligne pendant plusieurs ann\u00e9es, notamment EuroGrand et 21 Nova, mais a d\u00e9cid\u00e9 de les fermer fin 2021. WHG (International) Limited n'a actuellement aucun projet de lancement de nouveaux casinos et paris sportifs en ligne.<\/p>\n<h2>Dois-je faire confiance aux casinos de WHG (International) Limited ?<\/h2>\n<p>\u00c9tant donn\u00e9 que William Hill est l'une des marques ayant la plus longue exp\u00e9rience dans l'histoire du jeu organis\u00e9 et du bookmaking, il n'y a aucune raison de ne pas lui faire confiance. William Hill op\u00e8re sous trois licences diff\u00e9rentes, dont UKGC, MGA et Gibraltar, et est g\u00e9n\u00e9ralement consid\u00e9r\u00e9 comme s\u00fbr et fiable par les joueurs britanniques et europ\u00e9ens.<\/p>\n<p>Le casino est connu pour ses jeux \u00e9quitables et ses paiements rapides, et aucun probl\u00e8me n'a \u00e9t\u00e9 signal\u00e9 en ce qui concerne la protection des donn\u00e9es des joueurs. Il en va de m\u00eame pour le paris sportif, qui propose d'excellentes promotions, des cotes comp\u00e9titives et un menu de paris diversifi\u00e9 comprenant des sports et des march\u00e9s populaires et de niche.<\/p>","protected":false},"excerpt":{"rendered":"<p>WHG (International) Limited est une soci\u00e9t\u00e9 de jeux d'argent principalement connue pour poss\u00e9der et exploiter les plateformes en ligne William Hill. Elle a obtenu des licences de trois des r\u00e9gulateurs les plus cr\u00e9dibles d'Europe, \u00e0 savoir la Gambling Commission, la Malta Gaming Authority et le Gibraltar Gambling Commissioner. Outre William Hill, les marques les plus connues de WHG comprennent EuroGrand, 21Nova, Sky [...]<\/p>","protected":false},"author":1,"featured_media":0,"parent":0,"menu_order":0,"comment_status":"closed","ping_status":"closed","template":"","meta":{"_acf_changed":false,"footnotes":""},"class_list":["post-19993","page","type-page","status-publish","hentry"],"acf":[],"yoast_head":"<!-- This site is optimized with the Yoast SEO plugin v26.1.1 - https:\/\/yoast.com\/wordpress\/plugins\/seo\/ -->\n<title>WHG (International) Limited Casinos<\/title>\n<meta name=\"robots\" content=\"index, follow, max-snippet:-1, max-image-preview:large, max-video-preview:-1\" \/>\n<link rel=\"canonical\" href=\"https:\/\/casinolion.ca\/fr\/whg-international-limited-casinos\/\" \/>\n<meta property=\"og:locale\" content=\"fr_CA\" \/>\n<meta property=\"og:type\" content=\"article\" \/>\n<meta property=\"og:title\" content=\"WHG (International) Limited Casinos\" \/>\n<meta property=\"og:description\" content=\"WHG (International) Limited is a gambling company mostly known for owning and operating William Hill online platforms. It has secured licenses from three of the most credible regulators in Europe, including the Gambling Commission, the Malta Gaming Authority, and the Gibraltar Gambling Commissioner. Aside from William Hill, WHG\u2019s most notable brands included EuroGrand, 21Nova, Sky [&hellip;]\" \/>\n<meta property=\"og:url\" content=\"https:\/\/casinolion.ca\/fr\/whg-international-limited-casinos\/\" \/>\n<meta name=\"twitter:card\" content=\"summary_large_image\" \/>\n<meta name=\"twitter:label1\" content=\"Estimation du temps de lecture\" \/>\n\t<meta name=\"twitter:data1\" content=\"5 minutes\" \/>\n<script type=\"application\/ld+json\" class=\"yoast-schema-graph\">{\"@context\":\"https:\/\/schema.org\",\"@graph\":[{\"@type\":\"WebPage\",\"@id\":\"https:\/\/casinolion.ca\/whg-international-limited-casinos\/\",\"url\":\"https:\/\/casinolion.ca\/whg-international-limited-casinos\/\",\"name\":\"WHG (International) Limited Casinos\",\"isPartOf\":{\"@id\":\"https:\/\/casinolion.ca\/fr\/#website\"},\"datePublished\":\"2023-07-13T05:11:37+00:00\",\"breadcrumb\":{\"@id\":\"https:\/\/casinolion.ca\/whg-international-limited-casinos\/#breadcrumb\"},\"inLanguage\":\"fr-CA\",\"potentialAction\":[{\"@type\":\"ReadAction\",\"target\":[\"https:\/\/casinolion.ca\/whg-international-limited-casinos\/\"]}]},{\"@type\":\"BreadcrumbList\",\"@id\":\"https:\/\/casinolion.ca\/whg-international-limited-casinos\/#breadcrumb\",\"itemListElement\":[{\"@type\":\"ListItem\",\"position\":1,\"name\":\"Home\",\"item\":\"https:\/\/casinolion.ca\/\"},{\"@type\":\"ListItem\",\"position\":2,\"name\":\"WHG (International) Limited Casinos\"}]},{\"@type\":\"WebSite\",\"@id\":\"https:\/\/casinolion.ca\/fr\/#website\",\"url\":\"https:\/\/casinolion.ca\/fr\/\",\"name\":\"\",\"description\":\"\",\"potentialAction\":[{\"@type\":\"SearchAction\",\"target\":{\"@type\":\"EntryPoint\",\"urlTemplate\":\"https:\/\/casinolion.ca\/fr\/?s={search_term_string}\"},\"query-input\":{\"@type\":\"PropertyValueSpecification\",\"valueRequired\":true,\"valueName\":\"search_term_string\"}}],\"inLanguage\":\"fr-CA\"}]}<\/script>\n<!-- \/ Yoast SEO plugin. -->","yoast_head_json":{"title":"WHG (International) Limited Casinos","robots":{"index":"index","follow":"follow","max-snippet":"max-snippet:-1","max-image-preview":"max-image-preview:large","max-video-preview":"max-video-preview:-1"},"canonical":"https:\/\/casinolion.ca\/fr\/whg-international-limited-casinos\/","og_locale":"fr_CA","og_type":"article","og_title":"WHG (International) Limited Casinos","og_description":"WHG (International) Limited is a gambling company mostly known for owning and operating William Hill online platforms. It has secured licenses from three of the most credible regulators in Europe, including the Gambling Commission, the Malta Gaming Authority, and the Gibraltar Gambling Commissioner. Aside from William Hill, WHG\u2019s most notable brands included EuroGrand, 21Nova, Sky [&hellip;]","og_url":"https:\/\/casinolion.ca\/fr\/whg-international-limited-casinos\/","twitter_card":"summary_large_image","twitter_misc":{"Estimation du temps de lecture":"5 minutes"},"schema":{"@context":"https:\/\/schema.org","@graph":[{"@type":"WebPage","@id":"https:\/\/casinolion.ca\/whg-international-limited-casinos\/","url":"https:\/\/casinolion.ca\/whg-international-limited-casinos\/","name":"WHG (International) Limited Casinos","isPartOf":{"@id":"https:\/\/casinolion.ca\/fr\/#website"},"datePublished":"2023-07-13T05:11:37+00:00","breadcrumb":{"@id":"https:\/\/casinolion.ca\/whg-international-limited-casinos\/#breadcrumb"},"inLanguage":"fr-CA","potentialAction":[{"@type":"ReadAction","target":["https:\/\/casinolion.ca\/whg-international-limited-casinos\/"]}]},{"@type":"BreadcrumbList","@id":"https:\/\/casinolion.ca\/whg-international-limited-casinos\/#breadcrumb","itemListElement":[{"@type":"ListItem","position":1,"name":"Home","item":"https:\/\/casinolion.ca\/"},{"@type":"ListItem","position":2,"name":"WHG (International) Limited Casinos"}]},{"@type":"WebSite","@id":"https:\/\/casinolion.ca\/fr\/#website","url":"https:\/\/casinolion.ca\/fr\/","name":"","description":"","potentialAction":[{"@type":"SearchAction","target":{"@type":"EntryPoint","urlTemplate":"https:\/\/casinolion.ca\/fr\/?s={search_term_string}"},"query-input":{"@type":"PropertyValueSpecification","valueRequired":true,"valueName":"search_term_string"}}],"inLanguage":"fr-CA"}]}},"_links":{"self":[{"href":"https:\/\/casinolion.ca\/fr\/wp-json\/wp\/v2\/pages\/19993","targetHints":{"allow":["GET"]}}],"collection":[{"href":"https:\/\/casinolion.ca\/fr\/wp-json\/wp\/v2\/pages"}],"about":[{"href":"https:\/\/casinolion.ca\/fr\/wp-json\/wp\/v2\/types\/page"}],"author":[{"embeddable":true,"href":"https:\/\/casinolion.ca\/fr\/wp-json\/wp\/v2\/users\/1"}],"replies":[{"embeddable":true,"href":"https:\/\/casinolion.ca\/fr\/wp-json\/wp\/v2\/comments?post=19993"}],"version-history":[{"count":0,"href":"https:\/\/casinolion.ca\/fr\/wp-json\/wp\/v2\/pages\/19993\/revisions"}],"wp:attachment":[{"href":"https:\/\/casinolion.ca\/fr\/wp-json\/wp\/v2\/media?parent=19993"}],"curies":[{"name":"wp","href":"https:\/\/api.w.org\/{rel}","templated":true}]}}