
{"id":2,"date":"2015-09-02T07:41:30","date_gmt":"2015-09-02T07:41:30","guid":{"rendered":"http:\/\/www.bestcasinoscanada.com\/?page_id=2"},"modified":"2024-06-10T09:29:00","modified_gmt":"2024-06-10T09:29:00","slug":"about","status":"publish","type":"page","link":"https:\/\/casinolion.ca\/fr\/about\/","title":{"rendered":"A propos de nous"},"content":{"rendered":"<p>L'\u00e9quipe de CasinoLion.ca (anciennement Bestcasinoscanada.com) est compos\u00e9e de v\u00e9t\u00e9rans de l'industrie qui ont \u00e0 la fois jou\u00e9 et travaill\u00e9 dans des casinos en ligne, et nous savons que cela contribue \u00e0 une bonne exp\u00e9rience de jeu en ligne.<\/p>\n<p><img decoding=\"async\" src=\"https:\/\/www.casinolion.ca\/wp-content\/uploads\/2024\/06\/ERIbK3KXUAADWt_-280x120.png\" alt=\"\" width=\"200\" height=\"86\" class=\"alignright size-medium wp-image-24367\" srcset=\"https:\/\/casinolion.ca\/wp-content\/uploads\/2024\/06\/ERIbK3KXUAADWt_-280x120.png 280w, https:\/\/casinolion.ca\/wp-content\/uploads\/2024\/06\/ERIbK3KXUAADWt_-150x65.png 150w, https:\/\/casinolion.ca\/wp-content\/uploads\/2024\/06\/ERIbK3KXUAADWt_-84x36.png 84w, https:\/\/casinolion.ca\/wp-content\/uploads\/2024\/06\/ERIbK3KXUAADWt_-209x90.png 209w, https:\/\/casinolion.ca\/wp-content\/uploads\/2024\/06\/ERIbK3KXUAADWt_-40x17.png 40w, https:\/\/casinolion.ca\/wp-content\/uploads\/2024\/06\/ERIbK3KXUAADWt_.png 300w\" sizes=\"(max-width: 200px) 100vw, 200px\" \/>Op\u00e9r\u00e9 par <a href=\"https:\/\/lcb.org\/about_us\">LCB<\/a> depuis 2017, un <a href=\"https:\/\/www.linkedin.com\/company\/lcb-org\/mycompany\/\">organisation prim\u00e9e de 200 employ\u00e9s<\/a> qui est un leader de l'industrie depuis 2006. Notre objectif est de fournir une plateforme de transparence dans un secteur o\u00f9 la d\u00e9sinformation est omnipr\u00e9sente et de responsabiliser les casinos en leur fournissant un service d'information sur les jeux de hasard. <a href=\"https:\/\/casinolion.ca\/fr\/submit-a-complaint\/\">service de r\u00e9clamation gratuit<\/a>.<\/p>\n<h3>Rencontrez notre \u00e9quipe<\/h3>\n<div class=\"team-boxes\">\n<div class=\"team-boxes_img\"><img decoding=\"async\" src=\"https:\/\/www.casinolion.ca\/wp-content\/uploads\/2024\/06\/1715242442718.jpeg\" alt=\"Auteur Tim Wong\" width=\"50\" height=\"50\" \/><\/div>\n<div class=\"team-boxes_content\">\n<div class=\"team-boxes_content_name\">\n            <span>Tim Wong<\/span><br \/>\n            <span>R\u00e9dacteur en chef\/administrateur<\/span>\n          <\/div>\n<div class=\"team-boxes_content_about\">\n<p>\u00c9diteur en chef et administrateur du site, Tim est la personne \u00e0 bl\u00e2mer lorsque les choses ne fonctionnent pas correctement. Avec une persistance presque obsessionnelle pour les d\u00e9tails, il est fier de s'assurer que l'information pr\u00e9sent\u00e9e sur Canadiancasino.ca est correcte. Dans ses temps libres, il est passionn\u00e9 de jeux vid\u00e9o, de gymnastique et de basket-ball.<\/p>\n<\/div>\n<div class=\"team-boxes_content_social\">\n<div class=\"authorbio-links\">\n<a target=\"_blank\" href=\"https:\/\/www.facebook.com\/tim.wong.16121471\/\" rel=\"noopener\"><i class=\"fab fa-facebook\"><\/i><\/a><a target=\"_blank\" href=\"https:\/\/www.linkedin.com\/in\/tim-wong-538859166\/\" rel=\"noopener\"><i class=\"fab fa-linkedin-in\"><\/i><\/a><\/div>\n<\/div>\n<\/div>\n<\/div>\n<div class=\"team-boxes\">\n<div class=\"team-boxes_img\"><img decoding=\"async\" src=\"\/wp-content\/uploads\/2020\/06\/tom-wilson.png\" alt=\"Auteur Tom Wilson\" width=\"50\" height=\"50\" \/><\/div>\n<div class=\"team-boxes_content\">\n<div class=\"team-boxes_content_name\">\n            <a href=\"https:\/\/casinolion.ca\/fr\/author\/admin\/\">Tom Wilson<\/a><br \/>\n            <span>R\u00e9dacteur en chef<\/span>\n          <\/div>\n<div class=\"team-boxes_content_about\">\n<p>Notre r\u00e9dacteur en chef, Thomas, est pr\u00e9sent sur la sc\u00e8ne des jeux en ligne depuis sa cr\u00e9ation et a jou\u00e9 et test\u00e9 plus de 300 sites - il sait donc ce qui constitue une bonne exp\u00e9rience de jeu et ce qui ne l'est pas. Dipl\u00f4m\u00e9 de l'Universit\u00e9 de Toronto en langue et litt\u00e9rature anglaise, Tom suit sa passion pour l'\u00e9criture en contribuant \u00e0 la majorit\u00e9 du contenu que vous voyez ici sur CasinoLion.ca.\n<\/p><\/div>\n<div class=\"team-boxes_content_social\">\n<div class=\"authorbio-links\">\n                                    <a target=\"_blank\" href=\"https:\/\/www.linkedin.com\/in\/thomas-wilson-3a8665110\/\" rel=\"noopener\"><i class=\"fab fa-linkedin-in\"><\/i><\/a><\/p>\n<\/div>\n<\/div>\n<\/div>\n<\/div>\n<div class=\"team-boxes\">\n<div class=\"team-boxes_img\"><img decoding=\"async\" src=\"https:\/\/www.casinolion.ca\/wp-content\/uploads\/2024\/06\/1714758740980.jpeg\" alt=\"Charit\u00e9 Jean L.\" width=\"50\" height=\"50\" \/><\/div>\n<div class=\"team-boxes_content\">\n<div class=\"team-boxes_content_name\">\n            <span>Charit\u00e9 Jean L.<\/span><br \/>\n            <span>Testeur de casino<\/span>\n          <\/div>\n<div class=\"team-boxes_content_about\">\n<p>Assistante administrative et testeuse, Charity est la force motrice derri\u00e8re la majorit\u00e9 du contenu vid\u00e9o sur CasinoLion.ca, jouant un r\u00f4le important en mettant les casinos \u00e0 l'\u00e9preuve et en montrant \u00e0 nos visiteurs ce \u00e0 quoi ils peuvent s'attendre. R\u00e9sidant au Qu\u00e9bec, sa connaissance de la sc\u00e8ne canadienne des jeux d'argent en ligne est primordiale pour nos op\u00e9rations.<\/p>\n<\/div>\n<div class=\"team-boxes_content_social\">\n<div class=\"authorbio-links\">\n<a target=\"_blank\" href=\"https:\/\/www.linkedin.com\/in\/charity-jean-l-94b3b52aa\/\" rel=\"noopener\"><i class=\"fab fa-linkedin-in\"><\/i><\/a><\/div>\n<\/div>\n<\/div>\n<\/div>\n<div class=\"team-boxes\">\n<div class=\"team-boxes_img\"><img decoding=\"async\" src=\"https:\/\/www.casinolion.ca\/wp-content\/uploads\/2024\/06\/1582665245718.jpeg\" alt=\"Angela Wyman\" width=\"50\" height=\"50\" \/><\/div>\n<div class=\"team-boxes_content\">\n<div class=\"team-boxes_content_name\">\n            <span>Angela Wyman<\/span><br \/>\n            <span>Porte-parole vid\u00e9o<\/span>\n          <\/div>\n<div class=\"team-boxes_content_about\">\n<p>V\u00e9t\u00e9ran de l'industrie des jeux en ligne, Angela est une animatrice aux multiples talents et rejoint CasinoLion.ca en tant que porte-parole pour la plupart de nos guides vid\u00e9o. Sa pr\u00e9sence anim\u00e9e devant la cam\u00e9ra et sa fa\u00e7on de s'exprimer jouent un r\u00f4le essentiel dans le maintien de la qualit\u00e9 de nos guides vid\u00e9o. <a href=\"https:\/\/casinolion.ca\/fr\/online-gambling-video-guides\/\">vid\u00e9os<\/a> engageant et instructif.<\/p>\n<\/div>\n<div class=\"team-boxes_content_social\">\n<div class=\"authorbio-links\">\n<a target=\"_blank\" href=\"https:\/\/www.linkedin.com\/in\/angela-wyman-a14548bb\/\" rel=\"noopener\"><i class=\"fab fa-linkedin-in\"><\/i><\/a><a target=\"_blank\" href=\"https:\/\/www.youtube.com\/@angelamariewyman\" rel=\"noopener\"><i class=\"fab fa-youtube\"><\/i><\/a><a target=\"_blank\" href=\"https:\/\/www.facebook.com\/profile.php?id=61552147870589\" rel=\"noopener\"><i class=\"fab fa-facebook\"><\/i><\/a><\/div>\n<\/div>\n<\/div>\n<\/div>\n<div class=\"team-boxes\">\n<div class=\"team-boxes_img\"><img decoding=\"async\" class=\"avatar skip-lazy\" src=\"\/wp-content\/uploads\/2020\/06\/yolina-1.jpg\" alt=\"Auteur Yolina\" width=\"50\" height=\"50\" \/><\/div>\n<div class=\"team-boxes_content\">\n<div class=\"team-boxes_content_name\"><a href=\"https:\/\/casinolion.ca\/fr\/author\/yolina\/\">Yolina<\/a><br \/>\n<span>R\u00e9dacteur en chef<\/span><\/div>\n<div class=\"team-boxes_content_about\">\n<p>Yolina a rejoint le site en 2018 (lorsque nous \u00e9tions pr\u00e9c\u00e9demment connus sous le nom de BestCasinosCanada.com) en tant que r\u00e9dactrice d'actualit\u00e9s et a jou\u00e9 un r\u00f4le essentiel dans l'obtention des derniers scoops sur les nouvelles li\u00e9es \u00e0 l'industrie. Elle s'int\u00e9resse au poker, \u00e0 la mode et \u00e0 l'\u00e9criture cr\u00e9ative ; Vous pouvez trouver la plupart de ses contributions au site dans la section des nouvelles.<\/p>\n<\/div>\n<\/div>\n<\/div>\n<div class=\"team-boxes\">\n<div class=\"team-boxes_img\"><img decoding=\"async\" class=\"avatar skip-lazy\" src=\"\/wp-content\/uploads\/2020\/06\/07628c728f0d8428e7929436337ecdfc.jpeg\" width=\"50\" height=\"50\" alt=\"Auteur Lars Jones\"><\/div>\n<div class=\"team-boxes_content\">\n<div class=\"team-boxes_content_name\"><a href=\"https:\/\/casinolion.ca\/fr\/author\/lars\/\">Lars Jones<\/a><br \/>\n<span>Auteur<\/span>\n<\/div>\n<div class=\"team-boxes_content_about\">\n<p>Lars travaille dans l'industrie des casinos depuis une dizaine d'ann\u00e9es. Sa carri\u00e8re ant\u00e9rieure dans les domaines de la recherche, de la finance, du divertissement et des relations publiques lui a permis de se d\u00e9marquer du battage m\u00e9diatique et d'exposer les r\u00e9sultats de presque tous les sujets li\u00e9s aux casinos. Il passe ses journ\u00e9es \u00e0 faire de la randonn\u00e9e et de la p\u00eache et aime explorer le pays avec sa famille dans leur v\u00e9hicule r\u00e9cr\u00e9atif. Vous trouverez son travail sur l'ensemble du site, notamment dans les sections banque, casinos locaux et guides.<\/p>\n<\/div>\n<div class=\"team-boxes_content_social\">\n<div class=\"authorbio-links\">\n                                    <a target=\"_blank\" href=\"https:\/\/www.linkedin.com\/in\/lars-jones-1289b262\/\" rel=\"noopener\"><i class=\"fab fa-linkedin-in\"><\/i><\/a><\/p>\n<\/div>\n<\/div>\n<\/div>\n<\/div>\n<h3>Nos valeurs fondamentales<\/h3>\n<div class=\"special-boxes\">\n<div class=\"special-boxes_items\">\n<div class=\"special-boxes_heading\">\n<i class=\"fas fa-award\"><\/i><\/p>\n<p>Professionnalisme<\/p>\n<\/div>\n<div class=\"special-boxes_content\">\n<p>L'\u00e9quipe de CasinoLion.ca est compos\u00e9e d'experts de l'industrie. Nous venons sur ce site en tant que joueurs ayant une grande exp\u00e9rience des casinos en ligne, ou nous avons travaill\u00e9 dans des casinos en ligne en tant que responsables d'affiliation ou dans d'autres postes li\u00e9s au marketing et aux produits.<\/p>\n<p>Quoi qu'il en soit, nous savons ce que les joueurs recherchent et nous connaissons la diff\u00e9rence entre un bon et un mauvais casino en ligne. Nous sommes \u00e9galement une petite entreprise dont tous les r\u00e9dacteurs sont en contact direct avec les sites que nous recommandons. Cela signifie que nous sommes suffisamment agiles pour maintenir nos donn\u00e9es \u00e0 jour. Si un casino modifie ses conditions de bonus, ses m\u00e9thodes de paiement ou son assistance, nous le savons.<\/p>\n<\/div>\n<\/div>\n<\/div>\n<div class=\"special-boxes\">\n<div class=\"special-boxes_items\">\n<div class=\"special-boxes_heading\">\n<i class=\"fas fa-search\"><\/i><\/p>\n<p>Transparence<\/p>\n<\/div>\n<div class=\"special-boxes_content\">\n<p>Nous sommes ouverts au fait que nous travaillons en partenariat avec les sites que nous recommandons et que nous recevons une compensation pour les joueurs que nous recommandons. Il s'agit d'un mod\u00e8le normal dans le domaine des sites d'\u00e9valuation de casinos.<\/p>\n<p>Ce mod\u00e8le sert \u00e9galement le joueur. Pourquoi ? Parce que nous pouvons voir, gr\u00e2ce \u00e0 nos partenariats avec les casinos que nous recommandons, si les joueurs parviennent \u00e0 s'inscrire et \u00e0 d\u00e9poser, s'ils jouent, etc. \u00c0 partir de ces donn\u00e9es, nous pouvons d\u00e9duire si le casino est convivial ou non pour les joueurs.<\/p>\n<\/div>\n<\/div>\n<\/div>\n<div class=\"special-boxes\">\n<div class=\"special-boxes_items\">\n<div class=\"special-boxes_heading\">\n<i class=\"fas fa-shield-alt\"><\/i><\/p>\n<p>Confiance<\/p>\n<\/div>\n<div class=\"special-boxes_content\">\n<p>Comme indiqu\u00e9 ici, tous les casinos que nous recommandons sont r\u00e9glement\u00e9s par le <a href=\"https:\/\/www.mga.org.mt\/\">MGA<\/a>, <a href=\"https:\/\/igamingontario.ca\/\">iGaming Ontario<\/a> ou <a href=\"https:\/\/www.gamblingcommission.gov.uk\/\">Commission des jeux de hasard du Royaume-Uni<\/a> - les trois principales autorit\u00e9s de r\u00e9gulation des jeux \u00e0 distance pour les Canadiens. Vous avez ainsi l'assurance de jouer sur un site r\u00e9put\u00e9 qui a fait l'objet d'un audit, a \u00e9t\u00e9 soumis \u00e0 une diligence raisonnable et a entrepris les processus de v\u00e9rification des joueurs requis.<\/p>\n<p>Ce site re\u00e7oit constamment des offres, souvent avec de meilleures compensations, pour travailler avec des casinos non r\u00e9glement\u00e9s ou des casinos, par exemple ceux qui utilisent le logiciel Real Time Gaming, qui op\u00e8rent sous une supervision r\u00e9glementaire moins stricte. Nous refusons ces offres car nous ne voulons nous associer qu'\u00e0 des marques de casinos r\u00e9put\u00e9es et nous n'avons pas peur de r\u00e9v\u00e9ler celles qui ne le sont pas. <a href=\"https:\/\/casinolion.ca\/fr\/dishonest-and-rogue\/\">malhonn\u00eate ou trompeuse<\/a>.<\/p>\n<\/div>\n<\/div>\n<\/div>","protected":false},"excerpt":{"rendered":"<p>L'\u00e9quipe de CasinoLion.ca (anciennement Bestcasinoscanada.com) est compos\u00e9e de v\u00e9t\u00e9rans de l'industrie qui ont \u00e0 la fois jou\u00e9 et travaill\u00e9 dans des casinos en ligne et nous savons que cela permet une bonne exp\u00e9rience de jeu en ligne. Exploit\u00e9 par LCB depuis 2017, une organisation prim\u00e9e de 200 employ\u00e9s qui a \u00e9t\u00e9 un chef de file de l'industrie depuis 2006. Notre objectif est de [...]<\/p>","protected":false},"author":1,"featured_media":0,"parent":0,"menu_order":231,"comment_status":"open","ping_status":"open","template":"","meta":{"_acf_changed":false,"footnotes":""},"class_list":["post-2","page","type-page","status-publish","hentry"],"acf":[],"yoast_head":"<!-- This site is optimized with the Yoast SEO plugin v26.1.1 - https:\/\/yoast.com\/wordpress\/plugins\/seo\/ -->\n<title>About Us - CanadianCasinos.ca (formerly BestCasinosCanada.com) Team<\/title>\n<meta name=\"description\" content=\"Information about the editorial team at Bestcasinoscanada.com\" \/>\n<meta name=\"robots\" content=\"index, follow, max-snippet:-1, max-image-preview:large, max-video-preview:-1\" \/>\n<link rel=\"canonical\" href=\"https:\/\/casinolion.ca\/fr\/about\/\" \/>\n<meta property=\"og:locale\" content=\"fr_CA\" \/>\n<meta property=\"og:type\" content=\"article\" \/>\n<meta property=\"og:title\" content=\"About Us - CanadianCasinos.ca (formerly BestCasinosCanada.com) Team\" \/>\n<meta property=\"og:description\" content=\"Information about the editorial team at Bestcasinoscanada.com\" \/>\n<meta property=\"og:url\" content=\"https:\/\/casinolion.ca\/fr\/about\/\" \/>\n<meta property=\"article:modified_time\" content=\"2024-06-10T09:29:00+00:00\" \/>\n<meta property=\"og:image\" content=\"https:\/\/www.casinolion.ca\/wp-content\/uploads\/2024\/06\/ERIbK3KXUAADWt_-280x120.png\" \/>\n<meta name=\"twitter:card\" content=\"summary_large_image\" \/>\n<meta name=\"twitter:label1\" content=\"Estimation du temps de lecture\" \/>\n\t<meta name=\"twitter:data1\" content=\"5 minutes\" \/>\n<script type=\"application\/ld+json\" class=\"yoast-schema-graph\">{\"@context\":\"https:\/\/schema.org\",\"@graph\":[{\"@type\":\"WebPage\",\"@id\":\"https:\/\/casinolion.ca\/about\/\",\"url\":\"https:\/\/casinolion.ca\/about\/\",\"name\":\"About Us - CanadianCasinos.ca (formerly BestCasinosCanada.com) Team\",\"isPartOf\":{\"@id\":\"https:\/\/casinolion.ca\/fr\/#website\"},\"primaryImageOfPage\":{\"@id\":\"https:\/\/casinolion.ca\/about\/#primaryimage\"},\"image\":{\"@id\":\"https:\/\/casinolion.ca\/about\/#primaryimage\"},\"thumbnailUrl\":\"https:\/\/www.casinolion.ca\/wp-content\/uploads\/2024\/06\/ERIbK3KXUAADWt_-280x120.png\",\"datePublished\":\"2015-09-02T07:41:30+00:00\",\"dateModified\":\"2024-06-10T09:29:00+00:00\",\"description\":\"Information about the editorial team at Bestcasinoscanada.com\",\"breadcrumb\":{\"@id\":\"https:\/\/casinolion.ca\/about\/#breadcrumb\"},\"inLanguage\":\"fr-CA\",\"potentialAction\":[{\"@type\":\"ReadAction\",\"target\":[\"https:\/\/casinolion.ca\/about\/\"]}]},{\"@type\":\"ImageObject\",\"inLanguage\":\"fr-CA\",\"@id\":\"https:\/\/casinolion.ca\/about\/#primaryimage\",\"url\":\"https:\/\/www.casinolion.ca\/wp-content\/uploads\/2024\/06\/ERIbK3KXUAADWt_-280x120.png\",\"contentUrl\":\"https:\/\/www.casinolion.ca\/wp-content\/uploads\/2024\/06\/ERIbK3KXUAADWt_-280x120.png\"},{\"@type\":\"BreadcrumbList\",\"@id\":\"https:\/\/casinolion.ca\/about\/#breadcrumb\",\"itemListElement\":[{\"@type\":\"ListItem\",\"position\":1,\"name\":\"Home\",\"item\":\"https:\/\/casinolion.ca\/\"},{\"@type\":\"ListItem\",\"position\":2,\"name\":\"About Us\"}]},{\"@type\":\"WebSite\",\"@id\":\"https:\/\/casinolion.ca\/fr\/#website\",\"url\":\"https:\/\/casinolion.ca\/fr\/\",\"name\":\"\",\"description\":\"\",\"potentialAction\":[{\"@type\":\"SearchAction\",\"target\":{\"@type\":\"EntryPoint\",\"urlTemplate\":\"https:\/\/casinolion.ca\/fr\/?s={search_term_string}\"},\"query-input\":{\"@type\":\"PropertyValueSpecification\",\"valueRequired\":true,\"valueName\":\"search_term_string\"}}],\"inLanguage\":\"fr-CA\"}]}<\/script>\n<!-- \/ Yoast SEO plugin. -->","yoast_head_json":{"title":"\u00c0 propos de nous - CanadianCasinos.ca (anciennement BestCasinosCanada.com) \u00c9quipe","description":"Informations sur l'\u00e9quipe \u00e9ditoriale de Bestcasinoscanada.com","robots":{"index":"index","follow":"follow","max-snippet":"max-snippet:-1","max-image-preview":"max-image-preview:large","max-video-preview":"max-video-preview:-1"},"canonical":"https:\/\/casinolion.ca\/fr\/about\/","og_locale":"fr_CA","og_type":"article","og_title":"About Us - CanadianCasinos.ca (formerly BestCasinosCanada.com) Team","og_description":"Information about the editorial team at Bestcasinoscanada.com","og_url":"https:\/\/casinolion.ca\/fr\/about\/","article_modified_time":"2024-06-10T09:29:00+00:00","og_image":[{"url":"https:\/\/www.casinolion.ca\/wp-content\/uploads\/2024\/06\/ERIbK3KXUAADWt_-280x120.png","type":"","width":"","height":""}],"twitter_card":"summary_large_image","twitter_misc":{"Estimation du temps de lecture":"5 minutes"},"schema":{"@context":"https:\/\/schema.org","@graph":[{"@type":"WebPage","@id":"https:\/\/casinolion.ca\/about\/","url":"https:\/\/casinolion.ca\/about\/","name":"\u00c0 propos de nous - CanadianCasinos.ca (anciennement BestCasinosCanada.com) \u00c9quipe","isPartOf":{"@id":"https:\/\/casinolion.ca\/fr\/#website"},"primaryImageOfPage":{"@id":"https:\/\/casinolion.ca\/about\/#primaryimage"},"image":{"@id":"https:\/\/casinolion.ca\/about\/#primaryimage"},"thumbnailUrl":"https:\/\/www.casinolion.ca\/wp-content\/uploads\/2024\/06\/ERIbK3KXUAADWt_-280x120.png","datePublished":"2015-09-02T07:41:30+00:00","dateModified":"2024-06-10T09:29:00+00:00","description":"Informations sur l'\u00e9quipe \u00e9ditoriale de Bestcasinoscanada.com","breadcrumb":{"@id":"https:\/\/casinolion.ca\/about\/#breadcrumb"},"inLanguage":"fr-CA","potentialAction":[{"@type":"ReadAction","target":["https:\/\/casinolion.ca\/about\/"]}]},{"@type":"ImageObject","inLanguage":"fr-CA","@id":"https:\/\/casinolion.ca\/about\/#primaryimage","url":"https:\/\/www.casinolion.ca\/wp-content\/uploads\/2024\/06\/ERIbK3KXUAADWt_-280x120.png","contentUrl":"https:\/\/www.casinolion.ca\/wp-content\/uploads\/2024\/06\/ERIbK3KXUAADWt_-280x120.png"},{"@type":"BreadcrumbList","@id":"https:\/\/casinolion.ca\/about\/#breadcrumb","itemListElement":[{"@type":"ListItem","position":1,"name":"Home","item":"https:\/\/casinolion.ca\/"},{"@type":"ListItem","position":2,"name":"About Us"}]},{"@type":"WebSite","@id":"https:\/\/casinolion.ca\/fr\/#website","url":"https:\/\/casinolion.ca\/fr\/","name":"","description":"","potentialAction":[{"@type":"SearchAction","target":{"@type":"EntryPoint","urlTemplate":"https:\/\/casinolion.ca\/fr\/?s={search_term_string}"},"query-input":{"@type":"PropertyValueSpecification","valueRequired":true,"valueName":"search_term_string"}}],"inLanguage":"fr-CA"}]}},"_links":{"self":[{"href":"https:\/\/casinolion.ca\/fr\/wp-json\/wp\/v2\/pages\/2","targetHints":{"allow":["GET"]}}],"collection":[{"href":"https:\/\/casinolion.ca\/fr\/wp-json\/wp\/v2\/pages"}],"about":[{"href":"https:\/\/casinolion.ca\/fr\/wp-json\/wp\/v2\/types\/page"}],"author":[{"embeddable":true,"href":"https:\/\/casinolion.ca\/fr\/wp-json\/wp\/v2\/users\/1"}],"replies":[{"embeddable":true,"href":"https:\/\/casinolion.ca\/fr\/wp-json\/wp\/v2\/comments?post=2"}],"version-history":[{"count":0,"href":"https:\/\/casinolion.ca\/fr\/wp-json\/wp\/v2\/pages\/2\/revisions"}],"wp:attachment":[{"href":"https:\/\/casinolion.ca\/fr\/wp-json\/wp\/v2\/media?parent=2"}],"curies":[{"name":"wp","href":"https:\/\/api.w.org\/{rel}","templated":true}]}}