
{"id":20035,"date":"2023-07-18T07:53:02","date_gmt":"2023-07-18T07:53:02","guid":{"rendered":"https:\/\/www.canadiancasinos.ca\/?page_id=20035"},"modified":"2023-07-18T07:53:02","modified_gmt":"2023-07-18T07:53:02","slug":"deck-entertainment-b-v-casinos","status":"publish","type":"page","link":"https:\/\/casinolion.ca\/fr\/deck-entertainment-b-v-casinos\/","title":{"rendered":"Deck Entertainment B.V. Casinos"},"content":{"rendered":"<h2><span style=\"font-weight: 400;\">Deck Entertainment B.V. Casinos<\/span><\/h2>\n<p><span style=\"font-weight: 400;\">Avec un seul casino \u00e0 son actif, Deck Entertainment B.V. n'est pas l'un des principaux acteurs dans le domaine de l'iGaming. Cependant, le site qu'il poss\u00e8de - PowerPlay - est tr\u00e8s bien not\u00e9 par les parieurs des pays qu'il cible actuellement : Canada, Br\u00e9sil, Inde et Nouvelle-Z\u00e9lande.<\/span><\/p>\n<p><span style=\"font-weight: 400;\">La soci\u00e9t\u00e9 est titulaire d'une licence d\u00e9livr\u00e9e par Curacao Interactive Licensing N.V. (CIL), l'organisme qui r\u00e9glemente \u00e9galement sa seule plate-forme de jeux. Gr\u00e2ce \u00e0 sa polyvalence en termes de verticales de jeu, y compris les jeux de casino et les paris sportifs, Deck Entertainment B.V. r\u00e9pond aux besoins de diff\u00e9rents types de joueurs.<\/span><\/p>\n<h2>Recommand\u00e9 Deck Entertainment B.V. Casinos au Canada<\/h2>\n<div class=\"flex-container column casinoTable bankingTbl\"><div class = \"casino-box-enhanced\">\n                <div class=\"casino-box-enhanced_top\">\n                    <div class=\"casino-box-enhanced_top_left\">\n                        <div class=\"casino-box-enhanced_inner_divs\">\n                            <span class=\"casino-box-enhanced_count\">1<\/span>\n                            <a rel=\"nofollow\" class=\"casino-box-enhanced_logo\" href=\"\/fr\/visit\/powerplay\/\" target=\"_blank\" >\n                                <img decoding=\"async\" width=\"115\" height=\"115\" class=\"casinoLogo\" src=\"\/wp-content\/uploads\/ccImages\/casino\/1683\/powerplay_logo_(1).png\" alt=\"PowerPlay\" \/>\n                            <\/a>\n                            <h4 class=\"casino-box-enhanced_title\">PowerPlay<\/h4>\n                            <span class=\"rate rate_red\">\n                                <span class=\"ratetotal\" style=\"width:56%\"><\/span>\n                            <\/span>\n                            \n                        <\/div>\n                    <\/div>\n                    <div class=\"casino-box-enhanced_top_mid\">\n                            <div class=\"casino-box-enhanced_inner_divs\">\n                                <div class=\"casino-box-enhanced_bonus\">\n                                    \n                                    <span class = \"bonusType\">Bonus d'inscription<\/span>\n                                    <span class = \"bonusOffer\"><span class=\"bonus-percent\">100% <span class=\"up-to text-weight-light\">jusqu'\u00e0<\/span><\/span> <span class=\"max-bonus\"><small>C$<\/small> 200<\/span><\/span>\n                                    \n                                <\/div>\n                                <div class=\"responsive-separator\">\n                                    <div class=\"casino-box-enhanced_banking_methods\">\n                                        <div class=\"banking-item\">\n                                    <img decoding=\"async\" class=\"banking-item_logo\" width=\"50\" height=\"30\" src=\"https:\/\/a1.lcb.org\/system\/modules\/banking\/icons\/attachments\/000\/214\/111\/original\/litecoin.png?1549023965\" alt=\"Litecoin\">\n                                    <span class=\"banking-item_title\">Litecoin accept\u00e9<\/span>\n                                <\/div><a href=\"\/fr\/paysafecard-casinos\/\" class=\"banking-item\">\n                                    <img decoding=\"async\" class=\"banking-item_logo\" width=\"50\" height=\"30\" src=\"https:\/\/a1.lcb.org\/system\/modules\/banking\/icons\/attachments\/000\/006\/859\/original\/Paysafecard_icon.png?1759129548\" alt=\"Paysafecard\">\n                                    <span class=\"banking-item_title\">Paysafecard accept\u00e9<\/span>\n                                <\/a><a href=\"\/fr\/interac-casinos\/\" class=\"banking-item\">\n                                    <img decoding=\"async\" class=\"banking-item_logo\" width=\"50\" height=\"30\" src=\"https:\/\/a1.lcb.org\/system\/modules\/banking\/icons\/attachments\/000\/006\/833\/original\/Interac_Software_Banking_Icon.png?1750912929\" alt=\"Interac\">\n                                    <span class=\"banking-item_title\">Interac accept\u00e9<\/span>\n                                <\/a><div class=\"more-banking-trigger\"><span class=\"more-banking-trigger_btn\">Plus<\/span>\n                                    <div class=\"more-banking-container_outter\">\n                                        <div class=\"more-banking-container\"><div class=\"banking-item\">\n                                    <img decoding=\"async\" class=\"banking-item_logo\" width=\"50\" height=\"30\" src=\"https:\/\/a1.lcb.org\/system\/modules\/banking\/icons\/attachments\/000\/007\/018\/original\/bitcoin.png?1549013493\" alt=\"Bitcoin\">\n                                    <span class=\"banking-item_title\">Bitcoin accept\u00e9<\/span>\n                                <\/div><div class=\"banking-item\">\n                                    <img decoding=\"async\" class=\"banking-item_logo\" width=\"50\" height=\"30\" src=\"https:\/\/a1.lcb.org\/system\/modules\/banking\/icons\/attachments\/000\/006\/953\/original\/visa_debit.png?1549030332\" alt=\"Visa D\u00e9bit\">\n                                    <span class=\"banking-item_title\">Visa D\u00e9bit accept\u00e9e<\/span>\n                                <\/div><div class=\"banking-item\">\n                                    <img decoding=\"async\" class=\"banking-item_logo\" width=\"50\" height=\"30\" src=\"https:\/\/a1.lcb.org\/system\/modules\/banking\/icons\/attachments\/000\/281\/901\/original\/ripple--icon.png?1554706223\" alt=\"Ondulation\">\n                                    <span class=\"banking-item_title\">Ripple accept\u00e9<\/span>\n                                <\/div><div class=\"banking-item\">\n                                    <img decoding=\"async\" class=\"banking-item_logo\" width=\"50\" height=\"30\" src=\"https:\/\/a1.lcb.org\/system\/modules\/banking\/icons\/attachments\/000\/274\/565\/original\/master.png?1549285614\" alt=\"Cr\u00e9dit MasterCard\">\n                                    <span class=\"banking-item_title\">Cr\u00e9dit MasterCard accept\u00e9<\/span>\n                                <\/div><a href=\"\/fr\/visa-casinos\/\" class=\"banking-item\">\n                                    <img decoding=\"async\" class=\"banking-item_logo\" width=\"50\" height=\"30\" src=\"https:\/\/a1.lcb.org\/system\/modules\/banking\/icons\/attachments\/000\/006\/957\/original\/visa.png?1549030311\" alt=\"Cr\u00e9dit Visa\">\n                                    <span class=\"banking-item_title\">Cr\u00e9dit Visa accept\u00e9<\/span>\n                                <\/a><a href=\"\/fr\/using-muchbetter-wallet-at-canadian-online-casinos\/\" class=\"banking-item\">\n                                    <img decoding=\"async\" class=\"banking-item_logo\" width=\"50\" height=\"30\" src=\"https:\/\/a1.lcb.org\/system\/modules\/banking\/icons\/attachments\/000\/260\/664\/original\/much_better.png?1549024729\" alt=\"Beaucoup mieux\">\n                                    <span class=\"banking-item_title\">Beaucoup mieux accept\u00e9<\/span>\n                                <\/a><div class=\"banking-item\">\n                                    <img decoding=\"async\" class=\"banking-item_logo\" width=\"50\" height=\"30\" src=\"https:\/\/a1.lcb.org\/system\/modules\/banking\/icons\/attachments\/000\/217\/246\/original\/ethereum_.png?1549016100\" alt=\"Ethereum\">\n                                    <span class=\"banking-item_title\">Ethereum accept\u00e9<\/span>\n                                <\/div><div class=\"banking-item\">\n                                    <img decoding=\"async\" class=\"banking-item_logo\" width=\"50\" height=\"30\" src=\"https:\/\/a1.lcb.org\/system\/modules\/banking\/icons\/attachments\/000\/325\/012\/original\/mastercard_debit_icon.png?1587026984\" alt=\"Carte de d\u00e9bit MasterCard\">\n                                    <span class=\"banking-item_title\">D\u00e9bit MasterCard accept\u00e9<\/span>\n                                <\/div><\/div>\n                            <\/div>\n                        <\/div>\n                                    <\/div>\n                                    <div class=\"casino-box-enhanced_responsible\">\n                                        \n                                    <\/div>\n                                <\/div>\n                            <\/div><\/div>\n                    <div class=\"on-responsive-bankings\"><\/div>\n                    <div class=\"casino-box-enhanced_top_right\">\n                        <ul class=\"casino-box_short-info\">\n                                        <li>\n                                            <span class=\"casino-box-short-info_title\">Jeux<\/span>\n                                            <span>2932<\/span>\n                                        <\/li>\n                                        <li>\n                                            <span class=\"casino-box-short-info_title\">Paiement<\/span>\n                                            <span>KYC : jusqu'\u00e0 48 heures ; d\u00e9lai d'attente : 0-4 heures ; Crypto : 60 minutes ; portefeuilles \u00e9lectroniques : 3-5 jours ouvrables ;<\/span>\n                                        <\/li>\n                                        \n                                        <li>\n                                            <span class=\"casino-box-short-info_title\">Req. de mise.<\/span>\n                                            <span>35xB<\/span>\n                                        <\/li>\n                                    <\/ul>\n                        <div class=\"casino-box-enhanced_buttons\">\n                            <a target=\"_blank\" class=\"casino-box-enhanced_buttons_visit\" href=\"\/fr\/visit\/powerplay\/\">Jouer <i class=\"fas fa-external-link-alt\"><\/i><\/a>\n                            <button onclick=\"getExtraInfo(13952, this, 91309, `casino`)\" class=\"casino-box-enhanced_buttons_preview\">Avant-premi\u00e8re <i class=\"fal fa-chevron-down\"><\/i><\/button> \n                        <\/div>\n                    <\/div>\n                <\/div>\n                <div class=\"casino-box-enhanced_bottom hidden\" id=\"ajax-box-13952-91309\">\n                    <div class=\"casino-box-enhanced_bottom_left\">\n                        <div class=\"casino-box-enhanced_bottom_left_inner\"><\/div>\n                    <\/div>\n                    <div class=\"casino-box-enhanced_bottom_mid\">\n                        <h4 id=\"chart-title-13952-91309\" class=\"casino-box-chart-title\">Jackpot au PowerPlay<\/h4>\n                        <canvas id=\"myChart-13952-91309\"><\/canvas>\n                        <ul id=\"extra-info-13952-91309\" class=\"casino-box-full-info\">\n        \n            <li class=\"casino-box-full-info_item\">\n                <span class=\"casino-box-full-info_item_title\">D\u00e9p\u00f4t minimum<\/span>\n                <span>$10<\/span>\n            <\/li>\n            \n            <li class=\"casino-box-full-info_item\">\n                <span class=\"casino-box-full-info_item_title\">Retrait minimum<\/span>\n                <span>$10<\/span>\n            <\/li>\n            \n            <li class=\"casino-box-full-info_item\">\n                <span class=\"casino-box-full-info_item_title\">Langues<\/span>\n                <span>Anglais<\/span>\n            <\/li>\n            \n            <li class=\"casino-box-full-info_item\">\n                <span class=\"casino-box-full-info_item_title\">Limite d'encaissement<\/span>\n                <span>$20 000 par jour\/$100 000 par semaine<\/span>\n            <\/li>\n        <\/ul>\n                    <\/div>\n                    <div class=\"casino-box-enhanced_bottom_right\">\n                        <div class=\"casino-box_pros-cons\">\n                            <ul class=\"casino-box_pros-cons_pros\">\n                            <\/ul>\n                            <ul class=\"casino-box_pros-cons_cons\">\n                            <\/ul>\n                        <\/div>\n                        <div class=\"casino-box_review-link\">\n                            \n                        <\/div>\n                    <\/div>\n                <\/div>\n            <\/div><\/div>\n<h2><span style=\"font-weight: 400;\">\u00c0 propos de Deck Entertainment B.V.<\/span><\/h2>\n<p><span style=\"font-weight: 400;\">Contrairement \u00e0 de nombreuses soci\u00e9t\u00e9s d'iGaming, Deck Entertainment B.V. ne dispose pas d'un site Internet officiel. Par cons\u00e9quent, ses proc\u00e9dures op\u00e9rationnelles et les d\u00e9tails qui les accompagnent ne sont pas accessibles au public. La seule chose certaine dans ce domaine est que, selon le registre commercial de Cura\u00e7ao, la soci\u00e9t\u00e9 a acquis une licence de Cura\u00e7ao en 2017.<\/span><\/p>\n<p><span style=\"font-weight: 400;\">Comme nous l'avons mentionn\u00e9, en plus de cinq ans d'existence sur le march\u00e9 des jeux en ligne, Deck Entertainment B.V. n'a lanc\u00e9 qu'un seul site de casino - PowerPlay Casino. Pourtant, il semble que l'id\u00e9e de la soci\u00e9t\u00e9 de mettre tous ses \u0153ufs dans le m\u00eame panier s'est av\u00e9r\u00e9e fructueuse puisque cette plateforme fonctionne avec succ\u00e8s depuis le premier jour. Reste \u00e0 savoir si Deck Entertainment B.V. \u00e9largira ou non son portefeuille.<\/span><\/p>\n<h2><span style=\"font-weight: 400;\">Deck Entertainment B.V. Casinos<\/span><\/h2>\n<p><span style=\"font-weight: 400;\">Le fleuron de Deck Entertainment B.V. - PowerPlay Casino - offre tout ce dont vous pourriez avoir besoin pour une session de jeu en ligne fluide. Si vous souhaitez l'essayer, plongez dans la revue ci-dessous.<\/span><\/p>\n<h3><span style=\"font-weight: 400;\">PowerPlay Casino<\/span><\/h3>\n<p><span style=\"font-weight: 400;\">Lanc\u00e9 en 2018, le site d\u00e9tient une licence de Cura\u00e7ao et propose une ludoth\u00e8que comprenant des titres de casino provenant de nombreux fournisseurs de logiciels renomm\u00e9s. En plus de cela, ses membres peuvent \u00e9galement prendre part \u00e0 des paris sportifs sur des \u00e9v\u00e9nements sportifs en direct et virtuels.<\/span><\/p>\n<p><span style=\"font-weight: 400;\">En ce qui concerne la page d'accueil du casino, sous l'onglet consacr\u00e9 aux machines \u00e0 sous, vous trouverez des cat\u00e9gories soigneusement divis\u00e9es pr\u00e9sentant les nouveaux titres, les titres populaires, les titres \u00e0 la mode et les titres vedettes. Certains d\u00e9veloppeurs de jeux comme WooHoo Games, Habanero Games et Skywind Games disposent \u00e9galement de sous-sections distinctes, tout comme les jackpots, Drops &amp; Wins et les machines \u00e0 sous \u00e0 th\u00e8me sportif.<\/span><\/p>\n<p><span style=\"font-weight: 400;\">Les bonus du casino sont divis\u00e9s en diff\u00e9rentes cat\u00e9gories. Le premier groupe couvre l'offre de bienvenue qui consiste en trois offres de d\u00e9p\u00f4t distinctes. Toutes ces offres combin\u00e9es peuvent apporter aux nouveaux joueurs une correspondance de d\u00e9p\u00f4t de 100% jusqu'\u00e0 $1,000. Sont \u00e9galement disponibles des tours gratuits, des offres g\u00e9n\u00e9rales telles que les offres de parrainage et Drops &amp; Wins, ainsi que des offres destin\u00e9es aux parieurs sportifs.<\/span><\/p>\n<p><span style=\"font-weight: 400;\">PowerPlay Casino propose plusieurs m\u00e9thodes de paiement accept\u00e9es dans les quatre pays qu'il dessert actuellement. MuchBetter et Cryptopay sont les deux seules options fonctionnant sur l'ensemble du territoire, tandis qu'il existe plusieurs autres moyens de paiement sp\u00e9cifiques \u00e0 chaque pays, y compris les cartes, les portefeuilles \u00e9lectroniques et les bons pr\u00e9pay\u00e9s. Les d\u00e9p\u00f4ts et les retraits peuvent \u00eatre effectu\u00e9s \u00e0 partir de $10, tandis que les limites maximales peuvent atteindre des milliers de dollars, selon la m\u00e9thode choisie.<\/span><\/p>\n<p><span style=\"font-weight: 400;\">L'assistance \u00e0 la client\u00e8le est disponible 24 heures sur 24 et 7 jours sur 7 par chat en direct, e-mail, t\u00e9l\u00e9phone et Facebook, et le site a pr\u00e9par\u00e9 un sondage pour ses visiteurs afin d'obtenir des commentaires sur ce qui pourrait \u00eatre am\u00e9lior\u00e9. Bien que PowerPlay Casino ne dispose pas d'une application mobile native, son site Web est enti\u00e8rement fonctionnel sur de nombreux mod\u00e8les d'appareils iOS et Android.<\/span><\/p>\n<h2><span style=\"font-weight: 400;\">Deck Entertainment B.V. Fournisseurs de jeux et de logiciels<\/span><\/h2>\n<p><span style=\"font-weight: 400;\">A en juger par la biblioth\u00e8que du PowerPlay Casino, Deck Entertainment B.V. a choisi de grands alli\u00e9s pour se lancer dans une carri\u00e8re de joueur en ligne, tels que Pragmatic Play, Evolution Gaming, Microgaming, et bien d'autres encore. En s'appuyant sur les leaders de l'industrie du d\u00e9veloppement de jeux, cet op\u00e9rateur de casino s'est assur\u00e9 une s\u00e9lection de titres diversifi\u00e9e et une base de fans d\u00e9cente.<\/span><\/p>\n<p><span style=\"font-weight: 400;\">Les jeux que vous pouvez vous attendre \u00e0 trouver sur le casino de Deck Entertainment B.V. comprennent toutes les options standard. Vous pourrez mettre la main sur des centaines de machines \u00e0 sous, ainsi que sur des jeux de table RNG, tels que le blackjack, la roulette et des variantes de poker. Le blackjack en direct, la roulette, les spectacles de jeux et autres jeux de cartes avec croupier en direct sont \u00e9galement au menu, ainsi qu'un onglet r\u00e9serv\u00e9 aux titres de style Vegas.<\/span><\/p>\n<h2><span style=\"font-weight: 400;\">Devrais-je faire confiance \u00e0 Deck Entertainment B.V. Casinos ?<\/span><\/h2>\n<p><span style=\"font-weight: 400;\">Bien que Deck Entertainment B.V. ne poss\u00e8de et n'exploite qu'un seul casino, le site est tr\u00e8s certainement un site de confiance. Il sert activement les joueurs depuis 2018 sous une licence de Cura\u00e7ao et, outre les jeux de casino, il propose \u00e9galement des paris sportifs et des paris sur les sports virtuels.<\/span><\/p>\n<p><span style=\"font-weight: 400;\">Sa biblioth\u00e8que de jeux comprend des titres de certains des fournisseurs de logiciels les plus connus, et des options bancaires fiables couvrent \u00e0 la fois les transactions en monnaie fiduciaire et en crypto-monnaie. Pour toute question, le casino Deck Entertainment B.V. dispose d'un service client\u00e8le disponible 24 heures sur 24, et l'\u00e9valuation \u00e9lev\u00e9e qu'il re\u00e7oit de ses membres est une preuve solide de la fiabilit\u00e9 de la marque.<\/span><\/p>","protected":false},"excerpt":{"rendered":"<p>Deck Entertainment B.V. Casinos Avec un seul casino \u00e0 son actif, Deck Entertainment B.V. n'est pas l'un des principaux acteurs dans le domaine de l'iGaming. Cependant, le site qu'il poss\u00e8de - PowerPlay - est tr\u00e8s bien not\u00e9 par les parieurs des pays qu'il cible actuellement : Canada, Br\u00e9sil, Inde et Nouvelle-Z\u00e9lande. La soci\u00e9t\u00e9 d\u00e9tient un [...]<\/p>","protected":false},"author":1,"featured_media":0,"parent":0,"menu_order":0,"comment_status":"closed","ping_status":"closed","template":"","meta":{"_acf_changed":false,"footnotes":""},"class_list":["post-20035","page","type-page","status-publish","hentry"],"acf":[],"yoast_head":"<!-- This site is optimized with the Yoast SEO plugin v26.1.1 - https:\/\/yoast.com\/wordpress\/plugins\/seo\/ -->\n<title>Deck Entertainment B.V. Casinos<\/title>\n<meta name=\"robots\" content=\"index, follow, max-snippet:-1, max-image-preview:large, max-video-preview:-1\" \/>\n<link rel=\"canonical\" href=\"https:\/\/casinolion.ca\/fr\/deck-entertainment-b-v-casinos\/\" \/>\n<meta property=\"og:locale\" content=\"fr_CA\" \/>\n<meta property=\"og:type\" content=\"article\" \/>\n<meta property=\"og:title\" content=\"Deck Entertainment B.V. Casinos\" \/>\n<meta property=\"og:description\" content=\"Deck Entertainment B.V. Casinos With a single casino under its belt, Deck Entertainment B.V. is not one of the main players in the iGaming field. However, the one site it owns \u2014 PowerPlay \u2014 is highly rated by punters in the countries it currently targets: Canada, Brazil, India, and New Zealand. The company holds a [&hellip;]\" \/>\n<meta property=\"og:url\" content=\"https:\/\/casinolion.ca\/fr\/deck-entertainment-b-v-casinos\/\" \/>\n<meta name=\"twitter:card\" content=\"summary_large_image\" \/>\n<meta name=\"twitter:label1\" content=\"Estimation du temps de lecture\" \/>\n\t<meta name=\"twitter:data1\" content=\"4 minutes\" \/>\n<script type=\"application\/ld+json\" class=\"yoast-schema-graph\">{\"@context\":\"https:\/\/schema.org\",\"@graph\":[{\"@type\":\"WebPage\",\"@id\":\"https:\/\/casinolion.ca\/deck-entertainment-b-v-casinos\/\",\"url\":\"https:\/\/casinolion.ca\/deck-entertainment-b-v-casinos\/\",\"name\":\"Deck Entertainment B.V. Casinos\",\"isPartOf\":{\"@id\":\"https:\/\/casinolion.ca\/fr\/#website\"},\"datePublished\":\"2023-07-18T07:53:02+00:00\",\"breadcrumb\":{\"@id\":\"https:\/\/casinolion.ca\/deck-entertainment-b-v-casinos\/#breadcrumb\"},\"inLanguage\":\"fr-CA\",\"potentialAction\":[{\"@type\":\"ReadAction\",\"target\":[\"https:\/\/casinolion.ca\/deck-entertainment-b-v-casinos\/\"]}]},{\"@type\":\"BreadcrumbList\",\"@id\":\"https:\/\/casinolion.ca\/deck-entertainment-b-v-casinos\/#breadcrumb\",\"itemListElement\":[{\"@type\":\"ListItem\",\"position\":1,\"name\":\"Home\",\"item\":\"https:\/\/casinolion.ca\/\"},{\"@type\":\"ListItem\",\"position\":2,\"name\":\"Deck Entertainment B.V. Casinos\"}]},{\"@type\":\"WebSite\",\"@id\":\"https:\/\/casinolion.ca\/fr\/#website\",\"url\":\"https:\/\/casinolion.ca\/fr\/\",\"name\":\"\",\"description\":\"\",\"potentialAction\":[{\"@type\":\"SearchAction\",\"target\":{\"@type\":\"EntryPoint\",\"urlTemplate\":\"https:\/\/casinolion.ca\/fr\/?s={search_term_string}\"},\"query-input\":{\"@type\":\"PropertyValueSpecification\",\"valueRequired\":true,\"valueName\":\"search_term_string\"}}],\"inLanguage\":\"fr-CA\"}]}<\/script>\n<!-- \/ Yoast SEO plugin. -->","yoast_head_json":{"title":"Deck Entertainment B.V. Casinos","robots":{"index":"index","follow":"follow","max-snippet":"max-snippet:-1","max-image-preview":"max-image-preview:large","max-video-preview":"max-video-preview:-1"},"canonical":"https:\/\/casinolion.ca\/fr\/deck-entertainment-b-v-casinos\/","og_locale":"fr_CA","og_type":"article","og_title":"Deck Entertainment B.V. Casinos","og_description":"Deck Entertainment B.V. Casinos With a single casino under its belt, Deck Entertainment B.V. is not one of the main players in the iGaming field. However, the one site it owns \u2014 PowerPlay \u2014 is highly rated by punters in the countries it currently targets: Canada, Brazil, India, and New Zealand. The company holds a [&hellip;]","og_url":"https:\/\/casinolion.ca\/fr\/deck-entertainment-b-v-casinos\/","twitter_card":"summary_large_image","twitter_misc":{"Estimation du temps de lecture":"4 minutes"},"schema":{"@context":"https:\/\/schema.org","@graph":[{"@type":"WebPage","@id":"https:\/\/casinolion.ca\/deck-entertainment-b-v-casinos\/","url":"https:\/\/casinolion.ca\/deck-entertainment-b-v-casinos\/","name":"Deck Entertainment B.V. Casinos","isPartOf":{"@id":"https:\/\/casinolion.ca\/fr\/#website"},"datePublished":"2023-07-18T07:53:02+00:00","breadcrumb":{"@id":"https:\/\/casinolion.ca\/deck-entertainment-b-v-casinos\/#breadcrumb"},"inLanguage":"fr-CA","potentialAction":[{"@type":"ReadAction","target":["https:\/\/casinolion.ca\/deck-entertainment-b-v-casinos\/"]}]},{"@type":"BreadcrumbList","@id":"https:\/\/casinolion.ca\/deck-entertainment-b-v-casinos\/#breadcrumb","itemListElement":[{"@type":"ListItem","position":1,"name":"Home","item":"https:\/\/casinolion.ca\/"},{"@type":"ListItem","position":2,"name":"Deck Entertainment B.V. Casinos"}]},{"@type":"WebSite","@id":"https:\/\/casinolion.ca\/fr\/#website","url":"https:\/\/casinolion.ca\/fr\/","name":"","description":"","potentialAction":[{"@type":"SearchAction","target":{"@type":"EntryPoint","urlTemplate":"https:\/\/casinolion.ca\/fr\/?s={search_term_string}"},"query-input":{"@type":"PropertyValueSpecification","valueRequired":true,"valueName":"search_term_string"}}],"inLanguage":"fr-CA"}]}},"_links":{"self":[{"href":"https:\/\/casinolion.ca\/fr\/wp-json\/wp\/v2\/pages\/20035","targetHints":{"allow":["GET"]}}],"collection":[{"href":"https:\/\/casinolion.ca\/fr\/wp-json\/wp\/v2\/pages"}],"about":[{"href":"https:\/\/casinolion.ca\/fr\/wp-json\/wp\/v2\/types\/page"}],"author":[{"embeddable":true,"href":"https:\/\/casinolion.ca\/fr\/wp-json\/wp\/v2\/users\/1"}],"replies":[{"embeddable":true,"href":"https:\/\/casinolion.ca\/fr\/wp-json\/wp\/v2\/comments?post=20035"}],"version-history":[{"count":0,"href":"https:\/\/casinolion.ca\/fr\/wp-json\/wp\/v2\/pages\/20035\/revisions"}],"wp:attachment":[{"href":"https:\/\/casinolion.ca\/fr\/wp-json\/wp\/v2\/media?parent=20035"}],"curies":[{"name":"wp","href":"https:\/\/api.w.org\/{rel}","templated":true}]}}