
{"id":20118,"date":"2023-07-27T06:01:23","date_gmt":"2023-07-27T06:01:23","guid":{"rendered":"https:\/\/www.canadiancasinos.ca\/?page_id=20118"},"modified":"2023-07-27T06:03:27","modified_gmt":"2023-07-27T06:03:27","slug":"entertainment-software-group-n-v-casinos","status":"publish","type":"page","link":"https:\/\/casinolion.ca\/fr\/entertainment-software-group-n-v-casinos\/","title":{"rendered":"Entertainment Software Group N.V. Casinos"},"content":{"rendered":"<h2>\u00c0 propos d'Entertainment Software Group N.V.<\/h2>\n<p>Entertainment Software Group N.V. a \u00e9t\u00e9 fond\u00e9 et enregistr\u00e9 en 2017 par une petite \u00e9quipe d'experts du secteur. Le groupe a d\u00e9cid\u00e9 de cr\u00e9er sa propre entreprise sous l'\u0153il vigilant de Jonathan Robert Seeds, qui fait partie de Dutch Antilles Management N.V. depuis 1992. Il n'est donc pas surprenant qu'Entertainment Software Group N.V. fonctionne selon les m\u00eames principes directeurs.<\/p>\n<p>En outre, l'entreprise dispose d'un site web, <a href=\"https:\/\/entsoftgroup.com\/\">ensoftgroup.com<\/a>, sur lequel elle se pr\u00e9sente comme une soci\u00e9t\u00e9 de marketing pilot\u00e9e par l'IA. Il est int\u00e9ressant de noter que nous n'avons trouv\u00e9 aucune donn\u00e9e sur ses casinos sur ce site.<\/p>\n<p>Entertainment Software Group N.V. a obtenu un permis de la Chambre de commerce et d'industrie de Cura\u00e7ao, avec le num\u00e9ro d'enregistrement 143733. Les fondateurs ont commenc\u00e9 modestement et ont lanc\u00e9 leur premier site SlotsRoom Casino en 2016. Au cours des ann\u00e9es suivantes, cinq autres casinos ont suivi - Casino Max (2017), Cherry Jackpot (2017), Roaring21 Casino (2018), Spinfinity Casino (2020) et Slots Ninja Casino (2021).<\/p>\n<h2>Recommand\u00e9 Deck Entertainment B.V. Casinos au Canada<\/h2>\n<div class=\"flex-container column casinoTable bankingTbl\"><\/div>\n<h2>Entertainment Software Group N.V. Casinos<\/h2>\n<p>La soci\u00e9t\u00e9 poss\u00e8de et g\u00e8re cinq casinos en ligne, qui op\u00e8rent tous sous une licence de Cura\u00e7ao avec le num\u00e9ro de permis 365\/JAZ Sub-License GLH-OCCHKTW0705302017. Examinons chacun d'entre eux plus en d\u00e9tail.<\/p>\n<h3>SlotsRoom Casino<\/h3>\n<p>Contrairement \u00e0 la plupart des casinos en ligne, qui acceptent g\u00e9n\u00e9ralement les joueurs de plus de 18 ans, vous devez \u00eatre \u00e2g\u00e9 d'au moins 21 ans pour vous inscrire au SlotsRoom Casino. Bien que son site Web ne soit pas flamboyant, ce casino offre tout ce qu'un joueur peut souhaiter : un environnement de jeu s\u00fbr, une excellente vari\u00e9t\u00e9 de jeux, une assistance par chat en direct 24 heures sur 24, 7 jours sur 7 et des bonus all\u00e9chants.<\/p>\n<p>En ce qui concerne les promotions, l'op\u00e9rateur a pr\u00e9par\u00e9 20 tours gratuits pour votre premier d\u00e9p\u00f4t et de nombreuses autres incitations si vous restez dans les parages et continuez \u00e0 jouer aux jeux de la plateforme. Le site est un bon choix pour les d\u00e9butants comme pour les joueurs exp\u00e9riment\u00e9s.<\/p>\n<p>En ce qui concerne les d\u00e9p\u00f4ts et les retraits, SlotsRoom prend en charge plusieurs m\u00e9thodes de paiement, notamment les virements bancaires, les cartes et les devises num\u00e9riques. Cependant, il n'accepte que les transferts en USD et CAD. Pour l'instant, le site n'est disponible qu'en anglais.<\/p>\n<h3>Roaring21 Casino<\/h3>\n<p>Roaring21 Casino fait une forte premi\u00e8re impression avec son incroyable promotion de bienvenue. L'op\u00e9rateur r\u00e9compense tous les nouveaux venus avec 400% jusqu'\u00e0 $4,000 + 100 tours gratuits, qui peuvent \u00eatre r\u00e9clam\u00e9s non pas une mais deux fois sur les machines \u00e0 sous, le keno et les cartes \u00e0 gratter. Si ces jeux ne sont pas votre tasse de th\u00e9, Roaring21 offre un autre bonus de bienvenue de 100% jusqu'\u00e0 $1,000 sur n'importe quel autre jeu que vous aimez. Les joueurs enregistr\u00e9s ont \u00e9galement \u00e0 leur disposition diff\u00e9rentes offres hebdomadaires en fiat et en crypto.<\/p>\n<p>Le casino est licenci\u00e9, s\u00e9curis\u00e9 et optimis\u00e9 pour les mobiles, dispose d'une interface simple et moderne et n'accepte que les joueurs de plus de 21 ans. Sur le plan bancaire, Roaring21 accepte les paiements par carte, les virements bancaires et les cryptomonnaies. De plus, il est l'un des rares op\u00e9rateurs \u00e0 accepter les ch\u00e8ques. Les d\u00e9p\u00f4ts sont instantan\u00e9s et sans frais, mais les retraits prennent g\u00e9n\u00e9ralement de 1 \u00e0 5 jours, avec des frais pouvant aller jusqu'\u00e0 $50.<\/p>\n<h3>Slots Ninja Casino<\/h3>\n<p>Ce site de casino est le dernier n\u00e9 du portefeuille d'Entertainment Software Group N.V.. N\u00e9anmoins, l'op\u00e9rateur attire de nombreux joueurs gr\u00e2ce \u00e0 sa gamme de jeux propuls\u00e9s par RTG, ses transactions s\u00e9curis\u00e9es et ses diverses promotions. \u00c0 cet \u00e9gard, le casino stimule les bankrolls de tous les utilisateurs nouvellement inscrits en leur offrant deux offres de bienvenue impressionnantes : un bonus de correspondance de 350% \u00e9changeable 4x ou une offre de correspondance de d\u00e9p\u00f4t de 500% sur les paiements en crypto-monnaie. De plus, il y a d'autres promotions sur les d\u00e9p\u00f4ts et des cashbacks pour les habitu\u00e9s. Le casino dispose \u00e9galement d'un syst\u00e8me standard de points comp, qui vous permet de collecter et d'\u00e9changer des points contre des prix int\u00e9ressants.<\/p>\n<p>Contrairement \u00e0 ses cons\u0153urs, cet op\u00e9rateur n'accueille que les clients des \u00c9tats-Unis et du Canada.<\/p>\n<h3>Casino Max<\/h3>\n<p>Comme les autres casinos d'Entertainment Software Group N.V., Casino Max dispose d'une interface \u00e9pur\u00e9e, facilitant la navigation. Outre une s\u00e9lection de jeux comprenant des machines \u00e0 sous, des jeux de table, du vid\u00e9o poker et un casino avec croupier en direct, son principal argument de vente est son offre de bonus somptueux.<\/p>\n<p>L'enregistrement de votre compte vous permet de b\u00e9n\u00e9ficier d'un traitement royal, notamment d'un package de bienvenue de 325% jusqu'\u00e0 $9,750 sur les trois premiers d\u00e9p\u00f4ts sur les machines \u00e0 sous. Les amateurs de jeux de table b\u00e9n\u00e9ficient \u00e9galement d'une promotion d'introduction de 100% jusqu'\u00e0 $1,000. Cependant, si aucune de ces offres ne vous int\u00e9resse, vous pouvez simplement r\u00e9clamer 25 tours gratuits sur votre premier d\u00e9p\u00f4t.  Le service client\u00e8le est de premier ordre, disponible 24 heures sur 24, et une assistance t\u00e9l\u00e9phonique est \u00e9galement fournie.<\/p>\n<p>Casino Max prend en charge un nombre d\u00e9cent de m\u00e9thodes bancaires, des cartes de d\u00e9bit\/cr\u00e9dit aux portefeuilles \u00e9lectroniques et aux devises num\u00e9riques. Il accepte \u00e9galement les retraits par ch\u00e8que, mais il y a des frais fixes de $50 pour ces paiements. Les d\u00e9p\u00f4ts en monnaie fiduciaire ne peuvent \u00eatre effectu\u00e9s qu'en USD et CAD.<\/p>\n<h3>Cherry Jackpot Casino<\/h3>\n<p>Fid\u00e8le \u00e0 son nom, ce casino propose une offre de bienvenue juteuse qui consiste en un bonus de 400% jusqu'\u00e0 $8,000 sur les deux premiers d\u00e9p\u00f4ts pour tous les nouveaux joueurs. De plus, les utilisateurs enregistr\u00e9s ont acc\u00e8s \u00e0 une pl\u00e9thore d'autres promotions crypto et fiat o\u00f9 ils peuvent gagner de l'argent, des tours gratuits et des points comp.<\/p>\n<p>Les joueurs de plus de 21 ans peuvent profiter de plus de 200 jeux et s'inscrire aupr\u00e8s de la marque. La conception simple de la plateforme vous permet de trouver rapidement vos titres pr\u00e9f\u00e9r\u00e9s. Le fournisseur propose des m\u00e9thodes bancaires standard et plusieurs cryptomonnaies. Il n'impose pas de frais de d\u00e9p\u00f4t, mais le d\u00e9p\u00f4t minimum est de $35 pour toutes les options, \u00e0 l'exception du Bitcoin.<\/p>\n<p>Compte tenu de ces \u00e9l\u00e9ments et du bonus de bienvenue, nous pouvons conclure que Cherry Jackpot s'adresse principalement aux joueurs de haut niveau.<\/p>\n<h3>Spinfinity Casino<\/h3>\n<p>Bien que son interface ne pr\u00e9sente qu'un ovni et plusieurs plan\u00e8tes en orbite sur un fond uni, Spinfinity Casino a tout un univers \u00e0 offrir \u00e0 ses clients. Ce casino adapt\u00e9 aux mobiles dispose d'un catalogue de jeux comptant plus de 270 machines \u00e0 sous, vid\u00e9o poker, jeux de table et jeux avec croupiers en direct. Il propose \u00e9galement des jackpots all\u00e9chants \u00e0 plus de sept chiffres.<\/p>\n<p>Spinfinity prend bien soin de ses joueurs, qu'ils soient nouveaux ou inscrits. Les nouveaux venus appr\u00e9cieront la promotion de bienvenue qui leur offre 300% jusqu'\u00e0 $9,000, \u00e9changeable 3x ($3,000 par d\u00e9p\u00f4t). Si vous souhaitez d\u00e9poser en crypto, vous pouvez b\u00e9n\u00e9ficier du bonus de bienvenue de 500% en crypto. En outre, il existe plusieurs offres de bonus lucratives pour les habitu\u00e9s. Le casino accepte plusieurs m\u00e9thodes bancaires, y compris les principales cartes de cr\u00e9dit\/d\u00e9bit, les cryptomonnaies et les virements bancaires. Toutes les options de paiement sont exemptes de frais de d\u00e9p\u00f4t, ce qui n'est pas le cas des m\u00e9thodes de retrait. Seuls les transferts par carte Blue Reward sont instantan\u00e9s et sans frais dans les deux sens.<\/p>\n<p>Spinfinity s'adresse aux joueurs du monde entier \u00e2g\u00e9s de plus de 21 ans. Cependant, le casino n'accepte pas les r\u00e9sidents de plus de 40 pays.<\/p>\n<h2>Entertainment Software Group N.V. Logiciels et jeux<\/h2>\n<p>Toutes les plates-formes de jeu en ligne mentionn\u00e9es ci-dessus proposent des jeux provenant d'un seul fournisseur : Realtime Gaming (RTG), un fournisseur de casinos en ligne r\u00e9put\u00e9 \u00e9tabli au Costa Rica en 2007. Vous pouvez donc vous attendre \u00e0 des machines \u00e0 sous vid\u00e9o de grande qualit\u00e9, dot\u00e9es d'excellents graphismes, d'\u00e9l\u00e9ments audio accrocheurs et de th\u00e8mes captivants. Les casinos d'Entertainment Software Group N.V. proposent tous les principaux groupes de jeux, notamment les machines \u00e0 sous, les jackpots, les jeux de table, les options de croupiers en direct et le vid\u00e9o poker.<\/p>\n<p>Les op\u00e9rateurs proposent une pl\u00e9thore de machines \u00e0 sous vid\u00e9o nouvelles et populaires, mais leur offre de jeux de table n'est pas tr\u00e8s vaste. Ainsi, si vous \u00eates, par exemple, un amateur de baccarat, vous ne le trouverez pas ici. Les joueurs peuvent \u00e9galement profiter de jeux sp\u00e9cialis\u00e9s, comme le keno, le bingo, les jeux de soci\u00e9t\u00e9 et les jeux de tir. Toutefois, cette cat\u00e9gorie est relativement restreinte.  \u00c0 premi\u00e8re vue, vous pouvez penser que les casinos d'Entertainment Software Group N.V. ne proposent pas de jeux avec croupier en direct, mais ce n'est pas le cas.<\/p>\n<p>Chaque casino exige que vous cr\u00e9iez un compte avant que cette cat\u00e9gorie ne soit visible.  Cependant, ne vous faites pas trop d'illusions, car vous ne pourrez jouer qu'\u00e0 quelques jeux de blackjack, notamment Blackjack HD et Blackjack Early Payout. Les limites des tables commencent \u00e0 $10 et $25, mais si vous \u00eates un joueur \u00e0 enjeux \u00e9lev\u00e9s, vous pouvez opter pour celles qui offrent des mises de $50-$2,500.<\/p>\n<h2>Entertainment Software Group N.V. Avantages et inconv\u00e9nients<\/h2>\n<p>Examinons les forces et les faiblesses de Entertainment Software Group N.V. : <strong>Pour<\/strong>:<\/p>\n<ul>\n<li>Licence Cura\u00e7ao<\/li>\n<li>Bonus de bienvenue massif<\/li>\n<li>Biblioth\u00e8ques de jeux aliment\u00e9es par RTG<\/li>\n<li>Sites web simples et faciles \u00e0 naviguer<\/li>\n<li>D\u00e9p\u00f4ts instantan\u00e9s et certaines m\u00e9thodes de paiement des retraits<\/li>\n<\/ul>\n<p><strong>Cons<\/strong>:<\/p>\n<ul>\n<li>Peu d'informations sur l'entreprise<\/li>\n<li>Nombre limit\u00e9 de jeux avec croupiers en direct<\/li>\n<li>Seules quelques options de paiement sont disponibles dans les six casinos.<\/li>\n<\/ul>\n<h2>Entertainment Software Group N.V. Vue d'ensemble<\/h2>\n<p><strong>Ann\u00e9e de cr\u00e9ation<\/strong>: 2017<\/p>\n<p><strong>Recettes<\/strong>: N\/A<\/p>\n<p><strong>Directeur g\u00e9n\u00e9ral : <\/strong>Jonathan Robert Seeds<\/p>\n<p><strong>Salari\u00e9s<\/strong>: N\/A<\/p>\n<p><strong>Licences<\/strong>: Commission de contr\u00f4le des jeux de Cura\u00e7ao<\/p>","protected":false},"excerpt":{"rendered":"<p>\u00c0 propos d'Entertainment Software Group N.V. Entertainment Software Group N.V. a \u00e9t\u00e9 fond\u00e9 et enregistr\u00e9 en 2017 par une petite \u00e9quipe d'experts de l'industrie. Le groupe a d\u00e9cid\u00e9 de cr\u00e9er sa propre entreprise sous l'\u0153il vigilant de Jonathan Robert Seeds, qui fait partie de Dutch Antilles Management N.V. depuis 1992. Il n'est donc pas surprenant que [...]<\/p>","protected":false},"author":1,"featured_media":0,"parent":0,"menu_order":0,"comment_status":"closed","ping_status":"closed","template":"","meta":{"_acf_changed":false,"footnotes":""},"class_list":["post-20118","page","type-page","status-publish","hentry"],"acf":[],"yoast_head":"<!-- This site is optimized with the Yoast SEO plugin v26.1.1 - https:\/\/yoast.com\/wordpress\/plugins\/seo\/ -->\n<title>Best Entertainment Software Group N.V. Casinos in [2026]<\/title>\n<meta name=\"robots\" content=\"index, follow, max-snippet:-1, max-image-preview:large, max-video-preview:-1\" \/>\n<link rel=\"canonical\" href=\"https:\/\/casinolion.ca\/fr\/entertainment-software-group-n-v-casinos\/\" \/>\n<meta property=\"og:locale\" content=\"fr_CA\" \/>\n<meta property=\"og:type\" content=\"article\" \/>\n<meta property=\"og:title\" content=\"Best Entertainment Software Group N.V. Casinos in [2026]\" \/>\n<meta property=\"og:description\" content=\"About Entertainment Software Group N.V. Entertainment Software Group N.V. was founded and registered in 2017 by a small team of industry experts. The group decided to establish their own company under the watchful eye of Jonathan Robert Seeds, who has been part of the Dutch Antilles Management N.V. since 1992. Therefore, it&#8217;s not surprising that [&hellip;]\" \/>\n<meta property=\"og:url\" content=\"https:\/\/casinolion.ca\/fr\/entertainment-software-group-n-v-casinos\/\" \/>\n<meta property=\"article:modified_time\" content=\"2023-07-27T06:03:27+00:00\" \/>\n<meta name=\"twitter:card\" content=\"summary_large_image\" \/>\n<meta name=\"twitter:label1\" content=\"Estimation du temps de lecture\" \/>\n\t<meta name=\"twitter:data1\" content=\"6 minutes\" \/>\n<script type=\"application\/ld+json\" class=\"yoast-schema-graph\">{\"@context\":\"https:\/\/schema.org\",\"@graph\":[{\"@type\":\"WebPage\",\"@id\":\"https:\/\/casinolion.ca\/entertainment-software-group-n-v-casinos\/\",\"url\":\"https:\/\/casinolion.ca\/entertainment-software-group-n-v-casinos\/\",\"name\":\"Best Entertainment Software Group N.V. Casinos in [2026]\",\"isPartOf\":{\"@id\":\"https:\/\/casinolion.ca\/fr\/#website\"},\"datePublished\":\"2023-07-27T06:01:23+00:00\",\"dateModified\":\"2023-07-27T06:03:27+00:00\",\"breadcrumb\":{\"@id\":\"https:\/\/casinolion.ca\/entertainment-software-group-n-v-casinos\/#breadcrumb\"},\"inLanguage\":\"fr-CA\",\"potentialAction\":[{\"@type\":\"ReadAction\",\"target\":[\"https:\/\/casinolion.ca\/entertainment-software-group-n-v-casinos\/\"]}]},{\"@type\":\"BreadcrumbList\",\"@id\":\"https:\/\/casinolion.ca\/entertainment-software-group-n-v-casinos\/#breadcrumb\",\"itemListElement\":[{\"@type\":\"ListItem\",\"position\":1,\"name\":\"Home\",\"item\":\"https:\/\/casinolion.ca\/\"},{\"@type\":\"ListItem\",\"position\":2,\"name\":\"Entertainment Software Group N.V. Casinos\"}]},{\"@type\":\"WebSite\",\"@id\":\"https:\/\/casinolion.ca\/fr\/#website\",\"url\":\"https:\/\/casinolion.ca\/fr\/\",\"name\":\"\",\"description\":\"\",\"potentialAction\":[{\"@type\":\"SearchAction\",\"target\":{\"@type\":\"EntryPoint\",\"urlTemplate\":\"https:\/\/casinolion.ca\/fr\/?s={search_term_string}\"},\"query-input\":{\"@type\":\"PropertyValueSpecification\",\"valueRequired\":true,\"valueName\":\"search_term_string\"}}],\"inLanguage\":\"fr-CA\"}]}<\/script>\n<!-- \/ Yoast SEO plugin. -->","yoast_head_json":{"title":"Best Entertainment Software Group N.V. Casinos en [2026]","robots":{"index":"index","follow":"follow","max-snippet":"max-snippet:-1","max-image-preview":"max-image-preview:large","max-video-preview":"max-video-preview:-1"},"canonical":"https:\/\/casinolion.ca\/fr\/entertainment-software-group-n-v-casinos\/","og_locale":"fr_CA","og_type":"article","og_title":"Best Entertainment Software Group N.V. Casinos in [2026]","og_description":"About Entertainment Software Group N.V. Entertainment Software Group N.V. was founded and registered in 2017 by a small team of industry experts. The group decided to establish their own company under the watchful eye of Jonathan Robert Seeds, who has been part of the Dutch Antilles Management N.V. since 1992. Therefore, it&#8217;s not surprising that [&hellip;]","og_url":"https:\/\/casinolion.ca\/fr\/entertainment-software-group-n-v-casinos\/","article_modified_time":"2023-07-27T06:03:27+00:00","twitter_card":"summary_large_image","twitter_misc":{"Estimation du temps de lecture":"6 minutes"},"schema":{"@context":"https:\/\/schema.org","@graph":[{"@type":"WebPage","@id":"https:\/\/casinolion.ca\/entertainment-software-group-n-v-casinos\/","url":"https:\/\/casinolion.ca\/entertainment-software-group-n-v-casinos\/","name":"Best Entertainment Software Group N.V. Casinos en [2026]","isPartOf":{"@id":"https:\/\/casinolion.ca\/fr\/#website"},"datePublished":"2023-07-27T06:01:23+00:00","dateModified":"2023-07-27T06:03:27+00:00","breadcrumb":{"@id":"https:\/\/casinolion.ca\/entertainment-software-group-n-v-casinos\/#breadcrumb"},"inLanguage":"fr-CA","potentialAction":[{"@type":"ReadAction","target":["https:\/\/casinolion.ca\/entertainment-software-group-n-v-casinos\/"]}]},{"@type":"BreadcrumbList","@id":"https:\/\/casinolion.ca\/entertainment-software-group-n-v-casinos\/#breadcrumb","itemListElement":[{"@type":"ListItem","position":1,"name":"Home","item":"https:\/\/casinolion.ca\/"},{"@type":"ListItem","position":2,"name":"Entertainment Software Group N.V. Casinos"}]},{"@type":"WebSite","@id":"https:\/\/casinolion.ca\/fr\/#website","url":"https:\/\/casinolion.ca\/fr\/","name":"","description":"","potentialAction":[{"@type":"SearchAction","target":{"@type":"EntryPoint","urlTemplate":"https:\/\/casinolion.ca\/fr\/?s={search_term_string}"},"query-input":{"@type":"PropertyValueSpecification","valueRequired":true,"valueName":"search_term_string"}}],"inLanguage":"fr-CA"}]}},"_links":{"self":[{"href":"https:\/\/casinolion.ca\/fr\/wp-json\/wp\/v2\/pages\/20118","targetHints":{"allow":["GET"]}}],"collection":[{"href":"https:\/\/casinolion.ca\/fr\/wp-json\/wp\/v2\/pages"}],"about":[{"href":"https:\/\/casinolion.ca\/fr\/wp-json\/wp\/v2\/types\/page"}],"author":[{"embeddable":true,"href":"https:\/\/casinolion.ca\/fr\/wp-json\/wp\/v2\/users\/1"}],"replies":[{"embeddable":true,"href":"https:\/\/casinolion.ca\/fr\/wp-json\/wp\/v2\/comments?post=20118"}],"version-history":[{"count":0,"href":"https:\/\/casinolion.ca\/fr\/wp-json\/wp\/v2\/pages\/20118\/revisions"}],"wp:attachment":[{"href":"https:\/\/casinolion.ca\/fr\/wp-json\/wp\/v2\/media?parent=20118"}],"curies":[{"name":"wp","href":"https:\/\/api.w.org\/{rel}","templated":true}]}}