
{"id":20119,"date":"2023-07-27T06:27:29","date_gmt":"2023-07-27T06:27:29","guid":{"rendered":"https:\/\/www.canadiancasinos.ca\/?page_id=20119"},"modified":"2023-07-27T06:27:29","modified_gmt":"2023-07-27T06:27:29","slug":"citopedia-n-v-casinos","status":"publish","type":"page","link":"https:\/\/casinolion.ca\/fr\/citopedia-n-v-casinos\/","title":{"rendered":"Casinos CitoPedia N.V."},"content":{"rendered":"<h2><span style=\"font-weight: 400;\">\u00c0 propos de CitoPedia N.V.<\/span><\/h2>\n<p><span style=\"font-weight: 400;\">Malheureusement, nous n'avons pas pu obtenir beaucoup d'informations sur CitoPedia N.V. L'entreprise a chang\u00e9 de nom au fil des ans, et avant d'adopter le nom actuel en f\u00e9vrier 2023, elle a \u00e9t\u00e9 connue sous le nom de Zagox Management N.V. pendant une assez longue p\u00e9riode.<\/span><\/p>\n<p><span style=\"font-weight: 400;\">Ce que nous savons, c'est que la soci\u00e9t\u00e9 poss\u00e8de une licence du Curacao Gaming Control Board et qu'elle a rachet\u00e9 le c\u00e9l\u00e8bre Juicy Stakes Poker en 2013 apr\u00e8s sa faillite. \u00c0 l'\u00e9poque, Juicy Stakes faisait partie du Revolution Gaming Network avec une salle de poker tr\u00e8s respect\u00e9e - Intertops Poker (aujourd'hui Everygame Poker).<\/span><\/p>\n<h2><span style=\"font-weight: 400;\">CitoPedia N.V. Casinos<\/span><\/h2>\n<p><span style=\"font-weight: 400;\">CitoPedia N.V. n'a qu'un seul casino op\u00e9rant sous sa banni\u00e8re - Everygame Casino. Dans cette mini-revue, nous analyserons son offre et ses promotions et nous verrons s'il s'agit d'un site de jeu l\u00e9gal et s\u00e9curis\u00e9.<\/span><\/p>\n<h3><span style=\"font-weight: 400;\">Everygame Casino<\/span><\/h3>\n<p><span style=\"font-weight: 400;\">Everygame Casino appartient au groupe des plateformes de jeux d'argent v\u00e9t\u00e9rans, \u00e9tant donn\u00e9 qu'il existe depuis 1996. Comme mentionn\u00e9, il s'appelait auparavant Intertops Casino avant de changer de nom pour Everygame en 2022.<\/span><\/p>\n<p><span style=\"font-weight: 400;\">En plus d'\u00eatre un pionnier dans l'industrie du jeu en ligne, la marque est fi\u00e8re de poss\u00e9der une salle de poker r\u00e9put\u00e9e, un casino en ligne et un paris sportif. La plateforme op\u00e8re sous la juridiction de Cura\u00e7ao, mais son num\u00e9ro de licence n'est pas affich\u00e9 de mani\u00e8re transparente au bas du site Web. Elle est disponible dans de nombreux pays, \u00e0 l'exception de l'Allemagne, de l'Autriche, de la France et du Canada.<\/span><\/p>\n<p><span style=\"font-weight: 400;\">D\u00e8s que vous p\u00e9n\u00e9trez dans sa plate-forme, vous remarquez que sa caract\u00e9ristique la plus remarquable est sa simplicit\u00e9. La facilit\u00e9 de navigation dans l'interface pourrait bien \u00eatre l'une des principales raisons de son succ\u00e8s continu. Cependant, Everygame a beaucoup plus \u00e0 offrir.<\/span><\/p>\n<p><span style=\"font-weight: 400;\">Sa collection de jeux compte plus de 150 titres, dont des machines \u00e0 sous, des jackpots, des jeux de table (keno, bingo, cartes \u00e0 gratter et jeux de soci\u00e9t\u00e9), des jeux sp\u00e9cialis\u00e9s et du vid\u00e9o poker. En revanche, le fournisseur ne propose pas de jeux avec croupier en direct. Tous les jeux proviennent de deux d\u00e9veloppeurs de jeux r\u00e9put\u00e9s : RealTime Gaming et Betsoft.<\/span><\/p>\n<p><span style=\"font-weight: 400;\">En ce qui concerne les op\u00e9rations bancaires, Everygame accepte plusieurs devises num\u00e9riques (BTC, LTC, BCH), les cartes de cr\u00e9dit\/d\u00e9bit (Visa, American Express, Discover et MasterCard), un coupon pr\u00e9pay\u00e9 (Paysafecard) et un portefeuille \u00e9lectronique (Payz). Il convient de noter que le casino propose un d\u00e9p\u00f4t minimum tr\u00e8s convivial de $10.<\/span><\/p>\n<p><span style=\"font-weight: 400;\">Les promotions sont \u00e9galement une partie importante d'Everygame Casino, et l'op\u00e9rateur les offre \u00e0 la fois aux nouveaux joueurs et aux joueurs enregistr\u00e9s. Le casino se distingue incontestablement par son offre de bienvenue qui permet de gagner jusqu'\u00e0 $5,555 sur les quatre premiers d\u00e9p\u00f4ts. Les bonus pour les joueurs existants comprennent des prix quotidiens, des incitations pour les utilisateurs mobiles, des cadeaux hebdomadaires et des points de comps pour participer \u00e0 des jeux quotidiens. Si votre app\u00e9tit est plus grand du c\u00f4t\u00e9 de la comp\u00e9tition, le casino organise \u00e9galement plusieurs tournois.<\/span><\/p>\n<h2><span style=\"font-weight: 400;\">CitoPedia N.V. Avantages et inconv\u00e9nients<\/span><\/h2>\n<p><span style=\"font-weight: 400;\">Passons en revue tous les aspects positifs de l'entreprise CitoPedia N.V., ainsi que les domaines potentiels d'am\u00e9lioration.<\/span><\/p>\n<p><b>Pour<\/b><span style=\"font-weight: 400;\">:<\/span><\/p>\n<ul>\n<li style=\"font-weight: 400;\" aria-level=\"1\"><span style=\"font-weight: 400;\">Licence Cura\u00e7ao<\/span><\/li>\n<li style=\"font-weight: 400;\" aria-level=\"1\"><span style=\"font-weight: 400;\">Marque connue<\/span><\/li>\n<li style=\"font-weight: 400;\" aria-level=\"1\"><span style=\"font-weight: 400;\">Un casino en ligne, un paris sportif et une salle de poker sont \u00e0 la disposition des joueurs.<\/span><\/li>\n<li style=\"font-weight: 400;\" aria-level=\"1\"><span style=\"font-weight: 400;\">Un nombre important de jeux h\u00e9berg\u00e9s par son casino<\/span><\/li>\n<li style=\"font-weight: 400;\" aria-level=\"1\"><span style=\"font-weight: 400;\">Nombreux bonus et tournois sur le site du casino<\/span><\/li>\n<\/ul>\n<p><b>Cons<\/b><span style=\"font-weight: 400;\">:<\/span><\/p>\n<ul>\n<li style=\"font-weight: 400;\" aria-level=\"1\"><span style=\"font-weight: 400;\">Trop peu d'informations sur la marque<\/span><\/li>\n<li style=\"font-weight: 400;\" aria-level=\"1\"><span style=\"font-weight: 400;\">Ne poss\u00e8de qu'un seul casino<\/span><\/li>\n<\/ul>\n<h2><span style=\"font-weight: 400;\">CitoPedia N.V. Aper\u00e7u<\/span><\/h2>\n<p><b>Ann\u00e9e de cr\u00e9ation<\/b><span style=\"font-weight: 400;\">: 2023<\/span><\/p>\n<p><b>Recettes<\/b><span style=\"font-weight: 400;\">: N\/A<\/span><\/p>\n<p><b>Directeur g\u00e9n\u00e9ral<\/b><span style=\"font-weight: 400;\">eMoore N.V.<\/span><\/p>\n<p><b>Salari\u00e9s<\/b><span style=\"font-weight: 400;\">: N\/A<\/span><\/p>\n<p><b>Licences<\/b><span style=\"font-weight: 400;\">: Commission de contr\u00f4le des jeux de Cura\u00e7ao\u00a0<\/span><\/p>","protected":false},"excerpt":{"rendered":"<p>About CitoPedia N.V. Unfortunately, we have been unable to obtain a lot of information about CitoPedia N.V. The company has changed many names over the years, and before adopting the current one in February 2023, it was known as Zagox Management N.V. for quite a long period of time. What we do know is that [&hellip;]<\/p>","protected":false},"author":1,"featured_media":0,"parent":0,"menu_order":0,"comment_status":"closed","ping_status":"closed","template":"","meta":{"_acf_changed":false,"footnotes":""},"class_list":["post-20119","page","type-page","status-publish","hentry"],"acf":[],"yoast_head":"<!-- This site is optimized with the Yoast SEO plugin v26.1.1 - https:\/\/yoast.com\/wordpress\/plugins\/seo\/ -->\n<title>Best CitoPedia N.V Casinos in [2026 ]<\/title>\n<meta name=\"robots\" content=\"index, follow, max-snippet:-1, max-image-preview:large, max-video-preview:-1\" \/>\n<link rel=\"canonical\" href=\"https:\/\/casinolion.ca\/fr\/citopedia-n-v-casinos\/\" \/>\n<meta property=\"og:locale\" content=\"fr_CA\" \/>\n<meta property=\"og:type\" content=\"article\" \/>\n<meta property=\"og:title\" content=\"Best CitoPedia N.V Casinos in [2026 ]\" \/>\n<meta property=\"og:description\" content=\"About CitoPedia N.V. Unfortunately, we have been unable to obtain a lot of information about CitoPedia N.V. The company has changed many names over the years, and before adopting the current one in February 2023, it was known as Zagox Management N.V. for quite a long period of time. What we do know is that [&hellip;]\" \/>\n<meta property=\"og:url\" content=\"https:\/\/casinolion.ca\/fr\/citopedia-n-v-casinos\/\" \/>\n<meta name=\"twitter:card\" content=\"summary_large_image\" \/>\n<meta name=\"twitter:label1\" content=\"Estimation du temps de lecture\" \/>\n\t<meta name=\"twitter:data1\" content=\"3 minutes\" \/>\n<script type=\"application\/ld+json\" class=\"yoast-schema-graph\">{\"@context\":\"https:\/\/schema.org\",\"@graph\":[{\"@type\":\"WebPage\",\"@id\":\"https:\/\/casinolion.ca\/citopedia-n-v-casinos\/\",\"url\":\"https:\/\/casinolion.ca\/citopedia-n-v-casinos\/\",\"name\":\"Best CitoPedia N.V Casinos in [2026 ]\",\"isPartOf\":{\"@id\":\"https:\/\/casinolion.ca\/fr\/#website\"},\"datePublished\":\"2023-07-27T06:27:29+00:00\",\"breadcrumb\":{\"@id\":\"https:\/\/casinolion.ca\/citopedia-n-v-casinos\/#breadcrumb\"},\"inLanguage\":\"fr-CA\",\"potentialAction\":[{\"@type\":\"ReadAction\",\"target\":[\"https:\/\/casinolion.ca\/citopedia-n-v-casinos\/\"]}]},{\"@type\":\"BreadcrumbList\",\"@id\":\"https:\/\/casinolion.ca\/citopedia-n-v-casinos\/#breadcrumb\",\"itemListElement\":[{\"@type\":\"ListItem\",\"position\":1,\"name\":\"Home\",\"item\":\"https:\/\/casinolion.ca\/\"},{\"@type\":\"ListItem\",\"position\":2,\"name\":\"CitoPedia N.V Casinos\"}]},{\"@type\":\"WebSite\",\"@id\":\"https:\/\/casinolion.ca\/fr\/#website\",\"url\":\"https:\/\/casinolion.ca\/fr\/\",\"name\":\"\",\"description\":\"\",\"potentialAction\":[{\"@type\":\"SearchAction\",\"target\":{\"@type\":\"EntryPoint\",\"urlTemplate\":\"https:\/\/casinolion.ca\/fr\/?s={search_term_string}\"},\"query-input\":{\"@type\":\"PropertyValueSpecification\",\"valueRequired\":true,\"valueName\":\"search_term_string\"}}],\"inLanguage\":\"fr-CA\"}]}<\/script>\n<!-- \/ Yoast SEO plugin. -->","yoast_head_json":{"title":"Les meilleurs casinos CitoPedia N.V. en [2026 ]","robots":{"index":"index","follow":"follow","max-snippet":"max-snippet:-1","max-image-preview":"max-image-preview:large","max-video-preview":"max-video-preview:-1"},"canonical":"https:\/\/casinolion.ca\/fr\/citopedia-n-v-casinos\/","og_locale":"fr_CA","og_type":"article","og_title":"Best CitoPedia N.V Casinos in [2026 ]","og_description":"About CitoPedia N.V. Unfortunately, we have been unable to obtain a lot of information about CitoPedia N.V. The company has changed many names over the years, and before adopting the current one in February 2023, it was known as Zagox Management N.V. for quite a long period of time. What we do know is that [&hellip;]","og_url":"https:\/\/casinolion.ca\/fr\/citopedia-n-v-casinos\/","twitter_card":"summary_large_image","twitter_misc":{"Estimation du temps de lecture":"3 minutes"},"schema":{"@context":"https:\/\/schema.org","@graph":[{"@type":"WebPage","@id":"https:\/\/casinolion.ca\/citopedia-n-v-casinos\/","url":"https:\/\/casinolion.ca\/citopedia-n-v-casinos\/","name":"Les meilleurs casinos CitoPedia N.V. en [2026 ]","isPartOf":{"@id":"https:\/\/casinolion.ca\/fr\/#website"},"datePublished":"2023-07-27T06:27:29+00:00","breadcrumb":{"@id":"https:\/\/casinolion.ca\/citopedia-n-v-casinos\/#breadcrumb"},"inLanguage":"fr-CA","potentialAction":[{"@type":"ReadAction","target":["https:\/\/casinolion.ca\/citopedia-n-v-casinos\/"]}]},{"@type":"BreadcrumbList","@id":"https:\/\/casinolion.ca\/citopedia-n-v-casinos\/#breadcrumb","itemListElement":[{"@type":"ListItem","position":1,"name":"Home","item":"https:\/\/casinolion.ca\/"},{"@type":"ListItem","position":2,"name":"CitoPedia N.V Casinos"}]},{"@type":"WebSite","@id":"https:\/\/casinolion.ca\/fr\/#website","url":"https:\/\/casinolion.ca\/fr\/","name":"","description":"","potentialAction":[{"@type":"SearchAction","target":{"@type":"EntryPoint","urlTemplate":"https:\/\/casinolion.ca\/fr\/?s={search_term_string}"},"query-input":{"@type":"PropertyValueSpecification","valueRequired":true,"valueName":"search_term_string"}}],"inLanguage":"fr-CA"}]}},"_links":{"self":[{"href":"https:\/\/casinolion.ca\/fr\/wp-json\/wp\/v2\/pages\/20119","targetHints":{"allow":["GET"]}}],"collection":[{"href":"https:\/\/casinolion.ca\/fr\/wp-json\/wp\/v2\/pages"}],"about":[{"href":"https:\/\/casinolion.ca\/fr\/wp-json\/wp\/v2\/types\/page"}],"author":[{"embeddable":true,"href":"https:\/\/casinolion.ca\/fr\/wp-json\/wp\/v2\/users\/1"}],"replies":[{"embeddable":true,"href":"https:\/\/casinolion.ca\/fr\/wp-json\/wp\/v2\/comments?post=20119"}],"version-history":[{"count":0,"href":"https:\/\/casinolion.ca\/fr\/wp-json\/wp\/v2\/pages\/20119\/revisions"}],"wp:attachment":[{"href":"https:\/\/casinolion.ca\/fr\/wp-json\/wp\/v2\/media?parent=20119"}],"curies":[{"name":"wp","href":"https:\/\/api.w.org\/{rel}","templated":true}]}}