
{"id":20183,"date":"2023-08-03T05:40:40","date_gmt":"2023-08-03T05:40:40","guid":{"rendered":"https:\/\/www.canadiancasinos.ca\/?page_id=20183"},"modified":"2023-08-03T05:40:40","modified_gmt":"2023-08-03T05:40:40","slug":"sharp-connection-ltd-casinos","status":"publish","type":"page","link":"https:\/\/casinolion.ca\/fr\/sharp-connection-ltd-casinos\/","title":{"rendered":"Sharp Connection Ltd Casinos"},"content":{"rendered":"<h2>\u00c0 propos de Sharp Connection Ltd<\/h2>\n<p>Sharp Connection Ltd est une soci\u00e9t\u00e9 enregistr\u00e9e \u00e0 Malte et aliment\u00e9e par Aspire Gaming. Elle a \u00e9t\u00e9 lanc\u00e9e en 2016 par le biais de la solution de marque blanche d'Aspire Gaming et a obtenu des licences au Royaume-Uni, \u00e0 Malte et en Irlande.<\/p>\n<p>\u00c0 l'heure actuelle, le seul site que poss\u00e8de cette soci\u00e9t\u00e9 est Betition, qui combine les jeux de casino et les paris sportifs. Bien que nous ayons trouv\u00e9 des traces des liens de Sharp Connection Ltd avec d'autres marques de casino, il semble qu'Aspire Gaming les ait toutes reprises. N\u00e9anmoins, Sharp Connection Ltd semble actuellement se concentrer sur l'am\u00e9lioration de sa plateforme de jeu unique et sur l'\u00e9tablissement d'une grande communaut\u00e9 de joueurs.<\/p>\n<h2>Top Sharp Connection Ltd Casinos<\/h2>\n<p>Bien que Sharp Connection Ltd ait poss\u00e9d\u00e9 plusieurs casinos dans le pass\u00e9, comme Mr Mega, il n'y a actuellement qu'un seul site de jeu - Betition. Plongez dans cette courte revue pour d\u00e9couvrir ce que la plateforme offre.<\/p>\n<h3>B\u00e9tition<\/h3>\n<p>Comme nous l'avons mentionn\u00e9, Betition est un casino en ligne et un site de paris sportifs qui a \u00e9t\u00e9 le seul repr\u00e9sentant de Sharp Connection Ltd pendant un certain temps. Au cours des deux derni\u00e8res ann\u00e9es, le site a re\u00e7u plusieurs r\u00e9compenses : il a \u00e9t\u00e9 nomm\u00e9 Op\u00e9rateur \u00c9toile Montante 2021 et a \u00e9t\u00e9 r\u00e9compens\u00e9 pour sa Campagne Marketing 2022, toutes deux lors des Europe Gaming Awards.<\/p>\n<p>Bien qu'il semble que Betition favorise les parieurs sportifs plus que les joueurs de casino, il fait un travail d\u00e9cent dans les deux cat\u00e9gories. Parmi ses jeux de casino, vous trouverez des machines \u00e0 sous populaires, des jeux de table, des cartes \u00e0 gratter et des titres de casino en direct provenant des meilleurs fournisseurs. L'offre peut \u00eatre tri\u00e9e \u00e0 l'aide de quelques filtres, et vous pouvez essayer les jeux en mode d\u00e9mo, mais uniquement lors de l'inscription.<\/p>\n<p>L'un des principaux d\u00e9fauts de Betition est l'absence de bonus et de promotions pour les joueurs de casino. En dehors de l'offre de bienvenue, qui propose jusqu'\u00e0 $150 et 150 tours gratuits, les utilisateurs enregistr\u00e9s n'ont rien \u00e0 esp\u00e9rer. N\u00e9anmoins, l'op\u00e9rateur a mis en place un programme de fid\u00e9lit\u00e9 qui vous permet de recevoir des offres sp\u00e9ciales et de b\u00e9n\u00e9ficier de quelques autres avantages \u00e0 chaque fois que vous atteignez un nouveau niveau VIP.<\/p>\n<p>Pour approvisionner votre compte et encaisser vos gains, vous pouvez utiliser plusieurs m\u00e9thodes de paiement, notamment Visa, Mastercard, Skrill, Neteller, ecoPayz et AstroPay. La liste n'est pas forc\u00e9ment la m\u00eame pour tous les pays, car l'op\u00e9rateur l'ajuste en fonction des options prises en charge par des juridictions sp\u00e9cifiques.<\/p>\n<p>Si vous avez des questions \u00e0 poser \u00e0 l'\u00e9quipe de Betition, vous pouvez contacter le service client\u00e8le \u00e0 tout moment en remplissant le formulaire de contact ou en envoyant un e-mail directement depuis le site. Le chat en direct n'est pas une option pour le moment, pas plus que l'assistance t\u00e9l\u00e9phonique, mais la section FAQ peut fournir des r\u00e9ponses \u00e0 des dizaines de questions fr\u00e9quemment pos\u00e9es.<\/p>\n<h2>Jeux et fournisseurs de logiciels de Sharp Connection Ltd<\/h2>\n<p>Comme Sharp Connection Ltd n'exploite pas beaucoup de sites, la liste des fournisseurs de logiciels avec lesquels il travaille et des jeux qu'il propose a \u00e9t\u00e9 facile \u00e0 obtenir par le biais de sa marque phare Betition. En explorant sa biblioth\u00e8que de jeux, vous trouverez plus de 1 000 titres lanc\u00e9s par certains des d\u00e9veloppeurs les plus populaires, comme Yggdrasil, Wazdan, NetEnt, Evolution, et bien d'autres.<\/p>\n<p>Le casino dispose d'onglets distincts pour les jeux RNG et les jeux en direct, et le premier comprend toutes les cat\u00e9gories standard telles que les machines \u00e0 sous, les jeux de table et les cartes \u00e0 gratter. Des boutons permettent \u00e9galement d'acc\u00e9der facilement aux nouveaux jeux et aux jeux en vedette, ainsi qu'\u00e0 un outil de recherche permettant d'acc\u00e9der rapidement \u00e0 des titres sp\u00e9cifiques.<\/p>\n<p>Si vous entrez dans le lobby du casino en direct, vous trouverez des onglets d\u00e9di\u00e9s au blackjack, \u00e0 la roulette et au baccarat. Ce syst\u00e8me de tri est tr\u00e8s pratique car le casino propose plus de 140 titres de croupiers en direct. Cependant, si vous \u00eates int\u00e9ress\u00e9 par d'autres jeux en direct, tels que les jeux t\u00e9l\u00e9vis\u00e9s, vous devrez les rechercher \u00e0 l'aide de l'outil de recherche ou faire d\u00e9filer la page manuellement.<\/p>\n<h2>Sharp Connection Ltd Casinos Avantages et inconv\u00e9nients<\/h2>\n<p>Sharp Connection Ltd ne poss\u00e8de actuellement qu'un seul site de casino, ce qui en fait un petit poisson dans la grande mare de l'iGaming. Bien que cela puisse para\u00eetre d\u00e9courageant, cela pr\u00e9sente \u00e9galement plusieurs avantages. Passons en revue les bons et les mauvais c\u00f4t\u00e9s de l'unique casino exploit\u00e9 par Sharp Connection Ltd :<\/p>\n<p><strong>Pour :<\/strong><\/p>\n<ul>\n<li>Comme elle ne poss\u00e8de qu'une seule marque de casino, Sharp Connection Ltd peut lui consacrer 100% de son attention.<\/li>\n<li>Sharp Connection Ltd dispose de trois licences de jeux diff\u00e9rentes gr\u00e2ce \u00e0 sa solution en marque blanche fournie par Aspire Global.<\/li>\n<li>La plateforme unique g\u00e9r\u00e9e par Sharp Connection Ltd propose plusieurs types de jeux, notamment des jeux de casino, une page de casino en direct et un pari sportif en ligne.<\/li>\n<li>Les membres fid\u00e8les peuvent b\u00e9n\u00e9ficier d'un programme de fid\u00e9lit\u00e9 \u00e0 7 niveaux.<\/li>\n<li>Le site utilise des mesures de s\u00e9curit\u00e9 avanc\u00e9es pour assurer la protection des joueurs.<\/li>\n<li>Il s'est associ\u00e9 \u00e0 plusieurs organisations de jeu responsable, de sorte que les joueurs peuvent demander de l'aide s'ils rencontrent des probl\u00e8mes.<\/li>\n<\/ul>\n<p><strong>Cons :<\/strong><\/p>\n<ul>\n<li>L'entreprise est encore petite et ne peut se comparer \u00e0 des marques plus d\u00e9velopp\u00e9es.<\/li>\n<li>Elle n'a pas d\u00e9velopp\u00e9 d'application mobile native pour son site de jeux.<\/li>\n<li>Il n'y a pas de promotions de casino pour les utilisateurs enregistr\u00e9s.<\/li>\n<li>Aucune assistance t\u00e9l\u00e9phonique ou par chat n'est disponible.<\/li>\n<\/ul>\n<h2>Dois-je faire confiance aux casinos Sharp Connection Ltd ?<\/h2>\n<p>Dans l'ensemble, Sharp Connection Ltd semble \u00eatre une marque l\u00e9gitime avec une licence de jeu MGA \u00e0 jour et des mesures de s\u00e9curit\u00e9 appropri\u00e9es. N\u00e9anmoins, son site unique n\u00e9cessite un peu de travail dans la section casino. La page de promotion de Betition doit \u00eatre am\u00e9lior\u00e9e en ce qui concerne les offres de casino, car sa petite offre de bienvenue avec un rollover de 35x et aucun bonus pour les joueurs enregistr\u00e9s ne permettra pas \u00e0 Betition de se rapprocher des op\u00e9rateurs de la ligue sup\u00e9rieure de sit\u00f4t.<\/p>\n<p>En outre, l'op\u00e9rateur doit r\u00e9guli\u00e8rement enrichir sa ludoth\u00e8que de nouveaux titres et \u00e9largir son portefeuille d'ann\u00e9e en ann\u00e9e. Cependant, vous trouverez tr\u00e8s probablement des jeux int\u00e9ressants provenant de fournisseurs de logiciels renomm\u00e9s, en particulier si vous aimez les options de croupiers en direct.<\/p>\n<h2>Vue d'ensemble de Sharp Connection Ltd<\/h2>\n<p><strong>Ann\u00e9e de cr\u00e9ation<\/strong>: 2016<\/p>\n<p><strong>Recettes<\/strong>: N\/A<\/p>\n<p><strong>PDG<\/strong>: Craig Murray<\/p>\n<p><strong>Salari\u00e9s<\/strong>: N\/A<\/p>\n<p><strong>Licences<\/strong>: Royaume-Uni, Malte, Irlande<\/p>","protected":false},"excerpt":{"rendered":"<p>\u00c0 propos de Sharp Connection Ltd Sharp Connection Ltd est une soci\u00e9t\u00e9 enregistr\u00e9e \u00e0 Malte et aliment\u00e9e par Aspire Gaming. Elle a \u00e9t\u00e9 lanc\u00e9e en 2016 par le biais de la solution de marque blanche d'Aspire Gaming et a obtenu des licences au Royaume-Uni, \u00e0 Malte et en Irlande. \u00c0 l'heure actuelle, le seul site que cette soci\u00e9t\u00e9 poss\u00e8de est Betition, qui combine les jeux de casino et les paris sportifs. Alors que [...]<\/p>","protected":false},"author":1,"featured_media":0,"parent":0,"menu_order":0,"comment_status":"closed","ping_status":"closed","template":"","meta":{"_acf_changed":false,"footnotes":""},"class_list":["post-20183","page","type-page","status-publish","hentry"],"acf":[],"yoast_head":"<!-- This site is optimized with the Yoast SEO plugin v26.1.1 - https:\/\/yoast.com\/wordpress\/plugins\/seo\/ -->\n<title>Sharp Connection Ltd Casinos<\/title>\n<meta name=\"robots\" content=\"index, follow, max-snippet:-1, max-image-preview:large, max-video-preview:-1\" \/>\n<link rel=\"canonical\" href=\"https:\/\/casinolion.ca\/fr\/sharp-connection-ltd-casinos\/\" \/>\n<meta property=\"og:locale\" content=\"fr_CA\" \/>\n<meta property=\"og:type\" content=\"article\" \/>\n<meta property=\"og:title\" content=\"Sharp Connection Ltd Casinos\" \/>\n<meta property=\"og:description\" content=\"About Sharp Connection Ltd Sharp Connection Ltd is a Malta-registered company powered by Aspire Gaming. It was launched in 2016 through Aspire Gaming\u2019s white-label solution, and it has obtained licences in the UK, Malta, and Ireland. At this time, the only site this company owns is Betition, which combines casino gaming and sports betting. While [&hellip;]\" \/>\n<meta property=\"og:url\" content=\"https:\/\/casinolion.ca\/fr\/sharp-connection-ltd-casinos\/\" \/>\n<meta name=\"twitter:card\" content=\"summary_large_image\" \/>\n<meta name=\"twitter:label1\" content=\"Estimation du temps de lecture\" \/>\n\t<meta name=\"twitter:data1\" content=\"5 minutes\" \/>\n<script type=\"application\/ld+json\" class=\"yoast-schema-graph\">{\"@context\":\"https:\/\/schema.org\",\"@graph\":[{\"@type\":\"WebPage\",\"@id\":\"https:\/\/casinolion.ca\/sharp-connection-ltd-casinos\/\",\"url\":\"https:\/\/casinolion.ca\/sharp-connection-ltd-casinos\/\",\"name\":\"Sharp Connection Ltd Casinos\",\"isPartOf\":{\"@id\":\"https:\/\/casinolion.ca\/fr\/#website\"},\"datePublished\":\"2023-08-03T05:40:40+00:00\",\"breadcrumb\":{\"@id\":\"https:\/\/casinolion.ca\/sharp-connection-ltd-casinos\/#breadcrumb\"},\"inLanguage\":\"fr-CA\",\"potentialAction\":[{\"@type\":\"ReadAction\",\"target\":[\"https:\/\/casinolion.ca\/sharp-connection-ltd-casinos\/\"]}]},{\"@type\":\"BreadcrumbList\",\"@id\":\"https:\/\/casinolion.ca\/sharp-connection-ltd-casinos\/#breadcrumb\",\"itemListElement\":[{\"@type\":\"ListItem\",\"position\":1,\"name\":\"Home\",\"item\":\"https:\/\/casinolion.ca\/\"},{\"@type\":\"ListItem\",\"position\":2,\"name\":\"Sharp Connection Ltd Casinos\"}]},{\"@type\":\"WebSite\",\"@id\":\"https:\/\/casinolion.ca\/fr\/#website\",\"url\":\"https:\/\/casinolion.ca\/fr\/\",\"name\":\"\",\"description\":\"\",\"potentialAction\":[{\"@type\":\"SearchAction\",\"target\":{\"@type\":\"EntryPoint\",\"urlTemplate\":\"https:\/\/casinolion.ca\/fr\/?s={search_term_string}\"},\"query-input\":{\"@type\":\"PropertyValueSpecification\",\"valueRequired\":true,\"valueName\":\"search_term_string\"}}],\"inLanguage\":\"fr-CA\"}]}<\/script>\n<!-- \/ Yoast SEO plugin. -->","yoast_head_json":{"title":"Sharp Connection Ltd Casinos","robots":{"index":"index","follow":"follow","max-snippet":"max-snippet:-1","max-image-preview":"max-image-preview:large","max-video-preview":"max-video-preview:-1"},"canonical":"https:\/\/casinolion.ca\/fr\/sharp-connection-ltd-casinos\/","og_locale":"fr_CA","og_type":"article","og_title":"Sharp Connection Ltd Casinos","og_description":"About Sharp Connection Ltd Sharp Connection Ltd is a Malta-registered company powered by Aspire Gaming. It was launched in 2016 through Aspire Gaming\u2019s white-label solution, and it has obtained licences in the UK, Malta, and Ireland. At this time, the only site this company owns is Betition, which combines casino gaming and sports betting. While [&hellip;]","og_url":"https:\/\/casinolion.ca\/fr\/sharp-connection-ltd-casinos\/","twitter_card":"summary_large_image","twitter_misc":{"Estimation du temps de lecture":"5 minutes"},"schema":{"@context":"https:\/\/schema.org","@graph":[{"@type":"WebPage","@id":"https:\/\/casinolion.ca\/sharp-connection-ltd-casinos\/","url":"https:\/\/casinolion.ca\/sharp-connection-ltd-casinos\/","name":"Sharp Connection Ltd Casinos","isPartOf":{"@id":"https:\/\/casinolion.ca\/fr\/#website"},"datePublished":"2023-08-03T05:40:40+00:00","breadcrumb":{"@id":"https:\/\/casinolion.ca\/sharp-connection-ltd-casinos\/#breadcrumb"},"inLanguage":"fr-CA","potentialAction":[{"@type":"ReadAction","target":["https:\/\/casinolion.ca\/sharp-connection-ltd-casinos\/"]}]},{"@type":"BreadcrumbList","@id":"https:\/\/casinolion.ca\/sharp-connection-ltd-casinos\/#breadcrumb","itemListElement":[{"@type":"ListItem","position":1,"name":"Home","item":"https:\/\/casinolion.ca\/"},{"@type":"ListItem","position":2,"name":"Sharp Connection Ltd Casinos"}]},{"@type":"WebSite","@id":"https:\/\/casinolion.ca\/fr\/#website","url":"https:\/\/casinolion.ca\/fr\/","name":"","description":"","potentialAction":[{"@type":"SearchAction","target":{"@type":"EntryPoint","urlTemplate":"https:\/\/casinolion.ca\/fr\/?s={search_term_string}"},"query-input":{"@type":"PropertyValueSpecification","valueRequired":true,"valueName":"search_term_string"}}],"inLanguage":"fr-CA"}]}},"_links":{"self":[{"href":"https:\/\/casinolion.ca\/fr\/wp-json\/wp\/v2\/pages\/20183","targetHints":{"allow":["GET"]}}],"collection":[{"href":"https:\/\/casinolion.ca\/fr\/wp-json\/wp\/v2\/pages"}],"about":[{"href":"https:\/\/casinolion.ca\/fr\/wp-json\/wp\/v2\/types\/page"}],"author":[{"embeddable":true,"href":"https:\/\/casinolion.ca\/fr\/wp-json\/wp\/v2\/users\/1"}],"replies":[{"embeddable":true,"href":"https:\/\/casinolion.ca\/fr\/wp-json\/wp\/v2\/comments?post=20183"}],"version-history":[{"count":0,"href":"https:\/\/casinolion.ca\/fr\/wp-json\/wp\/v2\/pages\/20183\/revisions"}],"wp:attachment":[{"href":"https:\/\/casinolion.ca\/fr\/wp-json\/wp\/v2\/media?parent=20183"}],"curies":[{"name":"wp","href":"https:\/\/api.w.org\/{rel}","templated":true}]}}