
{"id":20184,"date":"2023-08-03T05:43:40","date_gmt":"2023-08-03T05:43:40","guid":{"rendered":"https:\/\/www.canadiancasinos.ca\/?page_id=20184"},"modified":"2023-08-03T05:43:40","modified_gmt":"2023-08-03T05:43:40","slug":"raw-entertainment-b-v-casinos","status":"publish","type":"page","link":"https:\/\/casinolion.ca\/fr\/raw-entertainment-b-v-casinos\/","title":{"rendered":"Raw Entertainment B.V. Casinos"},"content":{"rendered":"<h2>A propos de Raw Entertainment B.V. Casinos<\/h2>\n<p>Raw Entertainment B.V. est une soci\u00e9t\u00e9 priv\u00e9e \u00e0 responsabilit\u00e9 limit\u00e9e qui poss\u00e8de une marque de casino en ligne. Malheureusement, il est difficile d'obtenir des informations sur la marque, mais nous savons qu'elle d\u00e9tient la licence de Cura\u00e7ao avec le num\u00e9ro d'enregistrement 130026. La soci\u00e9t\u00e9 pr\u00e9tend \u00eatre pr\u00e9sente sur le march\u00e9 depuis les ann\u00e9es 1990, ce qui contredit ce qu'indique le registre du commerce de Cura\u00e7ao, \u00e0 savoir qu'elle a \u00e9t\u00e9 cr\u00e9\u00e9e en 2021. Apparemment, l'organisation a chang\u00e9 de nom plusieurs fois au fil des ans.<\/p>\n<p>Nous avons \u00e9galement d\u00e9couvert que l'entreprise semble exister deux fois, en tant que B.V., une soci\u00e9t\u00e9 priv\u00e9e \u00e0 responsabilit\u00e9 limit\u00e9e, et sa filiale Ltd, une soci\u00e9t\u00e9 \u00e0 responsabilit\u00e9 limit\u00e9e. Ces informations sont affich\u00e9es de mani\u00e8re transparente sur le site web du casino.<\/p>\n<h2>Raw Entertainment B.V. Casinos<\/h2>\n<p>Comme indiqu\u00e9, Raw Entertainment B.V. poss\u00e8de et g\u00e8re un seul casino en ligne - Roobet.com. L'op\u00e9rateur d\u00e9tient le permis du Curacao Gaming Control Board avec le num\u00e9ro d'enregistrement 80\/48 JAZ. Explorons son offre.<\/p>\n<h3><a href=\"https:\/\/casinolion.ca\/fr\/review\/roobet\/\">Roobet.com<\/a><\/h3>\n<p>Roobet.com casino et sportsbook existe depuis 2019, et selon la page LinkedIn de la soci\u00e9t\u00e9, le site Web a \u00e9t\u00e9 fond\u00e9 par des joueurs de longue date et des pionniers de l'industrie du divertissement de casino en ligne. Une fois que vous chargez la plateforme, vous remarquerez l'interface propre et facile \u00e0 man\u0153uvrer avec un th\u00e8me sombre minimaliste. Ce qui est formidable, c'est que le processus d'inscription est deux fois plus court que sur les autres sites de l'industrie. Vous pouvez donc commencer \u00e0 jouer imm\u00e9diatement.<\/p>\n<p>Comme on peut le constater, Roobet.com est un casino cryptographique qui prend en charge ETH, BTC, USDT et LTC. Il accepte \u00e9galement les paiements en monnaie fiduciaire, mais seulement \u00e0 partir d'un nombre limit\u00e9 de pays. Il est int\u00e9ressant de noter que le casino utilise une monnaie sur site appel\u00e9e Roolion et un portefeuille sur site - Iron Pouch. Une fois que vous avez effectu\u00e9 un d\u00e9p\u00f4t, vous pouvez automatiquement \u00e9changer vos fonds en Roolion (un Roolion = $1) sans frais de change. En outre, le Roolion est la seule monnaie que vous pouvez utiliser sur le site Web pour payer les services, et vous pouvez les reconvertir ult\u00e9rieurement en crypto-monnaie ou en monnaie fiduciaire.<\/p>\n<p>En ce qui concerne les promotions, l'op\u00e9rateur accueille tous les nouveaux joueurs en leur offrant jusqu'\u00e0 70 tours gratuits d'une valeur de $80. Cependant, vous devez miser jusqu'\u00e0 $3,900 pour recevoir l'ensemble du lot. Les joueurs inscrits peuvent b\u00e9n\u00e9ficier de promotions bien plus int\u00e9ressantes, notamment des remises de prix hebdomadaires sur les machines \u00e0 sous et les jeux en direct, participer \u00e0 plusieurs promotions du r\u00e9seau et faire partie du Club VIP. L'un des prix consiste \u00e0 rencontrer Snoop Dog, la mascotte du casino.<\/p>\n<h2>Raw Entertainment B.V. Logiciels et jeux<\/h2>\n<p>Le casino Roobet.com attire une base de joueurs importante gr\u00e2ce \u00e0 sa collaboration avec 36 d\u00e9veloppeurs de jeux. L'op\u00e9rateur a ajout\u00e9 quelques noms notables \u00e0 sa liste, notamment Play'n GO, NetEnt, Pragmatic Play, Quickspin et d'autres. Il n'h\u00e9site pas non plus \u00e0 soutenir des \u00e9toiles montantes telles que Games Inc, 1 Spin 4 Win, Octoplay, etc.<\/p>\n<p>Le lobby des jeux comprend des jeux de casino ainsi qu'un paris sportif, o\u00f9 vous pouvez parier sur diff\u00e9rents sports et ligues. La section casino compte plus de 5 000 machines \u00e0 sous, croupiers en direct et jeux sp\u00e9cialis\u00e9s. La plupart d'entre eux sont des machines \u00e0 sous, offrant un acc\u00e8s aux derni\u00e8res nouveaut\u00e9s et aux titres classiques. De plus, c'est ici que vous pouvez profiter des machines \u00e0 sous vid\u00e9o avec des fonctions suppl\u00e9mentaires telles que les m\u00e9ga-gagnants, les hold &amp; win et les jackpots.<\/p>\n<p>La section des croupiers en direct comprend plusieurs variantes de blackjack et de roulette, la plupart provenant de Pragmatic Play Live. Si vous aimez les titres uniques, Robot.com en a cr\u00e9\u00e9 plusieurs, dont Snoop's HotBox, Roulette, Plinko, Dice et Towers. Malheureusement, nous n'avons trouv\u00e9 aucun jeu de table.<\/p>\n<h2>Raw Entertainment B.V. Avantages et inconv\u00e9nients<\/h2>\n<p>R\u00e9sumons les forces et les faiblesses de la soci\u00e9t\u00e9 Raw Entertainment B.V. et de son casino Roobet.com.<\/p>\n<p><strong>Pour<\/strong>:<\/p>\n<ul>\n<li>Licence Cura\u00e7ao<\/li>\n<li>Plus de 5 000 jeux<\/li>\n<li>Op\u00e9rateur favorable aux cryptomonnaies<\/li>\n<li>Club VIP disponible<\/li>\n<li>De nombreux titres dont on peut prouver qu'ils sont \u00e9quitables<\/li>\n<li>14 langues<\/li>\n<li>Livre de sport<\/li>\n<li>Monnaie propre<\/li>\n<li>36 d\u00e9veloppeurs de jeux<\/li>\n<\/ul>\n<p><strong>Cons<\/strong>:<\/p>\n<ul>\n<li>Trop peu d'informations sur l'entreprise<\/li>\n<li>Les transactions en monnaie fiduciaire sont accept\u00e9es dans certains lieux<\/li>\n<li>Pas de bonus de bienvenue standard<\/li>\n<li>Pas de jeux de table<\/li>\n<\/ul>\n<h2>Raw Entertainment B.V. Vue d'ensemble<\/h2>\n<p><strong>Ann\u00e9e de cr\u00e9ation<\/strong>: 2021<\/p>\n<p><strong>Recettes<\/strong>: N\/A<\/p>\n<p><strong>Directeur statutaire :<\/strong> Executive Corporate Management B.V.<\/p>\n<p><strong>Salari\u00e9s<\/strong>: 50 - 200<\/p>\n<p><strong>Licences<\/strong>: Commission de contr\u00f4le des jeux de Cura\u00e7ao<\/p>","protected":false},"excerpt":{"rendered":"<p>A propos de Raw Entertainment B.V. Casinos Raw Entertainment B.V. est une soci\u00e9t\u00e9 priv\u00e9e \u00e0 responsabilit\u00e9 limit\u00e9e qui poss\u00e8de une marque de casino en ligne. Malheureusement, il est difficile d'obtenir des informations sur la marque, mais nous savons qu'elle d\u00e9tient la licence de Cura\u00e7ao avec le num\u00e9ro d'enregistrement 130026. La soci\u00e9t\u00e9 pr\u00e9tend \u00eatre pr\u00e9sente sur le march\u00e9 depuis les ann\u00e9es 1990, ce qui contredit ce que [...]<\/p>","protected":false},"author":1,"featured_media":0,"parent":0,"menu_order":0,"comment_status":"closed","ping_status":"closed","template":"","meta":{"_acf_changed":false,"footnotes":""},"class_list":["post-20184","page","type-page","status-publish","hentry"],"acf":[],"yoast_head":"<!-- This site is optimized with the Yoast SEO plugin v26.1.1 - https:\/\/yoast.com\/wordpress\/plugins\/seo\/ -->\n<title>Raw Entertainment B.V. Casinos<\/title>\n<meta name=\"robots\" content=\"index, follow, max-snippet:-1, max-image-preview:large, max-video-preview:-1\" \/>\n<link rel=\"canonical\" href=\"https:\/\/casinolion.ca\/fr\/raw-entertainment-b-v-casinos\/\" \/>\n<meta property=\"og:locale\" content=\"fr_CA\" \/>\n<meta property=\"og:type\" content=\"article\" \/>\n<meta property=\"og:title\" content=\"Raw Entertainment B.V. Casinos\" \/>\n<meta property=\"og:description\" content=\"About Raw Entertainment B.V. Casinos Raw Entertainment B.V. is a private limited liability company that owns one online casino brand. Unfortunately, obtaining any information about the brand is challenging, but we know it holds the Curacao licence with registration number 130026. The company claims to be on the market since the 1990s, which contradicts what [&hellip;]\" \/>\n<meta property=\"og:url\" content=\"https:\/\/casinolion.ca\/fr\/raw-entertainment-b-v-casinos\/\" \/>\n<meta name=\"twitter:card\" content=\"summary_large_image\" \/>\n<meta name=\"twitter:label1\" content=\"Estimation du temps de lecture\" \/>\n\t<meta name=\"twitter:data1\" content=\"3 minutes\" \/>\n<script type=\"application\/ld+json\" class=\"yoast-schema-graph\">{\"@context\":\"https:\/\/schema.org\",\"@graph\":[{\"@type\":\"WebPage\",\"@id\":\"https:\/\/casinolion.ca\/raw-entertainment-b-v-casinos\/\",\"url\":\"https:\/\/casinolion.ca\/raw-entertainment-b-v-casinos\/\",\"name\":\"Raw Entertainment B.V. Casinos\",\"isPartOf\":{\"@id\":\"https:\/\/casinolion.ca\/fr\/#website\"},\"datePublished\":\"2023-08-03T05:43:40+00:00\",\"breadcrumb\":{\"@id\":\"https:\/\/casinolion.ca\/raw-entertainment-b-v-casinos\/#breadcrumb\"},\"inLanguage\":\"fr-CA\",\"potentialAction\":[{\"@type\":\"ReadAction\",\"target\":[\"https:\/\/casinolion.ca\/raw-entertainment-b-v-casinos\/\"]}]},{\"@type\":\"BreadcrumbList\",\"@id\":\"https:\/\/casinolion.ca\/raw-entertainment-b-v-casinos\/#breadcrumb\",\"itemListElement\":[{\"@type\":\"ListItem\",\"position\":1,\"name\":\"Home\",\"item\":\"https:\/\/casinolion.ca\/\"},{\"@type\":\"ListItem\",\"position\":2,\"name\":\"Raw Entertainment B.V. Casinos\"}]},{\"@type\":\"WebSite\",\"@id\":\"https:\/\/casinolion.ca\/fr\/#website\",\"url\":\"https:\/\/casinolion.ca\/fr\/\",\"name\":\"\",\"description\":\"\",\"potentialAction\":[{\"@type\":\"SearchAction\",\"target\":{\"@type\":\"EntryPoint\",\"urlTemplate\":\"https:\/\/casinolion.ca\/fr\/?s={search_term_string}\"},\"query-input\":{\"@type\":\"PropertyValueSpecification\",\"valueRequired\":true,\"valueName\":\"search_term_string\"}}],\"inLanguage\":\"fr-CA\"}]}<\/script>\n<!-- \/ Yoast SEO plugin. -->","yoast_head_json":{"title":"Raw Entertainment B.V. Casinos","robots":{"index":"index","follow":"follow","max-snippet":"max-snippet:-1","max-image-preview":"max-image-preview:large","max-video-preview":"max-video-preview:-1"},"canonical":"https:\/\/casinolion.ca\/fr\/raw-entertainment-b-v-casinos\/","og_locale":"fr_CA","og_type":"article","og_title":"Raw Entertainment B.V. Casinos","og_description":"About Raw Entertainment B.V. Casinos Raw Entertainment B.V. is a private limited liability company that owns one online casino brand. Unfortunately, obtaining any information about the brand is challenging, but we know it holds the Curacao licence with registration number 130026. The company claims to be on the market since the 1990s, which contradicts what [&hellip;]","og_url":"https:\/\/casinolion.ca\/fr\/raw-entertainment-b-v-casinos\/","twitter_card":"summary_large_image","twitter_misc":{"Estimation du temps de lecture":"3 minutes"},"schema":{"@context":"https:\/\/schema.org","@graph":[{"@type":"WebPage","@id":"https:\/\/casinolion.ca\/raw-entertainment-b-v-casinos\/","url":"https:\/\/casinolion.ca\/raw-entertainment-b-v-casinos\/","name":"Raw Entertainment B.V. Casinos","isPartOf":{"@id":"https:\/\/casinolion.ca\/fr\/#website"},"datePublished":"2023-08-03T05:43:40+00:00","breadcrumb":{"@id":"https:\/\/casinolion.ca\/raw-entertainment-b-v-casinos\/#breadcrumb"},"inLanguage":"fr-CA","potentialAction":[{"@type":"ReadAction","target":["https:\/\/casinolion.ca\/raw-entertainment-b-v-casinos\/"]}]},{"@type":"BreadcrumbList","@id":"https:\/\/casinolion.ca\/raw-entertainment-b-v-casinos\/#breadcrumb","itemListElement":[{"@type":"ListItem","position":1,"name":"Home","item":"https:\/\/casinolion.ca\/"},{"@type":"ListItem","position":2,"name":"Raw Entertainment B.V. Casinos"}]},{"@type":"WebSite","@id":"https:\/\/casinolion.ca\/fr\/#website","url":"https:\/\/casinolion.ca\/fr\/","name":"","description":"","potentialAction":[{"@type":"SearchAction","target":{"@type":"EntryPoint","urlTemplate":"https:\/\/casinolion.ca\/fr\/?s={search_term_string}"},"query-input":{"@type":"PropertyValueSpecification","valueRequired":true,"valueName":"search_term_string"}}],"inLanguage":"fr-CA"}]}},"_links":{"self":[{"href":"https:\/\/casinolion.ca\/fr\/wp-json\/wp\/v2\/pages\/20184","targetHints":{"allow":["GET"]}}],"collection":[{"href":"https:\/\/casinolion.ca\/fr\/wp-json\/wp\/v2\/pages"}],"about":[{"href":"https:\/\/casinolion.ca\/fr\/wp-json\/wp\/v2\/types\/page"}],"author":[{"embeddable":true,"href":"https:\/\/casinolion.ca\/fr\/wp-json\/wp\/v2\/users\/1"}],"replies":[{"embeddable":true,"href":"https:\/\/casinolion.ca\/fr\/wp-json\/wp\/v2\/comments?post=20184"}],"version-history":[{"count":0,"href":"https:\/\/casinolion.ca\/fr\/wp-json\/wp\/v2\/pages\/20184\/revisions"}],"wp:attachment":[{"href":"https:\/\/casinolion.ca\/fr\/wp-json\/wp\/v2\/media?parent=20184"}],"curies":[{"name":"wp","href":"https:\/\/api.w.org\/{rel}","templated":true}]}}