
{"id":20185,"date":"2023-08-03T05:47:27","date_gmt":"2023-08-03T05:47:27","guid":{"rendered":"https:\/\/www.canadiancasinos.ca\/?page_id=20185"},"modified":"2024-01-03T07:29:28","modified_gmt":"2024-01-03T07:29:28","slug":"altacore-n-v-casinos","status":"publish","type":"page","link":"https:\/\/casinolion.ca\/fr\/altacore-n-v-casinos\/","title":{"rendered":"Casinos Altacore N.V."},"content":{"rendered":"<h2>A propos d'Altacore N.V.<\/h2>\n<p>Altacore N.V est une soci\u00e9t\u00e9 bas\u00e9e \u00e0 Cura\u00e7ao et sp\u00e9cialis\u00e9e dans l'iGaming. \u00c9tablie en 2019, l'organisation est autoris\u00e9e par le gouvernement central des Antilles n\u00e9erlandaises sous le num\u00e9ro de licence 8048\/JAZ2019-049.<\/p>\n<p>Nous n'avons pas pu trouver beaucoup d'informations sur Altacore N.V. parce que la soci\u00e9t\u00e9 garde un profil bas sans site web officiel ou comptes de m\u00e9dias sociaux. Cependant, nous savons qu'Altacore a deux filiales qui agissent en tant qu'agents de paiement : Altaprime Limited et Tepemonte Media Limited. Toutes deux sont enregistr\u00e9es \u00e0 Nicosie, \u00e0 Chypre, sous les num\u00e9ros HE 402752 et HE 425812, respectivement. C'est \u00e9galement de cette mani\u00e8re qu'Altacore N.V. g\u00e8re ses casinos.<\/p>\n<h2>Casinos Altacore N.V. recommand\u00e9s au Canada<\/h2>\n<div class=\"flex-container column casinoTable bankingTbl\"><\/div>\n<h2>Liste de tous les casinos Altacore N.V.<\/h2>\n<ul>\n<li>AllReels Casino<\/li>\n<li>Betify Casino<\/li>\n<li>BurningBet Casino<\/li>\n<li>Casinozer Casino<\/li>\n<li>CosmicSlot Casino<\/li>\n<li>Dozenspins Casino<\/li>\n<li>Casino Flappy<\/li>\n<li>IceBet Casino<\/li>\n<li>iWild Casino<\/li>\n<li>Oxi Casino<\/li>\n<li>Regals Casino<\/li>\n<li>Rollino Casino<\/li>\n<li>Smokace Casino<\/li>\n<li>Snatch Casino<\/li>\n<li>SpinsBro<\/li>\n<li>Stelario Casino<\/li>\n<li>Wild Tokyo Casino<\/li>\n<li>Casino Windetta<\/li>\n<li>Casino WinLegends<\/li>\n<li>Casino Winstoria<\/li>\n<\/ul>\n<h3>Dozen Spins Casino<\/h3>\n<p>Dozen Spins Casino a \u00e9t\u00e9 fond\u00e9 la m\u00eame ann\u00e9e que la soci\u00e9t\u00e9, en 2019, et offre depuis lors l'une des meilleures exp\u00e9riences de casino et de paris sportifs sur le march\u00e9 de l'iGaming. Cela est principalement d\u00fb \u00e0 sa biblioth\u00e8que de jeux massive, qui compte plus de 7 500 titres. Vous y trouverez toutes les cat\u00e9gories standard, notamment les machines \u00e0 sous, les jackpots, les jeux de table et les jeux de casino en direct.<\/p>\n<p>Cette destination de jeu premium combine parfaitement les m\u00e9thodes de paiement traditionnelles et cryptographiques. Les joueurs peuvent d\u00e9poser et retirer leurs fonds \u00e0 l'aide de cartes de cr\u00e9dit\/d\u00e9bit, de virements bancaires, de portefeuilles \u00e9lectroniques et de monnaies num\u00e9riques. Avec un d\u00e9p\u00f4t minimum moyen de $20, il s'adresse aux joueurs ayant des enjeux \u00e9lev\u00e9s et \u00e0 ceux qui ont un budget limit\u00e9.<\/p>\n<p>Dozen Spins poss\u00e8de l'une des pages promotionnelles les plus \u00e9labor\u00e9es du march\u00e9 canadien. Elle comprend un bonus de premier d\u00e9p\u00f4t de 100% jusqu'\u00e0 $200 et un bonus de bienvenue de 300% jusqu'\u00e0 $350 + 120 tours gratuits apr\u00e8s avoir utilis\u00e9 le premier. De plus, tous les utilisateurs enregistr\u00e9s peuvent b\u00e9n\u00e9ficier de plusieurs offres de recharge et de cashback, de nombreux tournois et d'un programme de fid\u00e9lit\u00e9.<\/p>\n<h3>AllReels Casino<\/h3>\n<p>Le casino AllReels existe depuis 2020. Cette plateforme multilingue pr\u00e9sente un th\u00e8me sombre et, gr\u00e2ce \u00e0 son design \u00e9l\u00e9gant et \u00e0 son interface conviviale, elle accueille les joueurs du monde entier.<\/p>\n<p>\u00c0 l'instar de ses autres casinos, AllReels m\u00e9rite des \u00e9loges pour sa gamme de jeux et de promotions. Sa riche s\u00e9lection de jeux, avec plus de 4 500 titres, comprend des machines \u00e0 sous vid\u00e9o tr\u00e8s appr\u00e9ci\u00e9es comme Rich Wilde and the Book of Dead, Bonanza Billion et Gonzo's Quest. Ses collections de jeux de table et de casino en direct sont \u00e9galement tr\u00e8s compl\u00e8tes. De plus, la section Minigames propose deux douzaines de jeux sp\u00e9cialis\u00e9s.<\/p>\n<p>La page promotionnelle affiche un bonus de bienvenue de 270% jusqu'\u00e0 $1 200 + 250 tours gratuits r\u00e9partis sur les trois premiers d\u00e9p\u00f4ts, des offres de rechargement et de cashback, ainsi que plusieurs offres promotionnelles sur les machines \u00e0 sous. AllReels utilise une monnaie unique, les pi\u00e8ces AllReels, que vous pouvez gagner en jouant et \u00e9changer ensuite contre de l'argent, des fonds bonus ou des tours gratuits.<\/p>\n<p>L'op\u00e9rateur dispose \u00e9galement d'un syst\u00e8me de paiement attrayant gr\u00e2ce \u00e0 sa collaboration avec plusieurs processeurs de paiement. Les cartes, les portefeuilles \u00e9lectroniques et les cryptomonnaies font partie des choix les plus populaires, offrant aux utilisateurs des temps de d\u00e9p\u00f4t instantan\u00e9s et des limites de pari moyennes entre $20 et $1000.<\/p>\n<h3>Stelario Casino<\/h3>\n<p>Altacore N.V. a lanc\u00e9 Stelario Casino en 2020 avec le num\u00e9ro d'enregistrement 151002. Le casino pr\u00e9sente un design moderne, des animations et des graphismes exceptionnels, ainsi qu'un syst\u00e8me de filtrage complet garantissant une navigation sans effort. Cependant, ce qui retient vraiment les joueurs sur ce site, c'est son offre de jeux.<\/p>\n<p>Avec plus de 8 000 jeux, Stelario propose toutes les cat\u00e9gories habituelles, des machines \u00e0 sous traditionnelles et populaires aux options de casino en direct. Vous pouvez \u00e9galement tenter votre chance \u00e0 plus d'une vingtaine de jeux sp\u00e9cialis\u00e9s, tels que Aviator, Plink, Dice et Space XY. Et si vous aimez les jeux inspir\u00e9s des casinos terrestres, vous trouverez une vaste collection de jeux de table avec une pl\u00e9thore de titres traditionnels de roulette, blackjack, baccarat et poker, ainsi que des variantes de niche, comme Red Queen Blackjack et Andar Nights.<\/p>\n<p>Pour approvisionner votre compte et retirer vos gains, Stelario propose plusieurs m\u00e9thodes de paiement, notamment des cartes, des portefeuilles \u00e9lectroniques, des cryptomonnaies et des bons pr\u00e9pay\u00e9s. L'op\u00e9rateur ajuste cette liste en fonction des options prises en charge par des juridictions sp\u00e9cifiques, ne soyez donc pas surpris si certaines m\u00e9thodes ne sont pas disponibles dans votre r\u00e9gion.<\/p>\n<h3>Casino Icebet<\/h3>\n<p>Le casino Icebet a fait ses d\u00e9buts sur la sc\u00e8ne iGaming en 2021, partageant de nombreuses caract\u00e9ristiques avec ses casinos jumeaux. Cet op\u00e9rateur s'est constitu\u00e9 une base de joueurs consid\u00e9rable, principalement gr\u00e2ce \u00e0 ses bonus all\u00e9chants et \u00e0 sa biblioth\u00e8que de jeux colossale.<\/p>\n<p>La marque pr\u00e9sente tous les types de jeux populaires, y compris les machines \u00e0 sous vid\u00e9o, les jackpots, les jeux de table, le casino avec croupier en direct et les jeux sp\u00e9cialis\u00e9s. Parmi les titres les plus populaires, citons Gates of Olympus (le titre prim\u00e9 de Pragmatic Play), Legacy of Dead et Book of Dead.<\/p>\n<p>Les nouveaux joueurs d'Icebet peuvent profiter du triple bonus de bienvenue d'une valeur de $1,200, tandis que les utilisateurs existants ont \u00e0 leur disposition de nombreux tournois, offres de recharge et offres de cashback. En outre, Altacore N.V. g\u00e8re un programme VIP \u00e0 cinq niveaux bas\u00e9 sur des points qui permet aux joueurs r\u00e9guliers de gagner des Ice Coins et de les \u00e9changer contre des tours gratuits ou de l'argent bonus.<\/p>\n<p>Le casino Icebet facilite les transactions de d\u00e9p\u00f4t et d'encaissement s\u00e9curis\u00e9es via les m\u00e9thodes bancaires les plus courantes. Le d\u00e9p\u00f4t minimum varie de $20 \u00e0 $50, et il en va de m\u00eame pour les retraits.<\/p>\n<h3>iWild Casino<\/h3>\n<p>Bien qu'il n'ait \u00e9t\u00e9 fond\u00e9 qu'en 2021, iWild Casino jouit d\u00e9j\u00e0 d'une solide r\u00e9putation dans le secteur. L'op\u00e9rateur \u00e9num\u00e8re plusieurs accolades et certifications dans le pied de page du site Web, l'une d'entre elles \u00e9tant le Meilleur Nouveau Casino 2021.<\/p>\n<p>Le casino propose plus de 8 000 jeux pour vous divertir et dispose d'un lobby convivial. Vous pouvez rapidement passer d'une cat\u00e9gorie \u00e0 l'autre, comme les machines \u00e0 sous, les jackpots, le casino en direct ou les jeux de table, et rep\u00e9rer rapidement vos jeux pr\u00e9f\u00e9r\u00e9s. Une section distincte contient des machines \u00e0 sous \u00e0 RTP \u00e9lev\u00e9 exclusivement, ce qui vous permet, par exemple, de jouer \u00e0 Trump Card Queen (102% RTP), Legacy of Dead (121% RTP), 3 Pots Riches Hold &amp; Win (132% RTP), et bien d'autres encore.<\/p>\n<p>En ce qui concerne les promotions, la marque accueille les nouveaux joueurs avec une offre de bienvenue incroyablement lucrative de 260% jusqu'\u00e0 $3,500 + 270 free spins, disponible sur les quatre premiers d\u00e9p\u00f4ts. Juste apr\u00e8s l'avoir utilis\u00e9e, vous pouvez opter pour une autre offre, 100% jusqu'\u00e0 $500 + 100 free spins. Ce n'est pas tout puisque le casino propose des offres de rechargement et de cashback ainsi que plusieurs tournois avec des cagnottes de $10,000 \u00e0 tous les utilisateurs enregistr\u00e9s.<\/p>\n<p>iWild est un crypto-casino qui prend en charge BTC, LTC, TRON et d'autres monnaies num\u00e9riques. Cependant, vous pouvez \u00e9galement d\u00e9poser et retirer en utilisant Visa et des portefeuilles \u00e9lectroniques comme Netteller, Payz et Skrill.<\/p>\n<h2>Altacore N.V Casinos Logiciels et fournisseurs<\/h2>\n<p>Lorsqu'il s'agit de d\u00e9veloppeurs de jeux de casino, plus il y en a, mieux c'est. De nombreux op\u00e9rateurs s'associent \u00e0 des marques inconnues et douteuses, et vous finissez par jouer \u00e0 des jeux de qualit\u00e9 m\u00e9diocre dont les r\u00e9sultats sont manipul\u00e9s. Heureusement, vous n'avez pas \u00e0 vous inqui\u00e9ter de cela lorsque vous rejoignez un casino Altacore N.V., car la soci\u00e9t\u00e9 s'assure que les jeux de la plus haute qualit\u00e9 atteignent son public.<\/p>\n<p>Chacune de ses plateformes collabore avec plus de 75 op\u00e9rateurs, dont les leaders du secteur comme Pragmatic Play, Evolution, Play'n GO, Thunderkick et BGaming. La soci\u00e9t\u00e9 donne \u00e9galement une chance aux \u00e9toiles montantes de faire leurs preuves aupr\u00e8s des joueurs. Ainsi, vous pouvez jouer aux jeux de Mancala Gaming, Fugaso, KA Gaming et d'autres.<\/p>\n<p>Vous pouvez donc vous attendre \u00e0 un logiciel de qualit\u00e9 sup\u00e9rieure, vous permettant de profiter de jeux avec des graphismes HD, des effets sonores nets et un gameplay sans d\u00e9calage. Les meilleurs d\u00e9veloppeurs de jeux proposent aux casinos Altacore N.V. des machines \u00e0 sous vid\u00e9o dot\u00e9es de nombreuses fonctions suppl\u00e9mentaires et de m\u00e9canismes sp\u00e9ciaux, tandis que leurs jeux en direct sont diffus\u00e9s depuis des studios professionnels o\u00f9 plusieurs cam\u00e9ras couvrent tous les angles.<\/p>\n<p>En outre, leurs plateformes s'appuient sur la technologie HTML5, qui permet aux jeux de s'adapter aux ordinateurs de bureau et aux appareils mobiles.<\/p>\n<h3>Altacore N.V. Casinos S\u00e9curit\u00e9 et \u00e9quit\u00e9<\/h3>\n<p>Vous ne devriez jamais choisir un op\u00e9rateur de casino en ligne avant d'avoir v\u00e9rifi\u00e9 s'il est enti\u00e8rement s\u00e9curis\u00e9, ce qui signifie qu'il utilise les derni\u00e8res technologies de cryptage. Outre le permis de Cura\u00e7ao, Altacore N.V. s'assure que chacun de ses casinos est prot\u00e9g\u00e9 par le cryptage SSL afin de s\u00e9curiser le transfert anonyme d'informations entre les serveurs. Cela signifie que vous pouvez \u00eatre assur\u00e9 que vos informations personnelles et financi\u00e8res ne tomberont pas entre les mains de cybercriminels ou d'une tierce partie.<\/p>\n<p>En outre, la soci\u00e9t\u00e9 a re\u00e7u les f\u00e9licitations de nombreuses marques iGaming pour sa fiabilit\u00e9 et l'\u00e9quit\u00e9 de ses jeux. Plusieurs programmes d'auto-exclusion, la collaboration avec des passerelles de paiement s\u00e9curis\u00e9es et un service client\u00e8le disponible 24 heures sur 24 ne font qu'ajouter \u00e0 sa fiabilit\u00e9.<\/p>\n<h2>Altacore N.V. Aper\u00e7u<\/h2>\n<p><strong>Ann\u00e9e de cr\u00e9ation :<\/strong> 2019<\/p>\n<p><strong>Les recettes :<\/strong> N\/A<\/p>\n<p><strong>PDG<\/strong>: Georgios Sofokleous<\/p>\n<p><strong>Salari\u00e9s<\/strong>: N\/A<\/p>\n<p><strong>Licences :<\/strong> Autorit\u00e9 des jeux de Cura\u00e7ao<\/p>\n<p><strong>Nombre de casinos en ligne :<\/strong> 16<\/p>","protected":false},"excerpt":{"rendered":"<p>About Altacore N.V. Altacore N.V is a Curacao-based company specializing in iGaming. Established in 2019, the organization is licensed by the Netherlands Antilles Central Government under licence number 8048\/JAZ2019-049. We couldn\u2019t find much information about Altacore N.V. because the company keeps a low profile without an official website or social media accounts. However, we know [&hellip;]<\/p>","protected":false},"author":1,"featured_media":0,"parent":0,"menu_order":0,"comment_status":"closed","ping_status":"closed","template":"","meta":{"_acf_changed":false,"footnotes":""},"class_list":["post-20185","page","type-page","status-publish","hentry"],"acf":[],"yoast_head":"<!-- This site is optimized with the Yoast SEO plugin v26.1.1 - https:\/\/yoast.com\/wordpress\/plugins\/seo\/ -->\n<title>Best Altacore N.V. Casinos in 2026<\/title>\n<meta name=\"robots\" content=\"index, follow, max-snippet:-1, max-image-preview:large, max-video-preview:-1\" \/>\n<link rel=\"canonical\" href=\"https:\/\/casinolion.ca\/fr\/altacore-n-v-casinos\/\" \/>\n<meta property=\"og:locale\" content=\"fr_CA\" \/>\n<meta property=\"og:type\" content=\"article\" \/>\n<meta property=\"og:title\" content=\"Best Altacore N.V. Casinos in [year]\" \/>\n<meta property=\"og:description\" content=\"About Altacore N.V. Altacore N.V is a Curacao-based company specializing in iGaming. Established in 2019, the organization is licensed by the Netherlands Antilles Central Government under licence number 8048\/JAZ2019-049. We couldn\u2019t find much information about Altacore N.V. because the company keeps a low profile without an official website or social media accounts. However, we know [&hellip;]\" \/>\n<meta property=\"og:url\" content=\"https:\/\/casinolion.ca\/fr\/altacore-n-v-casinos\/\" \/>\n<meta property=\"article:modified_time\" content=\"2024-01-03T07:29:28+00:00\" \/>\n<meta name=\"twitter:card\" content=\"summary_large_image\" \/>\n<meta name=\"twitter:label1\" content=\"Estimation du temps de lecture\" \/>\n\t<meta name=\"twitter:data1\" content=\"7 minutes\" \/>\n<script type=\"application\/ld+json\" class=\"yoast-schema-graph\">{\"@context\":\"https:\/\/schema.org\",\"@graph\":[{\"@type\":\"WebPage\",\"@id\":\"https:\/\/casinolion.ca\/altacore-n-v-casinos\/\",\"url\":\"https:\/\/casinolion.ca\/altacore-n-v-casinos\/\",\"name\":\"Best Altacore N.V. Casinos in [year]\",\"isPartOf\":{\"@id\":\"https:\/\/casinolion.ca\/fr\/#website\"},\"datePublished\":\"2023-08-03T05:47:27+00:00\",\"dateModified\":\"2024-01-03T07:29:28+00:00\",\"breadcrumb\":{\"@id\":\"https:\/\/casinolion.ca\/altacore-n-v-casinos\/#breadcrumb\"},\"inLanguage\":\"fr-CA\",\"potentialAction\":[{\"@type\":\"ReadAction\",\"target\":[\"https:\/\/casinolion.ca\/altacore-n-v-casinos\/\"]}]},{\"@type\":\"BreadcrumbList\",\"@id\":\"https:\/\/casinolion.ca\/altacore-n-v-casinos\/#breadcrumb\",\"itemListElement\":[{\"@type\":\"ListItem\",\"position\":1,\"name\":\"Home\",\"item\":\"https:\/\/casinolion.ca\/\"},{\"@type\":\"ListItem\",\"position\":2,\"name\":\"Altacore N.V. Casinos\"}]},{\"@type\":\"WebSite\",\"@id\":\"https:\/\/casinolion.ca\/fr\/#website\",\"url\":\"https:\/\/casinolion.ca\/fr\/\",\"name\":\"\",\"description\":\"\",\"potentialAction\":[{\"@type\":\"SearchAction\",\"target\":{\"@type\":\"EntryPoint\",\"urlTemplate\":\"https:\/\/casinolion.ca\/fr\/?s={search_term_string}\"},\"query-input\":{\"@type\":\"PropertyValueSpecification\",\"valueRequired\":true,\"valueName\":\"search_term_string\"}}],\"inLanguage\":\"fr-CA\"}]}<\/script>\n<!-- \/ Yoast SEO plugin. -->","yoast_head_json":{"title":"Les meilleurs casinos d'Altacore N.V. en 2026","robots":{"index":"index","follow":"follow","max-snippet":"max-snippet:-1","max-image-preview":"max-image-preview:large","max-video-preview":"max-video-preview:-1"},"canonical":"https:\/\/casinolion.ca\/fr\/altacore-n-v-casinos\/","og_locale":"fr_CA","og_type":"article","og_title":"Best Altacore N.V. Casinos in [year]","og_description":"About Altacore N.V. Altacore N.V is a Curacao-based company specializing in iGaming. Established in 2019, the organization is licensed by the Netherlands Antilles Central Government under licence number 8048\/JAZ2019-049. We couldn\u2019t find much information about Altacore N.V. because the company keeps a low profile without an official website or social media accounts. However, we know [&hellip;]","og_url":"https:\/\/casinolion.ca\/fr\/altacore-n-v-casinos\/","article_modified_time":"2024-01-03T07:29:28+00:00","twitter_card":"summary_large_image","twitter_misc":{"Estimation du temps de lecture":"7 minutes"},"schema":{"@context":"https:\/\/schema.org","@graph":[{"@type":"WebPage","@id":"https:\/\/casinolion.ca\/altacore-n-v-casinos\/","url":"https:\/\/casinolion.ca\/altacore-n-v-casinos\/","name":"Les meilleurs casinos Altacore N.V. en [ann\u00e9e]","isPartOf":{"@id":"https:\/\/casinolion.ca\/fr\/#website"},"datePublished":"2023-08-03T05:47:27+00:00","dateModified":"2024-01-03T07:29:28+00:00","breadcrumb":{"@id":"https:\/\/casinolion.ca\/altacore-n-v-casinos\/#breadcrumb"},"inLanguage":"fr-CA","potentialAction":[{"@type":"ReadAction","target":["https:\/\/casinolion.ca\/altacore-n-v-casinos\/"]}]},{"@type":"BreadcrumbList","@id":"https:\/\/casinolion.ca\/altacore-n-v-casinos\/#breadcrumb","itemListElement":[{"@type":"ListItem","position":1,"name":"Home","item":"https:\/\/casinolion.ca\/"},{"@type":"ListItem","position":2,"name":"Altacore N.V. Casinos"}]},{"@type":"WebSite","@id":"https:\/\/casinolion.ca\/fr\/#website","url":"https:\/\/casinolion.ca\/fr\/","name":"","description":"","potentialAction":[{"@type":"SearchAction","target":{"@type":"EntryPoint","urlTemplate":"https:\/\/casinolion.ca\/fr\/?s={search_term_string}"},"query-input":{"@type":"PropertyValueSpecification","valueRequired":true,"valueName":"search_term_string"}}],"inLanguage":"fr-CA"}]}},"_links":{"self":[{"href":"https:\/\/casinolion.ca\/fr\/wp-json\/wp\/v2\/pages\/20185","targetHints":{"allow":["GET"]}}],"collection":[{"href":"https:\/\/casinolion.ca\/fr\/wp-json\/wp\/v2\/pages"}],"about":[{"href":"https:\/\/casinolion.ca\/fr\/wp-json\/wp\/v2\/types\/page"}],"author":[{"embeddable":true,"href":"https:\/\/casinolion.ca\/fr\/wp-json\/wp\/v2\/users\/1"}],"replies":[{"embeddable":true,"href":"https:\/\/casinolion.ca\/fr\/wp-json\/wp\/v2\/comments?post=20185"}],"version-history":[{"count":0,"href":"https:\/\/casinolion.ca\/fr\/wp-json\/wp\/v2\/pages\/20185\/revisions"}],"wp:attachment":[{"href":"https:\/\/casinolion.ca\/fr\/wp-json\/wp\/v2\/media?parent=20185"}],"curies":[{"name":"wp","href":"https:\/\/api.w.org\/{rel}","templated":true}]}}