
{"id":20267,"date":"2023-08-14T05:58:18","date_gmt":"2023-08-14T05:58:18","guid":{"rendered":"https:\/\/www.canadiancasinos.ca\/?page_id=20267"},"modified":"2023-08-14T05:58:18","modified_gmt":"2023-08-14T05:58:18","slug":"pentorpia-entertainment-n-v-casinos","status":"publish","type":"page","link":"https:\/\/casinolion.ca\/fr\/pentorpia-entertainment-n-v-casinos\/","title":{"rendered":"Pentorpia Entertainment N.V. Casinos"},"content":{"rendered":"<h2>\u00c0 propos de Pentorpia Entertainment N.V.<\/h2>\n<p>Pentorpia Entertainment N.V. est une entreprise relativement nouvelle qui est probablement apparue sur la sc\u00e8ne iGaming en 2021 ou 2022. La soci\u00e9t\u00e9 est enregistr\u00e9e \u00e0 Cura\u00e7ao sous le num\u00e9ro 159124 et dispose d'une licence pour mener des op\u00e9rations de jeux en ligne.<\/p>\n<p>Nous avons d\u00e9couvert que Pentorpia est une filiale \u00e0 100 % de House Rules Group Ltd, enregistr\u00e9e \u00e0 Chypre sous le num\u00e9ro d'enregistrement HE 422429. \u00c9tabli en 2021, House Rules Group Ltd agit en tant que prestataire de services de paiement et est charg\u00e9 de la gestion et des services des casinos de Pentorpia sous la direction de son directeur, Kenneth Anders Hedberg. Malheureusement, les deux soci\u00e9t\u00e9s travaillent sous le radar et nous n'avons pas pu obtenir beaucoup d'informations \u00e0 leur sujet.<\/p>\n<h2>Pentorpia Entertainment N.V. Casinos<\/h2>\n<p>Jusqu'\u00e0 pr\u00e9sent, Pentorpia ne poss\u00e8de et ne g\u00e8re qu'un seul casino - Lucky Wilds. Le site d\u00e9tient un permis de Cura\u00e7ao avec le num\u00e9ro 365\/JAZ et une sous-licence GLH-OCCHKTW0710122021. Nous avons r\u00e9alis\u00e9 une mini-\u00e9valuation de cette plateforme de jeu afin de v\u00e9rifier si elle vaut la peine que vous y consacriez du temps et de l'argent.<\/p>\n<h3>Wilds chanceux<\/h3>\n<p>Lucky Wilds Casino a \u00e9t\u00e9 lanc\u00e9 en 2022 et est devenu depuis une destination de jeu populaire. Cette plateforme multilingue pr\u00e9sente un th\u00e8me simple et l\u00e9ger avec des graphismes exceptionnels, et son interface facile \u00e0 naviguer accueille les joueurs du monde entier. Elle dispose d'un syst\u00e8me de filtrage complet, permettant aux joueurs de rechercher leurs jeux pr\u00e9f\u00e9r\u00e9s par nom ou par fournisseur.<\/p>\n<p>De plus, Lucky Wilds a fait un effort suppl\u00e9mentaire en regroupant toutes ses machines \u00e0 sous sous sous diff\u00e9rents th\u00e8mes. Ainsi, que vous soyez amateur d'horreur, de science-fiction, de Gr\u00e8ce antique, de h\u00e9ros et de m\u00e9chants ou d'ambiance estivale, le casino a tout ce qu'il vous faut. Il existe \u00e9galement des sections s\u00e9par\u00e9es pour les s\u00e9ries mondialement populaires \u201cBook of\u201d et \u201cWild Adventures\u201d.<\/p>\n<p>En ce qui concerne les machines \u00e0 sous vid\u00e9o, elles dominent la collection du casino, comme sur n'importe quelle autre plateforme de jeu en ligne. La marque propose des options populaires, des machines \u00e0 trois rouleaux r\u00e9tro et des machines aux caract\u00e9ristiques uniques, comme les Megaways, les jackpots et les Drops and Wins. Vous pouvez donc profiter d'options c\u00e9l\u00e8bres comme Starburst, The Dog House Megaways, Gerard's Gambit, Big Bass Bonanza, et bien d'autres. En ce qui concerne les jackpots, Lucky Wilds rassemble des titres dont les cagnottes vont de quelques dollars \u00e0 plus de huit chiffres, comme Wheels of Wishes et Book of Atem WowPot !<\/p>\n<p>D'autre part, le casino propose plus de 60 jeux de type loterie et titres de casino en direct, r\u00e9partis entre le blackjack, la roulette et les jeux t\u00e9l\u00e9vis\u00e9s. Malheureusement, il n'y a pas de cat\u00e9gorie distincte pour les jeux de table, mais vous pouvez trouver de nombreux classiques du casino et des titres de vid\u00e9o poker en tapant leur nom dans la barre de recherche.<\/p>\n<p>Ces jeux de qualit\u00e9 sup\u00e9rieure attirent les joueurs, mais ce qui les fait rester, c'est la gamme de promotions de l'op\u00e9rateur. Lucky Wilds accueille les nouveaux utilisateurs avec deux packages de bienvenue : 175% jusqu'\u00e0 1 000 \u20ac r\u00e9partis sur les trois premiers d\u00e9p\u00f4ts et 175% jusqu'\u00e0 3 250 \u20ac (disponible pour tous les joueurs nouvellement inscrits avec un btag a_1343b_28c_).<\/p>\n<p>Une fois les promotions termin\u00e9es, le casino vous offre d'autres r\u00e9compenses si vous d\u00e9cidez de rester. Vous pouvez obtenir des tours gratuits tous les mardis, b\u00e9n\u00e9ficier de diff\u00e9rentes offres sp\u00e9ciales le week-end ou participer \u00e0 la promotion Drops and Wins d'une valeur de $2 millions.<\/p>\n<p>Cependant, seuls les joueurs les plus fid\u00e8les deviendront membres du club VIP de Lucky Wilds. Cette exp\u00e9rience passionnante comprend une pl\u00e9thore d'avantages, tels que des cashbacks hebdomadaires pouvant atteindre 20%, des tours gratuits, des r\u00e9compenses personnalis\u00e9es, des exigences de mise r\u00e9duites, la participation \u00e0 des cadeaux et des tournois exclusifs, et bien d'autres choses encore.<\/p>\n<p>Un autre aspect qui peut constituer un obstacle pour de nombreux joueurs est la liste des m\u00e9thodes bancaires prises en charge par l'op\u00e9rateur. Lucky Wilds collabore avec plusieurs processeurs de paiement fiables, de sorte que vous pouvez d\u00e9poser et retirer vos fonds par transfert bancaire, carte de cr\u00e9dit\/d\u00e9bit (Visa, MasterCard), bons (JetonCash), portefeuilles \u00e9lectroniques (eZeeWallet, Jeton) et cryptomonnaies (Bitpace). Certaines transactions Lucky Wilds sont instantan\u00e9es, d'autres peuvent durer de 10 minutes \u00e0 3 jours, mais toutes sont sans frais.<\/p>\n<h2>Pentorpia Entertainment N.V. Logiciels et fournisseurs<\/h2>\n<p>Lucky Wilds Casino ne coop\u00e8re peut-\u00eatre pas avec une pl\u00e9thore de d\u00e9veloppeurs de jeux, mais la soci\u00e9t\u00e9 s'assure que vous avez \u00e0 votre disposition des titres de qualit\u00e9 sup\u00e9rieure provenant des plus grands noms. Par cons\u00e9quent, son portefeuille de jeux contient des titres de g\u00e9ants tels que Play'n GO, NetEnt, Pragmatic Play, Betsoft et Wazdan. Cependant, si vous souhaitez \u00e9largir vos horizons et essayer des fournisseurs moins connus, PGsoft, Arcadem, Pariplay et GameArt valent la peine d'\u00eatre pris en consid\u00e9ration.<\/p>\n<p>En jouant aux machines \u00e0 sous, aux jeux de table ou aux jeux avec croupier en direct sur Lucky Wilds, nous avons fait l'exp\u00e9rience d'un jeu fluide et sans p\u00e9pins, avec des graphismes HD et des effets sonores impeccables. Gr\u00e2ce \u00e0 la technologie HTML5, les jeux sont adapt\u00e9s aux petits \u00e9crans et peuvent \u00eatre jou\u00e9s sur les navigateurs mobiles.<\/p>\n<h3>Pentorpia Entertainment N.V Casinos S\u00e9curit\u00e9 et \u00e9quit\u00e9<\/h3>\n<p>Votre exp\u00e9rience de jeu est tr\u00e8s agr\u00e9able jusqu'\u00e0 ce que vous ayez besoin de retirer vos fonds du casino et que vous vous rendiez compte que vous ne pouvez pas le faire. C'est pourquoi nous tenons \u00e0 souligner l'importance d'une licence appropri\u00e9e et \u00e0 vous rappeler que le casino en ligne que vous choisissez doit disposer de toutes les mesures de s\u00e9curit\u00e9 n\u00e9cessaires.<\/p>\n<p>Heureusement, Lucky Wilds s'engage \u00e0 prot\u00e9ger les informations sensibles de ses joueurs \u00e0 tout moment. Le casino utilise des protocoles de cryptage de derni\u00e8re minute, des pare-feu et un g\u00e9n\u00e9rateur de nombres al\u00e9atoires, garantissant ainsi un environnement de jeu s\u00fbr et \u00e9quitable. Si vous rencontrez des probl\u00e8mes, vous pouvez contacter le service d'assistance du casino par le biais du chat en direct 24h\/24 et 7j\/7 ou par courrier \u00e9lectronique \u00e0 l'adresse suivante <a href=\"mailto:support@luckywilds.com\">support@luckywilds.com<\/a>.<\/p>\n<h2>Pentorpia Entertainment N.V. Avantages et inconv\u00e9nients<\/h2>\n<p>R\u00e9sumons les avantages et les inconv\u00e9nients de Pentorpia Entertainment N.V. et de son casino :<\/p>\n<p><strong>Pour<\/strong>:<\/p>\n<ul>\n<li>Licence Cura\u00e7ao<\/li>\n<li>15 d\u00e9veloppeurs de jeux renomm\u00e9s<\/li>\n<li>Casino adapt\u00e9 aux crypto-monnaies<\/li>\n<li>Machines \u00e0 sous vid\u00e9o regroup\u00e9es par th\u00e8mes<\/li>\n<li>Deux bonus de bienvenue<\/li>\n<li>De nombreuses promotions pour les joueurs r\u00e9guliers<\/li>\n<li>Club VIP<\/li>\n<li>Un vaste r\u00e9pertoire de machines \u00e0 sous<\/li>\n<\/ul>\n<p><strong>Cons<\/strong>:<\/p>\n<ul>\n<li>Trop peu d'informations sur l'entreprise<\/li>\n<li>Pas de cat\u00e9gorie distincte pour les jeux de table<\/li>\n<li>Plus de 40 pays \u00e0 acc\u00e8s restreint<\/li>\n<li>L'assistance par chat est lente \u00e0 r\u00e9pondre<\/li>\n<\/ul>\n<h2>Pentorpia Entertainment N.V. Aper\u00e7u<\/h2>\n<p><strong>Ann\u00e9e de cr\u00e9ation<\/strong>: 2021\/22<\/p>\n<p><strong>Recettes<\/strong>: N\/A<\/p>\n<p><strong>Directeur g\u00e9n\u00e9ral : <\/strong>\u00a0Kenneth Anders Hedberg<\/p>\n<p><strong>Salari\u00e9s<\/strong>: N\/A<\/p>\n<p><strong>Licences<\/strong>: Commission de contr\u00f4le des jeux de Cura\u00e7ao<\/p>","protected":false},"excerpt":{"rendered":"<p>\u00c0 propos de Pentorpia Entertainment N.V. Pentorpia Entertainment N.V. est une entreprise relativement nouvelle qui est probablement apparue sur la sc\u00e8ne iGaming en 2021 ou 2022. La soci\u00e9t\u00e9 est enregistr\u00e9e \u00e0 Cura\u00e7ao sous le num\u00e9ro 159124 avec une licence pour mener des op\u00e9rations de jeux en ligne. Nous avons d\u00e9couvert que Pentorpia est une filiale \u00e0 100 % de House [...]<\/p>","protected":false},"author":1,"featured_media":0,"parent":0,"menu_order":0,"comment_status":"closed","ping_status":"closed","template":"","meta":{"_acf_changed":false,"footnotes":""},"class_list":["post-20267","page","type-page","status-publish","hentry"],"acf":[],"yoast_head":"<!-- This site is optimized with the Yoast SEO plugin v26.1.1 - https:\/\/yoast.com\/wordpress\/plugins\/seo\/ -->\n<title>Best Pentorpia Entertainment N.V. Casinos in [2026]<\/title>\n<meta name=\"robots\" content=\"index, follow, max-snippet:-1, max-image-preview:large, max-video-preview:-1\" \/>\n<link rel=\"canonical\" href=\"https:\/\/casinolion.ca\/fr\/pentorpia-entertainment-n-v-casinos\/\" \/>\n<meta property=\"og:locale\" content=\"fr_CA\" \/>\n<meta property=\"og:type\" content=\"article\" \/>\n<meta property=\"og:title\" content=\"Best Pentorpia Entertainment N.V. Casinos in [2026]\" \/>\n<meta property=\"og:description\" content=\"About Pentorpia Entertainment N.V. Pentorpia Entertainment N.V. is a relatively new kid on the block that probably emerged on the iGaming scene in 2021 or 2022. The company is registered in Curacao under registration number 159124 with a license to conduct online gaming operations. We have discovered that Pentorpia is a wholly-owned subsidiary of House [&hellip;]\" \/>\n<meta property=\"og:url\" content=\"https:\/\/casinolion.ca\/fr\/pentorpia-entertainment-n-v-casinos\/\" \/>\n<meta name=\"twitter:card\" content=\"summary_large_image\" \/>\n<meta name=\"twitter:label1\" content=\"Estimation du temps de lecture\" \/>\n\t<meta name=\"twitter:data1\" content=\"5 minutes\" \/>\n<script type=\"application\/ld+json\" class=\"yoast-schema-graph\">{\"@context\":\"https:\/\/schema.org\",\"@graph\":[{\"@type\":\"WebPage\",\"@id\":\"https:\/\/casinolion.ca\/pentorpia-entertainment-n-v-casinos\/\",\"url\":\"https:\/\/casinolion.ca\/pentorpia-entertainment-n-v-casinos\/\",\"name\":\"Best Pentorpia Entertainment N.V. Casinos in [2026]\",\"isPartOf\":{\"@id\":\"https:\/\/casinolion.ca\/fr\/#website\"},\"datePublished\":\"2023-08-14T05:58:18+00:00\",\"breadcrumb\":{\"@id\":\"https:\/\/casinolion.ca\/pentorpia-entertainment-n-v-casinos\/#breadcrumb\"},\"inLanguage\":\"fr-CA\",\"potentialAction\":[{\"@type\":\"ReadAction\",\"target\":[\"https:\/\/casinolion.ca\/pentorpia-entertainment-n-v-casinos\/\"]}]},{\"@type\":\"BreadcrumbList\",\"@id\":\"https:\/\/casinolion.ca\/pentorpia-entertainment-n-v-casinos\/#breadcrumb\",\"itemListElement\":[{\"@type\":\"ListItem\",\"position\":1,\"name\":\"Home\",\"item\":\"https:\/\/casinolion.ca\/\"},{\"@type\":\"ListItem\",\"position\":2,\"name\":\"Pentorpia Entertainment N.V. Casinos\"}]},{\"@type\":\"WebSite\",\"@id\":\"https:\/\/casinolion.ca\/fr\/#website\",\"url\":\"https:\/\/casinolion.ca\/fr\/\",\"name\":\"\",\"description\":\"\",\"potentialAction\":[{\"@type\":\"SearchAction\",\"target\":{\"@type\":\"EntryPoint\",\"urlTemplate\":\"https:\/\/casinolion.ca\/fr\/?s={search_term_string}\"},\"query-input\":{\"@type\":\"PropertyValueSpecification\",\"valueRequired\":true,\"valueName\":\"search_term_string\"}}],\"inLanguage\":\"fr-CA\"}]}<\/script>\n<!-- \/ Yoast SEO plugin. -->","yoast_head_json":{"title":"Les meilleurs casinos de Pentorpia Entertainment N.V. en [2026]","robots":{"index":"index","follow":"follow","max-snippet":"max-snippet:-1","max-image-preview":"max-image-preview:large","max-video-preview":"max-video-preview:-1"},"canonical":"https:\/\/casinolion.ca\/fr\/pentorpia-entertainment-n-v-casinos\/","og_locale":"fr_CA","og_type":"article","og_title":"Best Pentorpia Entertainment N.V. Casinos in [2026]","og_description":"About Pentorpia Entertainment N.V. Pentorpia Entertainment N.V. is a relatively new kid on the block that probably emerged on the iGaming scene in 2021 or 2022. The company is registered in Curacao under registration number 159124 with a license to conduct online gaming operations. We have discovered that Pentorpia is a wholly-owned subsidiary of House [&hellip;]","og_url":"https:\/\/casinolion.ca\/fr\/pentorpia-entertainment-n-v-casinos\/","twitter_card":"summary_large_image","twitter_misc":{"Estimation du temps de lecture":"5 minutes"},"schema":{"@context":"https:\/\/schema.org","@graph":[{"@type":"WebPage","@id":"https:\/\/casinolion.ca\/pentorpia-entertainment-n-v-casinos\/","url":"https:\/\/casinolion.ca\/pentorpia-entertainment-n-v-casinos\/","name":"Les meilleurs casinos de Pentorpia Entertainment N.V. en [2026]","isPartOf":{"@id":"https:\/\/casinolion.ca\/fr\/#website"},"datePublished":"2023-08-14T05:58:18+00:00","breadcrumb":{"@id":"https:\/\/casinolion.ca\/pentorpia-entertainment-n-v-casinos\/#breadcrumb"},"inLanguage":"fr-CA","potentialAction":[{"@type":"ReadAction","target":["https:\/\/casinolion.ca\/pentorpia-entertainment-n-v-casinos\/"]}]},{"@type":"BreadcrumbList","@id":"https:\/\/casinolion.ca\/pentorpia-entertainment-n-v-casinos\/#breadcrumb","itemListElement":[{"@type":"ListItem","position":1,"name":"Home","item":"https:\/\/casinolion.ca\/"},{"@type":"ListItem","position":2,"name":"Pentorpia Entertainment N.V. Casinos"}]},{"@type":"WebSite","@id":"https:\/\/casinolion.ca\/fr\/#website","url":"https:\/\/casinolion.ca\/fr\/","name":"","description":"","potentialAction":[{"@type":"SearchAction","target":{"@type":"EntryPoint","urlTemplate":"https:\/\/casinolion.ca\/fr\/?s={search_term_string}"},"query-input":{"@type":"PropertyValueSpecification","valueRequired":true,"valueName":"search_term_string"}}],"inLanguage":"fr-CA"}]}},"_links":{"self":[{"href":"https:\/\/casinolion.ca\/fr\/wp-json\/wp\/v2\/pages\/20267","targetHints":{"allow":["GET"]}}],"collection":[{"href":"https:\/\/casinolion.ca\/fr\/wp-json\/wp\/v2\/pages"}],"about":[{"href":"https:\/\/casinolion.ca\/fr\/wp-json\/wp\/v2\/types\/page"}],"author":[{"embeddable":true,"href":"https:\/\/casinolion.ca\/fr\/wp-json\/wp\/v2\/users\/1"}],"replies":[{"embeddable":true,"href":"https:\/\/casinolion.ca\/fr\/wp-json\/wp\/v2\/comments?post=20267"}],"version-history":[{"count":0,"href":"https:\/\/casinolion.ca\/fr\/wp-json\/wp\/v2\/pages\/20267\/revisions"}],"wp:attachment":[{"href":"https:\/\/casinolion.ca\/fr\/wp-json\/wp\/v2\/media?parent=20267"}],"curies":[{"name":"wp","href":"https:\/\/api.w.org\/{rel}","templated":true}]}}