
{"id":20268,"date":"2023-08-14T06:04:33","date_gmt":"2023-08-14T06:04:33","guid":{"rendered":"https:\/\/www.canadiancasinos.ca\/?page_id=20268"},"modified":"2024-01-03T07:34:55","modified_gmt":"2024-01-03T07:34:55","slug":"baytree-interactive-ltd-casinos","status":"publish","type":"page","link":"https:\/\/casinolion.ca\/fr\/baytree-interactive-ltd-casinos\/","title":{"rendered":"Baytree Interactive Ltd Casinos"},"content":{"rendered":"<p>Baytree Interactive Ltd est une soci\u00e9t\u00e9 bas\u00e9e \u00e0 Guernesey qui g\u00e8re avec succ\u00e8s des sites de casino depuis plus de 20 ans. Elle utilise la licence de la Kahnawake Gaming Commission pour ses plates-formes en ligne et s'enorgueillit de maintenir le plus haut niveau de s\u00e9curit\u00e9 et de qualit\u00e9 depuis le premier jour.<\/p>\n<p>Dans cet article, nous vous pr\u00e9sentons nos conclusions sur les ant\u00e9c\u00e9dents de Baytree Interactive Ltd et nous vous en disons plus sur le mode de fonctionnement de cette soci\u00e9t\u00e9. Nous analyserons \u00e9galement quelques-uns de ses sites de casino afin que les joueurs souhaitant les rejoindre sachent \u00e0 quoi s'attendre.<\/p>\n<h2>Casinos Baytree Interactive Ltd recommand\u00e9s au Canada<\/h2>\n<div class=\"flex-container column casinoTable bankingTbl\"><div class = \"flex-row other-rows status-casino-box\"><div class=\"bad-labels\"><span class=\"status-warning\">avertissement<\/span><\/div><div class=\"red-box-number\">1<\/div><div class=\"medium-md large-md half-col casino-card-logo\"><a rel=\"nofollow\" class=\"\" href=\"\/fr\/review\/jackpot-city\/\" target=\"_blank\" ><img decoding=\"async\" width=\"115\" height=\"115\" class=\"casinoLogo\" src=\"\/wp-content\/uploads\/ccImages\/casino\/13\/jackpot_city_logo_23.12.2021..png\" alt=\"Jackpot City\" \/><\/a><\/div><div class=\"medium-lg large-md hide casino-name-wrap\">Jackpot City<br\/><\/div><div class=\"small-xxl medium-md large-lg links\"><a target=\"_blank\" href=\"\/fr\/review\/jackpot-city\/\">\u00c9valuation<\/a><\/div><\/div><\/div>\n<h2>\u00c0 propos de Baytree Interactive Ltd<\/h2>\n<p>Baytree s'est lanc\u00e9 dans les jeux en ligne en 2001, alors que l'ensemble du secteur en \u00e9tait \u00e0 sa phase de d\u00e9veloppement. La soci\u00e9t\u00e9 a choisi le logiciel Microgaming pour cr\u00e9er son premier casino en ligne et a continu\u00e9 \u00e0 s'appuyer sur ce logiciel pour tous ses sites de jeux. Outre les machines \u00e0 sous RNG et les jeux de table classiques, les joueurs peuvent d\u00e9sormais trouver dans les casinos Baytree Interactive des jeux avec croupiers en direct produits par Evolution et OnAir Entertainment.<\/p>\n<p>Aujourd'hui, les casinos Baytree Interactive attirent des joueurs de diff\u00e9rentes parties du monde, c'est pourquoi ils sont disponibles en plusieurs langues. L'une des principales raisons pour lesquelles un si grand nombre de joueurs visitent r\u00e9guli\u00e8rement les casinos Baytree est l'insistance de l'op\u00e9rateur sur la s\u00e9curit\u00e9, le jeu responsable et la pr\u00e9vention du jeu des mineurs.<\/p>\n<h3>S\u00e9curit\u00e9, s\u00fbret\u00e9 et licences<\/h3>\n<p>Baytree Interactive Ltd est titulaire d'une licence de la Kahnawake Gaming Commission pour ses sites de casino. Afin de prot\u00e9ger les informations financi\u00e8res et personnelles des joueurs, il crypte toutes les communications en ligne et le partage des donn\u00e9es \u00e0 l'aide d'un protocole SSL avanc\u00e9. Cette mesure de s\u00e9curit\u00e9 ne laisse aucune donn\u00e9e glisser vers un tiers et bloque avec succ\u00e8s toute tentative de piratage.<\/p>\n<p>En cas de soup\u00e7on, les membres de Baytree Interactive Ltd peuvent contacter le service client\u00e8le 24 heures sur 24 et exprimer leurs pr\u00e9occupations, et l'\u00e9quipe y r\u00e9pondra dans les plus brefs d\u00e9lais.<\/p>\n<h3>Jeu responsable<\/h3>\n<p>M\u00eame si vous ne pouvez pas contr\u00f4ler vos pulsions de jeu en ligne, les casinos Baytree Interactive trouveront un moyen de vous aider. La soci\u00e9t\u00e9 ne laisse rien au hasard lorsqu'il s'agit d'emp\u00eacher les mineurs de s'inscrire et d'aider les utilisateurs existants \u00e0 jouer de mani\u00e8re responsable.<\/p>\n<p>Tous les casinos Baytree Interactive proposent diff\u00e9rents outils de jeu responsable. L'option la plus l\u00e9g\u00e8re consiste \u00e0 fixer des limites de d\u00e9p\u00f4t afin que les joueurs ne puissent pas d\u00e9penser plus d'argent que le montant choisi. Un autre outil est ce que l'on appelle la p\u00e9riode de pause, qui permet aux utilisateurs de se fixer une pause de jeu allant de 24 heures \u00e0 six semaines. Si une pause encore plus longue s'av\u00e8re n\u00e9cessaire, il est possible d'opter pour un programme d'auto-exclusion d'une dur\u00e9e minimale de six mois.<\/p>\n<p>Si aucun de ces rem\u00e8des ne donne de r\u00e9sultats, les joueurs peuvent cl\u00f4turer leurs comptes sur les casinos Baytree Interactive ou contacter l'une des organisations de jeu responsable r\u00e9pertori\u00e9es sur les sites.<\/p>\n<h2>Baytree Interactive Ltd Casinos<\/h2>\n<p>Baytree Interactive Ltd poss\u00e8de plusieurs casinos en ligne, dont certains sont actifs depuis le premier jour. D\u00e9couvrons quelques-uns d'entre eux et voyons ce qu'ils offrent aujourd'hui aux nouveaux joueurs et aux joueurs enregistr\u00e9s.<\/p>\n<h3><a href=\"https:\/\/casinolion.ca\/fr\/review\/jackpot-city\/\">Jackpot City Casino<\/a><\/h3>\n<p>Jackpot City est l'un des casinos en ligne les plus connus, d\u00e9tenu et g\u00e9r\u00e9 par Baytree Interactive Ltd. Le site est en activit\u00e9 depuis plus de 20 ans, ce qui en fait un v\u00e9t\u00e9ran de l'industrie de l'iGaming qui sait comment les choses se passent sur ce march\u00e9.<\/p>\n<p>Le portefeuille de jeux de l'op\u00e9rateur n'est pas impressionnant en termes de quantit\u00e9 de jeux, mais il est suffisamment polyvalent pour offrir une exp\u00e9rience de jeu passionnante. Une biblioth\u00e8que remplie de machines \u00e0 sous, de blackjack, de roulette, de poker, de keno et de versions avec croupier en direct de ces jeux offre un titre ou deux pour chaque type de joueur. De plus, les jackpots progressifs, tels que Wheel of Wishes et Mega Moolah, offrent un \u00e9norme potentiel de gain.<\/p>\n<p>Les joueurs qui souhaitent jouer en d\u00e9placement peuvent le faire en t\u00e9l\u00e9chargeant l'application mobile native de Jackpot City, disponible en versions iPhone et Android. Les liens de t\u00e9l\u00e9chargement sont disponibles sur le site officiel du casino et l'installation ne prend que quelques minutes. Le m\u00eame temps est n\u00e9cessaire pour r\u00e9clamer le bonus de bienvenue d'une valeur maximale de $1 600, qui s'\u00e9tendra sur vos quatre premiers d\u00e9p\u00f4ts.<\/p>\n<h3>Lucky Nugget Casino<\/h3>\n<p>En vous inscrivant sur Lucky Nugget, vous ne d\u00e9bloquerez pas seulement une salle de jeu remplie de plus de 500 jeux de casino de premier ordre, mais vous aurez \u00e9galement la chance de recevoir un bonus de bienvenue de 150% d'une valeur maximale de $200. Ce bonus n\u00e9cessite un d\u00e9p\u00f4t minimum de seulement 10 dollars ou le m\u00eame montant dans n'importe quelle autre devise accept\u00e9e par le site.<\/p>\n<p>Bien que Lucky Nugget n'ait pas de section de casino en direct, ses cat\u00e9gories de jeux RNG offrent plus qu'assez de titres populaires. Vous trouverez certaines des meilleures machines \u00e0 sous de Microgaming, comme Break da Bank, ainsi que plus d'une douzaine de jeux progressifs gratifiants. Et pour ceux qui pr\u00e9f\u00e8rent les jeux de table, le casino a achet\u00e9 les droits pour proposer de nombreuses variantes de blackjack, de roulette et de vid\u00e9o poker.<\/p>\n<p>Le site est disponible en plusieurs langues, dont plusieurs variantes de l'anglais, le fran\u00e7ais, l'espagnol et le portugais. Vous pouvez profiter du jeu par navigateur sur les ordinateurs de bureau ou les appareils mobiles, de sorte que vous n'ayez plus jamais \u00e0 manquer une session de jeu.<\/p>\n<h3>Ruby Fortune<\/h3>\n<p>Ruby Fortune est une autre r\u00e9f\u00e9rence parmi les casinos en ligne. Cette soci\u00e9t\u00e9 est fi\u00e8re d'offrir un environnement de jeu s\u00fbr \u00e0 ses utilisateurs depuis plus de vingt ans. Gr\u00e2ce au cryptage SSL et au certificat d'\u00e9quit\u00e9 eCOGRA, Ruby Fortune garantit que vos donn\u00e9es sont en s\u00e9curit\u00e9 et que les r\u00e9sultats des jeux sont al\u00e9atoires \u00e0 tout moment.<\/p>\n<p>Parmi ses plus de 550 jeux, les joueurs peuvent d\u00e9couvrir et tester des machines \u00e0 sous vid\u00e9o \u00e0 3 et 5 rouleaux, ainsi qu'un certain nombre de jackpots progressifs. Le vid\u00e9o poker et les jeux de table ont \u00e9galement des titres de premier ordre dans leurs cat\u00e9gories respectives, tandis que des croupiers en direct animent les jeux de casino pour les joueurs qui pr\u00e9f\u00e8rent la sensation d'une action de jeu r\u00e9elle.<\/p>\n<p>Ruby Fortune accueille les nouveaux joueurs avec un bonus d'une valeur de $750, divis\u00e9 en trois blocs distincts. Les trois premi\u00e8res fois que vous d\u00e9posez un montant minimum admissible, vous pouvez pr\u00e9tendre \u00e0 un bonus de bienvenue pouvant atteindre $250. Une fois que vous serez pass\u00e9 du statut de novice \u00e0 celui de client fid\u00e8le, vous aurez droit \u00e0 d'autres avantages, notamment des promotions suppl\u00e9mentaires et un h\u00f4te de casino Ruby Fortune personnel.<\/p>\n<h2>Dois-je faire confiance aux casinos Baytree Interactive Ltd ?<\/h2>\n<p>Baytree Interactive Ltd n'est peut-\u00eatre pas un op\u00e9rateur de casino qui poss\u00e8de des sites avec de vastes catalogues de jeux, mais c'est une soci\u00e9t\u00e9 sur laquelle vous pouvez compter en termes de confiance et de s\u00e9curit\u00e9. Plus de vingt ans se sont \u00e9coul\u00e9s depuis son lancement en 2001, et Baytree Interactive Ltd est toujours solide et exploite plusieurs plates-formes de jeu, ce qui signifie qu'elle a r\u00e9sist\u00e9 \u00e0 l'\u00e9preuve du temps et qu'elle s'est r\u00e9v\u00e9l\u00e9e fiable.<\/p>\n<p>De plus, si vous explorez son site officiel, vous remarquerez imm\u00e9diatement que cet op\u00e9rateur de casino accorde plus qu'assez d'attention \u00e0 la s\u00e9curit\u00e9 des joueurs. En outre, la soci\u00e9t\u00e9 est l'un des plus grands d\u00e9fenseurs du jeu responsable et offre de nombreux outils pour pr\u00e9venir la d\u00e9pendance au jeu. Vous pouvez donc faire confiance \u00e0 Baytree Interactive Ltd et \u00eatre assur\u00e9 que ses casinos ne vous d\u00e9cevront pas.<\/p>\n<h2>Aper\u00e7u de Baytree Interactive Ltd<\/h2>\n<p><strong>Ann\u00e9e de cr\u00e9ation<\/strong>: 2001<\/p>\n<p><strong>Recettes<\/strong>: N\/A<\/p>\n<p><strong>PDG<\/strong>: N\/A<\/p>\n<p><strong>Salari\u00e9s<\/strong>: N\/A<\/p>\n<p><strong>Licences<\/strong>: Commission des jeux de Kahnawake<\/p>","protected":false},"excerpt":{"rendered":"<p>Baytree Interactive Ltd est une soci\u00e9t\u00e9 bas\u00e9e \u00e0 Guernesey qui g\u00e8re avec succ\u00e8s des sites de casino depuis plus de 20 ans. Elle utilise la licence de la Kahnawake Gaming Commission pour ses plateformes en ligne et s'enorgueillit de maintenir le plus haut niveau de s\u00e9curit\u00e9 et de qualit\u00e9 depuis le premier jour. Dans cet article, nous vous pr\u00e9sentons nos conclusions sur les sites de Baytree Interactive Ltd [...]<\/p>","protected":false},"author":1,"featured_media":0,"parent":0,"menu_order":0,"comment_status":"closed","ping_status":"closed","template":"","meta":{"_acf_changed":false,"footnotes":""},"class_list":["post-20268","page","type-page","status-publish","hentry"],"acf":[],"yoast_head":"<!-- This site is optimized with the Yoast SEO plugin v26.1.1 - https:\/\/yoast.com\/wordpress\/plugins\/seo\/ -->\n<title>Best Baytree Interactive Ltd Casinos in 2026<\/title>\n<meta name=\"robots\" content=\"index, follow, max-snippet:-1, max-image-preview:large, max-video-preview:-1\" \/>\n<link rel=\"canonical\" href=\"https:\/\/casinolion.ca\/fr\/baytree-interactive-ltd-casinos\/\" \/>\n<meta property=\"og:locale\" content=\"fr_CA\" \/>\n<meta property=\"og:type\" content=\"article\" \/>\n<meta property=\"og:title\" content=\"Best Baytree Interactive Ltd Casinos in [year]\" \/>\n<meta property=\"og:description\" content=\"Baytree Interactive Ltd is a Guernsey-based company that has successfully run casino sites for more than 20 years. It uses the Kahnawake Gaming Commission license for its online platforms and prides itself on maintaining the highest level of safety and quality since day one. In this article, we\u2019ll present our findings about Baytree Interactive Ltd\u2019s [&hellip;]\" \/>\n<meta property=\"og:url\" content=\"https:\/\/casinolion.ca\/fr\/baytree-interactive-ltd-casinos\/\" \/>\n<meta property=\"article:modified_time\" content=\"2024-01-03T07:34:55+00:00\" \/>\n<meta name=\"twitter:card\" content=\"summary_large_image\" \/>\n<meta name=\"twitter:label1\" content=\"Estimation du temps de lecture\" \/>\n\t<meta name=\"twitter:data1\" content=\"6 minutes\" \/>\n<script type=\"application\/ld+json\" class=\"yoast-schema-graph\">{\"@context\":\"https:\/\/schema.org\",\"@graph\":[{\"@type\":\"WebPage\",\"@id\":\"https:\/\/casinolion.ca\/baytree-interactive-ltd-casinos\/\",\"url\":\"https:\/\/casinolion.ca\/baytree-interactive-ltd-casinos\/\",\"name\":\"Best Baytree Interactive Ltd Casinos in [year]\",\"isPartOf\":{\"@id\":\"https:\/\/casinolion.ca\/fr\/#website\"},\"datePublished\":\"2023-08-14T06:04:33+00:00\",\"dateModified\":\"2024-01-03T07:34:55+00:00\",\"breadcrumb\":{\"@id\":\"https:\/\/casinolion.ca\/baytree-interactive-ltd-casinos\/#breadcrumb\"},\"inLanguage\":\"fr-CA\",\"potentialAction\":[{\"@type\":\"ReadAction\",\"target\":[\"https:\/\/casinolion.ca\/baytree-interactive-ltd-casinos\/\"]}]},{\"@type\":\"BreadcrumbList\",\"@id\":\"https:\/\/casinolion.ca\/baytree-interactive-ltd-casinos\/#breadcrumb\",\"itemListElement\":[{\"@type\":\"ListItem\",\"position\":1,\"name\":\"Home\",\"item\":\"https:\/\/casinolion.ca\/\"},{\"@type\":\"ListItem\",\"position\":2,\"name\":\"Baytree Interactive Ltd Casinos\"}]},{\"@type\":\"WebSite\",\"@id\":\"https:\/\/casinolion.ca\/fr\/#website\",\"url\":\"https:\/\/casinolion.ca\/fr\/\",\"name\":\"\",\"description\":\"\",\"potentialAction\":[{\"@type\":\"SearchAction\",\"target\":{\"@type\":\"EntryPoint\",\"urlTemplate\":\"https:\/\/casinolion.ca\/fr\/?s={search_term_string}\"},\"query-input\":{\"@type\":\"PropertyValueSpecification\",\"valueRequired\":true,\"valueName\":\"search_term_string\"}}],\"inLanguage\":\"fr-CA\"}]}<\/script>\n<!-- \/ Yoast SEO plugin. -->","yoast_head_json":{"title":"Les meilleurs casinos de Baytree Interactive Ltd en 2026","robots":{"index":"index","follow":"follow","max-snippet":"max-snippet:-1","max-image-preview":"max-image-preview:large","max-video-preview":"max-video-preview:-1"},"canonical":"https:\/\/casinolion.ca\/fr\/baytree-interactive-ltd-casinos\/","og_locale":"fr_CA","og_type":"article","og_title":"Best Baytree Interactive Ltd Casinos in [year]","og_description":"Baytree Interactive Ltd is a Guernsey-based company that has successfully run casino sites for more than 20 years. It uses the Kahnawake Gaming Commission license for its online platforms and prides itself on maintaining the highest level of safety and quality since day one. In this article, we\u2019ll present our findings about Baytree Interactive Ltd\u2019s [&hellip;]","og_url":"https:\/\/casinolion.ca\/fr\/baytree-interactive-ltd-casinos\/","article_modified_time":"2024-01-03T07:34:55+00:00","twitter_card":"summary_large_image","twitter_misc":{"Estimation du temps de lecture":"6 minutes"},"schema":{"@context":"https:\/\/schema.org","@graph":[{"@type":"WebPage","@id":"https:\/\/casinolion.ca\/baytree-interactive-ltd-casinos\/","url":"https:\/\/casinolion.ca\/baytree-interactive-ltd-casinos\/","name":"Les meilleurs casinos de Baytree Interactive Ltd en [ann\u00e9e]","isPartOf":{"@id":"https:\/\/casinolion.ca\/fr\/#website"},"datePublished":"2023-08-14T06:04:33+00:00","dateModified":"2024-01-03T07:34:55+00:00","breadcrumb":{"@id":"https:\/\/casinolion.ca\/baytree-interactive-ltd-casinos\/#breadcrumb"},"inLanguage":"fr-CA","potentialAction":[{"@type":"ReadAction","target":["https:\/\/casinolion.ca\/baytree-interactive-ltd-casinos\/"]}]},{"@type":"BreadcrumbList","@id":"https:\/\/casinolion.ca\/baytree-interactive-ltd-casinos\/#breadcrumb","itemListElement":[{"@type":"ListItem","position":1,"name":"Home","item":"https:\/\/casinolion.ca\/"},{"@type":"ListItem","position":2,"name":"Baytree Interactive Ltd Casinos"}]},{"@type":"WebSite","@id":"https:\/\/casinolion.ca\/fr\/#website","url":"https:\/\/casinolion.ca\/fr\/","name":"","description":"","potentialAction":[{"@type":"SearchAction","target":{"@type":"EntryPoint","urlTemplate":"https:\/\/casinolion.ca\/fr\/?s={search_term_string}"},"query-input":{"@type":"PropertyValueSpecification","valueRequired":true,"valueName":"search_term_string"}}],"inLanguage":"fr-CA"}]}},"_links":{"self":[{"href":"https:\/\/casinolion.ca\/fr\/wp-json\/wp\/v2\/pages\/20268","targetHints":{"allow":["GET"]}}],"collection":[{"href":"https:\/\/casinolion.ca\/fr\/wp-json\/wp\/v2\/pages"}],"about":[{"href":"https:\/\/casinolion.ca\/fr\/wp-json\/wp\/v2\/types\/page"}],"author":[{"embeddable":true,"href":"https:\/\/casinolion.ca\/fr\/wp-json\/wp\/v2\/users\/1"}],"replies":[{"embeddable":true,"href":"https:\/\/casinolion.ca\/fr\/wp-json\/wp\/v2\/comments?post=20268"}],"version-history":[{"count":0,"href":"https:\/\/casinolion.ca\/fr\/wp-json\/wp\/v2\/pages\/20268\/revisions"}],"wp:attachment":[{"href":"https:\/\/casinolion.ca\/fr\/wp-json\/wp\/v2\/media?parent=20268"}],"curies":[{"name":"wp","href":"https:\/\/api.w.org\/{rel}","templated":true}]}}