
{"id":20397,"date":"2023-08-27T06:35:04","date_gmt":"2023-08-27T06:35:04","guid":{"rendered":"https:\/\/www.canadiancasinos.ca\/?page_id=20397"},"modified":"2023-08-27T06:35:04","modified_gmt":"2023-08-27T06:35:04","slug":"dialinvest-international-n-v-casinos","status":"publish","type":"page","link":"https:\/\/casinolion.ca\/fr\/dialinvest-international-n-v-casinos\/","title":{"rendered":"Dialinvest International N.V. Casinos"},"content":{"rendered":"<h2>A propos de Dialinvest International N.V.<\/h2>\n<p>Fond\u00e9e en 2002, Dialinvest International N.V. a gagn\u00e9 le droit d'\u00eatre appel\u00e9e \u201cles pionniers responsables des jeux d'argent en ligne\u201d. Ce slogan figure \u00e9galement sur leur site web.<\/p>\n<p>Bien que Dialinvest International N.V. offre des services de casino en ligne depuis plus de deux d\u00e9cennies, elle s'est fait conna\u00eetre en 2013 apr\u00e8s avoir lanc\u00e9 son premier casino en ligne - Fruits4Real. Constatant l'\u00e9norme succ\u00e8s de cette entreprise, la soci\u00e9t\u00e9 a cr\u00e9\u00e9 une autre plateforme de jeu en ligne en 2015, OmniSlots, sous la direction de Robert Peters, nouvellement nomm\u00e9 PDG. En fin de compte, les deux sites de jeux d'argent ont \u00e9t\u00e9 transf\u00e9r\u00e9s \u00e0 la marque de l'entreprise, DialMedia Ltd, en 2021.<\/p>\n<p>En plus de poss\u00e9der et d'exploiter des casinos, Dialinvest International N.V. fournit d'autres services \u00e0 ses partenaires affili\u00e9s. La marque propose diverses solutions de marketing, des services logiciels, du marketing d'affiliation et des solutions de conformit\u00e9 aux soci\u00e9t\u00e9s de jeux en expansion.<\/p>\n<p>Les prestataires qui collaborent avec Dialinvest International N.V. ont l'assurance que l'entreprise veille \u00e0 la protection de la vie priv\u00e9e de ses clients. Gr\u00e2ce au partenariat avec iSignthis, chaque d\u00e9tail entrant sur leur plateforme est stock\u00e9 en toute s\u00e9curit\u00e9. La soci\u00e9t\u00e9 g\u00e8re \u00e9galement des jeux \u00e9quitables et responsables et des syst\u00e8mes de s\u00e9curit\u00e9 des paiements de premier ordre.<\/p>\n<p>Dialinvest International N.V. op\u00e8re \u00e0 partir de son parc de commerce \u00e9lectronique Vrendenberg, \u00e0 Willemstad, Cura\u00e7ao.<\/p>\n<h2>Dialinvest International N.V.Casinos<\/h2>\n<p>L'enseigne ne poss\u00e8de et ne g\u00e8re actuellement qu'une seule plateforme de jeux d'argent en ligne : Westpoint Casino. Ce centre de jeu d\u00e9tient une licence de Cura\u00e7ao sous le num\u00e9ro d'enregistrement 8048\/JAZ et op\u00e8re depuis 2021. Dans les sections suivantes, nous vous proposons un mini-examen de ce casino et vous indiquons s'il vaut la peine que vous y consacriez du temps et de l'argent.<\/p>\n<h3>Casino Westpoint<\/h3>\n<p>Westpoint Casino n'existe que depuis deux ans, mais cette plateforme conviviale pour les mobiles attire les joueurs du monde entier gr\u00e2ce \u00e0 son lobby de jeux de qualit\u00e9 sup\u00e9rieure, \u00e0 sa gamme de promotions et \u00e0 son environnement de jeu s\u00fbr. Avec un th\u00e8me \u00e9l\u00e9gant et sombre, ce casino dispose d'une interface claire et intuitive.<\/p>\n<p>En ce qui concerne les bonus, l'op\u00e9rateur privil\u00e9gie la qualit\u00e9 plut\u00f4t que la quantit\u00e9. Tous les nouveaux joueurs peuvent b\u00e9n\u00e9ficier d'un double package de bienvenue de 150% jusqu'\u00e0 500 \u20ac. Nous devons cependant admettre que le casino exige une mise l\u00e9g\u00e8rement plus \u00e9lev\u00e9e de 40x. D'autres promotions sont destin\u00e9es aux habitu\u00e9s du casino, qui peuvent r\u00e9clamer un cashback de 10% tous les mercredis (sans exigence de mise) ou activer le bonus Sunday High Roller de 40% jusqu'\u00e0 500 \u20ac tous les dimanches.<\/p>\n<p>En outre, Westpoint invite tous les joueurs \u00e0 un voyage d'accomplissement au cours duquel ils peuvent d\u00e9bloquer six niveaux et remporter des prix lucratifs. Chaque niveau est soumis \u00e0 des exigences sp\u00e9cifiques, et le fait de les remplir peut vous permettre d'obtenir jusqu'\u00e0 260 tours gratuits.<\/p>\n<p>Gr\u00e2ce \u00e0 son partenariat avec des fournisseurs de paiement populaires et s\u00e9curis\u00e9s, le casino Westpoint offre \u00e0 ses joueurs une gamme compl\u00e8te de m\u00e9thodes bancaires. Avec plus de 15 options disponibles, les utilisateurs peuvent d\u00e9poser et retirer leurs fonds en utilisant des cartes de cr\u00e9dit\/d\u00e9bit, des portefeuilles \u00e9lectroniques, des cartes pr\u00e9pay\u00e9es et plusieurs cryptocurrencies. Et comme les d\u00e9p\u00f4ts minimums requis ne sont que de $10 et que les retraits commencent \u00e0 partir de $20, Westpoint est une excellente option pour ceux qui ont un budget limit\u00e9 ou qui veulent commencer petit.<\/p>\n<h2>Dialinvest International N.V. Logiciels et jeux de casino<\/h2>\n<p>Une fois inscrit au casino Westpoint, vous pourrez acc\u00e9der \u00e0 plus de 3 500 jeux. Le portefeuille de jeux impressionne par son volume et sa polyvalence, de sorte que m\u00eame les joueurs les plus exigeants peuvent y trouver leur compte.<\/p>\n<p>Sa biblioth\u00e8que regorge de machines \u00e0 sous aux th\u00e8mes vari\u00e9s, et vous pouvez \u00e9galement profiter de jeux aux caract\u00e9ristiques sp\u00e9ciales, tels que Megaways, Hold &amp; Win et Bonus Buy. Vous pouvez donc vous essayer aux machines \u00e0 sous fruit\u00e9es classiques, telles que Reel Rush, Heating Fruits et 20 Hot Strike, ou \u00e0 certaines des machines les plus populaires, telles que Starburst, Bonanza Billion, Book of the Fallen, Billyonaire et d'autres encore.<\/p>\n<p>Et si vous avez l'esprit de comp\u00e9tition, vous pouvez parcourir la section des jackpots et avoir une chance de gagner des prix lucratifs.<\/p>\n<p>Mais ce n'est pas tout : Westpoint a bien d'autres atouts dans sa manche. Les joueurs peuvent profiter de pr\u00e8s de quatre douzaines de jeux de table, comme le blackjack, le poker, la roulette, le baccarat et le vid\u00e9o poker. En outre, les amateurs de jeux avec croupier en direct ont plus de 70 titres \u00e0 leur disposition. Cette section comprend les classiques du casino et leurs nombreuses variantes, mais si vous souhaitez \u00e9largir vos horizons et essayer quelque chose de nouveau, vous pouvez opter pour Spaceman Live. Il existe \u00e9galement une cat\u00e9gorie distincte contenant des jeux tels que Plinko, plusieurs variantes de bingo et de cartes \u00e0 gratter, ainsi que de nombreux titres de crash.<\/p>\n<p>En ce qui concerne les d\u00e9veloppeurs de jeux, Westpoint Casino s'est associ\u00e9 \u00e0 certains des plus grands noms de l'industrie, comme NetEnt, Betsoft, Playson, Pragmatic Play et BGaming. Parall\u00e8lement, la marque soutient \u00e9galement des \u00e9toiles montantes, comme TipTop, Leander, Kalamba Games et bien d'autres.<\/p>\n<h2>Devrais-je faire confiance aux casinos de Dialinvest International N.V. ?<\/h2>\n<p>Dialinvest International N.V. n'a peut-\u00eatre pas beaucoup de casinos en ligne sous sa tutelle, mais c'est une soci\u00e9t\u00e9 fiable qui fait beaucoup d'efforts pour offrir un environnement de jeu s\u00fbr et \u00e9quitable. Avec plus de vingt ans d'exp\u00e9rience dans le secteur, la soci\u00e9t\u00e9 a fait ses preuves.<\/p>\n<p>L'op\u00e9rateur est une marque certifi\u00e9e ISO 27001, ce qui signifie qu'il fournit le plus haut niveau de s\u00e9curit\u00e9 pour vos donn\u00e9es et vos fonds, tels que les protocoles de cryptage SSL et les pare-feu. De plus, le casino sous licence collabore avec des d\u00e9veloppeurs de logiciels de premier plan. Le fait qu'il offre des options de paiement s\u00fbres et fiables \u00e0 ses joueurs renforce sa cr\u00e9dibilit\u00e9.<\/p>\n<p>Le service client\u00e8le de Westpoint Casino est in\u00e9gal\u00e9, donc si vous rencontrez des probl\u00e8mes, vous pouvez les contacter via un chat en direct (disponible 24h\/24 et 7j\/7) ou par e-mail (<a href=\"mailto:support@westpointcasino.com\">support@westpointcasino.com<\/a>).<\/p>\n<h2>Dialinvest International N.V. Aper\u00e7u<\/h2>\n<p><strong>Ann\u00e9e de cr\u00e9ation<\/strong>: 2002<\/p>\n<p><strong>Recettes<\/strong>: &lt; $5 millions<\/p>\n<p><strong>PDG : <\/strong>Robert Peters<\/p>\n<p><strong>Salari\u00e9s<\/strong>: &lt; 25<\/p>\n<p><strong>Licences<\/strong>: Commission de contr\u00f4le des jeux de Cura\u00e7ao<\/p>","protected":false},"excerpt":{"rendered":"<p>\u00c0 propos de Dialinvest International N.V. Fond\u00e9e en 2002, Dialinvest International N.V. a gagn\u00e9 le droit d'\u00eatre appel\u00e9e \u201cles pionniers responsables des jeux d'argent en ligne\u201d. Ce slogan figure \u00e9galement sur leur site Internet. Bien que Dialinvest International N.V. offre des services de casino en ligne depuis plus de deux d\u00e9cennies, il s'est fait conna\u00eetre en 2013 apr\u00e8s avoir lanc\u00e9 son premier [...]<\/p>","protected":false},"author":1,"featured_media":0,"parent":0,"menu_order":0,"comment_status":"closed","ping_status":"closed","template":"","meta":{"_acf_changed":false,"footnotes":""},"class_list":["post-20397","page","type-page","status-publish","hentry"],"acf":[],"yoast_head":"<!-- This site is optimized with the Yoast SEO plugin v26.1.1 - https:\/\/yoast.com\/wordpress\/plugins\/seo\/ -->\n<title>Dialinvest International N.V. Casinos<\/title>\n<meta name=\"robots\" content=\"index, follow, max-snippet:-1, max-image-preview:large, max-video-preview:-1\" \/>\n<link rel=\"canonical\" href=\"https:\/\/casinolion.ca\/fr\/dialinvest-international-n-v-casinos\/\" \/>\n<meta property=\"og:locale\" content=\"fr_CA\" \/>\n<meta property=\"og:type\" content=\"article\" \/>\n<meta property=\"og:title\" content=\"Dialinvest International N.V. Casinos\" \/>\n<meta property=\"og:description\" content=\"About Dialinvest International N.V. Established in 2002, Dialinvest International N.V. has earned the right to be called \u201cthe responsible pioneers of online gambling.\u201d This slogan is also featured on their website. Although Dialinvest International N.V. has been offering online casino services for more than two decades, it became prominent in 2013 after launching its first [&hellip;]\" \/>\n<meta property=\"og:url\" content=\"https:\/\/casinolion.ca\/fr\/dialinvest-international-n-v-casinos\/\" \/>\n<meta name=\"twitter:card\" content=\"summary_large_image\" \/>\n<meta name=\"twitter:label1\" content=\"Estimation du temps de lecture\" \/>\n\t<meta name=\"twitter:data1\" content=\"4 minutes\" \/>\n<script type=\"application\/ld+json\" class=\"yoast-schema-graph\">{\"@context\":\"https:\/\/schema.org\",\"@graph\":[{\"@type\":\"WebPage\",\"@id\":\"https:\/\/casinolion.ca\/dialinvest-international-n-v-casinos\/\",\"url\":\"https:\/\/casinolion.ca\/dialinvest-international-n-v-casinos\/\",\"name\":\"Dialinvest International N.V. Casinos\",\"isPartOf\":{\"@id\":\"https:\/\/casinolion.ca\/fr\/#website\"},\"datePublished\":\"2023-08-27T06:35:04+00:00\",\"breadcrumb\":{\"@id\":\"https:\/\/casinolion.ca\/dialinvest-international-n-v-casinos\/#breadcrumb\"},\"inLanguage\":\"fr-CA\",\"potentialAction\":[{\"@type\":\"ReadAction\",\"target\":[\"https:\/\/casinolion.ca\/dialinvest-international-n-v-casinos\/\"]}]},{\"@type\":\"BreadcrumbList\",\"@id\":\"https:\/\/casinolion.ca\/dialinvest-international-n-v-casinos\/#breadcrumb\",\"itemListElement\":[{\"@type\":\"ListItem\",\"position\":1,\"name\":\"Home\",\"item\":\"https:\/\/casinolion.ca\/\"},{\"@type\":\"ListItem\",\"position\":2,\"name\":\"Dialinvest International N.V. Casinos\"}]},{\"@type\":\"WebSite\",\"@id\":\"https:\/\/casinolion.ca\/fr\/#website\",\"url\":\"https:\/\/casinolion.ca\/fr\/\",\"name\":\"\",\"description\":\"\",\"potentialAction\":[{\"@type\":\"SearchAction\",\"target\":{\"@type\":\"EntryPoint\",\"urlTemplate\":\"https:\/\/casinolion.ca\/fr\/?s={search_term_string}\"},\"query-input\":{\"@type\":\"PropertyValueSpecification\",\"valueRequired\":true,\"valueName\":\"search_term_string\"}}],\"inLanguage\":\"fr-CA\"}]}<\/script>\n<!-- \/ Yoast SEO plugin. -->","yoast_head_json":{"title":"Dialinvest International N.V. Casinos","robots":{"index":"index","follow":"follow","max-snippet":"max-snippet:-1","max-image-preview":"max-image-preview:large","max-video-preview":"max-video-preview:-1"},"canonical":"https:\/\/casinolion.ca\/fr\/dialinvest-international-n-v-casinos\/","og_locale":"fr_CA","og_type":"article","og_title":"Dialinvest International N.V. Casinos","og_description":"About Dialinvest International N.V. Established in 2002, Dialinvest International N.V. has earned the right to be called \u201cthe responsible pioneers of online gambling.\u201d This slogan is also featured on their website. Although Dialinvest International N.V. has been offering online casino services for more than two decades, it became prominent in 2013 after launching its first [&hellip;]","og_url":"https:\/\/casinolion.ca\/fr\/dialinvest-international-n-v-casinos\/","twitter_card":"summary_large_image","twitter_misc":{"Estimation du temps de lecture":"4 minutes"},"schema":{"@context":"https:\/\/schema.org","@graph":[{"@type":"WebPage","@id":"https:\/\/casinolion.ca\/dialinvest-international-n-v-casinos\/","url":"https:\/\/casinolion.ca\/dialinvest-international-n-v-casinos\/","name":"Dialinvest International N.V. Casinos","isPartOf":{"@id":"https:\/\/casinolion.ca\/fr\/#website"},"datePublished":"2023-08-27T06:35:04+00:00","breadcrumb":{"@id":"https:\/\/casinolion.ca\/dialinvest-international-n-v-casinos\/#breadcrumb"},"inLanguage":"fr-CA","potentialAction":[{"@type":"ReadAction","target":["https:\/\/casinolion.ca\/dialinvest-international-n-v-casinos\/"]}]},{"@type":"BreadcrumbList","@id":"https:\/\/casinolion.ca\/dialinvest-international-n-v-casinos\/#breadcrumb","itemListElement":[{"@type":"ListItem","position":1,"name":"Home","item":"https:\/\/casinolion.ca\/"},{"@type":"ListItem","position":2,"name":"Dialinvest International N.V. Casinos"}]},{"@type":"WebSite","@id":"https:\/\/casinolion.ca\/fr\/#website","url":"https:\/\/casinolion.ca\/fr\/","name":"","description":"","potentialAction":[{"@type":"SearchAction","target":{"@type":"EntryPoint","urlTemplate":"https:\/\/casinolion.ca\/fr\/?s={search_term_string}"},"query-input":{"@type":"PropertyValueSpecification","valueRequired":true,"valueName":"search_term_string"}}],"inLanguage":"fr-CA"}]}},"_links":{"self":[{"href":"https:\/\/casinolion.ca\/fr\/wp-json\/wp\/v2\/pages\/20397","targetHints":{"allow":["GET"]}}],"collection":[{"href":"https:\/\/casinolion.ca\/fr\/wp-json\/wp\/v2\/pages"}],"about":[{"href":"https:\/\/casinolion.ca\/fr\/wp-json\/wp\/v2\/types\/page"}],"author":[{"embeddable":true,"href":"https:\/\/casinolion.ca\/fr\/wp-json\/wp\/v2\/users\/1"}],"replies":[{"embeddable":true,"href":"https:\/\/casinolion.ca\/fr\/wp-json\/wp\/v2\/comments?post=20397"}],"version-history":[{"count":0,"href":"https:\/\/casinolion.ca\/fr\/wp-json\/wp\/v2\/pages\/20397\/revisions"}],"wp:attachment":[{"href":"https:\/\/casinolion.ca\/fr\/wp-json\/wp\/v2\/media?parent=20397"}],"curies":[{"name":"wp","href":"https:\/\/api.w.org\/{rel}","templated":true}]}}