
{"id":20435,"date":"2023-08-31T05:31:18","date_gmt":"2023-08-31T05:31:18","guid":{"rendered":"https:\/\/www.canadiancasinos.ca\/?page_id=20435"},"modified":"2023-08-31T05:31:18","modified_gmt":"2023-08-31T05:31:18","slug":"bets-entertainment-n-v-casinos","status":"publish","type":"page","link":"https:\/\/casinolion.ca\/fr\/bets-entertainment-n-v-casinos\/","title":{"rendered":"Bets Entertainment N.V. Casinos"},"content":{"rendered":"<p>Bets Entertainment N.V. ne figure pas parmi les plus grands op\u00e9rateurs de casinos en ligne, \u00e9tant donn\u00e9 qu'il s'agit d'un nouvel acteur sur le march\u00e9 de l'iGaming. Bien que la soci\u00e9t\u00e9 n'ait pas encore de site web officiel, elle a lanc\u00e9 quatre sites de casino qui en disent long sur son organisation m\u00e8re.<\/p>\n<p>Notre \u00e9quipe a recueilli des donn\u00e9es pertinentes sur Bets Entertainment N.V. aupr\u00e8s de ses casinos et d'autres r\u00e9f\u00e9rences en ligne. Tous les d\u00e9tails et une \u00e9valuation approfondie de chaque site appartenant \u00e0 cette soci\u00e9t\u00e9 sont inclus.<\/p>\n<h2>\u00c0 propos de Bets Entertainment N.V.<\/h2>\n<p>Bets Entertainment N.V. est une soci\u00e9t\u00e9 qui exploite des casinos en ligne depuis 2020. Elle d\u00e9tient une licence de Cura\u00e7ao, qu'elle utilise pour r\u00e9glementer les quatre sites de casino qu'elle g\u00e8re actuellement. Afin de couvrir plus de terrain, Bets Entertainment N.V. a permis \u00e0 Nitouka Limited d'agir en tant que son repr\u00e9sentant pour les juridictions de l'UE-EEE.<\/p>\n<p>Apparemment, aucune des deux soci\u00e9t\u00e9s n'avait le droit de servir les clients australiens. En 2023, Bets Entertainment N.V. et Nitouka Limited ont re\u00e7u un avertissement formel de l'Australian Communications and Media Authority (ACMA). En effet, l'op\u00e9rateur fournissait des services de jeux d'argent interactifs interdits avec un lien vers un client australien.<\/p>\n<p>N\u00e9anmoins, la soci\u00e9t\u00e9 n'a pas \u00e9t\u00e9 associ\u00e9e \u00e0 d'autres probl\u00e8mes ou accus\u00e9e d'activit\u00e9s de jeu en ligne ill\u00e9gales dans d'autres pays. Par cons\u00e9quent, cet incident isol\u00e9 ne devrait pas affecter l'\u00e9valuation globale de Bets Entertainment N.V., car cette soci\u00e9t\u00e9 n'a exploit\u00e9 jusqu'\u00e0 pr\u00e9sent que des plates-formes de casino en ligne l\u00e9gitimes.<\/p>\n<h2>Bets Entertainment N.V Casinos<\/h2>\n<p>Bets Entertainment N.V. poss\u00e8de et exploite actuellement quatre casinos en ligne qui proposent des milliers de jeux aux joueurs du monde entier. Bien que certains d'entre eux acceptent les monnaies fiduciaires classiques, ils s'adressent principalement aux joueurs qui pr\u00e9f\u00e8rent les monnaies num\u00e9riques. Vous trouverez une br\u00e8ve analyse de chaque site actif de Bets Entertainment N.V. dans les sections suivantes.<\/p>\n<h3>Bets.io<\/h3>\n<p>Bets.io est la marque phare de Bets Entertainment et un casino exclusivement cryptographique. Les joueurs qui rejoignent la plateforme peuvent utiliser Bitcoin, Bitcoin Cash, Ethereum, Litecoin, Ripple, Tether et Dogecoin. Comme tous les paiements vers et depuis Bets.io reposent sur la technologie blockchain, vous pouvez \u00eatre assur\u00e9 que vos transactions seront aussi s\u00e9curis\u00e9es que possible.<\/p>\n<p>De plus, gr\u00e2ce au syst\u00e8me de paiement et de jeu utilis\u00e9 par Bets.io, les joueurs n'ont pas besoin de passer par des v\u00e9rifications compliqu\u00e9es. Comme vous devez v\u00e9rifier votre \u00e2ge et votre identit\u00e9 lorsque vous ouvrez un portefeuille de crypto-monnaies, vous n'aurez pas besoin de repasser par les m\u00eames proc\u00e9dures. Naturellement, si vous touchez le jackpot, vous devrez probablement pr\u00e9senter certains documents, mais avant cela, vous pourrez d\u00e9poser et retirer vos pi\u00e8ces num\u00e9riques sans poser de questions.<\/p>\n<p>Si vous ne poss\u00e9dez toujours pas de crypto-monnaie mais que vous souhaitez jouer \u00e0 des jeux sur Bets.io, vous pourrez acheter les pi\u00e8ces num\u00e9riques souhait\u00e9es directement aupr\u00e8s du casino. Une fois que vous l'aurez fait, vous pourrez commencer \u00e0 tester plus de 3 000 jeux de casino diff\u00e9rents. Pendant ce temps, vous pouvez \u00e9galement essayer des titres RNG gratuitement en mode d\u00e9mo.<\/p>\n<h3>Spinch Casino<\/h3>\n<p>Le Spinch Casino a pour objectif de r\u00e9compenser les joueurs \u00e0 toutes les \u00e9tapes de leur parcours de jeu en ligne. Pour commencer, les nouveaux joueurs peuvent profiter d'un \u00e9norme bonus de bienvenue allant jusqu'\u00e0 $10,000. Ils pourront \u00e9galement faire tourner la roue Spinch et gagner des prix suppl\u00e9mentaires.<\/p>\n<p>Les utilisateurs enregistr\u00e9s peuvent b\u00e9n\u00e9ficier d'un cashback quotidien allant jusqu'\u00e0 20% ainsi que de diverses autres promotions, telles que des offres de recharge, des tours quotidiens de Spinch Wheel et d'autres bonus assortis de codes promotionnels sp\u00e9ciaux. Enfin, un club VIP \u00e0 six niveaux offre des avantages fantastiques qui s'am\u00e9liorent au fur et \u00e0 mesure que l'on progresse sur l'\u00e9chelle de la fid\u00e9lit\u00e9.<\/p>\n<p>En outre, les membres du Spinch Casino ont une chance de gagner l'un des trois jackpots du Spinch : grand, moyen et mini. Les conditions sont conviviales, car tout ce que vous avez \u00e0 faire pour participer est de jouer au jeu de votre choix et de miser au moins 1 \u20ac ou l'\u00e9quivalent en devises \u00e0 chaque tour.<\/p>\n<p>Les jackpots ont des seuils maximums et doivent tomber avant que ces limites ne soient atteintes. De plus, ils ne sont soumis \u00e0 aucune exigence de mise, ce qui signifie que vous pouvez retirer votre gros gain sans aucune restriction.<\/p>\n<h3>1Red Casino<\/h3>\n<p>Le casino 1Red est enti\u00e8rement \u00e9quip\u00e9 pour tous les types d'amateurs de jeux en ligne. Sa biblioth\u00e8que de jeux comprend plus de 5 000 machines \u00e0 sous, jeux de table, titres de croupiers en direct et diff\u00e9rents jeux sp\u00e9cialis\u00e9s. Outre les cat\u00e9gories standard, vous pouvez \u00e9galement jouer \u00e0 des jackpots, \u00e0 des jeux d'achat de bonus et \u00e0 diff\u00e9rentes versions de crypto-monnaies. Les jeux proviennent de plus de 75 fournisseurs de logiciels, y compris des cr\u00e9ateurs de jeux renomm\u00e9s comme Pragmatic Play, Yggdrasil, Playson, Quickspin et bien d'autres.<\/p>\n<p>Les joueurs qui pr\u00e9f\u00e8rent jouer en d\u00e9placement trouveront le 1Red Casino parfait pour leurs aventures de jeu. Le site a d\u00e9velopp\u00e9 une application mobile native pour les appareils iOS et Android, rendant ainsi le jeu mobile plus pratique. De plus, l'op\u00e9rateur permet \u00e0 ses utilisateurs d'installer des extensions Chrome pour Mac et Windows et d'acc\u00e9der au site plus rapidement sur leur ordinateur de bureau.<\/p>\n<h3>OnLuck Casino<\/h3>\n<p>OnLuck est un casino en ligne officiellement d\u00e9tenu et g\u00e9r\u00e9 par Bets Entertainment N.V. Cependant, au bas de sa page d'accueil, vous pouvez apprendre qu'une soci\u00e9t\u00e9 chypriote, Nitouka Limited, agit en tant que repr\u00e9sentant du casino aupr\u00e8s de l'UE-EEE. N\u00e9anmoins, le site suit les m\u00eames protocoles de s\u00e9curit\u00e9 que les autres casinos de Bets Entertainment N.V. et poss\u00e8de une licence de Cura\u00e7ao.<\/p>\n<p>Le site propose des milliers de jeux, mais sa v\u00e9ritable valeur r\u00e9side dans les tournois de jeux r\u00e9guliers. Lors de votre inscription, vous pourrez participer \u00e0 des comp\u00e9titions hebdomadaires telles que des tournois de cash et de free spins ou vous inscrire \u00e0 des tournois Spin &amp; Win. Les options les plus populaires, comme Drops &amp; Wins, sont presque toujours au menu, et vous trouverez fr\u00e9quemment des tournois organis\u00e9s par des fournisseurs de logiciels s\u00e9lectionn\u00e9s.<\/p>\n<h2>Dois-je faire confiance aux casinos de Bets Entertainment N.V. ?<\/h2>\n<p>Notre \u00e9quipe a effectu\u00e9 des recherches sur Bet Entertainment N.V. et sur les casinos que cette soci\u00e9t\u00e9 exploite. Ce propri\u00e9taire de casino est titulaire d'une licence de Cura\u00e7ao, comme tous ses sites de casino, qui portent le cachet de cette juridiction de jeux en ligne.<\/p>\n<p>Toutes les plateformes utilisent des mesures de s\u00e9curit\u00e9 avanc\u00e9es, en particulier les sites crypto exclusifs, qui basent leurs op\u00e9rations sur la technologie blockchain. De plus, nous n'avons trouv\u00e9 aucune plainte non r\u00e9solue concernant les casinos de Bets Entertainment N.V., ce qui signifie que vous pouvez faire confiance \u00e0 ces sites de jeu comme beaucoup d'autres joueurs avant vous.<\/p>\n<h2>Bets Entertainment N.V. Aper\u00e7u<\/h2>\n<p><strong>Ann\u00e9e de cr\u00e9ation<\/strong>: 2020<\/p>\n<p><strong>Recettes<\/strong>: N\/A<\/p>\n<p><strong>PDG<\/strong>: N\/A<\/p>\n<p><strong>Salari\u00e9s<\/strong>: N\/A<\/p>\n<p><strong>Licences<\/strong>: Cura\u00e7ao<\/p>","protected":false},"excerpt":{"rendered":"<p>Bets Entertainment N.V. does not rank among the largest online casino operators, considering it\u2019s a new player in the iGaming market. Although the company still doesn\u2019t have an official website, it has launched four casino sites that speak volumes about its parent organization. Our team has collected relevant data about Bets Entertainment N.V. from its [&hellip;]<\/p>","protected":false},"author":1,"featured_media":0,"parent":0,"menu_order":0,"comment_status":"closed","ping_status":"closed","template":"","meta":{"_acf_changed":false,"footnotes":""},"class_list":["post-20435","page","type-page","status-publish","hentry"],"acf":[],"yoast_head":"<!-- This site is optimized with the Yoast SEO plugin v26.1.1 - https:\/\/yoast.com\/wordpress\/plugins\/seo\/ -->\n<title>Best Bets Entertainment N.V. Casinos in [2026]<\/title>\n<meta name=\"robots\" content=\"index, follow, max-snippet:-1, max-image-preview:large, max-video-preview:-1\" \/>\n<link rel=\"canonical\" href=\"https:\/\/casinolion.ca\/fr\/bets-entertainment-n-v-casinos\/\" \/>\n<meta property=\"og:locale\" content=\"fr_CA\" \/>\n<meta property=\"og:type\" content=\"article\" \/>\n<meta property=\"og:title\" content=\"Best Bets Entertainment N.V. Casinos in [2026]\" \/>\n<meta property=\"og:description\" content=\"Bets Entertainment N.V. does not rank among the largest online casino operators, considering it\u2019s a new player in the iGaming market. Although the company still doesn\u2019t have an official website, it has launched four casino sites that speak volumes about its parent organization. Our team has collected relevant data about Bets Entertainment N.V. from its [&hellip;]\" \/>\n<meta property=\"og:url\" content=\"https:\/\/casinolion.ca\/fr\/bets-entertainment-n-v-casinos\/\" \/>\n<meta name=\"twitter:card\" content=\"summary_large_image\" \/>\n<meta name=\"twitter:label1\" content=\"Estimation du temps de lecture\" \/>\n\t<meta name=\"twitter:data1\" content=\"5 minutes\" \/>\n<script type=\"application\/ld+json\" class=\"yoast-schema-graph\">{\"@context\":\"https:\/\/schema.org\",\"@graph\":[{\"@type\":\"WebPage\",\"@id\":\"https:\/\/casinolion.ca\/bets-entertainment-n-v-casinos\/\",\"url\":\"https:\/\/casinolion.ca\/bets-entertainment-n-v-casinos\/\",\"name\":\"Best Bets Entertainment N.V. Casinos in [2026]\",\"isPartOf\":{\"@id\":\"https:\/\/casinolion.ca\/fr\/#website\"},\"datePublished\":\"2023-08-31T05:31:18+00:00\",\"breadcrumb\":{\"@id\":\"https:\/\/casinolion.ca\/bets-entertainment-n-v-casinos\/#breadcrumb\"},\"inLanguage\":\"fr-CA\",\"potentialAction\":[{\"@type\":\"ReadAction\",\"target\":[\"https:\/\/casinolion.ca\/bets-entertainment-n-v-casinos\/\"]}]},{\"@type\":\"BreadcrumbList\",\"@id\":\"https:\/\/casinolion.ca\/bets-entertainment-n-v-casinos\/#breadcrumb\",\"itemListElement\":[{\"@type\":\"ListItem\",\"position\":1,\"name\":\"Home\",\"item\":\"https:\/\/casinolion.ca\/\"},{\"@type\":\"ListItem\",\"position\":2,\"name\":\"Bets Entertainment N.V. Casinos\"}]},{\"@type\":\"WebSite\",\"@id\":\"https:\/\/casinolion.ca\/fr\/#website\",\"url\":\"https:\/\/casinolion.ca\/fr\/\",\"name\":\"\",\"description\":\"\",\"potentialAction\":[{\"@type\":\"SearchAction\",\"target\":{\"@type\":\"EntryPoint\",\"urlTemplate\":\"https:\/\/casinolion.ca\/fr\/?s={search_term_string}\"},\"query-input\":{\"@type\":\"PropertyValueSpecification\",\"valueRequired\":true,\"valueName\":\"search_term_string\"}}],\"inLanguage\":\"fr-CA\"}]}<\/script>\n<!-- \/ Yoast SEO plugin. -->","yoast_head_json":{"title":"Best Bets Entertainment N.V. Casinos en [2026]","robots":{"index":"index","follow":"follow","max-snippet":"max-snippet:-1","max-image-preview":"max-image-preview:large","max-video-preview":"max-video-preview:-1"},"canonical":"https:\/\/casinolion.ca\/fr\/bets-entertainment-n-v-casinos\/","og_locale":"fr_CA","og_type":"article","og_title":"Best Bets Entertainment N.V. Casinos in [2026]","og_description":"Bets Entertainment N.V. does not rank among the largest online casino operators, considering it\u2019s a new player in the iGaming market. Although the company still doesn\u2019t have an official website, it has launched four casino sites that speak volumes about its parent organization. Our team has collected relevant data about Bets Entertainment N.V. from its [&hellip;]","og_url":"https:\/\/casinolion.ca\/fr\/bets-entertainment-n-v-casinos\/","twitter_card":"summary_large_image","twitter_misc":{"Estimation du temps de lecture":"5 minutes"},"schema":{"@context":"https:\/\/schema.org","@graph":[{"@type":"WebPage","@id":"https:\/\/casinolion.ca\/bets-entertainment-n-v-casinos\/","url":"https:\/\/casinolion.ca\/bets-entertainment-n-v-casinos\/","name":"Best Bets Entertainment N.V. Casinos en [2026]","isPartOf":{"@id":"https:\/\/casinolion.ca\/fr\/#website"},"datePublished":"2023-08-31T05:31:18+00:00","breadcrumb":{"@id":"https:\/\/casinolion.ca\/bets-entertainment-n-v-casinos\/#breadcrumb"},"inLanguage":"fr-CA","potentialAction":[{"@type":"ReadAction","target":["https:\/\/casinolion.ca\/bets-entertainment-n-v-casinos\/"]}]},{"@type":"BreadcrumbList","@id":"https:\/\/casinolion.ca\/bets-entertainment-n-v-casinos\/#breadcrumb","itemListElement":[{"@type":"ListItem","position":1,"name":"Home","item":"https:\/\/casinolion.ca\/"},{"@type":"ListItem","position":2,"name":"Bets Entertainment N.V. Casinos"}]},{"@type":"WebSite","@id":"https:\/\/casinolion.ca\/fr\/#website","url":"https:\/\/casinolion.ca\/fr\/","name":"","description":"","potentialAction":[{"@type":"SearchAction","target":{"@type":"EntryPoint","urlTemplate":"https:\/\/casinolion.ca\/fr\/?s={search_term_string}"},"query-input":{"@type":"PropertyValueSpecification","valueRequired":true,"valueName":"search_term_string"}}],"inLanguage":"fr-CA"}]}},"_links":{"self":[{"href":"https:\/\/casinolion.ca\/fr\/wp-json\/wp\/v2\/pages\/20435","targetHints":{"allow":["GET"]}}],"collection":[{"href":"https:\/\/casinolion.ca\/fr\/wp-json\/wp\/v2\/pages"}],"about":[{"href":"https:\/\/casinolion.ca\/fr\/wp-json\/wp\/v2\/types\/page"}],"author":[{"embeddable":true,"href":"https:\/\/casinolion.ca\/fr\/wp-json\/wp\/v2\/users\/1"}],"replies":[{"embeddable":true,"href":"https:\/\/casinolion.ca\/fr\/wp-json\/wp\/v2\/comments?post=20435"}],"version-history":[{"count":0,"href":"https:\/\/casinolion.ca\/fr\/wp-json\/wp\/v2\/pages\/20435\/revisions"}],"wp:attachment":[{"href":"https:\/\/casinolion.ca\/fr\/wp-json\/wp\/v2\/media?parent=20435"}],"curies":[{"name":"wp","href":"https:\/\/api.w.org\/{rel}","templated":true}]}}