
{"id":20491,"date":"2023-09-07T06:01:02","date_gmt":"2023-09-07T06:01:02","guid":{"rendered":"https:\/\/www.canadiancasinos.ca\/?page_id=20491"},"modified":"2024-01-03T08:02:30","modified_gmt":"2024-01-03T08:02:30","slug":"mirage-corporation-n-v-casinos","status":"publish","type":"page","link":"https:\/\/casinolion.ca\/fr\/mirage-corporation-n-v-casinos\/","title":{"rendered":"Mirage Corporation N.V. Casinos"},"content":{"rendered":"<p>De nouvelles soci\u00e9t\u00e9s de casino rejoignent le secteur anim\u00e9 de l'iGaming presque tous les jours, mais tr\u00e8s peu se distinguent par leur d\u00e9vouement et leur qualit\u00e9. C'est le cas de Mirage Corporation N.V., une soci\u00e9t\u00e9 de casino lanc\u00e9e en 2014.<\/p>\n<p>Bien qu'elle partage son nom avec l'un des casinos les plus populaires au monde, les deux n'ont aucun lien de parent\u00e9. Mirage Corporation N.V. op\u00e8re exclusivement en ligne et g\u00e8re environ 25 sites de jeux.<\/p>\n<p>Dans les sections suivantes, nous explorerons les traits distinctifs et les particularit\u00e9s du Mirage, en d\u00e9couvrant les secrets de son succ\u00e8s.<\/p>\n<h2>Casinos Mirage Corporation N.V. recommand\u00e9s au Canada<\/h2>\n<div class=\"flex-container column casinoTable bankingTbl\"><div class = \"flex-row other-rows status-casino-box\"><div class=\"bad-labels\"><span>ferm\u00e9<\/span><\/div><div class=\"red-box-number\">1<\/div><div class=\"medium-md large-md half-col casino-card-logo\"><a rel=\"nofollow\" class=\"\" href=\"\" target=\"_blank\" ><img decoding=\"async\" width=\"115\" height=\"115\" class=\"casinoLogo\" src=\"\/wp-content\/uploads\/ccImages\/casino\/2287\/playouwin_casino_logo_02.09.2021..png\" alt=\"Casino Playouwin\" \/><\/a><\/div><div class=\"medium-lg large-md hide casino-name-wrap\">Casino Playouwin<br\/><\/div><div class=\"small-xxl medium-md large-lg links\"><\/div><\/div><\/div>\n<h2>\u00c0 propos de Mirage Corporation N.V.<\/h2>\n<p>Mirage Corporation fait partie de l'industrie des jeux en ligne depuis pr\u00e8s de dix ans. Au cours de cette p\u00e9riode, la soci\u00e9t\u00e9 a r\u00e9ussi \u00e0 d\u00e9velopper, stocker et lancer une s\u00e9rie de plateformes de jeux en ligne de haute qualit\u00e9.<\/p>\n<p>Aujourd'hui, Mirage compte plus de 20 marques de casinos \u00e0 succ\u00e8s et op\u00e8re dans de nombreux pays \u00e0 travers le monde, notamment en Europe et en Am\u00e9rique. Toutefois, il convient de noter que Mirage n'a pas encore re\u00e7u de licence d\u00e9livr\u00e9e par le gouvernement de l'un de ces continents. Cela signifie que les joueurs des r\u00e9gions soumises \u00e0 des r\u00e9glementations strictes en mati\u00e8re de jeu, telles que les \u00c9tats-Unis et le Royaume-Uni, ne peuvent pas acc\u00e9der \u00e0 ses sites de casino.<\/p>\n<p>Du c\u00f4t\u00e9 positif, Mirage offre des services en plusieurs langues et fonctionne avec de nombreuses devises fiduciaires et cryptographiques. L'accent est mis sur l'Europe occidentale dans les deux cat\u00e9gories, mais les utilisateurs peuvent \u00e9galement jouer aux versions japonaise, br\u00e9silienne, portugaise, turque, canadienne et autres de ces casinos avec leurs devises nationales.<\/p>\n<h2>Mirage Corporation N.V. Licences et s\u00e9curit\u00e9<\/h2>\n<p>Mirage Corporation et tous ses sites de jeux fonctionnent avec une seule licence de jeu. Ce permis provient d'Antillephone N.V., une organisation d\u00e9sign\u00e9e par le gouvernement de Cura\u00e7ao pour d\u00e9livrer des licences de jeu aux soci\u00e9t\u00e9s de casino. Cette information figure sur toutes les plateformes de jeux de Mirage, ainsi que le num\u00e9ro de licence (8048\/JAZ2014-037) \u00e0 titre de r\u00e9f\u00e9rence.<\/p>\n<p>Bien qu'il ne s'agisse pas de l'organisme de r\u00e9glementation le plus strict qui soit, le Conseil de contr\u00f4le du Cucracao jouit d'une solide r\u00e9putation dans le secteur. De nombreux casinos r\u00e9put\u00e9s op\u00e8rent sous sa supervision, vous pouvez donc \u00eatre s\u00fbr que Mirage maintient un mod\u00e8le d'affaires juste et honn\u00eate.<\/p>\n<p>En plus de la licence, les casinos Mirage peuvent se vanter de disposer d'un ensemble complet de protocoles de s\u00e9curit\u00e9. Ils cryptent toutes les informations sensibles gr\u00e2ce \u00e0 la technologie VeriSign SSL (Secure Socket Layer) qui emp\u00eache les attaques de tiers. En outre, ils respectent les proc\u00e9dures universelles de lutte contre le blanchiment d'argent et le financement du terrorisme et collaborent avec trois organisations de jeu responsable bien connues : Gamblers Anonymous, GamCare et Gambling Therapy.<\/p>\n<h2>Mirage Corporation N.V. Services de paiement<\/h2>\n<p>Mirage suit un mod\u00e8le de paiement similaire \u00e0 celui de ses concurrents. Pour garantir la s\u00e9curit\u00e9 et la fiabilit\u00e9, elle traite tous les paiements par l'interm\u00e9diaire d'une soci\u00e9t\u00e9 externe. Toutefois, au lieu d'employer un prestataire financier ind\u00e9pendant, elle d\u00e9l\u00e8gue cette t\u00e2che \u00e0 Mirage Ent. Corporation Limited, qui est \u00e9galement responsable d'un certain nombre de ses op\u00e9rations administratives. Elle est enregistr\u00e9e \u00e0 Nicosie, \u00e0 Chypre, sous le num\u00e9ro 340968.<\/p>\n<p>Mirage n'offre pas d'autres d\u00e9tails sur le traitement des paiements. Cependant, vous pouvez en apprendre davantage sur les m\u00e9thodes de paiement, les limites et les frais de chacun de ses casinos en consultant leurs sections de paiement respectives ou en contactant leur service client\u00e8le.<\/p>\n<h2>Mirage Corporation N.V. Services de jeux<\/h2>\n<p>Mirage accorde une grande importance au jeu. Par cons\u00e9quent, toutes ses plateformes r\u00e9pondent \u00e0 trois crit\u00e8res essentiels : un logiciel de jeu de qualit\u00e9, des cat\u00e9gories de jeu diversifi\u00e9es et un contenu de jeu actualis\u00e9.<\/p>\n<p>La plupart des casinos proposent un millier de titres couvrant un large \u00e9ventail de cat\u00e9gories populaires. L'accent est mis sur les machines \u00e0 sous, qui se pr\u00e9sentent sous diverses formes et diff\u00e8rent par leur th\u00e8me, leurs m\u00e9canismes et leur potentiel de r\u00e9compense. N\u00e9anmoins, ces plateformes accueillent des jeux de table et des jeux t\u00e9l\u00e9vis\u00e9s avec croupiers virtuels ou en direct. Certaines d'entre elles proposent m\u00eame des versions sp\u00e9ciales et des options d'achat de bonus.<\/p>\n<p>Mirage offre une exp\u00e9rience de jeu ultime dans chaque cat\u00e9gorie, en proposant des titres provenant de plus de 100 fournisseurs de logiciels r\u00e9put\u00e9s. La gamme comprend de nombreux favoris des joueurs comme Evolution, Ezugi, NetEnt, Amatic, Booming Games, Elf, Betsoft, etc.<\/p>\n<p>Gr\u00e2ce \u00e0 leur conception HTML5, la plupart de ces jeux sont disponibles sur les appareils mobiles, bien que les casinos Mirage ne proposent pas d'applications autonomes. Au lieu de cela, vous pouvez acc\u00e9der au site officiel du casino via votre navigateur mobile.<\/p>\n<h2>Mirage Corporation N.V. Casinos populaires<\/h2>\n<p>Pour montrer comment toutes les caract\u00e9ristiques et qualit\u00e9s d\u00e9crites ci-dessus fonctionnent dans la pratique, les sections suivantes proposent de br\u00e8ves revues des trois principaux casinos phares de Mirage.<\/p>\n<h3>Casino Las Americas<\/h3>\n<p>Las Americas est l'un des casinos les plus anciens et les plus connus de Mirage Corporation. Il a \u00e9t\u00e9 lanc\u00e9 rapidement apr\u00e8s que la soci\u00e9t\u00e9 a re\u00e7u sa licence pour le Cura\u00e7ao et n'a jamais cess\u00e9 d'exister depuis.<\/p>\n<p>Comme la plupart des sites de jeux Mirage, Las Americas dispose d'une mise en page simple et d'un aspect quelque peu d\u00e9suet. Cependant, son excellent catalogue de jeux compense cette faiblesse. Le site propose des machines \u00e0 sous, des jeux de table avec croupiers virtuels et en direct, des cartes \u00e0 gratter et des spectacles. Il est aliment\u00e9 par la centaine de d\u00e9veloppeurs avec lesquels Mirage est partenaire, de sorte que l'exp\u00e9rience de jeu est fantastique, quel que soit l'appareil que vous utilisez.<\/p>\n<p>Outre les jeux de casino, le Las Americas propose un pari sportif complet. La section propose un large \u00e9ventail de march\u00e9s, y compris les paris d'avant-match et les paris en direct. Les cotes ne sont peut-\u00eatre pas les meilleures que vous puissiez trouver sur un bookmaker en ligne, mais elles sont plut\u00f4t bonnes pour un op\u00e9rateur ax\u00e9 sur les jeux de casino.<\/p>\n<h3>Space Lilly Casino<\/h3>\n<p>Lanc\u00e9 \u00e0 la m\u00eame \u00e9poque que son site jumeau ci-dessus, Space Lilly peut se targuer d'une solide exp\u00e9rience dans l'industrie mondiale des jeux en ligne. Il a \u00e9t\u00e9 d\u00e9velopp\u00e9 sur le th\u00e8me de l'espace, avec un look futuriste, une mascotte h\u00e9ro\u00efne et un sc\u00e9nario passionnant pour compl\u00e9ter son esth\u00e9tique.<\/p>\n<p>Une fois de plus, le casino aurait besoin d'une apparence plus moderne, surtout si l'on consid\u00e8re son th\u00e8me, mais la plate-forme fonctionne tr\u00e8s bien. Son principal atout r\u00e9side dans ses promotions, qui sont plac\u00e9es au premier plan sur le site. Space Lily propose deux bonus de bienvenue et une chasse au tr\u00e9sor pour les joueurs qui reviennent. Les deux offrent aux utilisateurs un bonus de d\u00e9p\u00f4t de plusieurs milliers de dollars et un ensemble de tours gratuits sans d\u00e9p\u00f4t, une offre rare sur le march\u00e9 actuel.<\/p>\n<h3>Betroom24 Casino<\/h3>\n<p>Le dernier, mais non le moindre, est Betroom24, l'un des produits les plus r\u00e9cents de Mirage Corporation N.V. Contrairement aux deux autres, ce site Web a un look moderne, refl\u00e9tant son lancement r\u00e9cent. Betroom24 dispose d'une interface \u00e9l\u00e9gante et agr\u00e9able \u00e0 l'\u0153il, avec une mise en page caract\u00e9ristique.<\/p>\n<p>Le site ne pr\u00e9sente pas un th\u00e8me extravagant, mais n'h\u00e9site pas non plus \u00e0 proposer des jeux de haut niveau. Outre l'ensemble standard de machines \u00e0 sous, de jeux de table et de jeux avec croupiers en direct de Mirage, Betroom24 propose un grand nombre de tournois. La page des tournois propose des concours r\u00e9guliers et limit\u00e9s dans le temps, avec des cagnottes \u00e0 sept chiffres.<\/p>\n<p>Les concours favorisent les partenaires d\u00e9veloppeurs de jeux de Mirage, de sorte que seuls des titres sp\u00e9cifiques sont disponibles. Cela dit, il y a des machines \u00e0 sous et des jeux de table pour tous les go\u00fbts et toutes les pr\u00e9f\u00e9rences.<\/p>\n<h2>Dois-je faire confiance \u00e0 Mirage Corporation N.V. ?<\/h2>\n<p>Mirage Corporation ne jouit pas d'une r\u00e9putation aussi impressionnante que certains de ses pairs, mais ses longs ant\u00e9c\u00e9dents t\u00e9moignent de sa qualit\u00e9. La soci\u00e9t\u00e9 op\u00e8re depuis pr\u00e8s de dix ans et g\u00e8re une vingtaine de marques de casinos diff\u00e9rentes.<\/p>\n<p>La m\u00eame licence de jeu de Cura\u00e7ao lui a \u00e9t\u00e9 attribu\u00e9e tout au long de son existence, ce qui prouve que ses activit\u00e9s sont rest\u00e9es l\u00e9gitimes. Les commentaires des joueurs et l'int\u00e9r\u00eat durable pour ses casinos le confirment. L'utilisation par Mirage de m\u00e9thodes de s\u00e9curit\u00e9 avanc\u00e9es, le respect des proc\u00e9dures KYC et AML et les partenariats avec des organisations de jeu responsable jouent \u00e9galement un r\u00f4le important.<\/p>\n<h2>Mirage Corporation N.V. Aper\u00e7u<\/h2>\n<p><strong>Ann\u00e9e de cr\u00e9ation<\/strong>: 2014<\/p>\n<p><strong>Recettes<\/strong>: N\/A<\/p>\n<p><strong>PDG<\/strong>: N\/A<\/p>\n<p><strong>Salari\u00e9s<\/strong>: N\/A<\/p>\n<p><strong>Licences<\/strong>: Commission des jeux de Cura\u00e7ao<\/p>","protected":false},"excerpt":{"rendered":"<p>De nouvelles soci\u00e9t\u00e9s de casino rejoignent le secteur anim\u00e9 de l'iGaming presque tous les jours, mais tr\u00e8s peu se distinguent par leur d\u00e9vouement et leur qualit\u00e9. C'est le cas de Mirage Corporation N.V., une soci\u00e9t\u00e9 de casino lanc\u00e9e en 2014. Bien qu'elle partage son nom avec l'une des stations de casino les plus populaires au monde, les deux [...]<\/p>","protected":false},"author":1,"featured_media":0,"parent":0,"menu_order":0,"comment_status":"closed","ping_status":"closed","template":"","meta":{"_acf_changed":false,"footnotes":""},"class_list":["post-20491","page","type-page","status-publish","hentry"],"acf":[],"yoast_head":"<!-- This site is optimized with the Yoast SEO plugin v26.1.1 - https:\/\/yoast.com\/wordpress\/plugins\/seo\/ -->\n<title>Best Mirage Corporation N.V. Casinos in 2026<\/title>\n<meta name=\"robots\" content=\"index, follow, max-snippet:-1, max-image-preview:large, max-video-preview:-1\" \/>\n<link rel=\"canonical\" href=\"https:\/\/casinolion.ca\/fr\/mirage-corporation-n-v-casinos\/\" \/>\n<meta property=\"og:locale\" content=\"fr_CA\" \/>\n<meta property=\"og:type\" content=\"article\" \/>\n<meta property=\"og:title\" content=\"Best Mirage Corporation N.V. Casinos in [year]\" \/>\n<meta property=\"og:description\" content=\"New casino companies join the bustling iGaming sector almost every day, but very few stand out for their dedication and quality. One brand that does just that is Mirage Corporation N.V., a casino company launched in 2014. While it shares its name with one of the most popular casino resorts in the world, the two [&hellip;]\" \/>\n<meta property=\"og:url\" content=\"https:\/\/casinolion.ca\/fr\/mirage-corporation-n-v-casinos\/\" \/>\n<meta property=\"article:modified_time\" content=\"2024-01-03T08:02:30+00:00\" \/>\n<meta name=\"twitter:card\" content=\"summary_large_image\" \/>\n<meta name=\"twitter:label1\" content=\"Estimation du temps de lecture\" \/>\n\t<meta name=\"twitter:data1\" content=\"6 minutes\" \/>\n<script type=\"application\/ld+json\" class=\"yoast-schema-graph\">{\"@context\":\"https:\/\/schema.org\",\"@graph\":[{\"@type\":\"WebPage\",\"@id\":\"https:\/\/casinolion.ca\/mirage-corporation-n-v-casinos\/\",\"url\":\"https:\/\/casinolion.ca\/mirage-corporation-n-v-casinos\/\",\"name\":\"Best Mirage Corporation N.V. Casinos in [year]\",\"isPartOf\":{\"@id\":\"https:\/\/casinolion.ca\/fr\/#website\"},\"datePublished\":\"2023-09-07T06:01:02+00:00\",\"dateModified\":\"2024-01-03T08:02:30+00:00\",\"breadcrumb\":{\"@id\":\"https:\/\/casinolion.ca\/mirage-corporation-n-v-casinos\/#breadcrumb\"},\"inLanguage\":\"fr-CA\",\"potentialAction\":[{\"@type\":\"ReadAction\",\"target\":[\"https:\/\/casinolion.ca\/mirage-corporation-n-v-casinos\/\"]}]},{\"@type\":\"BreadcrumbList\",\"@id\":\"https:\/\/casinolion.ca\/mirage-corporation-n-v-casinos\/#breadcrumb\",\"itemListElement\":[{\"@type\":\"ListItem\",\"position\":1,\"name\":\"Home\",\"item\":\"https:\/\/casinolion.ca\/\"},{\"@type\":\"ListItem\",\"position\":2,\"name\":\"Mirage Corporation N.V. Casinos\"}]},{\"@type\":\"WebSite\",\"@id\":\"https:\/\/casinolion.ca\/fr\/#website\",\"url\":\"https:\/\/casinolion.ca\/fr\/\",\"name\":\"\",\"description\":\"\",\"potentialAction\":[{\"@type\":\"SearchAction\",\"target\":{\"@type\":\"EntryPoint\",\"urlTemplate\":\"https:\/\/casinolion.ca\/fr\/?s={search_term_string}\"},\"query-input\":{\"@type\":\"PropertyValueSpecification\",\"valueRequired\":true,\"valueName\":\"search_term_string\"}}],\"inLanguage\":\"fr-CA\"}]}<\/script>\n<!-- \/ Yoast SEO plugin. -->","yoast_head_json":{"title":"Les meilleurs casinos de Mirage Corporation N.V. en 2026","robots":{"index":"index","follow":"follow","max-snippet":"max-snippet:-1","max-image-preview":"max-image-preview:large","max-video-preview":"max-video-preview:-1"},"canonical":"https:\/\/casinolion.ca\/fr\/mirage-corporation-n-v-casinos\/","og_locale":"fr_CA","og_type":"article","og_title":"Best Mirage Corporation N.V. Casinos in [year]","og_description":"New casino companies join the bustling iGaming sector almost every day, but very few stand out for their dedication and quality. One brand that does just that is Mirage Corporation N.V., a casino company launched in 2014. While it shares its name with one of the most popular casino resorts in the world, the two [&hellip;]","og_url":"https:\/\/casinolion.ca\/fr\/mirage-corporation-n-v-casinos\/","article_modified_time":"2024-01-03T08:02:30+00:00","twitter_card":"summary_large_image","twitter_misc":{"Estimation du temps de lecture":"6 minutes"},"schema":{"@context":"https:\/\/schema.org","@graph":[{"@type":"WebPage","@id":"https:\/\/casinolion.ca\/mirage-corporation-n-v-casinos\/","url":"https:\/\/casinolion.ca\/mirage-corporation-n-v-casinos\/","name":"Les meilleurs casinos de Mirage Corporation N.V. en [ann\u00e9e]","isPartOf":{"@id":"https:\/\/casinolion.ca\/fr\/#website"},"datePublished":"2023-09-07T06:01:02+00:00","dateModified":"2024-01-03T08:02:30+00:00","breadcrumb":{"@id":"https:\/\/casinolion.ca\/mirage-corporation-n-v-casinos\/#breadcrumb"},"inLanguage":"fr-CA","potentialAction":[{"@type":"ReadAction","target":["https:\/\/casinolion.ca\/mirage-corporation-n-v-casinos\/"]}]},{"@type":"BreadcrumbList","@id":"https:\/\/casinolion.ca\/mirage-corporation-n-v-casinos\/#breadcrumb","itemListElement":[{"@type":"ListItem","position":1,"name":"Home","item":"https:\/\/casinolion.ca\/"},{"@type":"ListItem","position":2,"name":"Mirage Corporation N.V. Casinos"}]},{"@type":"WebSite","@id":"https:\/\/casinolion.ca\/fr\/#website","url":"https:\/\/casinolion.ca\/fr\/","name":"","description":"","potentialAction":[{"@type":"SearchAction","target":{"@type":"EntryPoint","urlTemplate":"https:\/\/casinolion.ca\/fr\/?s={search_term_string}"},"query-input":{"@type":"PropertyValueSpecification","valueRequired":true,"valueName":"search_term_string"}}],"inLanguage":"fr-CA"}]}},"_links":{"self":[{"href":"https:\/\/casinolion.ca\/fr\/wp-json\/wp\/v2\/pages\/20491","targetHints":{"allow":["GET"]}}],"collection":[{"href":"https:\/\/casinolion.ca\/fr\/wp-json\/wp\/v2\/pages"}],"about":[{"href":"https:\/\/casinolion.ca\/fr\/wp-json\/wp\/v2\/types\/page"}],"author":[{"embeddable":true,"href":"https:\/\/casinolion.ca\/fr\/wp-json\/wp\/v2\/users\/1"}],"replies":[{"embeddable":true,"href":"https:\/\/casinolion.ca\/fr\/wp-json\/wp\/v2\/comments?post=20491"}],"version-history":[{"count":0,"href":"https:\/\/casinolion.ca\/fr\/wp-json\/wp\/v2\/pages\/20491\/revisions"}],"wp:attachment":[{"href":"https:\/\/casinolion.ca\/fr\/wp-json\/wp\/v2\/media?parent=20491"}],"curies":[{"name":"wp","href":"https:\/\/api.w.org\/{rel}","templated":true}]}}