
{"id":20695,"date":"2023-10-02T05:55:10","date_gmt":"2023-10-02T05:55:10","guid":{"rendered":"https:\/\/www.canadiancasinos.ca\/?page_id=20695"},"modified":"2023-10-02T05:55:10","modified_gmt":"2023-10-02T05:55:10","slug":"versus-odds-b-v-casinos","status":"publish","type":"page","link":"https:\/\/casinolion.ca\/fr\/versus-odds-b-v-casinos\/","title":{"rendered":"Versus Odds B.V. Casinos"},"content":{"rendered":"<h2>\u00c0 propos de Versus Odds B.V.<\/h2>\n<p>Fond\u00e9e en 2018, Versus Odds B.V. est une soci\u00e9t\u00e9 priv\u00e9e \u00e0 responsabilit\u00e9 limit\u00e9e qui a d\u00e9velopp\u00e9 et lanc\u00e9 avec succ\u00e8s une gamme de plateformes de jeux en ligne de haute qualit\u00e9 depuis sa cr\u00e9ation. Il s'agit en quelque sorte d'un v\u00e9t\u00e9ran de l'industrie de l'iGaming, compte tenu du fait que, de nos jours, de nouveaux casinos apparaissent constamment et ferment peu de temps apr\u00e8s.<\/p>\n<p>La marque est autoris\u00e9e par le Curacao Gaming Control Board sous le num\u00e9ro de licence 8048\/JAZ2021-033, d\u00e9livr\u00e9e par Antillephone N.V., et elle exploite une vingtaine de casinos en ligne. Son si\u00e8ge social est situ\u00e9 au 4 Fransche Bloemweg, Willemstad, Cura\u00e7ao, et porte le num\u00e9ro d'enregistrement 147011.<\/p>\n<p>Comme beaucoup de marques de casino dans l'industrie, Versus Odds B.V. n'a pas de site Web d\u00e9di\u00e9 ou de compte de m\u00e9dias sociaux ; par cons\u00e9quent, les informations que nous pouvons obtenir \u00e0 son sujet sont rares.<\/p>\n<p>N\u00e9anmoins, nous savons que Versus Odds B.V. collabore avec Deloraze Limited, une soci\u00e9t\u00e9 enregistr\u00e9e \u00e0 Nicosie, \u00e0 Chypre, qui g\u00e8re tous les paiements du casino. En plus de cela, ses services sont disponibles en plusieurs langues, et il travaille avec une gamme de processeurs de fiat et de crypto-monnaie populaires.<\/p>\n<h2>Recommand\u00e9 Versus Odds B.V. Casinos au Canada<\/h2>\n<div class=\"flex-container column casinoTable bankingTbl\"><div class = \"flex-row other-rows status-casino-box\"><div class=\"bad-labels\"><span>ferm\u00e9<\/span><\/div><div class=\"red-box-number\">1<\/div><div class=\"medium-md large-md half-col casino-card-logo\"><a rel=\"nofollow\" class=\"\" href=\"\" target=\"_blank\" ><img decoding=\"async\" width=\"115\" height=\"115\" class=\"casinoLogo\" src=\"\/wp-content\/uploads\/ccImages\/casino\/2287\/playouwin_casino_logo_02.09.2021..png\" alt=\"Casino Playouwin\" \/><\/a><\/div><div class=\"medium-lg large-md hide casino-name-wrap\">Casino Playouwin<br\/><\/div><div class=\"small-xxl medium-md large-lg links\"><\/div><\/div><\/div>\n<h2>Versus Odds B.V. Casinos populaires<\/h2>\n<p>Comme nous l'avons mentionn\u00e9, Versus Odds B.V. compte plus de 20 plateformes de casino en ligne aux th\u00e8mes diff\u00e9rents. Cependant, il convient de noter que toutes ne sont pas disponibles dans tous les pays, car chaque site Web est destin\u00e9 \u00e0 une juridiction et \u00e0 un public diff\u00e9rents.<\/p>\n<p>Tous les casinos Versus Odds N.B. ont leurs clients fid\u00e8les, mais ceux qui se distinguent d\u00e9finitivement sont Haz, Dexterbet, Thor, Wolfy, Black Lion, et Art Casino. Nous avons eu le plaisir de passer en revue certains d'entre eux, alors jetez un coup d'\u0153il \u00e0 ce qu'ils ont en r\u00e9serve pour vous.<\/p>\n<h3>Haz Casino<\/h3>\n<p>Haz Casino existe depuis 2020 et se distingue comme le casino en ligne Versus Odds N.B. avec la meilleure r\u00e9putation. Il se targue d'une plateforme conviviale pour les mobiles qui attire les utilisateurs du monde entier gr\u00e2ce \u00e0 sa biblioth\u00e8que de jeux diversifi\u00e9e, \u00e0 sa gamme de promotions all\u00e9chantes et, surtout, \u00e0 son environnement de jeu s\u00fbr. Le casino a un th\u00e8me violet fonc\u00e9 avec un design intuitif et clair.<\/p>\n<p>En vous inscrivant sur le site, vous aurez acc\u00e8s \u00e0 plus de 7 400 titres de Betsoft, Habanero, Hacksaw Gaming, Net Ent et de nombreux autres d\u00e9veloppeurs de jeux. Que vous soyez un fan de machines \u00e0 sous r\u00e9tro, que vous pr\u00e9f\u00e9riez un cadre de jeu plus immersif ou que vous souhaitiez parier sur des \u00e9v\u00e9nements sportifs, Haz a tout ce qu'il vous faut.<\/p>\n<p>Cependant, son offre de bonus est ce qui a aid\u00e9 Haz Casino \u00e0 rassembler une base de joueurs aussi massive, en particulier ses deux packages de bienvenue sans mise pour les utilisateurs de fiat et de crypto. En outre, les utilisateurs existants peuvent b\u00e9n\u00e9ficier des promotions permanentes de l'op\u00e9rateur qui incluent des tours gratuits sans exigences de mise.<\/p>\n<p>De plus, plusieurs concours de remise de prix sont organis\u00e9s chaque jour, ce qui vous permet de concourir pour une part des cagnottes allant de $500k \u00e0 $2 millions. En outre, Haz vous invite \u00e0 jouer davantage et \u00e0 participer \u00e0 des d\u00e9fis, car cela vous aidera \u00e0 accumuler des points de fid\u00e9lit\u00e9, qui vous permettront de b\u00e9n\u00e9ficier d'avantages plus importants.<\/p>\n<p>En ce qui concerne les paiements, ce casino en ligne offre une gamme compl\u00e8te d'options bancaires. Avec plus de 20 m\u00e9thodes au choix, les joueurs peuvent d\u00e9poser et retirer leurs fonds par virement bancaire ou en utilisant les portefeuilles \u00e9lectroniques, les cryptomonnaies et les cartes les plus courants.<\/p>\n<p>En outre, Haz dispose d'un blog couvrant divers aspects des jeux d'argent.<\/p>\n<h3>Casino Dexterbet<\/h3>\n<p>Apparu sur la sc\u00e8ne iGaming en 2022, Dexterbet est une autre marque de casino en ligne bien connue. La plateforme est incroyablement facile \u00e0 naviguer et son th\u00e8me est simple : rouge et blanc.<\/p>\n<p>Bien qu'il s'agisse d'un nouveau venu, Dexterbet a r\u00e9ussi \u00e0 constituer une biblioth\u00e8que diversifi\u00e9e de plus de 5 000 jeux. L'op\u00e9rateur a soigneusement divis\u00e9 tous les titres en cat\u00e9gories casino, casino en direct, sports virtuels et e-sports, ce qui vous permet de trouver tout ce que vous voulez en un clin d'\u0153il. Il va sans dire que la section du casino est la plus importante, car elle contient toutes les machines \u00e0 sous, les jeux de jackpot, les jeux de bingo et les jeux de table standard.<\/p>\n<p>Cet op\u00e9rateur sous licence Curacao est disponible en trois langues, utilise toutes les mesures de s\u00e9curit\u00e9 n\u00e9cessaires et coop\u00e8re avec certaines des agences les plus importantes promouvant le jeu responsable, telles que GamCare et BeGambleAware.<\/p>\n<p>Si vous vous interrogez sur ses promotions de bienvenue, Dexterbet permet aux joueurs nouvellement inscrits d'obtenir le bonus $600 + 500 tours gratuits. En revanche, ceux qui ont une plus longue exp\u00e9rience avec la marque ont droit \u00e0 un ensemble d'incitations lucratives, notamment des recharges, des cashbacks, des bonus sportifs et des offres de crypto-monnaie. La seule chose qui manque est un programme de fid\u00e9lit\u00e9.<\/p>\n<p>Sur le plan bancaire, vous pouvez jouer \u00e0 Dexterbet apr\u00e8s avoir d\u00e9pos\u00e9 $10. Le casino prend en charge de nombreuses passerelles de paiement connues et s\u00e9curis\u00e9es, mais si vous avez l'intention d'utiliser des crypto-monnaies, n'oubliez pas que l'op\u00e9rateur pr\u00e9l\u00e8ve des frais de transaction.<\/p>\n<h3>Thor Casino<\/h3>\n<p>Thor Casino est en activit\u00e9 depuis 2022, tout comme son site jumeau mentionn\u00e9 ci-dessus. Si vous \u00eates un fan de la mythologie nordique, vous serez captiv\u00e9 par l'esth\u00e9tique de cette plateforme. De plus, son interface conviviale facilite la recherche de vos titres pr\u00e9f\u00e9r\u00e9s.<\/p>\n<p>Le lobby du casino propose plus de 5 000 jeux provenant de 90 d\u00e9veloppeurs de jeux de premier plan, tous optimis\u00e9s pour les mobiles, de sorte que vous pouvez vous attendre \u00e0 une exp\u00e9rience de jeu haut de gamme.<\/p>\n<p>N'h\u00e9sitez pas \u00e0 explorer et \u00e0 tester les nouvelles machines \u00e0 sous vid\u00e9o, les jackpots et les machines \u00e0 sous les plus populaires, avec des fonctions suppl\u00e9mentaires telles que Megaways ou Bonus Buy. Si ce n'est pas votre tasse de th\u00e9, vous pouvez rapidement passer \u00e0 d'autres cat\u00e9gories bien fournies comme les jeux de table, le casino en direct, le bingo, les cartes \u00e0 gratter et le vid\u00e9o poker. Les amateurs de sport seront ravis d'apprendre que Thor dispose de trois autres cat\u00e9gories passionnantes : sportsbook, parleybay et courses.<\/p>\n<p>Une fois inscrit, vous pouvez b\u00e9n\u00e9ficier du fantastique package de bienvenue de $2,000 + 200 tours gratuits r\u00e9partis sur vos cinq premiers d\u00e9p\u00f4ts. Et devinez quoi ? Les gains des tours gratuits ne sont pas soumis \u00e0 des exigences de mise. Si vous d\u00e9cidez de rester plus longtemps, vous pouvez profiter de toute une s\u00e9rie d'autres promotions, y compris des cashbacks quotidiens et une offre de recharge sans mise chaque mercredi.<\/p>\n<p>De plus, Thor Casino dispose d'un club VIP o\u00f9 vous pouvez recevoir de nombreux tours gratuits, un cashback VIP allant jusqu'\u00e0 20%, des r\u00e9ponses et des retraits prioritaires, des r\u00e9compenses en argent et d'autres avantages exclusifs.<\/p>\n<h3>Wolfy Casino<\/h3>\n<p>Wolfy, un autre casino de Versus Odds B.V., propose une offre de bienvenue qu'il est difficile d'ignorer. Cette plateforme de jeu en ligne sur le th\u00e8me du loup offre un incroyable bonus sans mise allant jusqu'\u00e0 $1,000 sur vos quatre premiers d\u00e9p\u00f4ts. Les utilisateurs de crypto-monnaies ont \u00e9galement le privil\u00e8ge de b\u00e9n\u00e9ficier d'une offre de 150% jusqu'\u00e0 $200 sans d\u00e9passement. D'autres incitations all\u00e9chantes comprennent un pack de cashback illimit\u00e9, des tours gratuits du mercredi, ainsi qu'un \u00e9ventail de tournois et de promotions du r\u00e9seau.<\/p>\n<p>Par ailleurs, Wolfy invite tous les joueurs \u00e0 faire partie de son programme VIP et \u00e0 profiter de tous les avantages qui en d\u00e9coulent. Des tours gratuits hebdomadaires, un cashback VIP, des promotions sp\u00e9ciales et un manager personnel ne sont que quelques-uns des avantages qu'ils peuvent d\u00e9bloquer au cours de leur voyage.<\/p>\n<p>Wolfy est la destination de jeu pr\u00e9f\u00e9r\u00e9e de nombreux joueurs en raison de son lobby de jeux de qualit\u00e9 sup\u00e9rieure. Son casino en direct contient plus de 100 titres fournis par des g\u00e9ants de l'industrie comme Evolution, Bombay Live, Ezugi et Playtech. En outre, cette plate-forme multilingue s'est associ\u00e9e \u00e0 plus de 120 fournisseurs de logiciels pour les machines \u00e0 sous, les jeux de table, le vid\u00e9o poker, les jackpots et les cartes \u00e0 gratter.<\/p>\n<p>Si Wolfy est votre plateforme de choix, notez que vous pouvez recharger votre compte en utilisant pr\u00e8s de deux douzaines d'options de paiement fiat et crypto. L'op\u00e9rateur ne pr\u00e9l\u00e8ve pas de frais de transaction et vous pouvez commencer \u00e0 profiter des jeux instantan\u00e9ment apr\u00e8s avoir d\u00e9pos\u00e9 $20. Les limites de retrait minimum varient entre $1,000 et $5,000, ce qui permet de r\u00e9pondre aux besoins de diff\u00e9rents types de joueurs.<\/p>\n<p>Si vous souhaitez en savoir plus sur Wolfy ou sur les jeux d'argent en g\u00e9n\u00e9ral, consultez son blog et sa section actualit\u00e9s.<\/p>\n<h2>Devrais-je faire confiance \u00e0 Versus Odds B.V. Casinos ?<\/h2>\n<p>Avec un large \u00e9ventail de casinos r\u00e9put\u00e9s sous sa supervision, vous pouvez \u00eatre assur\u00e9 que Versus Odds N.V. maintient un mod\u00e8le commercial transparent et \u00e9quitable. Tous les casinos qu'elle poss\u00e8de et g\u00e8re poss\u00e8dent des licences de Cura\u00e7ao, qui n'est peut-\u00eatre pas l'organisme de r\u00e9glementation le plus strict de l'industrie, mais qui jouit d'une solide r\u00e9putation.<\/p>\n<p>La soci\u00e9t\u00e9 utilise \u00e9galement des protocoles de cryptage SSL et des pare-feu pour garantir la s\u00e9curit\u00e9 de vos donn\u00e9es et de vos fonds. En outre, Versus se conforme aux politiques universelles de s\u00e9curit\u00e9 KYC et AML et coop\u00e8re avec des fournisseurs de jeux et des processeurs de paiement renomm\u00e9s. Nous pouvons \u00e9galement conclure que la marque est un grand d\u00e9fenseur du jeu responsable puisqu'elle propose de nombreux outils qui pr\u00e9viennent et combattent la d\u00e9pendance au jeu.<\/p>\n<p>Enfin, nous devons mentionner que certains casinos de Versus Odds B.V. ont re\u00e7u des accolades de la part d'associations importantes de l'industrie. Vous ne serez donc pas d\u00e9\u00e7u, quelle que soit la plateforme que vous choisirez.<\/p>","protected":false},"excerpt":{"rendered":"<p>\u00c0 propos de Versus Odds B.V. Fond\u00e9e en 2018, Versus Odds B.V. est une soci\u00e9t\u00e9 priv\u00e9e \u00e0 responsabilit\u00e9 limit\u00e9e qui a d\u00e9velopp\u00e9 et lanc\u00e9 avec succ\u00e8s une gamme de plateformes de jeux en ligne de haute qualit\u00e9 depuis sa cr\u00e9ation. C'est en quelque sorte un v\u00e9t\u00e9ran de l'industrie de l'iGaming, \u00e9tant donn\u00e9 que, de nos jours, de nouveaux casinos apparaissent constamment et ferment peu de temps apr\u00e8s. [...]<\/p>","protected":false},"author":1,"featured_media":0,"parent":0,"menu_order":0,"comment_status":"closed","ping_status":"closed","template":"","meta":{"_acf_changed":false,"footnotes":""},"class_list":["post-20695","page","type-page","status-publish","hentry"],"acf":[],"yoast_head":"<!-- This site is optimized with the Yoast SEO plugin v26.1.1 - https:\/\/yoast.com\/wordpress\/plugins\/seo\/ -->\n<title>Best Versus Odds B.V. Casinos in 2026<\/title>\n<meta name=\"robots\" content=\"index, follow, max-snippet:-1, max-image-preview:large, max-video-preview:-1\" \/>\n<link rel=\"canonical\" href=\"https:\/\/casinolion.ca\/fr\/versus-odds-b-v-casinos\/\" \/>\n<meta property=\"og:locale\" content=\"fr_CA\" \/>\n<meta property=\"og:type\" content=\"article\" \/>\n<meta property=\"og:title\" content=\"Best Versus Odds B.V. Casinos in 2026\" \/>\n<meta property=\"og:description\" content=\"About Versus Odds B.V. Founded in 2018, Versus Odds B.V. is a private limited company that has successfully developed and launched a range of high-quality online gaming platforms since its inception. It is, in a way, a veteran in the iGaming industry, considering that, nowadays, new casinos constantly pop up and shut down soon afterwards. [&hellip;]\" \/>\n<meta property=\"og:url\" content=\"https:\/\/casinolion.ca\/fr\/versus-odds-b-v-casinos\/\" \/>\n<meta name=\"twitter:card\" content=\"summary_large_image\" \/>\n<meta name=\"twitter:label1\" content=\"Estimation du temps de lecture\" \/>\n\t<meta name=\"twitter:data1\" content=\"7 minutes\" \/>\n<script type=\"application\/ld+json\" class=\"yoast-schema-graph\">{\"@context\":\"https:\/\/schema.org\",\"@graph\":[{\"@type\":\"WebPage\",\"@id\":\"https:\/\/casinolion.ca\/versus-odds-b-v-casinos\/\",\"url\":\"https:\/\/casinolion.ca\/versus-odds-b-v-casinos\/\",\"name\":\"Best Versus Odds B.V. Casinos in 2026\",\"isPartOf\":{\"@id\":\"https:\/\/casinolion.ca\/fr\/#website\"},\"datePublished\":\"2023-10-02T05:55:10+00:00\",\"breadcrumb\":{\"@id\":\"https:\/\/casinolion.ca\/versus-odds-b-v-casinos\/#breadcrumb\"},\"inLanguage\":\"fr-CA\",\"potentialAction\":[{\"@type\":\"ReadAction\",\"target\":[\"https:\/\/casinolion.ca\/versus-odds-b-v-casinos\/\"]}]},{\"@type\":\"BreadcrumbList\",\"@id\":\"https:\/\/casinolion.ca\/versus-odds-b-v-casinos\/#breadcrumb\",\"itemListElement\":[{\"@type\":\"ListItem\",\"position\":1,\"name\":\"Home\",\"item\":\"https:\/\/casinolion.ca\/\"},{\"@type\":\"ListItem\",\"position\":2,\"name\":\"Versus Odds B.V. Casinos\"}]},{\"@type\":\"WebSite\",\"@id\":\"https:\/\/casinolion.ca\/fr\/#website\",\"url\":\"https:\/\/casinolion.ca\/fr\/\",\"name\":\"\",\"description\":\"\",\"potentialAction\":[{\"@type\":\"SearchAction\",\"target\":{\"@type\":\"EntryPoint\",\"urlTemplate\":\"https:\/\/casinolion.ca\/fr\/?s={search_term_string}\"},\"query-input\":{\"@type\":\"PropertyValueSpecification\",\"valueRequired\":true,\"valueName\":\"search_term_string\"}}],\"inLanguage\":\"fr-CA\"}]}<\/script>\n<!-- \/ Yoast SEO plugin. -->","yoast_head_json":{"title":"Best Versus Odds B.V. Les casinos en 2026","robots":{"index":"index","follow":"follow","max-snippet":"max-snippet:-1","max-image-preview":"max-image-preview:large","max-video-preview":"max-video-preview:-1"},"canonical":"https:\/\/casinolion.ca\/fr\/versus-odds-b-v-casinos\/","og_locale":"fr_CA","og_type":"article","og_title":"Best Versus Odds B.V. Casinos in 2026","og_description":"About Versus Odds B.V. Founded in 2018, Versus Odds B.V. is a private limited company that has successfully developed and launched a range of high-quality online gaming platforms since its inception. It is, in a way, a veteran in the iGaming industry, considering that, nowadays, new casinos constantly pop up and shut down soon afterwards. [&hellip;]","og_url":"https:\/\/casinolion.ca\/fr\/versus-odds-b-v-casinos\/","twitter_card":"summary_large_image","twitter_misc":{"Estimation du temps de lecture":"7 minutes"},"schema":{"@context":"https:\/\/schema.org","@graph":[{"@type":"WebPage","@id":"https:\/\/casinolion.ca\/versus-odds-b-v-casinos\/","url":"https:\/\/casinolion.ca\/versus-odds-b-v-casinos\/","name":"Best Versus Odds B.V. Les casinos en 2026","isPartOf":{"@id":"https:\/\/casinolion.ca\/fr\/#website"},"datePublished":"2023-10-02T05:55:10+00:00","breadcrumb":{"@id":"https:\/\/casinolion.ca\/versus-odds-b-v-casinos\/#breadcrumb"},"inLanguage":"fr-CA","potentialAction":[{"@type":"ReadAction","target":["https:\/\/casinolion.ca\/versus-odds-b-v-casinos\/"]}]},{"@type":"BreadcrumbList","@id":"https:\/\/casinolion.ca\/versus-odds-b-v-casinos\/#breadcrumb","itemListElement":[{"@type":"ListItem","position":1,"name":"Home","item":"https:\/\/casinolion.ca\/"},{"@type":"ListItem","position":2,"name":"Versus Odds B.V. Casinos"}]},{"@type":"WebSite","@id":"https:\/\/casinolion.ca\/fr\/#website","url":"https:\/\/casinolion.ca\/fr\/","name":"","description":"","potentialAction":[{"@type":"SearchAction","target":{"@type":"EntryPoint","urlTemplate":"https:\/\/casinolion.ca\/fr\/?s={search_term_string}"},"query-input":{"@type":"PropertyValueSpecification","valueRequired":true,"valueName":"search_term_string"}}],"inLanguage":"fr-CA"}]}},"_links":{"self":[{"href":"https:\/\/casinolion.ca\/fr\/wp-json\/wp\/v2\/pages\/20695","targetHints":{"allow":["GET"]}}],"collection":[{"href":"https:\/\/casinolion.ca\/fr\/wp-json\/wp\/v2\/pages"}],"about":[{"href":"https:\/\/casinolion.ca\/fr\/wp-json\/wp\/v2\/types\/page"}],"author":[{"embeddable":true,"href":"https:\/\/casinolion.ca\/fr\/wp-json\/wp\/v2\/users\/1"}],"replies":[{"embeddable":true,"href":"https:\/\/casinolion.ca\/fr\/wp-json\/wp\/v2\/comments?post=20695"}],"version-history":[{"count":0,"href":"https:\/\/casinolion.ca\/fr\/wp-json\/wp\/v2\/pages\/20695\/revisions"}],"wp:attachment":[{"href":"https:\/\/casinolion.ca\/fr\/wp-json\/wp\/v2\/media?parent=20695"}],"curies":[{"name":"wp","href":"https:\/\/api.w.org\/{rel}","templated":true}]}}