
{"id":2072,"date":"2016-03-14T11:24:53","date_gmt":"2016-03-14T11:24:53","guid":{"rendered":"http:\/\/www.bestcasinoscanada.com\/?page_id=2072"},"modified":"2024-02-06T23:26:15","modified_gmt":"2024-02-06T23:26:15","slug":"dishonest-and-rogue","status":"publish","type":"page","link":"https:\/\/casinolion.ca\/fr\/dishonest-and-rogue\/","title":{"rendered":"Casinos malhonn\u00eates : Liste noire et liste des casinos non recommand\u00e9s"},"content":{"rendered":"<p><a href=\"https:\/\/www.casinolion.ca\/wp-content\/uploads\/2019\/03\/blacklisted_and_non_recommended_casino_list.png\"><img decoding=\"async\" class=\"size-full wp-image-6852 aligncenter\" src=\"https:\/\/www.casinolion.ca\/wp-content\/uploads\/2019\/03\/blacklisted_and_non_recommended_casino_list.png\" alt=\"Casinos sur liste noire\" width=\"750\" height=\"433\" \/><\/a><\/p>\n<p>En naviguant sur BestCasinosCanada.com, vous trouverez une abondance de casinos cr\u00e9dibles et dignes d'\u00eatre jou\u00e9s qui acceptent les joueurs canadiens. De <a href=\"https:\/\/casinolion.ca\/fr\/new-casinos\/\">nouveaux casinos en ligne<\/a> qui pr\u00e9sentent tous les signes positifs de futurs sites leaders sur le march\u00e9, \u00e0 des marques bien \u00e9tablies et bien connues telles que les soci\u00e9t\u00e9s cot\u00e9es en bourse. <a href=\"https:\/\/casinolion.ca\/fr\/review\/mr-green\/\">M. Green<\/a> ou \u00a0<a href=\"https:\/\/casinolion.ca\/fr\/review\/william-hill\/\">William Hill<\/a> qui op\u00e8re en tant que bookmaker britannique depuis plus de 80 ans. Malheureusement, tous les casinos en ligne ne sont pas honn\u00eates. Le secteur regorge d'op\u00e9rateurs qui ne cherchent qu'\u00e0 gagner rapidement de l'argent et \u00e0 dispara\u00eetre. Bien que le secteur des casinos soit <a href=\"https:\/\/theweek.com\/articles\/442516\/science-behind-casino-profits\">tr\u00e8s rentable<\/a>, certaines entreprises ne se contentent pas de ce fait <em>la maison gagne toujours<\/em>, Ils sont souvent en proie \u00e0 des difficult\u00e9s financi\u00e8res et tentent de gagner plus d'argent par le biais de diff\u00e9rents stratag\u00e8mes, d'escroqueries et de pratiques frauduleuses.<br \/>\n<img decoding=\"async\" class=\"alignright size-full wp-image-2074\" src=\"https:\/\/www.casinolion.ca\/wp-content\/uploads\/2016\/03\/approved-147677_640.png\" alt=\"approuv\u00e9-147677_640\" width=\"128\" height=\"117\" srcset=\"https:\/\/casinolion.ca\/wp-content\/uploads\/2016\/03\/approved-147677_640.png 128w, https:\/\/casinolion.ca\/wp-content\/uploads\/2016\/03\/approved-147677_640-39x36.png 39w, https:\/\/casinolion.ca\/wp-content\/uploads\/2016\/03\/approved-147677_640-98x90.png 98w\" sizes=\"(max-width: 128px) 100vw, 128px\" \/><br \/>\nCela ne doit pas vous d\u00e9courager de jouer en ligne. Bien que nous recommandions la prudence lors du choix d'un site de jeu en ligne, la plupart des casinos respectent les r\u00e8gles et les exigences de la loi sur les jeux d'argent.\u00a0<a href=\"https:\/\/casinolion.ca\/fr\/gaming-authorities\/\">organismes de r\u00e9gulation des jeux d'argent<\/a>, et utiliser des fournisseurs de logiciels \u00e9quitables tels que <a href=\"https:\/\/casinolion.ca\/fr\/microgaming-casinos\/\">Microgaming<\/a>, <a href=\"https:\/\/casinolion.ca\/fr\/netent-casinos\/\">Net Entertainment<\/a> et <a href=\"https:\/\/casinolion.ca\/fr\/netent-casinos\/\">Playtech<\/a>.<\/p>\n<h3>Comment fonctionnent les casinos malhonn\u00eates ?<\/h3>\n<p>Un casino en ligne peut \u00eatre malhonn\u00eate de bien des fa\u00e7ons. Certains de ces \u00e9l\u00e9ments signifient qu'il s'agit d'une arnaque pure et simple (un casino malhonn\u00eate), tandis que d'autres indiquent qu'il ne s'agit tout simplement pas d'un bon casino o\u00f9 jouer et qui n'appr\u00e9cie pas ses clients. Voici les d\u00e9fauts les plus courants que nous avons d\u00e9couverts dans les casinos en ligne :<\/p>\n<ul>\n<li><strong>Absence d'\u00e9quit\u00e9 dans les jeux :\u00a0<\/strong>Les casinos qui utilisent d'obscures plates-formes de jeu qui ne sont pas test\u00e9es et autoris\u00e9es correctement, et qui ne sont r\u00e9glement\u00e9es par aucune autorit\u00e9 (et donc, leurs gains ne sont pas v\u00e9rifi\u00e9s par une tierce partie qui confirme l'\u00e9quit\u00e9 du jeu).<\/li>\n<li><strong>Fraude sur les bonus des casinos :\u00a0<\/strong>Certains casinos qui proposent <a href=\"https:\/\/casinolion.ca\/fr\/casino-bonuses\/\">primes de bienvenue<\/a>\u00a0ou d'autres formes de bonus, mais offrent en fait des bonus inf\u00e9rieurs \u00e0 ceux annonc\u00e9s (ou pas de bonus du tout).<\/li>\n<li><strong>Ne pas rembourser les gains :\u00a0<\/strong>Certains casinos essaient de rendre la proc\u00e9dure aussi difficile que possible pour d\u00e9courager les joueurs de retirer leurs gains, et d'autres refusent tout simplement de les rembourser en invoquant des excuses bizarres.<\/li>\n<li><strong>Absence de vie priv\u00e9e :\u00a0<\/strong>De nombreux casinos vendent vos donn\u00e9es personnelles \u00e0 d'autres casinos en ligne, afin qu'ils puissent vous faire de la publicit\u00e9. Dans la plupart des cas, vous ne le saurez qu'a posteriori, car les casinos vendent g\u00e9n\u00e9ralement leurs listes de clients apr\u00e8s leur fermeture.<\/li>\n<li><strong>Absence de r\u00e9ponse :\u00a0<\/strong>Lorsque le service client\u00e8le d'un casino n'est pas joignable, les joueurs sont \u201cbloqu\u00e9s\u201d. Ils ne peuvent ni d\u00e9poser ni retirer de l'argent pendant de longues p\u00e9riodes.<\/li>\n<li><strong>Publicit\u00e9 mensong\u00e8re :\u00a0<\/strong>Les casinos qui pr\u00e9tendent avoir des caract\u00e9ristiques ou des traits qu'ils ne poss\u00e8dent pas en r\u00e9alit\u00e9. Certains casinos malhonn\u00eates pr\u00e9tendent avoir des licences dans des juridictions \u00e9loign\u00e9es qui n'offrent m\u00eame pas de licences de jeu !<\/li>\n<li><strong>Logiciels vol\u00e9s :<\/strong> Certains casinos se contentent de \u201ccopier\u201d des logiciels existants au lieu de demander une licence. Il en r\u00e9sulte des jeux qui semblent authentiques, mais qui fonctionnent sur un moteur de jeu diff\u00e9rent et non test\u00e9.<\/li>\n<li><strong>Ne pas payer les partenaires commerciaux :\u00a0<\/strong>Les sites web d'affiliation, comme celui-ci, gagnent de l'argent en recommandant des clients aux op\u00e9rateurs de jeux. Si les casinos ne paient pas leurs partenaires commerciaux les plus proches, il est raisonnable de penser qu'ils ne paieront pas leurs clients.<\/li>\n<\/ul>\n<h2><\/h2>\n<h3>Liste des casinos malhonn\u00eates et frauduleux 2026<\/h3>\n<div class=\"su-table su-table-alternate\"><\/p>\n<table dir=\"ltr\" border=\"1\" cellspacing=\"0\" cellpadding=\"0\">\n<colgroup>\n<col width=\"749\" \/>\n<col width=\"516\" \/><\/colgroup>\n<tbody>\n<tr>\n<td data-sheets-value=\"&#091;null,2,&quot;Casino Name&quot;&#093;\"><strong>Nom du casino<\/strong><\/td>\n<td data-sheets-value=\"&#091;null,2,&quot;Fault&quot;&#093;\"><strong>D\u00e9faut<\/strong><\/td>\n<\/tr>\n<tr>\n<td data-sheets-value=\"&#091;null,2,&quot;FutureBet Group: Doms Casino, Big Daddys Casino, US Star Casino and more&quot;&#093;\">Groupe FutureBet : Doms Casino, Big Daddys Casino, US Star Casino et plus encore<\/td>\n<td data-sheets-value=\"&#091;null,2,&quot;Not paying player winnings&quot;&#093;\">Ne pas payer les gains des joueurs<\/td>\n<\/tr>\n<tr>\n<td data-sheets-value=\"&#091;null,2,&quot;Gate N.V Group: City Club Casino, City Tower Casino and more&quot;&#093;\">Groupe Gate N.V : City Club Casino, City Tower Casino et plus encore<\/td>\n<td data-sheets-value=\"&#091;null,2,&quot;Dishonest T&amp;C&quot;&#093;\">Des CGV malhonn\u00eates<\/td>\n<\/tr>\n<tr>\n<td data-sheets-value=\"&#091;null,2,&quot;Sunny Group: Miami Beach Casino, Goldgate Casino&quot;&#093;\">Groupe Sunny : Miami Beach Casino, Goldgate Casino<\/td>\n<td data-sheets-value=\"&#091;null,2,&quot;Not paying player winnings&quot;&#093;\">Ne pas payer les gains des joueurs<\/td>\n<\/tr>\n<tr>\n<td data-sheets-value=\"&#091;null,2,&quot;Winner Casino&quot;&#093;\">Winner Casino<\/td>\n<td data-sheets-value=\"&#091;null,2,&quot;Dishonest T&amp;C&quot;&#093;\">Des CGV malhonn\u00eates<\/td>\n<\/tr>\n<tr>\n<td data-sheets-value=\"&#091;null,2,&quot;Netad \/ Affective Group: WinPalace Casino, Casino Titan, Golden Cheery Casino, Slots of Fortune and more&quot;&#093;\">Netad \/ Affective Group : WinPalace Casino, Casino Titan, Golden Cheery Casino, Slots of Fortune et autres<\/td>\n<td data-sheets-value=\"&#091;null,2,&quot;Dishonest T&amp;C&quot;&#093;\">Des CGV malhonn\u00eates<\/td>\n<\/tr>\n<tr>\n<td data-sheets-value=\"&#091;null,2,&quot;AmigoTechs Casino&quot;&#093;\">AmigoTechs Casino<\/td>\n<td data-sheets-value=\"&#091;null,2,&quot;Unfair gaming odds&quot;&#093;\">Cotes de jeu d\u00e9loyales<\/td>\n<\/tr>\n<tr>\n<td data-sheets-value=\"&#091;null,2,&quot;Moore Games Casino&quot;&#093;\">Moore Games Casino<\/td>\n<td data-sheets-value=\"&#091;null,2,&quot;Not paying player winnings&quot;&#093;\">Ne pas payer les gains des joueurs<\/td>\n<\/tr>\n<tr>\n<td data-sheets-value=\"&#091;null,2,&quot;EU Casino \/ SkillsOnNet Software&quot;&#093;\">EU Casino \/ Logiciel SkillsOnNet<\/td>\n<td data-sheets-value=\"&#091;null,2,&quot;Unfair gaming odds&quot;&#093;\">Cotes de jeu d\u00e9loyales<\/td>\n<\/tr>\n<tr>\n<td data-sheets-value=\"&#091;null,2,&quot;Ultimate Bet and Absolute Poker &quot;&#093;\">Ultimate Bet et Absolute Poker<\/td>\n<td data-sheets-value=\"&#091;null,2,&quot;Staff member stole millions from unsuspecting poker players&quot;&#093;\">Un membre du personnel a vol\u00e9 des millions \u00e0 des joueurs de poker peu m\u00e9fiants<\/td>\n<\/tr>\n<tr>\n<td data-sheets-value=\"&#091;null,2,&quot;Start Your Own Casino&quot;&#093;\">Cr\u00e9ez votre propre casino<\/td>\n<td data-sheets-value=\"&#091;null,2,&quot;Unfair gaming odds&quot;&#093;\">Cotes de jeu d\u00e9loyales<\/td>\n<\/tr>\n<tr>\n<td data-sheets-value=\"&#091;null,2,&quot;Oyster Gaming Casinos&quot;&#093;\">Casinos Oyster Gaming<\/td>\n<td data-sheets-value=\"&#091;null,2,&quot;Unfair gaming odds&quot;&#093;\">Cotes de jeu d\u00e9loyales<\/td>\n<\/tr>\n<tr>\n<td data-sheets-value=\"&#091;null,2,&quot;Transnet Casino (MGM)&quot;&#093;\">Casino Transnet (MGM)<\/td>\n<td data-sheets-value=\"&#091;null,2,&quot;Unfair gaming odds&quot;&#093;\">Cotes de jeu d\u00e9loyales<\/td>\n<\/tr>\n<tr>\n<td data-sheets-value=\"&#091;null,2,&quot;Cleopatra Casino&quot;&#093;\">Cleopatra Casino<\/td>\n<td data-sheets-value=\"&#091;null,2,&quot;Unfair gaming odds&quot;&#093;\">Cotes de jeu d\u00e9loyales<\/td>\n<\/tr>\n<tr>\n<td data-sheets-value=\"&#091;null,2,&quot;Oceans Online Casino&quot;&#093;\">Casino en ligne Oceans<\/td>\n<td data-sheets-value=\"&#091;null,2,&quot;Not paying player winnings&quot;&#093;\">Ne pas payer les gains des joueurs<\/td>\n<\/tr>\n<tr>\n<td data-sheets-value=\"&#091;null,2,&quot;Otobet&quot;&#093;\">Otobet<\/td>\n<td data-sheets-value=\"&#091;null,2,&quot;Fake software games&quot;&#093;\">Faux logiciels de jeux<\/td>\n<\/tr>\n<tr>\n<td data-sheets-value=\"&#091;null,2,&quot;ToBwin.com&quot;&#093;\">ToBwin.com<\/td>\n<td data-sheets-value=\"&#091;null,2,&quot;Fake casino pretending to be Bwin&quot;&#093;\">Faux casino pr\u00e9tendant \u00eatre Bwin<\/td>\n<\/tr>\n<tr>\n<td data-sheets-value=\"&#091;null,2,&quot;WinAsDealer&quot;&#093;\">WinAsDealer<\/td>\n<td data-sheets-value=\"&#091;null,2,&quot;Not paying player winnings&quot;&#093;\">Ne pas payer les gains des joueurs<\/td>\n<\/tr>\n<tr>\n<td data-sheets-value=\"&#091;null,2,&quot;World Wide Wagering&quot;&#093;\">World Wide Wagering<\/td>\n<td data-sheets-value=\"&#091;null,2,&quot;Fake software games&quot;&#093;\">Faux logiciels de jeux<\/td>\n<\/tr>\n<tr>\n<td data-sheets-value=\"&#091;null,2,&quot;Sierra Star Group: Sierra Star Casino, Nuts Poker, Royal Dice Casino and more&quot;&#093;\">Groupe Sierra Star : Sierra Star Casino, Nuts Poker, Royal Dice Casino et plus encore<\/td>\n<td data-sheets-value=\"&#091;null,2,&quot;Not paying player winnings&quot;&#093;\">Ne pas payer les gains des joueurs<\/td>\n<\/tr>\n<tr>\n<td data-sheets-value=\"&#091;null,2,&quot;Casniova Group: 7 Heaven Casino, Golden Trmp, Slots Alley and more&quot;&#093;\">Groupe Casniova : 7 Heaven Casino, Golden Trmp, Slots Alley et plus encore<\/td>\n<td data-sheets-value=\"&#091;null,2,&quot;Unfair gaming odds&quot;&#093;\">Cotes de jeu d\u00e9loyales<\/td>\n<\/tr>\n<\/tbody>\n<\/table>\n<p><\/div>\n<h3>Conclusion<\/h3>\n<p>Les casinos en ligne offrent une grande opportunit\u00e9 aux joueurs de casino qui souhaitent vivre le frisson du jeu sans avoir \u00e0 se d\u00e9placer. Il existe de nombreux casinos de qualit\u00e9 qui fonctionnent de mani\u00e8re irr\u00e9prochable depuis des ann\u00e9es. Il existe \u00e9galement de nombreux casinos malhonn\u00eates qui volent ou retiennent l'argent de leurs clients, r\u00e9duisent les pourcentages de paiement, annoncent de fausses conditions ou cessent de payer leurs partenaires commerciaux.<\/p>\n<p>Soyez tr\u00e8s s\u00e9lectif quant aux casinos en ligne avec lesquels vous d\u00e9cidez de jouer, et utilisez des sites web comme le n\u00f4tre pour trouver les meilleurs casinos en ligne au Canada. Bon jeu.<\/p>","protected":false},"excerpt":{"rendered":"<p>En naviguant sur BestCasinosCanada.com, vous trouverez une abondance de casinos cr\u00e9dibles et dignes d'\u00eatre jou\u00e9s qui acceptent les joueurs canadiens. Des nouveaux casinos en ligne qui montrent tous les signes positifs de futurs sites leaders sur le march\u00e9 aux marques bien connues comme Mr. Green ou William Hill qui op\u00e8re en tant que bookmaker au Royaume-Uni depuis plus de 80 ans. Malheureusement [...]<\/p>","protected":false},"author":1,"featured_media":0,"parent":0,"menu_order":172,"comment_status":"open","ping_status":"closed","template":"","meta":{"_acf_changed":false,"footnotes":""},"class_list":["post-2072","page","type-page","status-publish","hentry"],"acf":[],"yoast_head":"<!-- This site is optimized with the Yoast SEO plugin v26.1.1 - https:\/\/yoast.com\/wordpress\/plugins\/seo\/ -->\n<title>Dishonest, Rogue and Blacklisted Casinos for Canadians 2026<\/title>\n<meta name=\"description\" content=\"View of a list of unfair, dishonest, online casinos. Faults include rogue license, rogue software, unfair gaming advantage and non-payment.\" \/>\n<meta name=\"robots\" content=\"index, follow, max-snippet:-1, max-image-preview:large, max-video-preview:-1\" \/>\n<link rel=\"canonical\" href=\"https:\/\/casinolion.ca\/fr\/dishonest-and-rogue\/\" \/>\n<meta property=\"og:locale\" content=\"fr_CA\" \/>\n<meta property=\"og:type\" content=\"article\" \/>\n<meta property=\"og:title\" content=\"Dishonest, Rogue and Blacklisted Casinos for Canadians [year]\" \/>\n<meta property=\"og:description\" content=\"View of a list of unfair, dishonest, online casinos. Faults include rogue license, rogue software, unfair gaming advantage and non-payment.\" \/>\n<meta property=\"og:url\" content=\"https:\/\/casinolion.ca\/fr\/dishonest-and-rogue\/\" \/>\n<meta property=\"article:modified_time\" content=\"2024-02-06T23:26:15+00:00\" \/>\n<meta property=\"og:image\" content=\"https:\/\/www.casinolion.ca\/wp-content\/uploads\/2019\/03\/blacklisted_and_non_recommended_casino_list.png\" \/>\n<meta name=\"twitter:card\" content=\"summary_large_image\" \/>\n<meta name=\"twitter:label1\" content=\"Estimation du temps de lecture\" \/>\n\t<meta name=\"twitter:data1\" content=\"5 minutes\" \/>\n<script type=\"application\/ld+json\" class=\"yoast-schema-graph\">{\"@context\":\"https:\/\/schema.org\",\"@graph\":[{\"@type\":\"WebPage\",\"@id\":\"https:\/\/casinolion.ca\/dishonest-and-rogue\/\",\"url\":\"https:\/\/casinolion.ca\/dishonest-and-rogue\/\",\"name\":\"Dishonest, Rogue and Blacklisted Casinos for Canadians [year]\",\"isPartOf\":{\"@id\":\"https:\/\/casinolion.ca\/fr\/#website\"},\"primaryImageOfPage\":{\"@id\":\"https:\/\/casinolion.ca\/dishonest-and-rogue\/#primaryimage\"},\"image\":{\"@id\":\"https:\/\/casinolion.ca\/dishonest-and-rogue\/#primaryimage\"},\"thumbnailUrl\":\"https:\/\/www.casinolion.ca\/wp-content\/uploads\/2019\/03\/blacklisted_and_non_recommended_casino_list.png\",\"datePublished\":\"2016-03-14T11:24:53+00:00\",\"dateModified\":\"2024-02-06T23:26:15+00:00\",\"description\":\"View of a list of unfair, dishonest, online casinos. Faults include rogue license, rogue software, unfair gaming advantage and non-payment.\",\"breadcrumb\":{\"@id\":\"https:\/\/casinolion.ca\/dishonest-and-rogue\/#breadcrumb\"},\"inLanguage\":\"fr-CA\",\"potentialAction\":[{\"@type\":\"ReadAction\",\"target\":[\"https:\/\/casinolion.ca\/dishonest-and-rogue\/\"]}]},{\"@type\":\"ImageObject\",\"inLanguage\":\"fr-CA\",\"@id\":\"https:\/\/casinolion.ca\/dishonest-and-rogue\/#primaryimage\",\"url\":\"https:\/\/www.casinolion.ca\/wp-content\/uploads\/2019\/03\/blacklisted_and_non_recommended_casino_list.png\",\"contentUrl\":\"https:\/\/www.casinolion.ca\/wp-content\/uploads\/2019\/03\/blacklisted_and_non_recommended_casino_list.png\"},{\"@type\":\"BreadcrumbList\",\"@id\":\"https:\/\/casinolion.ca\/dishonest-and-rogue\/#breadcrumb\",\"itemListElement\":[{\"@type\":\"ListItem\",\"position\":1,\"name\":\"Home\",\"item\":\"https:\/\/casinolion.ca\/\"},{\"@type\":\"ListItem\",\"position\":2,\"name\":\"Dishonest Casinos: Blacklisted and Non-recommended casino list\"}]},{\"@type\":\"WebSite\",\"@id\":\"https:\/\/casinolion.ca\/fr\/#website\",\"url\":\"https:\/\/casinolion.ca\/fr\/\",\"name\":\"\",\"description\":\"\",\"potentialAction\":[{\"@type\":\"SearchAction\",\"target\":{\"@type\":\"EntryPoint\",\"urlTemplate\":\"https:\/\/casinolion.ca\/fr\/?s={search_term_string}\"},\"query-input\":{\"@type\":\"PropertyValueSpecification\",\"valueRequired\":true,\"valueName\":\"search_term_string\"}}],\"inLanguage\":\"fr-CA\"}]}<\/script>\n<!-- \/ Yoast SEO plugin. -->","yoast_head_json":{"title":"Casinos malhonn\u00eates, malhonn\u00eates et sur liste noire pour les Canadiens en 2026","description":"Vue d'une liste de casinos en ligne d\u00e9loyaux et malhonn\u00eates. Les d\u00e9fauts incluent les licences frauduleuses, les logiciels frauduleux, les avantages de jeu d\u00e9loyaux et le non-paiement.","robots":{"index":"index","follow":"follow","max-snippet":"max-snippet:-1","max-image-preview":"max-image-preview:large","max-video-preview":"max-video-preview:-1"},"canonical":"https:\/\/casinolion.ca\/fr\/dishonest-and-rogue\/","og_locale":"fr_CA","og_type":"article","og_title":"Dishonest, Rogue and Blacklisted Casinos for Canadians [year]","og_description":"View of a list of unfair, dishonest, online casinos. Faults include rogue license, rogue software, unfair gaming advantage and non-payment.","og_url":"https:\/\/casinolion.ca\/fr\/dishonest-and-rogue\/","article_modified_time":"2024-02-06T23:26:15+00:00","og_image":[{"url":"https:\/\/www.casinolion.ca\/wp-content\/uploads\/2019\/03\/blacklisted_and_non_recommended_casino_list.png","type":"","width":"","height":""}],"twitter_card":"summary_large_image","twitter_misc":{"Estimation du temps de lecture":"5 minutes"},"schema":{"@context":"https:\/\/schema.org","@graph":[{"@type":"WebPage","@id":"https:\/\/casinolion.ca\/dishonest-and-rogue\/","url":"https:\/\/casinolion.ca\/dishonest-and-rogue\/","name":"Casinos malhonn\u00eates, malhonn\u00eates et blacklist\u00e9s pour les Canadiens [ann\u00e9e]","isPartOf":{"@id":"https:\/\/casinolion.ca\/fr\/#website"},"primaryImageOfPage":{"@id":"https:\/\/casinolion.ca\/dishonest-and-rogue\/#primaryimage"},"image":{"@id":"https:\/\/casinolion.ca\/dishonest-and-rogue\/#primaryimage"},"thumbnailUrl":"https:\/\/www.casinolion.ca\/wp-content\/uploads\/2019\/03\/blacklisted_and_non_recommended_casino_list.png","datePublished":"2016-03-14T11:24:53+00:00","dateModified":"2024-02-06T23:26:15+00:00","description":"Vue d'une liste de casinos en ligne d\u00e9loyaux et malhonn\u00eates. Les d\u00e9fauts incluent les licences frauduleuses, les logiciels frauduleux, les avantages de jeu d\u00e9loyaux et le non-paiement.","breadcrumb":{"@id":"https:\/\/casinolion.ca\/dishonest-and-rogue\/#breadcrumb"},"inLanguage":"fr-CA","potentialAction":[{"@type":"ReadAction","target":["https:\/\/casinolion.ca\/dishonest-and-rogue\/"]}]},{"@type":"ImageObject","inLanguage":"fr-CA","@id":"https:\/\/casinolion.ca\/dishonest-and-rogue\/#primaryimage","url":"https:\/\/www.casinolion.ca\/wp-content\/uploads\/2019\/03\/blacklisted_and_non_recommended_casino_list.png","contentUrl":"https:\/\/www.casinolion.ca\/wp-content\/uploads\/2019\/03\/blacklisted_and_non_recommended_casino_list.png"},{"@type":"BreadcrumbList","@id":"https:\/\/casinolion.ca\/dishonest-and-rogue\/#breadcrumb","itemListElement":[{"@type":"ListItem","position":1,"name":"Home","item":"https:\/\/casinolion.ca\/"},{"@type":"ListItem","position":2,"name":"Dishonest Casinos: Blacklisted and Non-recommended casino list"}]},{"@type":"WebSite","@id":"https:\/\/casinolion.ca\/fr\/#website","url":"https:\/\/casinolion.ca\/fr\/","name":"","description":"","potentialAction":[{"@type":"SearchAction","target":{"@type":"EntryPoint","urlTemplate":"https:\/\/casinolion.ca\/fr\/?s={search_term_string}"},"query-input":{"@type":"PropertyValueSpecification","valueRequired":true,"valueName":"search_term_string"}}],"inLanguage":"fr-CA"}]}},"_links":{"self":[{"href":"https:\/\/casinolion.ca\/fr\/wp-json\/wp\/v2\/pages\/2072","targetHints":{"allow":["GET"]}}],"collection":[{"href":"https:\/\/casinolion.ca\/fr\/wp-json\/wp\/v2\/pages"}],"about":[{"href":"https:\/\/casinolion.ca\/fr\/wp-json\/wp\/v2\/types\/page"}],"author":[{"embeddable":true,"href":"https:\/\/casinolion.ca\/fr\/wp-json\/wp\/v2\/users\/1"}],"replies":[{"embeddable":true,"href":"https:\/\/casinolion.ca\/fr\/wp-json\/wp\/v2\/comments?post=2072"}],"version-history":[{"count":0,"href":"https:\/\/casinolion.ca\/fr\/wp-json\/wp\/v2\/pages\/2072\/revisions"}],"wp:attachment":[{"href":"https:\/\/casinolion.ca\/fr\/wp-json\/wp\/v2\/media?parent=2072"}],"curies":[{"name":"wp","href":"https:\/\/api.w.org\/{rel}","templated":true}]}}