
{"id":20777,"date":"2023-10-03T11:13:34","date_gmt":"2023-10-03T11:13:34","guid":{"rendered":"https:\/\/www.canadiancasinos.ca\/?page_id=20777"},"modified":"2023-10-06T13:13:08","modified_gmt":"2023-10-06T13:13:08","slug":"byu-cougars","status":"publish","type":"page","link":"https:\/\/casinolion.ca\/fr\/betting-odds\/ncaaf\/byu-cougars\/","title":{"rendered":"Cougars de BYU"},"content":{"rendered":"<h2>Meilleure cote de pari pour les Cougars de BYU<\/h2>\n<p>L'outil suivant indique le bookmaker qui propose les meilleures cotes (les retours les plus \u00e9lev\u00e9s) pour parier sur n'importe quel match des BYU Cougars.<\/p>\n<div class=\"team-odds-container-outer\"><div class=\"format-switch-holder\">\n                        <input type=\"checkbox\" class=\"switch-input\" id=\"format-switch\" value=\"1\" onchange='getAllOdds({\"post_id\":20777,\"post_title\":\"BYU Cougars\",\"upcoming\":\"true\",\"historical\":\"true\",\"type\":\"team\",\"switchAm\":\"1\"})'\/>\n                        <label for=\"format-switch\">Passer \u00e0 <span class=\"switch-format-name\">Am\u00e9ricain<\/span> format<\/label><\/div>\n                    <div class=\"team-odds-container overwidth-wrapper\"><div id=\"historical-holder\" class=\"container-odds historical\">\n                            <p><i class=\"far fa-calendar-day\"><\/i>MATCHES HISTORIQUES<\/p>\n                            <div class=\"container-odds-header\">\n                                <p class=\"odds-header-teams\">Les \u00e9quipes<\/p>\n                                <p class=\"odds-header-odds\">\n                                    <span>Ligne d'argent<\/span><span>Diffusion<\/span><span>Total Plus\/Moins<\/span>\n                                <\/p>\n                            <\/div>\n                            <div class=\"container-odds-events\">\n                                    <p>Mercredi 1er avril 19h00 (EDT)  <span>Football am\u00e9ricain : NCAAF(US College Football)<\/span><\/p>\n                                    <div class=\"odds-event\">\n                                        <div class=\"odds-event-teams\">\n                                            <div class=\"event-team event-team-home\">\n                                            \n                                                <div class=\"event-teams-logo-holder\">\n                                                    <img decoding=\"async\" src=\"\/wp-content\/uploads\/odds\/betting-odds.svg\"  height=\"40\" width=\"40\" alt=\"Cougars de BYU\">\n                                                <\/div>\n                                                <p>\n                                                    <span class=\"event-team-place\">Accueil<\/span>\n                                                    <span>Cougars de BYU<\/span>\n                                                <\/p>\n                                            <\/div>\n                                            <div class=\"event-team event-team-away\">\n                                                \n                                                <div class=\"event-teams-logo-holder\">\n                                                    <img decoding=\"async\" src=\"\/wp-content\/uploads\/odds\/betting-odds.svg\"  height=\"40\" width=\"40\" alt=\"Lions de Columbia\">\n                                                <\/div>\n                                                <p>\n                                                    <span class=\"event-team-place\">L'\u00e9loignement<\/span>\n                                                    <span>Lions de Columbia<\/span>\n                                                <\/p>\n                                            <\/div>\n                                        <\/div>\n                                        <div class=\"odds-event-scores\"><div class=\"event-score lost-badge\">64<\/div>\n                                                        <div class=\"event-score won-badge\">81<\/div><\/div>\n                                        <div class=\"odds-event-markets\">\n                                            <div class=\"bookmakers-line\">\n                                                <div class=\"bookmakers-line-item\"><div class=\"no-odds-div\"><\/div><\/div>\n                                                <div class=\"bookmakers-line-item\"><div class=\"no-odds-div\"><\/div><\/div>\n                                                <div class=\"bookmakers-line-item\"><div class=\"no-odds-div\"><\/div><\/div>\n                                            <\/div>\n                                            <div class=\"bookmakers-line\">\n                                                <div class=\"bookmakers-line-item\"><div class=\"no-odds-div\"><\/div><\/div>\n                                                <div class=\"bookmakers-line-item\"><div class=\"no-odds-div\"><\/div><\/div>\n                                                <div class=\"bookmakers-line-item\"><div class=\"no-odds-div\"><\/div><\/div>\n                                            <\/div>\n                                        <\/div>\n                                    <\/div>\n                            <\/div><div class=\"container-odds-events\">\n                                    <p>Mon Mar 30th 5:00pm (EDT)  <span>Football am\u00e9ricain : NCAAF(US College Football)<\/span><\/p>\n                                    <div class=\"odds-event\">\n                                        <div class=\"odds-event-teams\">\n                                            <div class=\"event-team event-team-home\">\n                                            \n                                                <div class=\"event-teams-logo-holder\">\n                                                    <img decoding=\"async\" src=\"\/wp-content\/uploads\/odds\/betting-odds.svg\"  height=\"40\" width=\"40\" alt=\"Cougars de BYU\">\n                                                <\/div>\n                                                <p>\n                                                    <span class=\"event-team-place\">Accueil<\/span>\n                                                    <span>Cougars de BYU<\/span>\n                                                <\/p>\n                                            <\/div>\n                                            <div class=\"event-team event-team-away\">\n                                                \n                                                <div class=\"event-teams-logo-holder\">\n                                                    <img decoding=\"async\" src=\"\/wp-content\/uploads\/odds\/betting-odds.svg\"  height=\"40\" width=\"40\" alt=\"Kansas Jayhawks\">\n                                                <\/div>\n                                                <p>\n                                                    <span class=\"event-team-place\">L'\u00e9loignement<\/span>\n                                                    <span>Kansas Jayhawks<\/span>\n                                                <\/p>\n                                            <\/div>\n                                        <\/div>\n                                        <div class=\"odds-event-scores\"><div class=\"event-score won-badge\">70<\/div>\n                                                        <div class=\"event-score lost-badge\">67<\/div><\/div>\n                                        <div class=\"odds-event-markets\">\n                                            <div class=\"bookmakers-line\">\n                                                <div class=\"bookmakers-line-item\"><div class=\"no-odds-div\"><\/div><\/div>\n                                                <div class=\"bookmakers-line-item\"><div class=\"no-odds-div\"><\/div><\/div>\n                                                <div class=\"bookmakers-line-item\"><div class=\"no-odds-div\"><\/div><\/div>\n                                            <\/div>\n                                            <div class=\"bookmakers-line\">\n                                                <div class=\"bookmakers-line-item\"><div class=\"no-odds-div\"><\/div><\/div>\n                                                <div class=\"bookmakers-line-item\"><div class=\"no-odds-div\"><\/div><\/div>\n                                                <div class=\"bookmakers-line-item\"><div class=\"no-odds-div\"><\/div><\/div>\n                                            <\/div>\n                                        <\/div>\n                                    <\/div>\n                            <\/div>\n                        <\/div><\/div>\n                <\/div>","protected":false},"excerpt":{"rendered":"<p>Meilleures cotes de BYU Cougars L'outil suivant montre le bookmaker avec les meilleures cotes de paris (les retours les plus \u00e9lev\u00e9s) en pla\u00e7ant un pari sur n'importe quel match de BYU Cougars.<\/p>","protected":false},"author":1,"featured_media":21186,"parent":20748,"menu_order":0,"comment_status":"closed","ping_status":"closed","template":"","meta":{"_acf_changed":false,"footnotes":""},"class_list":["post-20777","page","type-page","status-publish","has-post-thumbnail","hentry"],"acf":[],"yoast_head":"<!-- This site is optimized with the Yoast SEO plugin v26.1.1 - https:\/\/yoast.com\/wordpress\/plugins\/seo\/ -->\n<title>BYU Cougars - Best Betting Odds in 2026 \ud83c\udfc8<\/title>\n<meta name=\"robots\" content=\"index, follow, max-snippet:-1, max-image-preview:large, max-video-preview:-1\" \/>\n<link rel=\"canonical\" href=\"https:\/\/casinolion.ca\/fr\/betting-odds\/ncaaf\/byu-cougars\/\" \/>\n<meta property=\"og:locale\" content=\"fr_CA\" \/>\n<meta property=\"og:type\" content=\"article\" \/>\n<meta property=\"og:title\" content=\"BYU Cougars - Best Betting Odds in 2026 \ud83c\udfc8\" \/>\n<meta property=\"og:description\" content=\"Best BYU Cougars Betting Odds The following tool shows the bookmaker with the best betting odds (highest returns) when placing a bet on any BYU Cougars game.\" \/>\n<meta property=\"og:url\" content=\"https:\/\/casinolion.ca\/fr\/betting-odds\/ncaaf\/byu-cougars\/\" \/>\n<meta property=\"article:modified_time\" content=\"2023-10-06T13:13:08+00:00\" \/>\n<meta property=\"og:image\" content=\"https:\/\/casinolion.ca\/wp-content\/uploads\/2023\/10\/byu-cougars.png\" \/>\n\t<meta property=\"og:image:width\" content=\"140\" \/>\n\t<meta property=\"og:image:height\" content=\"140\" \/>\n\t<meta property=\"og:image:type\" content=\"image\/png\" \/>\n<meta name=\"twitter:card\" content=\"summary_large_image\" \/>\n<meta name=\"twitter:label1\" content=\"Estimation du temps de lecture\" \/>\n\t<meta name=\"twitter:data1\" content=\"1 minute\" \/>\n<script type=\"application\/ld+json\" class=\"yoast-schema-graph\">{\"@context\":\"https:\/\/schema.org\",\"@graph\":[{\"@type\":\"WebPage\",\"@id\":\"https:\/\/casinolion.ca\/betting-odds\/ncaaf\/byu-cougars\/\",\"url\":\"https:\/\/casinolion.ca\/betting-odds\/ncaaf\/byu-cougars\/\",\"name\":\"BYU Cougars - Best Betting Odds in 2026 \ud83c\udfc8\",\"isPartOf\":{\"@id\":\"https:\/\/casinolion.ca\/fr\/#website\"},\"primaryImageOfPage\":{\"@id\":\"https:\/\/casinolion.ca\/betting-odds\/ncaaf\/byu-cougars\/#primaryimage\"},\"image\":{\"@id\":\"https:\/\/casinolion.ca\/betting-odds\/ncaaf\/byu-cougars\/#primaryimage\"},\"thumbnailUrl\":\"https:\/\/casinolion.ca\/wp-content\/uploads\/2023\/10\/byu-cougars.png\",\"datePublished\":\"2023-10-03T11:13:34+00:00\",\"dateModified\":\"2023-10-06T13:13:08+00:00\",\"breadcrumb\":{\"@id\":\"https:\/\/casinolion.ca\/betting-odds\/ncaaf\/byu-cougars\/#breadcrumb\"},\"inLanguage\":\"fr-CA\",\"potentialAction\":[{\"@type\":\"ReadAction\",\"target\":[\"https:\/\/casinolion.ca\/betting-odds\/ncaaf\/byu-cougars\/\"]}]},{\"@type\":\"ImageObject\",\"inLanguage\":\"fr-CA\",\"@id\":\"https:\/\/casinolion.ca\/betting-odds\/ncaaf\/byu-cougars\/#primaryimage\",\"url\":\"https:\/\/casinolion.ca\/wp-content\/uploads\/2023\/10\/byu-cougars.png\",\"contentUrl\":\"https:\/\/casinolion.ca\/wp-content\/uploads\/2023\/10\/byu-cougars.png\",\"width\":140,\"height\":140},{\"@type\":\"BreadcrumbList\",\"@id\":\"https:\/\/casinolion.ca\/betting-odds\/ncaaf\/byu-cougars\/#breadcrumb\",\"itemListElement\":[{\"@type\":\"ListItem\",\"position\":1,\"name\":\"Home\",\"item\":\"https:\/\/casinolion.ca\/\"},{\"@type\":\"ListItem\",\"position\":2,\"name\":\"Sports Betting Odds Comparison\",\"item\":\"https:\/\/casinolion.ca\/betting-odds\/\"},{\"@type\":\"ListItem\",\"position\":3,\"name\":\"NCAAF College Football Betting Odds\",\"item\":\"https:\/\/casinolion.ca\/betting-odds\/ncaaf\/\"},{\"@type\":\"ListItem\",\"position\":4,\"name\":\"BYU Cougars\"}]},{\"@type\":\"WebSite\",\"@id\":\"https:\/\/casinolion.ca\/fr\/#website\",\"url\":\"https:\/\/casinolion.ca\/fr\/\",\"name\":\"\",\"description\":\"\",\"potentialAction\":[{\"@type\":\"SearchAction\",\"target\":{\"@type\":\"EntryPoint\",\"urlTemplate\":\"https:\/\/casinolion.ca\/fr\/?s={search_term_string}\"},\"query-input\":{\"@type\":\"PropertyValueSpecification\",\"valueRequired\":true,\"valueName\":\"search_term_string\"}}],\"inLanguage\":\"fr-CA\"}]}<\/script>\n<!-- \/ Yoast SEO plugin. -->","yoast_head_json":{"title":"BYU Cougars - Meilleure cote de paris en 2026 \ud83c\udfc8","robots":{"index":"index","follow":"follow","max-snippet":"max-snippet:-1","max-image-preview":"max-image-preview:large","max-video-preview":"max-video-preview:-1"},"canonical":"https:\/\/casinolion.ca\/fr\/betting-odds\/ncaaf\/byu-cougars\/","og_locale":"fr_CA","og_type":"article","og_title":"BYU Cougars - Best Betting Odds in 2026 \ud83c\udfc8","og_description":"Best BYU Cougars Betting Odds The following tool shows the bookmaker with the best betting odds (highest returns) when placing a bet on any BYU Cougars game.","og_url":"https:\/\/casinolion.ca\/fr\/betting-odds\/ncaaf\/byu-cougars\/","article_modified_time":"2023-10-06T13:13:08+00:00","og_image":[{"width":140,"height":140,"url":"https:\/\/casinolion.ca\/wp-content\/uploads\/2023\/10\/byu-cougars.png","type":"image\/png"}],"twitter_card":"summary_large_image","twitter_misc":{"Estimation du temps de lecture":"1 minute"},"schema":{"@context":"https:\/\/schema.org","@graph":[{"@type":"WebPage","@id":"https:\/\/casinolion.ca\/betting-odds\/ncaaf\/byu-cougars\/","url":"https:\/\/casinolion.ca\/betting-odds\/ncaaf\/byu-cougars\/","name":"BYU Cougars - Meilleure cote de paris en 2026 \ud83c\udfc8","isPartOf":{"@id":"https:\/\/casinolion.ca\/fr\/#website"},"primaryImageOfPage":{"@id":"https:\/\/casinolion.ca\/betting-odds\/ncaaf\/byu-cougars\/#primaryimage"},"image":{"@id":"https:\/\/casinolion.ca\/betting-odds\/ncaaf\/byu-cougars\/#primaryimage"},"thumbnailUrl":"https:\/\/casinolion.ca\/wp-content\/uploads\/2023\/10\/byu-cougars.png","datePublished":"2023-10-03T11:13:34+00:00","dateModified":"2023-10-06T13:13:08+00:00","breadcrumb":{"@id":"https:\/\/casinolion.ca\/betting-odds\/ncaaf\/byu-cougars\/#breadcrumb"},"inLanguage":"fr-CA","potentialAction":[{"@type":"ReadAction","target":["https:\/\/casinolion.ca\/betting-odds\/ncaaf\/byu-cougars\/"]}]},{"@type":"ImageObject","inLanguage":"fr-CA","@id":"https:\/\/casinolion.ca\/betting-odds\/ncaaf\/byu-cougars\/#primaryimage","url":"https:\/\/casinolion.ca\/wp-content\/uploads\/2023\/10\/byu-cougars.png","contentUrl":"https:\/\/casinolion.ca\/wp-content\/uploads\/2023\/10\/byu-cougars.png","width":140,"height":140},{"@type":"BreadcrumbList","@id":"https:\/\/casinolion.ca\/betting-odds\/ncaaf\/byu-cougars\/#breadcrumb","itemListElement":[{"@type":"ListItem","position":1,"name":"Home","item":"https:\/\/casinolion.ca\/"},{"@type":"ListItem","position":2,"name":"Sports Betting Odds Comparison","item":"https:\/\/casinolion.ca\/betting-odds\/"},{"@type":"ListItem","position":3,"name":"NCAAF College Football Betting Odds","item":"https:\/\/casinolion.ca\/betting-odds\/ncaaf\/"},{"@type":"ListItem","position":4,"name":"BYU Cougars"}]},{"@type":"WebSite","@id":"https:\/\/casinolion.ca\/fr\/#website","url":"https:\/\/casinolion.ca\/fr\/","name":"","description":"","potentialAction":[{"@type":"SearchAction","target":{"@type":"EntryPoint","urlTemplate":"https:\/\/casinolion.ca\/fr\/?s={search_term_string}"},"query-input":{"@type":"PropertyValueSpecification","valueRequired":true,"valueName":"search_term_string"}}],"inLanguage":"fr-CA"}]}},"_links":{"self":[{"href":"https:\/\/casinolion.ca\/fr\/wp-json\/wp\/v2\/pages\/20777","targetHints":{"allow":["GET"]}}],"collection":[{"href":"https:\/\/casinolion.ca\/fr\/wp-json\/wp\/v2\/pages"}],"about":[{"href":"https:\/\/casinolion.ca\/fr\/wp-json\/wp\/v2\/types\/page"}],"author":[{"embeddable":true,"href":"https:\/\/casinolion.ca\/fr\/wp-json\/wp\/v2\/users\/1"}],"replies":[{"embeddable":true,"href":"https:\/\/casinolion.ca\/fr\/wp-json\/wp\/v2\/comments?post=20777"}],"version-history":[{"count":0,"href":"https:\/\/casinolion.ca\/fr\/wp-json\/wp\/v2\/pages\/20777\/revisions"}],"up":[{"embeddable":true,"href":"https:\/\/casinolion.ca\/fr\/wp-json\/wp\/v2\/pages\/20748"}],"wp:featuredmedia":[{"embeddable":true,"href":"https:\/\/casinolion.ca\/fr\/wp-json\/wp\/v2\/media\/21186"}],"wp:attachment":[{"href":"https:\/\/casinolion.ca\/fr\/wp-json\/wp\/v2\/media?parent=20777"}],"curies":[{"name":"wp","href":"https:\/\/api.w.org\/{rel}","templated":true}]}}