
{"id":20855,"date":"2023-10-04T15:28:12","date_gmt":"2023-10-04T15:28:12","guid":{"rendered":"https:\/\/www.canadiancasinos.ca\/?page_id=20855"},"modified":"2023-10-06T13:43:27","modified_gmt":"2023-10-06T13:43:27","slug":"oklahoma-sooners","status":"publish","type":"page","link":"https:\/\/casinolion.ca\/fr\/betting-odds\/ncaaf\/oklahoma-sooners\/","title":{"rendered":"Les Sooners de l'Oklahoma"},"content":{"rendered":"<h2>Meilleures cotes de paris sur les Sooners d'Oklahoma<\/h2>\n<p>L'outil suivant indique le bookmaker qui propose les meilleures cotes (les rendements les plus \u00e9lev\u00e9s) pour parier sur n'importe quel match des Oklahoma Sooners.<\/p>\n<div class=\"team-odds-container-outer\"><div class=\"format-switch-holder\">\n                        <input type=\"checkbox\" class=\"switch-input\" id=\"format-switch\" value=\"1\" onchange='getAllOdds({\"post_id\":20855,\"post_title\":\"Oklahoma Sooners\",\"upcoming\":\"true\",\"historical\":\"true\",\"type\":\"team\",\"switchAm\":\"1\"})'\/>\n                        <label for=\"format-switch\">Passer \u00e0 <span class=\"switch-format-name\">Am\u00e9ricain<\/span> format<\/label><\/div>\n                    <div class=\"team-odds-container overwidth-wrapper\"><div id=\"upcoming-holder\" class=\"container-odds upcoming\">\n                            <p><i class=\"far fa-calendar-plus\"><\/i>PROCHAINS MATCHES<\/p>\n                            <div class=\"container-odds-header\">\n                                <p class=\"odds-header-teams\">Les \u00e9quipes<\/p>\n                                <p class=\"odds-header-odds\">\n                                    <span>Ligne d'argent<\/span><span>Diffusion<\/span><span>Total Plus\/Moins<\/span>\n                                <\/p>\n                            <\/div>\n                            <div class=\"container-odds-events\">\n                                    <p>Sam Sep 12th 12:00pm (EDT)  <span>Football am\u00e9ricain : NCAAF(US College Football)<\/span><\/p>\n                                    <div class=\"odds-event\">\n                                        <div class=\"odds-event-teams\">\n                                            <div class=\"event-team event-team-home\">\n                                            <a href=\"\/fr\/betting-odds\/ncaaf\/michigan-wolverines\/\" class=\"overlay-link\" title=\"Page des Michigan Wolverines\"><\/a> \n                                                <div class=\"event-teams-logo-holder\">\n                                                    <img decoding=\"async\" src=\"https:\/\/casinolion.ca\/wp-content\/uploads\/2023\/10\/michigan-wolverines-40x40.png\"  height=\"40\" width=\"40\" alt=\"Les Wolverines du Michigan\">\n                                                <\/div>\n                                                <p>\n                                                    <span class=\"event-team-place\">Accueil<\/span>\n                                                    <span>Les Wolverines du Michigan<\/span>\n                                                <\/p>\n                                            <\/div>\n                                            <div class=\"event-team event-team-away\">\n                                                <a href=\"\/fr\/betting-odds\/ncaaf\/oklahoma-sooners\/\" class=\"overlay-link\" title=\"Page des Sooners de l&#039;Oklahoma\"><\/a> \n                                                <div class=\"event-teams-logo-holder\">\n                                                    <img decoding=\"async\" src=\"https:\/\/casinolion.ca\/wp-content\/uploads\/2023\/10\/oklahoma-sooners-40x40.png\"  height=\"40\" width=\"40\" alt=\"Les Sooners de l&#039;Oklahoma\">\n                                                <\/div>\n                                                <p>\n                                                    <span class=\"event-team-place\">L'\u00e9loignement<\/span>\n                                                    <span>Les Sooners de l'Oklahoma<\/span>\n                                                <\/p>\n                                            <\/div>\n                                        <\/div>\n                                        <div class=\"odds-event-scores\"><\/div>\n                                        <div class=\"odds-event-markets\">\n                                            <div class=\"bookmakers-line\">\n                                                <div class=\"bookmakers-line-item\"><div class=\"bookmaker-box\"><img decoding=\"async\" src=\"\/wp-content\/uploads\/odds\/betting-odds.svg\" width=\"30px\" height=\"30px\" alt=\"fanatiques\">\n                                                                            <span>\n                                                                                <p>1.83<\/p>\n                                                                            <\/span>\n                                                                        <\/div><\/div>\n                                                <div class=\"bookmakers-line-item\"><div class=\"bookmaker-box\"><img decoding=\"async\" src=\"\/wp-content\/uploads\/odds\/betting-odds.svg\" width=\"30px\" height=\"30px\" alt=\"fanatiques\">\n                                                                        <span>\n                                                                        <p>-1.5<\/p>\n                                                                        <p>1.91<\/p>\n                                                                        <\/span>\n                                                                    <\/div><\/div>\n                                                <div class=\"bookmakers-line-item\"><a href=\"\/fr\/visit\/sportsbook\/fanduel\/\" rel=\"nofollow\" target=\"_blank\">\n                                                                        <div class=\"bookmaker-box\"><img decoding=\"async\" src=\"\/wp-content\/uploads\/odds\/bookmaker_images\/fanduel_logo.jpg\" width=\"30px\" height=\"30px\" alt=\"fanduel\">\n                                                                            <span>\n                                                                                <p>O 45.5<\/p>\n                                                                                <p>1.91<\/p>\n                                                                            <\/span>\n                                                                        <\/div>\n                                                                    <\/a><\/div>\n                                            <\/div>\n                                            <div class=\"bookmakers-line\">\n                                                <div class=\"bookmakers-line-item\"><a href=\"\/fr\/visit\/sportsbook\/bodog-casino\/\" rel=\"nofollow\" target=\"_blank\">\n                                                                        <div class=\"bookmaker-box\"><img decoding=\"async\" src=\"\/wp-content\/uploads\/odds\/bookmaker_images\/bovada_logo.jpg\" width=\"30px\" height=\"30px\" alt=\"bovada\">\n                                                                            <span>\n                                                                                <p>2.25<\/p>\n                                                                            <\/span>\n                                                                        <\/div>\n                                                                    <\/a><\/div>\n                                                <div class=\"bookmakers-line-item\"><div class=\"bookmaker-box\"><img decoding=\"async\" src=\"\/wp-content\/uploads\/odds\/betting-odds.svg\" width=\"30px\" height=\"30px\" alt=\"fanatiques\">\n                                                                            <span>\n                                                                                <p>1.5<\/p>\n                                                                                <p>1.91<\/p>\n                                                                            <\/span>\n                                                                        <\/div><\/div>\n                                                <div class=\"bookmakers-line-item\"><a href=\"\/fr\/visit\/sportsbook\/fanduel\/\" rel=\"nofollow\" target=\"_blank\">\n                                                                        <div class=\"bookmaker-box\"><img decoding=\"async\" src=\"\/wp-content\/uploads\/odds\/bookmaker_images\/fanduel_logo.jpg\" width=\"30px\" height=\"30px\" alt=\"fanduel\">\n                                                                            <span>\n                                                                                <p>U 45.5<\/p>\n                                                                                <p>1.91<\/p>\n                                                                            <\/span>\n                                                                        <\/div>\n                                                                    <\/a><\/div>\n                                            <\/div>\n                                        <\/div>\n                                    <\/div>\n                            <\/div>\n                        <\/div><\/div>\n                <\/div>","protected":false},"excerpt":{"rendered":"<p>Meilleures cotes de paris sur Oklahoma Sooners L'outil suivant montre le bookmaker avec les meilleures cotes de paris (les retours les plus \u00e9lev\u00e9s) en pla\u00e7ant un pari sur n'importe quel match d'Oklahoma Sooners.<\/p>","protected":false},"author":1,"featured_media":21312,"parent":20748,"menu_order":0,"comment_status":"open","ping_status":"open","template":"","meta":{"_acf_changed":false,"footnotes":""},"class_list":["post-20855","page","type-page","status-publish","has-post-thumbnail","hentry"],"acf":[],"yoast_head":"<!-- This site is optimized with the Yoast SEO plugin v26.1.1 - https:\/\/yoast.com\/wordpress\/plugins\/seo\/ -->\n<title>Oklahoma Sooners - Best Betting Odds in 2026 \ud83c\udfc8<\/title>\n<meta name=\"robots\" content=\"index, follow, max-snippet:-1, max-image-preview:large, max-video-preview:-1\" \/>\n<link rel=\"canonical\" href=\"https:\/\/casinolion.ca\/fr\/betting-odds\/ncaaf\/oklahoma-sooners\/\" \/>\n<meta property=\"og:locale\" content=\"fr_CA\" \/>\n<meta property=\"og:type\" content=\"article\" \/>\n<meta property=\"og:title\" content=\"Oklahoma Sooners - Best Betting Odds in 2026 \ud83c\udfc8\" \/>\n<meta property=\"og:description\" content=\"Best Oklahoma Sooners Betting Odds The following tool shows the bookmaker with the best betting odds (highest returns) when placing a bet on any Oklahoma Sooners game.\" \/>\n<meta property=\"og:url\" content=\"https:\/\/casinolion.ca\/fr\/betting-odds\/ncaaf\/oklahoma-sooners\/\" \/>\n<meta property=\"article:modified_time\" content=\"2023-10-06T13:43:27+00:00\" \/>\n<meta property=\"og:image\" content=\"https:\/\/casinolion.ca\/wp-content\/uploads\/2023\/10\/oklahoma-sooners.png\" \/>\n\t<meta property=\"og:image:width\" content=\"140\" \/>\n\t<meta property=\"og:image:height\" content=\"140\" \/>\n\t<meta property=\"og:image:type\" content=\"image\/png\" \/>\n<meta name=\"twitter:card\" content=\"summary_large_image\" \/>\n<meta name=\"twitter:label1\" content=\"Estimation du temps de lecture\" \/>\n\t<meta name=\"twitter:data1\" content=\"1 minute\" \/>\n<script type=\"application\/ld+json\" class=\"yoast-schema-graph\">{\"@context\":\"https:\/\/schema.org\",\"@graph\":[{\"@type\":\"WebPage\",\"@id\":\"https:\/\/casinolion.ca\/betting-odds\/ncaaf\/oklahoma-sooners\/\",\"url\":\"https:\/\/casinolion.ca\/betting-odds\/ncaaf\/oklahoma-sooners\/\",\"name\":\"Oklahoma Sooners - Best Betting Odds in 2026 \ud83c\udfc8\",\"isPartOf\":{\"@id\":\"https:\/\/casinolion.ca\/fr\/#website\"},\"primaryImageOfPage\":{\"@id\":\"https:\/\/casinolion.ca\/betting-odds\/ncaaf\/oklahoma-sooners\/#primaryimage\"},\"image\":{\"@id\":\"https:\/\/casinolion.ca\/betting-odds\/ncaaf\/oklahoma-sooners\/#primaryimage\"},\"thumbnailUrl\":\"https:\/\/casinolion.ca\/wp-content\/uploads\/2023\/10\/oklahoma-sooners.png\",\"datePublished\":\"2023-10-04T15:28:12+00:00\",\"dateModified\":\"2023-10-06T13:43:27+00:00\",\"breadcrumb\":{\"@id\":\"https:\/\/casinolion.ca\/betting-odds\/ncaaf\/oklahoma-sooners\/#breadcrumb\"},\"inLanguage\":\"fr-CA\",\"potentialAction\":[{\"@type\":\"ReadAction\",\"target\":[\"https:\/\/casinolion.ca\/betting-odds\/ncaaf\/oklahoma-sooners\/\"]}]},{\"@type\":\"ImageObject\",\"inLanguage\":\"fr-CA\",\"@id\":\"https:\/\/casinolion.ca\/betting-odds\/ncaaf\/oklahoma-sooners\/#primaryimage\",\"url\":\"https:\/\/casinolion.ca\/wp-content\/uploads\/2023\/10\/oklahoma-sooners.png\",\"contentUrl\":\"https:\/\/casinolion.ca\/wp-content\/uploads\/2023\/10\/oklahoma-sooners.png\",\"width\":140,\"height\":140},{\"@type\":\"BreadcrumbList\",\"@id\":\"https:\/\/casinolion.ca\/betting-odds\/ncaaf\/oklahoma-sooners\/#breadcrumb\",\"itemListElement\":[{\"@type\":\"ListItem\",\"position\":1,\"name\":\"Home\",\"item\":\"https:\/\/casinolion.ca\/\"},{\"@type\":\"ListItem\",\"position\":2,\"name\":\"Sports Betting Odds Comparison\",\"item\":\"https:\/\/casinolion.ca\/betting-odds\/\"},{\"@type\":\"ListItem\",\"position\":3,\"name\":\"NCAAF College Football Betting Odds\",\"item\":\"https:\/\/casinolion.ca\/betting-odds\/ncaaf\/\"},{\"@type\":\"ListItem\",\"position\":4,\"name\":\"Oklahoma Sooners\"}]},{\"@type\":\"WebSite\",\"@id\":\"https:\/\/casinolion.ca\/fr\/#website\",\"url\":\"https:\/\/casinolion.ca\/fr\/\",\"name\":\"\",\"description\":\"\",\"potentialAction\":[{\"@type\":\"SearchAction\",\"target\":{\"@type\":\"EntryPoint\",\"urlTemplate\":\"https:\/\/casinolion.ca\/fr\/?s={search_term_string}\"},\"query-input\":{\"@type\":\"PropertyValueSpecification\",\"valueRequired\":true,\"valueName\":\"search_term_string\"}}],\"inLanguage\":\"fr-CA\"}]}<\/script>\n<!-- \/ Yoast SEO plugin. -->","yoast_head_json":{"title":"Oklahoma Sooners - Meilleure cote de paris en 2026 \ud83c\udfc8","robots":{"index":"index","follow":"follow","max-snippet":"max-snippet:-1","max-image-preview":"max-image-preview:large","max-video-preview":"max-video-preview:-1"},"canonical":"https:\/\/casinolion.ca\/fr\/betting-odds\/ncaaf\/oklahoma-sooners\/","og_locale":"fr_CA","og_type":"article","og_title":"Oklahoma Sooners - Best Betting Odds in 2026 \ud83c\udfc8","og_description":"Best Oklahoma Sooners Betting Odds The following tool shows the bookmaker with the best betting odds (highest returns) when placing a bet on any Oklahoma Sooners game.","og_url":"https:\/\/casinolion.ca\/fr\/betting-odds\/ncaaf\/oklahoma-sooners\/","article_modified_time":"2023-10-06T13:43:27+00:00","og_image":[{"width":140,"height":140,"url":"https:\/\/casinolion.ca\/wp-content\/uploads\/2023\/10\/oklahoma-sooners.png","type":"image\/png"}],"twitter_card":"summary_large_image","twitter_misc":{"Estimation du temps de lecture":"1 minute"},"schema":{"@context":"https:\/\/schema.org","@graph":[{"@type":"WebPage","@id":"https:\/\/casinolion.ca\/betting-odds\/ncaaf\/oklahoma-sooners\/","url":"https:\/\/casinolion.ca\/betting-odds\/ncaaf\/oklahoma-sooners\/","name":"Oklahoma Sooners - Meilleure cote de paris en 2026 \ud83c\udfc8","isPartOf":{"@id":"https:\/\/casinolion.ca\/fr\/#website"},"primaryImageOfPage":{"@id":"https:\/\/casinolion.ca\/betting-odds\/ncaaf\/oklahoma-sooners\/#primaryimage"},"image":{"@id":"https:\/\/casinolion.ca\/betting-odds\/ncaaf\/oklahoma-sooners\/#primaryimage"},"thumbnailUrl":"https:\/\/casinolion.ca\/wp-content\/uploads\/2023\/10\/oklahoma-sooners.png","datePublished":"2023-10-04T15:28:12+00:00","dateModified":"2023-10-06T13:43:27+00:00","breadcrumb":{"@id":"https:\/\/casinolion.ca\/betting-odds\/ncaaf\/oklahoma-sooners\/#breadcrumb"},"inLanguage":"fr-CA","potentialAction":[{"@type":"ReadAction","target":["https:\/\/casinolion.ca\/betting-odds\/ncaaf\/oklahoma-sooners\/"]}]},{"@type":"ImageObject","inLanguage":"fr-CA","@id":"https:\/\/casinolion.ca\/betting-odds\/ncaaf\/oklahoma-sooners\/#primaryimage","url":"https:\/\/casinolion.ca\/wp-content\/uploads\/2023\/10\/oklahoma-sooners.png","contentUrl":"https:\/\/casinolion.ca\/wp-content\/uploads\/2023\/10\/oklahoma-sooners.png","width":140,"height":140},{"@type":"BreadcrumbList","@id":"https:\/\/casinolion.ca\/betting-odds\/ncaaf\/oklahoma-sooners\/#breadcrumb","itemListElement":[{"@type":"ListItem","position":1,"name":"Home","item":"https:\/\/casinolion.ca\/"},{"@type":"ListItem","position":2,"name":"Sports Betting Odds Comparison","item":"https:\/\/casinolion.ca\/betting-odds\/"},{"@type":"ListItem","position":3,"name":"NCAAF College Football Betting Odds","item":"https:\/\/casinolion.ca\/betting-odds\/ncaaf\/"},{"@type":"ListItem","position":4,"name":"Oklahoma Sooners"}]},{"@type":"WebSite","@id":"https:\/\/casinolion.ca\/fr\/#website","url":"https:\/\/casinolion.ca\/fr\/","name":"","description":"","potentialAction":[{"@type":"SearchAction","target":{"@type":"EntryPoint","urlTemplate":"https:\/\/casinolion.ca\/fr\/?s={search_term_string}"},"query-input":{"@type":"PropertyValueSpecification","valueRequired":true,"valueName":"search_term_string"}}],"inLanguage":"fr-CA"}]}},"_links":{"self":[{"href":"https:\/\/casinolion.ca\/fr\/wp-json\/wp\/v2\/pages\/20855","targetHints":{"allow":["GET"]}}],"collection":[{"href":"https:\/\/casinolion.ca\/fr\/wp-json\/wp\/v2\/pages"}],"about":[{"href":"https:\/\/casinolion.ca\/fr\/wp-json\/wp\/v2\/types\/page"}],"author":[{"embeddable":true,"href":"https:\/\/casinolion.ca\/fr\/wp-json\/wp\/v2\/users\/1"}],"replies":[{"embeddable":true,"href":"https:\/\/casinolion.ca\/fr\/wp-json\/wp\/v2\/comments?post=20855"}],"version-history":[{"count":0,"href":"https:\/\/casinolion.ca\/fr\/wp-json\/wp\/v2\/pages\/20855\/revisions"}],"up":[{"embeddable":true,"href":"https:\/\/casinolion.ca\/fr\/wp-json\/wp\/v2\/pages\/20748"}],"wp:featuredmedia":[{"embeddable":true,"href":"https:\/\/casinolion.ca\/fr\/wp-json\/wp\/v2\/media\/21312"}],"wp:attachment":[{"href":"https:\/\/casinolion.ca\/fr\/wp-json\/wp\/v2\/media?parent=20855"}],"curies":[{"name":"wp","href":"https:\/\/api.w.org\/{rel}","templated":true}]}}