
{"id":21617,"date":"2023-10-09T16:12:33","date_gmt":"2023-10-09T16:12:33","guid":{"rendered":"https:\/\/www.canadiancasinos.ca\/betting-odds\/mls-betting-odds\/cf-montreal\/"},"modified":"2023-10-09T16:32:56","modified_gmt":"2023-10-09T16:32:56","slug":"cf-montreal","status":"publish","type":"page","link":"https:\/\/casinolion.ca\/fr\/betting-odds\/mls-betting-odds\/cf-montreal\/","title":{"rendered":"CF Montr\u00e9al"},"content":{"rendered":"<h2>Meilleures cotes de paris sur le CF Montr\u00e9al<\/h2>\n<p>L'outil suivant montre le bookmaker qui offre les meilleures cotes (les rendements les plus \u00e9lev\u00e9s) pour parier sur un match \u00e0 venir du CF Montr\u00e9al. Voir l'horaire ci-dessous :<\/p>\n<div class=\"team-odds-container-outer\"><div class=\"format-switch-holder\">\n                        <input type=\"checkbox\" class=\"switch-input\" id=\"format-switch\" value=\"1\" onchange='getAllOdds({\"post_id\":21617,\"post_title\":\"CF Montr\\u00e9al\",\"upcoming\":\"true\",\"historical\":\"true\",\"type\":\"team\",\"switchAm\":\"1\"})'\/>\n                        <label for=\"format-switch\">Passer \u00e0 <span class=\"switch-format-name\">Am\u00e9ricain<\/span> format<\/label><\/div>\n                    <div class=\"team-odds-container overwidth-wrapper\"><div id=\"historical-holder\" class=\"container-odds historical\">\n                            <p><i class=\"far fa-calendar-day\"><\/i>MATCHES HISTORIQUES<\/p>\n                            <div class=\"container-odds-header\">\n                                <p class=\"odds-header-teams\">Les \u00e9quipes<\/p>\n                                <p class=\"odds-header-odds\">\n                                    <span>Accueil<\/span><span>Dessiner<\/span><span>L'\u00e9loignement<\/span>\n                                <\/p>\n                            <\/div>\n                            <div class=\"container-odds-events\">\n                                    <p>Tue Oct 22nd 7:40pm (EDT)  <span>Football : MLS(Major League Soccer)<\/span><\/p>\n                                    <div class=\"odds-event\">\n                                        <div class=\"odds-event-teams\">\n                                            <div class=\"event-team event-team-home\">\n                                                <a href=\"\/fr\/betting-odds\/mls-betting-odds\/cf-montreal\/\" class=\"overlay-link\" title=\"Page de l&#039;Impact de Montr\u00e9al\"><\/a> \n                                                <div class=\"event-teams-logo-holder\">\n                                                    <img decoding=\"async\" src=\"https:\/\/casinolion.ca\/wp-content\/uploads\/2023\/10\/Montreal-Primary-480x480-1-40x40.png\"  height=\"40\" width=\"40\" alt=\"Impact de Montr\u00e9al\">\n                                                <\/div>\n                                                <p>\n                                                    <span class=\"event-team-place\">Accueil<\/span>\n                                                    <span>Impact de Montr\u00e9al<\/span>\n                                                <\/p>\n                                            <\/div>\n                                            <div class=\"event-team event-team-away\">\n                                                <a href=\"\/fr\/betting-odds\/mls-betting-odds\/atlanta-united\/\" class=\"overlay-link\" title=\"Page Atlanta United FC\"><\/a> \n                                                <div class=\"event-teams-logo-holder\">\n                                                    <img decoding=\"async\" src=\"https:\/\/casinolion.ca\/wp-content\/uploads\/2023\/10\/ATL-Logo-480px-40x40.png\"  height=\"40\" width=\"40\" alt=\"Atlanta United FC\">\n                                                <\/div>\n                                                <p>\n                                                    <span class=\"event-team-place\">L'\u00e9loignement<\/span>\n                                                    <span>Atlanta United FC<\/span>\n                                                <\/p>\n                                            <\/div>\n                                        <\/div>\n                                        <div class=\"odds-event-scores\"><div class=\"event-score\">2<\/div>\n                                                        <div class=\"event-score\">2<\/div><\/div>\n                                        <div class=\"odds-event-markets odds-event-markets-soccer\"><a href=\"\/fr\/visit\/sportsbook\/betonlineag\/\" rel=\"nofollow\" target=\"_blank\">\n                                                                    <span class=\"odds-event-markets-odd\">\n                                                                    <img decoding=\"async\" src=\"\/wp-content\/uploads\/odds\/bookmaker_images\/betonlineag_logo.jpg\" width=\"30px\" height=\"30px\" alt=\"betonlineag\">\n                                                                        <span>2.59<\/span>\n                                                                    <\/span>\n                                                                <\/a><a href=\"\/fr\/visit\/sportsbook\/betrivers\/\" rel=\"nofollow\" target=\"_blank\">\n                                                                    <span class=\"odds-event-markets-odd highlighted-bet\">\n                                                                        <img decoding=\"async\" src=\"\/wp-content\/uploads\/odds\/bookmaker_images\/betrivers_logo.jpg\" width=\"30px\" height=\"30px\" alt=\"b\u00eata-river\">\n                                                                        <span>3.70<\/span>\n                                                                    <\/span>\n                                                                <\/a><a href=\"\/fr\/visit\/sportsbook\/betonlineag\/\" rel=\"nofollow\" target=\"_blank\">\n                                                                    <span class=\"odds-event-markets-odd\">\n                                                                        <img decoding=\"async\" src=\"\/wp-content\/uploads\/odds\/bookmaker_images\/betonlineag_logo.jpg\" width=\"30px\" height=\"30px\" alt=\"betonlineag\">\n                                                                        <span>2.78<\/span>\n                                                                    <\/span>\n                                                                <\/a><\/div>\n                                    <\/div>\n                            <\/div><div class=\"container-odds-events\">\n                                    <p>Sat Sep 28th 7:30pm (EDT)  <span>Football : MLS(Major League Soccer)<\/span><\/p>\n                                    <div class=\"odds-event\">\n                                        <div class=\"odds-event-teams\">\n                                            <div class=\"event-team event-team-home\">\n                                                <a href=\"\/fr\/betting-odds\/mls-betting-odds\/cf-montreal\/\" class=\"overlay-link\" title=\"Page de l&#039;Impact de Montr\u00e9al\"><\/a> \n                                                <div class=\"event-teams-logo-holder\">\n                                                    <img decoding=\"async\" src=\"https:\/\/casinolion.ca\/wp-content\/uploads\/2023\/10\/Montreal-Primary-480x480-1-40x40.png\"  height=\"40\" width=\"40\" alt=\"Impact de Montr\u00e9al\">\n                                                <\/div>\n                                                <p>\n                                                    <span class=\"event-team-place\">Accueil<\/span>\n                                                    <span>Impact de Montr\u00e9al<\/span>\n                                                <\/p>\n                                            <\/div>\n                                            <div class=\"event-team event-team-away\">\n                                                <a href=\"\/fr\/betting-odds\/mls-betting-odds\/san-jose-earthquakes\/\" class=\"overlay-link\" title=\"Page des San Jose Earthquakes\"><\/a> \n                                                <div class=\"event-teams-logo-holder\">\n                                                    <img decoding=\"async\" src=\"https:\/\/casinolion.ca\/wp-content\/uploads\/2023\/10\/SJ-Logo-480px-40x40.png\"  height=\"40\" width=\"40\" alt=\"Les Earthquakes de San Jose\">\n                                                <\/div>\n                                                <p>\n                                                    <span class=\"event-team-place\">L'\u00e9loignement<\/span>\n                                                    <span>Les Earthquakes de San Jose<\/span>\n                                                <\/p>\n                                            <\/div>\n                                        <\/div>\n                                        <div class=\"odds-event-scores\"><div class=\"event-score won-badge\">3<\/div>\n                                                        <div class=\"event-score lost-badge\">0<\/div><\/div>\n                                        <div class=\"odds-event-markets odds-event-markets-soccer\"><a href=\"\/fr\/visit\/sportsbook\/betus\/\" rel=\"nofollow\" target=\"_blank\">\n                                                                    <span class=\"odds-event-markets-odd highlighted-bet\">\n                                                                    <img decoding=\"async\" src=\"\/wp-content\/uploads\/odds\/bookmaker_images\/betus_logo.jpg\" width=\"30px\" height=\"30px\" alt=\"betus\">\n                                                                        <span>1.83<\/span>\n                                                                    <\/span>\n                                                                <\/a><a href=\"\/fr\/visit\/sportsbook\/betmgm\/\" rel=\"nofollow\" target=\"_blank\">\n                                                                    <span class=\"odds-event-markets-odd\">\n                                                                        <img decoding=\"async\" src=\"\/wp-content\/uploads\/odds\/bookmaker_images\/betmgm_logo.jpg\" width=\"30px\" height=\"30px\" alt=\"betmgm\">\n                                                                        <span>4.33<\/span>\n                                                                    <\/span>\n                                                                <\/a><a href=\"\/fr\/visit\/sportsbook\/betonlineag\/\" rel=\"nofollow\" target=\"_blank\">\n                                                                    <span class=\"odds-event-markets-odd\">\n                                                                        <img decoding=\"async\" src=\"\/wp-content\/uploads\/odds\/bookmaker_images\/betonlineag_logo.jpg\" width=\"30px\" height=\"30px\" alt=\"betonlineag\">\n                                                                        <span>4.12<\/span>\n                                                                    <\/span>\n                                                                <\/a><\/div>\n                                    <\/div>\n                            <\/div>\n                        <\/div><\/div>\n                <\/div>","protected":false},"excerpt":{"rendered":"<p>Meilleures cotes de CF Montr\u00e9al L'outil suivant montre le bookmaker qui offre les meilleures cotes de paris (les rendements les plus \u00e9lev\u00e9s) pour parier sur un prochain match de CF Montr\u00e9al. Voir l'horaire ci-dessous :<\/p>","protected":false},"author":1,"featured_media":21618,"parent":21586,"menu_order":0,"comment_status":"open","ping_status":"open","template":"","meta":{"_acf_changed":false,"footnotes":""},"class_list":["post-21617","page","type-page","status-publish","has-post-thumbnail","hentry"],"acf":[],"yoast_head":"<!-- This site is optimized with the Yoast SEO plugin v26.1.1 - https:\/\/yoast.com\/wordpress\/plugins\/seo\/ -->\n<title>CF Montr\u00e9al - Best Betting Odds in 2026 \u26bd<\/title>\n<meta name=\"robots\" content=\"index, follow, max-snippet:-1, max-image-preview:large, max-video-preview:-1\" \/>\n<link rel=\"canonical\" href=\"https:\/\/casinolion.ca\/fr\/betting-odds\/mls-betting-odds\/cf-montreal\/\" \/>\n<meta property=\"og:locale\" content=\"fr_CA\" \/>\n<meta property=\"og:type\" content=\"article\" \/>\n<meta property=\"og:title\" content=\"CF Montr\u00e9al - Best Betting Odds in 2026 \u26bd\" \/>\n<meta property=\"og:description\" content=\"Best CF Montr\u00e9al Betting Odds The following tool shows the bookmaker with the best betting odds (highest returns) when placing a bet on any upcoming CF Montr\u00e9al game. See schedule below:\" \/>\n<meta property=\"og:url\" content=\"https:\/\/casinolion.ca\/fr\/betting-odds\/mls-betting-odds\/cf-montreal\/\" \/>\n<meta property=\"article:modified_time\" content=\"2023-10-09T16:32:56+00:00\" \/>\n<meta property=\"og:image\" content=\"https:\/\/casinolion.ca\/wp-content\/uploads\/2023\/10\/Montreal-Primary-480x480-1.png\" \/>\n\t<meta property=\"og:image:width\" content=\"480\" \/>\n\t<meta property=\"og:image:height\" content=\"480\" \/>\n\t<meta property=\"og:image:type\" content=\"image\/png\" \/>\n<meta name=\"twitter:card\" content=\"summary_large_image\" \/>\n<meta name=\"twitter:label1\" content=\"Estimation du temps de lecture\" \/>\n\t<meta name=\"twitter:data1\" content=\"1 minute\" \/>\n<script type=\"application\/ld+json\" class=\"yoast-schema-graph\">{\"@context\":\"https:\/\/schema.org\",\"@graph\":[{\"@type\":\"WebPage\",\"@id\":\"https:\/\/casinolion.ca\/betting-odds\/mls-betting-odds\/cf-montreal\/\",\"url\":\"https:\/\/casinolion.ca\/betting-odds\/mls-betting-odds\/cf-montreal\/\",\"name\":\"CF Montr\u00e9al - Best Betting Odds in 2026 \u26bd\",\"isPartOf\":{\"@id\":\"https:\/\/casinolion.ca\/fr\/#website\"},\"primaryImageOfPage\":{\"@id\":\"https:\/\/casinolion.ca\/betting-odds\/mls-betting-odds\/cf-montreal\/#primaryimage\"},\"image\":{\"@id\":\"https:\/\/casinolion.ca\/betting-odds\/mls-betting-odds\/cf-montreal\/#primaryimage\"},\"thumbnailUrl\":\"https:\/\/casinolion.ca\/wp-content\/uploads\/2023\/10\/Montreal-Primary-480x480-1.png\",\"datePublished\":\"2023-10-09T16:12:33+00:00\",\"dateModified\":\"2023-10-09T16:32:56+00:00\",\"breadcrumb\":{\"@id\":\"https:\/\/casinolion.ca\/betting-odds\/mls-betting-odds\/cf-montreal\/#breadcrumb\"},\"inLanguage\":\"fr-CA\",\"potentialAction\":[{\"@type\":\"ReadAction\",\"target\":[\"https:\/\/casinolion.ca\/betting-odds\/mls-betting-odds\/cf-montreal\/\"]}]},{\"@type\":\"ImageObject\",\"inLanguage\":\"fr-CA\",\"@id\":\"https:\/\/casinolion.ca\/betting-odds\/mls-betting-odds\/cf-montreal\/#primaryimage\",\"url\":\"https:\/\/casinolion.ca\/wp-content\/uploads\/2023\/10\/Montreal-Primary-480x480-1.png\",\"contentUrl\":\"https:\/\/casinolion.ca\/wp-content\/uploads\/2023\/10\/Montreal-Primary-480x480-1.png\",\"width\":480,\"height\":480},{\"@type\":\"BreadcrumbList\",\"@id\":\"https:\/\/casinolion.ca\/betting-odds\/mls-betting-odds\/cf-montreal\/#breadcrumb\",\"itemListElement\":[{\"@type\":\"ListItem\",\"position\":1,\"name\":\"Home\",\"item\":\"https:\/\/casinolion.ca\/\"},{\"@type\":\"ListItem\",\"position\":2,\"name\":\"Sports Betting Odds Comparison\",\"item\":\"https:\/\/casinolion.ca\/betting-odds\/\"},{\"@type\":\"ListItem\",\"position\":3,\"name\":\"MLS Betting Odds\",\"item\":\"https:\/\/casinolion.ca\/betting-odds\/mls-betting-odds\/\"},{\"@type\":\"ListItem\",\"position\":4,\"name\":\"CF Montr\u00e9al\"}]},{\"@type\":\"WebSite\",\"@id\":\"https:\/\/casinolion.ca\/fr\/#website\",\"url\":\"https:\/\/casinolion.ca\/fr\/\",\"name\":\"\",\"description\":\"\",\"potentialAction\":[{\"@type\":\"SearchAction\",\"target\":{\"@type\":\"EntryPoint\",\"urlTemplate\":\"https:\/\/casinolion.ca\/fr\/?s={search_term_string}\"},\"query-input\":{\"@type\":\"PropertyValueSpecification\",\"valueRequired\":true,\"valueName\":\"search_term_string\"}}],\"inLanguage\":\"fr-CA\"}]}<\/script>\n<!-- \/ Yoast SEO plugin. -->","yoast_head_json":{"title":"CF Montr\u00e9al - Meilleures cotes de paris en 2026 \u26bd","robots":{"index":"index","follow":"follow","max-snippet":"max-snippet:-1","max-image-preview":"max-image-preview:large","max-video-preview":"max-video-preview:-1"},"canonical":"https:\/\/casinolion.ca\/fr\/betting-odds\/mls-betting-odds\/cf-montreal\/","og_locale":"fr_CA","og_type":"article","og_title":"CF Montr\u00e9al - Best Betting Odds in 2026 \u26bd","og_description":"Best CF Montr\u00e9al Betting Odds The following tool shows the bookmaker with the best betting odds (highest returns) when placing a bet on any upcoming CF Montr\u00e9al game. See schedule below:","og_url":"https:\/\/casinolion.ca\/fr\/betting-odds\/mls-betting-odds\/cf-montreal\/","article_modified_time":"2023-10-09T16:32:56+00:00","og_image":[{"width":480,"height":480,"url":"https:\/\/casinolion.ca\/wp-content\/uploads\/2023\/10\/Montreal-Primary-480x480-1.png","type":"image\/png"}],"twitter_card":"summary_large_image","twitter_misc":{"Estimation du temps de lecture":"1 minute"},"schema":{"@context":"https:\/\/schema.org","@graph":[{"@type":"WebPage","@id":"https:\/\/casinolion.ca\/betting-odds\/mls-betting-odds\/cf-montreal\/","url":"https:\/\/casinolion.ca\/betting-odds\/mls-betting-odds\/cf-montreal\/","name":"CF Montr\u00e9al - Meilleures cotes de paris en 2026 \u26bd","isPartOf":{"@id":"https:\/\/casinolion.ca\/fr\/#website"},"primaryImageOfPage":{"@id":"https:\/\/casinolion.ca\/betting-odds\/mls-betting-odds\/cf-montreal\/#primaryimage"},"image":{"@id":"https:\/\/casinolion.ca\/betting-odds\/mls-betting-odds\/cf-montreal\/#primaryimage"},"thumbnailUrl":"https:\/\/casinolion.ca\/wp-content\/uploads\/2023\/10\/Montreal-Primary-480x480-1.png","datePublished":"2023-10-09T16:12:33+00:00","dateModified":"2023-10-09T16:32:56+00:00","breadcrumb":{"@id":"https:\/\/casinolion.ca\/betting-odds\/mls-betting-odds\/cf-montreal\/#breadcrumb"},"inLanguage":"fr-CA","potentialAction":[{"@type":"ReadAction","target":["https:\/\/casinolion.ca\/betting-odds\/mls-betting-odds\/cf-montreal\/"]}]},{"@type":"ImageObject","inLanguage":"fr-CA","@id":"https:\/\/casinolion.ca\/betting-odds\/mls-betting-odds\/cf-montreal\/#primaryimage","url":"https:\/\/casinolion.ca\/wp-content\/uploads\/2023\/10\/Montreal-Primary-480x480-1.png","contentUrl":"https:\/\/casinolion.ca\/wp-content\/uploads\/2023\/10\/Montreal-Primary-480x480-1.png","width":480,"height":480},{"@type":"BreadcrumbList","@id":"https:\/\/casinolion.ca\/betting-odds\/mls-betting-odds\/cf-montreal\/#breadcrumb","itemListElement":[{"@type":"ListItem","position":1,"name":"Home","item":"https:\/\/casinolion.ca\/"},{"@type":"ListItem","position":2,"name":"Sports Betting Odds Comparison","item":"https:\/\/casinolion.ca\/betting-odds\/"},{"@type":"ListItem","position":3,"name":"MLS Betting Odds","item":"https:\/\/casinolion.ca\/betting-odds\/mls-betting-odds\/"},{"@type":"ListItem","position":4,"name":"CF Montr\u00e9al"}]},{"@type":"WebSite","@id":"https:\/\/casinolion.ca\/fr\/#website","url":"https:\/\/casinolion.ca\/fr\/","name":"","description":"","potentialAction":[{"@type":"SearchAction","target":{"@type":"EntryPoint","urlTemplate":"https:\/\/casinolion.ca\/fr\/?s={search_term_string}"},"query-input":{"@type":"PropertyValueSpecification","valueRequired":true,"valueName":"search_term_string"}}],"inLanguage":"fr-CA"}]}},"_links":{"self":[{"href":"https:\/\/casinolion.ca\/fr\/wp-json\/wp\/v2\/pages\/21617","targetHints":{"allow":["GET"]}}],"collection":[{"href":"https:\/\/casinolion.ca\/fr\/wp-json\/wp\/v2\/pages"}],"about":[{"href":"https:\/\/casinolion.ca\/fr\/wp-json\/wp\/v2\/types\/page"}],"author":[{"embeddable":true,"href":"https:\/\/casinolion.ca\/fr\/wp-json\/wp\/v2\/users\/1"}],"replies":[{"embeddable":true,"href":"https:\/\/casinolion.ca\/fr\/wp-json\/wp\/v2\/comments?post=21617"}],"version-history":[{"count":0,"href":"https:\/\/casinolion.ca\/fr\/wp-json\/wp\/v2\/pages\/21617\/revisions"}],"up":[{"embeddable":true,"href":"https:\/\/casinolion.ca\/fr\/wp-json\/wp\/v2\/pages\/21586"}],"wp:featuredmedia":[{"embeddable":true,"href":"https:\/\/casinolion.ca\/fr\/wp-json\/wp\/v2\/media\/21618"}],"wp:attachment":[{"href":"https:\/\/casinolion.ca\/fr\/wp-json\/wp\/v2\/media?parent=21617"}],"curies":[{"name":"wp","href":"https:\/\/api.w.org\/{rel}","templated":true}]}}