
{"id":21933,"date":"2023-10-12T08:55:14","date_gmt":"2023-10-12T08:55:14","guid":{"rendered":"https:\/\/www.canadiancasinos.ca\/betting-odds\/belgian-pro-league\/royal-charleroi-s-c\/"},"modified":"2023-10-12T08:57:49","modified_gmt":"2023-10-12T08:57:49","slug":"royal-charleroi-s-c","status":"publish","type":"page","link":"https:\/\/casinolion.ca\/fr\/betting-odds\/belgian-pro-league\/royal-charleroi-s-c\/","title":{"rendered":"Royal Charleroi S.C."},"content":{"rendered":"<h2>Meilleures cotes de paris sur Royal Charleroi S.C.<\/h2>\n<p>L'outil suivant indique le bookmaker qui propose la meilleure cote (le meilleur rendement) pour parier sur un match du Royal Charleroi S.C. \u00e0 venir. Voir le calendrier ci-dessous :<\/p>\n<div class=\"team-odds-container-outer\"><div class=\"format-switch-holder\">\n                        <input type=\"checkbox\" class=\"switch-input\" id=\"format-switch\" value=\"1\" onchange='getAllOdds({\"post_id\":21933,\"post_title\":\"Royal Charleroi S.C.\",\"upcoming\":\"true\",\"historical\":\"true\",\"type\":\"team\",\"switchAm\":\"1\"})'\/>\n                        <label for=\"format-switch\">Passer \u00e0 <span class=\"switch-format-name\">Am\u00e9ricain<\/span> format<\/label><\/div>\n                    <div class=\"team-odds-container overwidth-wrapper\"><div id=\"upcoming-holder\" class=\"container-odds upcoming\">\n                            <p><i class=\"far fa-calendar-plus\"><\/i>PROCHAINS MATCHES<\/p>\n                            <div class=\"container-odds-header\">\n                                <p class=\"odds-header-teams\">Les \u00e9quipes<\/p>\n                                <p class=\"odds-header-odds\">\n                                    <span>Accueil<\/span><span>Dessiner<\/span><span>L'\u00e9loignement<\/span>\n                                <\/p>\n                            <\/div>\n                            <div class=\"container-odds-events\">\n                                    <p>Fri Apr 10th 2:45pm (EDT)  <span>Football : Premi\u00e8re division belge (Premi\u00e8re division belge A)<\/span><\/p>\n                                    <div class=\"odds-event\">\n                                        <div class=\"odds-event-teams\">\n                                            <div class=\"event-team event-team-home\">\n                                                <a href=\"\/fr\/betting-odds\/belgian-pro-league\/royal-charleroi-s-c\/\" class=\"overlay-link\" title=\"Page Charleroi\"><\/a> \n                                                <div class=\"event-teams-logo-holder\">\n                                                    <img decoding=\"async\" src=\"https:\/\/casinolion.ca\/wp-content\/uploads\/2023\/10\/sporting-charleroi-300x300-1-40x40.png\"  height=\"40\" width=\"40\" alt=\"Charleroi\">\n                                                <\/div>\n                                                <p>\n                                                    <span class=\"event-team-place\">Accueil<\/span>\n                                                    <span>Charleroi<\/span>\n                                                <\/p>\n                                            <\/div>\n                                            <div class=\"event-team event-team-away\">\n                                                <a href=\"\/fr\/betting-odds\/belgian-pro-league\/royal-antwerp-fc\/\" class=\"overlay-link\" title=\"Page du Royal Antwerp\"><\/a> \n                                                <div class=\"event-teams-logo-holder\">\n                                                    <img decoding=\"async\" src=\"https:\/\/casinolion.ca\/wp-content\/uploads\/2023\/10\/antwerp-300x300-1-40x40.png\"  height=\"40\" width=\"40\" alt=\"Royal Antwerp\">\n                                                <\/div>\n                                                <p>\n                                                    <span class=\"event-team-place\">L'\u00e9loignement<\/span>\n                                                    <span>Royal Antwerp<\/span>\n                                                <\/p>\n                                            <\/div>\n                                        <\/div>\n                                        <div class=\"odds-event-scores\"><\/div>\n                                        <div class=\"odds-event-markets odds-event-markets-soccer\"><span class=\"odds-event-markets-odd no-odds-div\">\n                                                                <\/span><span class=\"odds-event-markets-odd no-odds-div\">\n                                                                <\/span><span class=\"odds-event-markets-odd no-odds-div\">\n                                                                <\/span><\/div>\n                                    <\/div>\n                            <\/div>\n                        <\/div><\/div>\n                <\/div>","protected":false},"excerpt":{"rendered":"<p>Meilleures cotes de Royal Charleroi S.C. L'outil suivant indique le bookmaker qui propose les meilleures cotes (les rendements les plus \u00e9lev\u00e9s) pour parier sur un match de Royal Charleroi S.C. \u00e0 venir. Voir le programme ci-dessous :<\/p>","protected":false},"author":1,"featured_media":21934,"parent":21922,"menu_order":0,"comment_status":"open","ping_status":"open","template":"","meta":{"_acf_changed":false,"footnotes":""},"class_list":["post-21933","page","type-page","status-publish","has-post-thumbnail","hentry"],"acf":[],"yoast_head":"<!-- This site is optimized with the Yoast SEO plugin v26.1.1 - https:\/\/yoast.com\/wordpress\/plugins\/seo\/ -->\n<title>Royal Charleroi S.C. - Best Betting Odds in 2026 \u26bd<\/title>\n<meta name=\"robots\" content=\"index, follow, max-snippet:-1, max-image-preview:large, max-video-preview:-1\" \/>\n<link rel=\"canonical\" href=\"https:\/\/casinolion.ca\/fr\/betting-odds\/belgian-pro-league\/royal-charleroi-s-c\/\" \/>\n<meta property=\"og:locale\" content=\"fr_CA\" \/>\n<meta property=\"og:type\" content=\"article\" \/>\n<meta property=\"og:title\" content=\"Royal Charleroi S.C. - Best Betting Odds in 2026 \u26bd\" \/>\n<meta property=\"og:description\" content=\"Best Royal Charleroi S.C. Betting Odds The following tool shows the bookmaker with the best betting odds (highest returns) when placing a bet on any upcoming Royal Charleroi S.C. game. See schedule below:\" \/>\n<meta property=\"og:url\" content=\"https:\/\/casinolion.ca\/fr\/betting-odds\/belgian-pro-league\/royal-charleroi-s-c\/\" \/>\n<meta property=\"article:modified_time\" content=\"2023-10-12T08:57:49+00:00\" \/>\n<meta property=\"og:image\" content=\"https:\/\/casinolion.ca\/wp-content\/uploads\/2023\/10\/sporting-charleroi-300x300-1.png\" \/>\n\t<meta property=\"og:image:width\" content=\"300\" \/>\n\t<meta property=\"og:image:height\" content=\"300\" \/>\n\t<meta property=\"og:image:type\" content=\"image\/png\" \/>\n<meta name=\"twitter:card\" content=\"summary_large_image\" \/>\n<meta name=\"twitter:label1\" content=\"Estimation du temps de lecture\" \/>\n\t<meta name=\"twitter:data1\" content=\"1 minute\" \/>\n<script type=\"application\/ld+json\" class=\"yoast-schema-graph\">{\"@context\":\"https:\/\/schema.org\",\"@graph\":[{\"@type\":\"WebPage\",\"@id\":\"https:\/\/casinolion.ca\/betting-odds\/belgian-pro-league\/royal-charleroi-s-c\/\",\"url\":\"https:\/\/casinolion.ca\/betting-odds\/belgian-pro-league\/royal-charleroi-s-c\/\",\"name\":\"Royal Charleroi S.C. - Best Betting Odds in 2026 \u26bd\",\"isPartOf\":{\"@id\":\"https:\/\/casinolion.ca\/fr\/#website\"},\"primaryImageOfPage\":{\"@id\":\"https:\/\/casinolion.ca\/betting-odds\/belgian-pro-league\/royal-charleroi-s-c\/#primaryimage\"},\"image\":{\"@id\":\"https:\/\/casinolion.ca\/betting-odds\/belgian-pro-league\/royal-charleroi-s-c\/#primaryimage\"},\"thumbnailUrl\":\"https:\/\/casinolion.ca\/wp-content\/uploads\/2023\/10\/sporting-charleroi-300x300-1.png\",\"datePublished\":\"2023-10-12T08:55:14+00:00\",\"dateModified\":\"2023-10-12T08:57:49+00:00\",\"breadcrumb\":{\"@id\":\"https:\/\/casinolion.ca\/betting-odds\/belgian-pro-league\/royal-charleroi-s-c\/#breadcrumb\"},\"inLanguage\":\"fr-CA\",\"potentialAction\":[{\"@type\":\"ReadAction\",\"target\":[\"https:\/\/casinolion.ca\/betting-odds\/belgian-pro-league\/royal-charleroi-s-c\/\"]}]},{\"@type\":\"ImageObject\",\"inLanguage\":\"fr-CA\",\"@id\":\"https:\/\/casinolion.ca\/betting-odds\/belgian-pro-league\/royal-charleroi-s-c\/#primaryimage\",\"url\":\"https:\/\/casinolion.ca\/wp-content\/uploads\/2023\/10\/sporting-charleroi-300x300-1.png\",\"contentUrl\":\"https:\/\/casinolion.ca\/wp-content\/uploads\/2023\/10\/sporting-charleroi-300x300-1.png\",\"width\":300,\"height\":300},{\"@type\":\"BreadcrumbList\",\"@id\":\"https:\/\/casinolion.ca\/betting-odds\/belgian-pro-league\/royal-charleroi-s-c\/#breadcrumb\",\"itemListElement\":[{\"@type\":\"ListItem\",\"position\":1,\"name\":\"Home\",\"item\":\"https:\/\/casinolion.ca\/\"},{\"@type\":\"ListItem\",\"position\":2,\"name\":\"Sports Betting Odds Comparison\",\"item\":\"https:\/\/casinolion.ca\/betting-odds\/\"},{\"@type\":\"ListItem\",\"position\":3,\"name\":\"Belgian Pro League Betting Odds\",\"item\":\"https:\/\/casinolion.ca\/betting-odds\/belgian-pro-league\/\"},{\"@type\":\"ListItem\",\"position\":4,\"name\":\"Royal Charleroi S.C.\"}]},{\"@type\":\"WebSite\",\"@id\":\"https:\/\/casinolion.ca\/fr\/#website\",\"url\":\"https:\/\/casinolion.ca\/fr\/\",\"name\":\"\",\"description\":\"\",\"potentialAction\":[{\"@type\":\"SearchAction\",\"target\":{\"@type\":\"EntryPoint\",\"urlTemplate\":\"https:\/\/casinolion.ca\/fr\/?s={search_term_string}\"},\"query-input\":{\"@type\":\"PropertyValueSpecification\",\"valueRequired\":true,\"valueName\":\"search_term_string\"}}],\"inLanguage\":\"fr-CA\"}]}<\/script>\n<!-- \/ Yoast SEO plugin. -->","yoast_head_json":{"title":"Royal Charleroi S.C. - Meilleures cotes de paris en 2026 \u26bd","robots":{"index":"index","follow":"follow","max-snippet":"max-snippet:-1","max-image-preview":"max-image-preview:large","max-video-preview":"max-video-preview:-1"},"canonical":"https:\/\/casinolion.ca\/fr\/betting-odds\/belgian-pro-league\/royal-charleroi-s-c\/","og_locale":"fr_CA","og_type":"article","og_title":"Royal Charleroi S.C. - Best Betting Odds in 2026 \u26bd","og_description":"Best Royal Charleroi S.C. Betting Odds The following tool shows the bookmaker with the best betting odds (highest returns) when placing a bet on any upcoming Royal Charleroi S.C. game. See schedule below:","og_url":"https:\/\/casinolion.ca\/fr\/betting-odds\/belgian-pro-league\/royal-charleroi-s-c\/","article_modified_time":"2023-10-12T08:57:49+00:00","og_image":[{"width":300,"height":300,"url":"https:\/\/casinolion.ca\/wp-content\/uploads\/2023\/10\/sporting-charleroi-300x300-1.png","type":"image\/png"}],"twitter_card":"summary_large_image","twitter_misc":{"Estimation du temps de lecture":"1 minute"},"schema":{"@context":"https:\/\/schema.org","@graph":[{"@type":"WebPage","@id":"https:\/\/casinolion.ca\/betting-odds\/belgian-pro-league\/royal-charleroi-s-c\/","url":"https:\/\/casinolion.ca\/betting-odds\/belgian-pro-league\/royal-charleroi-s-c\/","name":"Royal Charleroi S.C. - Meilleures cotes de paris en 2026 \u26bd","isPartOf":{"@id":"https:\/\/casinolion.ca\/fr\/#website"},"primaryImageOfPage":{"@id":"https:\/\/casinolion.ca\/betting-odds\/belgian-pro-league\/royal-charleroi-s-c\/#primaryimage"},"image":{"@id":"https:\/\/casinolion.ca\/betting-odds\/belgian-pro-league\/royal-charleroi-s-c\/#primaryimage"},"thumbnailUrl":"https:\/\/casinolion.ca\/wp-content\/uploads\/2023\/10\/sporting-charleroi-300x300-1.png","datePublished":"2023-10-12T08:55:14+00:00","dateModified":"2023-10-12T08:57:49+00:00","breadcrumb":{"@id":"https:\/\/casinolion.ca\/betting-odds\/belgian-pro-league\/royal-charleroi-s-c\/#breadcrumb"},"inLanguage":"fr-CA","potentialAction":[{"@type":"ReadAction","target":["https:\/\/casinolion.ca\/betting-odds\/belgian-pro-league\/royal-charleroi-s-c\/"]}]},{"@type":"ImageObject","inLanguage":"fr-CA","@id":"https:\/\/casinolion.ca\/betting-odds\/belgian-pro-league\/royal-charleroi-s-c\/#primaryimage","url":"https:\/\/casinolion.ca\/wp-content\/uploads\/2023\/10\/sporting-charleroi-300x300-1.png","contentUrl":"https:\/\/casinolion.ca\/wp-content\/uploads\/2023\/10\/sporting-charleroi-300x300-1.png","width":300,"height":300},{"@type":"BreadcrumbList","@id":"https:\/\/casinolion.ca\/betting-odds\/belgian-pro-league\/royal-charleroi-s-c\/#breadcrumb","itemListElement":[{"@type":"ListItem","position":1,"name":"Home","item":"https:\/\/casinolion.ca\/"},{"@type":"ListItem","position":2,"name":"Sports Betting Odds Comparison","item":"https:\/\/casinolion.ca\/betting-odds\/"},{"@type":"ListItem","position":3,"name":"Belgian Pro League Betting Odds","item":"https:\/\/casinolion.ca\/betting-odds\/belgian-pro-league\/"},{"@type":"ListItem","position":4,"name":"Royal Charleroi S.C."}]},{"@type":"WebSite","@id":"https:\/\/casinolion.ca\/fr\/#website","url":"https:\/\/casinolion.ca\/fr\/","name":"","description":"","potentialAction":[{"@type":"SearchAction","target":{"@type":"EntryPoint","urlTemplate":"https:\/\/casinolion.ca\/fr\/?s={search_term_string}"},"query-input":{"@type":"PropertyValueSpecification","valueRequired":true,"valueName":"search_term_string"}}],"inLanguage":"fr-CA"}]}},"_links":{"self":[{"href":"https:\/\/casinolion.ca\/fr\/wp-json\/wp\/v2\/pages\/21933","targetHints":{"allow":["GET"]}}],"collection":[{"href":"https:\/\/casinolion.ca\/fr\/wp-json\/wp\/v2\/pages"}],"about":[{"href":"https:\/\/casinolion.ca\/fr\/wp-json\/wp\/v2\/types\/page"}],"author":[{"embeddable":true,"href":"https:\/\/casinolion.ca\/fr\/wp-json\/wp\/v2\/users\/1"}],"replies":[{"embeddable":true,"href":"https:\/\/casinolion.ca\/fr\/wp-json\/wp\/v2\/comments?post=21933"}],"version-history":[{"count":0,"href":"https:\/\/casinolion.ca\/fr\/wp-json\/wp\/v2\/pages\/21933\/revisions"}],"up":[{"embeddable":true,"href":"https:\/\/casinolion.ca\/fr\/wp-json\/wp\/v2\/pages\/21922"}],"wp:featuredmedia":[{"embeddable":true,"href":"https:\/\/casinolion.ca\/fr\/wp-json\/wp\/v2\/media\/21934"}],"wp:attachment":[{"href":"https:\/\/casinolion.ca\/fr\/wp-json\/wp\/v2\/media?parent=21933"}],"curies":[{"name":"wp","href":"https:\/\/api.w.org\/{rel}","templated":true}]}}