
{"id":22332,"date":"2023-11-14T07:49:15","date_gmt":"2023-11-14T07:49:15","guid":{"rendered":"https:\/\/www.canadiancasinos.ca\/?page_id=22332"},"modified":"2023-11-14T07:49:15","modified_gmt":"2023-11-14T07:49:15","slug":"why-was-online-gambling-legalized-in-ontario","status":"publish","type":"page","link":"https:\/\/casinolion.ca\/fr\/why-was-online-gambling-legalized-in-ontario\/","title":{"rendered":"Pourquoi les jeux d'argent en ligne ont-ils \u00e9t\u00e9 l\u00e9galis\u00e9s en Ontario ?"},"content":{"rendered":"<h2>Pourquoi les jeux d'argent en ligne ont-ils \u00e9t\u00e9 l\u00e9galis\u00e9s en Ontario ?<\/h2>\n<p>Nous avons d\u00e9j\u00e0 publi\u00e9 un article sur la <a href=\"https:\/\/casinolion.ca\/fr\/online-gambling-in-ontario\/\">la l\u00e9galisation des jeux d'argent en ligne en Ontario<\/a> mais examinons plus en d\u00e9tail pourquoi et comment cela s'est produit.<\/p>\n<p>Les jeux d'argent font partie int\u00e9grante de la culture canadienne depuis des si\u00e8cles. Les autochtones jouaient avec des b\u00e2tons et des d\u00e9s bien avant que Jacques Cartier ne d\u00e9couvre le pays dans les ann\u00e9es 1500. L'Ontario a toujours \u00e9t\u00e9 \u00e0 l'avant-garde gr\u00e2ce \u00e0 ses solutions innovantes, qu'il s'agisse d'autoriser les paris sur les courses de chevaux \u00e0 la fin du XIXe si\u00e8cle, de disposer d'un grand nombre de casinos terrestres l\u00e9gaux ou d'inscrire les jeux d'argent en ligne dans la loi en 2022.<\/p>\n<p>Auparavant, les joueurs ne pouvaient s'adresser qu'\u00e0 la Soci\u00e9t\u00e9 des loteries et jeux de l'Ontario (OLG) pour jouer au poker ou s'adonner \u00e0 d'autres jeux de casino et paris sportifs en toute l\u00e9galit\u00e9. Toutefois, lorsque l'Ontario est devenue la premi\u00e8re province canadienne \u00e0 r\u00e9glementer les versions en ligne de ces activit\u00e9s, le monopole de l'OLG a pris fin, ce qui a entra\u00een\u00e9 une plus grande vari\u00e9t\u00e9 de jeux.<\/p>\n<p>Les joueurs peuvent d\u00e9sormais choisir parmi une pl\u00e9thore de sites et de plates-formes pour trouver ce qui correspond \u00e0 leurs styles et pr\u00e9f\u00e9rences de jeu, en passant de l'industrie grise et non r\u00e9glement\u00e9e \u00e0 l'industrie l\u00e9gale.<\/p>\n<h2>L'histoire des jeux de hasard en Ontario<\/h2>\n<p>Au fil des si\u00e8cles, l'Ontario a toujours \u00e9t\u00e9 un leader dans le domaine des jeux d'argent. Elle a accueilli une grande course de chevaux en 1767, introduisant les paris \u00e0 grande \u00e9chelle. Toutefois, l'histoire des jeux l\u00e9gaux de la province du centre a officiellement commenc\u00e9 en 1892 avec l'adoption du code p\u00e9nal qui interdisait les jeux de hasard et les loteries.<\/p>\n<p>Les paris sur les courses de chevaux n'\u00e9tant pas consid\u00e9r\u00e9s comme des jeux d'argent, ils sont rapidement devenus monnaie courante. En 1900, le gouvernement s'est rendu compte du potentiel \u00e9conomique de certains paris et a apport\u00e9 quelques modifications autorisant les tombolas de bienfaisance et le bingo. Pr\u00e8s de trente ans plus tard, les foires et les expositions municipales ont \u00e9t\u00e9 autoris\u00e9es \u00e0 accueillir des jeux d'argent.<\/p>\n<p>D'autres formes de jeu sont rest\u00e9es ill\u00e9gales pendant un certain temps jusqu'\u00e0 ce que la loterie soit l\u00e9galis\u00e9e en 1974 apr\u00e8s la cr\u00e9ation de la Soci\u00e9t\u00e9 des loteries de l'Ontario (OLC). En 1985, le Parlement canadien a adopt\u00e9 la loi C-46, qui a rendu les jeux d'argent l\u00e9gaux et a transf\u00e9r\u00e9 \u00e0 chaque province le contr\u00f4le des jeux de casino, des paris sportifs (\u00e0 l'exception des paris sur un seul match) et des tirages de la loterie.<\/p>\n<p>En 1999, l'OLC a \u00e9t\u00e9 remplac\u00e9 par la Soci\u00e9t\u00e9 des loteries et jeux de l'Ontario (OLG), qui r\u00e9glemente les casinos, les loteries et les salles de machines \u00e0 sous des hippodromes de la province. L'OLG est ind\u00e9pendante du gouvernement provincial et ne g\u00e8re pas directement les casinos - cette responsabilit\u00e9 incombe \u00e0 la Commission des alcools et des jeux de l'Ontario (AGCO).<\/p>\n<p>Apr\u00e8s le Qu\u00e9bec, l'Ontario a \u00e9t\u00e9 la deuxi\u00e8me province \u00e0 ouvrir son premier casino terrestre en 1994 - le Casino Windsor (devenu Caesars Windsor). Actuellement, l'Ontario compte 24 \u00e9tablissements de jeux, tous contr\u00f4l\u00e9s par l'OLG, dont trois sont des \u00e9tablissements tribaux.<\/p>\n<h2>D\u00e9but des jeux d'argent en ligne en Ontario<\/h2>\n<p>Les jeux d'argent en ligne sont apparus au Canada au milieu des ann\u00e9es 1990, et l'un des premiers sites de jeux d'argent au monde, InterCasino, a \u00e9t\u00e9 lanc\u00e9 \u00e0 cette \u00e9poque. Peu apr\u00e8s, la popularit\u00e9 du secteur a explos\u00e9 et d'autres op\u00e9rateurs, comme Gaming Club Casino et Jackpot City Casino, lui ont embo\u00eet\u00e9 le pas. \u00c0 cette \u00e9poque, la Mohawk Territory Kahnawake Gaming Commission a \u00e9t\u00e9 cr\u00e9\u00e9e pour superviser toutes les activit\u00e9s de jeux de casino classiques. Comme elle est toujours pleinement op\u00e9rationnelle, elle est la plus ancienne autorit\u00e9 de r\u00e9gulation des casinos en ligne au monde.<\/p>\n<p>Avant l'av\u00e8nement d'Internet, les autorit\u00e9s polici\u00e8res de l'Ontario et de la province savaient comment traiter les jeux d'argent ill\u00e9gaux. Cependant, avec le d\u00e9veloppement des jeux en ligne, la situation est devenue beaucoup plus floue, et ils ne savaient pas comment sanctionner les entreprises op\u00e9rant depuis des juridictions \u00e9trang\u00e8res et fournissant des services \u00e0 des joueurs physiquement situ\u00e9s en Ontario. Comme aucune loi n'interdisait les jeux d'argent en ligne \u00e0 l'\u00e9poque, les Ontariens ont eu un acc\u00e8s imm\u00e9diat \u00e0 ces plateformes et ont profit\u00e9 de cette occasion en or.<\/p>\n<p>Le premier casino en ligne appartenant \u00e0 l'\u00c9tat, PlayNow, a \u00e9t\u00e9 ouvert par la British Columbia Lottery Commission en 2004. Le site a d'abord \u00e9t\u00e9 lanc\u00e9 pour permettre aux utilisateurs d'acheter des produits de loterie de la BCLC en ligne, mais il s'est transform\u00e9 en casino en ligne en 2010.<\/p>\n<p>La Colombie-Britannique ayant une longueur d'avance dans le monde des jeux d'argent en ligne, les experts du secteur s'attendaient \u00e0 ce qu'elle soit la premi\u00e8re \u00e0 l\u00e9galiser les jeux d'argent en ligne. Au lieu de cela, c'est l'Ontario qui a pris la t\u00eate du peloton et ouvert la voie aux autres provinces.<\/p>\n<p>Les autorit\u00e9s locales ont d\u00e9cid\u00e9 de r\u00e9glementer cette verticale de jeu pour renforcer leur budget et pour faire entrer le plus grand nombre possible d'op\u00e9rateurs internationaux sous la tente. De cette mani\u00e8re, le gouvernement provincial de l'Ontario entendait \u00e9galement mettre fin au monopole de la loterie sur les jeux d'argent en ligne.<\/p>\n<h2>La nouvelle \u00e8re des jeux d'argent en ligne en Ontario<\/h2>\n<p>Le gouvernement de l'Ontario a annonc\u00e9 son intention de cr\u00e9er un march\u00e9 iGaming comp\u00e9titif et protecteur des consommateurs dans son budget 2019. Dans le cadre du budget 2020, la province a promis de modifier la loi pour permettre \u00e0 l'AGCO de diriger et de g\u00e9rer le secteur du jeu en ligne en tant que principal r\u00e9gulateur. L'autorit\u00e9 a \u00e9t\u00e9 pri\u00e9e d'\u00e9tablir une filiale qui servirait de m\u00e9diateur entre le gouvernement et les op\u00e9rateurs iGaming priv\u00e9s, et a donc cr\u00e9\u00e9 son bras r\u00e9glementaire dans la province - iGaming Ontario (iGO).<\/p>\n<p>Une fois que le gouvernement f\u00e9d\u00e9ral canadien a adopt\u00e9 le projet de loi C-218 (loi sur les paris sportifs s\u00fbrs et r\u00e9glement\u00e9s), qui autorise chaque province \u00e0 cr\u00e9er un march\u00e9 r\u00e9glement\u00e9 des jeux en ligne, des paris sportifs et des paris sur les courses de chevaux, AGCO a entam\u00e9 des consultations avec le secteur des jeux en ligne, y compris avec les op\u00e9rateurs internationaux.<\/p>\n<p>La province a fait preuve du plus grand d\u00e9vouement pour remplir cette mission. Elle a publi\u00e9 un ensemble de principes et de normes pour le secteur en juin 2021 et a continu\u00e9 \u00e0 les modifier jusqu'\u00e0 la fin de l'ann\u00e9e. \u00c0 cette \u00e9poque, AGCO a \u00e9galement commenc\u00e9 \u00e0 accepter des demandes de licence de la part d'op\u00e9rateurs potentiels, de laboratoires d'essai ind\u00e9pendants et de fournisseurs.<\/p>\n<p>Enfin, le 4 avril 2022, l'Ontario est devenu la premi\u00e8re juridiction canadienne \u00e0 l\u00e9galiser les jeux d'argent en ligne. \u00c0 ce jour, aucune des autres provinces ou territoires canadiens n'a donn\u00e9 d'indication quant \u00e0 leur intention de suivre le mouvement.<\/p>\n<h3>Exigences de l'Ontario en mati\u00e8re d'iGaming pour les op\u00e9rateurs<\/h3>\n<p>En 2023, plus de 60 casinos et plateformes de paris en ligne op\u00e9reront l\u00e9galement en Ontario. L'adoption de la loi a permis \u00e0 certaines des plus grandes entreprises du secteur, telles que BetMGM, DraftKings, bet365 et Rivers, de p\u00e9n\u00e9trer le march\u00e9. De grands d\u00e9veloppeurs de jeux internationaux, comme Play'n GO, High 5 Games et Inspired Entertainment, ont \u00e9galement \u00e9t\u00e9 autoris\u00e9s \u00e0 collaborer avec des op\u00e9rateurs agr\u00e9\u00e9s.<\/p>\n<p>Toutefois, l'AGCO n'attend pas seulement des entreprises qu'elles respectent les normes et les exigences pour \u00eatre autoris\u00e9es \u00e0 entrer en activit\u00e9. En effet, tout op\u00e9rateur commercial qui entreprend des activit\u00e9s de jeux en ligne en Ontario doit obtenir l'autorisation de l'AGCO et passer les tests rigoureux de l'iGO. En outre, l'OIG doit s'assurer que les op\u00e9rateurs mettent en \u0153uvre des mesures de s\u00e9curit\u00e9 pour prot\u00e9ger les joueurs, proposer des jeux \u00e9quitables et encourager le jeu responsable.<\/p>\n<p>Certains des crit\u00e8res concernent l'\u00e2ge des utilisateurs. Ils doivent \u00eatre \u00e2g\u00e9s d'au moins 18 ans pour jouer \u00e0 la loterie et au bingo, mais d'au moins 19 ans pour placer des paris sportifs et des mises sur des casinos en ligne. Pour acc\u00e9der aux sites r\u00e9glement\u00e9s, les joueurs doivent prouver qu'ils se trouvent physiquement en Ontario en activant la localisation sur leurs appareils.<\/p>\n<p>En outre, il est interdit aux plateformes de jeux d'argent de faire de la publicit\u00e9 pour des incitations, des bonus et des cr\u00e9dits. Cela ne signifie pas qu'elles ne les offrent pas, mais elles n'ont pas le droit d'inciter les gens \u00e0 s'inscrire sur ces sites en faisant la promotion de ces offres. M\u00eame les sites affili\u00e9s ne sont pas autoris\u00e9s \u00e0 attirer du trafic vers des plateformes op\u00e9rant l\u00e9galement en Ontario en utilisant des bonus.<\/p>\n<p>iGO a \u00e9galement mis en place des r\u00e8gles sophistiqu\u00e9es pour pr\u00e9venir la fraude, le blanchiment d'argent et le financement d'organisations terroristes. En vertu de ce nouveau cadre juridique, les op\u00e9rateurs doivent v\u00e9rifier l'identit\u00e9 des joueurs lorsqu'ils ouvrent un compte. Les informations relatives \u00e0 chaque joueur sont conserv\u00e9es dans un fichier et un rappel est envoy\u00e9 chaque ann\u00e9e pour s'assurer qu'elles sont \u00e0 jour.<\/p>\n<h2>L'avenir des jeux en ligne en Ontario<\/h2>\n<p>\u00c9tant donn\u00e9 que la nouvelle l\u00e9gislation a donn\u00e9 aux Ontariens la libert\u00e9 tant attendue de jouer l\u00e9galement en ligne, nous pouvons conclure sans risque que l'industrie a un brillant avenir dans cette province canadienne. Un an seulement apr\u00e8s l'entr\u00e9e en vigueur de la loi, le march\u00e9 l\u00e9gal des jeux d'argent de l'Ontario s'est impos\u00e9 comme l'une des cinq plus grandes juridictions d'Am\u00e9rique du Nord en mati\u00e8re de jeux en ligne.<\/p>\n<p>Cette industrie naissante a r\u00e9ussi \u00e0 g\u00e9n\u00e9rer environ 1,4 milliard de dollars de recettes totales provenant des jeux et environ 1,4 milliard de dollars de mises totales au cours de sa premi\u00e8re ann\u00e9e d'activit\u00e9. Depuis sa mise en service, plus de 1,6 million de personnes se sont inscrites sur des sites web g\u00e9r\u00e9s par des op\u00e9rateurs ayant sign\u00e9 des accords avec iGaming Ontario.<\/p>\n<p>Ce mod\u00e8le de jeu responsable et solide s'est av\u00e9r\u00e9 tr\u00e8s comp\u00e9titif par rapport au march\u00e9 non r\u00e9glement\u00e9. On estime que plus de 70% des personnes qui jouent le faisaient sur des plateformes en ligne internationales. Toutefois, l'AGCO a publi\u00e9 une \u00e9tude indiquant que plus de 85% de joueurs ont rejoint des sites l\u00e9gaux depuis avril 2022, et que chacun d'entre eux a d\u00e9pens\u00e9 environ $70 par mois.<\/p>\n<p>AGCO et iGaming Ontario ont accord\u00e9 des licences \u00e0 plus de 60 op\u00e9rateurs et approuv\u00e9 plus de 5 000 jeux dans la province jusqu'\u00e0 pr\u00e9sent. Selon les statistiques, 48% de toutes les mises des casinos en ligne ont \u00e9t\u00e9 attribu\u00e9es aux machines \u00e0 sous, 32% aux jeux de table avec croupier en direct et 19% aux jeux de table RNG. En ce qui concerne les paris sportifs, la plupart des mises ont \u00e9t\u00e9 plac\u00e9es sur le basket-ball, suivi du football et du football am\u00e9ricain.<\/p>\n<p>Les responsables d'iGaming Ontario affirment que l'ouverture de la province aux jeux d'argent en ligne r\u00e9glement\u00e9s a entra\u00een\u00e9 une augmentation significative de la cr\u00e9ation d'emplois, des investissements et des recettes. Leur objectif est de devenir la premi\u00e8re juridiction mondiale en mati\u00e8re de jeux. \u00c0 l'heure actuelle, l'Ontario profite \u00e9norm\u00e9ment du fait que de plus en plus de joueurs choisissent de jouer localement plut\u00f4t que sur le march\u00e9 gris.<\/p>","protected":false},"excerpt":{"rendered":"<p>Why Was Online Gambling Legalized in Ontario? We previously wrote about the legalization of online gambling in Ontario but let&#8217;s take a deeper dive into why and how this happened. Gambling has been an integral part of Canadian culture for centuries. Natives used to gamble with sticks and dice long before Jacques Cartier discovered the [&hellip;]<\/p>","protected":false},"author":1,"featured_media":0,"parent":0,"menu_order":0,"comment_status":"closed","ping_status":"closed","template":"","meta":{"_acf_changed":false,"footnotes":""},"class_list":["post-22332","page","type-page","status-publish","hentry"],"acf":[],"yoast_head":"<!-- This site is optimized with the Yoast SEO plugin v26.1.1 - https:\/\/yoast.com\/wordpress\/plugins\/seo\/ -->\n<title>Why Was Online Gambling Legalized in Ontario?<\/title>\n<meta name=\"robots\" content=\"index, follow, max-snippet:-1, max-image-preview:large, max-video-preview:-1\" \/>\n<link rel=\"canonical\" href=\"https:\/\/casinolion.ca\/fr\/why-was-online-gambling-legalized-in-ontario\/\" \/>\n<meta property=\"og:locale\" content=\"fr_CA\" \/>\n<meta property=\"og:type\" content=\"article\" \/>\n<meta property=\"og:title\" content=\"Why Was Online Gambling Legalized in Ontario?\" \/>\n<meta property=\"og:description\" content=\"Why Was Online Gambling Legalized in Ontario? We previously wrote about the legalization of online gambling in Ontario but let&#8217;s take a deeper dive into why and how this happened. Gambling has been an integral part of Canadian culture for centuries. Natives used to gamble with sticks and dice long before Jacques Cartier discovered the [&hellip;]\" \/>\n<meta property=\"og:url\" content=\"https:\/\/casinolion.ca\/fr\/why-was-online-gambling-legalized-in-ontario\/\" \/>\n<meta name=\"twitter:card\" content=\"summary_large_image\" \/>\n<meta name=\"twitter:label1\" content=\"Estimation du temps de lecture\" \/>\n\t<meta name=\"twitter:data1\" content=\"7 minutes\" \/>\n<script type=\"application\/ld+json\" class=\"yoast-schema-graph\">{\"@context\":\"https:\/\/schema.org\",\"@graph\":[{\"@type\":\"WebPage\",\"@id\":\"https:\/\/casinolion.ca\/why-was-online-gambling-legalized-in-ontario\/\",\"url\":\"https:\/\/casinolion.ca\/why-was-online-gambling-legalized-in-ontario\/\",\"name\":\"Why Was Online Gambling Legalized in Ontario?\",\"isPartOf\":{\"@id\":\"https:\/\/casinolion.ca\/fr\/#website\"},\"datePublished\":\"2023-11-14T07:49:15+00:00\",\"breadcrumb\":{\"@id\":\"https:\/\/casinolion.ca\/why-was-online-gambling-legalized-in-ontario\/#breadcrumb\"},\"inLanguage\":\"fr-CA\",\"potentialAction\":[{\"@type\":\"ReadAction\",\"target\":[\"https:\/\/casinolion.ca\/why-was-online-gambling-legalized-in-ontario\/\"]}]},{\"@type\":\"BreadcrumbList\",\"@id\":\"https:\/\/casinolion.ca\/why-was-online-gambling-legalized-in-ontario\/#breadcrumb\",\"itemListElement\":[{\"@type\":\"ListItem\",\"position\":1,\"name\":\"Home\",\"item\":\"https:\/\/casinolion.ca\/\"},{\"@type\":\"ListItem\",\"position\":2,\"name\":\"Why Was Online Gambling Legalized in Ontario?\"}]},{\"@type\":\"WebSite\",\"@id\":\"https:\/\/casinolion.ca\/fr\/#website\",\"url\":\"https:\/\/casinolion.ca\/fr\/\",\"name\":\"\",\"description\":\"\",\"potentialAction\":[{\"@type\":\"SearchAction\",\"target\":{\"@type\":\"EntryPoint\",\"urlTemplate\":\"https:\/\/casinolion.ca\/fr\/?s={search_term_string}\"},\"query-input\":{\"@type\":\"PropertyValueSpecification\",\"valueRequired\":true,\"valueName\":\"search_term_string\"}}],\"inLanguage\":\"fr-CA\"}]}<\/script>\n<!-- \/ Yoast SEO plugin. -->","yoast_head_json":{"title":"Pourquoi les jeux d'argent en ligne ont-ils \u00e9t\u00e9 l\u00e9galis\u00e9s en Ontario ?","robots":{"index":"index","follow":"follow","max-snippet":"max-snippet:-1","max-image-preview":"max-image-preview:large","max-video-preview":"max-video-preview:-1"},"canonical":"https:\/\/casinolion.ca\/fr\/why-was-online-gambling-legalized-in-ontario\/","og_locale":"fr_CA","og_type":"article","og_title":"Why Was Online Gambling Legalized in Ontario?","og_description":"Why Was Online Gambling Legalized in Ontario? We previously wrote about the legalization of online gambling in Ontario but let&#8217;s take a deeper dive into why and how this happened. Gambling has been an integral part of Canadian culture for centuries. Natives used to gamble with sticks and dice long before Jacques Cartier discovered the [&hellip;]","og_url":"https:\/\/casinolion.ca\/fr\/why-was-online-gambling-legalized-in-ontario\/","twitter_card":"summary_large_image","twitter_misc":{"Estimation du temps de lecture":"7 minutes"},"schema":{"@context":"https:\/\/schema.org","@graph":[{"@type":"WebPage","@id":"https:\/\/casinolion.ca\/why-was-online-gambling-legalized-in-ontario\/","url":"https:\/\/casinolion.ca\/why-was-online-gambling-legalized-in-ontario\/","name":"Pourquoi les jeux d'argent en ligne ont-ils \u00e9t\u00e9 l\u00e9galis\u00e9s en Ontario ?","isPartOf":{"@id":"https:\/\/casinolion.ca\/fr\/#website"},"datePublished":"2023-11-14T07:49:15+00:00","breadcrumb":{"@id":"https:\/\/casinolion.ca\/why-was-online-gambling-legalized-in-ontario\/#breadcrumb"},"inLanguage":"fr-CA","potentialAction":[{"@type":"ReadAction","target":["https:\/\/casinolion.ca\/why-was-online-gambling-legalized-in-ontario\/"]}]},{"@type":"BreadcrumbList","@id":"https:\/\/casinolion.ca\/why-was-online-gambling-legalized-in-ontario\/#breadcrumb","itemListElement":[{"@type":"ListItem","position":1,"name":"Home","item":"https:\/\/casinolion.ca\/"},{"@type":"ListItem","position":2,"name":"Why Was Online Gambling Legalized in Ontario?"}]},{"@type":"WebSite","@id":"https:\/\/casinolion.ca\/fr\/#website","url":"https:\/\/casinolion.ca\/fr\/","name":"","description":"","potentialAction":[{"@type":"SearchAction","target":{"@type":"EntryPoint","urlTemplate":"https:\/\/casinolion.ca\/fr\/?s={search_term_string}"},"query-input":{"@type":"PropertyValueSpecification","valueRequired":true,"valueName":"search_term_string"}}],"inLanguage":"fr-CA"}]}},"_links":{"self":[{"href":"https:\/\/casinolion.ca\/fr\/wp-json\/wp\/v2\/pages\/22332","targetHints":{"allow":["GET"]}}],"collection":[{"href":"https:\/\/casinolion.ca\/fr\/wp-json\/wp\/v2\/pages"}],"about":[{"href":"https:\/\/casinolion.ca\/fr\/wp-json\/wp\/v2\/types\/page"}],"author":[{"embeddable":true,"href":"https:\/\/casinolion.ca\/fr\/wp-json\/wp\/v2\/users\/1"}],"replies":[{"embeddable":true,"href":"https:\/\/casinolion.ca\/fr\/wp-json\/wp\/v2\/comments?post=22332"}],"version-history":[{"count":0,"href":"https:\/\/casinolion.ca\/fr\/wp-json\/wp\/v2\/pages\/22332\/revisions"}],"wp:attachment":[{"href":"https:\/\/casinolion.ca\/fr\/wp-json\/wp\/v2\/media?parent=22332"}],"curies":[{"name":"wp","href":"https:\/\/api.w.org\/{rel}","templated":true}]}}