
{"id":22799,"date":"2024-01-10T04:57:53","date_gmt":"2024-01-10T04:57:53","guid":{"rendered":"https:\/\/www.canadiancasinos.ca\/?page_id=22799"},"modified":"2024-01-10T05:08:11","modified_gmt":"2024-01-10T05:08:11","slug":"become-a-tester","status":"publish","type":"page","link":"https:\/\/casinolion.ca\/fr\/become-a-tester\/","title":{"rendered":"Devenir testeur"},"content":{"rendered":"<h2>Vous cherchez \u00e0 vous faire un peu d'argent suppl\u00e9mentaire ? Nous embauchons maintenant !<\/h2>\n<p>Notre objectif est de fournir une ressource de VRAIS contenus de jeux d'argent en ligne et pour ce faire, nous cherchons maintenant \u00e0 embaucher plus de testeurs pour jouer dans des casinos en ligne et fournir des commentaires sur leurs exp\u00e9riences.<\/p>\n<p>Pour pouvoir devenir testeur pour CasinoLion.ca, nous demandons aux candidats retenus d'enregistrer des s\u00e9quences vid\u00e9o de jeu dans un casino en ligne. Cela implique :<\/p>\n<ul>\n<li>D\u00e9p\u00f4t dans un casino en ligne d\u00e9sign\u00e9<\/li>\n<li>Test de diff\u00e9rents jeux<\/li>\n<li>Test des temps de r\u00e9ponse et de l'utilit\u00e9 de l'assistance \u00e0 la client\u00e8le<\/li>\n<li>Retrait du casino et test des d\u00e9lais de retrait<\/li>\n<\/ul>\n<p>Les fonds \u00e0 d\u00e9poser seront sponsoris\u00e9s par nous et les gains potentiels peuvent \u00eatre conserv\u00e9s par le testeur.<\/p>\n<p><strong>Note : Vous DEVEZ \u00eatre r\u00e9sident du Canada pour \u00eatre \u00e9ligible en tant que testeur.<\/strong><\/p>\n<p>Si vous \u00eates int\u00e9ress\u00e9(e) par le poste, laissez vos coordonn\u00e9es ci-dessous :<\/p>\n\n<div class=\"wpcf7 no-js\" id=\"wpcf7-f22801-o1\" lang=\"en-US\" dir=\"ltr\" data-wpcf7-id=\"22801\">\n<div class=\"screen-reader-response\"><p role=\"status\" aria-live=\"polite\" aria-atomic=\"true\"><\/p> <ul><\/ul><\/div>\n<form action=\"\/fr\/wp-json\/wp\/v2\/pages\/22799#wpcf7-f22801-o1\" method=\"post\" class=\"wpcf7-form init\" aria-label=\"Formulaire de contact\" novalidate=\"novalidate\" data-status=\"init\" data-trp-original-action=\"\/fr\/wp-json\/wp\/v2\/pages\/22799#wpcf7-f22801-o1\">\n<fieldset class=\"hidden-fields-container\"><input type=\"hidden\" name=\"_wpcf7\" value=\"22801\" \/><input type=\"hidden\" name=\"_wpcf7_version\" value=\"6.1.2\" \/><input type=\"hidden\" name=\"_wpcf7_locale\" value=\"en_US\" \/><input type=\"hidden\" name=\"_wpcf7_unit_tag\" value=\"wpcf7-f22801-o1\" \/><input type=\"hidden\" name=\"_wpcf7_container_post\" value=\"0\" \/><input type=\"hidden\" name=\"_wpcf7_posted_data_hash\" value=\"\" \/><input type=\"hidden\" name=\"_wpcf7_recaptcha_response\" value=\"\" \/>\n<\/fieldset>\n<p>Votre nom (obligatoire)\n<\/p>\n<p><span class=\"wpcf7-form-control-wrap\" data-name=\"your-name\"><input size=\"40\" maxlength=\"400\" class=\"wpcf7-form-control wpcf7-text wpcf7-validates-as-required\" aria-required=\"true\" aria-invalid=\"false\" value=\"\" type=\"text\" name=\"your-name\" \/><\/span>\n<\/p>\n<p>Votre adresse \u00e9lectronique (obligatoire)\n<\/p>\n<p><span class=\"wpcf7-form-control-wrap\" data-name=\"your-email\"><input size=\"40\" maxlength=\"400\" class=\"wpcf7-form-control wpcf7-email wpcf7-validates-as-required wpcf7-text wpcf7-validates-as-email\" aria-required=\"true\" aria-invalid=\"false\" value=\"\" type=\"email\" name=\"your-email\" \/><\/span>\n<\/p>\n<p>Sujet\n<\/p>\n<p><span class=\"wpcf7-form-control-wrap\" data-name=\"your-subject\"><input size=\"40\" maxlength=\"400\" class=\"wpcf7-form-control wpcf7-text\" aria-invalid=\"false\" value=\"\" type=\"text\" name=\"your-subject\" \/><\/span>\n<\/p>\n<p>Votre message\n<\/p>\n<p><span class=\"wpcf7-form-control-wrap\" data-name=\"your-message\"><textarea cols=\"40\" rows=\"10\" maxlength=\"2000\" class=\"wpcf7-form-control wpcf7-textarea\" aria-invalid=\"false\" name=\"your-message\"><\/textarea><\/span>\n<\/p>\n<p><input class=\"wpcf7-form-control wpcf7-submit has-spinner\" type=\"submit\" value=\"Envoyer\" \/>\n<\/p><div class=\"wpcf7-response-output\" aria-hidden=\"true\"><\/div>\n<input type=\"hidden\" name=\"trp-form-language\" value=\"fr\"\/><\/form>\n<\/div>\n\n<p>&nbsp;<\/p>","protected":false},"excerpt":{"rendered":"<p>Vous cherchez \u00e0 vous faire un peu d'argent suppl\u00e9mentaire ? Nous recrutons ! Notre objectif est de fournir une ressource de VRAI contenu de jeu en ligne et pour ce faire, nous cherchons maintenant \u00e0 embaucher plus de testeurs pour jouer dans des casinos en ligne et fournir des commentaires sur leurs exp\u00e9riences. Pour \u00eatre \u00e9ligible en tant que testeur pour CasinoLion.ca, [...]<\/p>","protected":false},"author":1,"featured_media":0,"parent":0,"menu_order":0,"comment_status":"closed","ping_status":"closed","template":"","meta":{"_acf_changed":false,"footnotes":""},"class_list":["post-22799","page","type-page","status-publish","hentry"],"acf":[],"yoast_head":"<!-- This site is optimized with the Yoast SEO plugin v26.1.1 - https:\/\/yoast.com\/wordpress\/plugins\/seo\/ -->\n<title>Become a Tester. We Are Now Hiring!<\/title>\n<meta name=\"robots\" content=\"index, follow, max-snippet:-1, max-image-preview:large, max-video-preview:-1\" \/>\n<link rel=\"canonical\" href=\"https:\/\/casinolion.ca\/fr\/become-a-tester\/\" \/>\n<meta property=\"og:locale\" content=\"fr_CA\" \/>\n<meta property=\"og:type\" content=\"article\" \/>\n<meta property=\"og:title\" content=\"Become a Tester. We Are Now Hiring!\" \/>\n<meta property=\"og:description\" content=\"Looking to Make Some Extra Cash? We Are Now Hiring! Our goal is provide a resource of REAL online gambling content and in order to do this, we are now looking to hire more testers to play at online casinos and provide feedback on their experiences. To be eligible to be a tester for CasinoLion.ca, [&hellip;]\" \/>\n<meta property=\"og:url\" content=\"https:\/\/casinolion.ca\/fr\/become-a-tester\/\" \/>\n<meta property=\"article:modified_time\" content=\"2024-01-10T05:08:11+00:00\" \/>\n<meta name=\"twitter:card\" content=\"summary_large_image\" \/>\n<meta name=\"twitter:label1\" content=\"Estimation du temps de lecture\" \/>\n\t<meta name=\"twitter:data1\" content=\"1 minute\" \/>\n<script type=\"application\/ld+json\" class=\"yoast-schema-graph\">{\"@context\":\"https:\/\/schema.org\",\"@graph\":[{\"@type\":\"WebPage\",\"@id\":\"https:\/\/casinolion.ca\/become-a-tester\/\",\"url\":\"https:\/\/casinolion.ca\/become-a-tester\/\",\"name\":\"Become a Tester. We Are Now Hiring!\",\"isPartOf\":{\"@id\":\"https:\/\/casinolion.ca\/fr\/#website\"},\"datePublished\":\"2024-01-10T04:57:53+00:00\",\"dateModified\":\"2024-01-10T05:08:11+00:00\",\"breadcrumb\":{\"@id\":\"https:\/\/casinolion.ca\/become-a-tester\/#breadcrumb\"},\"inLanguage\":\"fr-CA\",\"potentialAction\":[{\"@type\":\"ReadAction\",\"target\":[\"https:\/\/casinolion.ca\/become-a-tester\/\"]}]},{\"@type\":\"BreadcrumbList\",\"@id\":\"https:\/\/casinolion.ca\/become-a-tester\/#breadcrumb\",\"itemListElement\":[{\"@type\":\"ListItem\",\"position\":1,\"name\":\"Home\",\"item\":\"https:\/\/casinolion.ca\/\"},{\"@type\":\"ListItem\",\"position\":2,\"name\":\"Become a Tester\"}]},{\"@type\":\"WebSite\",\"@id\":\"https:\/\/casinolion.ca\/fr\/#website\",\"url\":\"https:\/\/casinolion.ca\/fr\/\",\"name\":\"\",\"description\":\"\",\"potentialAction\":[{\"@type\":\"SearchAction\",\"target\":{\"@type\":\"EntryPoint\",\"urlTemplate\":\"https:\/\/casinolion.ca\/fr\/?s={search_term_string}\"},\"query-input\":{\"@type\":\"PropertyValueSpecification\",\"valueRequired\":true,\"valueName\":\"search_term_string\"}}],\"inLanguage\":\"fr-CA\"}]}<\/script>\n<!-- \/ Yoast SEO plugin. -->","yoast_head_json":{"title":"Devenez testeur. Nous recrutons maintenant !","robots":{"index":"index","follow":"follow","max-snippet":"max-snippet:-1","max-image-preview":"max-image-preview:large","max-video-preview":"max-video-preview:-1"},"canonical":"https:\/\/casinolion.ca\/fr\/become-a-tester\/","og_locale":"fr_CA","og_type":"article","og_title":"Become a Tester. We Are Now Hiring!","og_description":"Looking to Make Some Extra Cash? We Are Now Hiring! Our goal is provide a resource of REAL online gambling content and in order to do this, we are now looking to hire more testers to play at online casinos and provide feedback on their experiences. To be eligible to be a tester for CasinoLion.ca, [&hellip;]","og_url":"https:\/\/casinolion.ca\/fr\/become-a-tester\/","article_modified_time":"2024-01-10T05:08:11+00:00","twitter_card":"summary_large_image","twitter_misc":{"Estimation du temps de lecture":"1 minute"},"schema":{"@context":"https:\/\/schema.org","@graph":[{"@type":"WebPage","@id":"https:\/\/casinolion.ca\/become-a-tester\/","url":"https:\/\/casinolion.ca\/become-a-tester\/","name":"Devenez testeur. Nous recrutons maintenant !","isPartOf":{"@id":"https:\/\/casinolion.ca\/fr\/#website"},"datePublished":"2024-01-10T04:57:53+00:00","dateModified":"2024-01-10T05:08:11+00:00","breadcrumb":{"@id":"https:\/\/casinolion.ca\/become-a-tester\/#breadcrumb"},"inLanguage":"fr-CA","potentialAction":[{"@type":"ReadAction","target":["https:\/\/casinolion.ca\/become-a-tester\/"]}]},{"@type":"BreadcrumbList","@id":"https:\/\/casinolion.ca\/become-a-tester\/#breadcrumb","itemListElement":[{"@type":"ListItem","position":1,"name":"Home","item":"https:\/\/casinolion.ca\/"},{"@type":"ListItem","position":2,"name":"Become a Tester"}]},{"@type":"WebSite","@id":"https:\/\/casinolion.ca\/fr\/#website","url":"https:\/\/casinolion.ca\/fr\/","name":"","description":"","potentialAction":[{"@type":"SearchAction","target":{"@type":"EntryPoint","urlTemplate":"https:\/\/casinolion.ca\/fr\/?s={search_term_string}"},"query-input":{"@type":"PropertyValueSpecification","valueRequired":true,"valueName":"search_term_string"}}],"inLanguage":"fr-CA"}]}},"_links":{"self":[{"href":"https:\/\/casinolion.ca\/fr\/wp-json\/wp\/v2\/pages\/22799","targetHints":{"allow":["GET"]}}],"collection":[{"href":"https:\/\/casinolion.ca\/fr\/wp-json\/wp\/v2\/pages"}],"about":[{"href":"https:\/\/casinolion.ca\/fr\/wp-json\/wp\/v2\/types\/page"}],"author":[{"embeddable":true,"href":"https:\/\/casinolion.ca\/fr\/wp-json\/wp\/v2\/users\/1"}],"replies":[{"embeddable":true,"href":"https:\/\/casinolion.ca\/fr\/wp-json\/wp\/v2\/comments?post=22799"}],"version-history":[{"count":0,"href":"https:\/\/casinolion.ca\/fr\/wp-json\/wp\/v2\/pages\/22799\/revisions"}],"wp:attachment":[{"href":"https:\/\/casinolion.ca\/fr\/wp-json\/wp\/v2\/media?parent=22799"}],"curies":[{"name":"wp","href":"https:\/\/api.w.org\/{rel}","templated":true}]}}