
{"id":22971,"date":"2024-03-09T09:38:38","date_gmt":"2024-03-09T09:38:38","guid":{"rendered":"https:\/\/www.canadiancasinos.ca\/?page_id=22971"},"modified":"2024-03-26T03:14:13","modified_gmt":"2024-03-26T03:14:13","slug":"online-gambling-video-guides","status":"publish","type":"page","link":"https:\/\/casinolion.ca\/fr\/online-gambling-video-guides\/","title":{"rendered":"Guides vid\u00e9o sur les jeux d'argent en ligne"},"content":{"rendered":"<section class=\"all-videos-showcase\"><div class=\"wrapper videos-showcase-row\"> <div class=\"video-showcase-item\" data-url-part=\"gK4oG5iq13g\" title=\"Jouer \u00e0 la vid\u00e9o &quot;CasiGo Casino - Est-ce que c&#039;est l\u00e9gal ?\">\n                            <img decoding=\"async\" src=\"https:\/\/i.ytimg.com\/vi\/gK4oG5iq13g\/hqdefault.jpg\" alt=\"CasiGo Casino - Est-ce que c&#039;est l\u00e9gal ? thumbnail\">\n                        <\/div><div class=\"video-showcase-item\" data-url-part=\"PFgKWakQ_Ew\" title=\"Jouer \u00e0 la vid\u00e9o &quot;PlayOJO Casino - Est-il l\u00e9gal ?\">\n                            <img decoding=\"async\" src=\"https:\/\/i.ytimg.com\/vi\/PFgKWakQ_Ew\/hqdefault.jpg\" alt=\"PlayOJO Casino - Est-ce que c&#039;est l\u00e9gal ? thumbnail\">\n                        <\/div><div class=\"video-showcase-item\" data-url-part=\"KetqT1Jnoy8\" title=\"Jouer la vid\u00e9o &quot;Alf Casino - \u00c9vitez de jouer ici !\">\n                            <img decoding=\"async\" src=\"https:\/\/i.ytimg.com\/vi\/KetqT1Jnoy8\/hqdefault.jpg\" alt=\"Alf Casino - \u00c9vitez de jouer ici ! thumbnail\">\n                        <\/div><div class=\"video-showcase-item\" data-url-part=\"tSHZPaAhK5Y\" title=\"Jouer \u00e0 la vid\u00e9o &quot;LeoVegas Casino - Est-ce que c&#039;est l\u00e9gal ?\">\n                            <img decoding=\"async\" src=\"https:\/\/i.ytimg.com\/vi\/tSHZPaAhK5Y\/hqdefault.jpg\" alt=\"LeoVegas Casino - Est-il l\u00e9gitime ? miniature\">\n                        <\/div><div class=\"video-showcase-item\" data-url-part=\"fJrWKBlKaa0\" title=\"Jouer \u00e0 la vid\u00e9o &quot;SIA Casino - Est-ce que c&#039;est l\u00e9gal ?\">\n                            <img decoding=\"async\" src=\"https:\/\/i.ytimg.com\/vi\/fJrWKBlKaa0\/hqdefault.jpg\" alt=\"SIA Casino - Est-il l\u00e9gal ? miniature\">\n                        <\/div><div class=\"video-showcase-item\" data-url-part=\"18hlErWoxcM\" title=\"Visionnez la vid\u00e9o &quot;Comment d\u00e9poser et retirer de l&#039;argent au King Billy Casino via Interac&quot;.\">\n                            <img decoding=\"async\" src=\"https:\/\/i.ytimg.com\/vi\/18hlErWoxcM\/hqdefault.jpg\" alt=\"Comment effectuer un d\u00e9p\u00f4t et un retrait au King Billy Casino via Interac ?\">\n                        <\/div><div class=\"video-showcase-item\" data-url-part=\"Yip8DuPct8c\" title=\"Jouer la vid\u00e9o &quot;D\u00e9poser\/Retirer au Casino 888 avec Interac&quot;.\">\n                            <img decoding=\"async\" src=\"https:\/\/i.ytimg.com\/vi\/Yip8DuPct8c\/hqdefault.jpg\" alt=\"D\u00e9p\u00f4t\/Retrait au Casino 888 avec Interac miniature\">\n                        <\/div><div class=\"video-showcase-item\" data-url-part=\"vr662kSzAfQ\" title=\"Jouer \u00e0 la vid\u00e9o &quot;C&#039;est si rapide ! D\u00e9p\u00f4t \u00e0 Wildz via Interac avec BMO&quot; vid\u00e9o\">\n                            <img decoding=\"async\" src=\"https:\/\/i.ytimg.com\/vi\/vr662kSzAfQ\/hqdefault.jpg\" alt=\"C&#039;est tr\u00e8s rapide ! D\u00e9p\u00f4t sur Wildz via Interac avec BMO thumbnail\">\n                        <\/div><div class=\"video-showcase-item\" data-url-part=\"vGrJqqGX2bM\" title=\"Jouer la vid\u00e9o &quot;D\u00e9poser\/retirer au Dreamz Casino avec Interac&quot;.\">\n                            <img decoding=\"async\" src=\"https:\/\/i.ytimg.com\/vi\/vGrJqqGX2bM\/hqdefault.jpg\" alt=\"D\u00e9p\u00f4t\/Retrait au Casino Dreamz avec Interac miniature\">\n                        <\/div><div class=\"video-showcase-item\" data-url-part=\"AakmioGWjl8\" title=\"Jouer la vid\u00e9o &quot;D\u00e9poser et retirer de l&#039;argent du casino SIA via Interac&quot;.\">\n                            <img decoding=\"async\" src=\"https:\/\/i.ytimg.com\/vi\/AakmioGWjl8\/hqdefault.jpg\" alt=\"D\u00e9p\u00f4t et retrait du casino SIA via Interac miniature\">\n                        <\/div><div class=\"video-showcase-item\" data-url-part=\"CYsC7C93Dgg\" title=\"Jouer la vid\u00e9o &quot;D\u00e9poser\/retirer \u00e0 PlayOJO avec Interac&quot; (en anglais)\">\n                            <img decoding=\"async\" src=\"https:\/\/i.ytimg.com\/vi\/CYsC7C93Dgg\/hqdefault.jpg\" alt=\"D\u00e9poser\/retirer \u00e0 PlayOJO avec Interac miniature\">\n                        <\/div><div class=\"video-showcase-item\" data-url-part=\"-XFZH9m3K2g\" title=\"Jouer \u00e0 la vid\u00e9o &quot;Real Gameplay Footage at Alf Casino&quot; (en anglais)\">\n                            <img decoding=\"async\" src=\"https:\/\/i.ytimg.com\/vi\/-XFZH9m3K2g\/hqdefault.jpg\" alt=\"Images de jeux r\u00e9els au Casino Alf thumbnail\">\n                        <\/div><div class=\"video-showcase-item\" data-url-part=\"kAiZacGBS9M\" title=\"Jouer la vid\u00e9o &quot;LeoVegas Review&quot; (en anglais)\">\n                            <img decoding=\"async\" src=\"https:\/\/i.ytimg.com\/vi\/kAiZacGBS9M\/hqdefault.jpg\" alt=\"LeoVegas Review thumbnail (en anglais)\">\n                        <\/div><div class=\"video-showcase-item\" data-url-part=\"VzhDtB-LQmQ\" title=\"Lire la vid\u00e9o &quot;D\u00e9poser dans un casino en ligne en utilisant des bitcoins\">\n                            <img decoding=\"async\" src=\"https:\/\/i.ytimg.com\/vi\/VzhDtB-LQmQ\/hqdefault.jpg\" alt=\"D\u00e9poser dans un casino en ligne en utilisant Bitcoin thumbnail\">\n                        <\/div><div class=\"video-showcase-item\" data-url-part=\"ZqJH7Mdz-Uo\" title=\"Jouer la vid\u00e9o &quot;Comment d\u00e9poser avec Neosurf dans les casinos en ligne&quot;.\">\n                            <img decoding=\"async\" src=\"https:\/\/i.ytimg.com\/vi\/ZqJH7Mdz-Uo\/hqdefault.jpg\" alt=\"Comment d\u00e9poser avec Neosurf dans les casinos en ligne thumbnail\">\n                        <\/div><div class=\"video-showcase-item\" data-url-part=\"vDUX3X4whYA\" title=\"Jouer \u00e0 la vid\u00e9o &quot;D\u00e9poser dans un casino en ligne en utilisant Ethereum&quot;.\">\n                            <img decoding=\"async\" src=\"https:\/\/i.ytimg.com\/vi\/vDUX3X4whYA\/hqdefault.jpg\" alt=\"D\u00e9poser dans un casino en ligne en utilisant Ethereum thumbnail\">\n                        <\/div><div class=\"video-showcase-item\" data-url-part=\"gF0i_AFHWHk\" title=\"Regarder la vid\u00e9o &quot;D\u00e9poser dans un casino en ligne avec AstroPay&quot;.\">\n                            <img decoding=\"async\" src=\"https:\/\/i.ytimg.com\/vi\/gF0i_AFHWHk\/hqdefault.jpg\" alt=\"D\u00e9poser dans un casino en ligne en utilisant AstroPay miniature\">\n                        <\/div><div class=\"video-showcase-item\" data-url-part=\"p3ToVu2zR2U\" title=\"Jouer la vid\u00e9o &quot;Utiliser Flexepin pour d\u00e9poser dans un casino en ligne&quot;.\">\n                            <img decoding=\"async\" src=\"https:\/\/i.ytimg.com\/vi\/p3ToVu2zR2U\/hqdefault.jpg\" alt=\"Utiliser Flexepin pour d\u00e9poser dans un casino en ligne thumbnail\">\n                        <\/div><div class=\"video-showcase-item\" data-url-part=\"PW-ZyQhnIVw\" title=\"Visionner la vid\u00e9o &quot;D\u00e9poser dans un casino en ligne avec Prepaid Vanilla&quot; (en anglais)\">\n                            <img decoding=\"async\" src=\"https:\/\/i.ytimg.com\/vi\/PW-ZyQhnIVw\/hqdefault.jpg\" alt=\"D\u00e9p\u00f4t dans un casino en ligne \u00e0 l&#039;aide de la vignette Vanille pr\u00e9pay\u00e9e\">\n                        <\/div><div class=\"video-showcase-item\" data-url-part=\"5ovqa-OUXZQ\" title=\"Jouer la vid\u00e9o &quot;D\u00e9poser dans un casino en ligne avec EcoPayz&quot;.\">\n                            <img decoding=\"async\" src=\"https:\/\/i.ytimg.com\/vi\/5ovqa-OUXZQ\/hqdefault.jpg\" alt=\"D\u00e9poser dans un casino en ligne en utilisant EcoPayz thumbnail\">\n                        <\/div><div class=\"video-showcase-item\" data-url-part=\"8j3KqjDUh1s\" title=\"Jouer la vid\u00e9o &quot;Utiliser Jeton dans les casinos en ligne (non recommand\u00e9)&quot;.\">\n                            <img decoding=\"async\" src=\"https:\/\/i.ytimg.com\/vi\/8j3KqjDUh1s\/hqdefault.jpg\" alt=\"Utilisation de Jeton dans les casinos en ligne (d\u00e9conseill\u00e9) thumbnail\">\n                        <\/div><div class=\"video-showcase-item\" data-url-part=\"Fe-dpv2Ms7s\" title=\"Jouer \u00e0 la vid\u00e9o &quot;D\u00e9poser avec la carte Paysafe dans les casinos en ligne&quot;.\">\n                            <img decoding=\"async\" src=\"https:\/\/i.ytimg.com\/vi\/Fe-dpv2Ms7s\/hqdefault.jpg\" alt=\"D\u00e9poser avec la carte Paysafe dans les casinos en ligne thumbnail\">\n                        <\/div><div class=\"video-showcase-item\" data-url-part=\"JxwQWg4dVlQ\" title=\"Jouer la vid\u00e9o &quot;D\u00e9poser avec MuchBetter dans les casinos en ligne&quot;.\">\n                            <img decoding=\"async\" src=\"https:\/\/i.ytimg.com\/vi\/JxwQWg4dVlQ\/hqdefault.jpg\" alt=\"D\u00e9poser avec MuchBetter dans les casinos en ligne thumbnail\">\n                        <\/div><div class=\"video-showcase-item\" data-url-part=\"TXlPwtJzhRg\" title=\"Jouer la vid\u00e9o &quot;D\u00e9poser avec InstaDebit dans les casinos en ligne&quot;.\">\n                            <img decoding=\"async\" src=\"https:\/\/i.ytimg.com\/vi\/TXlPwtJzhRg\/hqdefault.jpg\" alt=\"D\u00e9p\u00f4t avec InstaDebit dans les casinos en ligne thumbnail\">\n                        <\/div><div class=\"video-showcase-item\" data-url-part=\"BGIEI4gbLQM\" title=\"Regarder la vid\u00e9o &quot;Comment effectuer un d\u00e9p\u00f4t par iDebit dans les casinos en ligne (par ex. LeoVegas)&quot;.\">\n                            <img decoding=\"async\" src=\"https:\/\/i.ytimg.com\/vi\/BGIEI4gbLQM\/hqdefault.jpg\" alt=\"Comment effectuer un d\u00e9p\u00f4t avec iDebit dans les casinos en ligne (par ex. LeoVegas) miniature\">\n                        <\/div><div class=\"video-showcase-item\" data-url-part=\"goN9S4FgXqk\" title=\"Jouer la vid\u00e9o &quot;D\u00e9poser chez Bet365 avec TD Bank&quot;.\">\n                            <img decoding=\"async\" src=\"https:\/\/i.ytimg.com\/vi\/goN9S4FgXqk\/hqdefault.jpg\" alt=\"D\u00e9poser chez Bet365 avec TD Bank miniature\">\n                        <\/div><div class=\"video-showcase-item\" data-url-part=\"dLqzvLNeIio\" title=\"Jouer \u00e0 la vid\u00e9o &quot;D\u00e9poser dans un casino en ligne en utilisant le virement Interac&quot;.\">\n                            <img decoding=\"async\" src=\"https:\/\/i.ytimg.com\/vi\/dLqzvLNeIio\/hqdefault.jpg\" alt=\"D\u00e9p\u00f4t dans les casinos en ligne par virement Interac thumbnail\">\n                        <\/div><div class=\"video-showcase-item\" data-url-part=\"JE7ZhqELTus\" title=\"Jouer la vid\u00e9o &quot;Euro Palace Review&quot; (en anglais)\">\n                            <img decoding=\"async\" src=\"https:\/\/i.ytimg.com\/vi\/JE7ZhqELTus\/hqdefault.jpg\" alt=\"Euro Palace Review thumbnail\">\n                        <\/div><div class=\"video-showcase-item\" data-url-part=\"6Q3zwHYyTGo\" title=\"Jouer la vid\u00e9o &quot;Hippodrome Review&quot; (en anglais)\">\n                            <img decoding=\"async\" src=\"https:\/\/i.ytimg.com\/vi\/6Q3zwHYyTGo\/hqdefault.jpg\" alt=\"Miniature de la revue Hippodrome\">\n                        <\/div><div class=\"video-showcase-item\" data-url-part=\"yKeVsGjlSNU\" title=\"Jouer \u00e0 la vid\u00e9o &quot;Karamba Casino Review&quot; (en anglais)\">\n                            <img decoding=\"async\" src=\"https:\/\/i.ytimg.com\/vi\/yKeVsGjlSNU\/hqdefault.jpg\" alt=\"Revue du Casino Karamba (en anglais) thumbnail\">\n                        <\/div><div class=\"video-showcase-item\" data-url-part=\"W7PyiPccnZY\" title=\"Lire la vid\u00e9o &quot;Platinum Play Review&quot; (en anglais)\">\n                            <img decoding=\"async\" src=\"https:\/\/i.ytimg.com\/vi\/W7PyiPccnZY\/hqdefault.jpg\" alt=\"Platinum Play Review thumbnail (en anglais)\">\n                        <\/div><div class=\"video-showcase-item\" data-url-part=\"KQBrBNn_olo\" title=\"Lire la vid\u00e9o &quot;Rizk Review&quot; (en anglais)\">\n                            <img decoding=\"async\" src=\"https:\/\/i.ytimg.com\/vi\/KQBrBNn_olo\/hqdefault.jpg\" alt=\"Miniature de la revue Rizk\">\n                        <\/div><div class=\"video-showcase-item\" data-url-part=\"46z3DyGpDwA\" title=\"Jouer \u00e0 la vid\u00e9o &quot;William Hill Casino Review&quot; (en anglais)\">\n                            <img decoding=\"async\" src=\"https:\/\/i.ytimg.com\/vi\/46z3DyGpDwA\/hqdefault.jpg\" alt=\"William Hill Casino Review thumbnail (en anglais)\">\n                        <\/div><div class=\"video-showcase-item\" data-url-part=\"paorNbWRgNk\" title=\"Jouer \u00e0 la vid\u00e9o &quot;Yeti Casino Review&quot; (en anglais)\">\n                            <img decoding=\"async\" src=\"https:\/\/i.ytimg.com\/vi\/paorNbWRgNk\/hqdefault.jpg\" alt=\"Yeti Casino Review thumbnail\">\n                        <\/div><div class=\"video-showcase-item\" data-url-part=\"M4-6caR95o4\" title=\"Jouer \u00e0 la vid\u00e9o &quot;Betway Casino Review&quot; (en anglais)\">\n                            <img decoding=\"async\" src=\"https:\/\/i.ytimg.com\/vi\/M4-6caR95o4\/hqdefault.jpg\" alt=\"Betway Casino Review thumbnail\">\n                        <\/div><div class=\"video-showcase-item\" data-url-part=\"H9dbdD6xaZo\" title=\"Lire la vid\u00e9o &quot;BGO Review&quot; (en anglais)\">\n                            <img decoding=\"async\" src=\"https:\/\/i.ytimg.com\/vi\/H9dbdD6xaZo\/hqdefault.jpg\" alt=\"Miniature de la revue BGO\">\n                        <\/div><div class=\"video-showcase-item\" data-url-part=\"1UWdGWtVKbQ\" title=\"Jouer \u00e0 la vid\u00e9o &quot;Casino Cruise Review&quot; (en anglais)\">\n                            <img decoding=\"async\" src=\"https:\/\/i.ytimg.com\/vi\/1UWdGWtVKbQ\/hqdefault.jpg\" alt=\"Revue de la Croisi\u00e8re Casino thumbnail\">\n                        <\/div><div class=\"video-showcase-item\" data-url-part=\"XGwGgerLquw\" title=\"Jouer \u00e0 la vid\u00e9o &quot;Zodiac Casino Review&quot; (en anglais)\">\n                            <img decoding=\"async\" src=\"https:\/\/i.ytimg.com\/vi\/XGwGgerLquw\/hqdefault.jpg\" alt=\"Zodiac Casino Review thumbnail\">\n                        <\/div><div class=\"video-showcase-item\" data-url-part=\"e1fZcglmjX4\" title=\"Jouer \u00e0 la vid\u00e9o &quot;Sports Interaction Casino Review&quot; (en anglais)\">\n                            <img decoding=\"async\" src=\"https:\/\/i.ytimg.com\/vi\/e1fZcglmjX4\/hqdefault.jpg\" alt=\"Sports Interaction Casino Review thumbnail\">\n                        <\/div><div class=\"video-showcase-item\" data-url-part=\"yy8-V-RhQjE\" title=\"Jouer \u00e0 la vid\u00e9o &quot;Spinit Casino Review&quot; (en anglais)\">\n                            <img decoding=\"async\" src=\"https:\/\/i.ytimg.com\/vi\/yy8-V-RhQjE\/hqdefault.jpg\" alt=\"Spinit Casino Review thumbnail (en anglais)\">\n                        <\/div><div class=\"video-showcase-item\" data-url-part=\"rxZVUJalCOY\" title=\"Jouer la vid\u00e9o &quot;Royal Vegas Review&quot; (en anglais)\">\n                            <img decoding=\"async\" src=\"https:\/\/i.ytimg.com\/vi\/rxZVUJalCOY\/hqdefault.jpg\" alt=\"Royal Vegas Review - miniature\">\n                        <\/div><div class=\"video-showcase-item\" data-url-part=\"bELb-EiW8u0\" title=\"Lire la vid\u00e9o &quot;Mr Green Review&quot; (en anglais)\">\n                            <img decoding=\"async\" src=\"https:\/\/i.ytimg.com\/vi\/bELb-EiW8u0\/hqdefault.jpg\" alt=\"Miniature de l&#039;examen de M. Green\">\n                        <\/div><div class=\"video-showcase-item\" data-url-part=\"ocxF6sBt1y0\" title=\"Jouer la vid\u00e9o &quot;Lucky 247 Review\">\n                            <img decoding=\"async\" src=\"https:\/\/i.ytimg.com\/vi\/ocxF6sBt1y0\/hqdefault.jpg\" alt=\"Lucky 247 Review thumbnail (en anglais)\">\n                        <\/div><div class=\"video-showcase-item\" data-url-part=\"Mzb1smzbmiU\" title=\"Jouer la vid\u00e9o &quot;LeoVegas Review&quot; (en anglais)\">\n                            <img decoding=\"async\" src=\"https:\/\/i.ytimg.com\/vi\/Mzb1smzbmiU\/hqdefault.jpg\" alt=\"LeoVegas Review thumbnail (en anglais)\">\n                        <\/div><div class=\"video-showcase-item\" data-url-part=\"Mu6uK8hjktc\" title=\"Jouer \u00e0 la vid\u00e9o &quot;Casino Land Review&quot; (en anglais)\">\n                            <img decoding=\"async\" src=\"https:\/\/i.ytimg.com\/vi\/Mu6uK8hjktc\/hqdefault.jpg\" alt=\"Miniature de la revue Casino Land\">\n                        <\/div><div class=\"video-showcase-item\" data-url-part=\"dCW4Fcw_cX8\" title=\"Jouer la vid\u00e9o &quot;Casino.com Review&quot; (en anglais)\">\n                            <img decoding=\"async\" src=\"https:\/\/i.ytimg.com\/vi\/dCW4Fcw_cX8\/hqdefault.jpg\" alt=\"Miniature de la revue Casino.com\">\n                        <\/div><div class=\"video-showcase-item\" data-url-part=\"7YYpyfOIQAo\" title=\"Jouer \u00e0 la vid\u00e9o &quot;888 Casino Review\">\n                            <img decoding=\"async\" src=\"https:\/\/i.ytimg.com\/vi\/7YYpyfOIQAo\/hqdefault.jpg\" alt=\"888 Casino Review thumbnail\">\n                        <\/div><div class=\"video-showcase-item\" data-url-part=\"GZb3llmvNOk\" title=\"Jouer \u00e0 la vid\u00e9o &quot;Jackpot City Review\">\n                            <img decoding=\"async\" src=\"https:\/\/i.ytimg.com\/vi\/GZb3llmvNOk\/hqdefault.jpg\" alt=\"Jackpot City Review thumbnail (en anglais)\">\n                        <\/div><div class=\"video-showcase-item\" data-url-part=\"vFWHv9RAuao\" title=\"Jouer la vid\u00e9o &quot;Les bonus des casinos en ligne - ce qu&#039;il faut savoir&quot;.\">\n                            <img decoding=\"async\" src=\"https:\/\/i.ytimg.com\/vi\/vFWHv9RAuao\/hqdefault.jpg\" alt=\"Les bonus des casinos en ligne - ce qu&#039;il faut savoir thumbnail\">\n                        <\/div><div class=\"video-showcase-item\" data-url-part=\"1QX35_A1vAY\" title=\"Jouer \u00e0 la vid\u00e9o &quot;Les erreurs \u00e0 \u00e9viter au Blackjack - Top 5&quot;.\">\n                            <img decoding=\"async\" src=\"https:\/\/i.ytimg.com\/vi\/1QX35_A1vAY\/hqdefault.jpg\" alt=\"Les erreurs \u00e0 \u00e9viter au Blackjack - Top 5 miniature\">\n                        <\/div><div class=\"video-showcase-item\" data-url-part=\"icw1szSnolQ\" title=\"Jouer \u00e0 la vid\u00e9o &quot;Royal Vegas Casino Review&quot; (en anglais)\">\n                            <img decoding=\"async\" src=\"https:\/\/i.ytimg.com\/vi\/icw1szSnolQ\/hqdefault.jpg\" alt=\"Royal Vegas Casino Review thumbnail\">\n                        <\/div><div class=\"video-showcase-item\" data-url-part=\"fGrRRY65bRc\" title=\"Jouer \u00e0 la vid\u00e9o &quot;Betway Casino Review&quot; (en anglais)\">\n                            <img decoding=\"async\" src=\"https:\/\/i.ytimg.com\/vi\/fGrRRY65bRc\/hqdefault.jpg\" alt=\"Betway Casino Review thumbnail\">\n                        <\/div><div class=\"video-showcase-item\" data-url-part=\"Z7OgFqrzB6A\" title=\"Jouer \u00e0 la vid\u00e9o &quot;Best Casinos Canada&quot; (en anglais)\">\n                            <img decoding=\"async\" src=\"https:\/\/i.ytimg.com\/vi\/Z7OgFqrzB6A\/hqdefault.jpg\" alt=\"Les meilleurs casinos du Canada en miniature\">\n                        <\/div><\/div>\n                    <div id=\"video-showcase-modal\" class=\"video-showcase-modal\">\n                        <div class=\"video-showcase-iframe-holder\">\n                            <div class=\"video-showcase-iframe-holder_inner\">\n                                <button id=\"video-showcase-close\"><i class=\"fas fa-times\"><\/i><\/button>\n                                <iframe loading=\"lazy\" class=\"video-showcase-iframe\" src=\"\" width=\"960\" height=\"540\"><\/iframe>\n                            <\/div>\n                        <\/div>\n                    <\/div><\/section>","protected":false},"excerpt":{"rendered":"","protected":false},"author":1,"featured_media":0,"parent":0,"menu_order":0,"comment_status":"open","ping_status":"closed","template":"fullpage.php","meta":{"_acf_changed":false,"footnotes":""},"class_list":["post-22971","page","type-page","status-publish","hentry"],"acf":[],"yoast_head":"<!-- This site is optimized with the Yoast SEO plugin v26.1.1 - https:\/\/yoast.com\/wordpress\/plugins\/seo\/ -->\n<title>Online Gambling Video Guides<\/title>\n<meta name=\"robots\" content=\"index, follow, max-snippet:-1, max-image-preview:large, max-video-preview:-1\" \/>\n<link rel=\"canonical\" href=\"https:\/\/casinolion.ca\/fr\/online-gambling-video-guides\/\" \/>\n<meta property=\"og:locale\" content=\"fr_CA\" \/>\n<meta property=\"og:type\" content=\"article\" \/>\n<meta property=\"og:title\" content=\"Online Gambling Video Guides\" \/>\n<meta property=\"og:url\" content=\"https:\/\/casinolion.ca\/fr\/online-gambling-video-guides\/\" \/>\n<meta property=\"article:modified_time\" content=\"2024-03-26T03:14:13+00:00\" \/>\n<meta name=\"twitter:card\" content=\"summary_large_image\" \/>\n<meta name=\"twitter:label1\" content=\"Estimation du temps de lecture\" \/>\n\t<meta name=\"twitter:data1\" content=\"1 minute\" \/>\n<script type=\"application\/ld+json\" class=\"yoast-schema-graph\">{\"@context\":\"https:\/\/schema.org\",\"@graph\":[{\"@type\":\"WebPage\",\"@id\":\"https:\/\/casinolion.ca\/online-gambling-video-guides\/\",\"url\":\"https:\/\/casinolion.ca\/online-gambling-video-guides\/\",\"name\":\"Online Gambling Video Guides\",\"isPartOf\":{\"@id\":\"https:\/\/casinolion.ca\/fr\/#website\"},\"datePublished\":\"2024-03-09T09:38:38+00:00\",\"dateModified\":\"2024-03-26T03:14:13+00:00\",\"breadcrumb\":{\"@id\":\"https:\/\/casinolion.ca\/online-gambling-video-guides\/#breadcrumb\"},\"inLanguage\":\"fr-CA\",\"potentialAction\":[{\"@type\":\"ReadAction\",\"target\":[\"https:\/\/casinolion.ca\/online-gambling-video-guides\/\"]}]},{\"@type\":\"BreadcrumbList\",\"@id\":\"https:\/\/casinolion.ca\/online-gambling-video-guides\/#breadcrumb\",\"itemListElement\":[{\"@type\":\"ListItem\",\"position\":1,\"name\":\"Home\",\"item\":\"https:\/\/casinolion.ca\/\"},{\"@type\":\"ListItem\",\"position\":2,\"name\":\"Online Gambling Video Guides\"}]},{\"@type\":\"WebSite\",\"@id\":\"https:\/\/casinolion.ca\/fr\/#website\",\"url\":\"https:\/\/casinolion.ca\/fr\/\",\"name\":\"\",\"description\":\"\",\"potentialAction\":[{\"@type\":\"SearchAction\",\"target\":{\"@type\":\"EntryPoint\",\"urlTemplate\":\"https:\/\/casinolion.ca\/fr\/?s={search_term_string}\"},\"query-input\":{\"@type\":\"PropertyValueSpecification\",\"valueRequired\":true,\"valueName\":\"search_term_string\"}}],\"inLanguage\":\"fr-CA\"}]}<\/script>\n<!-- \/ Yoast SEO plugin. -->","yoast_head_json":{"title":"Guides vid\u00e9o sur les jeux d'argent en ligne","robots":{"index":"index","follow":"follow","max-snippet":"max-snippet:-1","max-image-preview":"max-image-preview:large","max-video-preview":"max-video-preview:-1"},"canonical":"https:\/\/casinolion.ca\/fr\/online-gambling-video-guides\/","og_locale":"fr_CA","og_type":"article","og_title":"Online Gambling Video Guides","og_url":"https:\/\/casinolion.ca\/fr\/online-gambling-video-guides\/","article_modified_time":"2024-03-26T03:14:13+00:00","twitter_card":"summary_large_image","twitter_misc":{"Estimation du temps de lecture":"1 minute"},"schema":{"@context":"https:\/\/schema.org","@graph":[{"@type":"WebPage","@id":"https:\/\/casinolion.ca\/online-gambling-video-guides\/","url":"https:\/\/casinolion.ca\/online-gambling-video-guides\/","name":"Guides vid\u00e9o sur les jeux d'argent en ligne","isPartOf":{"@id":"https:\/\/casinolion.ca\/fr\/#website"},"datePublished":"2024-03-09T09:38:38+00:00","dateModified":"2024-03-26T03:14:13+00:00","breadcrumb":{"@id":"https:\/\/casinolion.ca\/online-gambling-video-guides\/#breadcrumb"},"inLanguage":"fr-CA","potentialAction":[{"@type":"ReadAction","target":["https:\/\/casinolion.ca\/online-gambling-video-guides\/"]}]},{"@type":"BreadcrumbList","@id":"https:\/\/casinolion.ca\/online-gambling-video-guides\/#breadcrumb","itemListElement":[{"@type":"ListItem","position":1,"name":"Home","item":"https:\/\/casinolion.ca\/"},{"@type":"ListItem","position":2,"name":"Online Gambling Video Guides"}]},{"@type":"WebSite","@id":"https:\/\/casinolion.ca\/fr\/#website","url":"https:\/\/casinolion.ca\/fr\/","name":"","description":"","potentialAction":[{"@type":"SearchAction","target":{"@type":"EntryPoint","urlTemplate":"https:\/\/casinolion.ca\/fr\/?s={search_term_string}"},"query-input":{"@type":"PropertyValueSpecification","valueRequired":true,"valueName":"search_term_string"}}],"inLanguage":"fr-CA"}]}},"_links":{"self":[{"href":"https:\/\/casinolion.ca\/fr\/wp-json\/wp\/v2\/pages\/22971","targetHints":{"allow":["GET"]}}],"collection":[{"href":"https:\/\/casinolion.ca\/fr\/wp-json\/wp\/v2\/pages"}],"about":[{"href":"https:\/\/casinolion.ca\/fr\/wp-json\/wp\/v2\/types\/page"}],"author":[{"embeddable":true,"href":"https:\/\/casinolion.ca\/fr\/wp-json\/wp\/v2\/users\/1"}],"replies":[{"embeddable":true,"href":"https:\/\/casinolion.ca\/fr\/wp-json\/wp\/v2\/comments?post=22971"}],"version-history":[{"count":0,"href":"https:\/\/casinolion.ca\/fr\/wp-json\/wp\/v2\/pages\/22971\/revisions"}],"wp:attachment":[{"href":"https:\/\/casinolion.ca\/fr\/wp-json\/wp\/v2\/media?parent=22971"}],"curies":[{"name":"wp","href":"https:\/\/api.w.org\/{rel}","templated":true}]}}