
{"id":23404,"date":"2024-03-21T10:40:09","date_gmt":"2024-03-21T10:40:09","guid":{"rendered":"https:\/\/www.canadiancasinos.ca\/arizona-wildcats\/"},"modified":"2024-03-21T11:09:04","modified_gmt":"2024-03-21T11:09:04","slug":"arizona-wildcats-2","status":"publish","type":"page","link":"https:\/\/casinolion.ca\/fr\/betting-odds\/ncaab\/arizona-wildcats-2\/","title":{"rendered":"Les Wildcats de l'Arizona"},"content":{"rendered":"<h2>Meilleures cotes de paris sur les Arizona Wildcats<\/h2>\n<p>L'outil suivant indique le bookmaker qui propose les meilleures cotes (retours sur investissement les plus \u00e9lev\u00e9s) pour parier sur un match des Arizona Wildcats. Voir le programme ci-dessous :<\/p>\n<div class=\"team-odds-container-outer\"><div class=\"format-switch-holder\">\n                        <input type=\"checkbox\" class=\"switch-input\" id=\"format-switch\" value=\"1\" onchange='getAllOdds({\"post_id\":23404,\"post_title\":\"Arizona Wildcats\",\"upcoming\":\"true\",\"historical\":\"true\",\"type\":\"team\",\"switchAm\":\"1\"})'\/>\n                        <label for=\"format-switch\">Passer \u00e0 <span class=\"switch-format-name\">Am\u00e9ricain<\/span> format<\/label><\/div>\n                    <div class=\"team-odds-container overwidth-wrapper\"><div id=\"historical-holder\" class=\"container-odds historical\">\n                            <p><i class=\"far fa-calendar-day\"><\/i>MATCHES HISTORIQUES<\/p>\n                            <div class=\"container-odds-header\">\n                                <p class=\"odds-header-teams\">Les \u00e9quipes<\/p>\n                                <p class=\"odds-header-odds\">\n                                    <span>Ligne d'argent<\/span><span>Diffusion<\/span><span>Total Plus\/Moins<\/span>\n                                <\/p>\n                            <\/div>\n                            <div class=\"container-odds-events\">\n                                    <p>Sam Apr 4th 9:19pm (EDT)  <span>Basket-ball : NCAAB(basket-ball universitaire am\u00e9ricain)<\/span><\/p>\n                                    <div class=\"odds-event\">\n                                        <div class=\"odds-event-teams\">\n                                            <div class=\"event-team event-team-home\">\n                                            <a href=\"\/fr\/betting-odds\/ncaab\/arizona-wildcats-2\/\" class=\"overlay-link\" title=\"Page des Arizona Wildcats\"><\/a> \n                                                <div class=\"event-teams-logo-holder\">\n                                                    <img decoding=\"async\" src=\"https:\/\/casinolion.ca\/wp-content\/uploads\/2024\/03\/12pngscalecropcquality40locationoriginw80h80-40x40.png\"  height=\"40\" width=\"40\" alt=\"Les Wildcats de l&#039;Arizona\">\n                                                <\/div>\n                                                <p>\n                                                    <span class=\"event-team-place\">Accueil<\/span>\n                                                    <span>Les Wildcats de l'Arizona<\/span>\n                                                <\/p>\n                                            <\/div>\n                                            <div class=\"event-team event-team-away\">\n                                                <a href=\"\/fr\/betting-odds\/ncaab\/michigan-wolverines\/\" class=\"overlay-link\" title=\"Page des Michigan Wolverines\"><\/a> \n                                                <div class=\"event-teams-logo-holder\">\n                                                    <img decoding=\"async\" src=\"https:\/\/casinolion.ca\/wp-content\/uploads\/2024\/03\/130pngscalecropcquality40locationoriginw80h80-40x40.png\"  height=\"40\" width=\"40\" alt=\"Les Wolverines du Michigan\">\n                                                <\/div>\n                                                <p>\n                                                    <span class=\"event-team-place\">L'\u00e9loignement<\/span>\n                                                    <span>Les Wolverines du Michigan<\/span>\n                                                <\/p>\n                                            <\/div>\n                                        <\/div>\n                                        <div class=\"odds-event-scores\"><div class=\"event-score lost-badge\">73<\/div>\n                                                        <div class=\"event-score won-badge\">91<\/div><\/div>\n                                        <div class=\"odds-event-markets\">\n                                            <div class=\"bookmakers-line\">\n                                                <div class=\"bookmakers-line-item\"><div class=\"no-odds-div\"><\/div><\/div>\n                                                <div class=\"bookmakers-line-item\"><div class=\"no-odds-div\"><\/div><\/div>\n                                                <div class=\"bookmakers-line-item\"><div class=\"no-odds-div\"><\/div><\/div>\n                                            <\/div>\n                                            <div class=\"bookmakers-line\">\n                                                <div class=\"bookmakers-line-item\"><div class=\"no-odds-div\"><\/div><\/div>\n                                                <div class=\"bookmakers-line-item\"><div class=\"no-odds-div\"><\/div><\/div>\n                                                <div class=\"bookmakers-line-item\"><div class=\"no-odds-div\"><\/div><\/div>\n                                            <\/div>\n                                        <\/div>\n                                    <\/div>\n                            <\/div><div class=\"container-odds-events\">\n                                    <p>Sam Mar 28 20:59pm (EDT)  <span>Basket-ball : NCAAB(basket-ball universitaire am\u00e9ricain)<\/span><\/p>\n                                    <div class=\"odds-event\">\n                                        <div class=\"odds-event-teams\">\n                                            <div class=\"event-team event-team-home\">\n                                            <a href=\"\/fr\/betting-odds\/ncaab\/arizona-wildcats-2\/\" class=\"overlay-link\" title=\"Page des Arizona Wildcats\"><\/a> \n                                                <div class=\"event-teams-logo-holder\">\n                                                    <img decoding=\"async\" src=\"https:\/\/casinolion.ca\/wp-content\/uploads\/2024\/03\/12pngscalecropcquality40locationoriginw80h80-40x40.png\"  height=\"40\" width=\"40\" alt=\"Les Wildcats de l&#039;Arizona\">\n                                                <\/div>\n                                                <p>\n                                                    <span class=\"event-team-place\">Accueil<\/span>\n                                                    <span>Les Wildcats de l'Arizona<\/span>\n                                                <\/p>\n                                            <\/div>\n                                            <div class=\"event-team event-team-away\">\n                                                <a href=\"\/fr\/betting-odds\/ncaab\/purdue-boilermakers\/\" class=\"overlay-link\" title=\"Page des Boilermakers de Purdue\"><\/a> \n                                                <div class=\"event-teams-logo-holder\">\n                                                    <img decoding=\"async\" src=\"https:\/\/casinolion.ca\/wp-content\/uploads\/2024\/03\/2509pngscalecropcquality40locationoriginw80h80-40x40.png\"  height=\"40\" width=\"40\" alt=\"Les Boilermakers de Purdue\">\n                                                <\/div>\n                                                <p>\n                                                    <span class=\"event-team-place\">L'\u00e9loignement<\/span>\n                                                    <span>Les Boilermakers de Purdue<\/span>\n                                                <\/p>\n                                            <\/div>\n                                        <\/div>\n                                        <div class=\"odds-event-scores\"><div class=\"event-score won-badge\">79<\/div>\n                                                        <div class=\"event-score lost-badge\">64<\/div><\/div>\n                                        <div class=\"odds-event-markets\">\n                                            <div class=\"bookmakers-line\">\n                                                <div class=\"bookmakers-line-item\"><div class=\"no-odds-div\"><\/div><\/div>\n                                                <div class=\"bookmakers-line-item\"><div class=\"no-odds-div\"><\/div><\/div>\n                                                <div class=\"bookmakers-line-item\"><div class=\"no-odds-div\"><\/div><\/div>\n                                            <\/div>\n                                            <div class=\"bookmakers-line\">\n                                                <div class=\"bookmakers-line-item\"><div class=\"no-odds-div\"><\/div><\/div>\n                                                <div class=\"bookmakers-line-item\"><div class=\"no-odds-div\"><\/div><\/div>\n                                                <div class=\"bookmakers-line-item\"><div class=\"no-odds-div\"><\/div><\/div>\n                                            <\/div>\n                                        <\/div>\n                                    <\/div>\n                            <\/div><div class=\"container-odds-events\">\n                                    <p>Jeu Mar 26 10:06pm (EDT)  <span>Basket-ball : NCAAB(basket-ball universitaire am\u00e9ricain)<\/span><\/p>\n                                    <div class=\"odds-event\">\n                                        <div class=\"odds-event-teams\">\n                                            <div class=\"event-team event-team-home\">\n                                            <a href=\"\/fr\/betting-odds\/ncaab\/arizona-wildcats-2\/\" class=\"overlay-link\" title=\"Page des Arizona Wildcats\"><\/a> \n                                                <div class=\"event-teams-logo-holder\">\n                                                    <img decoding=\"async\" src=\"https:\/\/casinolion.ca\/wp-content\/uploads\/2024\/03\/12pngscalecropcquality40locationoriginw80h80-40x40.png\"  height=\"40\" width=\"40\" alt=\"Les Wildcats de l&#039;Arizona\">\n                                                <\/div>\n                                                <p>\n                                                    <span class=\"event-team-place\">Accueil<\/span>\n                                                    <span>Les Wildcats de l'Arizona<\/span>\n                                                <\/p>\n                                            <\/div>\n                                            <div class=\"event-team event-team-away\">\n                                                <a href=\"\/fr\/betting-odds\/ncaab\/arkansas-razorbacks\/\" class=\"overlay-link\" title=\"Page des Razorbacks de l&#039;Arkansas\"><\/a> \n                                                <div class=\"event-teams-logo-holder\">\n                                                    <img decoding=\"async\" src=\"https:\/\/casinolion.ca\/wp-content\/uploads\/2024\/03\/8pngscalecropcquality40locationoriginw80h80-40x40.png\"  height=\"40\" width=\"40\" alt=\"Razorbacks de l&#039;Arkansas\">\n                                                <\/div>\n                                                <p>\n                                                    <span class=\"event-team-place\">L'\u00e9loignement<\/span>\n                                                    <span>Razorbacks de l'Arkansas<\/span>\n                                                <\/p>\n                                            <\/div>\n                                        <\/div>\n                                        <div class=\"odds-event-scores\"><div class=\"event-score won-badge\">109<\/div>\n                                                        <div class=\"event-score lost-badge\">88<\/div><\/div>\n                                        <div class=\"odds-event-markets\">\n                                            <div class=\"bookmakers-line\">\n                                                <div class=\"bookmakers-line-item\"><div class=\"no-odds-div\"><\/div><\/div>\n                                                <div class=\"bookmakers-line-item\"><div class=\"no-odds-div\"><\/div><\/div>\n                                                <div class=\"bookmakers-line-item\"><div class=\"no-odds-div\"><\/div><\/div>\n                                            <\/div>\n                                            <div class=\"bookmakers-line\">\n                                                <div class=\"bookmakers-line-item\"><div class=\"no-odds-div\"><\/div><\/div>\n                                                <div class=\"bookmakers-line-item\"><div class=\"no-odds-div\"><\/div><\/div>\n                                                <div class=\"bookmakers-line-item\"><div class=\"no-odds-div\"><\/div><\/div>\n                                            <\/div>\n                                        <\/div>\n                                    <\/div>\n                            <\/div>\n                        <\/div><\/div>\n                <\/div>","protected":false},"excerpt":{"rendered":"<p>Meilleures cotes de paris pour Arizona Wildcats L'outil suivant montre le bookmaker avec les meilleures cotes de paris (les retours les plus \u00e9lev\u00e9s) pour placer un pari sur n'importe quel match de Arizona Wildcats \u00e0 venir. Voir le programme ci-dessous :<\/p>","protected":false},"author":1,"featured_media":23405,"parent":21676,"menu_order":0,"comment_status":"open","ping_status":"open","template":"","meta":{"_acf_changed":false,"footnotes":""},"class_list":["post-23404","page","type-page","status-publish","has-post-thumbnail","hentry"],"acf":[],"yoast_head":"<!-- This site is optimized with the Yoast SEO plugin v26.1.1 - https:\/\/yoast.com\/wordpress\/plugins\/seo\/ -->\n<title>Best Arizona Wildcats Basketball Betting Odds in 2026 \ud83c\udfc0<\/title>\n<meta name=\"robots\" content=\"index, follow, max-snippet:-1, max-image-preview:large, max-video-preview:-1\" \/>\n<link rel=\"canonical\" href=\"https:\/\/casinolion.ca\/fr\/betting-odds\/ncaab\/arizona-wildcats-2\/\" \/>\n<meta property=\"og:locale\" content=\"fr_CA\" \/>\n<meta property=\"og:type\" content=\"article\" \/>\n<meta property=\"og:title\" content=\"Best Arizona Wildcats Basketball Betting Odds in 2026 \ud83c\udfc0\" \/>\n<meta property=\"og:description\" content=\"Best Arizona Wildcats Betting Odds The following tool shows the bookmaker with the best betting odds (highest returns) when placing a bet on any upcoming Arizona Wildcats game. See schedule below:\" \/>\n<meta property=\"og:url\" content=\"https:\/\/casinolion.ca\/fr\/betting-odds\/ncaab\/arizona-wildcats-2\/\" \/>\n<meta property=\"article:modified_time\" content=\"2024-03-21T11:09:04+00:00\" \/>\n<meta property=\"og:image\" content=\"https:\/\/casinolion.ca\/wp-content\/uploads\/2024\/03\/12pngscalecropcquality40locationoriginw80h80.png\" \/>\n\t<meta property=\"og:image:width\" content=\"80\" \/>\n\t<meta property=\"og:image:height\" content=\"80\" \/>\n\t<meta property=\"og:image:type\" content=\"image\/png\" \/>\n<meta name=\"twitter:card\" content=\"summary_large_image\" \/>\n<meta name=\"twitter:label1\" content=\"Estimation du temps de lecture\" \/>\n\t<meta name=\"twitter:data1\" content=\"1 minute\" \/>\n<script type=\"application\/ld+json\" class=\"yoast-schema-graph\">{\"@context\":\"https:\/\/schema.org\",\"@graph\":[{\"@type\":\"WebPage\",\"@id\":\"https:\/\/casinolion.ca\/betting-odds\/ncaab\/arizona-wildcats-2\/\",\"url\":\"https:\/\/casinolion.ca\/betting-odds\/ncaab\/arizona-wildcats-2\/\",\"name\":\"Best Arizona Wildcats Basketball Betting Odds in 2026 \ud83c\udfc0\",\"isPartOf\":{\"@id\":\"https:\/\/casinolion.ca\/fr\/#website\"},\"primaryImageOfPage\":{\"@id\":\"https:\/\/casinolion.ca\/betting-odds\/ncaab\/arizona-wildcats-2\/#primaryimage\"},\"image\":{\"@id\":\"https:\/\/casinolion.ca\/betting-odds\/ncaab\/arizona-wildcats-2\/#primaryimage\"},\"thumbnailUrl\":\"https:\/\/casinolion.ca\/wp-content\/uploads\/2024\/03\/12pngscalecropcquality40locationoriginw80h80.png\",\"datePublished\":\"2024-03-21T10:40:09+00:00\",\"dateModified\":\"2024-03-21T11:09:04+00:00\",\"breadcrumb\":{\"@id\":\"https:\/\/casinolion.ca\/betting-odds\/ncaab\/arizona-wildcats-2\/#breadcrumb\"},\"inLanguage\":\"fr-CA\",\"potentialAction\":[{\"@type\":\"ReadAction\",\"target\":[\"https:\/\/casinolion.ca\/betting-odds\/ncaab\/arizona-wildcats-2\/\"]}]},{\"@type\":\"ImageObject\",\"inLanguage\":\"fr-CA\",\"@id\":\"https:\/\/casinolion.ca\/betting-odds\/ncaab\/arizona-wildcats-2\/#primaryimage\",\"url\":\"https:\/\/casinolion.ca\/wp-content\/uploads\/2024\/03\/12pngscalecropcquality40locationoriginw80h80.png\",\"contentUrl\":\"https:\/\/casinolion.ca\/wp-content\/uploads\/2024\/03\/12pngscalecropcquality40locationoriginw80h80.png\",\"width\":80,\"height\":80},{\"@type\":\"BreadcrumbList\",\"@id\":\"https:\/\/casinolion.ca\/betting-odds\/ncaab\/arizona-wildcats-2\/#breadcrumb\",\"itemListElement\":[{\"@type\":\"ListItem\",\"position\":1,\"name\":\"Home\",\"item\":\"https:\/\/casinolion.ca\/\"},{\"@type\":\"ListItem\",\"position\":2,\"name\":\"Sports Betting Odds Comparison\",\"item\":\"https:\/\/casinolion.ca\/betting-odds\/\"},{\"@type\":\"ListItem\",\"position\":3,\"name\":\"NCAA Basketball Betting Odds\",\"item\":\"https:\/\/casinolion.ca\/betting-odds\/ncaab\/\"},{\"@type\":\"ListItem\",\"position\":4,\"name\":\"Arizona Wildcats\"}]},{\"@type\":\"WebSite\",\"@id\":\"https:\/\/casinolion.ca\/fr\/#website\",\"url\":\"https:\/\/casinolion.ca\/fr\/\",\"name\":\"\",\"description\":\"\",\"potentialAction\":[{\"@type\":\"SearchAction\",\"target\":{\"@type\":\"EntryPoint\",\"urlTemplate\":\"https:\/\/casinolion.ca\/fr\/?s={search_term_string}\"},\"query-input\":{\"@type\":\"PropertyValueSpecification\",\"valueRequired\":true,\"valueName\":\"search_term_string\"}}],\"inLanguage\":\"fr-CA\"}]}<\/script>\n<!-- \/ Yoast SEO plugin. -->","yoast_head_json":{"title":"Meilleures cotes de paris sur les Arizona Wildcats en 2026 \ud83c\udfc0","robots":{"index":"index","follow":"follow","max-snippet":"max-snippet:-1","max-image-preview":"max-image-preview:large","max-video-preview":"max-video-preview:-1"},"canonical":"https:\/\/casinolion.ca\/fr\/betting-odds\/ncaab\/arizona-wildcats-2\/","og_locale":"fr_CA","og_type":"article","og_title":"Best Arizona Wildcats Basketball Betting Odds in 2026 \ud83c\udfc0","og_description":"Best Arizona Wildcats Betting Odds The following tool shows the bookmaker with the best betting odds (highest returns) when placing a bet on any upcoming Arizona Wildcats game. See schedule below:","og_url":"https:\/\/casinolion.ca\/fr\/betting-odds\/ncaab\/arizona-wildcats-2\/","article_modified_time":"2024-03-21T11:09:04+00:00","og_image":[{"width":80,"height":80,"url":"https:\/\/casinolion.ca\/wp-content\/uploads\/2024\/03\/12pngscalecropcquality40locationoriginw80h80.png","type":"image\/png"}],"twitter_card":"summary_large_image","twitter_misc":{"Estimation du temps de lecture":"1 minute"},"schema":{"@context":"https:\/\/schema.org","@graph":[{"@type":"WebPage","@id":"https:\/\/casinolion.ca\/betting-odds\/ncaab\/arizona-wildcats-2\/","url":"https:\/\/casinolion.ca\/betting-odds\/ncaab\/arizona-wildcats-2\/","name":"Meilleures cotes de paris sur les Arizona Wildcats en 2026 \ud83c\udfc0","isPartOf":{"@id":"https:\/\/casinolion.ca\/fr\/#website"},"primaryImageOfPage":{"@id":"https:\/\/casinolion.ca\/betting-odds\/ncaab\/arizona-wildcats-2\/#primaryimage"},"image":{"@id":"https:\/\/casinolion.ca\/betting-odds\/ncaab\/arizona-wildcats-2\/#primaryimage"},"thumbnailUrl":"https:\/\/casinolion.ca\/wp-content\/uploads\/2024\/03\/12pngscalecropcquality40locationoriginw80h80.png","datePublished":"2024-03-21T10:40:09+00:00","dateModified":"2024-03-21T11:09:04+00:00","breadcrumb":{"@id":"https:\/\/casinolion.ca\/betting-odds\/ncaab\/arizona-wildcats-2\/#breadcrumb"},"inLanguage":"fr-CA","potentialAction":[{"@type":"ReadAction","target":["https:\/\/casinolion.ca\/betting-odds\/ncaab\/arizona-wildcats-2\/"]}]},{"@type":"ImageObject","inLanguage":"fr-CA","@id":"https:\/\/casinolion.ca\/betting-odds\/ncaab\/arizona-wildcats-2\/#primaryimage","url":"https:\/\/casinolion.ca\/wp-content\/uploads\/2024\/03\/12pngscalecropcquality40locationoriginw80h80.png","contentUrl":"https:\/\/casinolion.ca\/wp-content\/uploads\/2024\/03\/12pngscalecropcquality40locationoriginw80h80.png","width":80,"height":80},{"@type":"BreadcrumbList","@id":"https:\/\/casinolion.ca\/betting-odds\/ncaab\/arizona-wildcats-2\/#breadcrumb","itemListElement":[{"@type":"ListItem","position":1,"name":"Home","item":"https:\/\/casinolion.ca\/"},{"@type":"ListItem","position":2,"name":"Sports Betting Odds Comparison","item":"https:\/\/casinolion.ca\/betting-odds\/"},{"@type":"ListItem","position":3,"name":"NCAA Basketball Betting Odds","item":"https:\/\/casinolion.ca\/betting-odds\/ncaab\/"},{"@type":"ListItem","position":4,"name":"Arizona Wildcats"}]},{"@type":"WebSite","@id":"https:\/\/casinolion.ca\/fr\/#website","url":"https:\/\/casinolion.ca\/fr\/","name":"","description":"","potentialAction":[{"@type":"SearchAction","target":{"@type":"EntryPoint","urlTemplate":"https:\/\/casinolion.ca\/fr\/?s={search_term_string}"},"query-input":{"@type":"PropertyValueSpecification","valueRequired":true,"valueName":"search_term_string"}}],"inLanguage":"fr-CA"}]}},"_links":{"self":[{"href":"https:\/\/casinolion.ca\/fr\/wp-json\/wp\/v2\/pages\/23404","targetHints":{"allow":["GET"]}}],"collection":[{"href":"https:\/\/casinolion.ca\/fr\/wp-json\/wp\/v2\/pages"}],"about":[{"href":"https:\/\/casinolion.ca\/fr\/wp-json\/wp\/v2\/types\/page"}],"author":[{"embeddable":true,"href":"https:\/\/casinolion.ca\/fr\/wp-json\/wp\/v2\/users\/1"}],"replies":[{"embeddable":true,"href":"https:\/\/casinolion.ca\/fr\/wp-json\/wp\/v2\/comments?post=23404"}],"version-history":[{"count":0,"href":"https:\/\/casinolion.ca\/fr\/wp-json\/wp\/v2\/pages\/23404\/revisions"}],"up":[{"embeddable":true,"href":"https:\/\/casinolion.ca\/fr\/wp-json\/wp\/v2\/pages\/21676"}],"wp:featuredmedia":[{"embeddable":true,"href":"https:\/\/casinolion.ca\/fr\/wp-json\/wp\/v2\/media\/23405"}],"wp:attachment":[{"href":"https:\/\/casinolion.ca\/fr\/wp-json\/wp\/v2\/media?parent=23404"}],"curies":[{"name":"wp","href":"https:\/\/api.w.org\/{rel}","templated":true}]}}